{"id":28022,"date":"2025-04-21T11:25:17","date_gmt":"2025-04-21T03:25:17","guid":{"rendered":"https:\/\/fizzyvape.eu\/?post_type=product&#038;p=28022"},"modified":"2025-10-31T17:59:43","modified_gmt":"2025-10-31T09:59:43","slug":"fizzy-twins-sabor-dual-50000-puffs-60pcs","status":"publish","type":"product","link":"https:\/\/fizzyvape.eu\/es\/producto\/fizzy-twins-sabor-dual-50000-puffs-60pcs\/","title":{"rendered":"Fizzy Twins Sabor Dual 50000 Puffs &#8211; 60pcs"},"content":{"rendered":"<div>\n<h2><strong>Fizzy Twins Sabor Dual 50000 Puffs Vape Desechable &#8211; Paquete de 60 unidades al por mayor<\/strong><\/h2>\n<p>Presentamos el innovador <strong>vaporizador desechable Fizzy Twins Dual Flavor 50.000 Puffs &#8211; Paquete de 60 unidades<\/strong>, la soluci\u00f3n definitiva para la venta al por mayor. Este innovador dispositivo revoluciona el vapeo combinando <strong>dos sabores de primera en una elegante unidad<\/strong>, con capacidad de cambio instant\u00e1neo. Cada dispositivo proporciona <strong>50.000 caladas ultrasuaves<\/strong> desde un <strong>sistema de doble dep\u00f3sito de 50 ml<\/strong> (25 ml por sabor), alimentado por dos bobinas de malla y una <strong>bater\u00eda recargable de 850 mAh<\/strong> con carga r\u00e1pida USB-C.<\/p>\n<h3>Caracter\u00edsticas principales:<\/h3>\n<p>\ud83d\udd25 <strong>Tecnolog\u00eda de doble sabor<\/strong>: cambia entre dos sabores distintos al instante<br \/>\n\u26a1 <strong>50.000 Puffs<\/strong> &#8211; Longevidad l\u00edder en el sector (5 veces los desechables est\u00e1ndar)<br \/>\n\ud83d\udca7 <strong>Sistema de doble dep\u00f3sito<\/strong>: las c\u00e1maras separadas conservan la pureza del sabor<br \/>\n\ud83d\udd0b <strong>Gesti\u00f3n inteligente de la energ\u00eda<\/strong> &#8211; Modo Eco y Modo Boost para una experiencia personalizada<br \/>\n\ud83d\udcca <strong>Pantalla OLED<\/strong> &#8211; Control en tiempo real de la bater\u00eda y el e-l\u00edquido<br \/>\n\u26a1 <strong>Carga r\u00e1pida USB-C<\/strong>: carga completa en s\u00f3lo 2 horas<br \/>\n\ud83d\udee1\ufe0f <strong>Construcci\u00f3n de primera calidad<\/strong> &#8211; Cuerpo de aleaci\u00f3n met\u00e1lica a prueba de fugas<\/p>\n<h3><strong>Por qu\u00e9 elegir Fizzy Twins Dual Flavor 50000 Puffs <\/strong><strong>Vapea<\/strong><strong>?<\/strong><\/h3>\n<p>\ud83d\udd25 <strong>Dos sabores en un dispositivo<\/strong>: disfruta de la variedad sin cambiar de vaporizador.<br \/>\n\ud83d\udd25 <strong>Capacidad masiva de e-l\u00edquido<\/strong>: 50ML para una satisfacci\u00f3n de vapeo duradera.<br \/>\n\ud83d\udd25 <strong>Experiencia de vapeo personalizable<\/strong> &#8211; Flujo de aire y modos de potencia ajustables para una calada perfecta.<br \/>\n\ud83d\udd25 <strong>A prueba de fugas y de primera calidad<\/strong> &#8211; Dise\u00f1ado para una sesi\u00f3n de vapeo suave y sin complicaciones.<\/p>\n<\/div>\n<div>\n<h3><strong>Opciones de nicotina:<\/strong><\/h3>\n<p>&#8211; <strong>2% (20mg\/mL<\/strong> ) &#8211; Ideal para una experiencia de vapeo suave y sabrosa<br \/>\n&#8211; <strong>5% (50mg\/mL<\/strong> ) &#8211; Dise\u00f1ado para un golpe de garganta m\u00e1s fuerte y satisfactorio<\/p>\n<h3>Especificaciones<\/h3>\n<table style=\"height: 449px;\" width=\"1340\">\n<tbody>\n<tr>\n<td>Puffs<\/td>\n<td><strong>50000+ Puffs<\/strong><\/td>\n<\/tr>\n<tr>\n<td>Capacidad del e-l\u00edquido<\/td>\n<td><strong>50 ml (25 ml por sabor)<\/strong><\/td>\n<\/tr>\n<tr>\n<td>Capacidad de la bater\u00eda<\/td>\n<td><strong>850 mAh<\/strong><\/td>\n<\/tr>\n<tr>\n<td>Tama\u00f1o<\/td>\n<td><strong>55,9*27,3*119,8 mm<\/strong><\/td>\n<\/tr>\n<tr>\n<td>Desechable o no<\/td>\n<td><strong>Desechable<\/strong><\/td>\n<\/tr>\n<tr>\n<td>Potencia ajustable<\/td>\n<td><strong>S\u00cd<\/strong><\/td>\n<\/tr>\n<tr>\n<td>M\u00e9todo de activaci\u00f3n<\/td>\n<td><strong>Sensor<\/strong><\/td>\n<\/tr>\n<tr>\n<td>Material<\/td>\n<td><strong>PCTG<\/strong><\/td>\n<\/tr>\n<tr>\n<td>Nivel de nicotina<\/td>\n<td><strong>2% (20mg\/mL) y 5% (50mg\/mL)<\/strong><\/td>\n<\/tr>\n<tr>\n<td>Sabores<\/td>\n<td><strong>12<\/strong><\/td>\n<\/tr>\n<tr>\n<td>Embalaje<\/td>\n<td><strong>1 paquete<\/strong><\/td>\n<\/tr>\n<tr>\n<td>Tiempo de carga<\/td>\n<td><strong>2 horas<\/strong><\/td>\n<\/tr>\n<tr>\n<td>Almacenamiento<\/td>\n<td><strong>Evita los entornos con altas temperaturas y gu\u00e1rdalo en un lugar fresco y seco.<\/strong><\/td>\n<\/tr>\n<tr>\n<td>Personas cuyo uso est\u00e1 prohibido<\/td>\n<td><strong>Menores, mujeres embarazadas y personas al\u00e9rgicas a los ingredientes del producto.<\/strong><\/td>\n<\/tr>\n<tr>\n<td>Precauci\u00f3n<\/td>\n<td><strong>No tragues esta sustancia. En caso de ingesti\u00f3n, enju\u00e1gate bien la boca inmediatamente. Si te encuentras mal, acude al m\u00e9dico. <\/strong><\/td>\n<\/tr>\n<\/tbody>\n<\/table>\n<h3>Lista de sabores de <strong>Fizzy Twins <\/strong>50000 Dual Flavor Puffs:<\/h3>\n<ol>\n<li><a href=\"https:\/\/fizzyvape.eu\/es\/producto\/fizzy-twins-sandia-helada-y-fresa-kiwi-50000-puffs-10pcs\/\">Sand\u00eda Helada y Fresa Kiwi<\/a><\/li>\n<li><a href=\"https:\/\/fizzyvape.eu\/es\/producto\/fizzy-twins-fresa-kiwi-granada-red-bull-50000-puffs-10pcs\/\">Fresa Kiwi Granada y Red Bull<\/a><\/li>\n<li><a href=\"https:\/\/fizzyvape.eu\/es\/producto\/fizzy-twins-hielo-de-arandano-coco-y-uva-50000-puffs-10pcs\/\">Hielo de ar\u00e1ndanos, coco y uva<\/a><\/li>\n<li><a href=\"https:\/\/fizzyvape.eu\/es\/producto\/fizzy-twins-blue-razz-limonada-y-triple-melon-50000-puffs-10pcs\/\">Limonada Blue Razz y Mel\u00f3n Triple<\/a><\/li>\n<li><a href=\"https:\/\/fizzyvape.eu\/es\/producto\/fizzy-twins-hielo-de-fresa-sandia-y-arandanos-50000-puffs-10pcs\/\">Hielo de fresa, sand\u00eda y ar\u00e1ndanos<\/a><\/li>\n<li><a href=\"https:\/\/fizzyvape.eu\/es\/producto\/fizzy-twins-melocoton-mango-sandia-y-fresa-platano-50000-puffs-10pcs\/\">Melocot\u00f3n Mango Sand\u00eda y Fresa Pl\u00e1tano<\/a><\/li>\n<li><a href=\"https:\/\/fizzyvape.eu\/es\/producto\/fizzy-twins-frambuesa-sandia-y-kiwi-fruta-de-la-pasion-guayaba-50000-puffs-10pcs\/\">Frambuesa Sand\u00eda y Kiwi Fruta de la Pasi\u00f3n Guayaba<\/a><\/li>\n<li><a href=\"https:\/\/fizzyvape.eu\/es\/producto\/fizzy-twins-pina-melocoton-fruta-de-la-pasion-y-arandano-frambuesa-50000-puffs-10pcs\/\">Pi\u00f1a Melocot\u00f3n Fruta de la Pasi\u00f3n y Ar\u00e1ndanos Frambuesa<\/a><\/li>\n<li><a href=\"https:\/\/fizzyvape.eu\/es\/producto\/fizzy-twins-sandia-helada-y-lima-limon-50000-puffs-10pcs\/\">Hielo de sand\u00eda y lima lim\u00f3n<\/a><\/li>\n<li><a href=\"https:\/\/fizzyvape.eu\/es\/producto\/fizzy-twins-hielo-mezcla-de-bayas-y-melocoton-50000-puffs-10pcs\/\">Hielo de frutas del bosque y melocot\u00f3n<\/a><\/li>\n<li><a href=\"https:\/\/fizzyvape.eu\/es\/producto\/fizzy-twins-fresa-helada-y-cereza-efervescente-50000-puffs-10pcs\/\">Fresa helada y cereza efervescente<\/a><\/li>\n<li><a href=\"https:\/\/fizzyvape.eu\/es\/producto\/fizzy-twins-limonada-de-frambuesa-y-fresa-helada-50000-puffs-10pcs\/\">Limonada de Frambuesa y Hielo de Fresa<\/a><\/li>\n<\/ol>\n<h3>Preguntas frecuentes sobre Fizzy Twins Dual Flavor 50000 Puffs Vape<\/h3>\n<ul>\n<li><strong>\u00bfPodemos mezclar combinaciones de sabores?<\/strong><br \/>\n\u00a1S\u00ed! Personaliza tu paquete con los maridajes que prefieras.<\/li>\n<li><strong>\u00bfCu\u00e1nto duran las 50.000 caladas?<\/strong><br \/>\nCon <strong>50 ml de e-l\u00edquido<\/strong>, la mayor\u00eda de los usuarios pueden disfrutar de <strong>3-4 semanas<\/strong> de vapeo. Los usuarios intensivos pueden necesitar un recambio al cabo de <strong>2-3 semanas<\/strong>.<\/li>\n<li><strong>\u00bfC\u00f3mo cambian de sabor los clientes?<\/strong><br \/>\nUna simple pulsaci\u00f3n de bot\u00f3n cambia instant\u00e1neamente entre el Sabor A y el Sabor B.<\/li>\n<li><strong>\u00bfCu\u00e1les son las diferencias entre los modos de potencia Est\u00e1ndar y Boost?<\/strong>\n<ul>\n<li><strong>El Modo Est\u00e1ndar<\/strong> proporciona un sabor y una salida de vapor equilibrados.<\/li>\n<li><strong>El modo Boost<\/strong> intensifica el sabor y produce nubes de vapor m\u00e1s densas.<\/li>\n<\/ul>\n<\/li>\n<\/ul>\n<\/div>\n","protected":false},"excerpt":{"rendered":"<p>\u00a1Consigue el <strong>vaporizador desechable Fizzy Twins Dual Flavor 50000 Puffs &#8211; Paquete al por mayor de 60 unidades<\/strong> a un precio al por mayor imbatible! Disfruta de <strong>dos sabores en un solo dispositivo<\/strong>, <strong>50.000 caladas ultrasuaves<\/strong> y un <strong>sistema de doble dep\u00f3sito de 50 ml<\/strong> con <strong>carga r\u00e1pida USB-C<\/strong>. Perfecto para minoristas que buscan <strong>vapeadores de alta demanda y larga duraci\u00f3n<\/strong> con <strong>una calidad de fabricaci\u00f3n de primera<\/strong>.<\/p>\n","protected":false},"featured_media":30168,"comment_status":"open","ping_status":"closed","template":"","meta":{"iawp_total_views":0},"product_brand":[],"product_cat":[675],"product_tag":[235],"class_list":{"0":"post-28022","1":"product","2":"type-product","3":"status-publish","4":"has-post-thumbnail","6":"product_cat-bulk-deals-2-es","7":"product_tag-50000puffs-es","9":"first","10":"outofstock","11":"sale","12":"shipping-taxable","13":"purchasable","14":"product-type-variable"},"yoast_head":"<!-- This site is optimized with the Yoast SEO Premium plugin v24.8 (Yoast SEO v24.8) - https:\/\/yoast.com\/wordpress\/plugins\/seo\/ -->\n<title>Fizzy Twins Sabor Dual 50000 Puffs - 60pcs - fizzyvape.eu<\/title>\n<meta name=\"description\" content=\"Vapeador Fizzy Twins 50000 Puffs de doble sabor con carga USB-C, ahora en 60pcs al por mayor-alta capacidad, rico sabor y vapeo personalizable.\" \/>\n<meta name=\"robots\" content=\"index, follow, max-snippet:-1, max-image-preview:large, max-video-preview:-1\" \/>\n<link rel=\"canonical\" href=\"https:\/\/fizzyvape.eu\/es\/producto\/fizzy-twins-sabor-dual-50000-puffs-60pcs\/\" \/>\n<meta property=\"og:locale\" content=\"es_ES\" \/>\n<meta property=\"og:type\" content=\"article\" \/>\n<meta property=\"og:title\" content=\"Fizzy Twins Sabor Dual 50000 Puffs - 60pcs\" \/>\n<meta property=\"og:description\" content=\"Vapeador Fizzy Twins 50000 Puffs de doble sabor con carga USB-C, ahora en 60pcs al por mayor-alta capacidad, rico sabor y vapeo personalizable.\" \/>\n<meta property=\"og:url\" content=\"https:\/\/fizzyvape.eu\/es\/producto\/fizzy-twins-sabor-dual-50000-puffs-60pcs\/\" \/>\n<meta property=\"og:site_name\" content=\"fizzyvape.eu\" \/>\n<meta property=\"article:modified_time\" content=\"2025-10-31T09:59:43+00:00\" \/>\n<meta property=\"og:image\" content=\"https:\/\/fizzyvape.eu\/wp-content\/uploads\/2025\/04\/Fizzy-Twins-50000Puffs-60pcs-1.webp\" \/>\n\t<meta property=\"og:image:width\" content=\"800\" \/>\n\t<meta property=\"og:image:height\" content=\"800\" \/>\n\t<meta property=\"og:image:type\" content=\"image\/webp\" \/>\n<meta name=\"twitter:card\" content=\"summary_large_image\" \/>\n<meta name=\"twitter:label1\" content=\"Disponibilidad\" \/>\n\t<meta name=\"twitter:data1\" content=\"Sin existencias\" \/>\n<script type=\"application\/ld+json\" class=\"yoast-schema-graph\">{\"@context\":\"https:\/\/schema.org\",\"@graph\":[{\"@type\":\"WebPage\",\"@id\":\"https:\/\/fizzyvape.eu\/es\/producto\/fizzy-twins-sabor-dual-50000-puffs-60pcs\/\",\"url\":\"https:\/\/fizzyvape.eu\/es\/producto\/fizzy-twins-sabor-dual-50000-puffs-60pcs\/\",\"name\":\"Fizzy Twins Sabor Dual 50000 Puffs - 60pcs - fizzyvape.eu\",\"isPartOf\":{\"@id\":\"https:\/\/www.fizzyvape.eu\/es\/#website\"},\"primaryImageOfPage\":{\"@id\":\"https:\/\/fizzyvape.eu\/es\/producto\/fizzy-twins-sabor-dual-50000-puffs-60pcs\/#primaryimage\"},\"image\":{\"@id\":\"https:\/\/fizzyvape.eu\/es\/producto\/fizzy-twins-sabor-dual-50000-puffs-60pcs\/#primaryimage\"},\"thumbnailUrl\":\"https:\/\/fizzyvape.eu\/wp-content\/uploads\/2025\/04\/Fizzy-Twins-50000-Puffs-Disposable-Vape-60pcs.webp\",\"datePublished\":\"2025-04-21T03:25:17+00:00\",\"dateModified\":\"2025-10-31T09:59:43+00:00\",\"description\":\"Vapeador Fizzy Twins 50000 Puffs de doble sabor con carga USB-C, ahora en 60pcs al por mayor-alta capacidad, rico sabor y vapeo personalizable.\",\"breadcrumb\":{\"@id\":\"https:\/\/fizzyvape.eu\/es\/producto\/fizzy-twins-sabor-dual-50000-puffs-60pcs\/#breadcrumb\"},\"inLanguage\":\"es\",\"potentialAction\":[{\"@type\":\"ReadAction\",\"target\":[\"https:\/\/fizzyvape.eu\/es\/producto\/fizzy-twins-sabor-dual-50000-puffs-60pcs\/\"]}]},{\"@type\":\"ImageObject\",\"inLanguage\":\"es\",\"@id\":\"https:\/\/fizzyvape.eu\/es\/producto\/fizzy-twins-sabor-dual-50000-puffs-60pcs\/#primaryimage\",\"url\":\"https:\/\/fizzyvape.eu\/wp-content\/uploads\/2025\/04\/Fizzy-Twins-50000-Puffs-Disposable-Vape-60pcs.webp\",\"contentUrl\":\"https:\/\/fizzyvape.eu\/wp-content\/uploads\/2025\/04\/Fizzy-Twins-50000-Puffs-Disposable-Vape-60pcs.webp\",\"width\":800,\"height\":800,\"caption\":\"Fizzy Twins 50000 Puffs Disposable Vape 60pcs\"},{\"@type\":\"BreadcrumbList\",\"@id\":\"https:\/\/fizzyvape.eu\/es\/producto\/fizzy-twins-sabor-dual-50000-puffs-60pcs\/#breadcrumb\",\"itemListElement\":[{\"@type\":\"ListItem\",\"position\":1,\"name\":\"Home\",\"item\":\"https:\/\/fizzyvape.eu\/es\/\"},{\"@type\":\"ListItem\",\"position\":2,\"name\":\"Tienda\",\"item\":\"https:\/\/www.fizzyvape.eu\/es\/tienda\/\"},{\"@type\":\"ListItem\",\"position\":3,\"name\":\"Fizzy Twins Sabor Dual 50000 Puffs &#8211; 60pcs\"}]},{\"@type\":\"WebSite\",\"@id\":\"https:\/\/www.fizzyvape.eu\/es\/#website\",\"url\":\"https:\/\/www.fizzyvape.eu\/es\/\",\"name\":\"fizzyvape.eu\",\"description\":\"Refreshing Vapes. Unforgettable Taste.\",\"publisher\":{\"@id\":\"https:\/\/www.fizzyvape.eu\/es\/#organization\"},\"potentialAction\":[{\"@type\":\"SearchAction\",\"target\":{\"@type\":\"EntryPoint\",\"urlTemplate\":\"https:\/\/www.fizzyvape.eu\/es\/?s={search_term_string}\"},\"query-input\":{\"@type\":\"PropertyValueSpecification\",\"valueRequired\":true,\"valueName\":\"search_term_string\"}}],\"inLanguage\":\"es\"},{\"@type\":\"Organization\",\"@id\":\"https:\/\/www.fizzyvape.eu\/es\/#organization\",\"name\":\"fizzyvape.eu\",\"url\":\"https:\/\/www.fizzyvape.eu\/es\/\",\"logo\":{\"@type\":\"ImageObject\",\"inLanguage\":\"es\",\"@id\":\"https:\/\/www.fizzyvape.eu\/es\/#\/schema\/logo\/image\/\",\"url\":\"https:\/\/fizzyvape.eu\/wp-content\/uploads\/2019\/06\/print-1.svg\",\"contentUrl\":\"https:\/\/fizzyvape.eu\/wp-content\/uploads\/2019\/06\/print-1.svg\",\"width\":124,\"height\":37,\"caption\":\"fizzyvape.eu\"},\"image\":{\"@id\":\"https:\/\/www.fizzyvape.eu\/es\/#\/schema\/logo\/image\/\"}}]}<\/script>\n<meta property=\"og:availability\" content=\"out of stock\" \/>\n<meta property=\"product:availability\" content=\"out of stock\" \/>\n<meta property=\"product:condition\" content=\"new\" \/>\n<!-- \/ Yoast SEO Premium plugin. -->","yoast_head_json":{"title":"Fizzy Twins Sabor Dual 50000 Puffs - 60pcs - fizzyvape.eu","description":"Vapeador Fizzy Twins 50000 Puffs de doble sabor con carga USB-C, ahora en 60pcs al por mayor-alta capacidad, rico sabor y vapeo personalizable.","robots":{"index":"index","follow":"follow","max-snippet":"max-snippet:-1","max-image-preview":"max-image-preview:large","max-video-preview":"max-video-preview:-1"},"canonical":"https:\/\/fizzyvape.eu\/es\/producto\/fizzy-twins-sabor-dual-50000-puffs-60pcs\/","og_locale":"es_ES","og_type":"article","og_title":"Fizzy Twins Sabor Dual 50000 Puffs - 60pcs","og_description":"Vapeador Fizzy Twins 50000 Puffs de doble sabor con carga USB-C, ahora en 60pcs al por mayor-alta capacidad, rico sabor y vapeo personalizable.","og_url":"https:\/\/fizzyvape.eu\/es\/producto\/fizzy-twins-sabor-dual-50000-puffs-60pcs\/","og_site_name":"fizzyvape.eu","article_modified_time":"2025-10-31T09:59:43+00:00","og_image":[{"width":800,"height":800,"url":"https:\/\/fizzyvape.eu\/wp-content\/uploads\/2025\/04\/Fizzy-Twins-50000Puffs-60pcs-1.webp","type":"image\/webp"}],"twitter_card":"summary_large_image","twitter_misc":{"Disponibilidad":"Sin existencias"},"schema":{"@context":"https:\/\/schema.org","@graph":[{"@type":"WebPage","@id":"https:\/\/fizzyvape.eu\/es\/producto\/fizzy-twins-sabor-dual-50000-puffs-60pcs\/","url":"https:\/\/fizzyvape.eu\/es\/producto\/fizzy-twins-sabor-dual-50000-puffs-60pcs\/","name":"Fizzy Twins Sabor Dual 50000 Puffs - 60pcs - fizzyvape.eu","isPartOf":{"@id":"https:\/\/www.fizzyvape.eu\/es\/#website"},"primaryImageOfPage":{"@id":"https:\/\/fizzyvape.eu\/es\/producto\/fizzy-twins-sabor-dual-50000-puffs-60pcs\/#primaryimage"},"image":{"@id":"https:\/\/fizzyvape.eu\/es\/producto\/fizzy-twins-sabor-dual-50000-puffs-60pcs\/#primaryimage"},"thumbnailUrl":"https:\/\/fizzyvape.eu\/wp-content\/uploads\/2025\/04\/Fizzy-Twins-50000-Puffs-Disposable-Vape-60pcs.webp","datePublished":"2025-04-21T03:25:17+00:00","dateModified":"2025-10-31T09:59:43+00:00","description":"Vapeador Fizzy Twins 50000 Puffs de doble sabor con carga USB-C, ahora en 60pcs al por mayor-alta capacidad, rico sabor y vapeo personalizable.","breadcrumb":{"@id":"https:\/\/fizzyvape.eu\/es\/producto\/fizzy-twins-sabor-dual-50000-puffs-60pcs\/#breadcrumb"},"inLanguage":"es","potentialAction":[{"@type":"ReadAction","target":["https:\/\/fizzyvape.eu\/es\/producto\/fizzy-twins-sabor-dual-50000-puffs-60pcs\/"]}]},{"@type":"ImageObject","inLanguage":"es","@id":"https:\/\/fizzyvape.eu\/es\/producto\/fizzy-twins-sabor-dual-50000-puffs-60pcs\/#primaryimage","url":"https:\/\/fizzyvape.eu\/wp-content\/uploads\/2025\/04\/Fizzy-Twins-50000-Puffs-Disposable-Vape-60pcs.webp","contentUrl":"https:\/\/fizzyvape.eu\/wp-content\/uploads\/2025\/04\/Fizzy-Twins-50000-Puffs-Disposable-Vape-60pcs.webp","width":800,"height":800,"caption":"Fizzy Twins 50000 Puffs Disposable Vape 60pcs"},{"@type":"BreadcrumbList","@id":"https:\/\/fizzyvape.eu\/es\/producto\/fizzy-twins-sabor-dual-50000-puffs-60pcs\/#breadcrumb","itemListElement":[{"@type":"ListItem","position":1,"name":"Home","item":"https:\/\/fizzyvape.eu\/es\/"},{"@type":"ListItem","position":2,"name":"Tienda","item":"https:\/\/www.fizzyvape.eu\/es\/tienda\/"},{"@type":"ListItem","position":3,"name":"Fizzy Twins Sabor Dual 50000 Puffs &#8211; 60pcs"}]},{"@type":"WebSite","@id":"https:\/\/www.fizzyvape.eu\/es\/#website","url":"https:\/\/www.fizzyvape.eu\/es\/","name":"fizzyvape.eu","description":"Refreshing Vapes. Unforgettable Taste.","publisher":{"@id":"https:\/\/www.fizzyvape.eu\/es\/#organization"},"potentialAction":[{"@type":"SearchAction","target":{"@type":"EntryPoint","urlTemplate":"https:\/\/www.fizzyvape.eu\/es\/?s={search_term_string}"},"query-input":{"@type":"PropertyValueSpecification","valueRequired":true,"valueName":"search_term_string"}}],"inLanguage":"es"},{"@type":"Organization","@id":"https:\/\/www.fizzyvape.eu\/es\/#organization","name":"fizzyvape.eu","url":"https:\/\/www.fizzyvape.eu\/es\/","logo":{"@type":"ImageObject","inLanguage":"es","@id":"https:\/\/www.fizzyvape.eu\/es\/#\/schema\/logo\/image\/","url":"https:\/\/fizzyvape.eu\/wp-content\/uploads\/2019\/06\/print-1.svg","contentUrl":"https:\/\/fizzyvape.eu\/wp-content\/uploads\/2019\/06\/print-1.svg","width":124,"height":37,"caption":"fizzyvape.eu"},"image":{"@id":"https:\/\/www.fizzyvape.eu\/es\/#\/schema\/logo\/image\/"}}]},"og_availability":"out of stock","product_availability":"out of stock","product_condition":"new"},"tiered_pricing_type":"fixed","tiered_pricing_fixed_rules":[],"tiered_pricing_product_settings":{"layout":"default","base_unit_name":{"singular":null,"plural":null},"default_variation":null},"tiered_pricing_minimum_quantity":null,"tiered_pricing_roles_data":[],"tiered_pricing_percentage_rules":[],"tiered_pricing_maximum_quantity":null,"tiered_pricing_quantity_step":null,"_links":{"self":[{"href":"https:\/\/fizzyvape.eu\/es\/wp-json\/wp\/v2\/product\/28022","targetHints":{"allow":["GET"]}}],"collection":[{"href":"https:\/\/fizzyvape.eu\/es\/wp-json\/wp\/v2\/product"}],"about":[{"href":"https:\/\/fizzyvape.eu\/es\/wp-json\/wp\/v2\/types\/product"}],"replies":[{"embeddable":true,"href":"https:\/\/fizzyvape.eu\/es\/wp-json\/wp\/v2\/comments?post=28022"}],"version-history":[{"count":0,"href":"https:\/\/fizzyvape.eu\/es\/wp-json\/wp\/v2\/product\/28022\/revisions"}],"wp:featuredmedia":[{"embeddable":true,"href":"https:\/\/fizzyvape.eu\/es\/wp-json\/wp\/v2\/media\/30168"}],"wp:attachment":[{"href":"https:\/\/fizzyvape.eu\/es\/wp-json\/wp\/v2\/media?parent=28022"}],"wp:term":[{"taxonomy":"product_brand","embeddable":true,"href":"https:\/\/fizzyvape.eu\/es\/wp-json\/wp\/v2\/product_brand?post=28022"},{"taxonomy":"product_cat","embeddable":true,"href":"https:\/\/fizzyvape.eu\/es\/wp-json\/wp\/v2\/product_cat?post=28022"},{"taxonomy":"product_tag","embeddable":true,"href":"https:\/\/fizzyvape.eu\/es\/wp-json\/wp\/v2\/product_tag?post=28022"}],"curies":[{"name":"wp","href":"https:\/\/api.w.org\/{rel}","templated":true}]}}