{"id":32908,"date":"2025-06-09T13:55:03","date_gmt":"2025-06-09T05:55:03","guid":{"rendered":"https:\/\/fizzyvape.eu\/product\/fizzy-max-iii-6en1-60k-60000-puffs-vape-desechable-recargable-120pcs\/"},"modified":"2025-06-09T13:55:03","modified_gmt":"2025-06-09T05:55:03","slug":"fizzy-max-iii-6en1-60k-60000-puffs-vape-desechable-recargable-120pcs","status":"publish","type":"product","link":"https:\/\/fizzyvape.eu\/es\/producto\/fizzy-max-iii-6en1-60k-60000-puffs-vape-desechable-recargable-120pcs\/","title":{"rendered":"Fizzy Max III 6en1 60K 60000 Puffs Vape Desechable Recargable &#8211; 120pcs"},"content":{"rendered":"<h1>Fizzy Max III 6en1 60K 60000 Puffs Recargable Vape Desechable al por mayor &#8211; 120pcs<\/h1>\n<h3>Un dispositivo. Seis sabores. 60.000 caladas de vapeo premium.  <\/h3>\n<p>Descubre la comodidad y variedad de vapeo del siguiente nivel con el <strong>Fizzy Max III 6en1<\/strong>, el vapeador desechable l\u00edder del sector que ofrece <strong>hasta 60.000 caladas<\/strong> con un \u00fanico dispositivo recargable. Dise\u00f1ado para los que anhelan flexibilidad, sabor y rendimiento, este dispositivo est\u00e1 equipado con una <strong>boquilla giratoria<\/strong> inteligente que permite a los usuarios cambiar entre <strong>seis experiencias de sabor \u00fanicas<\/strong> al instante y sin esfuerzo. <\/p>\n<p>Con <strong>tres c\u00e1psulas precargadas de 20 ml<\/strong> en su interior (60 ml en total), este vapeador todo en uno combina <strong>el m\u00e1ximo n\u00famero de caladas<\/strong>, <strong>una rica diversidad de sabores<\/strong> y <strong>tecnolog\u00eda punta<\/strong> en un dise\u00f1o elegante y f\u00e1cil de transportar.<\/p>\n<h4><strong>  Modos de sabor:<\/strong><\/h4>\n<ul>\n<li> <strong> Fresa Frambuesa (A)<\/strong> &#8211; Fusi\u00f3n de bayas dulces y \u00e1cidas repletas de sabor<\/li>\n<li> <strong> Mango Melocot\u00f3n (B)<\/strong> &#8211; Jugoso mango tropical combinado con la dulzura del melocot\u00f3n maduro<\/li>\n<li> <strong> Ar\u00e1ndano Sand\u00eda (C)<\/strong> &#8211; Fresco ar\u00e1ndano combinado con refrescante sand\u00eda<\/li>\n<\/ul>\n<h4><strong>  Modos de Sabor Mixto:<\/strong><\/h4>\n<ul>\n<li> <strong> Mix AB<\/strong> &#8211; Una deliciosa mezcla de frambuesa fresa y melocot\u00f3n mango<\/li>\n<li> <strong> Mix BC<\/strong> &#8211; Refrescante mezcla de mango melocot\u00f3n y ar\u00e1ndanos sand\u00eda<\/li>\n<li> <strong> Mix CA<\/strong> &#8211; Dulce y fresca fusi\u00f3n de ar\u00e1ndano sand\u00eda y fresa frambuesa<\/li>\n<\/ul>\n<p>Cambia de sabor sin esfuerzo levantando y girando la boquilla a trav\u00e9s de este ciclo de sabores:<br \/>\n<strong>  A \u2192 Mezcla AB \u2192 B \u2192 Mezcla BC \u2192 C \u2192 Mezcla CA<\/strong><\/p>\n<p>Pasa sin problemas por los seis sabores posibles con un simple giro de la boquilla. Disfruta de la m\u00e1xima comodidad del sistema 6 en 1. \u00bfTe pica la curiosidad? Mira nuestro <a href=\"https:\/\/www.youtube.com\/watch?v=CoxB_HvaU3k\">v\u00eddeo de<\/a> demostraci\u00f3n.   <\/p>\n<h3><strong>  Productos destacados<\/strong><\/h3>\n<ul>\n<li><strong>60.000 caladas por aparato<\/strong><br \/>\nConstruido con capacidad de larga duraci\u00f3n para reducir las sustituciones y ofrecer una satisfacci\u00f3n constante.<\/li>\n<li><strong>6 sabores en 1 aparato<\/strong><br \/>\n 3<strong>sabores \u00fanicos<\/strong> y <strong>3<\/strong> modos de <strong>sabores mezclados<\/strong> <\/li>\n<li><strong>Recargable y eficiente<\/strong><br \/>\nFunciona con una <strong>bater\u00eda de 850 mAh<\/strong> con <strong>carga r\u00e1pida Tipo-C<\/strong>, que ofrece un uso sostenido y c\u00f3modo sin derroches.<\/li>\n<li><strong>Pantalla LED<\/strong><br \/>\nControla la duraci\u00f3n de la bater\u00eda y el modo actual con una pantalla integrada clara: conoce el estado de tu dispositivo de un vistazo.<\/li>\n<li><strong>Sistema de bobina de malla avanzada<\/strong><br \/>\nExperimenta un vapor m\u00e1s suave y completo con cada calada, gracias al rendimiento de calentamiento mejorado.<\/li>\n<li><strong>Opciones de nicotina<\/strong><br \/>\nDisponible en <strong>concentraciones del 2% y del 5% de nicotina<\/strong>, para consumidores ligeros y empedernidos por igual.<\/li>\n<li><strong>Modos de vapeo vers\u00e1tiles<\/strong><\/li>\n<li><strong>MTL (boca a pulm\u00f3n):<\/strong> Tiro cl\u00e1sico y apretado para disfrutar de un solo sabor puro<\/li>\n<li><strong>DL (Pulm\u00f3n Directo):<\/strong> Golpes m\u00e1s a\u00e9reos y atrevidos para una excitaci\u00f3n de sabores mixtos<\/li>\n<li><strong>Venta al por mayor Ready<\/strong><br \/>\nSe ofrece <strong>a granel (120 uds.)<\/strong> para minoristas y revendedores que buscan un producto de alto rendimiento y alto margen, con gran atractivo para el consumidor y larga vida \u00fatil (2 a\u00f1os).<\/li>\n<\/ul>\n<h3><strong>Lista de Sabores de Vape Desechable Fizzy Max III 6en1 60000 Puffs:<\/strong><\/h3>\n<ol>\n<li><a href=\"https:\/\/fizzyvape.eu\/es\/producto\/fizzy-max-iii-6en1-60k-60000-puffs-vape-desechable-recargable-fresa-frambuesa-mango-melocoton-arandano-sandia-10pcs\/\">Fresa Frambuesa y Mango Melocot\u00f3n y Ar\u00e1ndanos Sand\u00eda<\/a><\/li>\n<li><a href=\"https:\/\/fizzyvape.eu\/es\/producto\/vapeador-desechable-recargable-fizzy-max-iii-6en1-60k-60000-puffs-mixed-berry-kiwi-passion-fruit-guava-strawberry-watermelon-10pcs\/\">Mezcla de bayas y kiwi Fruta de la pasi\u00f3n Guayaba y fresa Sand\u00eda<\/a><\/li>\n<li><a href=\"https:\/\/fizzyvape.eu\/es\/producto\/vapeador-desechable-recargable-fizzy-max-iii-6en1-60k-60000-puffs-arandano-frambuesa-triple-melon-fresa-helada-10pcs\/\">Ar\u00e1ndano Frambuesa y Triple Helado de Mel\u00f3n y Fresa<\/a><\/li>\n<li><a href=\"https:\/\/fizzyvape.eu\/es\/producto\/vapeador-desechable-recargable-fizzy-max-iii-6en1-60k-60000-puffs-fruta-del-dragon-fresa-red-bull-sandia-frambuesa-10pcs\/\">Fruta del Drag\u00f3n Fresa &amp; Red Bull &amp; Sand\u00eda Frambuesa<\/a><\/li>\n<li><a href=\"https:\/\/fizzyvape.eu\/es\/producto\/fizzy-max-iii-6en1-60k-60000-puffs-vape-desechable-recargable-fresa-kiwi-arandano-hielo-sandia-hielo-10pcs\/\">Hielo de fresa, kiwi, ar\u00e1ndanos y sand\u00eda<\/a><\/li>\n<li><a href=\"https:\/\/fizzyvape.eu\/es\/producto\/vapeador-desechable-recargable-fizzy-max-iii-6en1-60k-60000-puffs-blueberry-ice-fizzy-cherry-raspberry-lemon-10pcs\/\">Hielo de Ar\u00e1ndano y Cereza efervescente y Frambuesa Lim\u00f3n<\/a><\/li>\n<li><a href=\"https:\/\/fizzyvape.eu\/es\/producto\/fizzy-max-iii-6en1-60k-60000-puffs-vape-desechable-recargable-sandia-hielo-y-fresa-vainilla-coca-cola-y-mezcla-de-bayas-10pcs\/\">Sand\u00eda Helada y Fresa Vainilla Coca-Cola y Mixta<\/a><\/li>\n<li><a href=\"https:\/\/fizzyvape.eu\/es\/producto\/fizzy-max-iii-6en1-60k-60000-puffs-vape-desechable-recargable-fresa-uva-arandano-coco-melocoton-limon-10pcs\/\">Fresa Uva y Ar\u00e1ndano Coco y Melocot\u00f3n Lim\u00f3n<\/a><\/li>\n<li><a href=\"https:\/\/fizzyvape.eu\/es\/producto\/vapeador-desechable-recargable-fizzy-max-iii-6en1-60k-60000-puffs-hielo-razz-azul-kiwi-fresa-naranja-pina-agria-10pcs\/\">Blue Razz Hielo y Fresa Kiwi y Pi\u00f1a Agria Naranja<\/a><\/li>\n<li><a href=\"https:\/\/fizzyvape.eu\/es\/producto\/fizzy-max-iii-6en1-60k-60000-puffs-vape-desechable-recargable-sandia-fresa-lima-limon-coco-arandano-10pcs\/\">Fresa Sand\u00eda &amp; Lim\u00f3n Lima &amp; Ar\u00e1ndanos Coco<\/a><\/li>\n<\/ol>\n<h3><strong>  Modos de vapeo para todas las preferencias<\/strong><\/h3>\n<p><strong>Modo Sabor \u00danico (MTL):<\/strong><br \/>\nDisfruta de suaves caladas boca-pulm\u00f3n que imitan la cl\u00e1sica inhalaci\u00f3n de un cigarrillo, perfectas para saborear cada sabor distinto.<\/p>\n<p><strong>Modo de Mezcla de Sabor Dual (DL):<\/strong><br \/>\nExperimenta golpes audaces y directos al pulm\u00f3n con un flujo de aire mejorado, produciendo vapor abundante y mezclas de sabores vibrantes.<\/p>\n<h3><strong>\u00bfPor qu\u00e9 elegir Fizzy Max III 6en1?<\/strong><\/h3>\n<ul>\n<li>Cambio de sabor sin esfuerzo con una innovadora boquilla giratoria<\/li>\n<li>Rendimiento duradero con hasta 60.000 caladas por dispositivo<\/li>\n<li>Seis deliciosos sabores combinados en un vaporizador compacto y recargable<\/li>\n<li>Env\u00edo r\u00e1pido y fiable desde Europa sin retrasos aduaneros<\/li>\n<\/ul>\n<h3><strong>  FAQ &#8211; Fizzy Max III 6en1 60K Vape Desechable<\/strong><\/h3>\n<ul>\n<li><strong>\u00bfC\u00f3mo cambio de un sabor a otro?<\/strong><br \/>\nLevanta y gira la boquilla para pasar por seis modos de sabor: tres sabores individuales y tres mezclas.<\/li>\n<li><strong>\u00bfCu\u00e1ntas caladas puedo obtener de un dispositivo?<\/strong><br \/>\nCada dispositivo proporciona hasta 60.000 caladas gracias a su gran capacidad de e-l\u00edquido de 60 ml y a su eficiente bater\u00eda.<\/li>\n<li><strong>\u00bfEs recargable el aparato?<\/strong><br \/>\nS\u00ed, incorpora una bater\u00eda recargable de 850 mAh con carga r\u00e1pida Tipo-C.<\/li>\n<li><strong>\u00bfQu\u00e9 concentraciones de nicotina hay disponibles?<\/strong><br \/>\nPuedes elegir entre concentraciones de nicotina del 2% y del 5%.<\/li>\n<li><strong>\u00bfEl aparato tiene pantalla?<\/strong><br \/>\nS\u00ed, una pantalla LED muestra la duraci\u00f3n de la bater\u00eda y el modo de sabor actual.<\/li>\n<\/ul>\n","protected":false},"excerpt":{"rendered":"<p>Experimenta una variedad y comodidad de vapeo inigualables con un \u00fanico <strong>dispositivo recargable<\/strong> con <strong>seis modos de sabor<\/strong>, una gran capacidad de<strong> 60 ml de e-l\u00edquido<\/strong>, <strong>carga<\/strong> r\u00e1pida <strong>Tipo-C<\/strong> y pantalla LED. Perfecto para <strong>un uso duradero<\/strong> y <strong>al por mayor<\/strong>. <\/p>\n","protected":false},"featured_media":32520,"comment_status":"open","ping_status":"closed","template":"","meta":{"iawp_total_views":0},"product_brand":[],"product_cat":[675],"product_tag":[],"class_list":{"0":"post-32908","1":"product","2":"type-product","3":"status-publish","4":"has-post-thumbnail","6":"product_cat-bulk-deals-2-es","8":"first","9":"outofstock","10":"sale","11":"shipping-taxable","12":"purchasable","13":"product-type-variable"},"yoast_head":"<!-- This site is optimized with the Yoast SEO Premium plugin v24.8 (Yoast SEO v24.8) - https:\/\/yoast.com\/wordpress\/plugins\/seo\/ -->\n<title>Vape desechable al por mayor | Vape desechable recargable a granel<\/title>\n<meta name=\"description\" content=\"Vapes desechables recargables al por mayor con hasta 60000 caladas y m\u00faltiples sabores. Env\u00edo r\u00e1pido a la UE y genial para minoristas.\" \/>\n<meta name=\"robots\" content=\"index, follow, max-snippet:-1, max-image-preview:large, max-video-preview:-1\" \/>\n<link rel=\"canonical\" href=\"https:\/\/fizzyvape.eu\/es\/producto\/fizzy-max-iii-6en1-60k-60000-puffs-vape-desechable-recargable-120pcs\/\" \/>\n<meta property=\"og:locale\" content=\"es_ES\" \/>\n<meta property=\"og:type\" content=\"article\" \/>\n<meta property=\"og:title\" content=\"Fizzy Max III 6en1 60K 60000 Puffs Vape Desechable Recargable - 120pcs\" \/>\n<meta property=\"og:description\" content=\"Vapes desechables recargables al por mayor con hasta 60000 caladas y m\u00faltiples sabores. Env\u00edo r\u00e1pido a la UE y genial para minoristas.\" \/>\n<meta property=\"og:url\" content=\"https:\/\/fizzyvape.eu\/es\/producto\/fizzy-max-iii-6en1-60k-60000-puffs-vape-desechable-recargable-120pcs\/\" \/>\n<meta property=\"og:site_name\" content=\"fizzyvape.eu\" \/>\n<meta property=\"og:image\" content=\"https:\/\/fizzyvape.eu\/wp-content\/uploads\/2025\/06\/Fizzy-Max-60000-Puffs-120pcs.webp\" \/>\n\t<meta property=\"og:image:width\" content=\"800\" \/>\n\t<meta property=\"og:image:height\" content=\"800\" \/>\n\t<meta property=\"og:image:type\" content=\"image\/webp\" \/>\n<meta name=\"twitter:card\" content=\"summary_large_image\" \/>\n<meta name=\"twitter:label1\" content=\"Disponibilidad\" \/>\n\t<meta name=\"twitter:data1\" content=\"Sin existencias\" \/>\n<script type=\"application\/ld+json\" class=\"yoast-schema-graph\">{\"@context\":\"https:\/\/schema.org\",\"@graph\":[{\"@type\":\"WebPage\",\"@id\":\"https:\/\/fizzyvape.eu\/es\/producto\/fizzy-max-iii-6en1-60k-60000-puffs-vape-desechable-recargable-120pcs\/\",\"url\":\"https:\/\/fizzyvape.eu\/es\/producto\/fizzy-max-iii-6en1-60k-60000-puffs-vape-desechable-recargable-120pcs\/\",\"name\":\"Vape desechable al por mayor | Vape desechable recargable a granel\",\"isPartOf\":{\"@id\":\"https:\/\/www.fizzyvape.eu\/es\/#website\"},\"primaryImageOfPage\":{\"@id\":\"https:\/\/fizzyvape.eu\/es\/producto\/fizzy-max-iii-6en1-60k-60000-puffs-vape-desechable-recargable-120pcs\/#primaryimage\"},\"image\":{\"@id\":\"https:\/\/fizzyvape.eu\/es\/producto\/fizzy-max-iii-6en1-60k-60000-puffs-vape-desechable-recargable-120pcs\/#primaryimage\"},\"thumbnailUrl\":\"https:\/\/fizzyvape.eu\/wp-content\/uploads\/2025\/06\/Fizzy-Max-60000-Puffs-120pcs.webp\",\"datePublished\":\"2025-06-09T05:55:03+00:00\",\"description\":\"Vapes desechables recargables al por mayor con hasta 60000 caladas y m\u00faltiples sabores. Env\u00edo r\u00e1pido a la UE y genial para minoristas.\",\"breadcrumb\":{\"@id\":\"https:\/\/fizzyvape.eu\/es\/producto\/fizzy-max-iii-6en1-60k-60000-puffs-vape-desechable-recargable-120pcs\/#breadcrumb\"},\"inLanguage\":\"es\",\"potentialAction\":[{\"@type\":\"ReadAction\",\"target\":[\"https:\/\/fizzyvape.eu\/es\/producto\/fizzy-max-iii-6en1-60k-60000-puffs-vape-desechable-recargable-120pcs\/\"]}]},{\"@type\":\"ImageObject\",\"inLanguage\":\"es\",\"@id\":\"https:\/\/fizzyvape.eu\/es\/producto\/fizzy-max-iii-6en1-60k-60000-puffs-vape-desechable-recargable-120pcs\/#primaryimage\",\"url\":\"https:\/\/fizzyvape.eu\/wp-content\/uploads\/2025\/06\/Fizzy-Max-60000-Puffs-120pcs.webp\",\"contentUrl\":\"https:\/\/fizzyvape.eu\/wp-content\/uploads\/2025\/06\/Fizzy-Max-60000-Puffs-120pcs.webp\",\"width\":800,\"height\":800},{\"@type\":\"BreadcrumbList\",\"@id\":\"https:\/\/fizzyvape.eu\/es\/producto\/fizzy-max-iii-6en1-60k-60000-puffs-vape-desechable-recargable-120pcs\/#breadcrumb\",\"itemListElement\":[{\"@type\":\"ListItem\",\"position\":1,\"name\":\"Home\",\"item\":\"https:\/\/fizzyvape.eu\/es\/\"},{\"@type\":\"ListItem\",\"position\":2,\"name\":\"Tienda\",\"item\":\"https:\/\/www.fizzyvape.eu\/es\/tienda\/\"},{\"@type\":\"ListItem\",\"position\":3,\"name\":\"Fizzy Max III 6en1 60K 60000 Puffs Vape Desechable Recargable &#8211; 120pcs\"}]},{\"@type\":\"WebSite\",\"@id\":\"https:\/\/www.fizzyvape.eu\/es\/#website\",\"url\":\"https:\/\/www.fizzyvape.eu\/es\/\",\"name\":\"fizzyvape.eu\",\"description\":\"Refreshing Vapes. Unforgettable Taste.\",\"publisher\":{\"@id\":\"https:\/\/www.fizzyvape.eu\/es\/#organization\"},\"potentialAction\":[{\"@type\":\"SearchAction\",\"target\":{\"@type\":\"EntryPoint\",\"urlTemplate\":\"https:\/\/www.fizzyvape.eu\/es\/?s={search_term_string}\"},\"query-input\":{\"@type\":\"PropertyValueSpecification\",\"valueRequired\":true,\"valueName\":\"search_term_string\"}}],\"inLanguage\":\"es\"},{\"@type\":\"Organization\",\"@id\":\"https:\/\/www.fizzyvape.eu\/es\/#organization\",\"name\":\"fizzyvape.eu\",\"url\":\"https:\/\/www.fizzyvape.eu\/es\/\",\"logo\":{\"@type\":\"ImageObject\",\"inLanguage\":\"es\",\"@id\":\"https:\/\/www.fizzyvape.eu\/es\/#\/schema\/logo\/image\/\",\"url\":\"https:\/\/fizzyvape.eu\/wp-content\/uploads\/2019\/06\/print-1.svg\",\"contentUrl\":\"https:\/\/fizzyvape.eu\/wp-content\/uploads\/2019\/06\/print-1.svg\",\"width\":124,\"height\":37,\"caption\":\"fizzyvape.eu\"},\"image\":{\"@id\":\"https:\/\/www.fizzyvape.eu\/es\/#\/schema\/logo\/image\/\"}}]}<\/script>\n<meta property=\"og:availability\" content=\"out of stock\" \/>\n<meta property=\"product:availability\" content=\"out of stock\" \/>\n<meta property=\"product:condition\" content=\"new\" \/>\n<!-- \/ Yoast SEO Premium plugin. -->","yoast_head_json":{"title":"Vape desechable al por mayor | Vape desechable recargable a granel","description":"Vapes desechables recargables al por mayor con hasta 60000 caladas y m\u00faltiples sabores. Env\u00edo r\u00e1pido a la UE y genial para minoristas.","robots":{"index":"index","follow":"follow","max-snippet":"max-snippet:-1","max-image-preview":"max-image-preview:large","max-video-preview":"max-video-preview:-1"},"canonical":"https:\/\/fizzyvape.eu\/es\/producto\/fizzy-max-iii-6en1-60k-60000-puffs-vape-desechable-recargable-120pcs\/","og_locale":"es_ES","og_type":"article","og_title":"Fizzy Max III 6en1 60K 60000 Puffs Vape Desechable Recargable - 120pcs","og_description":"Vapes desechables recargables al por mayor con hasta 60000 caladas y m\u00faltiples sabores. Env\u00edo r\u00e1pido a la UE y genial para minoristas.","og_url":"https:\/\/fizzyvape.eu\/es\/producto\/fizzy-max-iii-6en1-60k-60000-puffs-vape-desechable-recargable-120pcs\/","og_site_name":"fizzyvape.eu","og_image":[{"width":800,"height":800,"url":"https:\/\/fizzyvape.eu\/wp-content\/uploads\/2025\/06\/Fizzy-Max-60000-Puffs-120pcs.webp","type":"image\/webp"}],"twitter_card":"summary_large_image","twitter_misc":{"Disponibilidad":"Sin existencias"},"schema":{"@context":"https:\/\/schema.org","@graph":[{"@type":"WebPage","@id":"https:\/\/fizzyvape.eu\/es\/producto\/fizzy-max-iii-6en1-60k-60000-puffs-vape-desechable-recargable-120pcs\/","url":"https:\/\/fizzyvape.eu\/es\/producto\/fizzy-max-iii-6en1-60k-60000-puffs-vape-desechable-recargable-120pcs\/","name":"Vape desechable al por mayor | Vape desechable recargable a granel","isPartOf":{"@id":"https:\/\/www.fizzyvape.eu\/es\/#website"},"primaryImageOfPage":{"@id":"https:\/\/fizzyvape.eu\/es\/producto\/fizzy-max-iii-6en1-60k-60000-puffs-vape-desechable-recargable-120pcs\/#primaryimage"},"image":{"@id":"https:\/\/fizzyvape.eu\/es\/producto\/fizzy-max-iii-6en1-60k-60000-puffs-vape-desechable-recargable-120pcs\/#primaryimage"},"thumbnailUrl":"https:\/\/fizzyvape.eu\/wp-content\/uploads\/2025\/06\/Fizzy-Max-60000-Puffs-120pcs.webp","datePublished":"2025-06-09T05:55:03+00:00","description":"Vapes desechables recargables al por mayor con hasta 60000 caladas y m\u00faltiples sabores. Env\u00edo r\u00e1pido a la UE y genial para minoristas.","breadcrumb":{"@id":"https:\/\/fizzyvape.eu\/es\/producto\/fizzy-max-iii-6en1-60k-60000-puffs-vape-desechable-recargable-120pcs\/#breadcrumb"},"inLanguage":"es","potentialAction":[{"@type":"ReadAction","target":["https:\/\/fizzyvape.eu\/es\/producto\/fizzy-max-iii-6en1-60k-60000-puffs-vape-desechable-recargable-120pcs\/"]}]},{"@type":"ImageObject","inLanguage":"es","@id":"https:\/\/fizzyvape.eu\/es\/producto\/fizzy-max-iii-6en1-60k-60000-puffs-vape-desechable-recargable-120pcs\/#primaryimage","url":"https:\/\/fizzyvape.eu\/wp-content\/uploads\/2025\/06\/Fizzy-Max-60000-Puffs-120pcs.webp","contentUrl":"https:\/\/fizzyvape.eu\/wp-content\/uploads\/2025\/06\/Fizzy-Max-60000-Puffs-120pcs.webp","width":800,"height":800},{"@type":"BreadcrumbList","@id":"https:\/\/fizzyvape.eu\/es\/producto\/fizzy-max-iii-6en1-60k-60000-puffs-vape-desechable-recargable-120pcs\/#breadcrumb","itemListElement":[{"@type":"ListItem","position":1,"name":"Home","item":"https:\/\/fizzyvape.eu\/es\/"},{"@type":"ListItem","position":2,"name":"Tienda","item":"https:\/\/www.fizzyvape.eu\/es\/tienda\/"},{"@type":"ListItem","position":3,"name":"Fizzy Max III 6en1 60K 60000 Puffs Vape Desechable Recargable &#8211; 120pcs"}]},{"@type":"WebSite","@id":"https:\/\/www.fizzyvape.eu\/es\/#website","url":"https:\/\/www.fizzyvape.eu\/es\/","name":"fizzyvape.eu","description":"Refreshing Vapes. Unforgettable Taste.","publisher":{"@id":"https:\/\/www.fizzyvape.eu\/es\/#organization"},"potentialAction":[{"@type":"SearchAction","target":{"@type":"EntryPoint","urlTemplate":"https:\/\/www.fizzyvape.eu\/es\/?s={search_term_string}"},"query-input":{"@type":"PropertyValueSpecification","valueRequired":true,"valueName":"search_term_string"}}],"inLanguage":"es"},{"@type":"Organization","@id":"https:\/\/www.fizzyvape.eu\/es\/#organization","name":"fizzyvape.eu","url":"https:\/\/www.fizzyvape.eu\/es\/","logo":{"@type":"ImageObject","inLanguage":"es","@id":"https:\/\/www.fizzyvape.eu\/es\/#\/schema\/logo\/image\/","url":"https:\/\/fizzyvape.eu\/wp-content\/uploads\/2019\/06\/print-1.svg","contentUrl":"https:\/\/fizzyvape.eu\/wp-content\/uploads\/2019\/06\/print-1.svg","width":124,"height":37,"caption":"fizzyvape.eu"},"image":{"@id":"https:\/\/www.fizzyvape.eu\/es\/#\/schema\/logo\/image\/"}}]},"og_availability":"out of stock","product_availability":"out of stock","product_condition":"new"},"tiered_pricing_type":"fixed","tiered_pricing_fixed_rules":[],"tiered_pricing_product_settings":{"layout":"default","base_unit_name":{"singular":null,"plural":null},"default_variation":null},"tiered_pricing_minimum_quantity":null,"tiered_pricing_roles_data":[],"tiered_pricing_percentage_rules":[],"tiered_pricing_maximum_quantity":null,"tiered_pricing_quantity_step":null,"_links":{"self":[{"href":"https:\/\/fizzyvape.eu\/es\/wp-json\/wp\/v2\/product\/32908","targetHints":{"allow":["GET"]}}],"collection":[{"href":"https:\/\/fizzyvape.eu\/es\/wp-json\/wp\/v2\/product"}],"about":[{"href":"https:\/\/fizzyvape.eu\/es\/wp-json\/wp\/v2\/types\/product"}],"replies":[{"embeddable":true,"href":"https:\/\/fizzyvape.eu\/es\/wp-json\/wp\/v2\/comments?post=32908"}],"version-history":[{"count":0,"href":"https:\/\/fizzyvape.eu\/es\/wp-json\/wp\/v2\/product\/32908\/revisions"}],"wp:featuredmedia":[{"embeddable":true,"href":"https:\/\/fizzyvape.eu\/es\/wp-json\/wp\/v2\/media\/32520"}],"wp:attachment":[{"href":"https:\/\/fizzyvape.eu\/es\/wp-json\/wp\/v2\/media?parent=32908"}],"wp:term":[{"taxonomy":"product_brand","embeddable":true,"href":"https:\/\/fizzyvape.eu\/es\/wp-json\/wp\/v2\/product_brand?post=32908"},{"taxonomy":"product_cat","embeddable":true,"href":"https:\/\/fizzyvape.eu\/es\/wp-json\/wp\/v2\/product_cat?post=32908"},{"taxonomy":"product_tag","embeddable":true,"href":"https:\/\/fizzyvape.eu\/es\/wp-json\/wp\/v2\/product_tag?post=32908"}],"curies":[{"name":"wp","href":"https:\/\/api.w.org\/{rel}","templated":true}]}}