{"id":32941,"date":"2025-06-11T10:33:11","date_gmt":"2025-06-11T02:33:11","guid":{"rendered":"https:\/\/fizzyvape.eu\/product\/fizzy-max-iii-6en1-60k-60000-puffs-vape-desechable-recargable-fresa-frambuesa-mango-melocoton-arandano-sandia-10pcs\/"},"modified":"2025-06-11T10:33:11","modified_gmt":"2025-06-11T02:33:11","slug":"fizzy-max-iii-6en1-60k-60000-puffs-vape-desechable-recargable-fresa-frambuesa-mango-melocoton-arandano-sandia-10pcs","status":"publish","type":"product","link":"https:\/\/fizzyvape.eu\/es\/producto\/fizzy-max-iii-6en1-60k-60000-puffs-vape-desechable-recargable-fresa-frambuesa-mango-melocoton-arandano-sandia-10pcs\/","title":{"rendered":"Fizzy Max III 6en1 60K 60000 Puffs Vape Desechable Recargable &#8211; Fresa Frambuesa &amp; Mango Melocot\u00f3n &amp; Ar\u00e1ndano Sand\u00eda &#8211; 10pcs"},"content":{"rendered":"<p><img decoding=\"async\" class=\"aligncenter\" src=\"https:\/\/fizzyvape.eu\/wp-content\/uploads\/2025\/06\/Fizzy-Max-III-6in1-60K-60000-Puffs-10-1.webp\" alt=\"Fizzy Max III 60000 Puffs 6en1 Vape Desechable (10)\"><\/p>\n<h1>Fizzy Max III 6en1 60K 60000 Puffs Vape Desechable Recargable &#8211; Fresa Frambuesa &amp; Mango Melocot\u00f3n &amp; Ar\u00e1ndano Sand\u00eda &#8211; 10pcs<\/h1>\n<p><strong>Libera 60.000 bocanadas de puro sabor en un dispositivo inteligente<\/strong><\/p>\n<p>Ad\u00e9ntrate en el futuro del vapeo con el Fizzy Max III 6en1, un revolucionario vapeador desechable que ofrece seis experiencias de sabor distintas en un \u00fanico dispositivo compacto y recargable. Con tres c\u00e1psulas precargadas de 20 ml y una boquilla giratoria inteligente, este vaporizador te permite cambiar sin esfuerzo entre sabores individuales y mezclas para una variedad inigualable. <\/p>\n<h4><strong>Experiencia de sabores &#8211; 6 sabores en 1<\/strong><\/h4>\n<ul>\n<li><strong>Fresa Frambuesa (A):<\/strong> Una fusi\u00f3n dulce y \u00e1cida de jugosas bayas<\/li>\n<li><strong>Mango Melocot\u00f3n (B):<\/strong> El exuberante mango tropical se une al melocot\u00f3n maduro y suave<\/li>\n<li><strong>Sand\u00eda con ar\u00e1ndanos (C):<\/strong> Frescas capas de ar\u00e1ndanos con refrescante sand\u00eda<\/li>\n<li><strong>Mix AB:<\/strong> Una vibrante mezcla de bayas y frutas tropicales<\/li>\n<li><strong>Mezcla BC:<\/strong> Refrescante mezcla de melocot\u00f3n y sand\u00eda<\/li>\n<li><strong>Mix CA:<\/strong> Una mezcla fresca y dulce de bayas y mel\u00f3n<\/li>\n<\/ul>\n<p>Cambiar de sabor es tan f\u00e1cil como girar la boquilla:<br \/>\n<strong>  A \u2192 Mezcla AB \u2192 B \u2192 Mezcla BC \u2192 C \u2192 Mezcla CA<\/strong><\/p>\n<p>Pasa sin problemas por los seis sabores posibles con un simple giro de la boquilla. Disfruta de la m\u00e1xima comodidad del sistema 6 en 1. \u00bfTe pica la curiosidad? Mira nuestro <a href=\"https:\/\/www.youtube.com\/watch?v=CoxB_HvaU3k\">v\u00eddeo de<\/a> demostraci\u00f3n.   <\/p>\n<h3><strong>  Productos destacados<\/strong><\/h3>\n<ul>\n<li><strong>Hasta 60.000 caladas:<\/strong> Longevidad excepcional con un solo dispositivo desechable<\/li>\n<li><strong>Sistema de sabores 6 en 1:<\/strong> Tres sabores \u00fanicos, tres mezclas \u00fanicas<\/li>\n<li><strong>Capacidad total de e-l\u00edquido:<\/strong> 60 ml (3 c\u00e1psulas de 20 ml)<\/li>\n<li><strong>Concentraciones de nicotina:<\/strong> Disponibles en 2% y 5%<strong>.<\/strong> <\/li>\n<li><strong>Bater\u00eda recargable de 850 mAh:<\/strong> Carga r\u00e1pida USB Tipo-C<\/li>\n<li><strong>Bobina de malla avanzada:<\/strong> Vapor suave y sabroso con nubes densas<\/li>\n<li><strong>Pantalla LED:<\/strong> Muestra claramente la duraci\u00f3n de la bater\u00eda y el modo de vapeo<\/li>\n<li><strong>Conservaci\u00f3n:<\/strong> Hasta 2 a\u00f1os para una frescura duradera<\/li>\n<\/ul>\n<h3><strong>Lista de Sabores de Vape Desechable Fizzy Max III 6en1 60000 Puffs:<\/strong><\/h3>\n<ol>\n<li><a href=\"https:\/\/fizzyvape.eu\/es\/producto\/fizzy-max-iii-6en1-60k-60000-puffs-vape-desechable-recargable-fresa-frambuesa-mango-melocoton-arandano-sandia-10pcs\/\">Fresa Frambuesa y Mango Melocot\u00f3n y Ar\u00e1ndanos Sand\u00eda<\/a><\/li>\n<li><a href=\"https:\/\/fizzyvape.eu\/es\/producto\/vapeador-desechable-recargable-fizzy-max-iii-6en1-60k-60000-puffs-mixed-berry-kiwi-passion-fruit-guava-strawberry-watermelon-10pcs\/\">Mezcla de bayas y kiwi Fruta de la pasi\u00f3n Guayaba y fresa Sand\u00eda<\/a><\/li>\n<li><a href=\"https:\/\/fizzyvape.eu\/es\/producto\/vapeador-desechable-recargable-fizzy-max-iii-6en1-60k-60000-puffs-arandano-frambuesa-triple-melon-fresa-helada-10pcs\/\">Ar\u00e1ndano Frambuesa y Triple Helado de Mel\u00f3n y Fresa<\/a><\/li>\n<li><a href=\"https:\/\/fizzyvape.eu\/es\/producto\/vapeador-desechable-recargable-fizzy-max-iii-6en1-60k-60000-puffs-fruta-del-dragon-fresa-red-bull-sandia-frambuesa-10pcs\/\">Fruta del Drag\u00f3n Fresa &amp; Red Bull &amp; Sand\u00eda Frambuesa<\/a><\/li>\n<li><a href=\"https:\/\/fizzyvape.eu\/es\/producto\/fizzy-max-iii-6en1-60k-60000-puffs-vape-desechable-recargable-fresa-kiwi-arandano-hielo-sandia-hielo-10pcs\/\">Hielo de fresa, kiwi, ar\u00e1ndanos y sand\u00eda<\/a><\/li>\n<li><a href=\"https:\/\/fizzyvape.eu\/es\/producto\/vapeador-desechable-recargable-fizzy-max-iii-6en1-60k-60000-puffs-blueberry-ice-fizzy-cherry-raspberry-lemon-10pcs\/\">Hielo de Ar\u00e1ndano y Cereza efervescente y Frambuesa Lim\u00f3n<\/a><\/li>\n<li><a href=\"https:\/\/fizzyvape.eu\/es\/producto\/fizzy-max-iii-6en1-60k-60000-puffs-vape-desechable-recargable-sandia-hielo-y-fresa-vainilla-coca-cola-y-mezcla-de-bayas-10pcs\/\">Sand\u00eda Helada y Fresa Vainilla Coca-Cola y Mixta<\/a><\/li>\n<li><a href=\"https:\/\/fizzyvape.eu\/es\/producto\/fizzy-max-iii-6en1-60k-60000-puffs-vape-desechable-recargable-fresa-uva-arandano-coco-melocoton-limon-10pcs\/\">Fresa Uva y Ar\u00e1ndano Coco y Melocot\u00f3n Lim\u00f3n<\/a><\/li>\n<li><a href=\"https:\/\/fizzyvape.eu\/es\/producto\/vapeador-desechable-recargable-fizzy-max-iii-6en1-60k-60000-puffs-hielo-razz-azul-kiwi-fresa-naranja-pina-agria-10pcs\/\">Blue Razz Hielo y Fresa Kiwi y Pi\u00f1a Agria Naranja<\/a><\/li>\n<li><a href=\"https:\/\/fizzyvape.eu\/es\/producto\/fizzy-max-iii-6en1-60k-60000-puffs-vape-desechable-recargable-sandia-fresa-lima-limon-coco-arandano-10pcs\/\">Fresa Sand\u00eda &amp; Lim\u00f3n Lima &amp; Ar\u00e1ndanos Coco<\/a><\/li>\n<\/ol>\n<h3><strong>  Modos de vapeo para todas las preferencias<\/strong><\/h3>\n<ul>\n<li>Utiliza <strong>el Modo Sabor \u00danico<\/strong> para obtener la cl\u00e1sica satisfacci\u00f3n MTL (boca a pulm\u00f3n) con caladas apretadas, como las de un cigarrillo.<\/li>\n<li>Cambia al <strong>Modo Mezcla<\/strong> para caladas directas al pulm\u00f3n, que proporcionan un sabor m\u00e1s intenso y un vapor m\u00e1s lleno.<\/li>\n<\/ul>\n<h3><strong>  \u00bfPor qu\u00e9 elegir Fizzy Max III 6en1?<\/strong><\/h3>\n<ul>\n<li>Seis perfiles de sabor en un \u00fanico dispositivo de bolsillo<\/li>\n<li>Cambio suave y limpio sin cambiar las c\u00e1psulas<\/li>\n<li>Potente rendimiento recargable<\/li>\n<li>Sabor de calidad superior con e-l\u00edquido de gran capacidad<\/li>\n<li>Entrega r\u00e1pida y fiable desde el almac\u00e9n de la UE<\/li>\n<\/ul>\n<h3><strong>  FAQ &#8211; Fizzy Max III 6en1 60K Vape Desechable<\/strong><\/h3>\n<p><strong>1. \u00bfCu\u00e1ntas caladas proporciona cada Fizzy Max III 6 en 1?<\/strong><br \/>\nCada dispositivo proporciona hasta <strong>60.000 caladas<\/strong>, gracias a su <strong>capacidad de 60 ml de e-l\u00edquido<\/strong> y a su <strong>bater\u00eda recargable de 850 mAh<\/strong>, lo que lo convierte en uno de los desechables m\u00e1s duraderos del mercado.<\/p>\n<p><strong>2. \u00bfC\u00f3mo cambio de sabor en el Fizzy Max III?<\/strong><br \/>\nBasta con <strong>levantar y girar la boquilla<\/strong> para cambiar entre <strong>seis modos de sabor<\/strong> (3 individuales + 3 mezclas) en un ciclo preestablecido. No necesitas c\u00e1psulas adicionales. <\/p>\n<p><strong>3. \u00bfQu\u00e9 sabores incluye este dispositivo?<\/strong><br \/>\nCada dispositivo incluye tres c\u00e1psulas precargadas de 20 ml (por ejemplo, <strong>Fresa Frambuesa, Mango Melocot\u00f3n y Sand\u00eda Ar\u00e1ndanos<\/strong>) y crea tres combinaciones de sabores mezclados para un total de seis perfiles \u00fanicos.<\/p>\n<p><strong>4. \u00bfEl vaporizador Fizzy Max III es recargable?<\/strong><br \/>\nS\u00ed. Viene con una <strong>bater\u00eda integrada de 850 mAh<\/strong> y admite <strong>carga r\u00e1pida Tipo-C<\/strong> para recargas r\u00e1pidas y uso prolongado. <\/p>\n","protected":false},"excerpt":{"rendered":"<p><strong>  Fizzy Max III 6en1 60000 Puffs &#8211; Un dispositivo, sabor infinito<\/strong><\/p>\n<p>Da hasta <strong> 60.000 caladas<\/strong> con este <strong> vapeador desechable recargable<\/strong> todo en uno. Equipado con <strong> 6 incre\u00edbles modos de sabor<\/strong>, una <strong> boquilla giratoria<\/strong> inteligente, <strong> pantalla LED<\/strong> y una enorme <strong> capacidad de 60 ml de e-l\u00edquido<\/strong>, est\u00e1 hecho para una satisfacci\u00f3n duradera. Elige tu dosis perfecta con <strong> una potencia de nicotina del 2% o del 5%<\/strong>. Sin recargas. Sin complicaciones. S\u00f3lo tienes que cambiar, dar una calada y disfrutar.     <\/p>\n","protected":false},"featured_media":32412,"comment_status":"open","ping_status":"closed","template":"","meta":{"iawp_total_views":15},"product_brand":[],"product_cat":[586],"product_tag":[617,614,616,615],"class_list":{"0":"post-32941","1":"product","2":"type-product","3":"status-publish","4":"has-post-thumbnail","6":"product_cat-max-iii-6in1-60k-60000-puffs-rechargeable-disposable-vape-es","7":"product_tag-6-sabores-en-1-aparato","8":"product_tag-60000-puffs-es","9":"product_tag-recargable","10":"product_tag-vape-desechable","12":"first","13":"outofstock","14":"sale","15":"shipping-taxable","16":"purchasable","17":"product-type-variable"},"yoast_head":"<!-- This site is optimized with the Yoast SEO Premium plugin v24.8 (Yoast SEO v24.8) - https:\/\/yoast.com\/wordpress\/plugins\/seo\/ -->\n<title>Fizzy Max 60000 Puffs - Vape recargable desechable 6 en 1<\/title>\n<meta name=\"description\" content=\"Experimenta Fizzy Max 60000 con 6 sabores, bater\u00eda recargable, pantalla LED y hasta 60.000 caladas para una satisfacci\u00f3n de vapeo duradera.\" \/>\n<meta name=\"robots\" content=\"index, follow, max-snippet:-1, max-image-preview:large, max-video-preview:-1\" \/>\n<link rel=\"canonical\" href=\"https:\/\/fizzyvape.eu\/es\/producto\/fizzy-max-iii-6en1-60k-60000-puffs-vape-desechable-recargable-fresa-frambuesa-mango-melocoton-arandano-sandia-10pcs\/\" \/>\n<meta property=\"og:locale\" content=\"es_ES\" \/>\n<meta property=\"og:type\" content=\"article\" \/>\n<meta property=\"og:title\" content=\"Fizzy Max III 6en1 60K 60000 Puffs Vape Desechable Recargable - Fresa Frambuesa &amp; Mango Melocot\u00f3n &amp; Ar\u00e1ndano Sand\u00eda - 10pcs\" \/>\n<meta property=\"og:description\" content=\"Experimenta Fizzy Max 60000 con 6 sabores, bater\u00eda recargable, pantalla LED y hasta 60.000 caladas para una satisfacci\u00f3n de vapeo duradera.\" \/>\n<meta property=\"og:url\" content=\"https:\/\/fizzyvape.eu\/es\/producto\/fizzy-max-iii-6en1-60k-60000-puffs-vape-desechable-recargable-fresa-frambuesa-mango-melocoton-arandano-sandia-10pcs\/\" \/>\n<meta property=\"og:site_name\" content=\"fizzyvape.eu\" \/>\n<meta property=\"og:image\" content=\"https:\/\/fizzyvape.eu\/wp-content\/uploads\/2025\/06\/Fizzy-Max-60000-Puffs-01.webp\" \/>\n\t<meta property=\"og:image:width\" content=\"800\" \/>\n\t<meta property=\"og:image:height\" content=\"800\" \/>\n\t<meta property=\"og:image:type\" content=\"image\/webp\" \/>\n<meta name=\"twitter:card\" content=\"summary_large_image\" \/>\n<meta name=\"twitter:label1\" content=\"Disponibilidad\" \/>\n\t<meta name=\"twitter:data1\" content=\"Sin existencias\" \/>\n<script type=\"application\/ld+json\" class=\"yoast-schema-graph\">{\"@context\":\"https:\/\/schema.org\",\"@graph\":[{\"@type\":\"WebPage\",\"@id\":\"https:\/\/fizzyvape.eu\/es\/producto\/fizzy-max-iii-6en1-60k-60000-puffs-vape-desechable-recargable-fresa-frambuesa-mango-melocoton-arandano-sandia-10pcs\/\",\"url\":\"https:\/\/fizzyvape.eu\/es\/producto\/fizzy-max-iii-6en1-60k-60000-puffs-vape-desechable-recargable-fresa-frambuesa-mango-melocoton-arandano-sandia-10pcs\/\",\"name\":\"Fizzy Max 60000 Puffs - Vape recargable desechable 6 en 1\",\"isPartOf\":{\"@id\":\"https:\/\/www.fizzyvape.eu\/es\/#website\"},\"primaryImageOfPage\":{\"@id\":\"https:\/\/fizzyvape.eu\/es\/producto\/fizzy-max-iii-6en1-60k-60000-puffs-vape-desechable-recargable-fresa-frambuesa-mango-melocoton-arandano-sandia-10pcs\/#primaryimage\"},\"image\":{\"@id\":\"https:\/\/fizzyvape.eu\/es\/producto\/fizzy-max-iii-6en1-60k-60000-puffs-vape-desechable-recargable-fresa-frambuesa-mango-melocoton-arandano-sandia-10pcs\/#primaryimage\"},\"thumbnailUrl\":\"https:\/\/fizzyvape.eu\/wp-content\/uploads\/2025\/06\/Fizzy-Max-60000-Puffs-01.webp\",\"datePublished\":\"2025-06-11T02:33:11+00:00\",\"description\":\"Experimenta Fizzy Max 60000 con 6 sabores, bater\u00eda recargable, pantalla LED y hasta 60.000 caladas para una satisfacci\u00f3n de vapeo duradera.\",\"breadcrumb\":{\"@id\":\"https:\/\/fizzyvape.eu\/es\/producto\/fizzy-max-iii-6en1-60k-60000-puffs-vape-desechable-recargable-fresa-frambuesa-mango-melocoton-arandano-sandia-10pcs\/#breadcrumb\"},\"inLanguage\":\"es\",\"potentialAction\":[{\"@type\":\"ReadAction\",\"target\":[\"https:\/\/fizzyvape.eu\/es\/producto\/fizzy-max-iii-6en1-60k-60000-puffs-vape-desechable-recargable-fresa-frambuesa-mango-melocoton-arandano-sandia-10pcs\/\"]}]},{\"@type\":\"ImageObject\",\"inLanguage\":\"es\",\"@id\":\"https:\/\/fizzyvape.eu\/es\/producto\/fizzy-max-iii-6en1-60k-60000-puffs-vape-desechable-recargable-fresa-frambuesa-mango-melocoton-arandano-sandia-10pcs\/#primaryimage\",\"url\":\"https:\/\/fizzyvape.eu\/wp-content\/uploads\/2025\/06\/Fizzy-Max-60000-Puffs-01.webp\",\"contentUrl\":\"https:\/\/fizzyvape.eu\/wp-content\/uploads\/2025\/06\/Fizzy-Max-60000-Puffs-01.webp\",\"width\":800,\"height\":800},{\"@type\":\"BreadcrumbList\",\"@id\":\"https:\/\/fizzyvape.eu\/es\/producto\/fizzy-max-iii-6en1-60k-60000-puffs-vape-desechable-recargable-fresa-frambuesa-mango-melocoton-arandano-sandia-10pcs\/#breadcrumb\",\"itemListElement\":[{\"@type\":\"ListItem\",\"position\":1,\"name\":\"Home\",\"item\":\"https:\/\/fizzyvape.eu\/es\/\"},{\"@type\":\"ListItem\",\"position\":2,\"name\":\"Tienda\",\"item\":\"https:\/\/www.fizzyvape.eu\/es\/tienda\/\"},{\"@type\":\"ListItem\",\"position\":3,\"name\":\"Fizzy Max III 6en1 60K 60000 Puffs Vape Desechable Recargable &#8211; Fresa Frambuesa &amp; Mango Melocot\u00f3n &amp; Ar\u00e1ndano Sand\u00eda &#8211; 10pcs\"}]},{\"@type\":\"WebSite\",\"@id\":\"https:\/\/www.fizzyvape.eu\/es\/#website\",\"url\":\"https:\/\/www.fizzyvape.eu\/es\/\",\"name\":\"fizzyvape.eu\",\"description\":\"Refreshing Vapes. Unforgettable Taste.\",\"publisher\":{\"@id\":\"https:\/\/www.fizzyvape.eu\/es\/#organization\"},\"potentialAction\":[{\"@type\":\"SearchAction\",\"target\":{\"@type\":\"EntryPoint\",\"urlTemplate\":\"https:\/\/www.fizzyvape.eu\/es\/?s={search_term_string}\"},\"query-input\":{\"@type\":\"PropertyValueSpecification\",\"valueRequired\":true,\"valueName\":\"search_term_string\"}}],\"inLanguage\":\"es\"},{\"@type\":\"Organization\",\"@id\":\"https:\/\/www.fizzyvape.eu\/es\/#organization\",\"name\":\"fizzyvape.eu\",\"url\":\"https:\/\/www.fizzyvape.eu\/es\/\",\"logo\":{\"@type\":\"ImageObject\",\"inLanguage\":\"es\",\"@id\":\"https:\/\/www.fizzyvape.eu\/es\/#\/schema\/logo\/image\/\",\"url\":\"https:\/\/fizzyvape.eu\/wp-content\/uploads\/2019\/06\/print-1.svg\",\"contentUrl\":\"https:\/\/fizzyvape.eu\/wp-content\/uploads\/2019\/06\/print-1.svg\",\"width\":124,\"height\":37,\"caption\":\"fizzyvape.eu\"},\"image\":{\"@id\":\"https:\/\/www.fizzyvape.eu\/es\/#\/schema\/logo\/image\/\"}}]}<\/script>\n<meta property=\"og:availability\" content=\"out of stock\" \/>\n<meta property=\"product:availability\" content=\"out of stock\" \/>\n<meta property=\"product:condition\" content=\"new\" \/>\n<!-- \/ Yoast SEO Premium plugin. -->","yoast_head_json":{"title":"Fizzy Max 60000 Puffs - Vape recargable desechable 6 en 1","description":"Experimenta Fizzy Max 60000 con 6 sabores, bater\u00eda recargable, pantalla LED y hasta 60.000 caladas para una satisfacci\u00f3n de vapeo duradera.","robots":{"index":"index","follow":"follow","max-snippet":"max-snippet:-1","max-image-preview":"max-image-preview:large","max-video-preview":"max-video-preview:-1"},"canonical":"https:\/\/fizzyvape.eu\/es\/producto\/fizzy-max-iii-6en1-60k-60000-puffs-vape-desechable-recargable-fresa-frambuesa-mango-melocoton-arandano-sandia-10pcs\/","og_locale":"es_ES","og_type":"article","og_title":"Fizzy Max III 6en1 60K 60000 Puffs Vape Desechable Recargable - Fresa Frambuesa &amp; Mango Melocot\u00f3n &amp; Ar\u00e1ndano Sand\u00eda - 10pcs","og_description":"Experimenta Fizzy Max 60000 con 6 sabores, bater\u00eda recargable, pantalla LED y hasta 60.000 caladas para una satisfacci\u00f3n de vapeo duradera.","og_url":"https:\/\/fizzyvape.eu\/es\/producto\/fizzy-max-iii-6en1-60k-60000-puffs-vape-desechable-recargable-fresa-frambuesa-mango-melocoton-arandano-sandia-10pcs\/","og_site_name":"fizzyvape.eu","og_image":[{"width":800,"height":800,"url":"https:\/\/fizzyvape.eu\/wp-content\/uploads\/2025\/06\/Fizzy-Max-60000-Puffs-01.webp","type":"image\/webp"}],"twitter_card":"summary_large_image","twitter_misc":{"Disponibilidad":"Sin existencias"},"schema":{"@context":"https:\/\/schema.org","@graph":[{"@type":"WebPage","@id":"https:\/\/fizzyvape.eu\/es\/producto\/fizzy-max-iii-6en1-60k-60000-puffs-vape-desechable-recargable-fresa-frambuesa-mango-melocoton-arandano-sandia-10pcs\/","url":"https:\/\/fizzyvape.eu\/es\/producto\/fizzy-max-iii-6en1-60k-60000-puffs-vape-desechable-recargable-fresa-frambuesa-mango-melocoton-arandano-sandia-10pcs\/","name":"Fizzy Max 60000 Puffs - Vape recargable desechable 6 en 1","isPartOf":{"@id":"https:\/\/www.fizzyvape.eu\/es\/#website"},"primaryImageOfPage":{"@id":"https:\/\/fizzyvape.eu\/es\/producto\/fizzy-max-iii-6en1-60k-60000-puffs-vape-desechable-recargable-fresa-frambuesa-mango-melocoton-arandano-sandia-10pcs\/#primaryimage"},"image":{"@id":"https:\/\/fizzyvape.eu\/es\/producto\/fizzy-max-iii-6en1-60k-60000-puffs-vape-desechable-recargable-fresa-frambuesa-mango-melocoton-arandano-sandia-10pcs\/#primaryimage"},"thumbnailUrl":"https:\/\/fizzyvape.eu\/wp-content\/uploads\/2025\/06\/Fizzy-Max-60000-Puffs-01.webp","datePublished":"2025-06-11T02:33:11+00:00","description":"Experimenta Fizzy Max 60000 con 6 sabores, bater\u00eda recargable, pantalla LED y hasta 60.000 caladas para una satisfacci\u00f3n de vapeo duradera.","breadcrumb":{"@id":"https:\/\/fizzyvape.eu\/es\/producto\/fizzy-max-iii-6en1-60k-60000-puffs-vape-desechable-recargable-fresa-frambuesa-mango-melocoton-arandano-sandia-10pcs\/#breadcrumb"},"inLanguage":"es","potentialAction":[{"@type":"ReadAction","target":["https:\/\/fizzyvape.eu\/es\/producto\/fizzy-max-iii-6en1-60k-60000-puffs-vape-desechable-recargable-fresa-frambuesa-mango-melocoton-arandano-sandia-10pcs\/"]}]},{"@type":"ImageObject","inLanguage":"es","@id":"https:\/\/fizzyvape.eu\/es\/producto\/fizzy-max-iii-6en1-60k-60000-puffs-vape-desechable-recargable-fresa-frambuesa-mango-melocoton-arandano-sandia-10pcs\/#primaryimage","url":"https:\/\/fizzyvape.eu\/wp-content\/uploads\/2025\/06\/Fizzy-Max-60000-Puffs-01.webp","contentUrl":"https:\/\/fizzyvape.eu\/wp-content\/uploads\/2025\/06\/Fizzy-Max-60000-Puffs-01.webp","width":800,"height":800},{"@type":"BreadcrumbList","@id":"https:\/\/fizzyvape.eu\/es\/producto\/fizzy-max-iii-6en1-60k-60000-puffs-vape-desechable-recargable-fresa-frambuesa-mango-melocoton-arandano-sandia-10pcs\/#breadcrumb","itemListElement":[{"@type":"ListItem","position":1,"name":"Home","item":"https:\/\/fizzyvape.eu\/es\/"},{"@type":"ListItem","position":2,"name":"Tienda","item":"https:\/\/www.fizzyvape.eu\/es\/tienda\/"},{"@type":"ListItem","position":3,"name":"Fizzy Max III 6en1 60K 60000 Puffs Vape Desechable Recargable &#8211; Fresa Frambuesa &amp; Mango Melocot\u00f3n &amp; Ar\u00e1ndano Sand\u00eda &#8211; 10pcs"}]},{"@type":"WebSite","@id":"https:\/\/www.fizzyvape.eu\/es\/#website","url":"https:\/\/www.fizzyvape.eu\/es\/","name":"fizzyvape.eu","description":"Refreshing Vapes. Unforgettable Taste.","publisher":{"@id":"https:\/\/www.fizzyvape.eu\/es\/#organization"},"potentialAction":[{"@type":"SearchAction","target":{"@type":"EntryPoint","urlTemplate":"https:\/\/www.fizzyvape.eu\/es\/?s={search_term_string}"},"query-input":{"@type":"PropertyValueSpecification","valueRequired":true,"valueName":"search_term_string"}}],"inLanguage":"es"},{"@type":"Organization","@id":"https:\/\/www.fizzyvape.eu\/es\/#organization","name":"fizzyvape.eu","url":"https:\/\/www.fizzyvape.eu\/es\/","logo":{"@type":"ImageObject","inLanguage":"es","@id":"https:\/\/www.fizzyvape.eu\/es\/#\/schema\/logo\/image\/","url":"https:\/\/fizzyvape.eu\/wp-content\/uploads\/2019\/06\/print-1.svg","contentUrl":"https:\/\/fizzyvape.eu\/wp-content\/uploads\/2019\/06\/print-1.svg","width":124,"height":37,"caption":"fizzyvape.eu"},"image":{"@id":"https:\/\/www.fizzyvape.eu\/es\/#\/schema\/logo\/image\/"}}]},"og_availability":"out of stock","product_availability":"out of stock","product_condition":"new"},"tiered_pricing_type":"fixed","tiered_pricing_fixed_rules":[],"tiered_pricing_product_settings":{"layout":"default","base_unit_name":{"singular":null,"plural":null},"default_variation":null},"tiered_pricing_minimum_quantity":null,"tiered_pricing_roles_data":[],"tiered_pricing_percentage_rules":[],"tiered_pricing_maximum_quantity":null,"tiered_pricing_quantity_step":null,"_links":{"self":[{"href":"https:\/\/fizzyvape.eu\/es\/wp-json\/wp\/v2\/product\/32941","targetHints":{"allow":["GET"]}}],"collection":[{"href":"https:\/\/fizzyvape.eu\/es\/wp-json\/wp\/v2\/product"}],"about":[{"href":"https:\/\/fizzyvape.eu\/es\/wp-json\/wp\/v2\/types\/product"}],"replies":[{"embeddable":true,"href":"https:\/\/fizzyvape.eu\/es\/wp-json\/wp\/v2\/comments?post=32941"}],"version-history":[{"count":0,"href":"https:\/\/fizzyvape.eu\/es\/wp-json\/wp\/v2\/product\/32941\/revisions"}],"wp:featuredmedia":[{"embeddable":true,"href":"https:\/\/fizzyvape.eu\/es\/wp-json\/wp\/v2\/media\/32412"}],"wp:attachment":[{"href":"https:\/\/fizzyvape.eu\/es\/wp-json\/wp\/v2\/media?parent=32941"}],"wp:term":[{"taxonomy":"product_brand","embeddable":true,"href":"https:\/\/fizzyvape.eu\/es\/wp-json\/wp\/v2\/product_brand?post=32941"},{"taxonomy":"product_cat","embeddable":true,"href":"https:\/\/fizzyvape.eu\/es\/wp-json\/wp\/v2\/product_cat?post=32941"},{"taxonomy":"product_tag","embeddable":true,"href":"https:\/\/fizzyvape.eu\/es\/wp-json\/wp\/v2\/product_tag?post=32941"}],"curies":[{"name":"wp","href":"https:\/\/api.w.org\/{rel}","templated":true}]}}