{"id":32962,"date":"2025-06-11T10:33:21","date_gmt":"2025-06-11T02:33:21","guid":{"rendered":"https:\/\/fizzyvape.eu\/product\/vapeador-desechable-recargable-fizzy-max-iii-6en1-60k-60000-puffs-mixed-berry-kiwi-passion-fruit-guava-strawberry-watermelon-10pcs\/"},"modified":"2025-06-11T10:33:21","modified_gmt":"2025-06-11T02:33:21","slug":"vapeador-desechable-recargable-fizzy-max-iii-6en1-60k-60000-puffs-mixed-berry-kiwi-passion-fruit-guava-strawberry-watermelon-10pcs","status":"publish","type":"product","link":"https:\/\/fizzyvape.eu\/es\/producto\/vapeador-desechable-recargable-fizzy-max-iii-6en1-60k-60000-puffs-mixed-berry-kiwi-passion-fruit-guava-strawberry-watermelon-10pcs\/","title":{"rendered":"Vapeador Desechable Recargable Fizzy Max III 6en1 60K 60000 Puffs &#8211; Mixed Berry &amp; Kiwi Passion Fruit Guava &amp; Strawberry Watermelon &#8211; 10pcs"},"content":{"rendered":"<p><img decoding=\"async\" class=\"aligncenter\" src=\"https:\/\/fizzyvape.eu\/wp-content\/uploads\/2025\/06\/Fizzy-Max-III-6in1-60K-60000-Puffs-9-1.webp\" alt=\"Fizzy Max III 60000 Puffs 6en1 Vape Desechable (9)\"><\/p>\n<h2>Vapeador Desechable Recargable 6 en 1 Fizzy Max III 60.000 Puffs &#8211; Mezcla de bayas y kiwi Fruta de la pasi\u00f3n Guayaba y fresa Sand\u00eda (10 unidades)<\/h2>\n<p>Descubre un mundo de sabores vibrantes con el <strong>Fizzy Max III 6 en 1<\/strong>, un vapeador desechable realmente innovador. Este pack de 10 incluye dispositivos, cada uno con tres generosas c\u00e1psulas precargadas de 20 ml: <strong>Mezcla de Bayas<\/strong>, <strong>Kiwi Guayaba Maracuy\u00e1<\/strong> y <strong>Fresa Sand\u00eda<\/strong>. Gracias a su boquilla giratoria inteligente, puedes cambiar sin esfuerzo entre <strong>seis combinaciones de sabores \u00fanicas<\/strong>, proporcionando una versatilidad inigualable y una experiencia de vapeo personalizada, todo desde un \u00fanico dispositivo.  <\/p>\n<h3><strong>Libera 6 sabores en 1 innovador vaporizador desechable<\/strong><\/h3>\n<p>Prep\u00e1rate para un delicioso viaje a trav\u00e9s de estos perfiles de sabor elaborados por expertos:<\/p>\n<ul>\n<li><strong>Mezcla de bayas (A): <\/strong>Mezcla de bayas jugosas, dulces y \u00e1cidas.<\/li>\n<li><strong>Kiwi Maracuy\u00e1 Guayaba (B):<\/strong> Refrescante fusi\u00f3n de frutas tropicales.<\/li>\n<li><strong>Fresa-Sand\u00eda (C):<\/strong> Dulces fresas con fresca sand\u00eda.<\/li>\n<\/ul>\n<p><strong>Experimenta la magia de la mezcla de sabores:<\/strong><\/p>\n<ul>\n<li><strong>Mezcla AB (Sabor Mezclado): <\/strong>La dulzura de las bayas se une a la ralladura tropical.<\/li>\n<li><strong>Mix BC (Mezcla de sabores):<\/strong> Frutas tropicales equilibradas con sand\u00eda y fresa.<\/li>\n<li><strong>Mix CA (Mezcla de sabores):<\/strong> Jugosa sand\u00eda con fresas y bayas \u00e1cidas.<\/li>\n<\/ul>\n<h3><strong>Cambio de sabor sin esfuerzo: \u00a1s\u00f3lo tienes que girar para explorar!<\/strong><\/h3>\n<p>El innovador dise\u00f1o del Fizzy Max III te permite cambiar entre estos incre\u00edbles modos de sabor con una facilidad incomparable. Basta con levantar y girar la boquilla para recorrer la secuencia sin esfuerzo: <\/p>\n<p><strong>A \u2192 Mezcla AB \u2192 B \u2192 Mezcla BC \u2192 C \u2192 Mezcla CA<\/strong><\/p>\n<p>Recorre sin problemas los seis sabores posibles con un dise\u00f1o giratorio inteligente que hace que el cambio de sabor sea suave e intuitivo. \u00bfTienes curiosidad por verlo en acci\u00f3n? \u00a1Mira nuestro <a href=\"https:\/\/www.youtube.com\/watch?v=CoxB_HvaU3k\">v\u00eddeo de<\/a> demostraci\u00f3n!  <\/p>\n<h3><strong>Aspectos destacados del producto: Dise\u00f1ado para la excelencia<\/strong><\/h3>\n<ul>\n<li><strong>60.000 caladas masivas:<\/strong> Disfruta de una longevidad excepcionalmente prolongada con la asombrosa cifra de <strong>60.000 caladas<\/strong> por dispositivo, ideal para vapear a largo plazo sin preocupaciones.<\/li>\n<li><strong>Revolucionario sistema de 6 sabores en 1:<\/strong> Desbloquea <strong>seis<\/strong> incre\u00edbles <strong>experiencias de sabor<\/strong> con s\u00f3lo tres c\u00e1psulas precargadas (3 sabores individuales + 3 combinaciones mixtas \u00fanicas). <strong>\u00a1Un dispositivo, seis sabores distintos!<\/strong><\/li>\n<li><strong>Generosa capacidad de 60 ml de e-l\u00edquido:<\/strong> Cada dispositivo contiene <strong>60 ml de e-l\u00edquido de primera calidad<\/strong> (a trav\u00e9s de tres c\u00e1psulas de 20 ml), lo que garantiza semanas de sabroso disfrute sin engorrosas recargas.<\/li>\n<li><strong>Potente bater\u00eda recargable de 850 mAh (Tipo-C):<\/strong> Proporciona una potencia constante y se recarga r\u00e1pidamente mediante la c\u00f3moda <strong>carga r\u00e1pida Tipo-C<\/strong>, maximizando tu tiempo de vapeo.<\/li>\n<li><strong>Tecnolog\u00eda avanzada de bobina de malla:<\/strong> Experimenta <strong>un vapor m\u00e1s suave, un sabor m\u00e1s intenso<\/strong> y nubes impresionantemente densas con cada calada.<\/li>\n<li><strong>Pantalla LED inteligente:<\/strong> Supervisa f\u00e1cilmente el <strong>nivel de bater\u00eda y el modo de vapeo actual<\/strong> en tiempo real, para que tengas todo el control.<\/li>\n<li><strong>Potencias de nicotina optimizadas:<\/strong> Disponible tanto en <strong>2% (20mg\/mL<\/strong> ) para una experiencia m\u00e1s suave y satisfactoria, como en <strong>5% (50mg\/mL)<\/strong> para un golpe de garganta m\u00e1s fuerte y robusto.<\/li>\n<li><strong>Vida \u00fatil prolongada:<\/strong> Disfruta de una generosa vida \u00fatil de 2 a\u00f1os, que garantiza frescura y calidad.<\/li>\n<\/ul>\n<h3><strong>Lista de Sabores de Vape Desechable Fizzy Max III 6en1 60000 Puffs:<\/strong><\/h3>\n<ol>\n<li><a href=\"https:\/\/fizzyvape.eu\/es\/producto\/fizzy-max-iii-6en1-60k-60000-puffs-vape-desechable-recargable-fresa-frambuesa-mango-melocoton-arandano-sandia-10pcs\/\">Fresa Frambuesa y Mango Melocot\u00f3n y Ar\u00e1ndanos Sand\u00eda<\/a><\/li>\n<li><a href=\"https:\/\/fizzyvape.eu\/es\/producto\/vapeador-desechable-recargable-fizzy-max-iii-6en1-60k-60000-puffs-mixed-berry-kiwi-passion-fruit-guava-strawberry-watermelon-10pcs\/\">Mezcla de bayas y kiwi Fruta de la pasi\u00f3n Guayaba y fresa Sand\u00eda<\/a><\/li>\n<li><a href=\"https:\/\/fizzyvape.eu\/es\/producto\/vapeador-desechable-recargable-fizzy-max-iii-6en1-60k-60000-puffs-arandano-frambuesa-triple-melon-fresa-helada-10pcs\/\">Ar\u00e1ndano Frambuesa y Triple Helado de Mel\u00f3n y Fresa<\/a><\/li>\n<li><a href=\"https:\/\/fizzyvape.eu\/es\/producto\/vapeador-desechable-recargable-fizzy-max-iii-6en1-60k-60000-puffs-fruta-del-dragon-fresa-red-bull-sandia-frambuesa-10pcs\/\">Fruta del Drag\u00f3n Fresa &amp; Red Bull &amp; Sand\u00eda Frambuesa<\/a><\/li>\n<li><a href=\"https:\/\/fizzyvape.eu\/es\/producto\/fizzy-max-iii-6en1-60k-60000-puffs-vape-desechable-recargable-fresa-kiwi-arandano-hielo-sandia-hielo-10pcs\/\">Hielo de fresa, kiwi, ar\u00e1ndanos y sand\u00eda<\/a><\/li>\n<li><a href=\"https:\/\/fizzyvape.eu\/es\/producto\/vapeador-desechable-recargable-fizzy-max-iii-6en1-60k-60000-puffs-blueberry-ice-fizzy-cherry-raspberry-lemon-10pcs\/\">Hielo de Ar\u00e1ndano y Cereza efervescente y Frambuesa Lim\u00f3n<\/a><\/li>\n<li><a href=\"https:\/\/fizzyvape.eu\/es\/producto\/fizzy-max-iii-6en1-60k-60000-puffs-vape-desechable-recargable-sandia-hielo-y-fresa-vainilla-coca-cola-y-mezcla-de-bayas-10pcs\/\">Sand\u00eda Helada y Fresa Vainilla Coca-Cola y Mixta<\/a><\/li>\n<li><a href=\"https:\/\/fizzyvape.eu\/es\/producto\/fizzy-max-iii-6en1-60k-60000-puffs-vape-desechable-recargable-fresa-uva-arandano-coco-melocoton-limon-10pcs\/\">Fresa Uva y Ar\u00e1ndano Coco y Melocot\u00f3n Lim\u00f3n<\/a><\/li>\n<li><a href=\"https:\/\/fizzyvape.eu\/es\/producto\/vapeador-desechable-recargable-fizzy-max-iii-6en1-60k-60000-puffs-hielo-razz-azul-kiwi-fresa-naranja-pina-agria-10pcs\/\">Blue Razz Hielo y Fresa Kiwi y Pi\u00f1a Agria Naranja<\/a><\/li>\n<li><a href=\"https:\/\/fizzyvape.eu\/es\/producto\/fizzy-max-iii-6en1-60k-60000-puffs-vape-desechable-recargable-sandia-fresa-lima-limon-coco-arandano-10pcs\/\">Fresa Sand\u00eda &amp; Lim\u00f3n Lima &amp; Ar\u00e1ndanos Coco<\/a><\/li>\n<\/ol>\n<h3><strong>Estilos de vapeo para todas las preferencias: \u00a1Vapea a tu manera!<\/strong><\/h3>\n<ul>\n<li><strong>Modo Sabor \u00danico (MTL &#8211; Boca a Pulm\u00f3n):<\/strong> Disfruta de caladas suaves y controladas que imitan perfectamente a un cigarrillo tradicional, ideales para saborear la pureza de cada sabor individual con una calada apretada.<\/li>\n<li><strong>Modo de Mezcla de Sabor Dual (DL &#8211; Pulm\u00f3n Directo):<\/strong> Experimenta un mayor flujo de aire que favorece las inhalaciones atrevidas de pulm\u00f3n directo con vapor abundante y mezclas de sabores complejas y estratificadas, perfectas para los cazadores de nubes y los que buscan un golpe m\u00e1s intenso.<\/li>\n<\/ul>\n<h3><strong>\u00bfPor qu\u00e9 elegir Fizzy Max III 6 en 1?<\/strong><\/h3>\n<ul>\n<li><strong>Rotaci\u00f3n de sabores sin esfuerzo:<\/strong> Cambia entre 6 sabores incre\u00edbles al instante con un simple giro, sin necesidad de llevar varios vaporizadores o c\u00e1psulas.<\/li>\n<li><strong>Longevidad inigualable:<\/strong> Consigue un valor y una comodidad incre\u00edbles con un <strong>recuento de caladas ultra alto<\/strong> y una <strong>bater\u00eda recargable de larga duraci\u00f3n<\/strong>.<\/li>\n<li><strong>Versatilidad todo en uno:<\/strong> Seis sabores \u00fanicos empaquetados en un dispositivo compacto y recargable, que ofrece una completa flexibilidad de sabores sobre la marcha.<\/li>\n<li><strong>Env\u00edo europeo r\u00e1pido:<\/strong> Recibe tu pedido r\u00e1pidamente desde nuestro almac\u00e9n de la UE, garantizando una entrega r\u00e1pida sin retrasos aduaneros.<\/li>\n<\/ul>\n<h3><strong>FAQs &#8211; Fizzy Max III 6 en 1 60.000 caladas Vape desechable<\/strong><\/h3>\n<p><strong>1. \u00bfCu\u00e1ntas caladas proporciona el Fizzy Max III 6 en 1?<\/strong> El Fizzy Max III ofrece la impresionante cifra de <strong>hasta 60.000 caladas<\/strong>, gracias a su gran capacidad de e-l\u00edquido de 60 ml, su avanzado sistema de bobina de malla y su potente bater\u00eda recargable de 850 mAh, que lo hacen ideal para un uso prolongado.<\/p>\n<p><strong>2. \u00bfPuedo cambiar de sabor con este vaporizador desechable?<\/strong>  S\u00ed, \u00a1por supuesto! S\u00f3lo tienes que <strong>levantar y girar la boquilla<\/strong> para pasar sin esfuerzo por seis combinaciones de sabores diferentes -3 sabores individuales y 3 mezclas \u00fanicas-, todo ello sin cambiar de c\u00e1psula. <\/p>\n<p><strong>3. \u00bfEs recargable el Fizzy Max III?<\/strong>  \u00a1Pues s\u00ed! El dispositivo incluye una bater\u00eda recargable de 850 mAh con c\u00f3moda <strong>carga r\u00e1pida Tipo-C<\/strong> para un uso prolongado y para que disfrutes hasta la \u00faltima calada. <\/p>\n<p><strong>4. \u00bfEl Fizzy Max III es apto para los estilos de vapeo MTL y DL?<\/strong>  \u00a1Sin duda! Admite tanto el modo <strong>boca a pulm\u00f3n (MTL<\/strong> ) para caladas suaves y controladas en el modo de sabor \u00fanico, como el modo <strong>de pulm\u00f3n directo (DL)<\/strong>, que se activa con los sabores mezclados, para nubes m\u00e1s grandes y sabores m\u00e1s atrevidos y complejos. <\/p>\n","protected":false},"excerpt":{"rendered":"<p>Experimenta la versatilidad de sabores 6 en 1 y hasta 60.000 caladas con el Fizzy Max III, un vapeador desechable recargable con e-l\u00edquido masivo de 60 ml, bobina de malla suave y f\u00e1cil rotaci\u00f3n de sabores.<\/p>\n","protected":false},"featured_media":32421,"comment_status":"open","ping_status":"closed","template":"","meta":{"iawp_total_views":8},"product_brand":[],"product_cat":[586],"product_tag":[617,614,616,615],"class_list":{"0":"post-32962","1":"product","2":"type-product","3":"status-publish","4":"has-post-thumbnail","6":"product_cat-max-iii-6in1-60k-60000-puffs-rechargeable-disposable-vape-es","7":"product_tag-6-sabores-en-1-aparato","8":"product_tag-60000-puffs-es","9":"product_tag-recargable","10":"product_tag-vape-desechable","12":"first","13":"outofstock","14":"sale","15":"shipping-taxable","16":"purchasable","17":"product-type-variable"},"yoast_head":"<!-- This site is optimized with the Yoast SEO Premium plugin v24.8 (Yoast SEO v24.8) - https:\/\/yoast.com\/wordpress\/plugins\/seo\/ -->\n<title>Vape Desechable Recargable - Dispositivo Fizzy 6en1 60000 Puffs<\/title>\n<meta name=\"description\" content=\"Explora el Vapeador Desechable Recargable Fizzy Max III con 6 sabores, 60000 caladas, e-l\u00edquido de 60mL, bobina de malla y bater\u00eda Tipo-C de 850mAh.\" \/>\n<meta name=\"robots\" content=\"index, follow, max-snippet:-1, max-image-preview:large, max-video-preview:-1\" \/>\n<link rel=\"canonical\" href=\"https:\/\/fizzyvape.eu\/es\/producto\/vapeador-desechable-recargable-fizzy-max-iii-6en1-60k-60000-puffs-mixed-berry-kiwi-passion-fruit-guava-strawberry-watermelon-10pcs\/\" \/>\n<meta property=\"og:locale\" content=\"es_ES\" \/>\n<meta property=\"og:type\" content=\"article\" \/>\n<meta property=\"og:title\" content=\"Vapeador Desechable Recargable Fizzy Max III 6en1 60K 60000 Puffs - Mixed Berry &amp; Kiwi Passion Fruit Guava &amp; Strawberry Watermelon - 10pcs\" \/>\n<meta property=\"og:description\" content=\"Explora el Vapeador Desechable Recargable Fizzy Max III con 6 sabores, 60000 caladas, e-l\u00edquido de 60mL, bobina de malla y bater\u00eda Tipo-C de 850mAh.\" \/>\n<meta property=\"og:url\" content=\"https:\/\/fizzyvape.eu\/es\/producto\/vapeador-desechable-recargable-fizzy-max-iii-6en1-60k-60000-puffs-mixed-berry-kiwi-passion-fruit-guava-strawberry-watermelon-10pcs\/\" \/>\n<meta property=\"og:site_name\" content=\"fizzyvape.eu\" \/>\n<meta property=\"og:image\" content=\"https:\/\/fizzyvape.eu\/wp-content\/uploads\/2025\/06\/Fizzy-Max-60000-Puffs-02.webp\" \/>\n\t<meta property=\"og:image:width\" content=\"800\" \/>\n\t<meta property=\"og:image:height\" content=\"800\" \/>\n\t<meta property=\"og:image:type\" content=\"image\/webp\" \/>\n<meta name=\"twitter:card\" content=\"summary_large_image\" \/>\n<meta name=\"twitter:label1\" content=\"Disponibilidad\" \/>\n\t<meta name=\"twitter:data1\" content=\"Sin existencias\" \/>\n<script type=\"application\/ld+json\" class=\"yoast-schema-graph\">{\"@context\":\"https:\/\/schema.org\",\"@graph\":[{\"@type\":\"WebPage\",\"@id\":\"https:\/\/fizzyvape.eu\/es\/producto\/vapeador-desechable-recargable-fizzy-max-iii-6en1-60k-60000-puffs-mixed-berry-kiwi-passion-fruit-guava-strawberry-watermelon-10pcs\/\",\"url\":\"https:\/\/fizzyvape.eu\/es\/producto\/vapeador-desechable-recargable-fizzy-max-iii-6en1-60k-60000-puffs-mixed-berry-kiwi-passion-fruit-guava-strawberry-watermelon-10pcs\/\",\"name\":\"Vape Desechable Recargable - Dispositivo Fizzy 6en1 60000 Puffs\",\"isPartOf\":{\"@id\":\"https:\/\/www.fizzyvape.eu\/es\/#website\"},\"primaryImageOfPage\":{\"@id\":\"https:\/\/fizzyvape.eu\/es\/producto\/vapeador-desechable-recargable-fizzy-max-iii-6en1-60k-60000-puffs-mixed-berry-kiwi-passion-fruit-guava-strawberry-watermelon-10pcs\/#primaryimage\"},\"image\":{\"@id\":\"https:\/\/fizzyvape.eu\/es\/producto\/vapeador-desechable-recargable-fizzy-max-iii-6en1-60k-60000-puffs-mixed-berry-kiwi-passion-fruit-guava-strawberry-watermelon-10pcs\/#primaryimage\"},\"thumbnailUrl\":\"https:\/\/fizzyvape.eu\/wp-content\/uploads\/2025\/06\/Fizzy-Max-60000-Puffs-02.webp\",\"datePublished\":\"2025-06-11T02:33:21+00:00\",\"description\":\"Explora el Vapeador Desechable Recargable Fizzy Max III con 6 sabores, 60000 caladas, e-l\u00edquido de 60mL, bobina de malla y bater\u00eda Tipo-C de 850mAh.\",\"breadcrumb\":{\"@id\":\"https:\/\/fizzyvape.eu\/es\/producto\/vapeador-desechable-recargable-fizzy-max-iii-6en1-60k-60000-puffs-mixed-berry-kiwi-passion-fruit-guava-strawberry-watermelon-10pcs\/#breadcrumb\"},\"inLanguage\":\"es\",\"potentialAction\":[{\"@type\":\"ReadAction\",\"target\":[\"https:\/\/fizzyvape.eu\/es\/producto\/vapeador-desechable-recargable-fizzy-max-iii-6en1-60k-60000-puffs-mixed-berry-kiwi-passion-fruit-guava-strawberry-watermelon-10pcs\/\"]}]},{\"@type\":\"ImageObject\",\"inLanguage\":\"es\",\"@id\":\"https:\/\/fizzyvape.eu\/es\/producto\/vapeador-desechable-recargable-fizzy-max-iii-6en1-60k-60000-puffs-mixed-berry-kiwi-passion-fruit-guava-strawberry-watermelon-10pcs\/#primaryimage\",\"url\":\"https:\/\/fizzyvape.eu\/wp-content\/uploads\/2025\/06\/Fizzy-Max-60000-Puffs-02.webp\",\"contentUrl\":\"https:\/\/fizzyvape.eu\/wp-content\/uploads\/2025\/06\/Fizzy-Max-60000-Puffs-02.webp\",\"width\":800,\"height\":800},{\"@type\":\"BreadcrumbList\",\"@id\":\"https:\/\/fizzyvape.eu\/es\/producto\/vapeador-desechable-recargable-fizzy-max-iii-6en1-60k-60000-puffs-mixed-berry-kiwi-passion-fruit-guava-strawberry-watermelon-10pcs\/#breadcrumb\",\"itemListElement\":[{\"@type\":\"ListItem\",\"position\":1,\"name\":\"Home\",\"item\":\"https:\/\/fizzyvape.eu\/es\/\"},{\"@type\":\"ListItem\",\"position\":2,\"name\":\"Tienda\",\"item\":\"https:\/\/www.fizzyvape.eu\/es\/tienda\/\"},{\"@type\":\"ListItem\",\"position\":3,\"name\":\"Vapeador Desechable Recargable Fizzy Max III 6en1 60K 60000 Puffs &#8211; Mixed Berry &amp; Kiwi Passion Fruit Guava &amp; Strawberry Watermelon &#8211; 10pcs\"}]},{\"@type\":\"WebSite\",\"@id\":\"https:\/\/www.fizzyvape.eu\/es\/#website\",\"url\":\"https:\/\/www.fizzyvape.eu\/es\/\",\"name\":\"fizzyvape.eu\",\"description\":\"Refreshing Vapes. Unforgettable Taste.\",\"publisher\":{\"@id\":\"https:\/\/www.fizzyvape.eu\/es\/#organization\"},\"potentialAction\":[{\"@type\":\"SearchAction\",\"target\":{\"@type\":\"EntryPoint\",\"urlTemplate\":\"https:\/\/www.fizzyvape.eu\/es\/?s={search_term_string}\"},\"query-input\":{\"@type\":\"PropertyValueSpecification\",\"valueRequired\":true,\"valueName\":\"search_term_string\"}}],\"inLanguage\":\"es\"},{\"@type\":\"Organization\",\"@id\":\"https:\/\/www.fizzyvape.eu\/es\/#organization\",\"name\":\"fizzyvape.eu\",\"url\":\"https:\/\/www.fizzyvape.eu\/es\/\",\"logo\":{\"@type\":\"ImageObject\",\"inLanguage\":\"es\",\"@id\":\"https:\/\/www.fizzyvape.eu\/es\/#\/schema\/logo\/image\/\",\"url\":\"https:\/\/fizzyvape.eu\/wp-content\/uploads\/2019\/06\/print-1.svg\",\"contentUrl\":\"https:\/\/fizzyvape.eu\/wp-content\/uploads\/2019\/06\/print-1.svg\",\"width\":124,\"height\":37,\"caption\":\"fizzyvape.eu\"},\"image\":{\"@id\":\"https:\/\/www.fizzyvape.eu\/es\/#\/schema\/logo\/image\/\"}}]}<\/script>\n<meta property=\"og:availability\" content=\"out of stock\" \/>\n<meta property=\"product:availability\" content=\"out of stock\" \/>\n<meta property=\"product:condition\" content=\"new\" \/>\n<!-- \/ Yoast SEO Premium plugin. -->","yoast_head_json":{"title":"Vape Desechable Recargable - Dispositivo Fizzy 6en1 60000 Puffs","description":"Explora el Vapeador Desechable Recargable Fizzy Max III con 6 sabores, 60000 caladas, e-l\u00edquido de 60mL, bobina de malla y bater\u00eda Tipo-C de 850mAh.","robots":{"index":"index","follow":"follow","max-snippet":"max-snippet:-1","max-image-preview":"max-image-preview:large","max-video-preview":"max-video-preview:-1"},"canonical":"https:\/\/fizzyvape.eu\/es\/producto\/vapeador-desechable-recargable-fizzy-max-iii-6en1-60k-60000-puffs-mixed-berry-kiwi-passion-fruit-guava-strawberry-watermelon-10pcs\/","og_locale":"es_ES","og_type":"article","og_title":"Vapeador Desechable Recargable Fizzy Max III 6en1 60K 60000 Puffs - Mixed Berry &amp; Kiwi Passion Fruit Guava &amp; Strawberry Watermelon - 10pcs","og_description":"Explora el Vapeador Desechable Recargable Fizzy Max III con 6 sabores, 60000 caladas, e-l\u00edquido de 60mL, bobina de malla y bater\u00eda Tipo-C de 850mAh.","og_url":"https:\/\/fizzyvape.eu\/es\/producto\/vapeador-desechable-recargable-fizzy-max-iii-6en1-60k-60000-puffs-mixed-berry-kiwi-passion-fruit-guava-strawberry-watermelon-10pcs\/","og_site_name":"fizzyvape.eu","og_image":[{"width":800,"height":800,"url":"https:\/\/fizzyvape.eu\/wp-content\/uploads\/2025\/06\/Fizzy-Max-60000-Puffs-02.webp","type":"image\/webp"}],"twitter_card":"summary_large_image","twitter_misc":{"Disponibilidad":"Sin existencias"},"schema":{"@context":"https:\/\/schema.org","@graph":[{"@type":"WebPage","@id":"https:\/\/fizzyvape.eu\/es\/producto\/vapeador-desechable-recargable-fizzy-max-iii-6en1-60k-60000-puffs-mixed-berry-kiwi-passion-fruit-guava-strawberry-watermelon-10pcs\/","url":"https:\/\/fizzyvape.eu\/es\/producto\/vapeador-desechable-recargable-fizzy-max-iii-6en1-60k-60000-puffs-mixed-berry-kiwi-passion-fruit-guava-strawberry-watermelon-10pcs\/","name":"Vape Desechable Recargable - Dispositivo Fizzy 6en1 60000 Puffs","isPartOf":{"@id":"https:\/\/www.fizzyvape.eu\/es\/#website"},"primaryImageOfPage":{"@id":"https:\/\/fizzyvape.eu\/es\/producto\/vapeador-desechable-recargable-fizzy-max-iii-6en1-60k-60000-puffs-mixed-berry-kiwi-passion-fruit-guava-strawberry-watermelon-10pcs\/#primaryimage"},"image":{"@id":"https:\/\/fizzyvape.eu\/es\/producto\/vapeador-desechable-recargable-fizzy-max-iii-6en1-60k-60000-puffs-mixed-berry-kiwi-passion-fruit-guava-strawberry-watermelon-10pcs\/#primaryimage"},"thumbnailUrl":"https:\/\/fizzyvape.eu\/wp-content\/uploads\/2025\/06\/Fizzy-Max-60000-Puffs-02.webp","datePublished":"2025-06-11T02:33:21+00:00","description":"Explora el Vapeador Desechable Recargable Fizzy Max III con 6 sabores, 60000 caladas, e-l\u00edquido de 60mL, bobina de malla y bater\u00eda Tipo-C de 850mAh.","breadcrumb":{"@id":"https:\/\/fizzyvape.eu\/es\/producto\/vapeador-desechable-recargable-fizzy-max-iii-6en1-60k-60000-puffs-mixed-berry-kiwi-passion-fruit-guava-strawberry-watermelon-10pcs\/#breadcrumb"},"inLanguage":"es","potentialAction":[{"@type":"ReadAction","target":["https:\/\/fizzyvape.eu\/es\/producto\/vapeador-desechable-recargable-fizzy-max-iii-6en1-60k-60000-puffs-mixed-berry-kiwi-passion-fruit-guava-strawberry-watermelon-10pcs\/"]}]},{"@type":"ImageObject","inLanguage":"es","@id":"https:\/\/fizzyvape.eu\/es\/producto\/vapeador-desechable-recargable-fizzy-max-iii-6en1-60k-60000-puffs-mixed-berry-kiwi-passion-fruit-guava-strawberry-watermelon-10pcs\/#primaryimage","url":"https:\/\/fizzyvape.eu\/wp-content\/uploads\/2025\/06\/Fizzy-Max-60000-Puffs-02.webp","contentUrl":"https:\/\/fizzyvape.eu\/wp-content\/uploads\/2025\/06\/Fizzy-Max-60000-Puffs-02.webp","width":800,"height":800},{"@type":"BreadcrumbList","@id":"https:\/\/fizzyvape.eu\/es\/producto\/vapeador-desechable-recargable-fizzy-max-iii-6en1-60k-60000-puffs-mixed-berry-kiwi-passion-fruit-guava-strawberry-watermelon-10pcs\/#breadcrumb","itemListElement":[{"@type":"ListItem","position":1,"name":"Home","item":"https:\/\/fizzyvape.eu\/es\/"},{"@type":"ListItem","position":2,"name":"Tienda","item":"https:\/\/www.fizzyvape.eu\/es\/tienda\/"},{"@type":"ListItem","position":3,"name":"Vapeador Desechable Recargable Fizzy Max III 6en1 60K 60000 Puffs &#8211; Mixed Berry &amp; Kiwi Passion Fruit Guava &amp; Strawberry Watermelon &#8211; 10pcs"}]},{"@type":"WebSite","@id":"https:\/\/www.fizzyvape.eu\/es\/#website","url":"https:\/\/www.fizzyvape.eu\/es\/","name":"fizzyvape.eu","description":"Refreshing Vapes. Unforgettable Taste.","publisher":{"@id":"https:\/\/www.fizzyvape.eu\/es\/#organization"},"potentialAction":[{"@type":"SearchAction","target":{"@type":"EntryPoint","urlTemplate":"https:\/\/www.fizzyvape.eu\/es\/?s={search_term_string}"},"query-input":{"@type":"PropertyValueSpecification","valueRequired":true,"valueName":"search_term_string"}}],"inLanguage":"es"},{"@type":"Organization","@id":"https:\/\/www.fizzyvape.eu\/es\/#organization","name":"fizzyvape.eu","url":"https:\/\/www.fizzyvape.eu\/es\/","logo":{"@type":"ImageObject","inLanguage":"es","@id":"https:\/\/www.fizzyvape.eu\/es\/#\/schema\/logo\/image\/","url":"https:\/\/fizzyvape.eu\/wp-content\/uploads\/2019\/06\/print-1.svg","contentUrl":"https:\/\/fizzyvape.eu\/wp-content\/uploads\/2019\/06\/print-1.svg","width":124,"height":37,"caption":"fizzyvape.eu"},"image":{"@id":"https:\/\/www.fizzyvape.eu\/es\/#\/schema\/logo\/image\/"}}]},"og_availability":"out of stock","product_availability":"out of stock","product_condition":"new"},"tiered_pricing_type":"fixed","tiered_pricing_fixed_rules":[],"tiered_pricing_product_settings":{"layout":"default","base_unit_name":{"singular":null,"plural":null},"default_variation":null},"tiered_pricing_minimum_quantity":null,"tiered_pricing_roles_data":[],"tiered_pricing_percentage_rules":[],"tiered_pricing_maximum_quantity":null,"tiered_pricing_quantity_step":null,"_links":{"self":[{"href":"https:\/\/fizzyvape.eu\/es\/wp-json\/wp\/v2\/product\/32962","targetHints":{"allow":["GET"]}}],"collection":[{"href":"https:\/\/fizzyvape.eu\/es\/wp-json\/wp\/v2\/product"}],"about":[{"href":"https:\/\/fizzyvape.eu\/es\/wp-json\/wp\/v2\/types\/product"}],"replies":[{"embeddable":true,"href":"https:\/\/fizzyvape.eu\/es\/wp-json\/wp\/v2\/comments?post=32962"}],"version-history":[{"count":0,"href":"https:\/\/fizzyvape.eu\/es\/wp-json\/wp\/v2\/product\/32962\/revisions"}],"wp:featuredmedia":[{"embeddable":true,"href":"https:\/\/fizzyvape.eu\/es\/wp-json\/wp\/v2\/media\/32421"}],"wp:attachment":[{"href":"https:\/\/fizzyvape.eu\/es\/wp-json\/wp\/v2\/media?parent=32962"}],"wp:term":[{"taxonomy":"product_brand","embeddable":true,"href":"https:\/\/fizzyvape.eu\/es\/wp-json\/wp\/v2\/product_brand?post=32962"},{"taxonomy":"product_cat","embeddable":true,"href":"https:\/\/fizzyvape.eu\/es\/wp-json\/wp\/v2\/product_cat?post=32962"},{"taxonomy":"product_tag","embeddable":true,"href":"https:\/\/fizzyvape.eu\/es\/wp-json\/wp\/v2\/product_tag?post=32962"}],"curies":[{"name":"wp","href":"https:\/\/api.w.org\/{rel}","templated":true}]}}