{"id":33055,"date":"2025-06-11T14:32:35","date_gmt":"2025-06-11T06:32:35","guid":{"rendered":"https:\/\/fizzyvape.eu\/product\/vapeador-desechable-recargable-fizzy-max-iii-6en1-60k-60000-puffs-coleccion-de-sabores-sorpresa-pack-de-6\/"},"modified":"2025-10-08T20:22:34","modified_gmt":"2025-10-08T12:22:34","slug":"vapeador-desechable-recargable-fizzy-max-iii-6en1-60k-60000-puffs-coleccion-de-sabores-sorpresa-pack-de-6","status":"publish","type":"product","link":"https:\/\/fizzyvape.eu\/es\/producto\/vapeador-desechable-recargable-fizzy-max-iii-6en1-60k-60000-puffs-coleccion-de-sabores-sorpresa-pack-de-6\/","title":{"rendered":"Vapeador Desechable Recargable Fizzy Max III 6en1 60K 60000 Puffs &#8211; Colecci\u00f3n de Sabores Sorpresa (pack de 6)"},"content":{"rendered":"<h2>Fizzy Max III 6en1 60K 60000 Puffs Vape Desechable &#8211; Colecci\u00f3n de Sabores Sorpresa (pack de 6)<\/h2>\n<p>Emb\u00e1rcate en un nuevo y atrevido viaje de vapeo con el <strong data-start=\"83\" data-end=\"170\">Vaporizador Desechable Recargable Fizzy Max III 60000 Puffs &#8211; Colecci\u00f3n Sabor Sorpresa<\/strong>. Este set de lujo <strong>de 6 piezas<\/strong> incluye <strong>seis<\/strong> <strong>vapeadores desechables rec<\/strong>argables <strong>de gran capacidad<\/strong>, cada uno de los cuales ofrece una impresionante selecci\u00f3n de <strong>3 sabores \u00fanicos<\/strong> y <strong>3 mezclas exclusivas<\/strong>. Gracias a la innovadora boquilla giratoria, cambiar de un perfil de sabor a otro se hace sin esfuerzo, sin necesidad de cambiar las c\u00e1psulas ni los dispositivos. Dise\u00f1adas para una larga duraci\u00f3n y consistencia de sabor, cada unidad proporciona hasta <strong>60.000 caladas<\/strong>. Prep\u00e1rate para un rico sabor, una funcionalidad avanzada y una variedad repleta de sabores, todo en un emocionante paquete misterioso.    <\/p>\n<h3>Qu\u00e9 hay dentro: 6 combinaciones de sabores seleccionadas a mano para una variedad infinita<\/h3>\n<p>Hemos seleccionado una excitante mezcla de nuestras combinaciones de sabores m\u00e1s vendidas, para que cada dispositivo te traiga una nueva sorpresa. Tu pack de 6 incluye: <\/p>\n<p><strong><span style=\"color: #000000;\">1<\/span>. Fresa Sand\u00eda &amp; Lim\u00f3n Lima &amp; Ar\u00e1ndanos Coco <\/strong><br \/>\n<strong>2. Hielo de ar\u00e1ndano y cereza efervescente y lim\u00f3n con frambuesa<\/strong><br \/>\n<strong>3. Hielo de sand\u00eda y fresa Coca-Cola de vainilla y bayas mixtas<\/strong><br \/>\n<strong>4. Fruta del drag\u00f3n de fresa &amp; Red Bull &amp; Sand\u00eda de frambuesa<\/strong><br \/>\n<strong>5. Fresa Frambuesa y mango Melocot\u00f3n y ar\u00e1ndanos Sand\u00eda<\/strong><br \/>\n<strong>6. Mezcla de bayas y kiwi Fruta de la pasi\u00f3n Guayaba y fresa Sand\u00eda<\/strong><\/p>\n<p>Con cada dispositivo, gira la boquilla para recorrerlo:<\/p>\n<p><strong>A \u2192 Mezcla AB \u2192 B \u2192 Mezcla BC \u2192 C \u2192 Mezcla CA<\/strong><\/p>\n<p>Pasa sin problemas por los seis sabores posibles con un simple giro de la boquilla. Disfruta de la m\u00e1xima comodidad del sistema 6 en 1. \u00bfTe pica la curiosidad? Mira nuestro <a href=\"https:\/\/www.youtube.com\/watch?v=CoxB_HvaU3k\">v\u00eddeo de<\/a> demostraci\u00f3n.   <\/p>\n<h3><strong>Productos destacados<\/strong><\/h3>\n<ul>\n<li><strong>Hasta 60.000 caladas por dispositivo:<\/strong> Cada vape viene con un sistema de e-l\u00edquido de 60 ml de gran capacidad, que ofrece semanas de vapeo constante.<\/li>\n<li><strong>Sistema de sabores 6 en 1:<\/strong> Disfruta de incre\u00edbles 3 sabores individuales distintos m\u00e1s 3 modos mixtos \u00fanicos en cada dispositivo para una variedad definitiva.<\/li>\n<li><strong>Bater\u00eda recargable de 850 mAh:<\/strong> Potencia hasta la \u00faltima gota con la comodidad de la carga r\u00e1pida USB-C.<\/li>\n<li><strong>Pantalla LED inteligente:<\/strong> Controla f\u00e1cilmente el estado de la bater\u00eda en tiempo real y el modo de vapeo actual de un vistazo.<\/li>\n<li><strong>Tecnolog\u00eda avanzada de bobina de malla:<\/strong> Experimenta un vapor suave y constante, un sabor intenso y el m\u00e1ximo rendimiento con cada calada.<\/li>\n<li><strong>Modos de inhalaci\u00f3n duales:<\/strong> Elige tu estilo de vapeo preferido:\n<ul>\n<li><strong>Modo Sabor \u00danico (MTL):<\/strong> Proporciona suaves y cl\u00e1sicas caladas boca a pulm\u00f3n.<\/li>\n<li><strong>Modo de mezcla de doble sabor (DL):<\/strong> Proporciona un flujo de aire mejorado para unos golpes de pulm\u00f3n directo con m\u00e1s vapor y emocionantes mezclas de sabores.<\/li>\n<\/ul>\n<\/li>\n<li><strong>Potencias de nicotina:<\/strong> Disponible en 2% (20mg\/mL) para una experiencia m\u00e1s suave o 5% (50mg\/mL) para un golpe de garganta m\u00e1s fuerte y satisfactorio.<\/li>\n<li><strong>Compacta y apta para viajar:<\/strong> Su dise\u00f1o a prueba de fugas y su tama\u00f1o apto para el bolsillo la hacen perfecta para llevarla encima, y es apta para viajar en avi\u00f3n sin preocupaciones.<\/li>\n<\/ul>\n<h3><strong>Lista de Sabores de Vape Desechable Fizzy Max III 6en1 60000 Puffs:<\/strong><\/h3>\n<ol>\n<li><a href=\"https:\/\/fizzyvape.eu\/es\/producto\/fizzy-max-iii-6en1-60k-60000-puffs-vape-desechable-recargable-fresa-frambuesa-mango-melocoton-arandano-sandia-10pcs\/\">Fresa Frambuesa y Mango Melocot\u00f3n y Ar\u00e1ndanos Sand\u00eda<\/a><\/li>\n<li><a href=\"https:\/\/fizzyvape.eu\/es\/producto\/vapeador-desechable-recargable-fizzy-max-iii-6en1-60k-60000-puffs-mixed-berry-kiwi-passion-fruit-guava-strawberry-watermelon-10pcs\/\">Mezcla de bayas y kiwi Fruta de la pasi\u00f3n Guayaba y fresa Sand\u00eda<\/a><\/li>\n<li><a href=\"https:\/\/fizzyvape.eu\/es\/producto\/vapeador-desechable-recargable-fizzy-max-iii-6en1-60k-60000-puffs-arandano-frambuesa-triple-melon-fresa-helada-10pcs\/\">Ar\u00e1ndano Frambuesa y Triple Helado de Mel\u00f3n y Fresa<\/a><\/li>\n<li><a href=\"https:\/\/fizzyvape.eu\/es\/producto\/vapeador-desechable-recargable-fizzy-max-iii-6en1-60k-60000-puffs-fruta-del-dragon-fresa-red-bull-sandia-frambuesa-10pcs\/\">Fruta del Drag\u00f3n Fresa &amp; Red Bull &amp; Sand\u00eda Frambuesa<\/a><\/li>\n<li><a href=\"https:\/\/fizzyvape.eu\/es\/producto\/fizzy-max-iii-6en1-60k-60000-puffs-vape-desechable-recargable-fresa-kiwi-arandano-hielo-sandia-hielo-10pcs\/\">Hielo de fresa, kiwi, ar\u00e1ndanos y sand\u00eda<\/a><\/li>\n<li><a href=\"https:\/\/fizzyvape.eu\/es\/producto\/vapeador-desechable-recargable-fizzy-max-iii-6en1-60k-60000-puffs-blueberry-ice-fizzy-cherry-raspberry-lemon-10pcs\/\">Hielo de Ar\u00e1ndano y Cereza efervescente y Frambuesa Lim\u00f3n<\/a><\/li>\n<li><a href=\"https:\/\/fizzyvape.eu\/es\/producto\/fizzy-max-iii-6en1-60k-60000-puffs-vape-desechable-recargable-sandia-hielo-y-fresa-vainilla-coca-cola-y-mezcla-de-bayas-10pcs\/\">Sand\u00eda Helada y Fresa Vainilla Coca-Cola y Mixta<\/a><\/li>\n<li><a href=\"https:\/\/fizzyvape.eu\/es\/producto\/fizzy-max-iii-6en1-60k-60000-puffs-vape-desechable-recargable-fresa-uva-arandano-coco-melocoton-limon-10pcs\/\">Fresa Uva y Ar\u00e1ndano Coco y Melocot\u00f3n Lim\u00f3n<\/a><\/li>\n<li><a href=\"https:\/\/fizzyvape.eu\/es\/producto\/vapeador-desechable-recargable-fizzy-max-iii-6en1-60k-60000-puffs-hielo-razz-azul-kiwi-fresa-naranja-pina-agria-10pcs\/\">Blue Razz Hielo y Fresa Kiwi y Pi\u00f1a Agria Naranja<\/a><\/li>\n<li><a href=\"https:\/\/fizzyvape.eu\/es\/producto\/fizzy-max-iii-6en1-60k-60000-puffs-vape-desechable-recargable-sandia-fresa-lima-limon-coco-arandano-10pcs\/\">Fresa Sand\u00eda &amp; Lim\u00f3n Lima &amp; Ar\u00e1ndanos Coco<\/a><\/li>\n<\/ol>\n<p>&nbsp;<\/p>\n<h3>Por qu\u00e9 te encantar\u00e1 el Fizzy Max III 6 en 1<\/h3>\n<ul>\n<li><strong>Variedad sin igual:<\/strong> Seis dispositivos, cada uno con seis opciones de sabor, significa infinitas posibilidades en un solo paquete.<\/li>\n<li><strong>Cambio de sabor sin esfuerzo:<\/strong> La boquilla giratoria hace que cambiar de sabor sea incre\u00edblemente sencillo e intuitivo.<\/li>\n<li><strong>Disfrute prolongado:<\/strong> Con hasta 60.000 caladas por dispositivo, estar\u00e1s vapeando m\u00e1s tiempo sin necesidad de recambios.<\/li>\n<li><strong>Calidad constante:<\/strong> La tecnolog\u00eda avanzada garantiza un sabor intenso y nubes densas de principio a fin.<\/li>\n<li><strong>Env\u00edo r\u00e1pido y fiable:<\/strong> Recibe tu aventura de sabores r\u00e1pidamente desde Europa, evitando retrasos en las aduanas.<\/li>\n<li><strong>Excelente y c\u00f3modo:<\/strong> Un dise\u00f1o elegante y duradero con carga r\u00e1pida y una pantalla LED clara para una experiencia realmente sin complicaciones.<\/li>\n<\/ul>\n<h3><strong>  FAQ &#8211; Fizzy Max III 6en1 60K Vape Desechable<\/strong><\/h3>\n<p><strong>1. \u00bfCu\u00e1ntas caladas ofrece cada dispositivo Fizzy Max III?<\/strong><\/p>\n<p>Cada dispositivo proporciona la incre\u00edble cifra de <strong>hasta 60.000 caladas<\/strong>, gracias a su sistema de e-l\u00edquido de 60 ml de gran capacidad y a su potente bater\u00eda recargable.<\/p>\n<p><strong>2. \u00bfEs recargable el vaporizador desechable Fizzy Max III?<\/strong><\/p>\n<p>S\u00ed, \u00a1por supuesto! Incorpora una robusta bater\u00eda recargable de 850 mAh con carga r\u00e1pida Tipo-C. Puedes recargarla f\u00e1cilmente varias veces para asegurarte de que disfrutas de cada calada.  <\/p>\n<p><strong>3. \u00bfC\u00f3mo cambio de sabores en el dispositivo 6 en 1?<\/strong><\/p>\n<p>\u00a1Es superf\u00e1cil! Simplemente <strong>levanta y gira la boquilla<\/strong>. El sistema de rotaci\u00f3n inteligente recorre intuitivamente los 3 sabores individuales y los 3 modos mixtos \u00fanicos, ofreci\u00e9ndote 6 experiencias de sabor en total.  <\/p>\n<p><strong>4. \u00bfCu\u00e1ntos sabores hay realmente en un aparato?<\/strong><\/p>\n<p>Cada dispositivo viene con 3 c\u00e1psulas precargadas de sabores independientes. Cuando se combinan con los 3 modos mixtos que se activan girando la boquilla, \u00a1obtienes <strong>6 experiencias de sabor distintas<\/strong> con un solo vapeo! <\/p>\n<p><strong>5. \u00bfQu\u00e9 concentraciones de nicotina hay disponibles?<\/strong><\/p>\n<p>Los vaporizadores Fizzy Max III est\u00e1n disponibles en dos c\u00f3modas opciones de potencia de nicotina: <strong>2% (<\/strong> <strong>20mg\/mL<\/strong> <strong>)<\/strong>, ideal para un vapeo suave y sabroso, y <strong>5% (50mg\/mL)<\/strong>, dise\u00f1ado para un golpe de garganta m\u00e1s fuerte y satisfactorio.<\/p>\n","protected":false},"excerpt":{"rendered":"<p>Experimenta la m\u00e1xima variedad con la Colecci\u00f3n de <strong>Sabores Sorpresa Fizzy Max III 6en1<\/strong>: <strong>6 vapeadores desechables recargables<\/strong>, cada uno de los cuales ofrece hasta <strong>60.000 caladas<\/strong> y <strong>6 modos de sabor \u00fanicos<\/strong>. Disfruta de la tecnolog\u00eda de boquilla giratoria, <strong>pantalla LED<\/strong>, <strong>carga USB-C<\/strong>, <strong>rendimiento de la bobina de malla<\/strong> y <strong>opciones de 2% o 5% de nicotina<\/strong> en un misterioso paquete premium. <\/p>\n","protected":false},"featured_media":32790,"comment_status":"open","ping_status":"closed","template":"","meta":{"iawp_total_views":70},"product_brand":[],"product_cat":[951,960,260],"product_tag":[],"class_list":{"0":"post-33055","1":"product","2":"type-product","3":"status-publish","4":"has-post-thumbnail","6":"product_cat-eu-warehouse-es","7":"product_cat-hot-selling-vape-es","8":"product_cat-multi-flavor-pack-es","10":"first","11":"outofstock","12":"sale","13":"shipping-taxable","14":"purchasable","15":"product-type-variable"},"yoast_head":"<!-- This site is optimized with the Yoast SEO Premium plugin v24.8 (Yoast SEO v24.8) - https:\/\/yoast.com\/wordpress\/plugins\/seo\/ -->\n<title>60000 Puffs 6 en 1 Vape Desechable - Caja Misteriosa (6pcs)<\/title>\n<meta name=\"description\" content=\"Pack de 6 vaporizadores desechables Fizzy Max 6 en 1 de 60000 caladas: cada dispositivo recargable tiene 6 sabores rotativos para una variedad inigualable.\" \/>\n<meta name=\"robots\" content=\"index, follow, max-snippet:-1, max-image-preview:large, max-video-preview:-1\" \/>\n<link rel=\"canonical\" href=\"https:\/\/fizzyvape.eu\/es\/producto\/vapeador-desechable-recargable-fizzy-max-iii-6en1-60k-60000-puffs-coleccion-de-sabores-sorpresa-pack-de-6\/\" \/>\n<meta property=\"og:locale\" content=\"es_ES\" \/>\n<meta property=\"og:type\" content=\"article\" \/>\n<meta property=\"og:title\" content=\"Vapeador Desechable Recargable Fizzy Max III 6en1 60K 60000 Puffs - Colecci\u00f3n de Sabores Sorpresa (pack de 6)\" \/>\n<meta property=\"og:description\" content=\"Pack de 6 vaporizadores desechables Fizzy Max 6 en 1 de 60000 caladas: cada dispositivo recargable tiene 6 sabores rotativos para una variedad inigualable.\" \/>\n<meta property=\"og:url\" content=\"https:\/\/fizzyvape.eu\/es\/producto\/vapeador-desechable-recargable-fizzy-max-iii-6en1-60k-60000-puffs-coleccion-de-sabores-sorpresa-pack-de-6\/\" \/>\n<meta property=\"og:site_name\" content=\"fizzyvape.eu\" \/>\n<meta property=\"article:modified_time\" content=\"2025-10-08T12:22:34+00:00\" \/>\n<meta property=\"og:image\" content=\"https:\/\/fizzyvape.eu\/wp-content\/uploads\/2025\/06\/Fizzy-Max-III-6in1-60K-60000-Puffs-Disposable-Vape-01.webp\" \/>\n\t<meta property=\"og:image:width\" content=\"800\" \/>\n\t<meta property=\"og:image:height\" content=\"800\" \/>\n\t<meta property=\"og:image:type\" content=\"image\/webp\" \/>\n<meta name=\"twitter:card\" content=\"summary_large_image\" \/>\n<meta name=\"twitter:label1\" content=\"Disponibilidad\" \/>\n\t<meta name=\"twitter:data1\" content=\"Sin existencias\" \/>\n<script type=\"application\/ld+json\" class=\"yoast-schema-graph\">{\"@context\":\"https:\/\/schema.org\",\"@graph\":[{\"@type\":\"WebPage\",\"@id\":\"https:\/\/fizzyvape.eu\/es\/producto\/vapeador-desechable-recargable-fizzy-max-iii-6en1-60k-60000-puffs-coleccion-de-sabores-sorpresa-pack-de-6\/\",\"url\":\"https:\/\/fizzyvape.eu\/es\/producto\/vapeador-desechable-recargable-fizzy-max-iii-6en1-60k-60000-puffs-coleccion-de-sabores-sorpresa-pack-de-6\/\",\"name\":\"60000 Puffs 6 en 1 Vape Desechable - Caja Misteriosa (6pcs)\",\"isPartOf\":{\"@id\":\"https:\/\/www.fizzyvape.eu\/es\/#website\"},\"primaryImageOfPage\":{\"@id\":\"https:\/\/fizzyvape.eu\/es\/producto\/vapeador-desechable-recargable-fizzy-max-iii-6en1-60k-60000-puffs-coleccion-de-sabores-sorpresa-pack-de-6\/#primaryimage\"},\"image\":{\"@id\":\"https:\/\/fizzyvape.eu\/es\/producto\/vapeador-desechable-recargable-fizzy-max-iii-6en1-60k-60000-puffs-coleccion-de-sabores-sorpresa-pack-de-6\/#primaryimage\"},\"thumbnailUrl\":\"https:\/\/fizzyvape.eu\/wp-content\/uploads\/2025\/06\/Fizzy-Max-III-6in1-60K-60000-Puffs-Disposable-Vape-01.webp\",\"datePublished\":\"2025-06-11T06:32:35+00:00\",\"dateModified\":\"2025-10-08T12:22:34+00:00\",\"description\":\"Pack de 6 vaporizadores desechables Fizzy Max 6 en 1 de 60000 caladas: cada dispositivo recargable tiene 6 sabores rotativos para una variedad inigualable.\",\"breadcrumb\":{\"@id\":\"https:\/\/fizzyvape.eu\/es\/producto\/vapeador-desechable-recargable-fizzy-max-iii-6en1-60k-60000-puffs-coleccion-de-sabores-sorpresa-pack-de-6\/#breadcrumb\"},\"inLanguage\":\"es\",\"potentialAction\":[{\"@type\":\"ReadAction\",\"target\":[\"https:\/\/fizzyvape.eu\/es\/producto\/vapeador-desechable-recargable-fizzy-max-iii-6en1-60k-60000-puffs-coleccion-de-sabores-sorpresa-pack-de-6\/\"]}]},{\"@type\":\"ImageObject\",\"inLanguage\":\"es\",\"@id\":\"https:\/\/fizzyvape.eu\/es\/producto\/vapeador-desechable-recargable-fizzy-max-iii-6en1-60k-60000-puffs-coleccion-de-sabores-sorpresa-pack-de-6\/#primaryimage\",\"url\":\"https:\/\/fizzyvape.eu\/wp-content\/uploads\/2025\/06\/Fizzy-Max-III-6in1-60K-60000-Puffs-Disposable-Vape-01.webp\",\"contentUrl\":\"https:\/\/fizzyvape.eu\/wp-content\/uploads\/2025\/06\/Fizzy-Max-III-6in1-60K-60000-Puffs-Disposable-Vape-01.webp\",\"width\":800,\"height\":800,\"caption\":\"Fizzy Max III 6en1 60K 60000 Puffs Vape Desechable 01\"},{\"@type\":\"BreadcrumbList\",\"@id\":\"https:\/\/fizzyvape.eu\/es\/producto\/vapeador-desechable-recargable-fizzy-max-iii-6en1-60k-60000-puffs-coleccion-de-sabores-sorpresa-pack-de-6\/#breadcrumb\",\"itemListElement\":[{\"@type\":\"ListItem\",\"position\":1,\"name\":\"Home\",\"item\":\"https:\/\/fizzyvape.eu\/es\/\"},{\"@type\":\"ListItem\",\"position\":2,\"name\":\"Tienda\",\"item\":\"https:\/\/www.fizzyvape.eu\/es\/tienda\/\"},{\"@type\":\"ListItem\",\"position\":3,\"name\":\"Vapeador Desechable Recargable Fizzy Max III 6en1 60K 60000 Puffs &#8211; Colecci\u00f3n de Sabores Sorpresa (pack de 6)\"}]},{\"@type\":\"WebSite\",\"@id\":\"https:\/\/www.fizzyvape.eu\/es\/#website\",\"url\":\"https:\/\/www.fizzyvape.eu\/es\/\",\"name\":\"fizzyvape.eu\",\"description\":\"Refreshing Vapes. Unforgettable Taste.\",\"publisher\":{\"@id\":\"https:\/\/www.fizzyvape.eu\/es\/#organization\"},\"potentialAction\":[{\"@type\":\"SearchAction\",\"target\":{\"@type\":\"EntryPoint\",\"urlTemplate\":\"https:\/\/www.fizzyvape.eu\/es\/?s={search_term_string}\"},\"query-input\":{\"@type\":\"PropertyValueSpecification\",\"valueRequired\":true,\"valueName\":\"search_term_string\"}}],\"inLanguage\":\"es\"},{\"@type\":\"Organization\",\"@id\":\"https:\/\/www.fizzyvape.eu\/es\/#organization\",\"name\":\"fizzyvape.eu\",\"url\":\"https:\/\/www.fizzyvape.eu\/es\/\",\"logo\":{\"@type\":\"ImageObject\",\"inLanguage\":\"es\",\"@id\":\"https:\/\/www.fizzyvape.eu\/es\/#\/schema\/logo\/image\/\",\"url\":\"https:\/\/fizzyvape.eu\/wp-content\/uploads\/2019\/06\/print-1.svg\",\"contentUrl\":\"https:\/\/fizzyvape.eu\/wp-content\/uploads\/2019\/06\/print-1.svg\",\"width\":124,\"height\":37,\"caption\":\"fizzyvape.eu\"},\"image\":{\"@id\":\"https:\/\/www.fizzyvape.eu\/es\/#\/schema\/logo\/image\/\"}}]}<\/script>\n<meta property=\"og:availability\" content=\"out of stock\" \/>\n<meta property=\"product:availability\" content=\"out of stock\" \/>\n<meta property=\"product:condition\" content=\"new\" \/>\n<!-- \/ Yoast SEO Premium plugin. -->","yoast_head_json":{"title":"60000 Puffs 6 en 1 Vape Desechable - Caja Misteriosa (6pcs)","description":"Pack de 6 vaporizadores desechables Fizzy Max 6 en 1 de 60000 caladas: cada dispositivo recargable tiene 6 sabores rotativos para una variedad inigualable.","robots":{"index":"index","follow":"follow","max-snippet":"max-snippet:-1","max-image-preview":"max-image-preview:large","max-video-preview":"max-video-preview:-1"},"canonical":"https:\/\/fizzyvape.eu\/es\/producto\/vapeador-desechable-recargable-fizzy-max-iii-6en1-60k-60000-puffs-coleccion-de-sabores-sorpresa-pack-de-6\/","og_locale":"es_ES","og_type":"article","og_title":"Vapeador Desechable Recargable Fizzy Max III 6en1 60K 60000 Puffs - Colecci\u00f3n de Sabores Sorpresa (pack de 6)","og_description":"Pack de 6 vaporizadores desechables Fizzy Max 6 en 1 de 60000 caladas: cada dispositivo recargable tiene 6 sabores rotativos para una variedad inigualable.","og_url":"https:\/\/fizzyvape.eu\/es\/producto\/vapeador-desechable-recargable-fizzy-max-iii-6en1-60k-60000-puffs-coleccion-de-sabores-sorpresa-pack-de-6\/","og_site_name":"fizzyvape.eu","article_modified_time":"2025-10-08T12:22:34+00:00","og_image":[{"width":800,"height":800,"url":"https:\/\/fizzyvape.eu\/wp-content\/uploads\/2025\/06\/Fizzy-Max-III-6in1-60K-60000-Puffs-Disposable-Vape-01.webp","type":"image\/webp"}],"twitter_card":"summary_large_image","twitter_misc":{"Disponibilidad":"Sin existencias"},"schema":{"@context":"https:\/\/schema.org","@graph":[{"@type":"WebPage","@id":"https:\/\/fizzyvape.eu\/es\/producto\/vapeador-desechable-recargable-fizzy-max-iii-6en1-60k-60000-puffs-coleccion-de-sabores-sorpresa-pack-de-6\/","url":"https:\/\/fizzyvape.eu\/es\/producto\/vapeador-desechable-recargable-fizzy-max-iii-6en1-60k-60000-puffs-coleccion-de-sabores-sorpresa-pack-de-6\/","name":"60000 Puffs 6 en 1 Vape Desechable - Caja Misteriosa (6pcs)","isPartOf":{"@id":"https:\/\/www.fizzyvape.eu\/es\/#website"},"primaryImageOfPage":{"@id":"https:\/\/fizzyvape.eu\/es\/producto\/vapeador-desechable-recargable-fizzy-max-iii-6en1-60k-60000-puffs-coleccion-de-sabores-sorpresa-pack-de-6\/#primaryimage"},"image":{"@id":"https:\/\/fizzyvape.eu\/es\/producto\/vapeador-desechable-recargable-fizzy-max-iii-6en1-60k-60000-puffs-coleccion-de-sabores-sorpresa-pack-de-6\/#primaryimage"},"thumbnailUrl":"https:\/\/fizzyvape.eu\/wp-content\/uploads\/2025\/06\/Fizzy-Max-III-6in1-60K-60000-Puffs-Disposable-Vape-01.webp","datePublished":"2025-06-11T06:32:35+00:00","dateModified":"2025-10-08T12:22:34+00:00","description":"Pack de 6 vaporizadores desechables Fizzy Max 6 en 1 de 60000 caladas: cada dispositivo recargable tiene 6 sabores rotativos para una variedad inigualable.","breadcrumb":{"@id":"https:\/\/fizzyvape.eu\/es\/producto\/vapeador-desechable-recargable-fizzy-max-iii-6en1-60k-60000-puffs-coleccion-de-sabores-sorpresa-pack-de-6\/#breadcrumb"},"inLanguage":"es","potentialAction":[{"@type":"ReadAction","target":["https:\/\/fizzyvape.eu\/es\/producto\/vapeador-desechable-recargable-fizzy-max-iii-6en1-60k-60000-puffs-coleccion-de-sabores-sorpresa-pack-de-6\/"]}]},{"@type":"ImageObject","inLanguage":"es","@id":"https:\/\/fizzyvape.eu\/es\/producto\/vapeador-desechable-recargable-fizzy-max-iii-6en1-60k-60000-puffs-coleccion-de-sabores-sorpresa-pack-de-6\/#primaryimage","url":"https:\/\/fizzyvape.eu\/wp-content\/uploads\/2025\/06\/Fizzy-Max-III-6in1-60K-60000-Puffs-Disposable-Vape-01.webp","contentUrl":"https:\/\/fizzyvape.eu\/wp-content\/uploads\/2025\/06\/Fizzy-Max-III-6in1-60K-60000-Puffs-Disposable-Vape-01.webp","width":800,"height":800,"caption":"Fizzy Max III 6en1 60K 60000 Puffs Vape Desechable 01"},{"@type":"BreadcrumbList","@id":"https:\/\/fizzyvape.eu\/es\/producto\/vapeador-desechable-recargable-fizzy-max-iii-6en1-60k-60000-puffs-coleccion-de-sabores-sorpresa-pack-de-6\/#breadcrumb","itemListElement":[{"@type":"ListItem","position":1,"name":"Home","item":"https:\/\/fizzyvape.eu\/es\/"},{"@type":"ListItem","position":2,"name":"Tienda","item":"https:\/\/www.fizzyvape.eu\/es\/tienda\/"},{"@type":"ListItem","position":3,"name":"Vapeador Desechable Recargable Fizzy Max III 6en1 60K 60000 Puffs &#8211; Colecci\u00f3n de Sabores Sorpresa (pack de 6)"}]},{"@type":"WebSite","@id":"https:\/\/www.fizzyvape.eu\/es\/#website","url":"https:\/\/www.fizzyvape.eu\/es\/","name":"fizzyvape.eu","description":"Refreshing Vapes. Unforgettable Taste.","publisher":{"@id":"https:\/\/www.fizzyvape.eu\/es\/#organization"},"potentialAction":[{"@type":"SearchAction","target":{"@type":"EntryPoint","urlTemplate":"https:\/\/www.fizzyvape.eu\/es\/?s={search_term_string}"},"query-input":{"@type":"PropertyValueSpecification","valueRequired":true,"valueName":"search_term_string"}}],"inLanguage":"es"},{"@type":"Organization","@id":"https:\/\/www.fizzyvape.eu\/es\/#organization","name":"fizzyvape.eu","url":"https:\/\/www.fizzyvape.eu\/es\/","logo":{"@type":"ImageObject","inLanguage":"es","@id":"https:\/\/www.fizzyvape.eu\/es\/#\/schema\/logo\/image\/","url":"https:\/\/fizzyvape.eu\/wp-content\/uploads\/2019\/06\/print-1.svg","contentUrl":"https:\/\/fizzyvape.eu\/wp-content\/uploads\/2019\/06\/print-1.svg","width":124,"height":37,"caption":"fizzyvape.eu"},"image":{"@id":"https:\/\/www.fizzyvape.eu\/es\/#\/schema\/logo\/image\/"}}]},"og_availability":"out of stock","product_availability":"out of stock","product_condition":"new"},"tiered_pricing_type":"fixed","tiered_pricing_fixed_rules":[],"tiered_pricing_product_settings":{"layout":"default","base_unit_name":{"singular":null,"plural":null},"default_variation":null},"tiered_pricing_minimum_quantity":null,"tiered_pricing_roles_data":[],"tiered_pricing_percentage_rules":[],"tiered_pricing_maximum_quantity":null,"tiered_pricing_quantity_step":null,"_links":{"self":[{"href":"https:\/\/fizzyvape.eu\/es\/wp-json\/wp\/v2\/product\/33055","targetHints":{"allow":["GET"]}}],"collection":[{"href":"https:\/\/fizzyvape.eu\/es\/wp-json\/wp\/v2\/product"}],"about":[{"href":"https:\/\/fizzyvape.eu\/es\/wp-json\/wp\/v2\/types\/product"}],"replies":[{"embeddable":true,"href":"https:\/\/fizzyvape.eu\/es\/wp-json\/wp\/v2\/comments?post=33055"}],"version-history":[{"count":0,"href":"https:\/\/fizzyvape.eu\/es\/wp-json\/wp\/v2\/product\/33055\/revisions"}],"wp:featuredmedia":[{"embeddable":true,"href":"https:\/\/fizzyvape.eu\/es\/wp-json\/wp\/v2\/media\/32790"}],"wp:attachment":[{"href":"https:\/\/fizzyvape.eu\/es\/wp-json\/wp\/v2\/media?parent=33055"}],"wp:term":[{"taxonomy":"product_brand","embeddable":true,"href":"https:\/\/fizzyvape.eu\/es\/wp-json\/wp\/v2\/product_brand?post=33055"},{"taxonomy":"product_cat","embeddable":true,"href":"https:\/\/fizzyvape.eu\/es\/wp-json\/wp\/v2\/product_cat?post=33055"},{"taxonomy":"product_tag","embeddable":true,"href":"https:\/\/fizzyvape.eu\/es\/wp-json\/wp\/v2\/product_tag?post=33055"}],"curies":[{"name":"wp","href":"https:\/\/api.w.org\/{rel}","templated":true}]}}