{"id":33064,"date":"2025-06-11T10:34:02","date_gmt":"2025-06-11T02:34:02","guid":{"rendered":"https:\/\/fizzyvape.eu\/product\/fizzy-max-iii-6en1-60k-60000-puffs-vape-desechable-recargable-sandia-hielo-y-fresa-vainilla-coca-cola-y-mezcla-de-bayas-10pcs\/"},"modified":"2025-06-11T10:34:02","modified_gmt":"2025-06-11T02:34:02","slug":"fizzy-max-iii-6en1-60k-60000-puffs-vape-desechable-recargable-sandia-hielo-y-fresa-vainilla-coca-cola-y-mezcla-de-bayas-10pcs","status":"publish","type":"product","link":"https:\/\/fizzyvape.eu\/es\/producto\/fizzy-max-iii-6en1-60k-60000-puffs-vape-desechable-recargable-sandia-hielo-y-fresa-vainilla-coca-cola-y-mezcla-de-bayas-10pcs\/","title":{"rendered":"Fizzy Max III 6en1 60K 60000 Puffs Vape Desechable Recargable &#8211; Sand\u00eda Hielo y Fresa Vainilla Coca-Cola y Mezcla de Bayas &#8211; 10pcs"},"content":{"rendered":"<p><img decoding=\"async\" class=\"aligncenter\" src=\"https:\/\/fizzyvape.eu\/wp-content\/uploads\/2025\/06\/Fizzy-Max-III-6in1-60K-60000-Puffs-4-1.webp\" alt=\"Fizzy Max III 60000 Puffs 6en1 Vape Desechable (4)\"><\/p>\n<h1>Fizzy Max III 6en1 60K 60000 Puffs Vape Desechable Recargable &#8211; Sand\u00eda Hielo y Fresa Vainilla Coca-Cola y Mezcla de Bayas &#8211; 10pcs<\/h1>\n<p><strong>6 sabores en 1 aparato revolucionario<\/strong><br \/>\n<strong>Experimenta la m\u00e1xima evoluci\u00f3n de sabores con el Fizzy Max III 6 en 1, \u00a1un revolucionario vapeador desechable dise\u00f1ado para ofrecer una variedad y satisfacci\u00f3n sin igual!<\/strong>  Este avanzado paquete de 10 unidades incluye dispositivos con tres c\u00e1psulas precargadas de 20 ml cada una: un refrescante Hielo de Sand\u00eda, una exclusiva Coca-Cola de Fresa y Vainilla, y una vibrante mezcla de Bayas Mixtas. Gracias a su ingenioso mecanismo de mezcla de sabores y a la innovadora boquilla giratoria, un solo Fizzy Max III desbloquea <strong>seis incre\u00edbles experiencias de sabor<\/strong>, ofreciendo potencia, comodidad e infinitas aventuras de sabor, todo en una elegante unidad. <\/p>\n<h2>Modos de sabor:<\/h2>\n<ul>\n<li><strong>Sand\u00eda Helada (A):<\/strong> Un refrescante golpe de jugosa sand\u00eda madura con un final refrescante perfectamente equilibrado.<\/li>\n<li><strong>Coca-Cola de Fresa y Vainilla (B):<\/strong> Un delicioso giro de refresco efervescente que combina la dulce fresa y la suave vainilla para un sabor realmente \u00fanico.<\/li>\n<li><strong>Mezcla de bayas (C):<\/strong> Una vibrante mezcla de bayas maduras y \u00e1cidas rebosantes de aut\u00e9ntico y jugoso sabor.<\/li>\n<li><strong>Mix AB (Mezcla de sabores):<\/strong> Descubre una fusi\u00f3n fresca e intrigante de cola de sand\u00eda con una efervescencia sutil y afrutada.<\/li>\n<li><strong>Mix BC (Mezcla de sabores):<\/strong> Saborea una espumosa mezcla de cola de bayas con deliciosos matices cremosos.<\/li>\n<li><strong>Mix CA (Sabor Mezclado):<\/strong> Disfruta de una refrescante combinaci\u00f3n de crujiente sand\u00eda helada y una mezcla de bayas silvestres.<\/li>\n<\/ul>\n<p>Con una simple <strong>elevaci\u00f3n y rotaci\u00f3n de la boquilla<\/strong>, puedes cambiar entre los modos de sabor en esta secuencia:<br \/>\n<strong>A \u2192 Mezcla AB \u2192 B \u2192 Mezcla BC \u2192 C \u2192 Mezcla CA<\/strong><\/p>\n<p>Explora sin esfuerzo los seis perfiles de sabor con un dise\u00f1o giratorio inteligente que hace que el cambio de sabores sea suave y fluido. Mira c\u00f3mo funciona en nuestro <a href=\"https:\/\/www.youtube.com\/watch?v=CoxB_HvaU3k\">v\u00eddeo de demostraci\u00f3n<\/a>. <\/p>\n<h2>Productos destacados<\/h2>\n<ul>\n<li><strong>60.000 caladas masivas:<\/strong> Experimenta una mayor longevidad durante semanas de placer constante.<\/li>\n<li><strong>Revolucionario sistema de 6 sabores en 1:<\/strong> Disfruta de 3 sabores individuales distintos y 3 combinaciones mixtas \u00fanicas, todo desde un solo dispositivo.<\/li>\n<li><strong>Generosa capacidad de 60 ml de e-l\u00edquido:<\/strong> Equipado con tres c\u00e1psulas precargadas de 20 ml, que garantizan un disfrute duradero sin necesidad de recargas.<\/li>\n<li><strong>Potente bater\u00eda recargable de 850 mAh (Tipo-C):<\/strong> Proporciona una potencia constante y se recarga r\u00e1pidamente mediante un c\u00f3modo USB Tipo-C.<\/li>\n<li><strong>Tecnolog\u00eda avanzada de bobina de malla:<\/strong> Garantiza un vape m\u00e1s suave, un suministro de sabor m\u00e1s rico y nubes de vapor consistentemente densas.<\/li>\n<li><strong>Pantalla LED inteligente:<\/strong> Monitoriza f\u00e1cilmente el nivel de bater\u00eda y el modo de vapeo actual en tiempo real, para que siempre tengas el control.<\/li>\n<li><strong>Vida \u00fatil prolongada:<\/strong> Disfruta de una generosa vida \u00fatil de 2 a\u00f1os, que garantiza la frescura.<\/li>\n<li><strong>Opciones de potencia de nicotina:<\/strong> Disponible tanto en <strong>2% (20mg\/mL<\/strong> ) como en <strong>5% (50mg\/mL<\/strong> ) para adaptarse a tus preferencias.<\/li>\n<\/ul>\n<h3><strong>Lista de Sabores de Vape Desechable Fizzy Max III 6en1 60000 Puffs:<\/strong><\/h3>\n<ol>\n<li><a href=\"https:\/\/fizzyvape.eu\/es\/producto\/fizzy-max-iii-6en1-60k-60000-puffs-vape-desechable-recargable-fresa-frambuesa-mango-melocoton-arandano-sandia-10pcs\/\">Fresa Frambuesa y Mango Melocot\u00f3n y Ar\u00e1ndanos Sand\u00eda<\/a><\/li>\n<li><a href=\"https:\/\/fizzyvape.eu\/es\/producto\/vapeador-desechable-recargable-fizzy-max-iii-6en1-60k-60000-puffs-mixed-berry-kiwi-passion-fruit-guava-strawberry-watermelon-10pcs\/\">Mezcla de bayas y kiwi Fruta de la pasi\u00f3n Guayaba y fresa Sand\u00eda<\/a><\/li>\n<li><a href=\"https:\/\/fizzyvape.eu\/es\/producto\/vapeador-desechable-recargable-fizzy-max-iii-6en1-60k-60000-puffs-arandano-frambuesa-triple-melon-fresa-helada-10pcs\/\">Ar\u00e1ndano Frambuesa y Triple Helado de Mel\u00f3n y Fresa<\/a><\/li>\n<li><a href=\"https:\/\/fizzyvape.eu\/es\/producto\/vapeador-desechable-recargable-fizzy-max-iii-6en1-60k-60000-puffs-fruta-del-dragon-fresa-red-bull-sandia-frambuesa-10pcs\/\">Fruta del Drag\u00f3n Fresa &amp; Red Bull &amp; Sand\u00eda Frambuesa<\/a><\/li>\n<li><a href=\"https:\/\/fizzyvape.eu\/es\/producto\/fizzy-max-iii-6en1-60k-60000-puffs-vape-desechable-recargable-fresa-kiwi-arandano-hielo-sandia-hielo-10pcs\/\">Hielo de fresa, kiwi, ar\u00e1ndanos y sand\u00eda<\/a><\/li>\n<li><a href=\"https:\/\/fizzyvape.eu\/es\/producto\/vapeador-desechable-recargable-fizzy-max-iii-6en1-60k-60000-puffs-blueberry-ice-fizzy-cherry-raspberry-lemon-10pcs\/\">Hielo de Ar\u00e1ndano y Cereza efervescente y Frambuesa Lim\u00f3n<\/a><\/li>\n<li><a href=\"https:\/\/fizzyvape.eu\/es\/producto\/fizzy-max-iii-6en1-60k-60000-puffs-vape-desechable-recargable-sandia-hielo-y-fresa-vainilla-coca-cola-y-mezcla-de-bayas-10pcs\/\">Sand\u00eda Helada y Fresa Vainilla Coca-Cola y Mixta<\/a><\/li>\n<li><a href=\"https:\/\/fizzyvape.eu\/es\/producto\/fizzy-max-iii-6en1-60k-60000-puffs-vape-desechable-recargable-fresa-uva-arandano-coco-melocoton-limon-10pcs\/\">Fresa Uva y Ar\u00e1ndano Coco y Melocot\u00f3n Lim\u00f3n<\/a><\/li>\n<li><a href=\"https:\/\/fizzyvape.eu\/es\/producto\/vapeador-desechable-recargable-fizzy-max-iii-6en1-60k-60000-puffs-hielo-razz-azul-kiwi-fresa-naranja-pina-agria-10pcs\/\">Blue Razz Hielo y Fresa Kiwi y Pi\u00f1a Agria Naranja<\/a><\/li>\n<li><a href=\"https:\/\/fizzyvape.eu\/es\/producto\/fizzy-max-iii-6en1-60k-60000-puffs-vape-desechable-recargable-sandia-fresa-lima-limon-coco-arandano-10pcs\/\">Fresa Sand\u00eda &amp; Lim\u00f3n Lima &amp; Ar\u00e1ndanos Coco<\/a><\/li>\n<\/ol>\n<h3><strong>Vapea a tu manera: MTL o DL &#8211; \u00a1T\u00fa eliges!<\/strong><\/h3>\n<ul>\n<li><strong>Modo Sabor \u00danico (MTL &#8211; Boca a Pulm\u00f3n):<\/strong> Disfruta de caladas limpias y controladas que imitan a la perfecci\u00f3n un cigarrillo tradicional, ideales para saborear cada perfil de sabor individual.<\/li>\n<li><strong>Modo de Mezcla de Sabor Dual (DL &#8211; Pulm\u00f3n Directo):<\/strong> Experimenta un flujo de aire mejorado para obtener nubes audaces y con cuerpo, con un sabor rico y complejo, perfecto para los vapeadores de pulm\u00f3n directo que buscan un golpe m\u00e1s intenso.<\/li>\n<\/ul>\n<h2>\u00bfPor qu\u00e9 elegir Fizzy Max III 6en1?<\/h2>\n<ul>\n<li><strong>Lo \u00faltimo en variedad de sabores:<\/strong> Seis sabores incre\u00edbles en un \u00fanico dispositivo compacto.<\/li>\n<li><strong>Cambio de sabor sin esfuerzo:<\/strong> La intuitiva boquilla giratoria permite cambiar de sabor al instante sin tener que cambiar de c\u00e1psula.<\/li>\n<li><strong>Longevidad inigualable:<\/strong> Con hasta 60.000 caladas y una bater\u00eda recargable, disfruta de un uso prolongado y un valor incre\u00edble.<\/li>\n<li><strong>Comodidad sin fisuras:<\/strong> Precargado, recargable y f\u00e1cil de usar: s\u00f3lo tienes que vapear y disfrutar.<\/li>\n<li><strong>Env\u00edo r\u00e1pido desde Europa:<\/strong> Recibe tus dispositivos r\u00e1pidamente desde nuestro almac\u00e9n de la UE, lo que garantiza una entrega r\u00e1pida sin retrasos aduaneros.<\/li>\n<\/ul>\n<h3><strong>FAQ &#8211; Fizzy Max III 6en1 60000 Vape Desechable<\/strong><\/h3>\n<p><strong>1. \u00bfCu\u00e1ntas caladas proporciona el Fizzy Max III 6 en 1?<\/strong><\/p>\n<p>El Fizzy Max III ofrece una impresionante autonom\u00eda de <strong>hasta 60.000 caladas<\/strong>, gracias a su gran capacidad de e-l\u00edquido de 60 ml y a su potente bater\u00eda recargable de 850 mAh.<\/p>\n<p><strong>2. \u00bfPuedo cambiar de sabor con este vaporizador desechable?<\/strong><\/p>\n<p>S\u00ed, \u00a1por supuesto! S\u00f3lo tienes que <strong>levantar y girar la boquilla<\/strong> para pasar sin esfuerzo por seis combinaciones de sabores diferentes -3 sabores individuales y 3 mezclas \u00fanicas-, todo ello sin cambiar de c\u00e1psula. <\/p>\n<p><strong>3. \u00bfEs recargable el Fizzy Max III?<\/strong><\/p>\n<p>\u00a1Pues s\u00ed! El dispositivo incluye una bater\u00eda recargable de 850 mAh con c\u00f3moda <strong>carga r\u00e1pida Tipo-C<\/strong> para un uso prolongado y para que disfrutes hasta la \u00faltima calada. <\/p>\n<p><strong>4. \u00bfQu\u00e9 concentraciones de nicotina hay disponibles en este vaporizador desechable?<\/strong><\/p>\n<p>Puedes elegir entre opciones de potencia de nicotina <strong>del 2% (20mg\/mL<\/strong> ) y <strong>del 5% (50mg\/mL<\/strong> ) para que se adapten perfectamente a tus preferencias de suavidad o de un golpe de garganta m\u00e1s fuerte.<\/p>\n<p><strong>5. \u00bfEl Fizzy Max III es apto para los estilos de vapeo MTL y DL?<\/strong><\/p>\n<p>\u00a1Sin duda! Admite tanto el <strong>modo boca a pulm\u00f3n (MTL)<\/strong> para caladas suaves y controladas, como el modo de <strong>pulm\u00f3n directo (DL)<\/strong>, que se activa con los sabores mezclados, para obtener nubes m\u00e1s grandes y sabores m\u00e1s atrevidos y complejos. <\/p>\n","protected":false},"excerpt":{"rendered":"<p><strong>El Vapeador Desechable Fizzy Max III 6 en 1 60000 caladas<\/strong> ofrece caladas masivas, una bater\u00eda <strong>recargable<\/strong> y 6 sabores intercambiables<strong>(Sand\u00eda Helada, Fresa Vainilla Coca-Cola, Bayas Mixtas y mezclas<\/strong>). Entre sus caracter\u00edsticas se incluye una <strong>pantalla LED<\/strong> y est\u00e1n disponibles en<strong> 2% o 5% de nicotina<\/strong>. <\/p>\n","protected":false},"featured_media":32466,"comment_status":"open","ping_status":"closed","template":"","meta":{"iawp_total_views":19},"product_brand":[],"product_cat":[586],"product_tag":[617,614,616,615],"class_list":{"0":"post-33064","1":"product","2":"type-product","3":"status-publish","4":"has-post-thumbnail","6":"product_cat-max-iii-6in1-60k-60000-puffs-rechargeable-disposable-vape-es","7":"product_tag-6-sabores-en-1-aparato","8":"product_tag-60000-puffs-es","9":"product_tag-recargable","10":"product_tag-vape-desechable","12":"first","13":"outofstock","14":"sale","15":"shipping-taxable","16":"purchasable","17":"product-type-variable"},"yoast_head":"<!-- This site is optimized with the Yoast SEO Premium plugin v24.8 (Yoast SEO v24.8) - https:\/\/yoast.com\/wordpress\/plugins\/seo\/ -->\n<title>Vapeador Desechable Recargable 6 en 1 Fizzy Max III 60000 Puffs<\/title>\n<meta name=\"description\" content=\"Vapeador desechable 6 en 1 Fizzy Max III: disfruta de 60000 caladas y 6 sabores. Este dispositivo recargable dispone de una pantalla LED y est\u00e1 disponible con 2% o 5% de nicotina.\" \/>\n<meta name=\"robots\" content=\"index, follow, max-snippet:-1, max-image-preview:large, max-video-preview:-1\" \/>\n<link rel=\"canonical\" href=\"https:\/\/fizzyvape.eu\/es\/producto\/fizzy-max-iii-6en1-60k-60000-puffs-vape-desechable-recargable-sandia-hielo-y-fresa-vainilla-coca-cola-y-mezcla-de-bayas-10pcs\/\" \/>\n<meta property=\"og:locale\" content=\"es_ES\" \/>\n<meta property=\"og:type\" content=\"article\" \/>\n<meta property=\"og:title\" content=\"Fizzy Max III 6en1 60K 60000 Puffs Vape Desechable Recargable - Sand\u00eda Hielo y Fresa Vainilla Coca-Cola y Mezcla de Bayas - 10pcs\" \/>\n<meta property=\"og:description\" content=\"Vapeador desechable 6 en 1 Fizzy Max III: disfruta de 60000 caladas y 6 sabores. Este dispositivo recargable dispone de una pantalla LED y est\u00e1 disponible con 2% o 5% de nicotina.\" \/>\n<meta property=\"og:url\" content=\"https:\/\/fizzyvape.eu\/es\/producto\/fizzy-max-iii-6en1-60k-60000-puffs-vape-desechable-recargable-sandia-hielo-y-fresa-vainilla-coca-cola-y-mezcla-de-bayas-10pcs\/\" \/>\n<meta property=\"og:site_name\" content=\"fizzyvape.eu\" \/>\n<meta property=\"og:image\" content=\"https:\/\/fizzyvape.eu\/wp-content\/uploads\/2025\/06\/Fizzy-Max-60000-Puffs-07.webp\" \/>\n\t<meta property=\"og:image:width\" content=\"800\" \/>\n\t<meta property=\"og:image:height\" content=\"800\" \/>\n\t<meta property=\"og:image:type\" content=\"image\/webp\" \/>\n<meta name=\"twitter:card\" content=\"summary_large_image\" \/>\n<meta name=\"twitter:label1\" content=\"Disponibilidad\" \/>\n\t<meta name=\"twitter:data1\" content=\"Sin existencias\" \/>\n<script type=\"application\/ld+json\" class=\"yoast-schema-graph\">{\"@context\":\"https:\/\/schema.org\",\"@graph\":[{\"@type\":\"WebPage\",\"@id\":\"https:\/\/fizzyvape.eu\/es\/producto\/fizzy-max-iii-6en1-60k-60000-puffs-vape-desechable-recargable-sandia-hielo-y-fresa-vainilla-coca-cola-y-mezcla-de-bayas-10pcs\/\",\"url\":\"https:\/\/fizzyvape.eu\/es\/producto\/fizzy-max-iii-6en1-60k-60000-puffs-vape-desechable-recargable-sandia-hielo-y-fresa-vainilla-coca-cola-y-mezcla-de-bayas-10pcs\/\",\"name\":\"Vapeador Desechable Recargable 6 en 1 Fizzy Max III 60000 Puffs\",\"isPartOf\":{\"@id\":\"https:\/\/www.fizzyvape.eu\/es\/#website\"},\"primaryImageOfPage\":{\"@id\":\"https:\/\/fizzyvape.eu\/es\/producto\/fizzy-max-iii-6en1-60k-60000-puffs-vape-desechable-recargable-sandia-hielo-y-fresa-vainilla-coca-cola-y-mezcla-de-bayas-10pcs\/#primaryimage\"},\"image\":{\"@id\":\"https:\/\/fizzyvape.eu\/es\/producto\/fizzy-max-iii-6en1-60k-60000-puffs-vape-desechable-recargable-sandia-hielo-y-fresa-vainilla-coca-cola-y-mezcla-de-bayas-10pcs\/#primaryimage\"},\"thumbnailUrl\":\"https:\/\/fizzyvape.eu\/wp-content\/uploads\/2025\/06\/Fizzy-Max-60000-Puffs-07.webp\",\"datePublished\":\"2025-06-11T02:34:02+00:00\",\"description\":\"Vapeador desechable 6 en 1 Fizzy Max III: disfruta de 60000 caladas y 6 sabores. Este dispositivo recargable dispone de una pantalla LED y est\u00e1 disponible con 2% o 5% de nicotina.\",\"breadcrumb\":{\"@id\":\"https:\/\/fizzyvape.eu\/es\/producto\/fizzy-max-iii-6en1-60k-60000-puffs-vape-desechable-recargable-sandia-hielo-y-fresa-vainilla-coca-cola-y-mezcla-de-bayas-10pcs\/#breadcrumb\"},\"inLanguage\":\"es\",\"potentialAction\":[{\"@type\":\"ReadAction\",\"target\":[\"https:\/\/fizzyvape.eu\/es\/producto\/fizzy-max-iii-6en1-60k-60000-puffs-vape-desechable-recargable-sandia-hielo-y-fresa-vainilla-coca-cola-y-mezcla-de-bayas-10pcs\/\"]}]},{\"@type\":\"ImageObject\",\"inLanguage\":\"es\",\"@id\":\"https:\/\/fizzyvape.eu\/es\/producto\/fizzy-max-iii-6en1-60k-60000-puffs-vape-desechable-recargable-sandia-hielo-y-fresa-vainilla-coca-cola-y-mezcla-de-bayas-10pcs\/#primaryimage\",\"url\":\"https:\/\/fizzyvape.eu\/wp-content\/uploads\/2025\/06\/Fizzy-Max-60000-Puffs-07.webp\",\"contentUrl\":\"https:\/\/fizzyvape.eu\/wp-content\/uploads\/2025\/06\/Fizzy-Max-60000-Puffs-07.webp\",\"width\":800,\"height\":800},{\"@type\":\"BreadcrumbList\",\"@id\":\"https:\/\/fizzyvape.eu\/es\/producto\/fizzy-max-iii-6en1-60k-60000-puffs-vape-desechable-recargable-sandia-hielo-y-fresa-vainilla-coca-cola-y-mezcla-de-bayas-10pcs\/#breadcrumb\",\"itemListElement\":[{\"@type\":\"ListItem\",\"position\":1,\"name\":\"Home\",\"item\":\"https:\/\/fizzyvape.eu\/es\/\"},{\"@type\":\"ListItem\",\"position\":2,\"name\":\"Tienda\",\"item\":\"https:\/\/www.fizzyvape.eu\/es\/tienda\/\"},{\"@type\":\"ListItem\",\"position\":3,\"name\":\"Fizzy Max III 6en1 60K 60000 Puffs Vape Desechable Recargable &#8211; Sand\u00eda Hielo y Fresa Vainilla Coca-Cola y Mezcla de Bayas &#8211; 10pcs\"}]},{\"@type\":\"WebSite\",\"@id\":\"https:\/\/www.fizzyvape.eu\/es\/#website\",\"url\":\"https:\/\/www.fizzyvape.eu\/es\/\",\"name\":\"fizzyvape.eu\",\"description\":\"Refreshing Vapes. Unforgettable Taste.\",\"publisher\":{\"@id\":\"https:\/\/www.fizzyvape.eu\/es\/#organization\"},\"potentialAction\":[{\"@type\":\"SearchAction\",\"target\":{\"@type\":\"EntryPoint\",\"urlTemplate\":\"https:\/\/www.fizzyvape.eu\/es\/?s={search_term_string}\"},\"query-input\":{\"@type\":\"PropertyValueSpecification\",\"valueRequired\":true,\"valueName\":\"search_term_string\"}}],\"inLanguage\":\"es\"},{\"@type\":\"Organization\",\"@id\":\"https:\/\/www.fizzyvape.eu\/es\/#organization\",\"name\":\"fizzyvape.eu\",\"url\":\"https:\/\/www.fizzyvape.eu\/es\/\",\"logo\":{\"@type\":\"ImageObject\",\"inLanguage\":\"es\",\"@id\":\"https:\/\/www.fizzyvape.eu\/es\/#\/schema\/logo\/image\/\",\"url\":\"https:\/\/fizzyvape.eu\/wp-content\/uploads\/2019\/06\/print-1.svg\",\"contentUrl\":\"https:\/\/fizzyvape.eu\/wp-content\/uploads\/2019\/06\/print-1.svg\",\"width\":124,\"height\":37,\"caption\":\"fizzyvape.eu\"},\"image\":{\"@id\":\"https:\/\/www.fizzyvape.eu\/es\/#\/schema\/logo\/image\/\"}}]}<\/script>\n<meta property=\"og:availability\" content=\"out of stock\" \/>\n<meta property=\"product:availability\" content=\"out of stock\" \/>\n<meta property=\"product:condition\" content=\"new\" \/>\n<!-- \/ Yoast SEO Premium plugin. -->","yoast_head_json":{"title":"Vapeador Desechable Recargable 6 en 1 Fizzy Max III 60000 Puffs","description":"Vapeador desechable 6 en 1 Fizzy Max III: disfruta de 60000 caladas y 6 sabores. Este dispositivo recargable dispone de una pantalla LED y est\u00e1 disponible con 2% o 5% de nicotina.","robots":{"index":"index","follow":"follow","max-snippet":"max-snippet:-1","max-image-preview":"max-image-preview:large","max-video-preview":"max-video-preview:-1"},"canonical":"https:\/\/fizzyvape.eu\/es\/producto\/fizzy-max-iii-6en1-60k-60000-puffs-vape-desechable-recargable-sandia-hielo-y-fresa-vainilla-coca-cola-y-mezcla-de-bayas-10pcs\/","og_locale":"es_ES","og_type":"article","og_title":"Fizzy Max III 6en1 60K 60000 Puffs Vape Desechable Recargable - Sand\u00eda Hielo y Fresa Vainilla Coca-Cola y Mezcla de Bayas - 10pcs","og_description":"Vapeador desechable 6 en 1 Fizzy Max III: disfruta de 60000 caladas y 6 sabores. Este dispositivo recargable dispone de una pantalla LED y est\u00e1 disponible con 2% o 5% de nicotina.","og_url":"https:\/\/fizzyvape.eu\/es\/producto\/fizzy-max-iii-6en1-60k-60000-puffs-vape-desechable-recargable-sandia-hielo-y-fresa-vainilla-coca-cola-y-mezcla-de-bayas-10pcs\/","og_site_name":"fizzyvape.eu","og_image":[{"width":800,"height":800,"url":"https:\/\/fizzyvape.eu\/wp-content\/uploads\/2025\/06\/Fizzy-Max-60000-Puffs-07.webp","type":"image\/webp"}],"twitter_card":"summary_large_image","twitter_misc":{"Disponibilidad":"Sin existencias"},"schema":{"@context":"https:\/\/schema.org","@graph":[{"@type":"WebPage","@id":"https:\/\/fizzyvape.eu\/es\/producto\/fizzy-max-iii-6en1-60k-60000-puffs-vape-desechable-recargable-sandia-hielo-y-fresa-vainilla-coca-cola-y-mezcla-de-bayas-10pcs\/","url":"https:\/\/fizzyvape.eu\/es\/producto\/fizzy-max-iii-6en1-60k-60000-puffs-vape-desechable-recargable-sandia-hielo-y-fresa-vainilla-coca-cola-y-mezcla-de-bayas-10pcs\/","name":"Vapeador Desechable Recargable 6 en 1 Fizzy Max III 60000 Puffs","isPartOf":{"@id":"https:\/\/www.fizzyvape.eu\/es\/#website"},"primaryImageOfPage":{"@id":"https:\/\/fizzyvape.eu\/es\/producto\/fizzy-max-iii-6en1-60k-60000-puffs-vape-desechable-recargable-sandia-hielo-y-fresa-vainilla-coca-cola-y-mezcla-de-bayas-10pcs\/#primaryimage"},"image":{"@id":"https:\/\/fizzyvape.eu\/es\/producto\/fizzy-max-iii-6en1-60k-60000-puffs-vape-desechable-recargable-sandia-hielo-y-fresa-vainilla-coca-cola-y-mezcla-de-bayas-10pcs\/#primaryimage"},"thumbnailUrl":"https:\/\/fizzyvape.eu\/wp-content\/uploads\/2025\/06\/Fizzy-Max-60000-Puffs-07.webp","datePublished":"2025-06-11T02:34:02+00:00","description":"Vapeador desechable 6 en 1 Fizzy Max III: disfruta de 60000 caladas y 6 sabores. Este dispositivo recargable dispone de una pantalla LED y est\u00e1 disponible con 2% o 5% de nicotina.","breadcrumb":{"@id":"https:\/\/fizzyvape.eu\/es\/producto\/fizzy-max-iii-6en1-60k-60000-puffs-vape-desechable-recargable-sandia-hielo-y-fresa-vainilla-coca-cola-y-mezcla-de-bayas-10pcs\/#breadcrumb"},"inLanguage":"es","potentialAction":[{"@type":"ReadAction","target":["https:\/\/fizzyvape.eu\/es\/producto\/fizzy-max-iii-6en1-60k-60000-puffs-vape-desechable-recargable-sandia-hielo-y-fresa-vainilla-coca-cola-y-mezcla-de-bayas-10pcs\/"]}]},{"@type":"ImageObject","inLanguage":"es","@id":"https:\/\/fizzyvape.eu\/es\/producto\/fizzy-max-iii-6en1-60k-60000-puffs-vape-desechable-recargable-sandia-hielo-y-fresa-vainilla-coca-cola-y-mezcla-de-bayas-10pcs\/#primaryimage","url":"https:\/\/fizzyvape.eu\/wp-content\/uploads\/2025\/06\/Fizzy-Max-60000-Puffs-07.webp","contentUrl":"https:\/\/fizzyvape.eu\/wp-content\/uploads\/2025\/06\/Fizzy-Max-60000-Puffs-07.webp","width":800,"height":800},{"@type":"BreadcrumbList","@id":"https:\/\/fizzyvape.eu\/es\/producto\/fizzy-max-iii-6en1-60k-60000-puffs-vape-desechable-recargable-sandia-hielo-y-fresa-vainilla-coca-cola-y-mezcla-de-bayas-10pcs\/#breadcrumb","itemListElement":[{"@type":"ListItem","position":1,"name":"Home","item":"https:\/\/fizzyvape.eu\/es\/"},{"@type":"ListItem","position":2,"name":"Tienda","item":"https:\/\/www.fizzyvape.eu\/es\/tienda\/"},{"@type":"ListItem","position":3,"name":"Fizzy Max III 6en1 60K 60000 Puffs Vape Desechable Recargable &#8211; Sand\u00eda Hielo y Fresa Vainilla Coca-Cola y Mezcla de Bayas &#8211; 10pcs"}]},{"@type":"WebSite","@id":"https:\/\/www.fizzyvape.eu\/es\/#website","url":"https:\/\/www.fizzyvape.eu\/es\/","name":"fizzyvape.eu","description":"Refreshing Vapes. Unforgettable Taste.","publisher":{"@id":"https:\/\/www.fizzyvape.eu\/es\/#organization"},"potentialAction":[{"@type":"SearchAction","target":{"@type":"EntryPoint","urlTemplate":"https:\/\/www.fizzyvape.eu\/es\/?s={search_term_string}"},"query-input":{"@type":"PropertyValueSpecification","valueRequired":true,"valueName":"search_term_string"}}],"inLanguage":"es"},{"@type":"Organization","@id":"https:\/\/www.fizzyvape.eu\/es\/#organization","name":"fizzyvape.eu","url":"https:\/\/www.fizzyvape.eu\/es\/","logo":{"@type":"ImageObject","inLanguage":"es","@id":"https:\/\/www.fizzyvape.eu\/es\/#\/schema\/logo\/image\/","url":"https:\/\/fizzyvape.eu\/wp-content\/uploads\/2019\/06\/print-1.svg","contentUrl":"https:\/\/fizzyvape.eu\/wp-content\/uploads\/2019\/06\/print-1.svg","width":124,"height":37,"caption":"fizzyvape.eu"},"image":{"@id":"https:\/\/www.fizzyvape.eu\/es\/#\/schema\/logo\/image\/"}}]},"og_availability":"out of stock","product_availability":"out of stock","product_condition":"new"},"tiered_pricing_type":"fixed","tiered_pricing_fixed_rules":[],"tiered_pricing_product_settings":{"layout":"default","base_unit_name":{"singular":null,"plural":null},"default_variation":null},"tiered_pricing_minimum_quantity":null,"tiered_pricing_roles_data":[],"tiered_pricing_percentage_rules":[],"tiered_pricing_maximum_quantity":null,"tiered_pricing_quantity_step":null,"_links":{"self":[{"href":"https:\/\/fizzyvape.eu\/es\/wp-json\/wp\/v2\/product\/33064","targetHints":{"allow":["GET"]}}],"collection":[{"href":"https:\/\/fizzyvape.eu\/es\/wp-json\/wp\/v2\/product"}],"about":[{"href":"https:\/\/fizzyvape.eu\/es\/wp-json\/wp\/v2\/types\/product"}],"replies":[{"embeddable":true,"href":"https:\/\/fizzyvape.eu\/es\/wp-json\/wp\/v2\/comments?post=33064"}],"version-history":[{"count":0,"href":"https:\/\/fizzyvape.eu\/es\/wp-json\/wp\/v2\/product\/33064\/revisions"}],"wp:featuredmedia":[{"embeddable":true,"href":"https:\/\/fizzyvape.eu\/es\/wp-json\/wp\/v2\/media\/32466"}],"wp:attachment":[{"href":"https:\/\/fizzyvape.eu\/es\/wp-json\/wp\/v2\/media?parent=33064"}],"wp:term":[{"taxonomy":"product_brand","embeddable":true,"href":"https:\/\/fizzyvape.eu\/es\/wp-json\/wp\/v2\/product_brand?post=33064"},{"taxonomy":"product_cat","embeddable":true,"href":"https:\/\/fizzyvape.eu\/es\/wp-json\/wp\/v2\/product_cat?post=33064"},{"taxonomy":"product_tag","embeddable":true,"href":"https:\/\/fizzyvape.eu\/es\/wp-json\/wp\/v2\/product_tag?post=33064"}],"curies":[{"name":"wp","href":"https:\/\/api.w.org\/{rel}","templated":true}]}}