{"id":33184,"date":"2025-06-11T10:33:48","date_gmt":"2025-06-11T02:33:48","guid":{"rendered":"https:\/\/fizzyvape.eu\/product\/fizzy-max-iii-6en1-60k-60000-puffs-vape-desechable-recargable-fresa-kiwi-arandano-hielo-sandia-hielo-10pcs\/"},"modified":"2025-06-11T10:33:48","modified_gmt":"2025-06-11T02:33:48","slug":"fizzy-max-iii-6en1-60k-60000-puffs-vape-desechable-recargable-fresa-kiwi-arandano-hielo-sandia-hielo-10pcs","status":"publish","type":"product","link":"https:\/\/fizzyvape.eu\/es\/producto\/fizzy-max-iii-6en1-60k-60000-puffs-vape-desechable-recargable-fresa-kiwi-arandano-hielo-sandia-hielo-10pcs\/","title":{"rendered":"Fizzy Max III 6en1 60K 60000 Puffs Vape Desechable Recargable &#8211; Fresa Kiwi &amp; Ar\u00e1ndano Hielo &amp; Sand\u00eda Hielo &#8211; 10pcs"},"content":{"rendered":"<h1><img decoding=\"async\" class=\"aligncenter\" src=\"https:\/\/fizzyvape.eu\/wp-content\/uploads\/2025\/06\/Fizzy-Max-III-6in1-60K-60000-Puffs-6-1.webp\" alt=\"Fizzy Max III 60000 Puffs 6en1 Vape Desechable al por mayor (5)\"><\/h1>\n<h1><strong>Vapeador Desechable Recargable Fizzy Max III 6en1 60K 60000 Puffs<\/strong><\/h1>\n<p><strong>Hielo de fresa, kiwi, ar\u00e1ndanos y sand\u00eda &#8211; Paquete de 10 unidades<\/strong><\/p>\n<h2><strong>Un dispositivo. Seis sabores. 60.000 caladas de vapeo premium.  <\/strong><\/h2>\n<p>Experimenta el futuro del vapeo desechable con el Fizzy Max III 6en1, un potente dispositivo todo en uno que proporciona 60.000 caladas y 6 experiencias de sabor \u00fanicas con s\u00f3lo 3 c\u00e1psulas. Sin rellenar, sin cambiar, sin compromisos. <\/p>\n<p>Combinando ingenier\u00eda de vanguardia con pura satisfacci\u00f3n de vapeo, este dispositivo recargable est\u00e1 hecho para los usuarios que quieren variedad, comodidad y rendimiento en un paquete elegante.<\/p>\n<p>Descubre un mundo de refrescantes mezclas afrutadas con el <strong>Fizzy Max III 6en1<\/strong>, un vaporizador desechable de \u00faltima generaci\u00f3n que ofrece <strong>seis experiencias de sabor \u00fanicas<\/strong> con s\u00f3lo <strong>tres c\u00e1psulas<\/strong>: <strong>Fresa Kiwi<\/strong>, <strong>Ar\u00e1ndano Hielo<\/strong> y <strong>Sand\u00eda Hielo<\/strong>. Gracias a su sistema de rotaci\u00f3n inteligente, este dispositivo ofrece una variedad, potencia y sabor insuperables sin necesidad de cambiar de cartucho. <\/p>\n<h4><strong>Modos de sabor:<\/strong><\/h4>\n<ul>\n<li><strong>Fresa Kiwi (A)<\/strong> &#8211; Una mezcla dulce y \u00e1cida de fresa madura y kiwi tropical<\/li>\n<li><strong>Hielo de ar\u00e1ndanos (B)<\/strong> &#8211; Un golpe helado de jugosos ar\u00e1ndanos con un final fresco<\/li>\n<li><strong>Sand\u00eda helada (C)<\/strong> &#8211; Refrescante sand\u00eda combinada con frescor helado<\/li>\n<li><strong>Mix AB<\/strong> &#8211; Una fusi\u00f3n fr\u00eda de bayas y kiwi con un toque vibrante<\/li>\n<li><strong>Mix BC<\/strong> &#8211; Una fresca mezcla de bayas y mel\u00f3n rebosante de sabor helado<\/li>\n<li><strong>Mix CA<\/strong> &#8211; Sand\u00eda de fresa congelada con notas tropicales<\/li>\n<\/ul>\n<p>Con <strong>levantar y girar la boquilla<\/strong>, puedes alternar sabores sin esfuerzo en este orden:<br \/>\n<strong>A \u2192 Mezcla AB \u2192 B \u2192 Mezcla BC \u2192 C \u2192 Mezcla CA<\/strong><\/p>\n<p>Pasa sin problemas por los seis sabores posibles con un simple giro de la boquilla. Disfruta de la m\u00e1xima comodidad del sistema 6 en 1. \u00bfTe pica la curiosidad? Mira nuestro <a href=\"https:\/\/www.youtube.com\/watch?v=CoxB_HvaU3k\">v\u00eddeo de<\/a> demostraci\u00f3n.   <\/p>\n<h3>Caracter\u00edsticas principales<\/h3>\n<ul>\n<li><strong>60.000 caladas<\/strong><br \/>\nCapacidad masiva con 60 mL de e-l\u00edquido y bobina de malla para un rendimiento constante y duradero.<\/li>\n<li><strong>6 sabores en 1 aparato<\/strong><br \/>\nTres c\u00e1psulas monosabor (Fresa Kiwi, Ar\u00e1ndano Hielo, Sand\u00eda Hielo) + tres modos de mezcla = seis experiencias de sabor.<\/li>\n<li><strong>Sistema de rotaci\u00f3n inteligente<\/strong><br \/>\nCambia f\u00e1cilmente de sabor levantando y girando la boquilla. Secuencia: A \u2192 Mezcla AB \u2192 B \u2192 Mezcla BC \u2192 C \u2192 Mezcla CA. <\/li>\n<li><strong>Recargable mediante USB-C<\/strong><br \/>\nBater\u00eda integrada de 850 mAh con carga r\u00e1pida Tipo-C. M\u00e1s sostenible que los desechables tradicionales. <\/li>\n<li><strong>Pantalla LED<\/strong><br \/>\nMuestra el nivel de bater\u00eda y el modo de sabor actual para facilitar el control.<\/li>\n<li><strong>Gran capacidad de e-l\u00edquido<\/strong><br \/>\n60 ml en total (3 c\u00e1psulas de 20 ml) que garantizan caladas ricas y sabrosas hasta la \u00faltima calada.<\/li>\n<li><strong>Opciones de potencia de nicotina<\/strong><br \/>\nDisponible en 2% o 5% de nicotina para adaptarse a tus preferencias.<\/li>\n<\/ul>\n<h3><strong>Lista de Sabores de Vape Desechable Fizzy Max III 6en1 60000 Puffs:<\/strong><\/h3>\n<ol>\n<li><a href=\"https:\/\/fizzyvape.eu\/es\/producto\/fizzy-max-iii-6en1-60k-60000-puffs-vape-desechable-recargable-fresa-frambuesa-mango-melocoton-arandano-sandia-10pcs\/\">Fresa Frambuesa y Mango Melocot\u00f3n y Ar\u00e1ndanos Sand\u00eda<\/a><\/li>\n<li><a href=\"https:\/\/fizzyvape.eu\/es\/producto\/vapeador-desechable-recargable-fizzy-max-iii-6en1-60k-60000-puffs-mixed-berry-kiwi-passion-fruit-guava-strawberry-watermelon-10pcs\/\">Mezcla de bayas y kiwi Fruta de la pasi\u00f3n Guayaba y fresa Sand\u00eda<\/a><\/li>\n<li><a href=\"https:\/\/fizzyvape.eu\/es\/producto\/vapeador-desechable-recargable-fizzy-max-iii-6en1-60k-60000-puffs-arandano-frambuesa-triple-melon-fresa-helada-10pcs\/\">Ar\u00e1ndano Frambuesa y Triple Helado de Mel\u00f3n y Fresa<\/a><\/li>\n<li><a href=\"https:\/\/fizzyvape.eu\/es\/producto\/vapeador-desechable-recargable-fizzy-max-iii-6en1-60k-60000-puffs-fruta-del-dragon-fresa-red-bull-sandia-frambuesa-10pcs\/\">Fruta del Drag\u00f3n Fresa &amp; Red Bull &amp; Sand\u00eda Frambuesa<\/a><\/li>\n<li><a href=\"https:\/\/fizzyvape.eu\/es\/producto\/fizzy-max-iii-6en1-60k-60000-puffs-vape-desechable-recargable-fresa-kiwi-arandano-hielo-sandia-hielo-10pcs\/\">Hielo de fresa, kiwi, ar\u00e1ndanos y sand\u00eda<\/a><\/li>\n<li><a href=\"https:\/\/fizzyvape.eu\/es\/producto\/vapeador-desechable-recargable-fizzy-max-iii-6en1-60k-60000-puffs-blueberry-ice-fizzy-cherry-raspberry-lemon-10pcs\/\">Hielo de Ar\u00e1ndano y Cereza efervescente y Frambuesa Lim\u00f3n<\/a><\/li>\n<li><a href=\"https:\/\/fizzyvape.eu\/es\/producto\/fizzy-max-iii-6en1-60k-60000-puffs-vape-desechable-recargable-sandia-hielo-y-fresa-vainilla-coca-cola-y-mezcla-de-bayas-10pcs\/\">Sand\u00eda Helada y Fresa Vainilla Coca-Cola y Mixta<\/a><\/li>\n<li><a href=\"https:\/\/fizzyvape.eu\/es\/producto\/fizzy-max-iii-6en1-60k-60000-puffs-vape-desechable-recargable-fresa-uva-arandano-coco-melocoton-limon-10pcs\/\">Fresa Uva y Ar\u00e1ndano Coco y Melocot\u00f3n Lim\u00f3n<\/a><\/li>\n<li><a href=\"https:\/\/fizzyvape.eu\/es\/producto\/vapeador-desechable-recargable-fizzy-max-iii-6en1-60k-60000-puffs-hielo-razz-azul-kiwi-fresa-naranja-pina-agria-10pcs\/\">Blue Razz Hielo y Fresa Kiwi y Pi\u00f1a Agria Naranja<\/a><\/li>\n<li><a href=\"https:\/\/fizzyvape.eu\/es\/producto\/fizzy-max-iii-6en1-60k-60000-puffs-vape-desechable-recargable-sandia-fresa-lima-limon-coco-arandano-10pcs\/\">Fresa Sand\u00eda &amp; Lim\u00f3n Lima &amp; Ar\u00e1ndanos Coco<\/a><\/li>\n<\/ol>\n<h2><strong>Vapea a tu manera: Compatible con MTL o DL<\/strong><\/h2>\n<ul>\n<li><strong>Sabor \u00danico (Modo MTL):<\/strong> Tiro estrecho para inhaladores de boca a pulm\u00f3n que prefieren un vapeo m\u00e1s suave, al estilo cl\u00e1sico.<\/li>\n<li><strong>Modo Mezcla (Modo DL):<\/strong> Mayor flujo de aire y sabor en capas para los usuarios de pulm\u00f3n directo que persiguen nubes intensas y caladas m\u00e1s profundas.<\/li>\n<\/ul>\n<h3><strong>\u00bfPor qu\u00e9 elegir Fizzy Max III 6en1?<\/strong><\/h3>\n<ul>\n<li>Gran cantidad de caladas y larga vida \u00fatil: hasta 60.000 caladas por dispositivo<\/li>\n<li>Sistema inteligente de 6 sabores con rotaci\u00f3n instant\u00e1nea: sin l\u00edos ni complicaciones<\/li>\n<li>Recargable mediante USB Tipo-C: eficiente y respetuoso con el medio ambiente<\/li>\n<li>Pantalla LED para indicaci\u00f3n de bater\u00eda y modo: siempre bajo control<\/li>\n<li>Compacto y a prueba de fugas: dise\u00f1ado para la portabilidad y la comodidad<\/li>\n<li>Se env\u00eda r\u00e1pidamente desde nuestro almac\u00e9n europeo, sin retrasos aduaneros<\/li>\n<\/ul>\n<h3><strong>FAQ &#8211; Fizzy Max III 6en1 60K Vape Desechable<\/strong><\/h3>\n<p><strong>1. \u00bfCu\u00e1ntas caladas ofrece?<\/strong><br \/>\nHasta 60.000 caladas, alimentado por 60 ml de e-l\u00edquido, una bobina de malla y una bater\u00eda recargable de 850 mAh.<\/p>\n<p><strong>2. \u00bfSon compatibles MTL y DL?<\/strong><br \/>\nS\u00ed: usa el Modo Sabor \u00danico para suaves vapeos MTL, o el Modo Mezcla para vapeos DL atrevidos y llenos de nubes.<\/p>\n<p><strong>3. \u00bfEs recargable?<\/strong><br \/>\nS\u00ed, viene con una bater\u00eda integrada de 850 mAh y admite carga r\u00e1pida Tipo-C para reducir al m\u00ednimo el tiempo de inactividad.<\/p>\n","protected":false},"excerpt":{"rendered":"<p>Experimenta 6 sabores en 1 elegante dispositivo de vapeo. El Fizzy Max III da hasta 60.000 caladas, tiene una bater\u00eda recargable de 850 mAh, 60 ml de e-l\u00edquido de primera calidad, una pantalla LED y cambio r\u00e1pido de sabores con rotaci\u00f3n inteligente. Disponible en 2% o 5% de nicotina.  <\/p>\n","protected":false},"featured_media":32448,"comment_status":"open","ping_status":"closed","template":"","meta":{"iawp_total_views":14},"product_brand":[],"product_cat":[586],"product_tag":[617,614,616,615],"class_list":{"0":"post-33184","1":"product","2":"type-product","3":"status-publish","4":"has-post-thumbnail","6":"product_cat-max-iii-6in1-60k-60000-puffs-rechargeable-disposable-vape-es","7":"product_tag-6-sabores-en-1-aparato","8":"product_tag-60000-puffs-es","9":"product_tag-recargable","10":"product_tag-vape-desechable","12":"first","13":"outofstock","14":"sale","15":"shipping-taxable","16":"purchasable","17":"product-type-variable"},"yoast_head":"<!-- This site is optimized with the Yoast SEO Premium plugin v24.8 (Yoast SEO v24.8) - https:\/\/yoast.com\/wordpress\/plugins\/seo\/ -->\n<title>Bater\u00eda 850mAh Vape - Fizzy Max III 6en1 60K 60000 Puffs<\/title>\n<meta name=\"description\" content=\"Vape recargable con bater\u00eda de 850mAh,60K 60000 caladas, 6 sabores en 1 Vape desechable, y carga USB-C - Fizzy Max III 6en1\" \/>\n<meta name=\"robots\" content=\"index, follow, max-snippet:-1, max-image-preview:large, max-video-preview:-1\" \/>\n<link rel=\"canonical\" href=\"https:\/\/fizzyvape.eu\/es\/producto\/fizzy-max-iii-6en1-60k-60000-puffs-vape-desechable-recargable-fresa-kiwi-arandano-hielo-sandia-hielo-10pcs\/\" \/>\n<meta property=\"og:locale\" content=\"es_ES\" \/>\n<meta property=\"og:type\" content=\"article\" \/>\n<meta property=\"og:title\" content=\"Fizzy Max III 6en1 60K 60000 Puffs Vape Desechable Recargable - Fresa Kiwi &amp; Ar\u00e1ndano Hielo &amp; Sand\u00eda Hielo - 10pcs\" \/>\n<meta property=\"og:description\" content=\"Vape recargable con bater\u00eda de 850mAh,60K 60000 caladas, 6 sabores en 1 Vape desechable, y carga USB-C - Fizzy Max III 6en1\" \/>\n<meta property=\"og:url\" content=\"https:\/\/fizzyvape.eu\/es\/producto\/fizzy-max-iii-6en1-60k-60000-puffs-vape-desechable-recargable-fresa-kiwi-arandano-hielo-sandia-hielo-10pcs\/\" \/>\n<meta property=\"og:site_name\" content=\"fizzyvape.eu\" \/>\n<meta property=\"og:image\" content=\"https:\/\/fizzyvape.eu\/wp-content\/uploads\/2025\/06\/Fizzy-Max-60000-Puffs-05.webp\" \/>\n\t<meta property=\"og:image:width\" content=\"800\" \/>\n\t<meta property=\"og:image:height\" content=\"800\" \/>\n\t<meta property=\"og:image:type\" content=\"image\/webp\" \/>\n<meta name=\"twitter:card\" content=\"summary_large_image\" \/>\n<meta name=\"twitter:label1\" content=\"Disponibilidad\" \/>\n\t<meta name=\"twitter:data1\" content=\"Sin existencias\" \/>\n<script type=\"application\/ld+json\" class=\"yoast-schema-graph\">{\"@context\":\"https:\/\/schema.org\",\"@graph\":[{\"@type\":\"WebPage\",\"@id\":\"https:\/\/fizzyvape.eu\/es\/producto\/fizzy-max-iii-6en1-60k-60000-puffs-vape-desechable-recargable-fresa-kiwi-arandano-hielo-sandia-hielo-10pcs\/\",\"url\":\"https:\/\/fizzyvape.eu\/es\/producto\/fizzy-max-iii-6en1-60k-60000-puffs-vape-desechable-recargable-fresa-kiwi-arandano-hielo-sandia-hielo-10pcs\/\",\"name\":\"Bater\u00eda 850mAh Vape - Fizzy Max III 6en1 60K 60000 Puffs\",\"isPartOf\":{\"@id\":\"https:\/\/www.fizzyvape.eu\/es\/#website\"},\"primaryImageOfPage\":{\"@id\":\"https:\/\/fizzyvape.eu\/es\/producto\/fizzy-max-iii-6en1-60k-60000-puffs-vape-desechable-recargable-fresa-kiwi-arandano-hielo-sandia-hielo-10pcs\/#primaryimage\"},\"image\":{\"@id\":\"https:\/\/fizzyvape.eu\/es\/producto\/fizzy-max-iii-6en1-60k-60000-puffs-vape-desechable-recargable-fresa-kiwi-arandano-hielo-sandia-hielo-10pcs\/#primaryimage\"},\"thumbnailUrl\":\"https:\/\/fizzyvape.eu\/wp-content\/uploads\/2025\/06\/Fizzy-Max-60000-Puffs-05.webp\",\"datePublished\":\"2025-06-11T02:33:48+00:00\",\"description\":\"Vape recargable con bater\u00eda de 850mAh,60K 60000 caladas, 6 sabores en 1 Vape desechable, y carga USB-C - Fizzy Max III 6en1\",\"breadcrumb\":{\"@id\":\"https:\/\/fizzyvape.eu\/es\/producto\/fizzy-max-iii-6en1-60k-60000-puffs-vape-desechable-recargable-fresa-kiwi-arandano-hielo-sandia-hielo-10pcs\/#breadcrumb\"},\"inLanguage\":\"es\",\"potentialAction\":[{\"@type\":\"ReadAction\",\"target\":[\"https:\/\/fizzyvape.eu\/es\/producto\/fizzy-max-iii-6en1-60k-60000-puffs-vape-desechable-recargable-fresa-kiwi-arandano-hielo-sandia-hielo-10pcs\/\"]}]},{\"@type\":\"ImageObject\",\"inLanguage\":\"es\",\"@id\":\"https:\/\/fizzyvape.eu\/es\/producto\/fizzy-max-iii-6en1-60k-60000-puffs-vape-desechable-recargable-fresa-kiwi-arandano-hielo-sandia-hielo-10pcs\/#primaryimage\",\"url\":\"https:\/\/fizzyvape.eu\/wp-content\/uploads\/2025\/06\/Fizzy-Max-60000-Puffs-05.webp\",\"contentUrl\":\"https:\/\/fizzyvape.eu\/wp-content\/uploads\/2025\/06\/Fizzy-Max-60000-Puffs-05.webp\",\"width\":800,\"height\":800},{\"@type\":\"BreadcrumbList\",\"@id\":\"https:\/\/fizzyvape.eu\/es\/producto\/fizzy-max-iii-6en1-60k-60000-puffs-vape-desechable-recargable-fresa-kiwi-arandano-hielo-sandia-hielo-10pcs\/#breadcrumb\",\"itemListElement\":[{\"@type\":\"ListItem\",\"position\":1,\"name\":\"Home\",\"item\":\"https:\/\/fizzyvape.eu\/es\/\"},{\"@type\":\"ListItem\",\"position\":2,\"name\":\"Tienda\",\"item\":\"https:\/\/www.fizzyvape.eu\/es\/tienda\/\"},{\"@type\":\"ListItem\",\"position\":3,\"name\":\"Fizzy Max III 6en1 60K 60000 Puffs Vape Desechable Recargable &#8211; Fresa Kiwi &amp; Ar\u00e1ndano Hielo &amp; Sand\u00eda Hielo &#8211; 10pcs\"}]},{\"@type\":\"WebSite\",\"@id\":\"https:\/\/www.fizzyvape.eu\/es\/#website\",\"url\":\"https:\/\/www.fizzyvape.eu\/es\/\",\"name\":\"fizzyvape.eu\",\"description\":\"Refreshing Vapes. Unforgettable Taste.\",\"publisher\":{\"@id\":\"https:\/\/www.fizzyvape.eu\/es\/#organization\"},\"potentialAction\":[{\"@type\":\"SearchAction\",\"target\":{\"@type\":\"EntryPoint\",\"urlTemplate\":\"https:\/\/www.fizzyvape.eu\/es\/?s={search_term_string}\"},\"query-input\":{\"@type\":\"PropertyValueSpecification\",\"valueRequired\":true,\"valueName\":\"search_term_string\"}}],\"inLanguage\":\"es\"},{\"@type\":\"Organization\",\"@id\":\"https:\/\/www.fizzyvape.eu\/es\/#organization\",\"name\":\"fizzyvape.eu\",\"url\":\"https:\/\/www.fizzyvape.eu\/es\/\",\"logo\":{\"@type\":\"ImageObject\",\"inLanguage\":\"es\",\"@id\":\"https:\/\/www.fizzyvape.eu\/es\/#\/schema\/logo\/image\/\",\"url\":\"https:\/\/fizzyvape.eu\/wp-content\/uploads\/2019\/06\/print-1.svg\",\"contentUrl\":\"https:\/\/fizzyvape.eu\/wp-content\/uploads\/2019\/06\/print-1.svg\",\"width\":124,\"height\":37,\"caption\":\"fizzyvape.eu\"},\"image\":{\"@id\":\"https:\/\/www.fizzyvape.eu\/es\/#\/schema\/logo\/image\/\"}}]}<\/script>\n<meta property=\"og:availability\" content=\"out of stock\" \/>\n<meta property=\"product:availability\" content=\"out of stock\" \/>\n<meta property=\"product:condition\" content=\"new\" \/>\n<!-- \/ Yoast SEO Premium plugin. -->","yoast_head_json":{"title":"Bater\u00eda 850mAh Vape - Fizzy Max III 6en1 60K 60000 Puffs","description":"Vape recargable con bater\u00eda de 850mAh,60K 60000 caladas, 6 sabores en 1 Vape desechable, y carga USB-C - Fizzy Max III 6en1","robots":{"index":"index","follow":"follow","max-snippet":"max-snippet:-1","max-image-preview":"max-image-preview:large","max-video-preview":"max-video-preview:-1"},"canonical":"https:\/\/fizzyvape.eu\/es\/producto\/fizzy-max-iii-6en1-60k-60000-puffs-vape-desechable-recargable-fresa-kiwi-arandano-hielo-sandia-hielo-10pcs\/","og_locale":"es_ES","og_type":"article","og_title":"Fizzy Max III 6en1 60K 60000 Puffs Vape Desechable Recargable - Fresa Kiwi &amp; Ar\u00e1ndano Hielo &amp; Sand\u00eda Hielo - 10pcs","og_description":"Vape recargable con bater\u00eda de 850mAh,60K 60000 caladas, 6 sabores en 1 Vape desechable, y carga USB-C - Fizzy Max III 6en1","og_url":"https:\/\/fizzyvape.eu\/es\/producto\/fizzy-max-iii-6en1-60k-60000-puffs-vape-desechable-recargable-fresa-kiwi-arandano-hielo-sandia-hielo-10pcs\/","og_site_name":"fizzyvape.eu","og_image":[{"width":800,"height":800,"url":"https:\/\/fizzyvape.eu\/wp-content\/uploads\/2025\/06\/Fizzy-Max-60000-Puffs-05.webp","type":"image\/webp"}],"twitter_card":"summary_large_image","twitter_misc":{"Disponibilidad":"Sin existencias"},"schema":{"@context":"https:\/\/schema.org","@graph":[{"@type":"WebPage","@id":"https:\/\/fizzyvape.eu\/es\/producto\/fizzy-max-iii-6en1-60k-60000-puffs-vape-desechable-recargable-fresa-kiwi-arandano-hielo-sandia-hielo-10pcs\/","url":"https:\/\/fizzyvape.eu\/es\/producto\/fizzy-max-iii-6en1-60k-60000-puffs-vape-desechable-recargable-fresa-kiwi-arandano-hielo-sandia-hielo-10pcs\/","name":"Bater\u00eda 850mAh Vape - Fizzy Max III 6en1 60K 60000 Puffs","isPartOf":{"@id":"https:\/\/www.fizzyvape.eu\/es\/#website"},"primaryImageOfPage":{"@id":"https:\/\/fizzyvape.eu\/es\/producto\/fizzy-max-iii-6en1-60k-60000-puffs-vape-desechable-recargable-fresa-kiwi-arandano-hielo-sandia-hielo-10pcs\/#primaryimage"},"image":{"@id":"https:\/\/fizzyvape.eu\/es\/producto\/fizzy-max-iii-6en1-60k-60000-puffs-vape-desechable-recargable-fresa-kiwi-arandano-hielo-sandia-hielo-10pcs\/#primaryimage"},"thumbnailUrl":"https:\/\/fizzyvape.eu\/wp-content\/uploads\/2025\/06\/Fizzy-Max-60000-Puffs-05.webp","datePublished":"2025-06-11T02:33:48+00:00","description":"Vape recargable con bater\u00eda de 850mAh,60K 60000 caladas, 6 sabores en 1 Vape desechable, y carga USB-C - Fizzy Max III 6en1","breadcrumb":{"@id":"https:\/\/fizzyvape.eu\/es\/producto\/fizzy-max-iii-6en1-60k-60000-puffs-vape-desechable-recargable-fresa-kiwi-arandano-hielo-sandia-hielo-10pcs\/#breadcrumb"},"inLanguage":"es","potentialAction":[{"@type":"ReadAction","target":["https:\/\/fizzyvape.eu\/es\/producto\/fizzy-max-iii-6en1-60k-60000-puffs-vape-desechable-recargable-fresa-kiwi-arandano-hielo-sandia-hielo-10pcs\/"]}]},{"@type":"ImageObject","inLanguage":"es","@id":"https:\/\/fizzyvape.eu\/es\/producto\/fizzy-max-iii-6en1-60k-60000-puffs-vape-desechable-recargable-fresa-kiwi-arandano-hielo-sandia-hielo-10pcs\/#primaryimage","url":"https:\/\/fizzyvape.eu\/wp-content\/uploads\/2025\/06\/Fizzy-Max-60000-Puffs-05.webp","contentUrl":"https:\/\/fizzyvape.eu\/wp-content\/uploads\/2025\/06\/Fizzy-Max-60000-Puffs-05.webp","width":800,"height":800},{"@type":"BreadcrumbList","@id":"https:\/\/fizzyvape.eu\/es\/producto\/fizzy-max-iii-6en1-60k-60000-puffs-vape-desechable-recargable-fresa-kiwi-arandano-hielo-sandia-hielo-10pcs\/#breadcrumb","itemListElement":[{"@type":"ListItem","position":1,"name":"Home","item":"https:\/\/fizzyvape.eu\/es\/"},{"@type":"ListItem","position":2,"name":"Tienda","item":"https:\/\/www.fizzyvape.eu\/es\/tienda\/"},{"@type":"ListItem","position":3,"name":"Fizzy Max III 6en1 60K 60000 Puffs Vape Desechable Recargable &#8211; Fresa Kiwi &amp; Ar\u00e1ndano Hielo &amp; Sand\u00eda Hielo &#8211; 10pcs"}]},{"@type":"WebSite","@id":"https:\/\/www.fizzyvape.eu\/es\/#website","url":"https:\/\/www.fizzyvape.eu\/es\/","name":"fizzyvape.eu","description":"Refreshing Vapes. Unforgettable Taste.","publisher":{"@id":"https:\/\/www.fizzyvape.eu\/es\/#organization"},"potentialAction":[{"@type":"SearchAction","target":{"@type":"EntryPoint","urlTemplate":"https:\/\/www.fizzyvape.eu\/es\/?s={search_term_string}"},"query-input":{"@type":"PropertyValueSpecification","valueRequired":true,"valueName":"search_term_string"}}],"inLanguage":"es"},{"@type":"Organization","@id":"https:\/\/www.fizzyvape.eu\/es\/#organization","name":"fizzyvape.eu","url":"https:\/\/www.fizzyvape.eu\/es\/","logo":{"@type":"ImageObject","inLanguage":"es","@id":"https:\/\/www.fizzyvape.eu\/es\/#\/schema\/logo\/image\/","url":"https:\/\/fizzyvape.eu\/wp-content\/uploads\/2019\/06\/print-1.svg","contentUrl":"https:\/\/fizzyvape.eu\/wp-content\/uploads\/2019\/06\/print-1.svg","width":124,"height":37,"caption":"fizzyvape.eu"},"image":{"@id":"https:\/\/www.fizzyvape.eu\/es\/#\/schema\/logo\/image\/"}}]},"og_availability":"out of stock","product_availability":"out of stock","product_condition":"new"},"tiered_pricing_type":"fixed","tiered_pricing_fixed_rules":[],"tiered_pricing_product_settings":{"layout":"default","base_unit_name":{"singular":null,"plural":null},"default_variation":null},"tiered_pricing_minimum_quantity":null,"tiered_pricing_roles_data":[],"tiered_pricing_percentage_rules":[],"tiered_pricing_maximum_quantity":null,"tiered_pricing_quantity_step":null,"_links":{"self":[{"href":"https:\/\/fizzyvape.eu\/es\/wp-json\/wp\/v2\/product\/33184","targetHints":{"allow":["GET"]}}],"collection":[{"href":"https:\/\/fizzyvape.eu\/es\/wp-json\/wp\/v2\/product"}],"about":[{"href":"https:\/\/fizzyvape.eu\/es\/wp-json\/wp\/v2\/types\/product"}],"replies":[{"embeddable":true,"href":"https:\/\/fizzyvape.eu\/es\/wp-json\/wp\/v2\/comments?post=33184"}],"version-history":[{"count":0,"href":"https:\/\/fizzyvape.eu\/es\/wp-json\/wp\/v2\/product\/33184\/revisions"}],"wp:featuredmedia":[{"embeddable":true,"href":"https:\/\/fizzyvape.eu\/es\/wp-json\/wp\/v2\/media\/32448"}],"wp:attachment":[{"href":"https:\/\/fizzyvape.eu\/es\/wp-json\/wp\/v2\/media?parent=33184"}],"wp:term":[{"taxonomy":"product_brand","embeddable":true,"href":"https:\/\/fizzyvape.eu\/es\/wp-json\/wp\/v2\/product_brand?post=33184"},{"taxonomy":"product_cat","embeddable":true,"href":"https:\/\/fizzyvape.eu\/es\/wp-json\/wp\/v2\/product_cat?post=33184"},{"taxonomy":"product_tag","embeddable":true,"href":"https:\/\/fizzyvape.eu\/es\/wp-json\/wp\/v2\/product_tag?post=33184"}],"curies":[{"name":"wp","href":"https:\/\/api.w.org\/{rel}","templated":true}]}}