{"id":33187,"date":"2025-06-11T10:33:42","date_gmt":"2025-06-11T02:33:42","guid":{"rendered":"https:\/\/fizzyvape.eu\/product\/vapeador-desechable-recargable-fizzy-max-iii-6en1-60k-60000-puffs-arandano-frambuesa-triple-melon-fresa-helada-10pcs\/"},"modified":"2025-06-11T10:33:42","modified_gmt":"2025-06-11T02:33:42","slug":"vapeador-desechable-recargable-fizzy-max-iii-6en1-60k-60000-puffs-arandano-frambuesa-triple-melon-fresa-helada-10pcs","status":"publish","type":"product","link":"https:\/\/fizzyvape.eu\/es\/producto\/vapeador-desechable-recargable-fizzy-max-iii-6en1-60k-60000-puffs-arandano-frambuesa-triple-melon-fresa-helada-10pcs\/","title":{"rendered":"Vapeador Desechable Recargable Fizzy Max III 6en1 60K 60000 Puffs &#8211; Ar\u00e1ndano Frambuesa &amp; Triple Mel\u00f3n &amp; Fresa Helada &#8211; 10pcs"},"content":{"rendered":"<p><img decoding=\"async\" class=\"aligncenter\" src=\"https:\/\/fizzyvape.eu\/wp-content\/uploads\/2025\/06\/Fizzy-Max-III-6in1-60K-60000-Puffs-8-1.webp\" alt=\"Fizzy Max III 60000 Puffs 6en1 Vape Desechable (8)\"><\/p>\n<h1>Vapeador Desechable Recargable Fizzy Max III 6en1 60K 60000 Puffs &#8211; Ar\u00e1ndano Frambuesa &amp; Triple Mel\u00f3n &amp; Fresa Helada &#8211; 10pcs<\/h1>\n<h3><strong>6 sabores en 1 innovador vaporizador desechable<\/strong><\/h3>\n<p>Experimenta una excepcional versatilidad de sabores con el <strong>Fizzy Max III 6en1<\/strong>, un <strong>vapeador desechable<\/strong> de \u00faltima generaci\u00f3n que incluye <strong>tres c\u00e1psulas precargadas de 20 ml<\/strong>: <strong>Ar\u00e1ndano Frambuesa<\/strong>, <strong>Triple Mel\u00f3n<\/strong> <strong>y Fresa Hielo<\/strong>. Gracias a su boquilla giratoria inteligente, cambia sin esfuerzo entre seis combinaciones de sabores \u00fanicas para una experiencia de vapeo todo en uno.   <\/p>\n<p><strong>Modos de sabor:<\/strong><\/p>\n<ul>\n<li><strong>Ar\u00e1ndano Frambuesa (A):<\/strong> Jugosa mezcla de ar\u00e1ndanos maduros y frambuesas \u00e1cidas<\/li>\n<li><strong>Triple Mel\u00f3n (B):<\/strong> Refrescante mezcla de sand\u00eda, mel\u00f3n dulce y mel\u00f3n cantalupo<\/li>\n<li><strong>Fresa Helada (C):<\/strong> Fresas dulces con un final helado y fresco<\/li>\n<\/ul>\n<p><strong>Mezcla de sabores:<\/strong><\/p>\n<ul>\n<li><strong>Mix AB:<\/strong> Fusi\u00f3n de ar\u00e1ndano frambuesa y triple mel\u00f3n<\/li>\n<li><strong>Mezcla BC:<\/strong> Mezcla fresca de triple mel\u00f3n y fresa helada<\/li>\n<li><strong>Mezcla CA:<\/strong> Refrescante mezcla de fresa helada y ar\u00e1ndano frambuesa<\/li>\n<\/ul>\n<p>Cambia de sabor f\u00e1cilmente levantando y girando la boquilla en este orden:<br \/>\n<strong>A \u2192 Mezcla AB \u2192 B \u2192 Mezcla BC \u2192 C \u2192 Mezcla CA<\/strong><\/p>\n<h3><strong>Productos destacados<\/strong><\/h3>\n<ul>\n<li><strong>Hasta 60.000 caladas<\/strong> para un uso prolongado<\/li>\n<li><strong>Sistema de sabores 6 en 1<\/strong> que combina 3 sabores simples y 3 mezclados<\/li>\n<li><strong>Capacidad de e-l\u00edquido:<\/strong> 60 ml en total (3 c\u00e1psulas de 20 ml)<\/li>\n<li><strong>Opciones de potencia de nicotina:<\/strong> 2% \/ 5%<\/li>\n<li><strong>Bater\u00eda:<\/strong> Potente de 850 mAh recargable mediante Tipo-C<\/li>\n<li><strong>Bobina:<\/strong> Bobina de malla avanzada para un sabor intenso y un vapor suave<\/li>\n<li><strong>Pantalla LED:<\/strong> Muestra el nivel de bater\u00eda y el estado del modo<\/li>\n<li><strong>Caducidad:<\/strong> 2 a\u00f1os<\/li>\n<\/ul>\n<h3><strong>Lista de Sabores de Vape Desechable Fizzy Max III 6en1 60000 Puffs:<\/strong><\/h3>\n<ol>\n<li><a href=\"https:\/\/fizzyvape.eu\/es\/producto\/fizzy-max-iii-6en1-60k-60000-puffs-vape-desechable-recargable-fresa-frambuesa-mango-melocoton-arandano-sandia-10pcs\/\">Fresa Frambuesa y Mango Melocot\u00f3n y Ar\u00e1ndanos Sand\u00eda<\/a><\/li>\n<li><a href=\"https:\/\/fizzyvape.eu\/es\/producto\/vapeador-desechable-recargable-fizzy-max-iii-6en1-60k-60000-puffs-mixed-berry-kiwi-passion-fruit-guava-strawberry-watermelon-10pcs\/\">Mezcla de bayas y kiwi Fruta de la pasi\u00f3n Guayaba y fresa Sand\u00eda<\/a><\/li>\n<li><a href=\"https:\/\/fizzyvape.eu\/es\/producto\/vapeador-desechable-recargable-fizzy-max-iii-6en1-60k-60000-puffs-arandano-frambuesa-triple-melon-fresa-helada-10pcs\/\">Ar\u00e1ndano Frambuesa y Triple Helado de Mel\u00f3n y Fresa<\/a><\/li>\n<li><a href=\"https:\/\/fizzyvape.eu\/es\/producto\/vapeador-desechable-recargable-fizzy-max-iii-6en1-60k-60000-puffs-fruta-del-dragon-fresa-red-bull-sandia-frambuesa-10pcs\/\">Fruta del Drag\u00f3n Fresa &amp; Red Bull &amp; Sand\u00eda Frambuesa<\/a><\/li>\n<li><a href=\"https:\/\/fizzyvape.eu\/es\/producto\/fizzy-max-iii-6en1-60k-60000-puffs-vape-desechable-recargable-fresa-kiwi-arandano-hielo-sandia-hielo-10pcs\/\">Hielo de fresa, kiwi, ar\u00e1ndanos y sand\u00eda<\/a><\/li>\n<li><a href=\"https:\/\/fizzyvape.eu\/es\/producto\/vapeador-desechable-recargable-fizzy-max-iii-6en1-60k-60000-puffs-blueberry-ice-fizzy-cherry-raspberry-lemon-10pcs\/\">Hielo de Ar\u00e1ndano y Cereza efervescente y Frambuesa Lim\u00f3n<\/a><\/li>\n<li><a href=\"https:\/\/fizzyvape.eu\/es\/producto\/fizzy-max-iii-6en1-60k-60000-puffs-vape-desechable-recargable-sandia-hielo-y-fresa-vainilla-coca-cola-y-mezcla-de-bayas-10pcs\/\">Sand\u00eda Helada y Fresa Vainilla Coca-Cola y Mixta<\/a><\/li>\n<li><a href=\"https:\/\/fizzyvape.eu\/es\/producto\/fizzy-max-iii-6en1-60k-60000-puffs-vape-desechable-recargable-fresa-uva-arandano-coco-melocoton-limon-10pcs\/\">Fresa Uva y Ar\u00e1ndano Coco y Melocot\u00f3n Lim\u00f3n<\/a><\/li>\n<li><a href=\"https:\/\/fizzyvape.eu\/es\/producto\/vapeador-desechable-recargable-fizzy-max-iii-6en1-60k-60000-puffs-hielo-razz-azul-kiwi-fresa-naranja-pina-agria-10pcs\/\">Blue Razz Hielo y Fresa Kiwi y Pi\u00f1a Agria Naranja<\/a><\/li>\n<li><a href=\"https:\/\/fizzyvape.eu\/es\/producto\/fizzy-max-iii-6en1-60k-60000-puffs-vape-desechable-recargable-sandia-fresa-lima-limon-coco-arandano-10pcs\/\">Fresa Sand\u00eda &amp; Lim\u00f3n Lima &amp; Ar\u00e1ndanos Coco<\/a><\/li>\n<\/ol>\n<h3><strong>Estilos de vapeo a tu medida<\/strong><\/h3>\n<ul>\n<li><strong>Modo monosabor (MTL):<\/strong> Suaves y satisfactorias caladas boca a pulm\u00f3n, perfectas para una experiencia de vapeo cl\u00e1sica<\/li>\n<li><strong>Modo Mezcla de Sabor Dual (DL):<\/strong> Aumenta el flujo de aire para conseguir potentes caladas directas con nubes m\u00e1s ricas y complejas capas de sabor<\/li>\n<\/ul>\n<h3><strong>\u00bfPor qu\u00e9 elegir Fizzy Max III 6en1?<\/strong><\/h3>\n<ul>\n<li>Cambio de sabor sin fisuras con una simple rotaci\u00f3n de la boquilla<\/li>\n<li>Bater\u00eda y e-l\u00edquido de larga duraci\u00f3n para usarlos todo el d\u00eda<\/li>\n<li>Dispositivo compacto y recargable con seis sabores distintos<\/li>\n<li>Env\u00edo r\u00e1pido desde <strong>el almac\u00e9n de la UE<\/strong>, sin retrasos aduaneros<\/li>\n<\/ul>\n<h3><strong>FAQ &#8211; Fizzy Max III 6en1 60000 Puffs Vape Desechable<\/strong><\/h3>\n<ul>\n<li><strong>\u00bfCu\u00e1ntas caladas proporciona el Fizzy Max III?<\/strong><br \/>\nHasta 60.000 caladas, gracias a su gran capacidad de e-l\u00edquido y a su potente bater\u00eda recargable.<\/li>\n<li><strong>\u00bfC\u00f3mo cambio de sabor?<\/strong><br \/>\nLevanta y gira la boquilla para pasar por los seis modos de sabor.<\/li>\n<li><strong>\u00bfEs recargable?<\/strong><br \/>\nS\u00ed, tiene una bater\u00eda integrada de 850 mAh recargable mediante Type-C.<\/li>\n<li><strong>\u00bfQu\u00e9 concentraciones de nicotina hay disponibles?<\/strong><br \/>\nOpciones de 2% (20 mg) y 5% (50 mg) de nicotina.<\/li>\n<li><strong>\u00bfEs compatible con el vapeo MTL y DL?<\/strong><br \/>\nS\u00ed, usa el modo de sabor \u00fanico para MTL o el modo de sabor mixto con flujo de aire abierto para vapear DL.<\/li>\n<\/ul>\n","protected":false},"excerpt":{"rendered":"<p><strong>El Vapeador Desechable Recargable Fizzy Max III 6en1 60000 caladas<\/strong> ofrece seis sabores en un solo dispositivo de f\u00e1cil rotaci\u00f3n. Alimentado por una bater\u00eda recargable de 850 mAh y 60 ml de e-l\u00edquido, ofrece hasta 60.000 caladas. Disponible en concentraciones de nicotina del 2% y del 5%, con un indicador LED de la bater\u00eda para mayor comodidad.  <\/p>\n","protected":false},"featured_media":32430,"comment_status":"open","ping_status":"closed","template":"","meta":{"iawp_total_views":54},"product_brand":[],"product_cat":[586],"product_tag":[617,614,616,615],"class_list":{"0":"post-33187","1":"product","2":"type-product","3":"status-publish","4":"has-post-thumbnail","6":"product_cat-max-iii-6in1-60k-60000-puffs-rechargeable-disposable-vape-es","7":"product_tag-6-sabores-en-1-aparato","8":"product_tag-60000-puffs-es","9":"product_tag-recargable","10":"product_tag-vape-desechable","12":"first","13":"outofstock","14":"sale","15":"shipping-taxable","16":"purchasable","17":"product-type-variable"},"yoast_head":"<!-- This site is optimized with the Yoast SEO Premium plugin v24.8 (Yoast SEO v24.8) - https:\/\/yoast.com\/wordpress\/plugins\/seo\/ -->\n<title>Fizzy Max III 6en1 60000 Puffs Vape Desechable - 6 Sabores en 1<\/title>\n<meta name=\"description\" content=\"Experimenta hasta 60.000 caladas con el vapeador desechable 6en1 Fizzy Max III. Recargable, 6 sabores, bater\u00eda de 850 mAh y opciones de nicotina para el vapeo definitivo.\" \/>\n<meta name=\"robots\" content=\"index, follow, max-snippet:-1, max-image-preview:large, max-video-preview:-1\" \/>\n<link rel=\"canonical\" href=\"https:\/\/fizzyvape.eu\/es\/producto\/vapeador-desechable-recargable-fizzy-max-iii-6en1-60k-60000-puffs-arandano-frambuesa-triple-melon-fresa-helada-10pcs\/\" \/>\n<meta property=\"og:locale\" content=\"es_ES\" \/>\n<meta property=\"og:type\" content=\"article\" \/>\n<meta property=\"og:title\" content=\"Vapeador Desechable Recargable Fizzy Max III 6en1 60K 60000 Puffs - Ar\u00e1ndano Frambuesa &amp; Triple Mel\u00f3n &amp; Fresa Helada - 10pcs\" \/>\n<meta property=\"og:description\" content=\"Experimenta hasta 60.000 caladas con el vapeador desechable 6en1 Fizzy Max III. Recargable, 6 sabores, bater\u00eda de 850 mAh y opciones de nicotina para el vapeo definitivo.\" \/>\n<meta property=\"og:url\" content=\"https:\/\/fizzyvape.eu\/es\/producto\/vapeador-desechable-recargable-fizzy-max-iii-6en1-60k-60000-puffs-arandano-frambuesa-triple-melon-fresa-helada-10pcs\/\" \/>\n<meta property=\"og:site_name\" content=\"fizzyvape.eu\" \/>\n<meta property=\"og:image\" content=\"https:\/\/fizzyvape.eu\/wp-content\/uploads\/2025\/06\/Fizzy-Max-60000-Puffs-03.webp\" \/>\n\t<meta property=\"og:image:width\" content=\"800\" \/>\n\t<meta property=\"og:image:height\" content=\"800\" \/>\n\t<meta property=\"og:image:type\" content=\"image\/webp\" \/>\n<meta name=\"twitter:card\" content=\"summary_large_image\" \/>\n<meta name=\"twitter:label1\" content=\"Disponibilidad\" \/>\n\t<meta name=\"twitter:data1\" content=\"Sin existencias\" \/>\n<script type=\"application\/ld+json\" class=\"yoast-schema-graph\">{\"@context\":\"https:\/\/schema.org\",\"@graph\":[{\"@type\":\"WebPage\",\"@id\":\"https:\/\/fizzyvape.eu\/es\/producto\/vapeador-desechable-recargable-fizzy-max-iii-6en1-60k-60000-puffs-arandano-frambuesa-triple-melon-fresa-helada-10pcs\/\",\"url\":\"https:\/\/fizzyvape.eu\/es\/producto\/vapeador-desechable-recargable-fizzy-max-iii-6en1-60k-60000-puffs-arandano-frambuesa-triple-melon-fresa-helada-10pcs\/\",\"name\":\"Fizzy Max III 6en1 60000 Puffs Vape Desechable - 6 Sabores en 1\",\"isPartOf\":{\"@id\":\"https:\/\/www.fizzyvape.eu\/es\/#website\"},\"primaryImageOfPage\":{\"@id\":\"https:\/\/fizzyvape.eu\/es\/producto\/vapeador-desechable-recargable-fizzy-max-iii-6en1-60k-60000-puffs-arandano-frambuesa-triple-melon-fresa-helada-10pcs\/#primaryimage\"},\"image\":{\"@id\":\"https:\/\/fizzyvape.eu\/es\/producto\/vapeador-desechable-recargable-fizzy-max-iii-6en1-60k-60000-puffs-arandano-frambuesa-triple-melon-fresa-helada-10pcs\/#primaryimage\"},\"thumbnailUrl\":\"https:\/\/fizzyvape.eu\/wp-content\/uploads\/2025\/06\/Fizzy-Max-60000-Puffs-03.webp\",\"datePublished\":\"2025-06-11T02:33:42+00:00\",\"description\":\"Experimenta hasta 60.000 caladas con el vapeador desechable 6en1 Fizzy Max III. Recargable, 6 sabores, bater\u00eda de 850 mAh y opciones de nicotina para el vapeo definitivo.\",\"breadcrumb\":{\"@id\":\"https:\/\/fizzyvape.eu\/es\/producto\/vapeador-desechable-recargable-fizzy-max-iii-6en1-60k-60000-puffs-arandano-frambuesa-triple-melon-fresa-helada-10pcs\/#breadcrumb\"},\"inLanguage\":\"es\",\"potentialAction\":[{\"@type\":\"ReadAction\",\"target\":[\"https:\/\/fizzyvape.eu\/es\/producto\/vapeador-desechable-recargable-fizzy-max-iii-6en1-60k-60000-puffs-arandano-frambuesa-triple-melon-fresa-helada-10pcs\/\"]}]},{\"@type\":\"ImageObject\",\"inLanguage\":\"es\",\"@id\":\"https:\/\/fizzyvape.eu\/es\/producto\/vapeador-desechable-recargable-fizzy-max-iii-6en1-60k-60000-puffs-arandano-frambuesa-triple-melon-fresa-helada-10pcs\/#primaryimage\",\"url\":\"https:\/\/fizzyvape.eu\/wp-content\/uploads\/2025\/06\/Fizzy-Max-60000-Puffs-03.webp\",\"contentUrl\":\"https:\/\/fizzyvape.eu\/wp-content\/uploads\/2025\/06\/Fizzy-Max-60000-Puffs-03.webp\",\"width\":800,\"height\":800},{\"@type\":\"BreadcrumbList\",\"@id\":\"https:\/\/fizzyvape.eu\/es\/producto\/vapeador-desechable-recargable-fizzy-max-iii-6en1-60k-60000-puffs-arandano-frambuesa-triple-melon-fresa-helada-10pcs\/#breadcrumb\",\"itemListElement\":[{\"@type\":\"ListItem\",\"position\":1,\"name\":\"Home\",\"item\":\"https:\/\/fizzyvape.eu\/es\/\"},{\"@type\":\"ListItem\",\"position\":2,\"name\":\"Tienda\",\"item\":\"https:\/\/www.fizzyvape.eu\/es\/tienda\/\"},{\"@type\":\"ListItem\",\"position\":3,\"name\":\"Vapeador Desechable Recargable Fizzy Max III 6en1 60K 60000 Puffs &#8211; Ar\u00e1ndano Frambuesa &amp; Triple Mel\u00f3n &amp; Fresa Helada &#8211; 10pcs\"}]},{\"@type\":\"WebSite\",\"@id\":\"https:\/\/www.fizzyvape.eu\/es\/#website\",\"url\":\"https:\/\/www.fizzyvape.eu\/es\/\",\"name\":\"fizzyvape.eu\",\"description\":\"Refreshing Vapes. Unforgettable Taste.\",\"publisher\":{\"@id\":\"https:\/\/www.fizzyvape.eu\/es\/#organization\"},\"potentialAction\":[{\"@type\":\"SearchAction\",\"target\":{\"@type\":\"EntryPoint\",\"urlTemplate\":\"https:\/\/www.fizzyvape.eu\/es\/?s={search_term_string}\"},\"query-input\":{\"@type\":\"PropertyValueSpecification\",\"valueRequired\":true,\"valueName\":\"search_term_string\"}}],\"inLanguage\":\"es\"},{\"@type\":\"Organization\",\"@id\":\"https:\/\/www.fizzyvape.eu\/es\/#organization\",\"name\":\"fizzyvape.eu\",\"url\":\"https:\/\/www.fizzyvape.eu\/es\/\",\"logo\":{\"@type\":\"ImageObject\",\"inLanguage\":\"es\",\"@id\":\"https:\/\/www.fizzyvape.eu\/es\/#\/schema\/logo\/image\/\",\"url\":\"https:\/\/fizzyvape.eu\/wp-content\/uploads\/2019\/06\/print-1.svg\",\"contentUrl\":\"https:\/\/fizzyvape.eu\/wp-content\/uploads\/2019\/06\/print-1.svg\",\"width\":124,\"height\":37,\"caption\":\"fizzyvape.eu\"},\"image\":{\"@id\":\"https:\/\/www.fizzyvape.eu\/es\/#\/schema\/logo\/image\/\"}}]}<\/script>\n<meta property=\"og:availability\" content=\"out of stock\" \/>\n<meta property=\"product:availability\" content=\"out of stock\" \/>\n<meta property=\"product:condition\" content=\"new\" \/>\n<!-- \/ Yoast SEO Premium plugin. -->","yoast_head_json":{"title":"Fizzy Max III 6en1 60000 Puffs Vape Desechable - 6 Sabores en 1","description":"Experimenta hasta 60.000 caladas con el vapeador desechable 6en1 Fizzy Max III. Recargable, 6 sabores, bater\u00eda de 850 mAh y opciones de nicotina para el vapeo definitivo.","robots":{"index":"index","follow":"follow","max-snippet":"max-snippet:-1","max-image-preview":"max-image-preview:large","max-video-preview":"max-video-preview:-1"},"canonical":"https:\/\/fizzyvape.eu\/es\/producto\/vapeador-desechable-recargable-fizzy-max-iii-6en1-60k-60000-puffs-arandano-frambuesa-triple-melon-fresa-helada-10pcs\/","og_locale":"es_ES","og_type":"article","og_title":"Vapeador Desechable Recargable Fizzy Max III 6en1 60K 60000 Puffs - Ar\u00e1ndano Frambuesa &amp; Triple Mel\u00f3n &amp; Fresa Helada - 10pcs","og_description":"Experimenta hasta 60.000 caladas con el vapeador desechable 6en1 Fizzy Max III. Recargable, 6 sabores, bater\u00eda de 850 mAh y opciones de nicotina para el vapeo definitivo.","og_url":"https:\/\/fizzyvape.eu\/es\/producto\/vapeador-desechable-recargable-fizzy-max-iii-6en1-60k-60000-puffs-arandano-frambuesa-triple-melon-fresa-helada-10pcs\/","og_site_name":"fizzyvape.eu","og_image":[{"width":800,"height":800,"url":"https:\/\/fizzyvape.eu\/wp-content\/uploads\/2025\/06\/Fizzy-Max-60000-Puffs-03.webp","type":"image\/webp"}],"twitter_card":"summary_large_image","twitter_misc":{"Disponibilidad":"Sin existencias"},"schema":{"@context":"https:\/\/schema.org","@graph":[{"@type":"WebPage","@id":"https:\/\/fizzyvape.eu\/es\/producto\/vapeador-desechable-recargable-fizzy-max-iii-6en1-60k-60000-puffs-arandano-frambuesa-triple-melon-fresa-helada-10pcs\/","url":"https:\/\/fizzyvape.eu\/es\/producto\/vapeador-desechable-recargable-fizzy-max-iii-6en1-60k-60000-puffs-arandano-frambuesa-triple-melon-fresa-helada-10pcs\/","name":"Fizzy Max III 6en1 60000 Puffs Vape Desechable - 6 Sabores en 1","isPartOf":{"@id":"https:\/\/www.fizzyvape.eu\/es\/#website"},"primaryImageOfPage":{"@id":"https:\/\/fizzyvape.eu\/es\/producto\/vapeador-desechable-recargable-fizzy-max-iii-6en1-60k-60000-puffs-arandano-frambuesa-triple-melon-fresa-helada-10pcs\/#primaryimage"},"image":{"@id":"https:\/\/fizzyvape.eu\/es\/producto\/vapeador-desechable-recargable-fizzy-max-iii-6en1-60k-60000-puffs-arandano-frambuesa-triple-melon-fresa-helada-10pcs\/#primaryimage"},"thumbnailUrl":"https:\/\/fizzyvape.eu\/wp-content\/uploads\/2025\/06\/Fizzy-Max-60000-Puffs-03.webp","datePublished":"2025-06-11T02:33:42+00:00","description":"Experimenta hasta 60.000 caladas con el vapeador desechable 6en1 Fizzy Max III. Recargable, 6 sabores, bater\u00eda de 850 mAh y opciones de nicotina para el vapeo definitivo.","breadcrumb":{"@id":"https:\/\/fizzyvape.eu\/es\/producto\/vapeador-desechable-recargable-fizzy-max-iii-6en1-60k-60000-puffs-arandano-frambuesa-triple-melon-fresa-helada-10pcs\/#breadcrumb"},"inLanguage":"es","potentialAction":[{"@type":"ReadAction","target":["https:\/\/fizzyvape.eu\/es\/producto\/vapeador-desechable-recargable-fizzy-max-iii-6en1-60k-60000-puffs-arandano-frambuesa-triple-melon-fresa-helada-10pcs\/"]}]},{"@type":"ImageObject","inLanguage":"es","@id":"https:\/\/fizzyvape.eu\/es\/producto\/vapeador-desechable-recargable-fizzy-max-iii-6en1-60k-60000-puffs-arandano-frambuesa-triple-melon-fresa-helada-10pcs\/#primaryimage","url":"https:\/\/fizzyvape.eu\/wp-content\/uploads\/2025\/06\/Fizzy-Max-60000-Puffs-03.webp","contentUrl":"https:\/\/fizzyvape.eu\/wp-content\/uploads\/2025\/06\/Fizzy-Max-60000-Puffs-03.webp","width":800,"height":800},{"@type":"BreadcrumbList","@id":"https:\/\/fizzyvape.eu\/es\/producto\/vapeador-desechable-recargable-fizzy-max-iii-6en1-60k-60000-puffs-arandano-frambuesa-triple-melon-fresa-helada-10pcs\/#breadcrumb","itemListElement":[{"@type":"ListItem","position":1,"name":"Home","item":"https:\/\/fizzyvape.eu\/es\/"},{"@type":"ListItem","position":2,"name":"Tienda","item":"https:\/\/www.fizzyvape.eu\/es\/tienda\/"},{"@type":"ListItem","position":3,"name":"Vapeador Desechable Recargable Fizzy Max III 6en1 60K 60000 Puffs &#8211; Ar\u00e1ndano Frambuesa &amp; Triple Mel\u00f3n &amp; Fresa Helada &#8211; 10pcs"}]},{"@type":"WebSite","@id":"https:\/\/www.fizzyvape.eu\/es\/#website","url":"https:\/\/www.fizzyvape.eu\/es\/","name":"fizzyvape.eu","description":"Refreshing Vapes. Unforgettable Taste.","publisher":{"@id":"https:\/\/www.fizzyvape.eu\/es\/#organization"},"potentialAction":[{"@type":"SearchAction","target":{"@type":"EntryPoint","urlTemplate":"https:\/\/www.fizzyvape.eu\/es\/?s={search_term_string}"},"query-input":{"@type":"PropertyValueSpecification","valueRequired":true,"valueName":"search_term_string"}}],"inLanguage":"es"},{"@type":"Organization","@id":"https:\/\/www.fizzyvape.eu\/es\/#organization","name":"fizzyvape.eu","url":"https:\/\/www.fizzyvape.eu\/es\/","logo":{"@type":"ImageObject","inLanguage":"es","@id":"https:\/\/www.fizzyvape.eu\/es\/#\/schema\/logo\/image\/","url":"https:\/\/fizzyvape.eu\/wp-content\/uploads\/2019\/06\/print-1.svg","contentUrl":"https:\/\/fizzyvape.eu\/wp-content\/uploads\/2019\/06\/print-1.svg","width":124,"height":37,"caption":"fizzyvape.eu"},"image":{"@id":"https:\/\/www.fizzyvape.eu\/es\/#\/schema\/logo\/image\/"}}]},"og_availability":"out of stock","product_availability":"out of stock","product_condition":"new"},"tiered_pricing_type":"fixed","tiered_pricing_fixed_rules":[],"tiered_pricing_product_settings":{"layout":"default","base_unit_name":{"singular":null,"plural":null},"default_variation":null},"tiered_pricing_minimum_quantity":null,"tiered_pricing_roles_data":[],"tiered_pricing_percentage_rules":[],"tiered_pricing_maximum_quantity":null,"tiered_pricing_quantity_step":null,"_links":{"self":[{"href":"https:\/\/fizzyvape.eu\/es\/wp-json\/wp\/v2\/product\/33187","targetHints":{"allow":["GET"]}}],"collection":[{"href":"https:\/\/fizzyvape.eu\/es\/wp-json\/wp\/v2\/product"}],"about":[{"href":"https:\/\/fizzyvape.eu\/es\/wp-json\/wp\/v2\/types\/product"}],"replies":[{"embeddable":true,"href":"https:\/\/fizzyvape.eu\/es\/wp-json\/wp\/v2\/comments?post=33187"}],"version-history":[{"count":0,"href":"https:\/\/fizzyvape.eu\/es\/wp-json\/wp\/v2\/product\/33187\/revisions"}],"wp:featuredmedia":[{"embeddable":true,"href":"https:\/\/fizzyvape.eu\/es\/wp-json\/wp\/v2\/media\/32430"}],"wp:attachment":[{"href":"https:\/\/fizzyvape.eu\/es\/wp-json\/wp\/v2\/media?parent=33187"}],"wp:term":[{"taxonomy":"product_brand","embeddable":true,"href":"https:\/\/fizzyvape.eu\/es\/wp-json\/wp\/v2\/product_brand?post=33187"},{"taxonomy":"product_cat","embeddable":true,"href":"https:\/\/fizzyvape.eu\/es\/wp-json\/wp\/v2\/product_cat?post=33187"},{"taxonomy":"product_tag","embeddable":true,"href":"https:\/\/fizzyvape.eu\/es\/wp-json\/wp\/v2\/product_tag?post=33187"}],"curies":[{"name":"wp","href":"https:\/\/api.w.org\/{rel}","templated":true}]}}