{"id":34444,"date":"2025-08-20T10:55:59","date_gmt":"2025-08-20T02:55:59","guid":{"rendered":"https:\/\/fizzyvape.eu\/?post_type=product&#038;p=34444"},"modified":"2025-08-29T16:09:31","modified_gmt":"2025-08-29T08:09:31","slug":"fizzy-nova-plus-40k-40000-puffs-vape-desechable-10pcs-todos-los-sabores","status":"publish","type":"product","link":"https:\/\/fizzyvape.eu\/es\/producto\/fizzy-nova-plus-40k-40000-puffs-vape-desechable-10pcs-todos-los-sabores\/","title":{"rendered":"Fizzy Nova Plus 40k 40000 Puffs Vape Desechable &#8211; 10pcs (Todos los sabores)"},"content":{"rendered":"<div>\n<h1>Fizzy Nova Plus 40k 40000 Puffs &#8211; Vape desechable Premium<\/h1>\n<p>Descubre el <strong>Fizzy Nova Plus 40.000 Puffs<\/strong>, un vapeador desechable de \u00faltima generaci\u00f3n dise\u00f1ado para ofrecer un rendimiento duradero, sabores intensos y la m\u00e1xima comodidad. Con <strong>una capacidad de 40 ml de e-l\u00edquido<\/strong>, <strong>tecnolog\u00eda de doble bobina de malla<\/strong> y <strong>modos Eco y Turbo inteligentes<\/strong>, este dispositivo redefine lo que puede ofrecer un vapeador desechable. <\/p>\n<p>\u00bfY lo mejor?<\/p>\n<p>\u2705 Todos los pedidos se env\u00edan <strong>directamente desde nuestro almac\u00e9n europeo<\/strong>, lo que garantiza <strong>una entrega r\u00e1pida<\/strong> en <strong>2-7 d\u00edas<\/strong> en toda Europa.<\/p>\n<h3>Caracter\u00edsticas principales:<\/h3>\n<ul>\n<li><strong>Inigualables 40.000+ caladas<\/strong> &#8211; Disfruta de una mayor satisfacci\u00f3n al vapear<\/li>\n<li><strong>Gran capacidad de e-l\u00edquido de 40 ml<\/strong>: semanas de vapeo ininterrumpido<\/li>\n<li><strong>Bobinas de malla doble de \u00faltima generaci\u00f3n<\/strong>: m\u00e1ximo sabor y vapor denso<\/li>\n<li><strong>Modos de vapeo duales<\/strong>: Eco para alargar la duraci\u00f3n de la bater\u00eda, Turbo para mejorar el sabor<\/li>\n<li><strong>Pantalla LED inteligente<\/strong> &#8211; Control en tiempo real de la bater\u00eda y el e-l\u00edquido<\/li>\n<li><strong>Carga r\u00e1pida USB-C<\/strong>: bater\u00eda recargable de 850 mAh, carga completa en ~2 horas<\/li>\n<li><strong>Env\u00edo r\u00e1pido a Europa<\/strong>: de 2 a 7 d\u00edas laborables desde nuestro almac\u00e9n en la UE<\/li>\n<\/ul>\n<h3><strong>\u00bfPor qu\u00e9 elegir Fizzy Nova Plus?<\/strong><\/h3>\n<ul>\n<li><strong>Vida \u00fatil 3 veces m\u00e1s larga<\/strong> &#8211; Supera a los vaporizadores desechables est\u00e1ndar<\/li>\n<li><strong>Construcci\u00f3n de primera<\/strong>: aleaci\u00f3n de calidad aeroespacial con dise\u00f1o ergon\u00f3mico<\/li>\n<li><strong>Desarrollo experto del sabor<\/strong> &#8211; Elaborado por especialistas del sabor de talla mundial<\/li>\n<li><strong>Log\u00edstica de confianza en la UE<\/strong>: entregas r\u00e1pidas y fiables en toda Europa<\/li>\n<\/ul>\n<\/div>\n<div>\n<h3><strong>Opciones de nicotina:<\/strong><\/h3>\n<ul>\n<li><strong>2% (20mg\/mL<\/strong> ) &#8211; Experiencia de vapeo suave y equilibrada<\/li>\n<li><strong>5% (50mg\/mL<\/strong> ) &#8211; Golpe de garganta m\u00e1s fuerte, dise\u00f1ado para grandes consumidores<\/li>\n<\/ul>\n<h3>Especificaciones<\/h3>\n<table style=\"height: 449px;\" width=\"1340\">\n<tbody>\n<tr>\n<td>Puffs<\/td>\n<td><strong>M\u00e1s de 40000 Puffs<\/strong><\/td>\n<\/tr>\n<tr>\n<td>Capacidad del e-l\u00edquido<\/td>\n<td><strong>40 ml<\/strong><\/td>\n<\/tr>\n<tr>\n<td>Capacidad de la bater\u00eda<\/td>\n<td><strong>850 mAh<\/strong><\/td>\n<\/tr>\n<tr>\n<td>Tama\u00f1o<\/td>\n<td><strong>52,5*24,5*104,3 mm<\/strong><\/td>\n<\/tr>\n<tr>\n<td>Desechable o no<\/td>\n<td><strong>Desechable<\/strong><\/td>\n<\/tr>\n<tr>\n<td>M\u00e9todo de carga<\/td>\n<td><strong>Cable<\/strong><\/td>\n<\/tr>\n<tr>\n<td>M\u00e9todo de activaci\u00f3n<\/td>\n<td><strong>Sensor<\/strong><\/td>\n<\/tr>\n<tr>\n<td>Material<\/td>\n<td><strong>PCTG<\/strong><\/td>\n<\/tr>\n<tr>\n<td>Nivel de nicotina<\/td>\n<td><strong>2% (20mg\/mL) y 5% (50mg\/mL)<\/strong><\/td>\n<\/tr>\n<tr>\n<td>Sabores<\/td>\n<td><strong>12<\/strong><\/td>\n<\/tr>\n<tr>\n<td>Embalaje<\/td>\n<td><strong>1 paquete<\/strong><\/td>\n<\/tr>\n<tr>\n<td>Tiempo de carga<\/td>\n<td><strong>2 horas<\/strong><\/td>\n<\/tr>\n<tr>\n<td>Almacenamiento<\/td>\n<td><strong>Evita los entornos con altas temperaturas y gu\u00e1rdalo en un lugar fresco y seco.<\/strong><\/td>\n<\/tr>\n<tr>\n<td>Personas cuyo uso est\u00e1 prohibido<\/td>\n<td><strong>Menores, mujeres embarazadas y personas al\u00e9rgicas a los ingredientes del producto.<\/strong><\/td>\n<\/tr>\n<tr>\n<td>Precauci\u00f3n<\/td>\n<td><strong>No tragues esta sustancia. En caso de ingesti\u00f3n, enju\u00e1gate bien la boca inmediatamente. Si te encuentras mal, acude al m\u00e9dico.  <\/strong><\/td>\n<\/tr>\n<\/tbody>\n<\/table>\n<h3>Lista de sabores de <strong>Fizzy Nova Plus <\/strong>40000 Puffs:<\/h3>\n<ol>\n<li><a href=\"https:\/\/fizzyvape.eu\/es\/producto\/fizzy-nova-plus-fresa-kiwi-40000-puffs-10pcs\/\">Fresa Kiwi<\/a><\/li>\n<li><a href=\"https:\/\/fizzyvape.eu\/es\/producto\/fizzy-nova-plus-hielo-de-arandanos-40000-puffs-10pcs\/\">Hielo de ar\u00e1ndanos<\/a><\/li>\n<li><a href=\"https:\/\/fizzyvape.eu\/es\/producto\/fizzy-nova-plus-sandia-helada-40000-puffs-10pcs\/\">Hielo de sand\u00eda<\/a><\/li>\n<li><a href=\"https:\/\/fizzyvape.eu\/es\/producto\/fizzy-nova-plus-melocoton-mango-sandia-40000-puffs-10pcs\/\">Melocot\u00f3n Mango Sand\u00eda<\/a><\/li>\n<li><a href=\"https:\/\/fizzyvape.eu\/es\/producto\/fizzy-nova-plus-kiwi-fruta-de-la-pasion-guayaba-40000-puffs-10pcs\/\">Kiwi Fruta de la pasi\u00f3n Guayaba<\/a><\/li>\n<li><a href=\"https:\/\/fizzyvape.eu\/es\/producto\/fizzy-nova-plus-frambuesa-limon-40000-puffs-10pcs\/\">Frambuesa Lim\u00f3n<\/a><\/li>\n<li><a href=\"https:\/\/fizzyvape.eu\/es\/producto\/fizzy-nova-plus-triple-baya-40000-puffs-10pcs\/\">Triple baya<\/a><\/li>\n<li><a href=\"https:\/\/fizzyvape.eu\/es\/producto\/fizzy-nova-plus-hielo-de-melocoton-40000-puffs-10pcs\/\">Melocot\u00f3n helado<\/a><\/li>\n<li><a href=\"https:\/\/fizzyvape.eu\/es\/producto\/fizzy-nova-plus-uva-lima-40000-puffs-10pcs\/\">Uva Lima<\/a><\/li>\n<li><a href=\"https:\/\/fizzyvape.eu\/es\/producto\/fizzy-nova-plus-limonada-azul-razz-40000-puffs-10pcs\/\">Limonada Blue Razz<\/a><\/li>\n<li><a href=\"https:\/\/fizzyvape.eu\/es\/producto\/fizzy-nova-plus-fresa-helada-40000-puffs-10pcs\/\">Hielo de fresa<\/a><\/li>\n<li><a href=\"https:\/\/fizzyvape.eu\/es\/producto\/fizzy-nova-plus-coco-arandano-40000-puffs-10pcs\/\">Coco con ar\u00e1ndanos<\/a><\/li>\n<\/ol>\n<h3>FAQ &#8211; Sobre Fizzy Nova Plus 40k 40000 Puffs Vape<\/h3>\n<p><strong>1. \u00bfCu\u00e1nto dura Fizzy Nova Plus?<\/strong><br \/>\nCon hasta <strong>40.000 caladas<\/strong>, dura unas 3 veces m\u00e1s que los vaporizadores desechables normales, lo que lo convierte en una de las opciones m\u00e1s duraderas del mercado.<\/p>\n<p><strong>2. \u00bfCu\u00e1l es la rapidez de env\u00edo?<\/strong><br \/>\nTodos los productos se env\u00edan desde nuestro <strong>almac\u00e9n de la UE<\/strong> con un plazo <strong>de entrega de 2 a 7 d\u00edas<\/strong>, dependiendo de tu ubicaci\u00f3n.<\/p>\n<p><strong>3. \u00bfQu\u00e9 lo diferencia de otros vapes desechables?<\/strong><br \/>\nCombina <strong>40 ml de e-l\u00edquido<\/strong>, <strong>bobinas de doble malla<\/strong>, <strong>modos duales inteligentes<\/strong> y una <strong>pantalla LED<\/strong>, para ofrecer rendimiento y comodidad.<\/p>\n<p><strong>4. \u00bfQu\u00e9 concentraciones de nicotina hay disponibles?<\/strong><br \/>\nPuedes elegir entre <strong>un 2% (experiencia suave)<\/strong> y <strong>un 5% (fuerte golpe en la garganta<\/strong> ), seg\u00fan tus preferencias.<\/p>\n<\/div>\n","protected":false},"excerpt":{"rendered":"<p>El <strong>Fizzy Nova Plus 40.000 Puffs<\/strong> es m\u00e1s que un vapeador desechable: es un <strong>dispositivo duradero, lleno de sabor y de alto rendimiento<\/strong>, que garantiza la satisfacci\u00f3n desde la primera calada hasta la \u00faltima. Con <strong>una entrega r\u00e1pida de 2 a 7 d\u00edas en la UE<\/strong>, obtendr\u00e1s calidad y comodidad de primera, justo en la puerta de tu casa. <\/p>\n","protected":false},"featured_media":34200,"comment_status":"open","ping_status":"closed","template":"","meta":{"iawp_total_views":21},"product_brand":[],"product_cat":[354],"product_tag":[348,637],"class_list":{"0":"post-34444","1":"product","2":"type-product","3":"status-publish","4":"has-post-thumbnail","6":"product_cat-nova-plus-es","7":"product_tag-40000-bocanadas","8":"product_tag-todos-los-sabores","10":"first","11":"outofstock","12":"sale","13":"shipping-taxable","14":"purchasable","15":"product-type-variable"},"yoast_head":"<!-- This site is optimized with the Yoast SEO Premium plugin v24.8 (Yoast SEO v27.4) - https:\/\/yoast.com\/product\/yoast-seo-premium-wordpress\/ -->\n<title>Fizzy Nova Plus 40000 Puffs Vape Desechable | Env\u00edo r\u00e1pido UE<\/title>\n<meta name=\"description\" content=\"Compra Fizzy Nova Plus 40000 Puffs con 12 sabores premium, doble bobina de malla y pantalla LED inteligente. Se env\u00eda desde nuestro almac\u00e9n europeo en 2-7 d\u00edas.\" \/>\n<meta name=\"robots\" content=\"index, follow, max-snippet:-1, max-image-preview:large, max-video-preview:-1\" \/>\n<link rel=\"canonical\" href=\"https:\/\/fizzyvape.eu\/es\/producto\/fizzy-nova-plus-40k-40000-puffs-vape-desechable-10pcs-todos-los-sabores\/\" \/>\n<meta property=\"og:locale\" content=\"es_ES\" \/>\n<meta property=\"og:type\" content=\"article\" \/>\n<meta property=\"og:title\" content=\"Fizzy Nova Plus 40k 40000 Puffs Vape Desechable - 10pcs (Todos los sabores)\" \/>\n<meta property=\"og:description\" content=\"Compra Fizzy Nova Plus 40000 Puffs con 12 sabores premium, doble bobina de malla y pantalla LED inteligente. Se env\u00eda desde nuestro almac\u00e9n europeo en 2-7 d\u00edas.\" \/>\n<meta property=\"og:url\" content=\"https:\/\/fizzyvape.eu\/es\/producto\/fizzy-nova-plus-40k-40000-puffs-vape-desechable-10pcs-todos-los-sabores\/\" \/>\n<meta property=\"og:site_name\" content=\"fizzyvape.eu\" \/>\n<meta property=\"article:modified_time\" content=\"2025-08-29T08:09:31+00:00\" \/>\n<meta property=\"og:image\" content=\"https:\/\/fizzyvape.eu\/wp-content\/uploads\/2025\/08\/Fizzy-Nova-Plus-40000-Puffs-Dual-Mode-Dual-Mesh-40K-2-5-Low-Nicotine-22-1.webp\" \/>\n\t<meta property=\"og:image:width\" content=\"600\" \/>\n\t<meta property=\"og:image:height\" content=\"600\" \/>\n\t<meta property=\"og:image:type\" content=\"image\/webp\" \/>\n<meta name=\"twitter:card\" content=\"summary_large_image\" \/>\n<meta name=\"twitter:label1\" content=\"Disponibilidad\" \/>\n\t<meta name=\"twitter:data1\" content=\"Sin existencias\" \/>\n<script type=\"application\/ld+json\" class=\"yoast-schema-graph\">{\"@context\":\"https:\\\/\\\/schema.org\",\"@graph\":[{\"@type\":\"WebPage\",\"@id\":\"https:\\\/\\\/fizzyvape.eu\\\/es\\\/producto\\\/fizzy-nova-plus-40k-40000-puffs-vape-desechable-10pcs-todos-los-sabores\\\/\",\"url\":\"https:\\\/\\\/fizzyvape.eu\\\/es\\\/producto\\\/fizzy-nova-plus-40k-40000-puffs-vape-desechable-10pcs-todos-los-sabores\\\/\",\"name\":\"Fizzy Nova Plus 40000 Puffs Vape Desechable | Env\u00edo r\u00e1pido UE\",\"isPartOf\":{\"@id\":\"https:\\\/\\\/www.fizzyvape.eu\\\/es\\\/#website\"},\"primaryImageOfPage\":{\"@id\":\"https:\\\/\\\/fizzyvape.eu\\\/es\\\/producto\\\/fizzy-nova-plus-40k-40000-puffs-vape-desechable-10pcs-todos-los-sabores\\\/#primaryimage\"},\"image\":{\"@id\":\"https:\\\/\\\/fizzyvape.eu\\\/es\\\/producto\\\/fizzy-nova-plus-40k-40000-puffs-vape-desechable-10pcs-todos-los-sabores\\\/#primaryimage\"},\"thumbnailUrl\":\"https:\\\/\\\/fizzyvape.eu\\\/wp-content\\\/uploads\\\/2025\\\/03\\\/fizzy-nova-plus-40000-40k-puffs-main-picture.jpg.webp\",\"datePublished\":\"2025-08-20T02:55:59+00:00\",\"dateModified\":\"2025-08-29T08:09:31+00:00\",\"description\":\"Compra Fizzy Nova Plus 40000 Puffs con 12 sabores premium, doble bobina de malla y pantalla LED inteligente. Se env\u00eda desde nuestro almac\u00e9n europeo en 2-7 d\u00edas.\",\"breadcrumb\":{\"@id\":\"https:\\\/\\\/fizzyvape.eu\\\/es\\\/producto\\\/fizzy-nova-plus-40k-40000-puffs-vape-desechable-10pcs-todos-los-sabores\\\/#breadcrumb\"},\"inLanguage\":\"es\",\"potentialAction\":[{\"@type\":\"ReadAction\",\"target\":[\"https:\\\/\\\/fizzyvape.eu\\\/es\\\/producto\\\/fizzy-nova-plus-40k-40000-puffs-vape-desechable-10pcs-todos-los-sabores\\\/\"]}]},{\"@type\":\"ImageObject\",\"inLanguage\":\"es\",\"@id\":\"https:\\\/\\\/fizzyvape.eu\\\/es\\\/producto\\\/fizzy-nova-plus-40k-40000-puffs-vape-desechable-10pcs-todos-los-sabores\\\/#primaryimage\",\"url\":\"https:\\\/\\\/fizzyvape.eu\\\/wp-content\\\/uploads\\\/2025\\\/03\\\/fizzy-nova-plus-40000-40k-puffs-main-picture.jpg.webp\",\"contentUrl\":\"https:\\\/\\\/fizzyvape.eu\\\/wp-content\\\/uploads\\\/2025\\\/03\\\/fizzy-nova-plus-40000-40k-puffs-main-picture.jpg.webp\",\"width\":1920,\"height\":1920,\"caption\":\"fizzy-nova-plus-40000-40k-puffs-main-picture.jpg\"},{\"@type\":\"BreadcrumbList\",\"@id\":\"https:\\\/\\\/fizzyvape.eu\\\/es\\\/producto\\\/fizzy-nova-plus-40k-40000-puffs-vape-desechable-10pcs-todos-los-sabores\\\/#breadcrumb\",\"itemListElement\":[{\"@type\":\"ListItem\",\"position\":1,\"name\":\"Home\",\"item\":\"https:\\\/\\\/fizzyvape.eu\\\/es\\\/\"},{\"@type\":\"ListItem\",\"position\":2,\"name\":\"Tienda\",\"item\":\"https:\\\/\\\/www.fizzyvape.eu\\\/es\\\/tienda\\\/\"},{\"@type\":\"ListItem\",\"position\":3,\"name\":\"Fizzy Nova Plus 40k 40000 Puffs Vape Desechable &#8211; 10pcs (Todos los sabores)\"}]},{\"@type\":\"WebSite\",\"@id\":\"https:\\\/\\\/www.fizzyvape.eu\\\/es\\\/#website\",\"url\":\"https:\\\/\\\/www.fizzyvape.eu\\\/es\\\/\",\"name\":\"fizzyvape.eu\",\"description\":\"Refreshing Vapes. Unforgettable Taste.\",\"publisher\":{\"@id\":\"https:\\\/\\\/www.fizzyvape.eu\\\/es\\\/#organization\"},\"potentialAction\":[{\"@type\":\"SearchAction\",\"target\":{\"@type\":\"EntryPoint\",\"urlTemplate\":\"https:\\\/\\\/www.fizzyvape.eu\\\/es\\\/?s={search_term_string}\"},\"query-input\":{\"@type\":\"PropertyValueSpecification\",\"valueRequired\":true,\"valueName\":\"search_term_string\"}}],\"inLanguage\":\"es\"},{\"@type\":\"Organization\",\"@id\":\"https:\\\/\\\/www.fizzyvape.eu\\\/es\\\/#organization\",\"name\":\"fizzyvape.eu\",\"url\":\"https:\\\/\\\/www.fizzyvape.eu\\\/es\\\/\",\"logo\":{\"@type\":\"ImageObject\",\"inLanguage\":\"es\",\"@id\":\"https:\\\/\\\/www.fizzyvape.eu\\\/es\\\/#\\\/schema\\\/logo\\\/image\\\/\",\"url\":\"https:\\\/\\\/fizzyvape.eu\\\/wp-content\\\/uploads\\\/2019\\\/06\\\/print-1.svg\",\"contentUrl\":\"https:\\\/\\\/fizzyvape.eu\\\/wp-content\\\/uploads\\\/2019\\\/06\\\/print-1.svg\",\"width\":124,\"height\":37,\"caption\":\"fizzyvape.eu\"},\"image\":{\"@id\":\"https:\\\/\\\/www.fizzyvape.eu\\\/es\\\/#\\\/schema\\\/logo\\\/image\\\/\"}}]}<\/script>\n<meta property=\"og:availability\" content=\"out of stock\" \/>\n<meta property=\"product:availability\" content=\"out of stock\" \/>\n<meta property=\"product:condition\" content=\"new\" \/>\n<!-- \/ Yoast SEO Premium plugin. -->","yoast_head_json":{"title":"Fizzy Nova Plus 40000 Puffs Vape Desechable | Env\u00edo r\u00e1pido UE","description":"Compra Fizzy Nova Plus 40000 Puffs con 12 sabores premium, doble bobina de malla y pantalla LED inteligente. Se env\u00eda desde nuestro almac\u00e9n europeo en 2-7 d\u00edas.","robots":{"index":"index","follow":"follow","max-snippet":"max-snippet:-1","max-image-preview":"max-image-preview:large","max-video-preview":"max-video-preview:-1"},"canonical":"https:\/\/fizzyvape.eu\/es\/producto\/fizzy-nova-plus-40k-40000-puffs-vape-desechable-10pcs-todos-los-sabores\/","og_locale":"es_ES","og_type":"article","og_title":"Fizzy Nova Plus 40k 40000 Puffs Vape Desechable - 10pcs (Todos los sabores)","og_description":"Compra Fizzy Nova Plus 40000 Puffs con 12 sabores premium, doble bobina de malla y pantalla LED inteligente. Se env\u00eda desde nuestro almac\u00e9n europeo en 2-7 d\u00edas.","og_url":"https:\/\/fizzyvape.eu\/es\/producto\/fizzy-nova-plus-40k-40000-puffs-vape-desechable-10pcs-todos-los-sabores\/","og_site_name":"fizzyvape.eu","article_modified_time":"2025-08-29T08:09:31+00:00","og_image":[{"width":600,"height":600,"url":"https:\/\/fizzyvape.eu\/wp-content\/uploads\/2025\/08\/Fizzy-Nova-Plus-40000-Puffs-Dual-Mode-Dual-Mesh-40K-2-5-Low-Nicotine-22-1.webp","type":"image\/webp"}],"twitter_card":"summary_large_image","twitter_misc":{"Disponibilidad":"Sin existencias"},"schema":{"@context":"https:\/\/schema.org","@graph":[{"@type":"WebPage","@id":"https:\/\/fizzyvape.eu\/es\/producto\/fizzy-nova-plus-40k-40000-puffs-vape-desechable-10pcs-todos-los-sabores\/","url":"https:\/\/fizzyvape.eu\/es\/producto\/fizzy-nova-plus-40k-40000-puffs-vape-desechable-10pcs-todos-los-sabores\/","name":"Fizzy Nova Plus 40000 Puffs Vape Desechable | Env\u00edo r\u00e1pido UE","isPartOf":{"@id":"https:\/\/www.fizzyvape.eu\/es\/#website"},"primaryImageOfPage":{"@id":"https:\/\/fizzyvape.eu\/es\/producto\/fizzy-nova-plus-40k-40000-puffs-vape-desechable-10pcs-todos-los-sabores\/#primaryimage"},"image":{"@id":"https:\/\/fizzyvape.eu\/es\/producto\/fizzy-nova-plus-40k-40000-puffs-vape-desechable-10pcs-todos-los-sabores\/#primaryimage"},"thumbnailUrl":"https:\/\/fizzyvape.eu\/wp-content\/uploads\/2025\/03\/fizzy-nova-plus-40000-40k-puffs-main-picture.jpg.webp","datePublished":"2025-08-20T02:55:59+00:00","dateModified":"2025-08-29T08:09:31+00:00","description":"Compra Fizzy Nova Plus 40000 Puffs con 12 sabores premium, doble bobina de malla y pantalla LED inteligente. Se env\u00eda desde nuestro almac\u00e9n europeo en 2-7 d\u00edas.","breadcrumb":{"@id":"https:\/\/fizzyvape.eu\/es\/producto\/fizzy-nova-plus-40k-40000-puffs-vape-desechable-10pcs-todos-los-sabores\/#breadcrumb"},"inLanguage":"es","potentialAction":[{"@type":"ReadAction","target":["https:\/\/fizzyvape.eu\/es\/producto\/fizzy-nova-plus-40k-40000-puffs-vape-desechable-10pcs-todos-los-sabores\/"]}]},{"@type":"ImageObject","inLanguage":"es","@id":"https:\/\/fizzyvape.eu\/es\/producto\/fizzy-nova-plus-40k-40000-puffs-vape-desechable-10pcs-todos-los-sabores\/#primaryimage","url":"https:\/\/fizzyvape.eu\/wp-content\/uploads\/2025\/03\/fizzy-nova-plus-40000-40k-puffs-main-picture.jpg.webp","contentUrl":"https:\/\/fizzyvape.eu\/wp-content\/uploads\/2025\/03\/fizzy-nova-plus-40000-40k-puffs-main-picture.jpg.webp","width":1920,"height":1920,"caption":"fizzy-nova-plus-40000-40k-puffs-main-picture.jpg"},{"@type":"BreadcrumbList","@id":"https:\/\/fizzyvape.eu\/es\/producto\/fizzy-nova-plus-40k-40000-puffs-vape-desechable-10pcs-todos-los-sabores\/#breadcrumb","itemListElement":[{"@type":"ListItem","position":1,"name":"Home","item":"https:\/\/fizzyvape.eu\/es\/"},{"@type":"ListItem","position":2,"name":"Tienda","item":"https:\/\/www.fizzyvape.eu\/es\/tienda\/"},{"@type":"ListItem","position":3,"name":"Fizzy Nova Plus 40k 40000 Puffs Vape Desechable &#8211; 10pcs (Todos los sabores)"}]},{"@type":"WebSite","@id":"https:\/\/www.fizzyvape.eu\/es\/#website","url":"https:\/\/www.fizzyvape.eu\/es\/","name":"fizzyvape.eu","description":"Refreshing Vapes. Unforgettable Taste.","publisher":{"@id":"https:\/\/www.fizzyvape.eu\/es\/#organization"},"potentialAction":[{"@type":"SearchAction","target":{"@type":"EntryPoint","urlTemplate":"https:\/\/www.fizzyvape.eu\/es\/?s={search_term_string}"},"query-input":{"@type":"PropertyValueSpecification","valueRequired":true,"valueName":"search_term_string"}}],"inLanguage":"es"},{"@type":"Organization","@id":"https:\/\/www.fizzyvape.eu\/es\/#organization","name":"fizzyvape.eu","url":"https:\/\/www.fizzyvape.eu\/es\/","logo":{"@type":"ImageObject","inLanguage":"es","@id":"https:\/\/www.fizzyvape.eu\/es\/#\/schema\/logo\/image\/","url":"https:\/\/fizzyvape.eu\/wp-content\/uploads\/2019\/06\/print-1.svg","contentUrl":"https:\/\/fizzyvape.eu\/wp-content\/uploads\/2019\/06\/print-1.svg","width":124,"height":37,"caption":"fizzyvape.eu"},"image":{"@id":"https:\/\/www.fizzyvape.eu\/es\/#\/schema\/logo\/image\/"}}]},"og_availability":"out of stock","product_availability":"out of stock","product_condition":"new"},"tiered_pricing_type":"fixed","tiered_pricing_fixed_rules":[],"tiered_pricing_product_settings":{"layout":"default","base_unit_name":{"singular":null,"plural":null},"default_variation":null},"tiered_pricing_minimum_quantity":null,"tiered_pricing_roles_data":[],"tiered_pricing_percentage_rules":[],"tiered_pricing_maximum_quantity":null,"tiered_pricing_quantity_step":null,"_links":{"self":[{"href":"https:\/\/fizzyvape.eu\/es\/wp-json\/wp\/v2\/product\/34444","targetHints":{"allow":["GET"]}}],"collection":[{"href":"https:\/\/fizzyvape.eu\/es\/wp-json\/wp\/v2\/product"}],"about":[{"href":"https:\/\/fizzyvape.eu\/es\/wp-json\/wp\/v2\/types\/product"}],"replies":[{"embeddable":true,"href":"https:\/\/fizzyvape.eu\/es\/wp-json\/wp\/v2\/comments?post=34444"}],"version-history":[{"count":1,"href":"https:\/\/fizzyvape.eu\/es\/wp-json\/wp\/v2\/product\/34444\/revisions"}],"predecessor-version":[{"id":35204,"href":"https:\/\/fizzyvape.eu\/es\/wp-json\/wp\/v2\/product\/34444\/revisions\/35204"}],"wp:featuredmedia":[{"embeddable":true,"href":"https:\/\/fizzyvape.eu\/es\/wp-json\/wp\/v2\/media\/34200"}],"wp:attachment":[{"href":"https:\/\/fizzyvape.eu\/es\/wp-json\/wp\/v2\/media?parent=34444"}],"wp:term":[{"taxonomy":"product_brand","embeddable":true,"href":"https:\/\/fizzyvape.eu\/es\/wp-json\/wp\/v2\/product_brand?post=34444"},{"taxonomy":"product_cat","embeddable":true,"href":"https:\/\/fizzyvape.eu\/es\/wp-json\/wp\/v2\/product_cat?post=34444"},{"taxonomy":"product_tag","embeddable":true,"href":"https:\/\/fizzyvape.eu\/es\/wp-json\/wp\/v2\/product_tag?post=34444"}],"curies":[{"name":"wp","href":"https:\/\/api.w.org\/{rel}","templated":true}]}}