{"id":35240,"date":"2025-08-28T17:47:31","date_gmt":"2025-08-28T09:47:31","guid":{"rendered":"https:\/\/fizzyvape.eu\/product\/fizzy-twins-50000-puffs-doble-sabor-vape-desechable\/"},"modified":"2025-09-11T04:38:26","modified_gmt":"2025-09-10T20:38:26","slug":"fizzy-twins-50000-puffs-doble-sabor-vape-desechable","status":"publish","type":"product","link":"https:\/\/fizzyvape.eu\/es\/producto\/fizzy-twins-50000-puffs-doble-sabor-vape-desechable\/","title":{"rendered":"Fizzy Twins 50000 Puffs Doble Sabor Vape Desechable"},"content":{"rendered":"<div style=\"width: 1280px;\" class=\"wp-video\"><!--[if lt IE 9]><script>document.createElement('video');<\/script><![endif]-->\n<video class=\"wp-video-shortcode\" id=\"video-35240-1\" width=\"1280\" height=\"720\" preload=\"metadata\" controls=\"controls\"><source type=\"video\/mp4\" src=\"https:\/\/fizzyvape.eu\/wp-content\/uploads\/2025\/08\/Fizzy-Twins-50000-Puffs-Disposable-Vape.mp4?_=1\" \/><a href=\"https:\/\/fizzyvape.eu\/wp-content\/uploads\/2025\/08\/Fizzy-Twins-50000-Puffs-Disposable-Vape.mp4\">https:\/\/fizzyvape.eu\/wp-content\/uploads\/2025\/08\/Fizzy-Twins-50000-Puffs-Disposable-Vape.mp4<\/a><\/video><\/div>\n<h1>Fizzy Twins 50000 Puffs &#8211; Vapeador desechable de doble sabor y modo dual<\/h1>\n<p>El <strong data-start=\"190\" data-end=\"218\">Fizzy Twins 50000 Puffs<\/strong> lleva el vapeo desechable al siguiente nivel con su <strong data-start=\"270\" data-end=\"299\">exclusivo sistema de doble sabor<\/strong> y su <strong data-start=\"304\" data-end=\"328\">tecnolog\u00eda de modo dual<\/strong>. Con hasta <strong data-start=\"345\" data-end=\"361\">50.000 caladas<\/strong>, este dispositivo recargable te permite cambiar entre dos sabores distintos al instante, o disfrutarlos combinados para una experiencia de vapeo realmente personalizada. <\/p>\n<h2 data-start=\"526\" data-end=\"547\">Caracter\u00edsticas principales<\/h2>\n<ul data-start=\"548\" data-end=\"1172\">\n<li data-start=\"548\" data-end=\"633\">\n<p data-start=\"550\" data-end=\"633\"><strong data-start=\"550\" data-end=\"575\">Capacidad para 50.000 caladas<\/strong>: disfrute duradero sin sustituciones constantes.<\/p>\n<\/li>\n<li data-start=\"634\" data-end=\"729\">\n<p data-start=\"636\" data-end=\"729\"><strong data-start=\"636\" data-end=\"662\">Tecnolog\u00eda de doble sabor<\/strong>: cambia instant\u00e1neamente entre <strong data-start=\"690\" data-end=\"705\">dos sabores<\/strong> o m\u00e9zclalos entre s\u00ed.<\/p>\n<\/li>\n<li data-start=\"730\" data-end=\"862\">\n<p data-start=\"732\" data-end=\"862\"><strong data-start=\"732\" data-end=\"757\">Rendimiento en modo dual<\/strong>: elige entre <strong data-start=\"775\" data-end=\"791\">el modo normal<\/strong> para un vapeo suave y <strong data-start=\"814\" data-end=\"828\">el modo boost<\/strong> para nubes y sabor m\u00e1s intensos.<\/p>\n<\/li>\n<li data-start=\"863\" data-end=\"951\">\n<p data-start=\"865\" data-end=\"951\"><strong data-start=\"865\" data-end=\"889\">Bater\u00eda recargable<\/strong>: te garantiza las 50.000 caladas completas sin p\u00e9rdida de energ\u00eda.<\/p>\n<\/li>\n<li data-start=\"952\" data-end=\"1033\">\n<p data-start=\"954\" data-end=\"1033\"><strong data-start=\"954\" data-end=\"974\">Sistema de bobina de malla<\/strong> &#8211; Rico sabor y vapor consistente de principio a fin.<\/p>\n<\/li>\n<li data-start=\"1034\" data-end=\"1103\">\n<p data-start=\"1036\" data-end=\"1103\"><strong data-start=\"1036\" data-end=\"1054\">Dise\u00f1o de primera<\/strong>: elegante, port\u00e1til y dise\u00f1ado para el uso diario.<\/p>\n<\/li>\n<li data-start=\"1104\" data-end=\"1172\">\n<p data-start=\"1106\" data-end=\"1172\"><strong data-start=\"1106\" data-end=\"1126\">Env\u00edo r\u00e1pido a la UE<\/strong> &#8211; Env\u00edo directo desde los almacenes europeos.<\/p>\n<\/li>\n<\/ul>\n<h2 data-start=\"1286\" data-end=\"1318\">\u00bfPor qu\u00e9 elegir Fizzy Twins?<\/h2>\n<p data-start=\"1319\" data-end=\"1545\">\u2714 Aut\u00e9ntico Fizzy Vape &#8211; de confianza en todo el mundo desde 2013<br data-start=\"1372\" data-end=\"1375\">\u2714 Exclusiva <strong data-start=\"1387\" data-end=\"1413\">experiencia de doble sabor<\/strong> en un solo dispositivo<br data-start=\"1427\" data-end=\"1430\">\u2714 Gran cantidad de caladas = mejor valor y menos residuos<br data-start=\"1477\" data-end=\"1480\">\u2714 Respaldado por un <strong data-start=\"1492\" data-end=\"1509\">env\u00edo r\u00e1pido<\/strong> y un <strong data-start=\"1514\" data-end=\"1543\">servicio de atenci\u00f3n al cliente fiable<\/strong><\/p>\n<p data-start=\"1319\" data-end=\"1545\"><img decoding=\"async\" class=\"alignnone wp-image-34860 size-full\" src=\"https:\/\/fizzyvape.eu\/wp-content\/uploads\/2025\/08\/FIZZY-Twins-50K-50000-puffs-Flavors--scaled.jpg\" alt=\"\" width=\"1354\" height=\"2560\" srcset=\"https:\/\/fizzyvape.eu\/wp-content\/uploads\/2025\/08\/FIZZY-Twins-50K-50000-puffs-Flavors--scaled.jpg 1354w, https:\/\/fizzyvape.eu\/wp-content\/uploads\/2025\/08\/FIZZY-Twins-50K-50000-puffs-Flavors--159x300.jpg 159w, https:\/\/fizzyvape.eu\/wp-content\/uploads\/2025\/08\/FIZZY-Twins-50K-50000-puffs-Flavors--423x800.jpg 423w, https:\/\/fizzyvape.eu\/wp-content\/uploads\/2025\/08\/FIZZY-Twins-50K-50000-puffs-Flavors--768x1452.jpg 768w, https:\/\/fizzyvape.eu\/wp-content\/uploads\/2025\/08\/FIZZY-Twins-50K-50000-puffs-Flavors--812x1536.jpg 812w, https:\/\/fizzyvape.eu\/wp-content\/uploads\/2025\/08\/FIZZY-Twins-50K-50000-puffs-Flavors--1083x2048.jpg 1083w, https:\/\/fizzyvape.eu\/wp-content\/uploads\/2025\/08\/FIZZY-Twins-50K-50000-puffs-Flavors--430x813.jpg 430w, https:\/\/fizzyvape.eu\/wp-content\/uploads\/2025\/08\/FIZZY-Twins-50K-50000-puffs-Flavors--700x1323.jpg 700w, https:\/\/fizzyvape.eu\/wp-content\/uploads\/2025\/08\/FIZZY-Twins-50K-50000-puffs-Flavors--150x284.jpg 150w\" sizes=\"(max-width: 1354px) 100vw, 1354px\" \/><\/p>\n<h2 data-start=\"98\" data-end=\"158\">\u2753 Preguntas frecuentes &#8211; Fizzy Twins 50k Puffs<\/h2>\n<h3 data-start=\"160\" data-end=\"248\">P1: \u00bfQu\u00e9 diferencia a los Fizzy Twins 50.000 Puffs de otros vaporizadores desechables?<\/h3>\n<p data-start=\"249\" data-end=\"530\"><strong data-start=\"249\" data-end=\"255\">R:<\/strong> El Fizzy Twins es \u00fanico porque incorpora <strong data-start=\"302\" data-end=\"328\">tecnolog\u00eda de doble sabor<\/strong>. Puedes cambiar instant\u00e1neamente entre dos sabores o mezclarlos, d\u00e1ndote m\u00e1s variedad en un solo dispositivo. Tambi\u00e9n ofrece <strong data-start=\"453\" data-end=\"473\">dos modos de vapeo<\/strong> (normal y boost) para un rendimiento personalizable.  <\/p>\n<hr data-start=\"532\" data-end=\"535\">\n<h3 data-start=\"537\" data-end=\"591\">P2: \u00bfCu\u00e1ntas caladas proporciona el Fizzy Twins?<\/h3>\n<p data-start=\"592\" data-end=\"819\"><strong data-start=\"592\" data-end=\"598\">R:<\/strong> Cada dispositivo proporciona hasta <strong data-start=\"626\" data-end=\"642\">50.000 caladas<\/strong>, lo que lo convierte en uno de los vaporizadores desechables m\u00e1s duraderos del mercado. Combinado con una <strong data-start=\"725\" data-end=\"749\">bater\u00eda recargable<\/strong>, puedes disfrutar de cada calada sin preocuparte de que se agote la energ\u00eda. <\/p>\n<hr data-start=\"821\" data-end=\"824\">\n<h3 data-start=\"826\" data-end=\"868\">P3: \u00bfEl Fizzy Twins es recargable?<\/h3>\n<p data-start=\"869\" data-end=\"1033\"><strong data-start=\"869\" data-end=\"875\">R:<\/strong> S\u00ed. A diferencia de las desechables est\u00e1ndar, la Fizzy Twins viene con una <strong data-start=\"939\" data-end=\"963\">bater\u00eda recargable<\/strong>, lo que garantiza que puedas utilizar completamente las 50.000 caladas sin interrupciones. <\/p>\n<hr data-start=\"1035\" data-end=\"1038\">\n<h3 data-start=\"1040\" data-end=\"1078\">P4: \u00bfC\u00f3mo funciona el modo dual?<\/h3>\n<p data-start=\"1079\" data-end=\"1132\"><strong data-start=\"1079\" data-end=\"1085\">R:<\/strong> El Fizzy Twins ofrece <strong data-start=\"1109\" data-end=\"1129\">dos modos de vaporizaci\u00f3n<\/strong>:<\/p>\n<ul data-start=\"1133\" data-end=\"1294\">\n<li data-start=\"1133\" data-end=\"1182\">\n<p data-start=\"1135\" data-end=\"1182\"><strong data-start=\"1135\" data-end=\"1151\">Modo normal<\/strong> para vapear sin problemas todos los d\u00edas.<\/p>\n<\/li>\n<li data-start=\"1183\" data-end=\"1294\">\n<p data-start=\"1185\" data-end=\"1294\"><strong data-start=\"1185\" data-end=\"1199\">Modo Boost<\/strong> para un sabor mejorado y nubes m\u00e1s grandes.<br data-start=\"1238\" data-end=\"1241\">Puedes cambiar f\u00e1cilmente seg\u00fan tus preferencias.<\/p>\n<\/li>\n<\/ul>\n<hr data-start=\"1296\" data-end=\"1299\">\n<h3 data-start=\"1301\" data-end=\"1349\">P5: \u00bfLos Fizzy Twins son aut\u00e9nticos y seguros?<\/h3>\n<p data-start=\"1350\" data-end=\"1567\"><strong data-start=\"1350\" data-end=\"1356\">R:<\/strong> Por supuesto. El Fizzy Twins es un <strong data-start=\"1391\" data-end=\"1423\">producto aut\u00e9ntico de Fizzy Vape<\/strong>, una marca global de confianza desde 2013. Todos los dispositivos se dise\u00f1an con un control de calidad para garantizar la seguridad, la consistencia y un suministro de sabor de primera.  <\/p>\n<hr data-start=\"1569\" data-end=\"1572\">\n<h3 data-start=\"1574\" data-end=\"1621\">P6: \u00bfDe d\u00f3nde proceden los Fizzy Twins?<\/h3>\n<p data-start=\"1622\" data-end=\"1759\"><strong data-start=\"1622\" data-end=\"1628\">R:<\/strong> Todos los pedidos se env\u00edan directamente desde <strong data-start=\"1666\" data-end=\"1683\">los almacenes de la UE<\/strong>, lo que garantiza <strong data-start=\"1694\" data-end=\"1711\">una entrega r\u00e1pida<\/strong> en toda Europa con una asistencia al cliente fiable.<\/p>\n","protected":false},"excerpt":{"rendered":"<p data-start=\"79\" data-end=\"334\"><strong>Fizzy Twins 50000 Puffs<\/strong> es un vapeador desechable recargable de alta calidad con un dise\u00f1o de doble sabor. Disfruta de dos sabores en un solo dispositivo con un potente rendimiento, una bater\u00eda de larga duraci\u00f3n y un sabor suave, perfecto para los vapeadores que buscan variedad y resistencia. <\/p>\n","protected":false},"featured_media":29293,"comment_status":"open","ping_status":"closed","template":"","meta":{"iawp_total_views":5},"product_brand":[],"product_cat":[261],"product_tag":[646],"class_list":{"0":"post-35240","1":"product","2":"type-product","3":"status-publish","4":"has-post-thumbnail","6":"product_cat-twins-es","7":"product_tag-1-unidad","9":"first","10":"outofstock","11":"sale","12":"shipping-taxable","13":"purchasable","14":"product-type-variable"},"yoast_head":"<!-- This site is optimized with the Yoast SEO Premium plugin v24.8 (Yoast SEO v24.8) - https:\/\/yoast.com\/wordpress\/plugins\/seo\/ -->\n<title>Fizzy Twins 50000 Puffs | Vapeador Desechable Recargable Sabor Dual - Fizzy Vape Tienda Oficial<\/title>\n<meta name=\"description\" content=\"Descubre Fizzy Twins 50000 Puffs, el vapeador desechable recargable con doble interruptor de sabor. Hasta 50.000 caladas, sabor suave y rendimiento duradero. Compra hoy el aut\u00e9ntico Fizzy Vape.\" \/>\n<meta name=\"robots\" content=\"index, follow, max-snippet:-1, max-image-preview:large, max-video-preview:-1\" \/>\n<link rel=\"canonical\" href=\"https:\/\/fizzyvape.eu\/es\/producto\/fizzy-twins-50000-puffs-doble-sabor-vape-desechable\/\" \/>\n<meta property=\"og:locale\" content=\"es_ES\" \/>\n<meta property=\"og:type\" content=\"article\" \/>\n<meta property=\"og:title\" content=\"Fizzy Twins 50000 Puffs Doble Sabor Vape Desechable\" \/>\n<meta property=\"og:description\" content=\"Descubre Fizzy Twins 50000 Puffs, el vapeador desechable recargable con doble interruptor de sabor. Hasta 50.000 caladas, sabor suave y rendimiento duradero. Compra hoy el aut\u00e9ntico Fizzy Vape.\" \/>\n<meta property=\"og:url\" content=\"https:\/\/fizzyvape.eu\/es\/producto\/fizzy-twins-50000-puffs-doble-sabor-vape-desechable\/\" \/>\n<meta property=\"og:site_name\" content=\"fizzyvape.eu\" \/>\n<meta property=\"article:modified_time\" content=\"2025-09-10T20:38:26+00:00\" \/>\n<meta property=\"og:image\" content=\"https:\/\/fizzyvape.eu\/wp-content\/uploads\/2025\/04\/Fizzy-Twins-50000Puffs-16.webp\" \/>\n\t<meta property=\"og:image:width\" content=\"800\" \/>\n\t<meta property=\"og:image:height\" content=\"800\" \/>\n\t<meta property=\"og:image:type\" content=\"image\/webp\" \/>\n<meta name=\"twitter:card\" content=\"summary_large_image\" \/>\n<meta name=\"twitter:label1\" content=\"Disponibilidad\" \/>\n\t<meta name=\"twitter:data1\" content=\"Sin existencias\" \/>\n<script type=\"application\/ld+json\" class=\"yoast-schema-graph\">{\"@context\":\"https:\/\/schema.org\",\"@graph\":[{\"@type\":\"WebPage\",\"@id\":\"https:\/\/fizzyvape.eu\/es\/producto\/fizzy-twins-50000-puffs-doble-sabor-vape-desechable\/\",\"url\":\"https:\/\/fizzyvape.eu\/es\/producto\/fizzy-twins-50000-puffs-doble-sabor-vape-desechable\/\",\"name\":\"Fizzy Twins 50000 Puffs | Vapeador Desechable Recargable Sabor Dual - Fizzy Vape Tienda Oficial\",\"isPartOf\":{\"@id\":\"https:\/\/www.fizzyvape.eu\/es\/#website\"},\"primaryImageOfPage\":{\"@id\":\"https:\/\/fizzyvape.eu\/es\/producto\/fizzy-twins-50000-puffs-doble-sabor-vape-desechable\/#primaryimage\"},\"image\":{\"@id\":\"https:\/\/fizzyvape.eu\/es\/producto\/fizzy-twins-50000-puffs-doble-sabor-vape-desechable\/#primaryimage\"},\"thumbnailUrl\":\"https:\/\/fizzyvape.eu\/wp-content\/uploads\/2025\/04\/Fizzy-Twins-50000Puffs-16.webp\",\"datePublished\":\"2025-08-28T09:47:31+00:00\",\"dateModified\":\"2025-09-10T20:38:26+00:00\",\"description\":\"Descubre Fizzy Twins 50000 Puffs, el vapeador desechable recargable con doble interruptor de sabor. Hasta 50.000 caladas, sabor suave y rendimiento duradero. Compra hoy el aut\u00e9ntico Fizzy Vape.\",\"breadcrumb\":{\"@id\":\"https:\/\/fizzyvape.eu\/es\/producto\/fizzy-twins-50000-puffs-doble-sabor-vape-desechable\/#breadcrumb\"},\"inLanguage\":\"es\",\"potentialAction\":[{\"@type\":\"ReadAction\",\"target\":[\"https:\/\/fizzyvape.eu\/es\/producto\/fizzy-twins-50000-puffs-doble-sabor-vape-desechable\/\"]}]},{\"@type\":\"ImageObject\",\"inLanguage\":\"es\",\"@id\":\"https:\/\/fizzyvape.eu\/es\/producto\/fizzy-twins-50000-puffs-doble-sabor-vape-desechable\/#primaryimage\",\"url\":\"https:\/\/fizzyvape.eu\/wp-content\/uploads\/2025\/04\/Fizzy-Twins-50000Puffs-16.webp\",\"contentUrl\":\"https:\/\/fizzyvape.eu\/wp-content\/uploads\/2025\/04\/Fizzy-Twins-50000Puffs-16.webp\",\"width\":800,\"height\":800,\"caption\":\"Fizzy Twins 50000 Puffs Vape Desechable\"},{\"@type\":\"BreadcrumbList\",\"@id\":\"https:\/\/fizzyvape.eu\/es\/producto\/fizzy-twins-50000-puffs-doble-sabor-vape-desechable\/#breadcrumb\",\"itemListElement\":[{\"@type\":\"ListItem\",\"position\":1,\"name\":\"Home\",\"item\":\"https:\/\/fizzyvape.eu\/es\/\"},{\"@type\":\"ListItem\",\"position\":2,\"name\":\"Tienda\",\"item\":\"https:\/\/www.fizzyvape.eu\/es\/tienda\/\"},{\"@type\":\"ListItem\",\"position\":3,\"name\":\"Fizzy Twins 50000 Puffs Doble Sabor Vape Desechable\"}]},{\"@type\":\"WebSite\",\"@id\":\"https:\/\/www.fizzyvape.eu\/es\/#website\",\"url\":\"https:\/\/www.fizzyvape.eu\/es\/\",\"name\":\"fizzyvape.eu\",\"description\":\"Refreshing Vapes. Unforgettable Taste.\",\"publisher\":{\"@id\":\"https:\/\/www.fizzyvape.eu\/es\/#organization\"},\"potentialAction\":[{\"@type\":\"SearchAction\",\"target\":{\"@type\":\"EntryPoint\",\"urlTemplate\":\"https:\/\/www.fizzyvape.eu\/es\/?s={search_term_string}\"},\"query-input\":{\"@type\":\"PropertyValueSpecification\",\"valueRequired\":true,\"valueName\":\"search_term_string\"}}],\"inLanguage\":\"es\"},{\"@type\":\"Organization\",\"@id\":\"https:\/\/www.fizzyvape.eu\/es\/#organization\",\"name\":\"fizzyvape.eu\",\"url\":\"https:\/\/www.fizzyvape.eu\/es\/\",\"logo\":{\"@type\":\"ImageObject\",\"inLanguage\":\"es\",\"@id\":\"https:\/\/www.fizzyvape.eu\/es\/#\/schema\/logo\/image\/\",\"url\":\"https:\/\/fizzyvape.eu\/wp-content\/uploads\/2019\/06\/print-1.svg\",\"contentUrl\":\"https:\/\/fizzyvape.eu\/wp-content\/uploads\/2019\/06\/print-1.svg\",\"width\":124,\"height\":37,\"caption\":\"fizzyvape.eu\"},\"image\":{\"@id\":\"https:\/\/www.fizzyvape.eu\/es\/#\/schema\/logo\/image\/\"}}]}<\/script>\n<meta property=\"og:availability\" content=\"out of stock\" \/>\n<meta property=\"product:availability\" content=\"out of stock\" \/>\n<meta property=\"product:condition\" content=\"new\" \/>\n<!-- \/ Yoast SEO Premium plugin. -->","yoast_head_json":{"title":"Fizzy Twins 50000 Puffs | Vapeador Desechable Recargable Sabor Dual - Fizzy Vape Tienda Oficial","description":"Descubre Fizzy Twins 50000 Puffs, el vapeador desechable recargable con doble interruptor de sabor. Hasta 50.000 caladas, sabor suave y rendimiento duradero. Compra hoy el aut\u00e9ntico Fizzy Vape.","robots":{"index":"index","follow":"follow","max-snippet":"max-snippet:-1","max-image-preview":"max-image-preview:large","max-video-preview":"max-video-preview:-1"},"canonical":"https:\/\/fizzyvape.eu\/es\/producto\/fizzy-twins-50000-puffs-doble-sabor-vape-desechable\/","og_locale":"es_ES","og_type":"article","og_title":"Fizzy Twins 50000 Puffs Doble Sabor Vape Desechable","og_description":"Descubre Fizzy Twins 50000 Puffs, el vapeador desechable recargable con doble interruptor de sabor. Hasta 50.000 caladas, sabor suave y rendimiento duradero. Compra hoy el aut\u00e9ntico Fizzy Vape.","og_url":"https:\/\/fizzyvape.eu\/es\/producto\/fizzy-twins-50000-puffs-doble-sabor-vape-desechable\/","og_site_name":"fizzyvape.eu","article_modified_time":"2025-09-10T20:38:26+00:00","og_image":[{"width":800,"height":800,"url":"https:\/\/fizzyvape.eu\/wp-content\/uploads\/2025\/04\/Fizzy-Twins-50000Puffs-16.webp","type":"image\/webp"}],"twitter_card":"summary_large_image","twitter_misc":{"Disponibilidad":"Sin existencias"},"schema":{"@context":"https:\/\/schema.org","@graph":[{"@type":"WebPage","@id":"https:\/\/fizzyvape.eu\/es\/producto\/fizzy-twins-50000-puffs-doble-sabor-vape-desechable\/","url":"https:\/\/fizzyvape.eu\/es\/producto\/fizzy-twins-50000-puffs-doble-sabor-vape-desechable\/","name":"Fizzy Twins 50000 Puffs | Vapeador Desechable Recargable Sabor Dual - Fizzy Vape Tienda Oficial","isPartOf":{"@id":"https:\/\/www.fizzyvape.eu\/es\/#website"},"primaryImageOfPage":{"@id":"https:\/\/fizzyvape.eu\/es\/producto\/fizzy-twins-50000-puffs-doble-sabor-vape-desechable\/#primaryimage"},"image":{"@id":"https:\/\/fizzyvape.eu\/es\/producto\/fizzy-twins-50000-puffs-doble-sabor-vape-desechable\/#primaryimage"},"thumbnailUrl":"https:\/\/fizzyvape.eu\/wp-content\/uploads\/2025\/04\/Fizzy-Twins-50000Puffs-16.webp","datePublished":"2025-08-28T09:47:31+00:00","dateModified":"2025-09-10T20:38:26+00:00","description":"Descubre Fizzy Twins 50000 Puffs, el vapeador desechable recargable con doble interruptor de sabor. Hasta 50.000 caladas, sabor suave y rendimiento duradero. Compra hoy el aut\u00e9ntico Fizzy Vape.","breadcrumb":{"@id":"https:\/\/fizzyvape.eu\/es\/producto\/fizzy-twins-50000-puffs-doble-sabor-vape-desechable\/#breadcrumb"},"inLanguage":"es","potentialAction":[{"@type":"ReadAction","target":["https:\/\/fizzyvape.eu\/es\/producto\/fizzy-twins-50000-puffs-doble-sabor-vape-desechable\/"]}]},{"@type":"ImageObject","inLanguage":"es","@id":"https:\/\/fizzyvape.eu\/es\/producto\/fizzy-twins-50000-puffs-doble-sabor-vape-desechable\/#primaryimage","url":"https:\/\/fizzyvape.eu\/wp-content\/uploads\/2025\/04\/Fizzy-Twins-50000Puffs-16.webp","contentUrl":"https:\/\/fizzyvape.eu\/wp-content\/uploads\/2025\/04\/Fizzy-Twins-50000Puffs-16.webp","width":800,"height":800,"caption":"Fizzy Twins 50000 Puffs Vape Desechable"},{"@type":"BreadcrumbList","@id":"https:\/\/fizzyvape.eu\/es\/producto\/fizzy-twins-50000-puffs-doble-sabor-vape-desechable\/#breadcrumb","itemListElement":[{"@type":"ListItem","position":1,"name":"Home","item":"https:\/\/fizzyvape.eu\/es\/"},{"@type":"ListItem","position":2,"name":"Tienda","item":"https:\/\/www.fizzyvape.eu\/es\/tienda\/"},{"@type":"ListItem","position":3,"name":"Fizzy Twins 50000 Puffs Doble Sabor Vape Desechable"}]},{"@type":"WebSite","@id":"https:\/\/www.fizzyvape.eu\/es\/#website","url":"https:\/\/www.fizzyvape.eu\/es\/","name":"fizzyvape.eu","description":"Refreshing Vapes. Unforgettable Taste.","publisher":{"@id":"https:\/\/www.fizzyvape.eu\/es\/#organization"},"potentialAction":[{"@type":"SearchAction","target":{"@type":"EntryPoint","urlTemplate":"https:\/\/www.fizzyvape.eu\/es\/?s={search_term_string}"},"query-input":{"@type":"PropertyValueSpecification","valueRequired":true,"valueName":"search_term_string"}}],"inLanguage":"es"},{"@type":"Organization","@id":"https:\/\/www.fizzyvape.eu\/es\/#organization","name":"fizzyvape.eu","url":"https:\/\/www.fizzyvape.eu\/es\/","logo":{"@type":"ImageObject","inLanguage":"es","@id":"https:\/\/www.fizzyvape.eu\/es\/#\/schema\/logo\/image\/","url":"https:\/\/fizzyvape.eu\/wp-content\/uploads\/2019\/06\/print-1.svg","contentUrl":"https:\/\/fizzyvape.eu\/wp-content\/uploads\/2019\/06\/print-1.svg","width":124,"height":37,"caption":"fizzyvape.eu"},"image":{"@id":"https:\/\/www.fizzyvape.eu\/es\/#\/schema\/logo\/image\/"}}]},"og_availability":"out of stock","product_availability":"out of stock","product_condition":"new"},"tiered_pricing_type":"fixed","tiered_pricing_fixed_rules":[],"tiered_pricing_product_settings":{"layout":"default","base_unit_name":{"singular":null,"plural":null},"default_variation":null},"tiered_pricing_minimum_quantity":null,"tiered_pricing_roles_data":[],"tiered_pricing_percentage_rules":[],"tiered_pricing_maximum_quantity":null,"tiered_pricing_quantity_step":null,"_links":{"self":[{"href":"https:\/\/fizzyvape.eu\/es\/wp-json\/wp\/v2\/product\/35240","targetHints":{"allow":["GET"]}}],"collection":[{"href":"https:\/\/fizzyvape.eu\/es\/wp-json\/wp\/v2\/product"}],"about":[{"href":"https:\/\/fizzyvape.eu\/es\/wp-json\/wp\/v2\/types\/product"}],"replies":[{"embeddable":true,"href":"https:\/\/fizzyvape.eu\/es\/wp-json\/wp\/v2\/comments?post=35240"}],"version-history":[{"count":0,"href":"https:\/\/fizzyvape.eu\/es\/wp-json\/wp\/v2\/product\/35240\/revisions"}],"wp:featuredmedia":[{"embeddable":true,"href":"https:\/\/fizzyvape.eu\/es\/wp-json\/wp\/v2\/media\/29293"}],"wp:attachment":[{"href":"https:\/\/fizzyvape.eu\/es\/wp-json\/wp\/v2\/media?parent=35240"}],"wp:term":[{"taxonomy":"product_brand","embeddable":true,"href":"https:\/\/fizzyvape.eu\/es\/wp-json\/wp\/v2\/product_brand?post=35240"},{"taxonomy":"product_cat","embeddable":true,"href":"https:\/\/fizzyvape.eu\/es\/wp-json\/wp\/v2\/product_cat?post=35240"},{"taxonomy":"product_tag","embeddable":true,"href":"https:\/\/fizzyvape.eu\/es\/wp-json\/wp\/v2\/product_tag?post=35240"}],"curies":[{"name":"wp","href":"https:\/\/api.w.org\/{rel}","templated":true}]}}