{"id":35353,"date":"2025-08-29T14:32:49","date_gmt":"2025-08-29T06:32:49","guid":{"rendered":"https:\/\/fizzyvape.eu\/product\/fizzy-twins-50000-puffs-doble-sabor-vape-desechable-todos-los-sabores-10pcs\/"},"modified":"2025-08-29T14:32:49","modified_gmt":"2025-08-29T06:32:49","slug":"fizzy-twins-50000-puffs-doble-sabor-vape-desechable-todos-los-sabores-10pcs","status":"publish","type":"product","link":"https:\/\/fizzyvape.eu\/es\/producto\/fizzy-twins-50000-puffs-doble-sabor-vape-desechable-todos-los-sabores-10pcs\/","title":{"rendered":"Fizzy Twins 50000 Puffs Doble Sabor Vape Desechable (Todos los sabores) &#8211; 10pcs"},"content":{"rendered":"<div style=\"width: 1280px;\" class=\"wp-video\"><!--[if lt IE 9]><script>document.createElement('video');<\/script><![endif]-->\n<video class=\"wp-video-shortcode\" id=\"video-35353-1\" width=\"1280\" height=\"720\" preload=\"metadata\" controls=\"controls\"><source type=\"video\/mp4\" src=\"https:\/\/fizzyvape.eu\/wp-content\/uploads\/2025\/08\/Fizzy-Twins-50000-Puffs-Disposable-Vape.mp4?_=1\" \/><a href=\"https:\/\/fizzyvape.eu\/wp-content\/uploads\/2025\/08\/Fizzy-Twins-50000-Puffs-Disposable-Vape.mp4\">https:\/\/fizzyvape.eu\/wp-content\/uploads\/2025\/08\/Fizzy-Twins-50000-Puffs-Disposable-Vape.mp4<\/a><\/video><\/div>\n<h1>Fizzy Twins 50000 Puffs &#8211; Vapeador desechable recargable de doble sabor<\/h1>\n<p><strong>Fizzy Twins 50000 Puffs<\/strong> (tambi\u00e9n conocido como <strong>Fizzy Twins 50k Puffs<\/strong>) es un revolucionario vapeador desechable dise\u00f1ado para los vapeadores que quieren m\u00e1s sabor, m\u00e1s caladas y m\u00e1s comodidad. Con su <strong>sistema de conmutaci\u00f3n de doble sabor<\/strong>, puedes cambiar f\u00e1cilmente entre dos sabores en un solo dispositivo, perfecto para los que anhelan la variedad. <\/p>\n<p>Con hasta <strong>50.000 caladas<\/strong>, este vapeador premium garantiza un rendimiento duradero. Equipado con un <strong>puerto recargable Tipo-C<\/strong> y una avanzada <strong>tecnolog\u00eda de bobina de malla<\/strong>, garantiza un vapor suave, un sabor intenso y una satisfacci\u00f3n constante. <\/p>\n<h3>Caracter\u00edsticas principales<\/h3>\n<ul>\n<li>\ud83d\udd39 <strong>Interruptor de doble sabor<\/strong> &#8211; Disfruta de 2 sabores en 1 aparato<\/li>\n<li>\ud83d\udd39 <strong>Capacidad masiva de 50.000 inhalaciones<\/strong> &#8211; Dise\u00f1ada para resistir<\/li>\n<li>\ud83d\udd39 <strong>Recargable mediante Tipo-C<\/strong> &#8211; Ecol\u00f3gico y duradero<\/li>\n<li>\ud83d\udd39 <strong>Tecnolog\u00eda de bobina de malla<\/strong> &#8211; Sabor rico y nubes densas<\/li>\n<li>\ud83d\udd39 <strong>Aut\u00e9ntico Fizzy Vape<\/strong> &#8211; Enviado desde el almac\u00e9n de la UE con garant\u00eda de calidad<\/li>\n<\/ul>\n<h3>\u00bfA qui\u00e9n va dirigido?<\/h3>\n<ul>\n<li>Vapers que quieren varios sabores sin llevar varios dispositivos<\/li>\n<li>Los que necesitan <strong>una capacidad de soplado ultra alta<\/strong> para un uso prolongado<\/li>\n<li>Cualquiera que busque un vaporizador desechable recargable y sin complicaciones<\/li>\n<\/ul>\n<h3>Lista de sabores de <strong>Fizzy Twins <\/strong>50000 Puffs:<\/h3>\n<ol>\n<li><a href=\"https:\/\/fizzyvape.eu\/es\/producto\/fizzy-twins-sandia-helada-y-fresa-kiwi-50000-puffs-10pcs\/\">Sand\u00eda Helada y Fresa Kiwi<\/a><\/li>\n<li><a href=\"https:\/\/fizzyvape.eu\/es\/producto\/fizzy-twins-fresa-kiwi-granada-red-bull-50000-puffs-10pcs\/\">Fresa Kiwi Granada y Red Bull<\/a><\/li>\n<li><a href=\"https:\/\/fizzyvape.eu\/es\/producto\/fizzy-twins-hielo-de-arandano-coco-y-uva-50000-puffs-10pcs\/\">Hielo de ar\u00e1ndanos, coco y uva<\/a><\/li>\n<li><a href=\"https:\/\/fizzyvape.eu\/es\/producto\/fizzy-twins-blue-razz-limonada-y-triple-melon-50000-puffs-10pcs\/\">Limonada Blue Razz y Mel\u00f3n Triple<\/a><\/li>\n<li><a href=\"https:\/\/fizzyvape.eu\/es\/producto\/fizzy-twins-hielo-de-fresa-sandia-y-arandanos-50000-puffs-10pcs\/\">Hielo de fresa, sand\u00eda y ar\u00e1ndanos<\/a><\/li>\n<li><a href=\"https:\/\/fizzyvape.eu\/es\/producto\/fizzy-twins-melocoton-mango-sandia-y-fresa-platano-50000-puffs-10pcs\/\">Melocot\u00f3n Mango Sand\u00eda y Fresa Pl\u00e1tano<\/a><\/li>\n<li><a href=\"https:\/\/fizzyvape.eu\/es\/producto\/fizzy-twins-frambuesa-sandia-y-kiwi-fruta-de-la-pasion-guayaba-50000-puffs-10pcs\/\">Frambuesa Sand\u00eda y Kiwi Fruta de la Pasi\u00f3n Guayaba<\/a><\/li>\n<li><a href=\"https:\/\/fizzyvape.eu\/es\/producto\/fizzy-twins-pina-melocoton-fruta-de-la-pasion-y-arandano-frambuesa-50000-puffs-10pcs\/\">Pi\u00f1a Melocot\u00f3n Fruta de la Pasi\u00f3n y Ar\u00e1ndanos Frambuesa<\/a><\/li>\n<li><a href=\"https:\/\/fizzyvape.eu\/es\/producto\/fizzy-twins-sandia-helada-y-lima-limon-50000-puffs-10pcs\/\">Hielo de sand\u00eda y lima lim\u00f3n<\/a><\/li>\n<li><a href=\"https:\/\/fizzyvape.eu\/es\/producto\/fizzy-twins-hielo-mezcla-de-bayas-y-melocoton-50000-puffs-10pcs\/\">Hielo de frutas del bosque y melocot\u00f3n<\/a><\/li>\n<li><a href=\"https:\/\/fizzyvape.eu\/es\/producto\/fizzy-twins-fresa-helada-y-cereza-efervescente-50000-puffs-10pcs\/\">Fresa helada y cereza efervescente<\/a><\/li>\n<li><a href=\"https:\/\/fizzyvape.eu\/es\/producto\/fizzy-twins-limonada-de-frambuesa-y-fresa-helada-50000-puffs-10pcs\/\">Limonada de Frambuesa y Hielo de Fresa<\/a><\/li>\n<\/ol>\n<p><img decoding=\"async\" class=\"alignnone wp-image-34860 size-full\" src=\"https:\/\/fizzyvape.eu\/wp-content\/uploads\/2025\/08\/FIZZY-Twins-50K-50000-puffs-Flavors--scaled.jpg\" alt=\"\" width=\"1354\" height=\"2560\" srcset=\"https:\/\/fizzyvape.eu\/wp-content\/uploads\/2025\/08\/FIZZY-Twins-50K-50000-puffs-Flavors--scaled.jpg 1354w, https:\/\/fizzyvape.eu\/wp-content\/uploads\/2025\/08\/FIZZY-Twins-50K-50000-puffs-Flavors--159x300.jpg 159w, https:\/\/fizzyvape.eu\/wp-content\/uploads\/2025\/08\/FIZZY-Twins-50K-50000-puffs-Flavors--423x800.jpg 423w, https:\/\/fizzyvape.eu\/wp-content\/uploads\/2025\/08\/FIZZY-Twins-50K-50000-puffs-Flavors--768x1452.jpg 768w, https:\/\/fizzyvape.eu\/wp-content\/uploads\/2025\/08\/FIZZY-Twins-50K-50000-puffs-Flavors--812x1536.jpg 812w, https:\/\/fizzyvape.eu\/wp-content\/uploads\/2025\/08\/FIZZY-Twins-50K-50000-puffs-Flavors--1083x2048.jpg 1083w, https:\/\/fizzyvape.eu\/wp-content\/uploads\/2025\/08\/FIZZY-Twins-50K-50000-puffs-Flavors--430x813.jpg 430w, https:\/\/fizzyvape.eu\/wp-content\/uploads\/2025\/08\/FIZZY-Twins-50K-50000-puffs-Flavors--700x1323.jpg 700w, https:\/\/fizzyvape.eu\/wp-content\/uploads\/2025\/08\/FIZZY-Twins-50K-50000-puffs-Flavors--150x284.jpg 150w\" sizes=\"(max-width: 1354px) 100vw, 1354px\" \/><\/p>\n<h3>\u00bfPor qu\u00e9 elegir Fizzy Twins 50000 Puffs?<\/h3>\n<p>A diferencia de los desechables est\u00e1ndar, <strong>Fizzy Twins 50000 Puffs<\/strong> te ofrece <strong>dos sabores en uno<\/strong>, un <strong>recuento masivo de 50.000 caladas<\/strong> y <strong>la posibilidad de recargarlo, lo que<\/strong>lo convierte en una de las opciones con mejor relaci\u00f3n calidad-precio del mercado.<\/p>\n<h3>PREGUNTAS FRECUENTES<\/h3>\n<p><strong>P: \u00bfCu\u00e1nto dura Fizzy Twins 50000 Puffs?<\/strong><br \/>\nR: Proporciona hasta <strong>50.000 caladas<\/strong>, que duran semanas, dependiendo del uso.<\/p>\n<p><strong>P: \u00bfPuedo recargarlo?<\/strong><br \/>\nR: S\u00ed, viene con un <strong>puerto de carga Tipo-C<\/strong> para un uso prolongado.<\/p>\n<p><strong>P: \u00bfEs aut\u00e9ntico?<\/strong><br \/>\nR: \u00a1Por supuesto! S\u00f3lo vendemos <strong>productos Fizzy Vape aut\u00e9nticos<\/strong>, enviados directamente desde nuestro almac\u00e9n en la UE. <\/p>\n","protected":false},"excerpt":{"rendered":"<p>Experimenta el poder de <strong>Fizzy Twins 50000 Puffs <\/strong>: un vaporizador desechable premium de doble sabor con capacidad para <strong>50.000 caladas<\/strong>, puerto recargable Tipo-C y rico sabor de bobina de malla. Dos sabores, un dispositivo, satisfacci\u00f3n sin fin. <\/p>\n","protected":false},"featured_media":29221,"comment_status":"open","ping_status":"closed","template":"","meta":{"iawp_total_views":48},"product_brand":[],"product_cat":[951,960,261],"product_tag":[637],"class_list":{"0":"post-35353","1":"product","2":"type-product","3":"status-publish","4":"has-post-thumbnail","6":"product_cat-eu-warehouse-es","7":"product_cat-hot-selling-vape-es","8":"product_cat-twins-es","9":"product_tag-todos-los-sabores","11":"first","12":"outofstock","13":"sale","14":"shipping-taxable","15":"purchasable","16":"product-type-variable"},"yoast_head":"<!-- This site is optimized with the Yoast SEO Premium plugin v24.8 (Yoast SEO v27.4) - https:\/\/yoast.com\/product\/yoast-seo-premium-wordpress\/ -->\n<title>Fizzy Twins 50000 Puffs - Comprar Vape Dual Flavor 50k Puffs | Mejor Precio EU<\/title>\n<meta name=\"description\" content=\"\u00a1Consigue Fizzy Twins 50000 Puffs (50k Puffs) al mejor precio! Interruptor de doble sabor, recargable, 50k caladas, env\u00edo r\u00e1pido a la UE. Stock limitado - \u00a1haz tu pedido ahora!\" \/>\n<meta name=\"robots\" content=\"index, follow, max-snippet:-1, max-image-preview:large, max-video-preview:-1\" \/>\n<link rel=\"canonical\" href=\"https:\/\/fizzyvape.eu\/es\/producto\/fizzy-twins-50000-puffs-doble-sabor-vape-desechable-todos-los-sabores-10pcs\/\" \/>\n<meta property=\"og:locale\" content=\"es_ES\" \/>\n<meta property=\"og:type\" content=\"article\" \/>\n<meta property=\"og:title\" content=\"Fizzy Twins 50000 Puffs Doble Sabor Vape Desechable (Todos los sabores) - 10pcs\" \/>\n<meta property=\"og:description\" content=\"\u00a1Consigue Fizzy Twins 50000 Puffs (50k Puffs) al mejor precio! Interruptor de doble sabor, recargable, 50k caladas, env\u00edo r\u00e1pido a la UE. Stock limitado - \u00a1haz tu pedido ahora!\" \/>\n<meta property=\"og:url\" content=\"https:\/\/fizzyvape.eu\/es\/producto\/fizzy-twins-50000-puffs-doble-sabor-vape-desechable-todos-los-sabores-10pcs\/\" \/>\n<meta property=\"og:site_name\" content=\"fizzyvape.eu\" \/>\n<meta property=\"og:image\" content=\"https:\/\/fizzyvape.eu\/wp-content\/uploads\/2025\/04\/Fizzy-Twins-50000Puffs-8.webp\" \/>\n\t<meta property=\"og:image:width\" content=\"800\" \/>\n\t<meta property=\"og:image:height\" content=\"800\" \/>\n\t<meta property=\"og:image:type\" content=\"image\/webp\" \/>\n<meta name=\"twitter:card\" content=\"summary_large_image\" \/>\n<meta name=\"twitter:label1\" content=\"Disponibilidad\" \/>\n\t<meta name=\"twitter:data1\" content=\"Sin existencias\" \/>\n<script type=\"application\/ld+json\" class=\"yoast-schema-graph\">{\"@context\":\"https:\\\/\\\/schema.org\",\"@graph\":[{\"@type\":\"WebPage\",\"@id\":\"https:\\\/\\\/fizzyvape.eu\\\/es\\\/producto\\\/fizzy-twins-50000-puffs-doble-sabor-vape-desechable-todos-los-sabores-10pcs\\\/\",\"url\":\"https:\\\/\\\/fizzyvape.eu\\\/es\\\/producto\\\/fizzy-twins-50000-puffs-doble-sabor-vape-desechable-todos-los-sabores-10pcs\\\/\",\"name\":\"Fizzy Twins 50000 Puffs - Comprar Vape Dual Flavor 50k Puffs | Mejor Precio EU\",\"isPartOf\":{\"@id\":\"https:\\\/\\\/www.fizzyvape.eu\\\/es\\\/#website\"},\"primaryImageOfPage\":{\"@id\":\"https:\\\/\\\/fizzyvape.eu\\\/es\\\/producto\\\/fizzy-twins-50000-puffs-doble-sabor-vape-desechable-todos-los-sabores-10pcs\\\/#primaryimage\"},\"image\":{\"@id\":\"https:\\\/\\\/fizzyvape.eu\\\/es\\\/producto\\\/fizzy-twins-50000-puffs-doble-sabor-vape-desechable-todos-los-sabores-10pcs\\\/#primaryimage\"},\"thumbnailUrl\":\"https:\\\/\\\/fizzyvape.eu\\\/wp-content\\\/uploads\\\/2025\\\/04\\\/Fizzy-Twins-50000Puffs-8.webp\",\"datePublished\":\"2025-08-29T06:32:49+00:00\",\"description\":\"\u00a1Consigue Fizzy Twins 50000 Puffs (50k Puffs) al mejor precio! Interruptor de doble sabor, recargable, 50k caladas, env\u00edo r\u00e1pido a la UE. Stock limitado - \u00a1haz tu pedido ahora!\",\"breadcrumb\":{\"@id\":\"https:\\\/\\\/fizzyvape.eu\\\/es\\\/producto\\\/fizzy-twins-50000-puffs-doble-sabor-vape-desechable-todos-los-sabores-10pcs\\\/#breadcrumb\"},\"inLanguage\":\"es\",\"potentialAction\":[{\"@type\":\"ReadAction\",\"target\":[\"https:\\\/\\\/fizzyvape.eu\\\/es\\\/producto\\\/fizzy-twins-50000-puffs-doble-sabor-vape-desechable-todos-los-sabores-10pcs\\\/\"]}]},{\"@type\":\"ImageObject\",\"inLanguage\":\"es\",\"@id\":\"https:\\\/\\\/fizzyvape.eu\\\/es\\\/producto\\\/fizzy-twins-50000-puffs-doble-sabor-vape-desechable-todos-los-sabores-10pcs\\\/#primaryimage\",\"url\":\"https:\\\/\\\/fizzyvape.eu\\\/wp-content\\\/uploads\\\/2025\\\/04\\\/Fizzy-Twins-50000Puffs-8.webp\",\"contentUrl\":\"https:\\\/\\\/fizzyvape.eu\\\/wp-content\\\/uploads\\\/2025\\\/04\\\/Fizzy-Twins-50000Puffs-8.webp\",\"width\":800,\"height\":800,\"caption\":\"Fizzy Twins 50000 Puffs Vape Desechable\"},{\"@type\":\"BreadcrumbList\",\"@id\":\"https:\\\/\\\/fizzyvape.eu\\\/es\\\/producto\\\/fizzy-twins-50000-puffs-doble-sabor-vape-desechable-todos-los-sabores-10pcs\\\/#breadcrumb\",\"itemListElement\":[{\"@type\":\"ListItem\",\"position\":1,\"name\":\"Home\",\"item\":\"https:\\\/\\\/fizzyvape.eu\\\/es\\\/\"},{\"@type\":\"ListItem\",\"position\":2,\"name\":\"Tienda\",\"item\":\"https:\\\/\\\/www.fizzyvape.eu\\\/es\\\/tienda\\\/\"},{\"@type\":\"ListItem\",\"position\":3,\"name\":\"Fizzy Twins 50000 Puffs Doble Sabor Vape Desechable (Todos los sabores) &#8211; 10pcs\"}]},{\"@type\":\"WebSite\",\"@id\":\"https:\\\/\\\/www.fizzyvape.eu\\\/es\\\/#website\",\"url\":\"https:\\\/\\\/www.fizzyvape.eu\\\/es\\\/\",\"name\":\"fizzyvape.eu\",\"description\":\"Refreshing Vapes. Unforgettable Taste.\",\"publisher\":{\"@id\":\"https:\\\/\\\/www.fizzyvape.eu\\\/es\\\/#organization\"},\"potentialAction\":[{\"@type\":\"SearchAction\",\"target\":{\"@type\":\"EntryPoint\",\"urlTemplate\":\"https:\\\/\\\/www.fizzyvape.eu\\\/es\\\/?s={search_term_string}\"},\"query-input\":{\"@type\":\"PropertyValueSpecification\",\"valueRequired\":true,\"valueName\":\"search_term_string\"}}],\"inLanguage\":\"es\"},{\"@type\":\"Organization\",\"@id\":\"https:\\\/\\\/www.fizzyvape.eu\\\/es\\\/#organization\",\"name\":\"fizzyvape.eu\",\"url\":\"https:\\\/\\\/www.fizzyvape.eu\\\/es\\\/\",\"logo\":{\"@type\":\"ImageObject\",\"inLanguage\":\"es\",\"@id\":\"https:\\\/\\\/www.fizzyvape.eu\\\/es\\\/#\\\/schema\\\/logo\\\/image\\\/\",\"url\":\"https:\\\/\\\/fizzyvape.eu\\\/wp-content\\\/uploads\\\/2019\\\/06\\\/print-1.svg\",\"contentUrl\":\"https:\\\/\\\/fizzyvape.eu\\\/wp-content\\\/uploads\\\/2019\\\/06\\\/print-1.svg\",\"width\":124,\"height\":37,\"caption\":\"fizzyvape.eu\"},\"image\":{\"@id\":\"https:\\\/\\\/www.fizzyvape.eu\\\/es\\\/#\\\/schema\\\/logo\\\/image\\\/\"}}]}<\/script>\n<meta property=\"og:availability\" content=\"out of stock\" \/>\n<meta property=\"product:availability\" content=\"out of stock\" \/>\n<meta property=\"product:condition\" content=\"new\" \/>\n<!-- \/ Yoast SEO Premium plugin. -->","yoast_head_json":{"title":"Fizzy Twins 50000 Puffs - Comprar Vape Dual Flavor 50k Puffs | Mejor Precio EU","description":"\u00a1Consigue Fizzy Twins 50000 Puffs (50k Puffs) al mejor precio! Interruptor de doble sabor, recargable, 50k caladas, env\u00edo r\u00e1pido a la UE. Stock limitado - \u00a1haz tu pedido ahora!","robots":{"index":"index","follow":"follow","max-snippet":"max-snippet:-1","max-image-preview":"max-image-preview:large","max-video-preview":"max-video-preview:-1"},"canonical":"https:\/\/fizzyvape.eu\/es\/producto\/fizzy-twins-50000-puffs-doble-sabor-vape-desechable-todos-los-sabores-10pcs\/","og_locale":"es_ES","og_type":"article","og_title":"Fizzy Twins 50000 Puffs Doble Sabor Vape Desechable (Todos los sabores) - 10pcs","og_description":"\u00a1Consigue Fizzy Twins 50000 Puffs (50k Puffs) al mejor precio! Interruptor de doble sabor, recargable, 50k caladas, env\u00edo r\u00e1pido a la UE. Stock limitado - \u00a1haz tu pedido ahora!","og_url":"https:\/\/fizzyvape.eu\/es\/producto\/fizzy-twins-50000-puffs-doble-sabor-vape-desechable-todos-los-sabores-10pcs\/","og_site_name":"fizzyvape.eu","og_image":[{"width":800,"height":800,"url":"https:\/\/fizzyvape.eu\/wp-content\/uploads\/2025\/04\/Fizzy-Twins-50000Puffs-8.webp","type":"image\/webp"}],"twitter_card":"summary_large_image","twitter_misc":{"Disponibilidad":"Sin existencias"},"schema":{"@context":"https:\/\/schema.org","@graph":[{"@type":"WebPage","@id":"https:\/\/fizzyvape.eu\/es\/producto\/fizzy-twins-50000-puffs-doble-sabor-vape-desechable-todos-los-sabores-10pcs\/","url":"https:\/\/fizzyvape.eu\/es\/producto\/fizzy-twins-50000-puffs-doble-sabor-vape-desechable-todos-los-sabores-10pcs\/","name":"Fizzy Twins 50000 Puffs - Comprar Vape Dual Flavor 50k Puffs | Mejor Precio EU","isPartOf":{"@id":"https:\/\/www.fizzyvape.eu\/es\/#website"},"primaryImageOfPage":{"@id":"https:\/\/fizzyvape.eu\/es\/producto\/fizzy-twins-50000-puffs-doble-sabor-vape-desechable-todos-los-sabores-10pcs\/#primaryimage"},"image":{"@id":"https:\/\/fizzyvape.eu\/es\/producto\/fizzy-twins-50000-puffs-doble-sabor-vape-desechable-todos-los-sabores-10pcs\/#primaryimage"},"thumbnailUrl":"https:\/\/fizzyvape.eu\/wp-content\/uploads\/2025\/04\/Fizzy-Twins-50000Puffs-8.webp","datePublished":"2025-08-29T06:32:49+00:00","description":"\u00a1Consigue Fizzy Twins 50000 Puffs (50k Puffs) al mejor precio! Interruptor de doble sabor, recargable, 50k caladas, env\u00edo r\u00e1pido a la UE. Stock limitado - \u00a1haz tu pedido ahora!","breadcrumb":{"@id":"https:\/\/fizzyvape.eu\/es\/producto\/fizzy-twins-50000-puffs-doble-sabor-vape-desechable-todos-los-sabores-10pcs\/#breadcrumb"},"inLanguage":"es","potentialAction":[{"@type":"ReadAction","target":["https:\/\/fizzyvape.eu\/es\/producto\/fizzy-twins-50000-puffs-doble-sabor-vape-desechable-todos-los-sabores-10pcs\/"]}]},{"@type":"ImageObject","inLanguage":"es","@id":"https:\/\/fizzyvape.eu\/es\/producto\/fizzy-twins-50000-puffs-doble-sabor-vape-desechable-todos-los-sabores-10pcs\/#primaryimage","url":"https:\/\/fizzyvape.eu\/wp-content\/uploads\/2025\/04\/Fizzy-Twins-50000Puffs-8.webp","contentUrl":"https:\/\/fizzyvape.eu\/wp-content\/uploads\/2025\/04\/Fizzy-Twins-50000Puffs-8.webp","width":800,"height":800,"caption":"Fizzy Twins 50000 Puffs Vape Desechable"},{"@type":"BreadcrumbList","@id":"https:\/\/fizzyvape.eu\/es\/producto\/fizzy-twins-50000-puffs-doble-sabor-vape-desechable-todos-los-sabores-10pcs\/#breadcrumb","itemListElement":[{"@type":"ListItem","position":1,"name":"Home","item":"https:\/\/fizzyvape.eu\/es\/"},{"@type":"ListItem","position":2,"name":"Tienda","item":"https:\/\/www.fizzyvape.eu\/es\/tienda\/"},{"@type":"ListItem","position":3,"name":"Fizzy Twins 50000 Puffs Doble Sabor Vape Desechable (Todos los sabores) &#8211; 10pcs"}]},{"@type":"WebSite","@id":"https:\/\/www.fizzyvape.eu\/es\/#website","url":"https:\/\/www.fizzyvape.eu\/es\/","name":"fizzyvape.eu","description":"Refreshing Vapes. Unforgettable Taste.","publisher":{"@id":"https:\/\/www.fizzyvape.eu\/es\/#organization"},"potentialAction":[{"@type":"SearchAction","target":{"@type":"EntryPoint","urlTemplate":"https:\/\/www.fizzyvape.eu\/es\/?s={search_term_string}"},"query-input":{"@type":"PropertyValueSpecification","valueRequired":true,"valueName":"search_term_string"}}],"inLanguage":"es"},{"@type":"Organization","@id":"https:\/\/www.fizzyvape.eu\/es\/#organization","name":"fizzyvape.eu","url":"https:\/\/www.fizzyvape.eu\/es\/","logo":{"@type":"ImageObject","inLanguage":"es","@id":"https:\/\/www.fizzyvape.eu\/es\/#\/schema\/logo\/image\/","url":"https:\/\/fizzyvape.eu\/wp-content\/uploads\/2019\/06\/print-1.svg","contentUrl":"https:\/\/fizzyvape.eu\/wp-content\/uploads\/2019\/06\/print-1.svg","width":124,"height":37,"caption":"fizzyvape.eu"},"image":{"@id":"https:\/\/www.fizzyvape.eu\/es\/#\/schema\/logo\/image\/"}}]},"og_availability":"out of stock","product_availability":"out of stock","product_condition":"new"},"tiered_pricing_type":"fixed","tiered_pricing_fixed_rules":[],"tiered_pricing_product_settings":{"layout":"default","base_unit_name":{"singular":null,"plural":null},"default_variation":null},"tiered_pricing_minimum_quantity":null,"tiered_pricing_roles_data":[],"tiered_pricing_percentage_rules":[],"tiered_pricing_maximum_quantity":null,"tiered_pricing_quantity_step":null,"_links":{"self":[{"href":"https:\/\/fizzyvape.eu\/es\/wp-json\/wp\/v2\/product\/35353","targetHints":{"allow":["GET"]}}],"collection":[{"href":"https:\/\/fizzyvape.eu\/es\/wp-json\/wp\/v2\/product"}],"about":[{"href":"https:\/\/fizzyvape.eu\/es\/wp-json\/wp\/v2\/types\/product"}],"replies":[{"embeddable":true,"href":"https:\/\/fizzyvape.eu\/es\/wp-json\/wp\/v2\/comments?post=35353"}],"version-history":[{"count":0,"href":"https:\/\/fizzyvape.eu\/es\/wp-json\/wp\/v2\/product\/35353\/revisions"}],"wp:featuredmedia":[{"embeddable":true,"href":"https:\/\/fizzyvape.eu\/es\/wp-json\/wp\/v2\/media\/29221"}],"wp:attachment":[{"href":"https:\/\/fizzyvape.eu\/es\/wp-json\/wp\/v2\/media?parent=35353"}],"wp:term":[{"taxonomy":"product_brand","embeddable":true,"href":"https:\/\/fizzyvape.eu\/es\/wp-json\/wp\/v2\/product_brand?post=35353"},{"taxonomy":"product_cat","embeddable":true,"href":"https:\/\/fizzyvape.eu\/es\/wp-json\/wp\/v2\/product_cat?post=35353"},{"taxonomy":"product_tag","embeddable":true,"href":"https:\/\/fizzyvape.eu\/es\/wp-json\/wp\/v2\/product_tag?post=35353"}],"curies":[{"name":"wp","href":"https:\/\/api.w.org\/{rel}","templated":true}]}}