{"id":35370,"date":"2025-08-29T14:50:08","date_gmt":"2025-08-29T06:50:08","guid":{"rendered":"https:\/\/fizzyvape.eu\/product\/fizzy-max-iii-6-en-1-60000-puffs-vape-desechable-todos-los-sabores-10pcs\/"},"modified":"2026-02-10T18:09:23","modified_gmt":"2026-02-10T10:09:23","slug":"fizzy-max-iii-6-en-1-60000-puffs-vape-desechable-todos-los-sabores-10pcs","status":"publish","type":"product","link":"https:\/\/fizzyvape.eu\/es\/producto\/fizzy-max-iii-6-en-1-60000-puffs-vape-desechable-todos-los-sabores-10pcs\/","title":{"rendered":"Fizzy Max III 6 en 1 60000 Puffs Vape Desechable (Todos los sabores) &#8211; 10pcs"},"content":{"rendered":"<div style=\"width: 853px;\" class=\"wp-video\"><!--[if lt IE 9]><script>document.createElement('video');<\/script><![endif]-->\n<video class=\"wp-video-shortcode\" id=\"video-35370-1\" width=\"853\" height=\"480\" preload=\"metadata\" controls=\"controls\"><source type=\"video\/mp4\" src=\"https:\/\/fizzyvape.eu\/wp-content\/uploads\/2025\/08\/fizzy-max-iii-60000-puff-disposable-vape-wholesal-trusted-pro-disposable-vape-supplier.mp4?_=1\" \/><a href=\"https:\/\/fizzyvape.eu\/wp-content\/uploads\/2025\/08\/fizzy-max-iii-60000-puff-disposable-vape-wholesal-trusted-pro-disposable-vape-supplier.mp4\">https:\/\/fizzyvape.eu\/wp-content\/uploads\/2025\/08\/fizzy-max-iii-60000-puff-disposable-vape-wholesal-trusted-pro-disposable-vape-supplier.mp4<\/a><\/video><\/div>\n<h1>Fizzy Max 60000 Puffs &#8211; 6 Sabores en 1 Vapeador Desechable Inteligente<\/h1>\n<p>El <strong>Fizzy Max 60000 Puffs<\/strong> (tambi\u00e9n conocido como <strong>Fizzy Max 60k Puffs<\/strong>) es el vaporizador desechable definitivo para los que exigen variedad y rendimiento. Con su <strong>sistema de rotaci\u00f3n de sabores 6 en 1<\/strong>, puedes cambiar entre seis sabores diferentes en un solo dispositivo, proporcionando un sabor nuevo cada vez que vapeas. <\/p>\n<p>Este potente vapeador ofrece hasta <strong>60.000 caladas<\/strong>, incorpora una <strong>bater\u00eda recargable de tipo C<\/strong> y viene con una <strong>pantalla LED<\/strong> que muestra los niveles de bater\u00eda y de e-l\u00edquido. Dise\u00f1ado para una satisfacci\u00f3n y comodidad duraderas, <strong>Fizzy Max 60000 Puffs<\/strong> es la elecci\u00f3n perfecta para los amantes del vapeo que lo quieren todo. <\/p>\n<h3>Caracter\u00edsticas principales<\/h3>\n<ul>\n<li>\ud83d\udd39 <strong>6 sabores en 1 aparato<\/strong> &#8211; Gira entre seis sabores \u00fanicos al instante<\/li>\n<li>\ud83d\udd39 <strong>60.000 puffs masivos<\/strong> &#8211; Uno de los desechables m\u00e1s duraderos del mercado<\/li>\n<li>\ud83d\udd39 <strong>Recargable con Tipo-C<\/strong> &#8211; Carga r\u00e1pida y sencilla para un uso prolongado<\/li>\n<li><strong>\ud83d\udd39 Pantalla LED inteligente<\/strong> &#8211; Muestra la duraci\u00f3n de la bater\u00eda y el nivel de e-l\u00edquido en tiempo real<\/li>\n<li>\ud83d\udd39 <strong>Tecnolog\u00eda de bobina de malla<\/strong> &#8211; Vapor suave y suministro de sabor intenso<\/li>\n<li>\ud83d\udd39 <strong>Se env\u00eda desde el almac\u00e9n de la UE<\/strong> &#8211; Aut\u00e9ntico Fizzy Vape, entrega r\u00e1pida, mejor precio<\/li>\n<\/ul>\n<h3><strong>Lista de Sabores de Vape Desechable Fizzy Max 60K Puffs:<\/strong><\/h3>\n<ol>\n<li><a href=\"https:\/\/fizzyvape.eu\/es\/producto\/fizzy-max-iii-6en1-60k-60000-puffs-vape-desechable-recargable-fresa-frambuesa-mango-melocoton-arandano-sandia-10pcs\/\">Fresa Frambuesa y Mango Melocot\u00f3n y Ar\u00e1ndanos Sand\u00eda<\/a><\/li>\n<li><a href=\"https:\/\/fizzyvape.eu\/es\/producto\/vapeador-desechable-recargable-fizzy-max-iii-6en1-60k-60000-puffs-mixed-berry-kiwi-passion-fruit-guava-strawberry-watermelon-10pcs\/\">Mezcla de bayas y kiwi Fruta de la pasi\u00f3n Guayaba y fresa Sand\u00eda<\/a><\/li>\n<li><a href=\"https:\/\/fizzyvape.eu\/es\/producto\/vapeador-desechable-recargable-fizzy-max-iii-6en1-60k-60000-puffs-arandano-frambuesa-triple-melon-fresa-helada-10pcs\/\">Ar\u00e1ndano Frambuesa y Triple Helado de Mel\u00f3n y Fresa<\/a><\/li>\n<li><a href=\"https:\/\/fizzyvape.eu\/es\/producto\/vapeador-desechable-recargable-fizzy-max-iii-6en1-60k-60000-puffs-fruta-del-dragon-fresa-red-bull-sandia-frambuesa-10pcs\/\">Fruta del Drag\u00f3n Fresa &amp; Red Bull &amp; Sand\u00eda Frambuesa<\/a><\/li>\n<li><a href=\"https:\/\/fizzyvape.eu\/es\/producto\/fizzy-max-iii-6en1-60k-60000-puffs-vape-desechable-recargable-fresa-kiwi-arandano-hielo-sandia-hielo-10pcs\/\">Hielo de fresa, kiwi, ar\u00e1ndanos y sand\u00eda<\/a><\/li>\n<li><a href=\"https:\/\/fizzyvape.eu\/es\/producto\/vapeador-desechable-recargable-fizzy-max-iii-6en1-60k-60000-puffs-blueberry-ice-fizzy-cherry-raspberry-lemon-10pcs\/\">Hielo de Ar\u00e1ndano y Cereza efervescente y Frambuesa Lim\u00f3n<\/a><\/li>\n<li><a href=\"https:\/\/fizzyvape.eu\/es\/producto\/fizzy-max-iii-6en1-60k-60000-puffs-vape-desechable-recargable-sandia-hielo-y-fresa-vainilla-coca-cola-y-mezcla-de-bayas-10pcs\/\">Sand\u00eda Helada y Fresa Vainilla Coca-Cola y Mixta<\/a><\/li>\n<li><a href=\"https:\/\/fizzyvape.eu\/es\/producto\/fizzy-max-iii-6en1-60k-60000-puffs-vape-desechable-recargable-fresa-uva-arandano-coco-melocoton-limon-10pcs\/\">Fresa Uva y Ar\u00e1ndano Coco y Melocot\u00f3n Lim\u00f3n<\/a><\/li>\n<li><a href=\"https:\/\/fizzyvape.eu\/es\/producto\/vapeador-desechable-recargable-fizzy-max-iii-6en1-60k-60000-puffs-hielo-razz-azul-kiwi-fresa-naranja-pina-agria-10pcs\/\">Blue Razz Hielo y Fresa Kiwi y Pi\u00f1a Agria Naranja<\/a><\/li>\n<li><a href=\"https:\/\/fizzyvape.eu\/es\/producto\/fizzy-max-iii-6en1-60k-60000-puffs-vape-desechable-recargable-sandia-fresa-lima-limon-coco-arandano-10pcs\/\">Fresa Sand\u00eda &amp; Lim\u00f3n Lima &amp; Ar\u00e1ndanos Coco<\/a><\/li>\n<\/ol>\n<p><img decoding=\"async\" class=\"alignnone wp-image-34842 size-full\" src=\"https:\/\/fizzyvape.eu\/wp-content\/uploads\/2025\/08\/FIZZY-Max-III-6-in-60K-60000-puffs-Flavors--scaled.jpg\" alt=\"\" width=\"1168\" height=\"2560\" srcset=\"https:\/\/fizzyvape.eu\/wp-content\/uploads\/2025\/08\/FIZZY-Max-III-6-in-60K-60000-puffs-Flavors--scaled.jpg 1168w, https:\/\/fizzyvape.eu\/wp-content\/uploads\/2025\/08\/FIZZY-Max-III-6-in-60K-60000-puffs-Flavors--137x300.jpg 137w, https:\/\/fizzyvape.eu\/wp-content\/uploads\/2025\/08\/FIZZY-Max-III-6-in-60K-60000-puffs-Flavors--365x800.jpg 365w, https:\/\/fizzyvape.eu\/wp-content\/uploads\/2025\/08\/FIZZY-Max-III-6-in-60K-60000-puffs-Flavors--768x1684.jpg 768w, https:\/\/fizzyvape.eu\/wp-content\/uploads\/2025\/08\/FIZZY-Max-III-6-in-60K-60000-puffs-Flavors--701x1536.jpg 701w, https:\/\/fizzyvape.eu\/wp-content\/uploads\/2025\/08\/FIZZY-Max-III-6-in-60K-60000-puffs-Flavors--934x2048.jpg 934w, https:\/\/fizzyvape.eu\/wp-content\/uploads\/2025\/08\/FIZZY-Max-III-6-in-60K-60000-puffs-Flavors--430x943.jpg 430w, https:\/\/fizzyvape.eu\/wp-content\/uploads\/2025\/08\/FIZZY-Max-III-6-in-60K-60000-puffs-Flavors--700x1535.jpg 700w, https:\/\/fizzyvape.eu\/wp-content\/uploads\/2025\/08\/FIZZY-Max-III-6-in-60K-60000-puffs-Flavors--150x329.jpg 150w\" sizes=\"(max-width: 1168px) 100vw, 1168px\" \/><\/p>\n<h3>\u00bfPor qu\u00e9 elegir Fizzy Max 60000 Puffs?<\/h3>\n<p>A diferencia de los desechables normales, <strong>Fizzy Max 60000 Puffs<\/strong> combina <strong>6 sabores en uno<\/strong> con una capacidad de calada extrema. Eso significa que obtienes variedad, durabilidad y rentabilidad en un solo vapeador. No necesitas llevar varios dispositivos: \u00e9ste lo tiene todo.  <\/p>\n<h3>\u00bfA qui\u00e9n va dirigido?<\/h3>\n<ul>\n<li>Vapers que adoran <strong>la variedad de sabores en un solo dispositivo<\/strong><\/li>\n<li>Usuarios que necesitan <strong>un n\u00famero de bocanadas<\/strong> y una fiabilidad <strong>ultra elevados<\/strong> <\/li>\n<li>Cualquiera que valore <strong>la comodidad, la portabilidad y el dise\u00f1o de primera calidad<\/strong><\/li>\n<\/ul>\n<h3>PREGUNTAS FRECUENTES<\/h3>\n<p><strong>P: \u00bfCu\u00e1nto dura Fizzy Max 60000 Puffs?<\/strong><br \/>\nR: Proporciona hasta <strong>60.000 puffs<\/strong>, que duran semanas o incluso meses, dependiendo del uso.<\/p>\n<p><strong>P: \u00bfPuedo recargarlo?<\/strong><br \/>\nR: S\u00ed, viene con un <strong>puerto de carga Tipo-C<\/strong> para un uso prolongado.<\/p>\n<p><strong>P: \u00bfC\u00f3mo puedo saber el nivel de la bater\u00eda y del e-l\u00edquido?<\/strong><br \/>\nR: El aparato dispone de una <strong>pantalla LED inteligente<\/strong> que muestra los indicadores de la bater\u00eda y del l\u00edquido.<\/p>\n<p><strong>P: \u00bfEs aut\u00e9ntico Fizzy Max 60000 Puffs?<\/strong><br \/>\nR: \u00a1100% s\u00ed! S\u00f3lo vendemos productos <strong>Fizzy Vape aut\u00e9nticos<\/strong>, enviados directamente desde nuestro almac\u00e9n en la UE. <\/p>\n","protected":false},"excerpt":{"rendered":"<p>Descubre el <strong>Fizzy Max 60000 Puffs (Fizzy Max 60k Puffs)<\/strong>, el vapeador desechable 6 en 1 definitivo. Disfruta de seis sabores intercambiables en un solo dispositivo, 60.000 caladas de capacidad, puerto Type-C recargable y pantalla LED inteligente para los niveles de bater\u00eda y l\u00edquido. Rendimiento premium, aut\u00e9ntica calidad Fizzy.  <\/p>\n","protected":false},"featured_media":33883,"comment_status":"open","ping_status":"closed","template":"","meta":{"iawp_total_views":144},"product_brand":[],"product_cat":[951,960,586],"product_tag":[637],"class_list":{"0":"post-35370","1":"product","2":"type-product","3":"status-publish","4":"has-post-thumbnail","6":"product_cat-eu-warehouse-es","7":"product_cat-hot-selling-vape-es","8":"product_cat-max-iii-6in1-60k-60000-puffs-rechargeable-disposable-vape-es","9":"product_tag-todos-los-sabores","11":"first","12":"outofstock","13":"sale","14":"shipping-taxable","15":"purchasable","16":"product-type-variable"},"yoast_head":"<!-- This site is optimized with the Yoast SEO Premium plugin v24.8 (Yoast SEO v27.4) - https:\/\/yoast.com\/product\/yoast-seo-premium-wordpress\/ -->\n<title>Fizzy Max 60000 Puffs - Vape desechable 6 en 1 | Mejor oferta de la UE<\/title>\n<meta name=\"description\" content=\"\u00a1Compra ahora Fizzy Max 60000 Puffs (60k Puffs)! 6 sabores en 1 aparato, 60k caladas, recargable con pantalla LED. \u00a1Env\u00edo r\u00e1pido a la UE, existencias limitadas!\" \/>\n<meta name=\"robots\" content=\"index, follow, max-snippet:-1, max-image-preview:large, max-video-preview:-1\" \/>\n<link rel=\"canonical\" href=\"https:\/\/fizzyvape.eu\/es\/producto\/fizzy-max-iii-6-en-1-60000-puffs-vape-desechable-todos-los-sabores-10pcs\/\" \/>\n<meta property=\"og:locale\" content=\"es_ES\" \/>\n<meta property=\"og:type\" content=\"article\" \/>\n<meta property=\"og:title\" content=\"Fizzy Max III 6 en 1 60000 Puffs Vape Desechable (Todos los sabores) - 10pcs\" \/>\n<meta property=\"og:description\" content=\"\u00a1Compra ahora Fizzy Max 60000 Puffs (60k Puffs)! 6 sabores en 1 aparato, 60k caladas, recargable con pantalla LED. \u00a1Env\u00edo r\u00e1pido a la UE, existencias limitadas!\" \/>\n<meta property=\"og:url\" content=\"https:\/\/fizzyvape.eu\/es\/producto\/fizzy-max-iii-6-en-1-60000-puffs-vape-desechable-todos-los-sabores-10pcs\/\" \/>\n<meta property=\"og:site_name\" content=\"fizzyvape.eu\" \/>\n<meta property=\"article:modified_time\" content=\"2026-02-10T10:09:23+00:00\" \/>\n<meta property=\"og:image\" content=\"https:\/\/fizzyvape.eu\/wp-content\/uploads\/2025\/08\/Fizzy-max-60K-60000-Puffs-Disposable-Vape-3.webp\" \/>\n\t<meta property=\"og:image:width\" content=\"800\" \/>\n\t<meta property=\"og:image:height\" content=\"800\" \/>\n\t<meta property=\"og:image:type\" content=\"image\/webp\" \/>\n<meta name=\"twitter:card\" content=\"summary_large_image\" \/>\n<meta name=\"twitter:label1\" content=\"Disponibilidad\" \/>\n\t<meta name=\"twitter:data1\" content=\"Sin existencias\" \/>\n<script type=\"application\/ld+json\" class=\"yoast-schema-graph\">{\"@context\":\"https:\\\/\\\/schema.org\",\"@graph\":[{\"@type\":\"WebPage\",\"@id\":\"https:\\\/\\\/fizzyvape.eu\\\/es\\\/producto\\\/fizzy-max-iii-6-en-1-60000-puffs-vape-desechable-todos-los-sabores-10pcs\\\/\",\"url\":\"https:\\\/\\\/fizzyvape.eu\\\/es\\\/producto\\\/fizzy-max-iii-6-en-1-60000-puffs-vape-desechable-todos-los-sabores-10pcs\\\/\",\"name\":\"Fizzy Max 60000 Puffs - Vape desechable 6 en 1 | Mejor oferta de la UE\",\"isPartOf\":{\"@id\":\"https:\\\/\\\/www.fizzyvape.eu\\\/es\\\/#website\"},\"primaryImageOfPage\":{\"@id\":\"https:\\\/\\\/fizzyvape.eu\\\/es\\\/producto\\\/fizzy-max-iii-6-en-1-60000-puffs-vape-desechable-todos-los-sabores-10pcs\\\/#primaryimage\"},\"image\":{\"@id\":\"https:\\\/\\\/fizzyvape.eu\\\/es\\\/producto\\\/fizzy-max-iii-6-en-1-60000-puffs-vape-desechable-todos-los-sabores-10pcs\\\/#primaryimage\"},\"thumbnailUrl\":\"https:\\\/\\\/fizzyvape.eu\\\/wp-content\\\/uploads\\\/2025\\\/08\\\/Fizzy-max-60K-60000-Puffs-Disposable-Vape-40-1.webp\",\"datePublished\":\"2025-08-29T06:50:08+00:00\",\"dateModified\":\"2026-02-10T10:09:23+00:00\",\"description\":\"\u00a1Compra ahora Fizzy Max 60000 Puffs (60k Puffs)! 6 sabores en 1 aparato, 60k caladas, recargable con pantalla LED. \u00a1Env\u00edo r\u00e1pido a la UE, existencias limitadas!\",\"breadcrumb\":{\"@id\":\"https:\\\/\\\/fizzyvape.eu\\\/es\\\/producto\\\/fizzy-max-iii-6-en-1-60000-puffs-vape-desechable-todos-los-sabores-10pcs\\\/#breadcrumb\"},\"inLanguage\":\"es\",\"potentialAction\":[{\"@type\":\"ReadAction\",\"target\":[\"https:\\\/\\\/fizzyvape.eu\\\/es\\\/producto\\\/fizzy-max-iii-6-en-1-60000-puffs-vape-desechable-todos-los-sabores-10pcs\\\/\"]}]},{\"@type\":\"ImageObject\",\"inLanguage\":\"es\",\"@id\":\"https:\\\/\\\/fizzyvape.eu\\\/es\\\/producto\\\/fizzy-max-iii-6-en-1-60000-puffs-vape-desechable-todos-los-sabores-10pcs\\\/#primaryimage\",\"url\":\"https:\\\/\\\/fizzyvape.eu\\\/wp-content\\\/uploads\\\/2025\\\/08\\\/Fizzy-max-60K-60000-Puffs-Disposable-Vape-40-1.webp\",\"contentUrl\":\"https:\\\/\\\/fizzyvape.eu\\\/wp-content\\\/uploads\\\/2025\\\/08\\\/Fizzy-max-60K-60000-Puffs-Disposable-Vape-40-1.webp\",\"width\":800,\"height\":800},{\"@type\":\"BreadcrumbList\",\"@id\":\"https:\\\/\\\/fizzyvape.eu\\\/es\\\/producto\\\/fizzy-max-iii-6-en-1-60000-puffs-vape-desechable-todos-los-sabores-10pcs\\\/#breadcrumb\",\"itemListElement\":[{\"@type\":\"ListItem\",\"position\":1,\"name\":\"Home\",\"item\":\"https:\\\/\\\/fizzyvape.eu\\\/es\\\/\"},{\"@type\":\"ListItem\",\"position\":2,\"name\":\"Tienda\",\"item\":\"https:\\\/\\\/www.fizzyvape.eu\\\/es\\\/tienda\\\/\"},{\"@type\":\"ListItem\",\"position\":3,\"name\":\"Fizzy Max III 6 en 1 60000 Puffs Vape Desechable (Todos los sabores) &#8211; 10pcs\"}]},{\"@type\":\"WebSite\",\"@id\":\"https:\\\/\\\/www.fizzyvape.eu\\\/es\\\/#website\",\"url\":\"https:\\\/\\\/www.fizzyvape.eu\\\/es\\\/\",\"name\":\"fizzyvape.eu\",\"description\":\"Refreshing Vapes. Unforgettable Taste.\",\"publisher\":{\"@id\":\"https:\\\/\\\/www.fizzyvape.eu\\\/es\\\/#organization\"},\"potentialAction\":[{\"@type\":\"SearchAction\",\"target\":{\"@type\":\"EntryPoint\",\"urlTemplate\":\"https:\\\/\\\/www.fizzyvape.eu\\\/es\\\/?s={search_term_string}\"},\"query-input\":{\"@type\":\"PropertyValueSpecification\",\"valueRequired\":true,\"valueName\":\"search_term_string\"}}],\"inLanguage\":\"es\"},{\"@type\":\"Organization\",\"@id\":\"https:\\\/\\\/www.fizzyvape.eu\\\/es\\\/#organization\",\"name\":\"fizzyvape.eu\",\"url\":\"https:\\\/\\\/www.fizzyvape.eu\\\/es\\\/\",\"logo\":{\"@type\":\"ImageObject\",\"inLanguage\":\"es\",\"@id\":\"https:\\\/\\\/www.fizzyvape.eu\\\/es\\\/#\\\/schema\\\/logo\\\/image\\\/\",\"url\":\"https:\\\/\\\/fizzyvape.eu\\\/wp-content\\\/uploads\\\/2019\\\/06\\\/print-1.svg\",\"contentUrl\":\"https:\\\/\\\/fizzyvape.eu\\\/wp-content\\\/uploads\\\/2019\\\/06\\\/print-1.svg\",\"width\":124,\"height\":37,\"caption\":\"fizzyvape.eu\"},\"image\":{\"@id\":\"https:\\\/\\\/www.fizzyvape.eu\\\/es\\\/#\\\/schema\\\/logo\\\/image\\\/\"}}]}<\/script>\n<meta property=\"og:availability\" content=\"out of stock\" \/>\n<meta property=\"product:availability\" content=\"out of stock\" \/>\n<meta property=\"product:condition\" content=\"new\" \/>\n<!-- \/ Yoast SEO Premium plugin. -->","yoast_head_json":{"title":"Fizzy Max 60000 Puffs - Vape desechable 6 en 1 | Mejor oferta de la UE","description":"\u00a1Compra ahora Fizzy Max 60000 Puffs (60k Puffs)! 6 sabores en 1 aparato, 60k caladas, recargable con pantalla LED. \u00a1Env\u00edo r\u00e1pido a la UE, existencias limitadas!","robots":{"index":"index","follow":"follow","max-snippet":"max-snippet:-1","max-image-preview":"max-image-preview:large","max-video-preview":"max-video-preview:-1"},"canonical":"https:\/\/fizzyvape.eu\/es\/producto\/fizzy-max-iii-6-en-1-60000-puffs-vape-desechable-todos-los-sabores-10pcs\/","og_locale":"es_ES","og_type":"article","og_title":"Fizzy Max III 6 en 1 60000 Puffs Vape Desechable (Todos los sabores) - 10pcs","og_description":"\u00a1Compra ahora Fizzy Max 60000 Puffs (60k Puffs)! 6 sabores en 1 aparato, 60k caladas, recargable con pantalla LED. \u00a1Env\u00edo r\u00e1pido a la UE, existencias limitadas!","og_url":"https:\/\/fizzyvape.eu\/es\/producto\/fizzy-max-iii-6-en-1-60000-puffs-vape-desechable-todos-los-sabores-10pcs\/","og_site_name":"fizzyvape.eu","article_modified_time":"2026-02-10T10:09:23+00:00","og_image":[{"width":800,"height":800,"url":"https:\/\/fizzyvape.eu\/wp-content\/uploads\/2025\/08\/Fizzy-max-60K-60000-Puffs-Disposable-Vape-3.webp","type":"image\/webp"}],"twitter_card":"summary_large_image","twitter_misc":{"Disponibilidad":"Sin existencias"},"schema":{"@context":"https:\/\/schema.org","@graph":[{"@type":"WebPage","@id":"https:\/\/fizzyvape.eu\/es\/producto\/fizzy-max-iii-6-en-1-60000-puffs-vape-desechable-todos-los-sabores-10pcs\/","url":"https:\/\/fizzyvape.eu\/es\/producto\/fizzy-max-iii-6-en-1-60000-puffs-vape-desechable-todos-los-sabores-10pcs\/","name":"Fizzy Max 60000 Puffs - Vape desechable 6 en 1 | Mejor oferta de la UE","isPartOf":{"@id":"https:\/\/www.fizzyvape.eu\/es\/#website"},"primaryImageOfPage":{"@id":"https:\/\/fizzyvape.eu\/es\/producto\/fizzy-max-iii-6-en-1-60000-puffs-vape-desechable-todos-los-sabores-10pcs\/#primaryimage"},"image":{"@id":"https:\/\/fizzyvape.eu\/es\/producto\/fizzy-max-iii-6-en-1-60000-puffs-vape-desechable-todos-los-sabores-10pcs\/#primaryimage"},"thumbnailUrl":"https:\/\/fizzyvape.eu\/wp-content\/uploads\/2025\/08\/Fizzy-max-60K-60000-Puffs-Disposable-Vape-40-1.webp","datePublished":"2025-08-29T06:50:08+00:00","dateModified":"2026-02-10T10:09:23+00:00","description":"\u00a1Compra ahora Fizzy Max 60000 Puffs (60k Puffs)! 6 sabores en 1 aparato, 60k caladas, recargable con pantalla LED. \u00a1Env\u00edo r\u00e1pido a la UE, existencias limitadas!","breadcrumb":{"@id":"https:\/\/fizzyvape.eu\/es\/producto\/fizzy-max-iii-6-en-1-60000-puffs-vape-desechable-todos-los-sabores-10pcs\/#breadcrumb"},"inLanguage":"es","potentialAction":[{"@type":"ReadAction","target":["https:\/\/fizzyvape.eu\/es\/producto\/fizzy-max-iii-6-en-1-60000-puffs-vape-desechable-todos-los-sabores-10pcs\/"]}]},{"@type":"ImageObject","inLanguage":"es","@id":"https:\/\/fizzyvape.eu\/es\/producto\/fizzy-max-iii-6-en-1-60000-puffs-vape-desechable-todos-los-sabores-10pcs\/#primaryimage","url":"https:\/\/fizzyvape.eu\/wp-content\/uploads\/2025\/08\/Fizzy-max-60K-60000-Puffs-Disposable-Vape-40-1.webp","contentUrl":"https:\/\/fizzyvape.eu\/wp-content\/uploads\/2025\/08\/Fizzy-max-60K-60000-Puffs-Disposable-Vape-40-1.webp","width":800,"height":800},{"@type":"BreadcrumbList","@id":"https:\/\/fizzyvape.eu\/es\/producto\/fizzy-max-iii-6-en-1-60000-puffs-vape-desechable-todos-los-sabores-10pcs\/#breadcrumb","itemListElement":[{"@type":"ListItem","position":1,"name":"Home","item":"https:\/\/fizzyvape.eu\/es\/"},{"@type":"ListItem","position":2,"name":"Tienda","item":"https:\/\/www.fizzyvape.eu\/es\/tienda\/"},{"@type":"ListItem","position":3,"name":"Fizzy Max III 6 en 1 60000 Puffs Vape Desechable (Todos los sabores) &#8211; 10pcs"}]},{"@type":"WebSite","@id":"https:\/\/www.fizzyvape.eu\/es\/#website","url":"https:\/\/www.fizzyvape.eu\/es\/","name":"fizzyvape.eu","description":"Refreshing Vapes. Unforgettable Taste.","publisher":{"@id":"https:\/\/www.fizzyvape.eu\/es\/#organization"},"potentialAction":[{"@type":"SearchAction","target":{"@type":"EntryPoint","urlTemplate":"https:\/\/www.fizzyvape.eu\/es\/?s={search_term_string}"},"query-input":{"@type":"PropertyValueSpecification","valueRequired":true,"valueName":"search_term_string"}}],"inLanguage":"es"},{"@type":"Organization","@id":"https:\/\/www.fizzyvape.eu\/es\/#organization","name":"fizzyvape.eu","url":"https:\/\/www.fizzyvape.eu\/es\/","logo":{"@type":"ImageObject","inLanguage":"es","@id":"https:\/\/www.fizzyvape.eu\/es\/#\/schema\/logo\/image\/","url":"https:\/\/fizzyvape.eu\/wp-content\/uploads\/2019\/06\/print-1.svg","contentUrl":"https:\/\/fizzyvape.eu\/wp-content\/uploads\/2019\/06\/print-1.svg","width":124,"height":37,"caption":"fizzyvape.eu"},"image":{"@id":"https:\/\/www.fizzyvape.eu\/es\/#\/schema\/logo\/image\/"}}]},"og_availability":"out of stock","product_availability":"out of stock","product_condition":"new"},"tiered_pricing_type":"fixed","tiered_pricing_fixed_rules":[],"tiered_pricing_product_settings":{"layout":"default","base_unit_name":{"singular":null,"plural":null},"default_variation":null},"tiered_pricing_minimum_quantity":null,"tiered_pricing_roles_data":[],"tiered_pricing_percentage_rules":[],"tiered_pricing_maximum_quantity":null,"tiered_pricing_quantity_step":null,"_links":{"self":[{"href":"https:\/\/fizzyvape.eu\/es\/wp-json\/wp\/v2\/product\/35370","targetHints":{"allow":["GET"]}}],"collection":[{"href":"https:\/\/fizzyvape.eu\/es\/wp-json\/wp\/v2\/product"}],"about":[{"href":"https:\/\/fizzyvape.eu\/es\/wp-json\/wp\/v2\/types\/product"}],"replies":[{"embeddable":true,"href":"https:\/\/fizzyvape.eu\/es\/wp-json\/wp\/v2\/comments?post=35370"}],"version-history":[{"count":0,"href":"https:\/\/fizzyvape.eu\/es\/wp-json\/wp\/v2\/product\/35370\/revisions"}],"wp:featuredmedia":[{"embeddable":true,"href":"https:\/\/fizzyvape.eu\/es\/wp-json\/wp\/v2\/media\/33883"}],"wp:attachment":[{"href":"https:\/\/fizzyvape.eu\/es\/wp-json\/wp\/v2\/media?parent=35370"}],"wp:term":[{"taxonomy":"product_brand","embeddable":true,"href":"https:\/\/fizzyvape.eu\/es\/wp-json\/wp\/v2\/product_brand?post=35370"},{"taxonomy":"product_cat","embeddable":true,"href":"https:\/\/fizzyvape.eu\/es\/wp-json\/wp\/v2\/product_cat?post=35370"},{"taxonomy":"product_tag","embeddable":true,"href":"https:\/\/fizzyvape.eu\/es\/wp-json\/wp\/v2\/product_tag?post=35370"}],"curies":[{"name":"wp","href":"https:\/\/api.w.org\/{rel}","templated":true}]}}