{"id":36545,"date":"2025-11-24T15:50:11","date_gmt":"2025-11-24T07:50:11","guid":{"rendered":"https:\/\/fizzyvape.eu\/product\/fizzy-twins-50000-puffs-doble-sabor\/"},"modified":"2025-12-04T15:36:30","modified_gmt":"2025-12-04T07:36:30","slug":"fizzy-twins-50000-puffs-doble-sabor","status":"publish","type":"product","link":"https:\/\/fizzyvape.eu\/es\/producto\/fizzy-twins-50000-puffs-doble-sabor\/","title":{"rendered":"Fizzy Twins 50000 Puffs Doble Sabor"},"content":{"rendered":"<div style=\"width: 1280px;\" class=\"wp-video\"><!--[if lt IE 9]><script>document.createElement('video');<\/script><![endif]-->\n<video class=\"wp-video-shortcode\" id=\"video-36545-1\" width=\"1280\" height=\"720\" preload=\"metadata\" controls=\"controls\"><source type=\"video\/mp4\" src=\"https:\/\/fizzyvape.eu\/wp-content\/uploads\/2025\/08\/Fizzy-Twins-50000-Puffs-Disposable-Vape.mp4?_=1\" \/><a href=\"https:\/\/fizzyvape.eu\/wp-content\/uploads\/2025\/08\/Fizzy-Twins-50000-Puffs-Disposable-Vape.mp4\">https:\/\/fizzyvape.eu\/wp-content\/uploads\/2025\/08\/Fizzy-Twins-50000-Puffs-Disposable-Vape.mp4<\/a><\/video><\/div>\n<h1>Fizzy Twins 50000 Puffs &#8211; Vapeador desechable recargable de doble sabor<\/h1>\n<p>El <strong>Fizzy Twins 50000 Puffs<\/strong> (tambi\u00e9n conocido como <strong>Fizzy Twins 50K<\/strong>) ofrece una experiencia innovadora con su <strong>tecnolog\u00eda de doble interruptor de sabor<\/strong>, que te permite disfrutar de dos sabores distintos en un solo dispositivo de vapeo. Si te gusta la variedad de sabores sin llevar varios desechables, \u00e9sta es la elecci\u00f3n perfecta.<\/p>\n<p>Dise\u00f1ado para vapeadores que exigen un rendimiento duradero, el Fizzy Twins ofrece <strong>hasta 50.000 caladas<\/strong>, una <strong>bater\u00eda recargable de tipo C<\/strong> y <strong>un avanzado calentamiento de la bobina de malla<\/strong> para un vapor suave, un rico sabor y una potente producci\u00f3n de nubes. Es un dispositivo fiable y de gran capacidad, dise\u00f1ado tanto para los amantes del sabor como para los grandes consumidores.<\/p>\n<h3>Caracter\u00edsticas principales<\/h3>\n<p>\ud83d\udd39 <strong>Sistema de doble interruptor de sabor<\/strong><\/p>\n<p>Cambia instant\u00e1neamente entre dos sabores premium con un simple toque.<br \/>\nDos sabores. Un dispositivo. Sin complicaciones.<\/p>\n<p>\ud83d\udd39 <strong>Hasta 50.000 caladas<\/strong><\/p>\n<p>Dise\u00f1ado para la resistencia y el uso a largo plazo.<br \/>\nPerfecto para usuarios que necesitan un dispositivo que dure semanas.<\/p>\n<p>\ud83d\udd39 <strong>Recargable Tipo-C<\/strong><\/p>\n<p>Ecol\u00f3gico y rentable.<br \/>\nCarga r\u00e1pidamente y disfruta de un rendimiento constante.<\/p>\n<p>\ud83d\udd39 <strong>Tecnolog\u00eda de bobina de malla Premium<\/strong><\/p>\n<p>Proporciona un rico sabor, vapor suave y nubes densas.<br \/>\nCada calada es limpia, audaz y satisfactoria.<\/p>\n<p>\ud83d\udd39 <strong>100% Aut\u00e9ntico Fizzy Vape<\/strong><\/p>\n<p>Todos los productos son originales y se env\u00edan desde nuestro almac\u00e9n de China para garantizar la entrega m\u00e1s r\u00e1pida y la mejor calidad.<\/p>\n<h3>\u00bfA qui\u00e9n va dirigido?<\/h3>\n<ul>\n<li>Vapers que quieren varios sabores sin llevar varios dispositivos<\/li>\n<li>Los que necesitan <strong>una capacidad de soplado ultra alta<\/strong> para un uso prolongado<\/li>\n<li>Cualquiera que busque un vaporizador desechable recargable y sin complicaciones<\/li>\n<\/ul>\n<p><img decoding=\"async\" class=\"alignnone wp-image-36215 size-full\" src=\"https:\/\/fizzyvape.eu\/wp-content\/uploads\/2025\/08\/Fizzy-Twins-50000-Puffs-Disposable-Vape-Flavors.jpg\" alt=\"Fizzy Twins 50000 Puffs Vape Sabores Desechables\" width=\"1920\" height=\"1920\" srcset=\"https:\/\/fizzyvape.eu\/wp-content\/uploads\/2025\/08\/Fizzy-Twins-50000-Puffs-Disposable-Vape-Flavors.jpg 1920w, https:\/\/fizzyvape.eu\/wp-content\/uploads\/2025\/08\/Fizzy-Twins-50000-Puffs-Disposable-Vape-Flavors-300x300.jpg 300w, https:\/\/fizzyvape.eu\/wp-content\/uploads\/2025\/08\/Fizzy-Twins-50000-Puffs-Disposable-Vape-Flavors-800x800.jpg 800w, https:\/\/fizzyvape.eu\/wp-content\/uploads\/2025\/08\/Fizzy-Twins-50000-Puffs-Disposable-Vape-Flavors-150x150.jpg 150w, https:\/\/fizzyvape.eu\/wp-content\/uploads\/2025\/08\/Fizzy-Twins-50000-Puffs-Disposable-Vape-Flavors-768x768.jpg 768w, https:\/\/fizzyvape.eu\/wp-content\/uploads\/2025\/08\/Fizzy-Twins-50000-Puffs-Disposable-Vape-Flavors-1536x1536.jpg 1536w, https:\/\/fizzyvape.eu\/wp-content\/uploads\/2025\/08\/Fizzy-Twins-50000-Puffs-Disposable-Vape-Flavors-430x430.jpg 430w, https:\/\/fizzyvape.eu\/wp-content\/uploads\/2025\/08\/Fizzy-Twins-50000-Puffs-Disposable-Vape-Flavors-700x700.jpg 700w\" sizes=\"(max-width: 1920px) 100vw, 1920px\" \/><\/p>\n<h3>Lista de sabores de <strong>Fizzy Twins <\/strong>50000 Puffs:<\/h3>\n<ol>\n<li><a href=\"https:\/\/fizzyvape.eu\/es\/producto\/fizzy-twins-sandia-helada-y-fresa-kiwi-50000-puffs-10pcs\/\">Sand\u00eda Helada y Fresa Kiwi<\/a><\/li>\n<li><a href=\"https:\/\/fizzyvape.eu\/es\/producto\/fizzy-twins-fresa-kiwi-granada-red-bull-50000-puffs-10pcs\/\">Fresa Kiwi Granada y Red Bull<\/a><\/li>\n<li><a href=\"https:\/\/fizzyvape.eu\/es\/producto\/fizzy-twins-hielo-de-arandano-coco-y-uva-50000-puffs-10pcs\/\">Hielo de ar\u00e1ndanos, coco y uva<\/a><\/li>\n<li><a href=\"https:\/\/fizzyvape.eu\/es\/producto\/fizzy-twins-blue-razz-limonada-y-triple-melon-50000-puffs-10pcs\/\">Limonada Blue Razz y Mel\u00f3n Triple<\/a><\/li>\n<li><a href=\"https:\/\/fizzyvape.eu\/es\/producto\/fizzy-twins-hielo-de-fresa-sandia-y-arandanos-50000-puffs-10pcs\/\">Hielo de fresa, sand\u00eda y ar\u00e1ndanos<\/a><\/li>\n<li><a href=\"https:\/\/fizzyvape.eu\/es\/producto\/fizzy-twins-melocoton-mango-sandia-y-fresa-platano-50000-puffs-10pcs\/\">Melocot\u00f3n Mango Sand\u00eda y Fresa Pl\u00e1tano<\/a><\/li>\n<li><a href=\"https:\/\/fizzyvape.eu\/es\/producto\/fizzy-twins-frambuesa-sandia-y-kiwi-fruta-de-la-pasion-guayaba-50000-puffs-10pcs\/\">Frambuesa Sand\u00eda y Kiwi Fruta de la Pasi\u00f3n Guayaba<\/a><\/li>\n<li><a href=\"https:\/\/fizzyvape.eu\/es\/producto\/fizzy-twins-pina-melocoton-fruta-de-la-pasion-y-arandano-frambuesa-50000-puffs-10pcs\/\">Pi\u00f1a Melocot\u00f3n Fruta de la Pasi\u00f3n y Ar\u00e1ndanos Frambuesa<\/a><\/li>\n<li><a href=\"https:\/\/fizzyvape.eu\/es\/producto\/fizzy-twins-sandia-helada-y-lima-limon-50000-puffs-10pcs\/\">Hielo de sand\u00eda y lima lim\u00f3n<\/a><\/li>\n<li><a href=\"https:\/\/fizzyvape.eu\/es\/producto\/fizzy-twins-hielo-mezcla-de-bayas-y-melocoton-50000-puffs-10pcs\/\">Hielo de frutas del bosque y melocot\u00f3n<\/a><\/li>\n<li><a href=\"https:\/\/fizzyvape.eu\/es\/producto\/fizzy-twins-fresa-helada-y-cereza-efervescente-50000-puffs-10pcs\/\">Fresa helada y cereza efervescente<\/a><\/li>\n<li><a href=\"https:\/\/fizzyvape.eu\/es\/producto\/fizzy-twins-limonada-de-frambuesa-y-fresa-helada-50000-puffs-10pcs\/\">Limonada de Frambuesa y Hielo de Fresa<\/a><\/li>\n<li>Cola efervescente y hielo de sand\u00eda<\/li>\n<li>Amor 66 y Caramelo de Fresa y Frambuesa<\/li>\n<li>Chicle Red Bull Fresa y Sand\u00eda<\/li>\n<\/ol>\n<h2>\ud83d\udca1 <strong>\u00bfPor qu\u00e9 elegir Fizzy Twins 50000 Puffs?<\/strong><\/h2>\n<ul>\n<li>Dos sabores diferentes en un solo aparato<\/li>\n<li>Capacidad de soplado extremadamente alta<\/li>\n<li>Recargable y de larga duraci\u00f3n<\/li>\n<li>Env\u00edo r\u00e1pido a la UE y 100% original<\/li>\n<li>Equilibrio perfecto entre variedad de sabores y comodidad<\/li>\n<\/ul>\n<p>Tanto si eres un explorador de sabores como un vapeador diario, este dispositivo ofrece un valor insuperable.<\/p>\n<h2>\ud83d\ude4b\u200d\u2642\ufe0f <strong>PREGUNTAS FRECUENTES<\/strong><\/h2>\n<p><strong>P: \u00bfCu\u00e1nto duran los 50000 Puffs Fizzy Twins?<\/strong><br \/>\nR: Hasta 50.000 caladas, que suelen durar varias semanas dependiendo de tu uso.<\/p>\n<p><strong>P: \u00bfEs recargable?<\/strong><br \/>\nR: S\u00ed, incluye un puerto de carga Tipo-C para prolongar su vida \u00fatil.<\/p>\n<p><strong>P: \u00bfEs aut\u00e9ntico?<\/strong><br \/>\nR: Por supuesto. Todos los productos Fizzy Vape que vendemos son 100% aut\u00e9nticos y se env\u00edan desde nuestro almac\u00e9n de China.<\/p>\n<p>&nbsp;<\/p>\n","protected":false},"excerpt":{"rendered":"[html_block id=\"37680\"]\n","protected":false},"featured_media":29446,"comment_status":"open","ping_status":"closed","template":"","meta":{"iawp_total_views":65},"product_brand":[],"product_cat":[736,960],"product_tag":[],"class_list":{"0":"post-36545","1":"product","2":"type-product","3":"status-publish","4":"has-post-thumbnail","6":"product_cat-almacen-de-china","7":"product_cat-hot-selling-vape-es","9":"first","10":"outofstock","11":"shipping-taxable","12":"purchasable","13":"product-type-variable"},"yoast_head":"<!-- This site is optimized with the Yoast SEO Premium plugin v24.8 (Yoast SEO v27.4) - https:\/\/yoast.com\/product\/yoast-seo-premium-wordpress\/ -->\n<title>Fizzy Twins 50000 Puffs - Vape recargable de doble sabor<\/title>\n<meta name=\"description\" content=\"Descubre el vaporizador desechable de doble sabor Fizzy Twins 50000 Puffs. 2 sabores en 1, 50.000 caladas, bobina de malla, recargable Tipo-C, 100% aut\u00e9ntico.\" \/>\n<meta name=\"robots\" content=\"index, follow, max-snippet:-1, max-image-preview:large, max-video-preview:-1\" \/>\n<link rel=\"canonical\" href=\"https:\/\/fizzyvape.eu\/es\/producto\/fizzy-twins-50000-puffs-doble-sabor\/\" \/>\n<meta property=\"og:locale\" content=\"es_ES\" \/>\n<meta property=\"og:type\" content=\"article\" \/>\n<meta property=\"og:title\" content=\"Fizzy Twins 50000 Puffs Doble Sabor\" \/>\n<meta property=\"og:description\" content=\"Descubre el vaporizador desechable de doble sabor Fizzy Twins 50000 Puffs. 2 sabores en 1, 50.000 caladas, bobina de malla, recargable Tipo-C, 100% aut\u00e9ntico.\" \/>\n<meta property=\"og:url\" content=\"https:\/\/fizzyvape.eu\/es\/producto\/fizzy-twins-50000-puffs-doble-sabor\/\" \/>\n<meta property=\"og:site_name\" content=\"fizzyvape.eu\" \/>\n<meta property=\"article:modified_time\" content=\"2025-12-04T07:36:30+00:00\" \/>\n<meta property=\"og:image\" content=\"https:\/\/fizzyvape.eu\/wp-content\/uploads\/2025\/04\/Fizzy-Twins-50000Puffs-34.webp\" \/>\n\t<meta property=\"og:image:width\" content=\"800\" \/>\n\t<meta property=\"og:image:height\" content=\"800\" \/>\n\t<meta property=\"og:image:type\" content=\"image\/webp\" \/>\n<meta name=\"twitter:card\" content=\"summary_large_image\" \/>\n<meta name=\"twitter:label1\" content=\"Disponibilidad\" \/>\n\t<meta name=\"twitter:data1\" content=\"Sin existencias\" \/>\n<script type=\"application\/ld+json\" class=\"yoast-schema-graph\">{\"@context\":\"https:\\\/\\\/schema.org\",\"@graph\":[{\"@type\":\"WebPage\",\"@id\":\"https:\\\/\\\/fizzyvape.eu\\\/es\\\/producto\\\/fizzy-twins-50000-puffs-doble-sabor\\\/\",\"url\":\"https:\\\/\\\/fizzyvape.eu\\\/es\\\/producto\\\/fizzy-twins-50000-puffs-doble-sabor\\\/\",\"name\":\"Fizzy Twins 50000 Puffs - Vape recargable de doble sabor\",\"isPartOf\":{\"@id\":\"https:\\\/\\\/www.fizzyvape.eu\\\/es\\\/#website\"},\"primaryImageOfPage\":{\"@id\":\"https:\\\/\\\/fizzyvape.eu\\\/es\\\/producto\\\/fizzy-twins-50000-puffs-doble-sabor\\\/#primaryimage\"},\"image\":{\"@id\":\"https:\\\/\\\/fizzyvape.eu\\\/es\\\/producto\\\/fizzy-twins-50000-puffs-doble-sabor\\\/#primaryimage\"},\"thumbnailUrl\":\"https:\\\/\\\/fizzyvape.eu\\\/wp-content\\\/uploads\\\/2025\\\/04\\\/Fizzy-Twins-50000Puffs-34.webp\",\"datePublished\":\"2025-11-24T07:50:11+00:00\",\"dateModified\":\"2025-12-04T07:36:30+00:00\",\"description\":\"Descubre el vaporizador desechable de doble sabor Fizzy Twins 50000 Puffs. 2 sabores en 1, 50.000 caladas, bobina de malla, recargable Tipo-C, 100% aut\u00e9ntico.\",\"breadcrumb\":{\"@id\":\"https:\\\/\\\/fizzyvape.eu\\\/es\\\/producto\\\/fizzy-twins-50000-puffs-doble-sabor\\\/#breadcrumb\"},\"inLanguage\":\"es\",\"potentialAction\":[{\"@type\":\"ReadAction\",\"target\":[\"https:\\\/\\\/fizzyvape.eu\\\/es\\\/producto\\\/fizzy-twins-50000-puffs-doble-sabor\\\/\"]}]},{\"@type\":\"ImageObject\",\"inLanguage\":\"es\",\"@id\":\"https:\\\/\\\/fizzyvape.eu\\\/es\\\/producto\\\/fizzy-twins-50000-puffs-doble-sabor\\\/#primaryimage\",\"url\":\"https:\\\/\\\/fizzyvape.eu\\\/wp-content\\\/uploads\\\/2025\\\/04\\\/Fizzy-Twins-50000Puffs-34.webp\",\"contentUrl\":\"https:\\\/\\\/fizzyvape.eu\\\/wp-content\\\/uploads\\\/2025\\\/04\\\/Fizzy-Twins-50000Puffs-34.webp\",\"width\":800,\"height\":800,\"caption\":\"Fizzy Twins 50000 Puffs Vape Desechable\"},{\"@type\":\"BreadcrumbList\",\"@id\":\"https:\\\/\\\/fizzyvape.eu\\\/es\\\/producto\\\/fizzy-twins-50000-puffs-doble-sabor\\\/#breadcrumb\",\"itemListElement\":[{\"@type\":\"ListItem\",\"position\":1,\"name\":\"Home\",\"item\":\"https:\\\/\\\/fizzyvape.eu\\\/es\\\/\"},{\"@type\":\"ListItem\",\"position\":2,\"name\":\"Tienda\",\"item\":\"https:\\\/\\\/www.fizzyvape.eu\\\/es\\\/tienda\\\/\"},{\"@type\":\"ListItem\",\"position\":3,\"name\":\"Fizzy Twins 50000 Puffs Doble Sabor\"}]},{\"@type\":\"WebSite\",\"@id\":\"https:\\\/\\\/www.fizzyvape.eu\\\/es\\\/#website\",\"url\":\"https:\\\/\\\/www.fizzyvape.eu\\\/es\\\/\",\"name\":\"fizzyvape.eu\",\"description\":\"Refreshing Vapes. Unforgettable Taste.\",\"publisher\":{\"@id\":\"https:\\\/\\\/www.fizzyvape.eu\\\/es\\\/#organization\"},\"potentialAction\":[{\"@type\":\"SearchAction\",\"target\":{\"@type\":\"EntryPoint\",\"urlTemplate\":\"https:\\\/\\\/www.fizzyvape.eu\\\/es\\\/?s={search_term_string}\"},\"query-input\":{\"@type\":\"PropertyValueSpecification\",\"valueRequired\":true,\"valueName\":\"search_term_string\"}}],\"inLanguage\":\"es\"},{\"@type\":\"Organization\",\"@id\":\"https:\\\/\\\/www.fizzyvape.eu\\\/es\\\/#organization\",\"name\":\"fizzyvape.eu\",\"url\":\"https:\\\/\\\/www.fizzyvape.eu\\\/es\\\/\",\"logo\":{\"@type\":\"ImageObject\",\"inLanguage\":\"es\",\"@id\":\"https:\\\/\\\/www.fizzyvape.eu\\\/es\\\/#\\\/schema\\\/logo\\\/image\\\/\",\"url\":\"https:\\\/\\\/fizzyvape.eu\\\/wp-content\\\/uploads\\\/2019\\\/06\\\/print-1.svg\",\"contentUrl\":\"https:\\\/\\\/fizzyvape.eu\\\/wp-content\\\/uploads\\\/2019\\\/06\\\/print-1.svg\",\"width\":124,\"height\":37,\"caption\":\"fizzyvape.eu\"},\"image\":{\"@id\":\"https:\\\/\\\/www.fizzyvape.eu\\\/es\\\/#\\\/schema\\\/logo\\\/image\\\/\"}}]}<\/script>\n<meta property=\"og:availability\" content=\"out of stock\" \/>\n<meta property=\"product:availability\" content=\"out of stock\" \/>\n<meta property=\"product:condition\" content=\"new\" \/>\n<!-- \/ Yoast SEO Premium plugin. -->","yoast_head_json":{"title":"Fizzy Twins 50000 Puffs - Vape recargable de doble sabor","description":"Descubre el vaporizador desechable de doble sabor Fizzy Twins 50000 Puffs. 2 sabores en 1, 50.000 caladas, bobina de malla, recargable Tipo-C, 100% aut\u00e9ntico.","robots":{"index":"index","follow":"follow","max-snippet":"max-snippet:-1","max-image-preview":"max-image-preview:large","max-video-preview":"max-video-preview:-1"},"canonical":"https:\/\/fizzyvape.eu\/es\/producto\/fizzy-twins-50000-puffs-doble-sabor\/","og_locale":"es_ES","og_type":"article","og_title":"Fizzy Twins 50000 Puffs Doble Sabor","og_description":"Descubre el vaporizador desechable de doble sabor Fizzy Twins 50000 Puffs. 2 sabores en 1, 50.000 caladas, bobina de malla, recargable Tipo-C, 100% aut\u00e9ntico.","og_url":"https:\/\/fizzyvape.eu\/es\/producto\/fizzy-twins-50000-puffs-doble-sabor\/","og_site_name":"fizzyvape.eu","article_modified_time":"2025-12-04T07:36:30+00:00","og_image":[{"width":800,"height":800,"url":"https:\/\/fizzyvape.eu\/wp-content\/uploads\/2025\/04\/Fizzy-Twins-50000Puffs-34.webp","type":"image\/webp"}],"twitter_card":"summary_large_image","twitter_misc":{"Disponibilidad":"Sin existencias"},"schema":{"@context":"https:\/\/schema.org","@graph":[{"@type":"WebPage","@id":"https:\/\/fizzyvape.eu\/es\/producto\/fizzy-twins-50000-puffs-doble-sabor\/","url":"https:\/\/fizzyvape.eu\/es\/producto\/fizzy-twins-50000-puffs-doble-sabor\/","name":"Fizzy Twins 50000 Puffs - Vape recargable de doble sabor","isPartOf":{"@id":"https:\/\/www.fizzyvape.eu\/es\/#website"},"primaryImageOfPage":{"@id":"https:\/\/fizzyvape.eu\/es\/producto\/fizzy-twins-50000-puffs-doble-sabor\/#primaryimage"},"image":{"@id":"https:\/\/fizzyvape.eu\/es\/producto\/fizzy-twins-50000-puffs-doble-sabor\/#primaryimage"},"thumbnailUrl":"https:\/\/fizzyvape.eu\/wp-content\/uploads\/2025\/04\/Fizzy-Twins-50000Puffs-34.webp","datePublished":"2025-11-24T07:50:11+00:00","dateModified":"2025-12-04T07:36:30+00:00","description":"Descubre el vaporizador desechable de doble sabor Fizzy Twins 50000 Puffs. 2 sabores en 1, 50.000 caladas, bobina de malla, recargable Tipo-C, 100% aut\u00e9ntico.","breadcrumb":{"@id":"https:\/\/fizzyvape.eu\/es\/producto\/fizzy-twins-50000-puffs-doble-sabor\/#breadcrumb"},"inLanguage":"es","potentialAction":[{"@type":"ReadAction","target":["https:\/\/fizzyvape.eu\/es\/producto\/fizzy-twins-50000-puffs-doble-sabor\/"]}]},{"@type":"ImageObject","inLanguage":"es","@id":"https:\/\/fizzyvape.eu\/es\/producto\/fizzy-twins-50000-puffs-doble-sabor\/#primaryimage","url":"https:\/\/fizzyvape.eu\/wp-content\/uploads\/2025\/04\/Fizzy-Twins-50000Puffs-34.webp","contentUrl":"https:\/\/fizzyvape.eu\/wp-content\/uploads\/2025\/04\/Fizzy-Twins-50000Puffs-34.webp","width":800,"height":800,"caption":"Fizzy Twins 50000 Puffs Vape Desechable"},{"@type":"BreadcrumbList","@id":"https:\/\/fizzyvape.eu\/es\/producto\/fizzy-twins-50000-puffs-doble-sabor\/#breadcrumb","itemListElement":[{"@type":"ListItem","position":1,"name":"Home","item":"https:\/\/fizzyvape.eu\/es\/"},{"@type":"ListItem","position":2,"name":"Tienda","item":"https:\/\/www.fizzyvape.eu\/es\/tienda\/"},{"@type":"ListItem","position":3,"name":"Fizzy Twins 50000 Puffs Doble Sabor"}]},{"@type":"WebSite","@id":"https:\/\/www.fizzyvape.eu\/es\/#website","url":"https:\/\/www.fizzyvape.eu\/es\/","name":"fizzyvape.eu","description":"Refreshing Vapes. Unforgettable Taste.","publisher":{"@id":"https:\/\/www.fizzyvape.eu\/es\/#organization"},"potentialAction":[{"@type":"SearchAction","target":{"@type":"EntryPoint","urlTemplate":"https:\/\/www.fizzyvape.eu\/es\/?s={search_term_string}"},"query-input":{"@type":"PropertyValueSpecification","valueRequired":true,"valueName":"search_term_string"}}],"inLanguage":"es"},{"@type":"Organization","@id":"https:\/\/www.fizzyvape.eu\/es\/#organization","name":"fizzyvape.eu","url":"https:\/\/www.fizzyvape.eu\/es\/","logo":{"@type":"ImageObject","inLanguage":"es","@id":"https:\/\/www.fizzyvape.eu\/es\/#\/schema\/logo\/image\/","url":"https:\/\/fizzyvape.eu\/wp-content\/uploads\/2019\/06\/print-1.svg","contentUrl":"https:\/\/fizzyvape.eu\/wp-content\/uploads\/2019\/06\/print-1.svg","width":124,"height":37,"caption":"fizzyvape.eu"},"image":{"@id":"https:\/\/www.fizzyvape.eu\/es\/#\/schema\/logo\/image\/"}}]},"og_availability":"out of stock","product_availability":"out of stock","product_condition":"new"},"tiered_pricing_type":"fixed","tiered_pricing_fixed_rules":[],"tiered_pricing_product_settings":{"layout":"default","base_unit_name":{"singular":null,"plural":null},"default_variation":null},"tiered_pricing_minimum_quantity":null,"tiered_pricing_roles_data":[],"tiered_pricing_percentage_rules":[],"tiered_pricing_maximum_quantity":null,"tiered_pricing_quantity_step":null,"_links":{"self":[{"href":"https:\/\/fizzyvape.eu\/es\/wp-json\/wp\/v2\/product\/36545","targetHints":{"allow":["GET"]}}],"collection":[{"href":"https:\/\/fizzyvape.eu\/es\/wp-json\/wp\/v2\/product"}],"about":[{"href":"https:\/\/fizzyvape.eu\/es\/wp-json\/wp\/v2\/types\/product"}],"replies":[{"embeddable":true,"href":"https:\/\/fizzyvape.eu\/es\/wp-json\/wp\/v2\/comments?post=36545"}],"version-history":[{"count":2,"href":"https:\/\/fizzyvape.eu\/es\/wp-json\/wp\/v2\/product\/36545\/revisions"}],"predecessor-version":[{"id":37749,"href":"https:\/\/fizzyvape.eu\/es\/wp-json\/wp\/v2\/product\/36545\/revisions\/37749"}],"wp:featuredmedia":[{"embeddable":true,"href":"https:\/\/fizzyvape.eu\/es\/wp-json\/wp\/v2\/media\/29446"}],"wp:attachment":[{"href":"https:\/\/fizzyvape.eu\/es\/wp-json\/wp\/v2\/media?parent=36545"}],"wp:term":[{"taxonomy":"product_brand","embeddable":true,"href":"https:\/\/fizzyvape.eu\/es\/wp-json\/wp\/v2\/product_brand?post=36545"},{"taxonomy":"product_cat","embeddable":true,"href":"https:\/\/fizzyvape.eu\/es\/wp-json\/wp\/v2\/product_cat?post=36545"},{"taxonomy":"product_tag","embeddable":true,"href":"https:\/\/fizzyvape.eu\/es\/wp-json\/wp\/v2\/product_tag?post=36545"}],"curies":[{"name":"wp","href":"https:\/\/api.w.org\/{rel}","templated":true}]}}