{"id":36945,"date":"2025-11-24T15:39:49","date_gmt":"2025-11-24T07:39:49","guid":{"rendered":"https:\/\/fizzyvape.eu\/product\/fizzy-max-iii-6en1-60000-puffs\/"},"modified":"2025-12-04T15:23:57","modified_gmt":"2025-12-04T07:23:57","slug":"fizzy-max-iii-6en1-60000-puffs","status":"publish","type":"product","link":"https:\/\/fizzyvape.eu\/es\/producto\/fizzy-max-iii-6en1-60000-puffs\/","title":{"rendered":"Fizzy Max III 6en1 60000 Puffs"},"content":{"rendered":"<div style=\"width: 853px;\" class=\"wp-video\"><!--[if lt IE 9]><script>document.createElement('video');<\/script><![endif]-->\n<video class=\"wp-video-shortcode\" id=\"video-36945-1\" width=\"853\" height=\"480\" preload=\"metadata\" controls=\"controls\"><source type=\"video\/mp4\" src=\"https:\/\/fizzyvape.eu\/wp-content\/uploads\/2025\/08\/fizzy-max-iii-60000-puff-disposable-vape-wholesal-trusted-pro-disposable-vape-supplier.mp4?_=1\" \/><a href=\"https:\/\/fizzyvape.eu\/wp-content\/uploads\/2025\/08\/fizzy-max-iii-60000-puff-disposable-vape-wholesal-trusted-pro-disposable-vape-supplier.mp4\">https:\/\/fizzyvape.eu\/wp-content\/uploads\/2025\/08\/fizzy-max-iii-60000-puff-disposable-vape-wholesal-trusted-pro-disposable-vape-supplier.mp4<\/a><\/video><\/div>\n<h1>Fizzy Max III 6en1 60000 Puffs &#8211; 6 Sabores en 1 Vape Desechable Inteligente<\/h1>\n<p>El <strong>Fizzy Max 60000 Puffs (Fizzy Max 60K)<\/strong> es un vapeador desechable de nueva generaci\u00f3n dise\u00f1ado para usuarios que desean <strong>la m\u00e1xima variedad de sabores, una enorme capacidad de caladas y un rendimiento de primera<\/strong>.<br \/>\nSu caracter\u00edstico <strong>sistema de rotaci\u00f3n de sabores 6 en 1<\/strong> te permite cambiar entre seis sabores diferentes en un solo dispositivo, proporcionando una experiencia fresca cada vez que vaporizas.<\/p>\n<p>Con una <strong>bater\u00eda recargable de tipo C<\/strong>, una <strong>pantalla LED inteligente<\/strong> y <strong>una avanzada tecnolog\u00eda de bobina de malla<\/strong>, el Fizzy Max 60000 Puffs ofrece una calidad de vapor excepcional, una larga durabilidad y la m\u00e1xima comodidad, perfecto para usuarios intensivos y amantes del sabor.<\/p>\n<h2><strong>\u2728 Caracter\u00edsticas principales<\/strong><\/h2>\n<h4><strong>\ud83d\udd39 6 sabores en 1 aparato<\/strong><\/h4>\n<p>El selector giratorio de sabores te permite disfrutar de seis sabores \u00fanicos al instante.<br \/>\nUn dispositivo = seis vapes desechables.<\/p>\n<h4><strong>\ud83d\udd39 60.000 Puffs masivos<\/strong><\/h4>\n<p>Longevidad excepcional que dura semanas o incluso meses, seg\u00fan el uso.<br \/>\nUno de los vaporizadores desechables de mayor capacidad del mercado.<\/p>\n<h4><strong>\ud83d\udd39 Dise\u00f1o recargable de tipo C<\/strong><\/h4>\n<p>Carga y sigue vapeando, sin necesidad de sustituir el dispositivo antes de tiempo.<\/p>\n<h4><strong>\ud83d\udd39 Pantalla LED inteligente<\/strong><\/h4>\n<p>Espect\u00e1culos:<\/p>\n<ul>\n<li>Nivel de bater\u00eda (%)<\/li>\n<li>Indicador de nivel de e-l\u00edquido<\/li>\n<\/ul>\n<p>Disfruta de un control total y cero conjeturas.<\/p>\n<h4><strong>\ud83d\udd39 Tecnolog\u00eda de bobina de malla<\/strong><\/h4>\n<p>Proporciona un vapor suave, un rendimiento constante y un rico suministro de sabor.<\/p>\n<p><img decoding=\"async\" class=\"alignnone wp-image-36206 size-full\" src=\"https:\/\/fizzyvape.eu\/wp-content\/uploads\/2025\/08\/Fizzy-Max-III-6in1-60000-Puffs-Disposable-Vape-Flavors.jpg\" alt=\"Fizzy Max III 6en1 60000 bocanadas Vape sabores desechables\" width=\"1920\" height=\"1920\" srcset=\"https:\/\/fizzyvape.eu\/wp-content\/uploads\/2025\/08\/Fizzy-Max-III-6in1-60000-Puffs-Disposable-Vape-Flavors.jpg 1920w, https:\/\/fizzyvape.eu\/wp-content\/uploads\/2025\/08\/Fizzy-Max-III-6in1-60000-Puffs-Disposable-Vape-Flavors-300x300.jpg 300w, https:\/\/fizzyvape.eu\/wp-content\/uploads\/2025\/08\/Fizzy-Max-III-6in1-60000-Puffs-Disposable-Vape-Flavors-800x800.jpg 800w, https:\/\/fizzyvape.eu\/wp-content\/uploads\/2025\/08\/Fizzy-Max-III-6in1-60000-Puffs-Disposable-Vape-Flavors-150x150.jpg 150w, https:\/\/fizzyvape.eu\/wp-content\/uploads\/2025\/08\/Fizzy-Max-III-6in1-60000-Puffs-Disposable-Vape-Flavors-768x768.jpg 768w, https:\/\/fizzyvape.eu\/wp-content\/uploads\/2025\/08\/Fizzy-Max-III-6in1-60000-Puffs-Disposable-Vape-Flavors-1536x1536.jpg 1536w, https:\/\/fizzyvape.eu\/wp-content\/uploads\/2025\/08\/Fizzy-Max-III-6in1-60000-Puffs-Disposable-Vape-Flavors-430x430.jpg 430w, https:\/\/fizzyvape.eu\/wp-content\/uploads\/2025\/08\/Fizzy-Max-III-6in1-60000-Puffs-Disposable-Vape-Flavors-700x700.jpg 700w\" sizes=\"(max-width: 1920px) 100vw, 1920px\" \/><\/p>\n<h3><strong>Lista de sabores Fizzy Max III 6en1 60K Puffs Vape Desechables:<\/strong><\/h3>\n<ol>\n<li><a href=\"https:\/\/fizzyvape.eu\/es\/producto\/fizzy-max-iii-6en1-60k-60000-puffs-vape-desechable-recargable-fresa-frambuesa-mango-melocoton-arandano-sandia-10pcs\/\">Fresa Frambuesa y Mango Melocot\u00f3n y Ar\u00e1ndanos Sand\u00eda<\/a><\/li>\n<li><a href=\"https:\/\/fizzyvape.eu\/es\/producto\/vapeador-desechable-recargable-fizzy-max-iii-6en1-60k-60000-puffs-mixed-berry-kiwi-passion-fruit-guava-strawberry-watermelon-10pcs\/\">Mezcla de bayas y kiwi Fruta de la pasi\u00f3n Guayaba y fresa Sand\u00eda<\/a><\/li>\n<li><a href=\"https:\/\/fizzyvape.eu\/es\/producto\/vapeador-desechable-recargable-fizzy-max-iii-6en1-60k-60000-puffs-arandano-frambuesa-triple-melon-fresa-helada-10pcs\/\">Ar\u00e1ndano Frambuesa y Triple Helado de Mel\u00f3n y Fresa<\/a><\/li>\n<li><a href=\"https:\/\/fizzyvape.eu\/es\/producto\/vapeador-desechable-recargable-fizzy-max-iii-6en1-60k-60000-puffs-fruta-del-dragon-fresa-red-bull-sandia-frambuesa-10pcs\/\">Fruta del Drag\u00f3n Fresa &amp; Red Bull &amp; Sand\u00eda Frambuesa<\/a><\/li>\n<li><a href=\"https:\/\/fizzyvape.eu\/es\/producto\/fizzy-max-iii-6en1-60k-60000-puffs-vape-desechable-recargable-fresa-kiwi-arandano-hielo-sandia-hielo-10pcs\/\">Hielo de fresa, kiwi, ar\u00e1ndanos y sand\u00eda<\/a><\/li>\n<li><a href=\"https:\/\/fizzyvape.eu\/es\/producto\/vapeador-desechable-recargable-fizzy-max-iii-6en1-60k-60000-puffs-blueberry-ice-fizzy-cherry-raspberry-lemon-10pcs\/\">Hielo de Ar\u00e1ndano y Cereza efervescente y Frambuesa Lim\u00f3n<\/a><\/li>\n<li><a href=\"https:\/\/fizzyvape.eu\/es\/producto\/fizzy-max-iii-6en1-60k-60000-puffs-vape-desechable-recargable-sandia-hielo-y-fresa-vainilla-coca-cola-y-mezcla-de-bayas-10pcs\/\">Sand\u00eda Helada y Fresa Vainilla Coca-Cola y Mixta<\/a><\/li>\n<li><a href=\"https:\/\/fizzyvape.eu\/es\/producto\/fizzy-max-iii-6en1-60k-60000-puffs-vape-desechable-recargable-fresa-uva-arandano-coco-melocoton-limon-10pcs\/\">Fresa Uva y Ar\u00e1ndano Coco y Melocot\u00f3n Lim\u00f3n<\/a><\/li>\n<li><a href=\"https:\/\/fizzyvape.eu\/es\/producto\/vapeador-desechable-recargable-fizzy-max-iii-6en1-60k-60000-puffs-hielo-razz-azul-kiwi-fresa-naranja-pina-agria-10pcs\/\">Blue Razz Hielo y Fresa Kiwi y Pi\u00f1a Agria Naranja<\/a><\/li>\n<li><a href=\"https:\/\/fizzyvape.eu\/es\/producto\/fizzy-max-iii-6en1-60k-60000-puffs-vape-desechable-recargable-sandia-fresa-lima-limon-coco-arandano-10pcs\/\">Fresa Sand\u00eda &amp; Lim\u00f3n Lima &amp; Ar\u00e1ndanos Coco<\/a><\/li>\n<li>Love 66 &amp; Red Bull Sand\u00eda y Fresa Frambuesa<\/li>\n<li>Hielo de fresa &amp; Cola efervescente &amp; Chicle de sand\u00eda<\/li>\n<\/ol>\n<h2><strong>\ud83d\udca1 \u00bfPor qu\u00e9 elegir Fizzy Max 60000 Puffs?<\/strong><\/h2>\n<ul>\n<li>6 sabores en un solo aparato: comodidad inigualable<\/li>\n<li>Gran capacidad de soplado para un uso prolongado<\/li>\n<li>La pantalla inteligente hace que vapear sea m\u00e1s intuitivo<\/li>\n<li>Dise\u00f1o premium con rendimiento de bobina de malla<\/li>\n<li>100% aut\u00e9ntico Fizzy Vape, enviado desde el almac\u00e9n de China<\/li>\n<\/ul>\n<p>Perfecto para usuarios de larga duraci\u00f3n, exploradores de sabores y cualquiera que desee un potente y c\u00f3modo dispositivo todo en uno.<\/p>\n<h2><strong>\ud83d\ude4b\u200d\u2642\ufe0f Preguntas frecuentes<\/strong><\/h2>\n<p><strong>P: \u00bfCu\u00e1nto dura el Fizzy Max 60000 Puffs?<\/strong><br \/>\nR: Proporciona hasta 60.000 caladas y puede durar semanas o meses, dependiendo de tu frecuencia de vapeo.<\/p>\n<p><strong>P: \u00bfEs recargable?<\/strong><br \/>\nR: S\u00ed, incorpora un puerto de carga Tipo-C para un uso prolongado.<\/p>\n<p><strong>P: \u00bfMuestra los niveles de bater\u00eda y e-l\u00edquido?<\/strong><br \/>\nR: S\u00ed, la pantalla LED inteligente muestra tanto el porcentaje de bater\u00eda como el estado del e-l\u00edquido.<\/p>\n<p><strong>P: \u00bfSon aut\u00e9nticos?<\/strong><br \/>\nR: Por supuesto. S\u00f3lo vendemos productos Fizzy Vape 100% aut\u00e9nticos enviados desde nuestro almac\u00e9n de China.<\/p>\n","protected":false},"excerpt":{"rendered":"[html_block id=\"37685\"]\n","protected":false},"featured_media":32583,"comment_status":"open","ping_status":"closed","template":"","meta":{"iawp_total_views":138},"product_brand":[],"product_cat":[736,960],"product_tag":[],"class_list":{"0":"post-36945","1":"product","2":"type-product","3":"status-publish","4":"has-post-thumbnail","6":"product_cat-almacen-de-china","7":"product_cat-hot-selling-vape-es","9":"first","10":"outofstock","11":"shipping-taxable","12":"purchasable","13":"product-type-variable"},"yoast_head":"<!-- This site is optimized with the Yoast SEO Premium plugin v24.8 (Yoast SEO v27.4) - https:\/\/yoast.com\/product\/yoast-seo-premium-wordpress\/ -->\n<title>Fizzy Max III 60k 60000 Puffs - 6 Sabores en 1 Vapeador Desechable Inteligente<\/title>\n<meta name=\"description\" content=\"Descubre el Fizzy Max III 60k 60000 Puffs con 6 sabores en 1 dispositivo, pantalla LED inteligente, bobina de malla y recarga Type-C. 100% aut\u00e9ntico. Env\u00edo r\u00e1pido a la UE.\" \/>\n<meta name=\"robots\" content=\"index, follow, max-snippet:-1, max-image-preview:large, max-video-preview:-1\" \/>\n<link rel=\"canonical\" href=\"https:\/\/fizzyvape.eu\/es\/producto\/fizzy-max-iii-6en1-60000-puffs\/\" \/>\n<meta property=\"og:locale\" content=\"es_ES\" \/>\n<meta property=\"og:type\" content=\"article\" \/>\n<meta property=\"og:title\" content=\"Fizzy Max III 6en1 60000 Puffs\" \/>\n<meta property=\"og:description\" content=\"Descubre el Fizzy Max III 60k 60000 Puffs con 6 sabores en 1 dispositivo, pantalla LED inteligente, bobina de malla y recarga Type-C. 100% aut\u00e9ntico. Env\u00edo r\u00e1pido a la UE.\" \/>\n<meta property=\"og:url\" content=\"https:\/\/fizzyvape.eu\/es\/producto\/fizzy-max-iii-6en1-60000-puffs\/\" \/>\n<meta property=\"og:site_name\" content=\"fizzyvape.eu\" \/>\n<meta property=\"article:modified_time\" content=\"2025-12-04T07:23:57+00:00\" \/>\n<meta property=\"og:image\" content=\"https:\/\/fizzyvape.eu\/wp-content\/uploads\/2025\/06\/Fizzy-Max-III-6in1-60K-60000-Puffs-7-1.webp\" \/>\n\t<meta property=\"og:image:width\" content=\"800\" \/>\n\t<meta property=\"og:image:height\" content=\"800\" \/>\n\t<meta property=\"og:image:type\" content=\"image\/webp\" \/>\n<meta name=\"twitter:card\" content=\"summary_large_image\" \/>\n<meta name=\"twitter:label1\" content=\"Disponibilidad\" \/>\n\t<meta name=\"twitter:data1\" content=\"Sin existencias\" \/>\n<script type=\"application\/ld+json\" class=\"yoast-schema-graph\">{\"@context\":\"https:\\\/\\\/schema.org\",\"@graph\":[{\"@type\":\"WebPage\",\"@id\":\"https:\\\/\\\/fizzyvape.eu\\\/es\\\/producto\\\/fizzy-max-iii-6en1-60000-puffs\\\/\",\"url\":\"https:\\\/\\\/fizzyvape.eu\\\/es\\\/producto\\\/fizzy-max-iii-6en1-60000-puffs\\\/\",\"name\":\"Fizzy Max III 60k 60000 Puffs - 6 Sabores en 1 Vapeador Desechable Inteligente\",\"isPartOf\":{\"@id\":\"https:\\\/\\\/www.fizzyvape.eu\\\/es\\\/#website\"},\"primaryImageOfPage\":{\"@id\":\"https:\\\/\\\/fizzyvape.eu\\\/es\\\/producto\\\/fizzy-max-iii-6en1-60000-puffs\\\/#primaryimage\"},\"image\":{\"@id\":\"https:\\\/\\\/fizzyvape.eu\\\/es\\\/producto\\\/fizzy-max-iii-6en1-60000-puffs\\\/#primaryimage\"},\"thumbnailUrl\":\"https:\\\/\\\/fizzyvape.eu\\\/wp-content\\\/uploads\\\/2025\\\/06\\\/Fizzy-Max-III-6in1-60K-60000-Puffs-7-1.webp\",\"datePublished\":\"2025-11-24T07:39:49+00:00\",\"dateModified\":\"2025-12-04T07:23:57+00:00\",\"description\":\"Descubre el Fizzy Max III 60k 60000 Puffs con 6 sabores en 1 dispositivo, pantalla LED inteligente, bobina de malla y recarga Type-C. 100% aut\u00e9ntico. Env\u00edo r\u00e1pido a la UE.\",\"breadcrumb\":{\"@id\":\"https:\\\/\\\/fizzyvape.eu\\\/es\\\/producto\\\/fizzy-max-iii-6en1-60000-puffs\\\/#breadcrumb\"},\"inLanguage\":\"es\",\"potentialAction\":[{\"@type\":\"ReadAction\",\"target\":[\"https:\\\/\\\/fizzyvape.eu\\\/es\\\/producto\\\/fizzy-max-iii-6en1-60000-puffs\\\/\"]}]},{\"@type\":\"ImageObject\",\"inLanguage\":\"es\",\"@id\":\"https:\\\/\\\/fizzyvape.eu\\\/es\\\/producto\\\/fizzy-max-iii-6en1-60000-puffs\\\/#primaryimage\",\"url\":\"https:\\\/\\\/fizzyvape.eu\\\/wp-content\\\/uploads\\\/2025\\\/06\\\/Fizzy-Max-III-6in1-60K-60000-Puffs-7-1.webp\",\"contentUrl\":\"https:\\\/\\\/fizzyvape.eu\\\/wp-content\\\/uploads\\\/2025\\\/06\\\/Fizzy-Max-III-6in1-60K-60000-Puffs-7-1.webp\",\"width\":800,\"height\":800,\"caption\":\"Fizzy Max III 6en1 60K 60000 Puffs-7-1\"},{\"@type\":\"BreadcrumbList\",\"@id\":\"https:\\\/\\\/fizzyvape.eu\\\/es\\\/producto\\\/fizzy-max-iii-6en1-60000-puffs\\\/#breadcrumb\",\"itemListElement\":[{\"@type\":\"ListItem\",\"position\":1,\"name\":\"Home\",\"item\":\"https:\\\/\\\/fizzyvape.eu\\\/es\\\/\"},{\"@type\":\"ListItem\",\"position\":2,\"name\":\"Tienda\",\"item\":\"https:\\\/\\\/www.fizzyvape.eu\\\/es\\\/tienda\\\/\"},{\"@type\":\"ListItem\",\"position\":3,\"name\":\"Fizzy Max III 6en1 60000 Puffs\"}]},{\"@type\":\"WebSite\",\"@id\":\"https:\\\/\\\/www.fizzyvape.eu\\\/es\\\/#website\",\"url\":\"https:\\\/\\\/www.fizzyvape.eu\\\/es\\\/\",\"name\":\"fizzyvape.eu\",\"description\":\"Refreshing Vapes. Unforgettable Taste.\",\"publisher\":{\"@id\":\"https:\\\/\\\/www.fizzyvape.eu\\\/es\\\/#organization\"},\"potentialAction\":[{\"@type\":\"SearchAction\",\"target\":{\"@type\":\"EntryPoint\",\"urlTemplate\":\"https:\\\/\\\/www.fizzyvape.eu\\\/es\\\/?s={search_term_string}\"},\"query-input\":{\"@type\":\"PropertyValueSpecification\",\"valueRequired\":true,\"valueName\":\"search_term_string\"}}],\"inLanguage\":\"es\"},{\"@type\":\"Organization\",\"@id\":\"https:\\\/\\\/www.fizzyvape.eu\\\/es\\\/#organization\",\"name\":\"fizzyvape.eu\",\"url\":\"https:\\\/\\\/www.fizzyvape.eu\\\/es\\\/\",\"logo\":{\"@type\":\"ImageObject\",\"inLanguage\":\"es\",\"@id\":\"https:\\\/\\\/www.fizzyvape.eu\\\/es\\\/#\\\/schema\\\/logo\\\/image\\\/\",\"url\":\"https:\\\/\\\/fizzyvape.eu\\\/wp-content\\\/uploads\\\/2019\\\/06\\\/print-1.svg\",\"contentUrl\":\"https:\\\/\\\/fizzyvape.eu\\\/wp-content\\\/uploads\\\/2019\\\/06\\\/print-1.svg\",\"width\":124,\"height\":37,\"caption\":\"fizzyvape.eu\"},\"image\":{\"@id\":\"https:\\\/\\\/www.fizzyvape.eu\\\/es\\\/#\\\/schema\\\/logo\\\/image\\\/\"}}]}<\/script>\n<meta property=\"og:availability\" content=\"out of stock\" \/>\n<meta property=\"product:availability\" content=\"out of stock\" \/>\n<meta property=\"product:condition\" content=\"new\" \/>\n<!-- \/ Yoast SEO Premium plugin. -->","yoast_head_json":{"title":"Fizzy Max III 60k 60000 Puffs - 6 Sabores en 1 Vapeador Desechable Inteligente","description":"Descubre el Fizzy Max III 60k 60000 Puffs con 6 sabores en 1 dispositivo, pantalla LED inteligente, bobina de malla y recarga Type-C. 100% aut\u00e9ntico. Env\u00edo r\u00e1pido a la UE.","robots":{"index":"index","follow":"follow","max-snippet":"max-snippet:-1","max-image-preview":"max-image-preview:large","max-video-preview":"max-video-preview:-1"},"canonical":"https:\/\/fizzyvape.eu\/es\/producto\/fizzy-max-iii-6en1-60000-puffs\/","og_locale":"es_ES","og_type":"article","og_title":"Fizzy Max III 6en1 60000 Puffs","og_description":"Descubre el Fizzy Max III 60k 60000 Puffs con 6 sabores en 1 dispositivo, pantalla LED inteligente, bobina de malla y recarga Type-C. 100% aut\u00e9ntico. Env\u00edo r\u00e1pido a la UE.","og_url":"https:\/\/fizzyvape.eu\/es\/producto\/fizzy-max-iii-6en1-60000-puffs\/","og_site_name":"fizzyvape.eu","article_modified_time":"2025-12-04T07:23:57+00:00","og_image":[{"width":800,"height":800,"url":"https:\/\/fizzyvape.eu\/wp-content\/uploads\/2025\/06\/Fizzy-Max-III-6in1-60K-60000-Puffs-7-1.webp","type":"image\/webp"}],"twitter_card":"summary_large_image","twitter_misc":{"Disponibilidad":"Sin existencias"},"schema":{"@context":"https:\/\/schema.org","@graph":[{"@type":"WebPage","@id":"https:\/\/fizzyvape.eu\/es\/producto\/fizzy-max-iii-6en1-60000-puffs\/","url":"https:\/\/fizzyvape.eu\/es\/producto\/fizzy-max-iii-6en1-60000-puffs\/","name":"Fizzy Max III 60k 60000 Puffs - 6 Sabores en 1 Vapeador Desechable Inteligente","isPartOf":{"@id":"https:\/\/www.fizzyvape.eu\/es\/#website"},"primaryImageOfPage":{"@id":"https:\/\/fizzyvape.eu\/es\/producto\/fizzy-max-iii-6en1-60000-puffs\/#primaryimage"},"image":{"@id":"https:\/\/fizzyvape.eu\/es\/producto\/fizzy-max-iii-6en1-60000-puffs\/#primaryimage"},"thumbnailUrl":"https:\/\/fizzyvape.eu\/wp-content\/uploads\/2025\/06\/Fizzy-Max-III-6in1-60K-60000-Puffs-7-1.webp","datePublished":"2025-11-24T07:39:49+00:00","dateModified":"2025-12-04T07:23:57+00:00","description":"Descubre el Fizzy Max III 60k 60000 Puffs con 6 sabores en 1 dispositivo, pantalla LED inteligente, bobina de malla y recarga Type-C. 100% aut\u00e9ntico. Env\u00edo r\u00e1pido a la UE.","breadcrumb":{"@id":"https:\/\/fizzyvape.eu\/es\/producto\/fizzy-max-iii-6en1-60000-puffs\/#breadcrumb"},"inLanguage":"es","potentialAction":[{"@type":"ReadAction","target":["https:\/\/fizzyvape.eu\/es\/producto\/fizzy-max-iii-6en1-60000-puffs\/"]}]},{"@type":"ImageObject","inLanguage":"es","@id":"https:\/\/fizzyvape.eu\/es\/producto\/fizzy-max-iii-6en1-60000-puffs\/#primaryimage","url":"https:\/\/fizzyvape.eu\/wp-content\/uploads\/2025\/06\/Fizzy-Max-III-6in1-60K-60000-Puffs-7-1.webp","contentUrl":"https:\/\/fizzyvape.eu\/wp-content\/uploads\/2025\/06\/Fizzy-Max-III-6in1-60K-60000-Puffs-7-1.webp","width":800,"height":800,"caption":"Fizzy Max III 6en1 60K 60000 Puffs-7-1"},{"@type":"BreadcrumbList","@id":"https:\/\/fizzyvape.eu\/es\/producto\/fizzy-max-iii-6en1-60000-puffs\/#breadcrumb","itemListElement":[{"@type":"ListItem","position":1,"name":"Home","item":"https:\/\/fizzyvape.eu\/es\/"},{"@type":"ListItem","position":2,"name":"Tienda","item":"https:\/\/www.fizzyvape.eu\/es\/tienda\/"},{"@type":"ListItem","position":3,"name":"Fizzy Max III 6en1 60000 Puffs"}]},{"@type":"WebSite","@id":"https:\/\/www.fizzyvape.eu\/es\/#website","url":"https:\/\/www.fizzyvape.eu\/es\/","name":"fizzyvape.eu","description":"Refreshing Vapes. Unforgettable Taste.","publisher":{"@id":"https:\/\/www.fizzyvape.eu\/es\/#organization"},"potentialAction":[{"@type":"SearchAction","target":{"@type":"EntryPoint","urlTemplate":"https:\/\/www.fizzyvape.eu\/es\/?s={search_term_string}"},"query-input":{"@type":"PropertyValueSpecification","valueRequired":true,"valueName":"search_term_string"}}],"inLanguage":"es"},{"@type":"Organization","@id":"https:\/\/www.fizzyvape.eu\/es\/#organization","name":"fizzyvape.eu","url":"https:\/\/www.fizzyvape.eu\/es\/","logo":{"@type":"ImageObject","inLanguage":"es","@id":"https:\/\/www.fizzyvape.eu\/es\/#\/schema\/logo\/image\/","url":"https:\/\/fizzyvape.eu\/wp-content\/uploads\/2019\/06\/print-1.svg","contentUrl":"https:\/\/fizzyvape.eu\/wp-content\/uploads\/2019\/06\/print-1.svg","width":124,"height":37,"caption":"fizzyvape.eu"},"image":{"@id":"https:\/\/www.fizzyvape.eu\/es\/#\/schema\/logo\/image\/"}}]},"og_availability":"out of stock","product_availability":"out of stock","product_condition":"new"},"tiered_pricing_type":"fixed","tiered_pricing_fixed_rules":[],"tiered_pricing_product_settings":{"layout":"default","base_unit_name":{"singular":null,"plural":null},"default_variation":null},"tiered_pricing_minimum_quantity":null,"tiered_pricing_roles_data":[],"tiered_pricing_percentage_rules":[],"tiered_pricing_maximum_quantity":null,"tiered_pricing_quantity_step":null,"_links":{"self":[{"href":"https:\/\/fizzyvape.eu\/es\/wp-json\/wp\/v2\/product\/36945","targetHints":{"allow":["GET"]}}],"collection":[{"href":"https:\/\/fizzyvape.eu\/es\/wp-json\/wp\/v2\/product"}],"about":[{"href":"https:\/\/fizzyvape.eu\/es\/wp-json\/wp\/v2\/types\/product"}],"replies":[{"embeddable":true,"href":"https:\/\/fizzyvape.eu\/es\/wp-json\/wp\/v2\/comments?post=36945"}],"version-history":[{"count":1,"href":"https:\/\/fizzyvape.eu\/es\/wp-json\/wp\/v2\/product\/36945\/revisions"}],"predecessor-version":[{"id":37741,"href":"https:\/\/fizzyvape.eu\/es\/wp-json\/wp\/v2\/product\/36945\/revisions\/37741"}],"wp:featuredmedia":[{"embeddable":true,"href":"https:\/\/fizzyvape.eu\/es\/wp-json\/wp\/v2\/media\/32583"}],"wp:attachment":[{"href":"https:\/\/fizzyvape.eu\/es\/wp-json\/wp\/v2\/media?parent=36945"}],"wp:term":[{"taxonomy":"product_brand","embeddable":true,"href":"https:\/\/fizzyvape.eu\/es\/wp-json\/wp\/v2\/product_brand?post=36945"},{"taxonomy":"product_cat","embeddable":true,"href":"https:\/\/fizzyvape.eu\/es\/wp-json\/wp\/v2\/product_cat?post=36945"},{"taxonomy":"product_tag","embeddable":true,"href":"https:\/\/fizzyvape.eu\/es\/wp-json\/wp\/v2\/product_tag?post=36945"}],"curies":[{"name":"wp","href":"https:\/\/api.w.org\/{rel}","templated":true}]}}