{"id":39001,"date":"2026-01-19T17:52:51","date_gmt":"2026-01-19T09:52:51","guid":{"rendered":"https:\/\/fizzyvape.eu\/product\/150k-puffs-red-bull-y-fresa-kiwi-granada-y-arandanos-hielo-y-pina-coco\/"},"modified":"2026-01-19T17:52:51","modified_gmt":"2026-01-19T09:52:51","slug":"150k-puffs-red-bull-y-fresa-kiwi-granada-y-arandanos-hielo-y-pina-coco","status":"publish","type":"product","link":"https:\/\/fizzyvape.eu\/es\/producto\/150k-puffs-red-bull-y-fresa-kiwi-granada-y-arandanos-hielo-y-pina-coco\/","title":{"rendered":"150K Puffs &#8211; Red Bull y Fresa Kiwi Granada y Ar\u00e1ndanos Hielo y Pi\u00f1a Coco"},"content":{"rendered":"<p><img decoding=\"async\" class=\"wp-image-38824 size-large\" src=\"https:\/\/fizzyvape.eu\/wp-content\/uploads\/2026\/01\/Fizzy-15-in-1-150K-Puffs-Rechargeable-Disposable-Vape-Flavors-3-1-800x800.jpg\" alt=\"Fizzy 15 en 1 150K Puffs Recargables Desechables Vape Sabores 3\" width=\"800\" height=\"800\" srcset=\"https:\/\/fizzyvape.eu\/wp-content\/uploads\/2026\/01\/Fizzy-15-in-1-150K-Puffs-Rechargeable-Disposable-Vape-Flavors-3-1-800x800.jpg 800w, https:\/\/fizzyvape.eu\/wp-content\/uploads\/2026\/01\/Fizzy-15-in-1-150K-Puffs-Rechargeable-Disposable-Vape-Flavors-3-1-300x300.jpg 300w, https:\/\/fizzyvape.eu\/wp-content\/uploads\/2026\/01\/Fizzy-15-in-1-150K-Puffs-Rechargeable-Disposable-Vape-Flavors-3-1-150x150.jpg 150w, https:\/\/fizzyvape.eu\/wp-content\/uploads\/2026\/01\/Fizzy-15-in-1-150K-Puffs-Rechargeable-Disposable-Vape-Flavors-3-1-768x768.jpg 768w, https:\/\/fizzyvape.eu\/wp-content\/uploads\/2026\/01\/Fizzy-15-in-1-150K-Puffs-Rechargeable-Disposable-Vape-Flavors-3-1-100x100.jpg 100w, https:\/\/fizzyvape.eu\/wp-content\/uploads\/2026\/01\/Fizzy-15-in-1-150K-Puffs-Rechargeable-Disposable-Vape-Flavors-3-1-200x200.jpg 200w, https:\/\/fizzyvape.eu\/wp-content\/uploads\/2026\/01\/Fizzy-15-in-1-150K-Puffs-Rechargeable-Disposable-Vape-Flavors-3-1-400x400.jpg 400w, https:\/\/fizzyvape.eu\/wp-content\/uploads\/2026\/01\/Fizzy-15-in-1-150K-Puffs-Rechargeable-Disposable-Vape-Flavors-3-1-500x500.jpg 500w, https:\/\/fizzyvape.eu\/wp-content\/uploads\/2026\/01\/Fizzy-15-in-1-150K-Puffs-Rechargeable-Disposable-Vape-Flavors-3-1-430x430.jpg 430w, https:\/\/fizzyvape.eu\/wp-content\/uploads\/2026\/01\/Fizzy-15-in-1-150K-Puffs-Rechargeable-Disposable-Vape-Flavors-3-1-700x700.jpg 700w, https:\/\/fizzyvape.eu\/wp-content\/uploads\/2026\/01\/Fizzy-15-in-1-150K-Puffs-Rechargeable-Disposable-Vape-Flavors-3-1.jpg 1000w\" sizes=\"(max-width: 800px) 100vw, 800px\" \/><\/p>\n<h2>Fizzy 150000 Puffs Vape Desechable &#8211; Red Bull &amp; Fresa Kiwi Granada &amp; Ar\u00e1ndano Hielo &amp; Pi\u00f1a Coco<\/h2>\n<p><b>\u26a1 150.000 Puffs. 15 Sabores. Un Dispositivo Legendario.  <\/b><\/p>\n<p>El <b>Fizzy 150000 Puffs<\/b> es el primer <b>Vapeador Inteligente Multisabor 15 en 1<\/b> del mundo, dise\u00f1ado para darte un control total sobre tu experiencia de vapeo. Con una enorme <b>capacidad de 80 ml de e-l\u00edquido<\/b> y un revolucionario <b>sistema de 4 c\u00e1psulas<\/b>, este dispositivo dura m\u00e1s que cualquier otro del mercado, a la vez que ofrece una variedad de sabores entre los que puedes cambiar al instante. <\/p>\n<h2><b>  La lista maestra de sabores de 4 c\u00e1psulas<\/b><\/h2>\n<p>Esta unidad espec\u00edfica Fizzy 150K presenta cuatro sabores ic\u00f3nicos. Vapealos individualmente, o utiliza la palanca inteligente para <b>mezclarlos en 15 sabores h\u00edbridos<\/b> diferentes: <\/p>\n<ul>\n<li><b>\u26a1 Red Bull:<\/b> Esa inconfundible y aguda patada de bebida energ\u00e9tica para encender tu d\u00eda.<\/li>\n<li><b>\ud83c\udf53 Fresa Kiwi Granada:<\/b> Una explosi\u00f3n dulce y \u00e1cida de superfrutas ex\u00f3ticas.<\/li>\n<li><b>\u2744\ufe0f Blueberry Ice:<\/b> Ar\u00e1ndanos de monta\u00f1a recogidos a mano con un final mentolado crujiente y refrescante.<\/li>\n<li><b>\ud83e\udd65 Pi\u00f1a y Coco:<\/b> Una cremosa escapada tropical ba\u00f1ada por el sol en cada calada.<\/li>\n<\/ul>\n<p><img decoding=\"async\" class=\"wp-image-38407 size-full\" src=\"https:\/\/fizzyvape.eu\/wp-content\/uploads\/2025\/12\/Fizzy-150K-Puffs-Disposable-Vape-5-scaled.jpg\" alt=\"Fizzy 150K Puffs Vape Desechable - 5\" width=\"1663\" height=\"2560\" srcset=\"https:\/\/fizzyvape.eu\/wp-content\/uploads\/2025\/12\/Fizzy-150K-Puffs-Disposable-Vape-5-scaled.jpg 1663w, https:\/\/fizzyvape.eu\/wp-content\/uploads\/2025\/12\/Fizzy-150K-Puffs-Disposable-Vape-5-195x300.jpg 195w, https:\/\/fizzyvape.eu\/wp-content\/uploads\/2025\/12\/Fizzy-150K-Puffs-Disposable-Vape-5-520x800.jpg 520w, https:\/\/fizzyvape.eu\/wp-content\/uploads\/2025\/12\/Fizzy-150K-Puffs-Disposable-Vape-5-768x1182.jpg 768w, https:\/\/fizzyvape.eu\/wp-content\/uploads\/2025\/12\/Fizzy-150K-Puffs-Disposable-Vape-5-998x1536.jpg 998w, https:\/\/fizzyvape.eu\/wp-content\/uploads\/2025\/12\/Fizzy-150K-Puffs-Disposable-Vape-5-1330x2048.jpg 1330w, https:\/\/fizzyvape.eu\/wp-content\/uploads\/2025\/12\/Fizzy-150K-Puffs-Disposable-Vape-5-430x662.jpg 430w, https:\/\/fizzyvape.eu\/wp-content\/uploads\/2025\/12\/Fizzy-150K-Puffs-Disposable-Vape-5-700x1078.jpg 700w, https:\/\/fizzyvape.eu\/wp-content\/uploads\/2025\/12\/Fizzy-150K-Puffs-Disposable-Vape-5-150x231.jpg 150w\" sizes=\"(max-width: 1663px) 100vw, 1663px\" \/><\/p>\n<h2><b>\ud83d\udce6 Especificaciones<\/b><\/h2>\n<table>\n<thead>\n<tr>\n<td><strong>Caracter\u00edstica<\/strong><\/td>\n<td><strong>Datos t\u00e9cnicos B2B<\/strong><\/td>\n<\/tr>\n<\/thead>\n<tbody>\n<tr>\n<td><b>Cantidad de Puffs<\/b><\/td>\n<td>Hasta 150.000 caladas<\/td>\n<\/tr>\n<tr>\n<td><b>Capacidad de E-l\u00edquido<\/b><\/td>\n<td><b>80 ml en total (20 ml x 4 c\u00e1psulas independientes)<\/b><\/td>\n<\/tr>\n<tr>\n<td><b>Bater\u00eda<\/b><\/td>\n<td>1000 mAh de cobalto puro (recargable tipo C)<\/td>\n<\/tr>\n<tr>\n<td><b>Modos de sabor<\/b><\/td>\n<td><b>15 Combinaciones Inteligentes (A\/B\/C\/D + H\u00edbridos)<\/b><\/td>\n<\/tr>\n<tr>\n<td><b>Sistema de espiral<\/b><\/td>\n<td>Quad-Mesh 1.0\u03a9 (suministro de alta consistencia)<\/td>\n<\/tr>\n<tr>\n<td><b>Embalaje<\/b><\/td>\n<td>Cajas expositoras listas para la venta<\/td>\n<\/tr>\n<\/tbody>\n<\/table>\n<h2><b>\ud83c\udfa8Fizzy<\/b>15-en-1 150K Puffs Recargable <strong>Vape Desechable Lista de Sabores:<\/strong><\/h2>\n<ol>\n<li><a href=\"https:\/\/fizzyvape.eu\/es\/producto\/150k-puffs-hielo-de-sandia-red-bull-frambuesa-fresa-triple-hielo-de-melon\/\">hielo de sand\u00eda &amp; toro rojo &amp; frambuesa fresa &amp; triple hielo de mel\u00f3n<\/a><\/li>\n<li><a href=\"https:\/\/fizzyvape.eu\/es\/producto\/150k-puffs-fresa-helada-y-kiwi-fruta-de-la-pasion-guayaba-y-melocoton-mango-sandia-y-uva-burst\/\">fresa hielo &amp; kiwi fruta de la pasi\u00f3n guayaba &amp; melocot\u00f3n mango sand\u00eda &amp; uva burst<\/a><\/li>\n<li><a href=\"https:\/\/fizzyvape.eu\/es\/producto\/150k-puffs-red-bull-y-fresa-kiwi-granada-y-arandanos-hielo-y-pina-coco\/\">red bull &amp; fresa kiwi granada &amp; ar\u00e1ndano hielo &amp; pi\u00f1a coco<\/a><\/li>\n<li><a href=\"https:\/\/fizzyvape.eu\/es\/producto\/150k-puffs-fresa-kiwi-frutas-del-bosque-sandia-chicle-melocoton-jugoso\/\">fresa kiwi &amp; bayas mixtas &amp; sand\u00eda chicle &amp; melocot\u00f3n jugoso<\/a><\/li>\n<li><a href=\"https:\/\/fizzyvape.eu\/producto\/fizzy-150k-puffs-blueberry-raspberry-candy-set\/\">ar\u00e1ndano frambuesa &amp; fresa hielo &amp; limonada blue razz &amp; gominola sand\u00eda<\/a><\/li>\n<li><a href=\"https:\/\/fizzyvape.eu\/producto\/fizzy-150k-puffs-tropical-fruit-punch-set\/\">ponche de frutas tropicales y sand\u00eda frambuesa y ar\u00e1ndanos coco y fresa skittles<\/a><\/li>\n<li><a href=\"https:\/\/fizzyvape.eu\/producto\/fizzy-150k-puffs-love-66-strawberry-kiwi-set\/\">amor 66 y fresa kiwi y sand\u00eda ar\u00e1ndano y frambuesa limonada<\/a><\/li>\n<li><a href=\"https:\/\/fizzyvape.eu\/producto\/fizzy-150k-puffs-fizzy-cola-berry-set\/\">baya mixta y pi\u00f1a melocot\u00f3n fruta de la pasi\u00f3n y cola efervescente y fresa frambuesa<\/a><\/li>\n<li><a href=\"https:\/\/fizzyvape.eu\/producto\/fizzy-150k-puffs-blue-razz-raspberry-set\/\">blue razz rapsberry y sand\u00eda cereza hielo y fresa uva y fruta de la pasi\u00f3n naranja melocot\u00f3n<\/a><\/li>\n<li><a href=\"https:\/\/fizzyvape.eu\/producto\/fizzy-150k-puffs-fizzy-cherry-citrus-set\/\">cereza con gas &amp; fresa fruta del drag\u00f3n &amp; lim\u00f3n lima &amp; sand\u00eda ar\u00e1ndano<\/a><\/li>\n<li><a href=\"https:\/\/fizzyvape.eu\/producto\/fizzy-150k-puffs-vanilla-coke-berry-set\/\">coca de vainilla y fresa &amp; frambuesa &amp; sand\u00eda hielo &amp; cereza baya<\/a><\/li>\n<li><a href=\"https:\/\/fizzyvape.eu\/producto\/fizzy-150k-puffs-mojito-ice-set\/\">ar\u00e1ndano helado &amp; fresa sand\u00eda &amp; mojito &amp; kiwi fruta de la pasi\u00f3n guayaba<\/a><\/li>\n<\/ol>\n<h3 data-start=\"2198\" data-end=\"2222\">\u00bfPor qu\u00e9 elegir el Fizzy 150K?<\/h3>\n<p> <b> \u26a1 150.000 caladas:<\/b> El vapeador m\u00e1s duradero del mercado.<\/p>\n<p>  \ud83d\udd04 <b> Sabores 15 en 1:<\/b> 4 c\u00e1psulas independientes; cambia o mezcla sabores al instante.<\/p>\n<p> <b> \ud83d\udcf1 Pantalla inteligente:<\/b> Monitorizaci\u00f3n en tiempo real de la bater\u00eda y el e-l\u00edquido.<\/p>\n<p> <b> \ud83d\udca8 Tecnolog\u00eda Quad-Mesh:<\/b> 4 bobinas para un sabor sin p\u00e9rdidas y nubes masivas.<\/p>\n<h2><b>Especificaciones del producto<\/b><\/h2>\n<table>\n<thead>\n<tr>\n<td><strong>Caracter\u00edstica<\/strong><\/td>\n<td><strong>Detalles<\/strong><\/td>\n<\/tr>\n<\/thead>\n<tbody>\n<tr>\n<td><b>Puffs totales<\/b><\/td>\n<td><b>Hasta 150.000 Puffs<\/b><\/td>\n<\/tr>\n<tr>\n<td><b>Capacidad de E-l\u00edquido<\/b><\/td>\n<td><b>80 ml (20 ml por c\u00e1psula x 4)<\/b><\/td>\n<\/tr>\n<tr>\n<td><b>Sistema de sabores<\/b><\/td>\n<td><b>Palanca Multi-Sabor 15 en 1<\/b><\/td>\n<\/tr>\n<tr>\n<td><b>Bater\u00eda<\/b><\/td>\n<td>1000mAh Recargable (Cobalto Puro)<\/td>\n<\/tr>\n<tr>\n<td><b>Carga<\/b><\/td>\n<td>Puerto r\u00e1pido Tipo-C<\/td>\n<\/tr>\n<tr>\n<td><b>Tecnolog\u00eda de la bobina<\/b><\/td>\n<td><b>Quad-Mesh (1,0\u03a9 x4)<\/b><\/td>\n<\/tr>\n<tr>\n<td><b>Pantalla<\/b><\/td>\n<td>Pantalla LED inteligente a todo color<\/td>\n<\/tr>\n<\/tbody>\n<\/table>\n<h2><b>FAQ-Fizzy<\/b>150000 Puffs Vape Desechable<\/h2>\n<p>P: \u00bfC\u00f3mo cambio el sabor?<\/p>\n<p>R: Utiliza el selector inteligente del aparato para cambiar entre Pod A, B, C o D. \u00a1Tambi\u00e9n puedes seleccionar los modos &#8220;Combo&#8221; para mezclar sabores!<\/p>\n<p>P: \u00bfSe quema el sabor cerca del final?<\/p>\n<p>R: \u00a1No! Gracias al sistema Quad-Mesh, cada vaina tiene su propia bobina nueva. El sabor se mantiene puro y delicioso durante toda la vida \u00fatil de 150.000 caladas.  <\/p>\n<p>P: \u00bfCu\u00e1nto dura la bater\u00eda?<\/p>\n<p>R: La bater\u00eda de 1000 mAh est\u00e1 dise\u00f1ada para usarse durante todo el d\u00eda. Cuando te quede poca bater\u00eda, s\u00f3lo tienes que enchufar cualquier cable Tipo-C para obtener una carga r\u00e1pida (aprox. 45-60 minutos hasta que est\u00e9 completa). <\/p>\n","protected":false},"excerpt":{"rendered":"[html_block id=\"38779\"]\n","protected":false},"featured_media":38831,"comment_status":"open","ping_status":"closed","template":"","meta":{"iawp_total_views":4},"product_brand":[],"product_cat":[1000],"product_tag":[],"class_list":{"0":"post-39001","1":"product","2":"type-product","3":"status-publish","4":"has-post-thumbnail","6":"product_cat-vaporizador-desechable-recargable-fizzy-150k-de-150-000-caladas-en-15-sabores-diferentes","8":"first","9":"instock","10":"sale","11":"shipping-taxable","12":"purchasable","13":"product-type-variable"},"yoast_head":"<!-- This site is optimized with the Yoast SEO Premium plugin v24.8 (Yoast SEO v27.4) - https:\/\/yoast.com\/product\/yoast-seo-premium-wordpress\/ -->\n<title>Red Bull &amp; Blueberry Ice | Fizzy 150K Puffs Vape - 15 en 1 Sabores<\/title>\n<meta name=\"description\" content=\"Disfruta del vapeador desechable Fizzy 150K Puffs con Red Bull, Fresa Kiwi Granada, Ar\u00e1ndano Hielo y Pi\u00f1a Coco. 150.000 caladas, rico sabor de salida.\" \/>\n<meta name=\"robots\" content=\"index, follow, max-snippet:-1, max-image-preview:large, max-video-preview:-1\" \/>\n<link rel=\"canonical\" href=\"https:\/\/fizzyvape.eu\/es\/producto\/150k-puffs-red-bull-y-fresa-kiwi-granada-y-arandanos-hielo-y-pina-coco\/\" \/>\n<meta property=\"og:locale\" content=\"es_ES\" \/>\n<meta property=\"og:type\" content=\"article\" \/>\n<meta property=\"og:title\" content=\"150K Puffs - Red Bull y Fresa Kiwi Granada y Ar\u00e1ndanos Hielo y Pi\u00f1a Coco\" \/>\n<meta property=\"og:description\" content=\"Disfruta del vapeador desechable Fizzy 150K Puffs con Red Bull, Fresa Kiwi Granada, Ar\u00e1ndano Hielo y Pi\u00f1a Coco. 150.000 caladas, rico sabor de salida.\" \/>\n<meta property=\"og:url\" content=\"https:\/\/fizzyvape.eu\/es\/producto\/150k-puffs-red-bull-y-fresa-kiwi-granada-y-arandanos-hielo-y-pina-coco\/\" \/>\n<meta property=\"og:site_name\" content=\"fizzyvape.eu\" \/>\n<meta property=\"og:image\" content=\"https:\/\/fizzyvape.eu\/wp-content\/uploads\/2026\/01\/Fizzy-15-in-1-150K-Puffs-Rechargeable-Disposable-Vape-Flavors-3-1.jpg\" \/>\n\t<meta property=\"og:image:width\" content=\"1000\" \/>\n\t<meta property=\"og:image:height\" content=\"1000\" \/>\n\t<meta property=\"og:image:type\" content=\"image\/jpeg\" \/>\n<meta name=\"twitter:card\" content=\"summary_large_image\" \/>\n<meta name=\"twitter:label1\" content=\"Disponibilidad\" \/>\n\t<meta name=\"twitter:data1\" content=\"Disponible\" \/>\n<script type=\"application\/ld+json\" class=\"yoast-schema-graph\">{\"@context\":\"https:\\\/\\\/schema.org\",\"@graph\":[{\"@type\":\"WebPage\",\"@id\":\"https:\\\/\\\/fizzyvape.eu\\\/es\\\/producto\\\/150k-puffs-red-bull-y-fresa-kiwi-granada-y-arandanos-hielo-y-pina-coco\\\/\",\"url\":\"https:\\\/\\\/fizzyvape.eu\\\/es\\\/producto\\\/150k-puffs-red-bull-y-fresa-kiwi-granada-y-arandanos-hielo-y-pina-coco\\\/\",\"name\":\"Red Bull & Blueberry Ice | Fizzy 150K Puffs Vape - 15 en 1 Sabores\",\"isPartOf\":{\"@id\":\"https:\\\/\\\/www.fizzyvape.eu\\\/es\\\/#website\"},\"primaryImageOfPage\":{\"@id\":\"https:\\\/\\\/fizzyvape.eu\\\/es\\\/producto\\\/150k-puffs-red-bull-y-fresa-kiwi-granada-y-arandanos-hielo-y-pina-coco\\\/#primaryimage\"},\"image\":{\"@id\":\"https:\\\/\\\/fizzyvape.eu\\\/es\\\/producto\\\/150k-puffs-red-bull-y-fresa-kiwi-granada-y-arandanos-hielo-y-pina-coco\\\/#primaryimage\"},\"thumbnailUrl\":\"https:\\\/\\\/fizzyvape.eu\\\/wp-content\\\/uploads\\\/2026\\\/01\\\/Fizzy-15-in-1-150K-Puffs-Rechargeable-Disposable-Vape-Flavors-3-1.jpg\",\"datePublished\":\"2026-01-19T09:52:51+00:00\",\"description\":\"Disfruta del vapeador desechable Fizzy 150K Puffs con Red Bull, Fresa Kiwi Granada, Ar\u00e1ndano Hielo y Pi\u00f1a Coco. 150.000 caladas, rico sabor de salida.\",\"breadcrumb\":{\"@id\":\"https:\\\/\\\/fizzyvape.eu\\\/es\\\/producto\\\/150k-puffs-red-bull-y-fresa-kiwi-granada-y-arandanos-hielo-y-pina-coco\\\/#breadcrumb\"},\"inLanguage\":\"es\",\"potentialAction\":[{\"@type\":\"ReadAction\",\"target\":[\"https:\\\/\\\/fizzyvape.eu\\\/es\\\/producto\\\/150k-puffs-red-bull-y-fresa-kiwi-granada-y-arandanos-hielo-y-pina-coco\\\/\"]}]},{\"@type\":\"ImageObject\",\"inLanguage\":\"es\",\"@id\":\"https:\\\/\\\/fizzyvape.eu\\\/es\\\/producto\\\/150k-puffs-red-bull-y-fresa-kiwi-granada-y-arandanos-hielo-y-pina-coco\\\/#primaryimage\",\"url\":\"https:\\\/\\\/fizzyvape.eu\\\/wp-content\\\/uploads\\\/2026\\\/01\\\/Fizzy-15-in-1-150K-Puffs-Rechargeable-Disposable-Vape-Flavors-3-1.jpg\",\"contentUrl\":\"https:\\\/\\\/fizzyvape.eu\\\/wp-content\\\/uploads\\\/2026\\\/01\\\/Fizzy-15-in-1-150K-Puffs-Rechargeable-Disposable-Vape-Flavors-3-1.jpg\",\"width\":1000,\"height\":1000,\"caption\":\"Fizzy 15 en 1 150K Puffs Recargables Desechables Vape Sabores 3\"},{\"@type\":\"BreadcrumbList\",\"@id\":\"https:\\\/\\\/fizzyvape.eu\\\/es\\\/producto\\\/150k-puffs-red-bull-y-fresa-kiwi-granada-y-arandanos-hielo-y-pina-coco\\\/#breadcrumb\",\"itemListElement\":[{\"@type\":\"ListItem\",\"position\":1,\"name\":\"Home\",\"item\":\"https:\\\/\\\/fizzyvape.eu\\\/es\\\/\"},{\"@type\":\"ListItem\",\"position\":2,\"name\":\"Tienda\",\"item\":\"https:\\\/\\\/www.fizzyvape.eu\\\/es\\\/tienda\\\/\"},{\"@type\":\"ListItem\",\"position\":3,\"name\":\"150K Puffs &#8211; Red Bull y Fresa Kiwi Granada y Ar\u00e1ndanos Hielo y Pi\u00f1a Coco\"}]},{\"@type\":\"WebSite\",\"@id\":\"https:\\\/\\\/www.fizzyvape.eu\\\/es\\\/#website\",\"url\":\"https:\\\/\\\/www.fizzyvape.eu\\\/es\\\/\",\"name\":\"fizzyvape.eu\",\"description\":\"Refreshing Vapes. Unforgettable Taste.\",\"publisher\":{\"@id\":\"https:\\\/\\\/www.fizzyvape.eu\\\/es\\\/#organization\"},\"potentialAction\":[{\"@type\":\"SearchAction\",\"target\":{\"@type\":\"EntryPoint\",\"urlTemplate\":\"https:\\\/\\\/www.fizzyvape.eu\\\/es\\\/?s={search_term_string}\"},\"query-input\":{\"@type\":\"PropertyValueSpecification\",\"valueRequired\":true,\"valueName\":\"search_term_string\"}}],\"inLanguage\":\"es\"},{\"@type\":\"Organization\",\"@id\":\"https:\\\/\\\/www.fizzyvape.eu\\\/es\\\/#organization\",\"name\":\"fizzyvape.eu\",\"url\":\"https:\\\/\\\/www.fizzyvape.eu\\\/es\\\/\",\"logo\":{\"@type\":\"ImageObject\",\"inLanguage\":\"es\",\"@id\":\"https:\\\/\\\/www.fizzyvape.eu\\\/es\\\/#\\\/schema\\\/logo\\\/image\\\/\",\"url\":\"https:\\\/\\\/fizzyvape.eu\\\/wp-content\\\/uploads\\\/2019\\\/06\\\/print-1.svg\",\"contentUrl\":\"https:\\\/\\\/fizzyvape.eu\\\/wp-content\\\/uploads\\\/2019\\\/06\\\/print-1.svg\",\"width\":124,\"height\":37,\"caption\":\"fizzyvape.eu\"},\"image\":{\"@id\":\"https:\\\/\\\/www.fizzyvape.eu\\\/es\\\/#\\\/schema\\\/logo\\\/image\\\/\"}}]}<\/script>\n<meta property=\"og:availability\" content=\"instock\" \/>\n<meta property=\"product:availability\" content=\"instock\" \/>\n<meta property=\"product:condition\" content=\"new\" \/>\n<!-- \/ Yoast SEO Premium plugin. -->","yoast_head_json":{"title":"Red Bull & Blueberry Ice | Fizzy 150K Puffs Vape - 15 en 1 Sabores","description":"Disfruta del vapeador desechable Fizzy 150K Puffs con Red Bull, Fresa Kiwi Granada, Ar\u00e1ndano Hielo y Pi\u00f1a Coco. 150.000 caladas, rico sabor de salida.","robots":{"index":"index","follow":"follow","max-snippet":"max-snippet:-1","max-image-preview":"max-image-preview:large","max-video-preview":"max-video-preview:-1"},"canonical":"https:\/\/fizzyvape.eu\/es\/producto\/150k-puffs-red-bull-y-fresa-kiwi-granada-y-arandanos-hielo-y-pina-coco\/","og_locale":"es_ES","og_type":"article","og_title":"150K Puffs - Red Bull y Fresa Kiwi Granada y Ar\u00e1ndanos Hielo y Pi\u00f1a Coco","og_description":"Disfruta del vapeador desechable Fizzy 150K Puffs con Red Bull, Fresa Kiwi Granada, Ar\u00e1ndano Hielo y Pi\u00f1a Coco. 150.000 caladas, rico sabor de salida.","og_url":"https:\/\/fizzyvape.eu\/es\/producto\/150k-puffs-red-bull-y-fresa-kiwi-granada-y-arandanos-hielo-y-pina-coco\/","og_site_name":"fizzyvape.eu","og_image":[{"width":1000,"height":1000,"url":"https:\/\/fizzyvape.eu\/wp-content\/uploads\/2026\/01\/Fizzy-15-in-1-150K-Puffs-Rechargeable-Disposable-Vape-Flavors-3-1.jpg","type":"image\/jpeg"}],"twitter_card":"summary_large_image","twitter_misc":{"Disponibilidad":"Disponible"},"schema":{"@context":"https:\/\/schema.org","@graph":[{"@type":"WebPage","@id":"https:\/\/fizzyvape.eu\/es\/producto\/150k-puffs-red-bull-y-fresa-kiwi-granada-y-arandanos-hielo-y-pina-coco\/","url":"https:\/\/fizzyvape.eu\/es\/producto\/150k-puffs-red-bull-y-fresa-kiwi-granada-y-arandanos-hielo-y-pina-coco\/","name":"Red Bull & Blueberry Ice | Fizzy 150K Puffs Vape - 15 en 1 Sabores","isPartOf":{"@id":"https:\/\/www.fizzyvape.eu\/es\/#website"},"primaryImageOfPage":{"@id":"https:\/\/fizzyvape.eu\/es\/producto\/150k-puffs-red-bull-y-fresa-kiwi-granada-y-arandanos-hielo-y-pina-coco\/#primaryimage"},"image":{"@id":"https:\/\/fizzyvape.eu\/es\/producto\/150k-puffs-red-bull-y-fresa-kiwi-granada-y-arandanos-hielo-y-pina-coco\/#primaryimage"},"thumbnailUrl":"https:\/\/fizzyvape.eu\/wp-content\/uploads\/2026\/01\/Fizzy-15-in-1-150K-Puffs-Rechargeable-Disposable-Vape-Flavors-3-1.jpg","datePublished":"2026-01-19T09:52:51+00:00","description":"Disfruta del vapeador desechable Fizzy 150K Puffs con Red Bull, Fresa Kiwi Granada, Ar\u00e1ndano Hielo y Pi\u00f1a Coco. 150.000 caladas, rico sabor de salida.","breadcrumb":{"@id":"https:\/\/fizzyvape.eu\/es\/producto\/150k-puffs-red-bull-y-fresa-kiwi-granada-y-arandanos-hielo-y-pina-coco\/#breadcrumb"},"inLanguage":"es","potentialAction":[{"@type":"ReadAction","target":["https:\/\/fizzyvape.eu\/es\/producto\/150k-puffs-red-bull-y-fresa-kiwi-granada-y-arandanos-hielo-y-pina-coco\/"]}]},{"@type":"ImageObject","inLanguage":"es","@id":"https:\/\/fizzyvape.eu\/es\/producto\/150k-puffs-red-bull-y-fresa-kiwi-granada-y-arandanos-hielo-y-pina-coco\/#primaryimage","url":"https:\/\/fizzyvape.eu\/wp-content\/uploads\/2026\/01\/Fizzy-15-in-1-150K-Puffs-Rechargeable-Disposable-Vape-Flavors-3-1.jpg","contentUrl":"https:\/\/fizzyvape.eu\/wp-content\/uploads\/2026\/01\/Fizzy-15-in-1-150K-Puffs-Rechargeable-Disposable-Vape-Flavors-3-1.jpg","width":1000,"height":1000,"caption":"Fizzy 15 en 1 150K Puffs Recargables Desechables Vape Sabores 3"},{"@type":"BreadcrumbList","@id":"https:\/\/fizzyvape.eu\/es\/producto\/150k-puffs-red-bull-y-fresa-kiwi-granada-y-arandanos-hielo-y-pina-coco\/#breadcrumb","itemListElement":[{"@type":"ListItem","position":1,"name":"Home","item":"https:\/\/fizzyvape.eu\/es\/"},{"@type":"ListItem","position":2,"name":"Tienda","item":"https:\/\/www.fizzyvape.eu\/es\/tienda\/"},{"@type":"ListItem","position":3,"name":"150K Puffs &#8211; Red Bull y Fresa Kiwi Granada y Ar\u00e1ndanos Hielo y Pi\u00f1a Coco"}]},{"@type":"WebSite","@id":"https:\/\/www.fizzyvape.eu\/es\/#website","url":"https:\/\/www.fizzyvape.eu\/es\/","name":"fizzyvape.eu","description":"Refreshing Vapes. Unforgettable Taste.","publisher":{"@id":"https:\/\/www.fizzyvape.eu\/es\/#organization"},"potentialAction":[{"@type":"SearchAction","target":{"@type":"EntryPoint","urlTemplate":"https:\/\/www.fizzyvape.eu\/es\/?s={search_term_string}"},"query-input":{"@type":"PropertyValueSpecification","valueRequired":true,"valueName":"search_term_string"}}],"inLanguage":"es"},{"@type":"Organization","@id":"https:\/\/www.fizzyvape.eu\/es\/#organization","name":"fizzyvape.eu","url":"https:\/\/www.fizzyvape.eu\/es\/","logo":{"@type":"ImageObject","inLanguage":"es","@id":"https:\/\/www.fizzyvape.eu\/es\/#\/schema\/logo\/image\/","url":"https:\/\/fizzyvape.eu\/wp-content\/uploads\/2019\/06\/print-1.svg","contentUrl":"https:\/\/fizzyvape.eu\/wp-content\/uploads\/2019\/06\/print-1.svg","width":124,"height":37,"caption":"fizzyvape.eu"},"image":{"@id":"https:\/\/www.fizzyvape.eu\/es\/#\/schema\/logo\/image\/"}}]},"og_availability":"instock","product_availability":"instock","product_condition":"new"},"tiered_pricing_type":"fixed","tiered_pricing_fixed_rules":[],"tiered_pricing_product_settings":{"layout":"default","base_unit_name":{"singular":null,"plural":null},"default_variation":null},"tiered_pricing_minimum_quantity":null,"tiered_pricing_roles_data":[],"tiered_pricing_percentage_rules":[],"tiered_pricing_maximum_quantity":null,"tiered_pricing_quantity_step":null,"_links":{"self":[{"href":"https:\/\/fizzyvape.eu\/es\/wp-json\/wp\/v2\/product\/39001","targetHints":{"allow":["GET"]}}],"collection":[{"href":"https:\/\/fizzyvape.eu\/es\/wp-json\/wp\/v2\/product"}],"about":[{"href":"https:\/\/fizzyvape.eu\/es\/wp-json\/wp\/v2\/types\/product"}],"replies":[{"embeddable":true,"href":"https:\/\/fizzyvape.eu\/es\/wp-json\/wp\/v2\/comments?post=39001"}],"version-history":[{"count":0,"href":"https:\/\/fizzyvape.eu\/es\/wp-json\/wp\/v2\/product\/39001\/revisions"}],"wp:featuredmedia":[{"embeddable":true,"href":"https:\/\/fizzyvape.eu\/es\/wp-json\/wp\/v2\/media\/38831"}],"wp:attachment":[{"href":"https:\/\/fizzyvape.eu\/es\/wp-json\/wp\/v2\/media?parent=39001"}],"wp:term":[{"taxonomy":"product_brand","embeddable":true,"href":"https:\/\/fizzyvape.eu\/es\/wp-json\/wp\/v2\/product_brand?post=39001"},{"taxonomy":"product_cat","embeddable":true,"href":"https:\/\/fizzyvape.eu\/es\/wp-json\/wp\/v2\/product_cat?post=39001"},{"taxonomy":"product_tag","embeddable":true,"href":"https:\/\/fizzyvape.eu\/es\/wp-json\/wp\/v2\/product_tag?post=39001"}],"curies":[{"name":"wp","href":"https:\/\/api.w.org\/{rel}","templated":true}]}}