{"id":39054,"date":"2026-01-19T18:20:30","date_gmt":"2026-01-19T10:20:30","guid":{"rendered":"https:\/\/fizzyvape.eu\/product\/150k-puffs-ponche-de-frutas-tropicales-y-sandia-frambuesa-y-arandanos-coco-y-fresa-skittles\/"},"modified":"2026-01-19T18:20:30","modified_gmt":"2026-01-19T10:20:30","slug":"150k-puffs-ponche-de-frutas-tropicales-y-sandia-frambuesa-y-arandanos-coco-y-fresa-skittles","status":"publish","type":"product","link":"https:\/\/fizzyvape.eu\/es\/producto\/150k-puffs-ponche-de-frutas-tropicales-y-sandia-frambuesa-y-arandanos-coco-y-fresa-skittles\/","title":{"rendered":"150K Puffs &#8211; Ponche de Frutas Tropicales y Sand\u00eda Frambuesa y Ar\u00e1ndanos Coco y Fresa Skittles"},"content":{"rendered":"<p><img decoding=\"async\" class=\"wp-image-38851 size-large\" src=\"https:\/\/fizzyvape.eu\/wp-content\/uploads\/2026\/01\/Fizzy-15-in-1-150K-Puffs-Rechargeable-Disposable-Vape-Flavors-6-1-800x800.jpg\" alt=\"Fizzy 15-en-1 150K Puffs Recargable Vape Desechable Sabores 6\" width=\"800\" height=\"800\" srcset=\"https:\/\/fizzyvape.eu\/wp-content\/uploads\/2026\/01\/Fizzy-15-in-1-150K-Puffs-Rechargeable-Disposable-Vape-Flavors-6-1-800x800.jpg 800w, https:\/\/fizzyvape.eu\/wp-content\/uploads\/2026\/01\/Fizzy-15-in-1-150K-Puffs-Rechargeable-Disposable-Vape-Flavors-6-1-300x300.jpg 300w, https:\/\/fizzyvape.eu\/wp-content\/uploads\/2026\/01\/Fizzy-15-in-1-150K-Puffs-Rechargeable-Disposable-Vape-Flavors-6-1-150x150.jpg 150w, https:\/\/fizzyvape.eu\/wp-content\/uploads\/2026\/01\/Fizzy-15-in-1-150K-Puffs-Rechargeable-Disposable-Vape-Flavors-6-1-768x768.jpg 768w, https:\/\/fizzyvape.eu\/wp-content\/uploads\/2026\/01\/Fizzy-15-in-1-150K-Puffs-Rechargeable-Disposable-Vape-Flavors-6-1-100x100.jpg 100w, https:\/\/fizzyvape.eu\/wp-content\/uploads\/2026\/01\/Fizzy-15-in-1-150K-Puffs-Rechargeable-Disposable-Vape-Flavors-6-1-200x200.jpg 200w, https:\/\/fizzyvape.eu\/wp-content\/uploads\/2026\/01\/Fizzy-15-in-1-150K-Puffs-Rechargeable-Disposable-Vape-Flavors-6-1-400x400.jpg 400w, https:\/\/fizzyvape.eu\/wp-content\/uploads\/2026\/01\/Fizzy-15-in-1-150K-Puffs-Rechargeable-Disposable-Vape-Flavors-6-1-500x500.jpg 500w, https:\/\/fizzyvape.eu\/wp-content\/uploads\/2026\/01\/Fizzy-15-in-1-150K-Puffs-Rechargeable-Disposable-Vape-Flavors-6-1-430x430.jpg 430w, https:\/\/fizzyvape.eu\/wp-content\/uploads\/2026\/01\/Fizzy-15-in-1-150K-Puffs-Rechargeable-Disposable-Vape-Flavors-6-1-700x700.jpg 700w, https:\/\/fizzyvape.eu\/wp-content\/uploads\/2026\/01\/Fizzy-15-in-1-150K-Puffs-Rechargeable-Disposable-Vape-Flavors-6-1.jpg 1000w\" sizes=\"(max-width: 800px) 100vw, 800px\" \/><\/p>\n<h2 data-start=\"5776\" data-end=\"5809\"><b>Vapeador desechable<\/b> Fizzy 150K Puffs &#8211; Ponche de Frutas Tropicales y Sand\u00eda Frambuesa y Ar\u00e1ndanos Coco y Fresa Skittles<\/h2>\n<p><b>\ud83c\udfdd\ufe0f 150.000 Puffs. 15 Sabores. Una Escapada Tropical Definitiva.  <\/b><\/p>\n<p>El <b>vaporizador desechable Fizzy 150K Puffs<\/b> ha establecido oficialmente un nuevo est\u00e1ndar mundial de resistencia y variedad. Con un enorme <b>dep\u00f3sito de 80 ml<\/b> y un <b>sistema<\/b> patentado <b>de encendido inteligente 15 en 1<\/b>, este potente dispositivo proporciona semanas de vapor de primera calidad. Esta edici\u00f3n espec\u00edfica es un para\u00edso para los amantes de la fruta, ya que mezcla ex\u00f3ticos ponches tropicales con la nost\u00e1lgica dulzura del caramelo y matices cremosos de coco.  <\/p>\n<hr>\n<h2><b>\ud83c\udf08 La Paleta de 4 Sabores<\/b><\/h2>\n<p>Dentro de este <b>vaporizador desechable 150K Puffs<\/b>, encontrar\u00e1s cuatro c\u00e1psulas independientes de 20 ml. Disfr\u00fatalas solas o utiliza la palanca para <b>mezclarlas en 15 combinaciones h\u00edbridas \u00fanicas<\/b>: <\/p>\n<ul>\n<li><b>\ud83c\udf79 Ponche de Frutas Tropicales:<\/b> Una vibrante y soleada explosi\u00f3n de pi\u00f1a, naranja y frutas ex\u00f3ticas.<\/li>\n<li><b>\ud83c\udf49 Sand\u00eda Frambuesa:<\/b> Un refrescante d\u00fao de jugosa sand\u00eda veraniega y \u00e1cidas frambuesas maduras.<\/li>\n<li><b>\ud83e\udd65 Ar\u00e1ndanos y coco:<\/b> Una mezcla suave y cremosa de ar\u00e1ndanos de monta\u00f1a y aterciopelada leche de coco.<\/li>\n<li><b>\ud83c\udf08 Skittles de fresa:<\/b> Un nost\u00e1lgico y azucarado subid\u00f3n de tus caramelos de frutas arco iris favoritos.<\/li>\n<\/ul>\n<p><img decoding=\"async\" class=\"wp-image-38407 size-full\" src=\"https:\/\/fizzyvape.eu\/wp-content\/uploads\/2025\/12\/Fizzy-150K-Puffs-Disposable-Vape-5-scaled.jpg\" alt=\"Fizzy 150K Puffs Vape Desechable - 5\" width=\"1663\" height=\"2560\" srcset=\"https:\/\/fizzyvape.eu\/wp-content\/uploads\/2025\/12\/Fizzy-150K-Puffs-Disposable-Vape-5-scaled.jpg 1663w, https:\/\/fizzyvape.eu\/wp-content\/uploads\/2025\/12\/Fizzy-150K-Puffs-Disposable-Vape-5-195x300.jpg 195w, https:\/\/fizzyvape.eu\/wp-content\/uploads\/2025\/12\/Fizzy-150K-Puffs-Disposable-Vape-5-520x800.jpg 520w, https:\/\/fizzyvape.eu\/wp-content\/uploads\/2025\/12\/Fizzy-150K-Puffs-Disposable-Vape-5-768x1182.jpg 768w, https:\/\/fizzyvape.eu\/wp-content\/uploads\/2025\/12\/Fizzy-150K-Puffs-Disposable-Vape-5-998x1536.jpg 998w, https:\/\/fizzyvape.eu\/wp-content\/uploads\/2025\/12\/Fizzy-150K-Puffs-Disposable-Vape-5-1330x2048.jpg 1330w, https:\/\/fizzyvape.eu\/wp-content\/uploads\/2025\/12\/Fizzy-150K-Puffs-Disposable-Vape-5-430x662.jpg 430w, https:\/\/fizzyvape.eu\/wp-content\/uploads\/2025\/12\/Fizzy-150K-Puffs-Disposable-Vape-5-700x1078.jpg 700w, https:\/\/fizzyvape.eu\/wp-content\/uploads\/2025\/12\/Fizzy-150K-Puffs-Disposable-Vape-5-150x231.jpg 150w\" sizes=\"(max-width: 1663px) 100vw, 1663px\" \/><\/p>\n<h2><b>\ud83d\udce6 Especificaciones<\/b><\/h2>\n<table>\n<thead>\n<tr>\n<td><strong>Caracter\u00edstica<\/strong><\/td>\n<td><strong>Datos t\u00e9cnicos B2B<\/strong><\/td>\n<\/tr>\n<\/thead>\n<tbody>\n<tr>\n<td><b>Cantidad de Puffs<\/b><\/td>\n<td>Hasta 150.000 caladas<\/td>\n<\/tr>\n<tr>\n<td><b>Capacidad de E-l\u00edquido<\/b><\/td>\n<td><b>80 ml en total (20 ml x 4 c\u00e1psulas independientes)<\/b><\/td>\n<\/tr>\n<tr>\n<td><b>Bater\u00eda<\/b><\/td>\n<td>1000 mAh de cobalto puro (recargable tipo C)<\/td>\n<\/tr>\n<tr>\n<td><b>Modos de sabor<\/b><\/td>\n<td><b>15 Combinaciones Inteligentes (A\/B\/C\/D + H\u00edbridos)<\/b><\/td>\n<\/tr>\n<tr>\n<td><b>Sistema de espiral<\/b><\/td>\n<td>Quad-Mesh 1.0\u03a9 (suministro de alta consistencia)<\/td>\n<\/tr>\n<tr>\n<td><b>Embalaje<\/b><\/td>\n<td>Cajas expositoras listas para la venta<\/td>\n<\/tr>\n<\/tbody>\n<\/table>\n<h2><b>\ud83c\udfa8Fizzy<\/b>15-en-1 150K Puffs Recargable <strong>Vape Desechable Lista de Sabores:<\/strong><\/h2>\n<ol>\n<li><a href=\"https:\/\/fizzyvape.eu\/es\/producto\/150k-puffs-hielo-de-sandia-red-bull-frambuesa-fresa-triple-hielo-de-melon\/\">hielo de sand\u00eda &amp; toro rojo &amp; frambuesa fresa &amp; triple hielo de mel\u00f3n<\/a><\/li>\n<li><a href=\"https:\/\/fizzyvape.eu\/es\/producto\/150k-puffs-fresa-helada-y-kiwi-fruta-de-la-pasion-guayaba-y-melocoton-mango-sandia-y-uva-burst\/\">fresa hielo &amp; kiwi fruta de la pasi\u00f3n guayaba &amp; melocot\u00f3n mango sand\u00eda &amp; uva burst<\/a><\/li>\n<li><a href=\"https:\/\/fizzyvape.eu\/es\/producto\/150k-puffs-red-bull-y-fresa-kiwi-granada-y-arandanos-hielo-y-pina-coco\/\">red bull &amp; fresa kiwi granada &amp; ar\u00e1ndano hielo &amp; pi\u00f1a coco<\/a><\/li>\n<li><a href=\"https:\/\/fizzyvape.eu\/es\/producto\/150k-puffs-fresa-kiwi-frutas-del-bosque-sandia-chicle-melocoton-jugoso\/\">fresa kiwi &amp; bayas mixtas &amp; sand\u00eda chicle &amp; melocot\u00f3n jugoso<\/a><\/li>\n<li><a href=\"https:\/\/fizzyvape.eu\/es\/producto\/150k-puffs-frambuesa-arandano-fresa-hielo-limonada-blue-razz-gomita-sandia\/\">ar\u00e1ndano frambuesa &amp; fresa hielo &amp; limonada blue razz &amp; gominola sand\u00eda<\/a><\/li>\n<li><a href=\"https:\/\/fizzyvape.eu\/es\/producto\/150k-puffs-ponche-de-frutas-tropicales-y-sandia-frambuesa-y-arandanos-coco-y-fresa-skittles\/\">ponche de frutas tropicales y sand\u00eda frambuesa y ar\u00e1ndanos coco y fresa skittles<\/a><\/li>\n<li><a href=\"https:\/\/fizzyvape.eu\/producto\/fizzy-150k-puffs-love-66-strawberry-kiwi-set\/\">amor 66 y fresa kiwi y sand\u00eda ar\u00e1ndano y frambuesa limonada<\/a><\/li>\n<li><a href=\"https:\/\/fizzyvape.eu\/producto\/fizzy-150k-puffs-fizzy-cola-berry-set\/\">baya mixta y pi\u00f1a melocot\u00f3n fruta de la pasi\u00f3n y cola efervescente y fresa frambuesa<\/a><\/li>\n<li><a href=\"https:\/\/fizzyvape.eu\/producto\/fizzy-150k-puffs-blue-razz-raspberry-set\/\">blue razz rapsberry y sand\u00eda cereza hielo y fresa uva y fruta de la pasi\u00f3n naranja melocot\u00f3n<\/a><\/li>\n<li><a href=\"https:\/\/fizzyvape.eu\/producto\/fizzy-150k-puffs-fizzy-cherry-citrus-set\/\">cereza con gas &amp; fresa fruta del drag\u00f3n &amp; lim\u00f3n lima &amp; sand\u00eda ar\u00e1ndano<\/a><\/li>\n<li><a href=\"https:\/\/fizzyvape.eu\/producto\/fizzy-150k-puffs-vanilla-coke-berry-set\/\">coca de vainilla y fresa &amp; frambuesa &amp; sand\u00eda hielo &amp; cereza baya<\/a><\/li>\n<li><a href=\"https:\/\/fizzyvape.eu\/producto\/fizzy-150k-puffs-mojito-ice-set\/\">ar\u00e1ndano helado &amp; fresa sand\u00eda &amp; mojito &amp; kiwi fruta de la pasi\u00f3n guayaba<\/a><\/li>\n<\/ol>\n<hr>\n<h2><b>\ud83d\udc8e Por qu\u00e9 Fizzy 150K es la mejor elecci\u00f3n<\/b><\/h2>\n<ul>\n<li><b>\u26a1 150.000 Puffs:<\/b> Este es el <b>vapeador desechable de 150.000 Puffs<\/b> de mayor capacidad disponible. Sustituye hasta 20-30 desechables est\u00e1ndar, ahorr\u00e1ndote dinero y molestias. <\/li>\n<li><b>\ud83d\udd04 Interruptor inteligente 15 en 1:<\/b> Cambia entre 4 c\u00e1psulas base o desbloquea los &#8220;Modos Combo&#8221; para crear tus propias mezclas de frutas al instante.<\/li>\n<li><b>\ud83d\udcf1 Inteligencia LED inteligente:<\/b> La pantalla de alta definici\u00f3n controla el <b>% de bater\u00eda<\/b> y el <b>nivel de zumo<\/b> de cada c\u00e1psula, para que nunca te pille desprevenido.<\/li>\n<li><b>\ud83d\udca8 Rendimiento Quad-Mesh:<\/b> Equipado con <b>4 bobinas de malla dedicadas (1,0\u03a9)<\/b>, que garantizan que tu Ponche Tropical se mantenga crujiente y tu Coco cremoso sin mezcla de sabores.<\/li>\n<li><b>\ud83d\udd0b Recarga r\u00e1pida:<\/b> La bater\u00eda de cobalto puro de 1000 mAh admite carga r\u00e1pida Tipo-C para un suministro de energ\u00eda constante.<\/li>\n<\/ul>\n<h2><b>\u2753 FAQ &#8211; El <\/b> <b>vape desechable<\/b> 150K Puffs<\/h2>\n<p><b>P: \u00bfEs voluminoso el vaporizador desechable Fizzy 150K Puffs?<\/b><\/p>\n<p>R: A pesar de su enorme capacidad de 80 ml, cuenta con un dise\u00f1o ergon\u00f3mico &#8220;Smart Station&#8221; que se adapta c\u00f3modamente a tu mano, por lo que es mucho m\u00e1s port\u00e1til que llevar 4 dispositivos separados.<\/p>\n<p><b>P: \u00bfPuedo mezclar Cocos de Ar\u00e1ndanos con Skittles de Fresa?<\/b><\/p>\n<p>R: \u00a1S\u00ed! La palanca inteligente te permite activar varias c\u00e1psulas a la vez, creando un sabor h\u00edbrido \u00fanico de crema y caramelo. <\/p>\n<p><b>P: \u00bfC\u00f3mo s\u00e9 cu\u00e1ndo debo cargarlo?<\/b><\/p>\n<p>R: La pantalla LED inteligente muestra un porcentaje preciso de la bater\u00eda. Recomendamos cargarla cuando alcance el 10-20% para mantener una densidad de vapor \u00f3ptima. <\/p>\n","protected":false},"excerpt":{"rendered":"[html_block id=\"38779\"]\n","protected":false},"featured_media":38858,"comment_status":"open","ping_status":"closed","template":"","meta":{"iawp_total_views":3},"product_brand":[],"product_cat":[1000],"product_tag":[],"class_list":{"0":"post-39054","1":"product","2":"type-product","3":"status-publish","4":"has-post-thumbnail","6":"product_cat-vaporizador-desechable-recargable-fizzy-150k-de-150-000-caladas-en-15-sabores-diferentes","8":"first","9":"instock","10":"sale","11":"shipping-taxable","12":"purchasable","13":"product-type-variable"},"yoast_head":"<!-- This site is optimized with the Yoast SEO Premium plugin v24.8 (Yoast SEO v27.4) - https:\/\/yoast.com\/product\/yoast-seo-premium-wordpress\/ -->\n<title>Ponche de Frutas Tropicales | Fizzy 150K Puffs Vape - 15 en 1 Sabores<\/title>\n<meta name=\"description\" content=\"Explora el vaporizador desechable Fizzy 150K Puffs con Ponche de Frutas Tropicales, Frambuesa Sand\u00eda, Coco Ar\u00e1ndanos y Skittles Fresa. 150.000 caladas, sabor premium.\" \/>\n<meta name=\"robots\" content=\"index, follow, max-snippet:-1, max-image-preview:large, max-video-preview:-1\" \/>\n<link rel=\"canonical\" href=\"https:\/\/fizzyvape.eu\/es\/producto\/150k-puffs-ponche-de-frutas-tropicales-y-sandia-frambuesa-y-arandanos-coco-y-fresa-skittles\/\" \/>\n<meta property=\"og:locale\" content=\"es_ES\" \/>\n<meta property=\"og:type\" content=\"article\" \/>\n<meta property=\"og:title\" content=\"150K Puffs - Ponche de Frutas Tropicales y Sand\u00eda Frambuesa y Ar\u00e1ndanos Coco y Fresa Skittles\" \/>\n<meta property=\"og:description\" content=\"Explora el vaporizador desechable Fizzy 150K Puffs con Ponche de Frutas Tropicales, Frambuesa Sand\u00eda, Coco Ar\u00e1ndanos y Skittles Fresa. 150.000 caladas, sabor premium.\" \/>\n<meta property=\"og:url\" content=\"https:\/\/fizzyvape.eu\/es\/producto\/150k-puffs-ponche-de-frutas-tropicales-y-sandia-frambuesa-y-arandanos-coco-y-fresa-skittles\/\" \/>\n<meta property=\"og:site_name\" content=\"fizzyvape.eu\" \/>\n<meta property=\"og:image\" content=\"https:\/\/fizzyvape.eu\/wp-content\/uploads\/2026\/01\/Fizzy-15-in-1-150K-Puffs-Rechargeable-Disposable-Vape-Flavors-6-1.jpg\" \/>\n\t<meta property=\"og:image:width\" content=\"1000\" \/>\n\t<meta property=\"og:image:height\" content=\"1000\" \/>\n\t<meta property=\"og:image:type\" content=\"image\/jpeg\" \/>\n<meta name=\"twitter:card\" content=\"summary_large_image\" \/>\n<meta name=\"twitter:label1\" content=\"Disponibilidad\" \/>\n\t<meta name=\"twitter:data1\" content=\"Disponible\" \/>\n<script type=\"application\/ld+json\" class=\"yoast-schema-graph\">{\"@context\":\"https:\\\/\\\/schema.org\",\"@graph\":[{\"@type\":\"WebPage\",\"@id\":\"https:\\\/\\\/fizzyvape.eu\\\/es\\\/producto\\\/150k-puffs-ponche-de-frutas-tropicales-y-sandia-frambuesa-y-arandanos-coco-y-fresa-skittles\\\/\",\"url\":\"https:\\\/\\\/fizzyvape.eu\\\/es\\\/producto\\\/150k-puffs-ponche-de-frutas-tropicales-y-sandia-frambuesa-y-arandanos-coco-y-fresa-skittles\\\/\",\"name\":\"Ponche de Frutas Tropicales | Fizzy 150K Puffs Vape - 15 en 1 Sabores\",\"isPartOf\":{\"@id\":\"https:\\\/\\\/www.fizzyvape.eu\\\/es\\\/#website\"},\"primaryImageOfPage\":{\"@id\":\"https:\\\/\\\/fizzyvape.eu\\\/es\\\/producto\\\/150k-puffs-ponche-de-frutas-tropicales-y-sandia-frambuesa-y-arandanos-coco-y-fresa-skittles\\\/#primaryimage\"},\"image\":{\"@id\":\"https:\\\/\\\/fizzyvape.eu\\\/es\\\/producto\\\/150k-puffs-ponche-de-frutas-tropicales-y-sandia-frambuesa-y-arandanos-coco-y-fresa-skittles\\\/#primaryimage\"},\"thumbnailUrl\":\"https:\\\/\\\/fizzyvape.eu\\\/wp-content\\\/uploads\\\/2026\\\/01\\\/Fizzy-15-in-1-150K-Puffs-Rechargeable-Disposable-Vape-Flavors-6-1.jpg\",\"datePublished\":\"2026-01-19T10:20:30+00:00\",\"description\":\"Explora el vaporizador desechable Fizzy 150K Puffs con Ponche de Frutas Tropicales, Frambuesa Sand\u00eda, Coco Ar\u00e1ndanos y Skittles Fresa. 150.000 caladas, sabor premium.\",\"breadcrumb\":{\"@id\":\"https:\\\/\\\/fizzyvape.eu\\\/es\\\/producto\\\/150k-puffs-ponche-de-frutas-tropicales-y-sandia-frambuesa-y-arandanos-coco-y-fresa-skittles\\\/#breadcrumb\"},\"inLanguage\":\"es\",\"potentialAction\":[{\"@type\":\"ReadAction\",\"target\":[\"https:\\\/\\\/fizzyvape.eu\\\/es\\\/producto\\\/150k-puffs-ponche-de-frutas-tropicales-y-sandia-frambuesa-y-arandanos-coco-y-fresa-skittles\\\/\"]}]},{\"@type\":\"ImageObject\",\"inLanguage\":\"es\",\"@id\":\"https:\\\/\\\/fizzyvape.eu\\\/es\\\/producto\\\/150k-puffs-ponche-de-frutas-tropicales-y-sandia-frambuesa-y-arandanos-coco-y-fresa-skittles\\\/#primaryimage\",\"url\":\"https:\\\/\\\/fizzyvape.eu\\\/wp-content\\\/uploads\\\/2026\\\/01\\\/Fizzy-15-in-1-150K-Puffs-Rechargeable-Disposable-Vape-Flavors-6-1.jpg\",\"contentUrl\":\"https:\\\/\\\/fizzyvape.eu\\\/wp-content\\\/uploads\\\/2026\\\/01\\\/Fizzy-15-in-1-150K-Puffs-Rechargeable-Disposable-Vape-Flavors-6-1.jpg\",\"width\":1000,\"height\":1000,\"caption\":\"Fizzy 15-en-1 150K Puffs Recargable Vape Desechable Sabores 6\"},{\"@type\":\"BreadcrumbList\",\"@id\":\"https:\\\/\\\/fizzyvape.eu\\\/es\\\/producto\\\/150k-puffs-ponche-de-frutas-tropicales-y-sandia-frambuesa-y-arandanos-coco-y-fresa-skittles\\\/#breadcrumb\",\"itemListElement\":[{\"@type\":\"ListItem\",\"position\":1,\"name\":\"Home\",\"item\":\"https:\\\/\\\/fizzyvape.eu\\\/es\\\/\"},{\"@type\":\"ListItem\",\"position\":2,\"name\":\"Tienda\",\"item\":\"https:\\\/\\\/www.fizzyvape.eu\\\/es\\\/tienda\\\/\"},{\"@type\":\"ListItem\",\"position\":3,\"name\":\"150K Puffs &#8211; Ponche de Frutas Tropicales y Sand\u00eda Frambuesa y Ar\u00e1ndanos Coco y Fresa Skittles\"}]},{\"@type\":\"WebSite\",\"@id\":\"https:\\\/\\\/www.fizzyvape.eu\\\/es\\\/#website\",\"url\":\"https:\\\/\\\/www.fizzyvape.eu\\\/es\\\/\",\"name\":\"fizzyvape.eu\",\"description\":\"Refreshing Vapes. Unforgettable Taste.\",\"publisher\":{\"@id\":\"https:\\\/\\\/www.fizzyvape.eu\\\/es\\\/#organization\"},\"potentialAction\":[{\"@type\":\"SearchAction\",\"target\":{\"@type\":\"EntryPoint\",\"urlTemplate\":\"https:\\\/\\\/www.fizzyvape.eu\\\/es\\\/?s={search_term_string}\"},\"query-input\":{\"@type\":\"PropertyValueSpecification\",\"valueRequired\":true,\"valueName\":\"search_term_string\"}}],\"inLanguage\":\"es\"},{\"@type\":\"Organization\",\"@id\":\"https:\\\/\\\/www.fizzyvape.eu\\\/es\\\/#organization\",\"name\":\"fizzyvape.eu\",\"url\":\"https:\\\/\\\/www.fizzyvape.eu\\\/es\\\/\",\"logo\":{\"@type\":\"ImageObject\",\"inLanguage\":\"es\",\"@id\":\"https:\\\/\\\/www.fizzyvape.eu\\\/es\\\/#\\\/schema\\\/logo\\\/image\\\/\",\"url\":\"https:\\\/\\\/fizzyvape.eu\\\/wp-content\\\/uploads\\\/2019\\\/06\\\/print-1.svg\",\"contentUrl\":\"https:\\\/\\\/fizzyvape.eu\\\/wp-content\\\/uploads\\\/2019\\\/06\\\/print-1.svg\",\"width\":124,\"height\":37,\"caption\":\"fizzyvape.eu\"},\"image\":{\"@id\":\"https:\\\/\\\/www.fizzyvape.eu\\\/es\\\/#\\\/schema\\\/logo\\\/image\\\/\"}}]}<\/script>\n<meta property=\"og:availability\" content=\"instock\" \/>\n<meta property=\"product:availability\" content=\"instock\" \/>\n<meta property=\"product:condition\" content=\"new\" \/>\n<!-- \/ Yoast SEO Premium plugin. -->","yoast_head_json":{"title":"Ponche de Frutas Tropicales | Fizzy 150K Puffs Vape - 15 en 1 Sabores","description":"Explora el vaporizador desechable Fizzy 150K Puffs con Ponche de Frutas Tropicales, Frambuesa Sand\u00eda, Coco Ar\u00e1ndanos y Skittles Fresa. 150.000 caladas, sabor premium.","robots":{"index":"index","follow":"follow","max-snippet":"max-snippet:-1","max-image-preview":"max-image-preview:large","max-video-preview":"max-video-preview:-1"},"canonical":"https:\/\/fizzyvape.eu\/es\/producto\/150k-puffs-ponche-de-frutas-tropicales-y-sandia-frambuesa-y-arandanos-coco-y-fresa-skittles\/","og_locale":"es_ES","og_type":"article","og_title":"150K Puffs - Ponche de Frutas Tropicales y Sand\u00eda Frambuesa y Ar\u00e1ndanos Coco y Fresa Skittles","og_description":"Explora el vaporizador desechable Fizzy 150K Puffs con Ponche de Frutas Tropicales, Frambuesa Sand\u00eda, Coco Ar\u00e1ndanos y Skittles Fresa. 150.000 caladas, sabor premium.","og_url":"https:\/\/fizzyvape.eu\/es\/producto\/150k-puffs-ponche-de-frutas-tropicales-y-sandia-frambuesa-y-arandanos-coco-y-fresa-skittles\/","og_site_name":"fizzyvape.eu","og_image":[{"width":1000,"height":1000,"url":"https:\/\/fizzyvape.eu\/wp-content\/uploads\/2026\/01\/Fizzy-15-in-1-150K-Puffs-Rechargeable-Disposable-Vape-Flavors-6-1.jpg","type":"image\/jpeg"}],"twitter_card":"summary_large_image","twitter_misc":{"Disponibilidad":"Disponible"},"schema":{"@context":"https:\/\/schema.org","@graph":[{"@type":"WebPage","@id":"https:\/\/fizzyvape.eu\/es\/producto\/150k-puffs-ponche-de-frutas-tropicales-y-sandia-frambuesa-y-arandanos-coco-y-fresa-skittles\/","url":"https:\/\/fizzyvape.eu\/es\/producto\/150k-puffs-ponche-de-frutas-tropicales-y-sandia-frambuesa-y-arandanos-coco-y-fresa-skittles\/","name":"Ponche de Frutas Tropicales | Fizzy 150K Puffs Vape - 15 en 1 Sabores","isPartOf":{"@id":"https:\/\/www.fizzyvape.eu\/es\/#website"},"primaryImageOfPage":{"@id":"https:\/\/fizzyvape.eu\/es\/producto\/150k-puffs-ponche-de-frutas-tropicales-y-sandia-frambuesa-y-arandanos-coco-y-fresa-skittles\/#primaryimage"},"image":{"@id":"https:\/\/fizzyvape.eu\/es\/producto\/150k-puffs-ponche-de-frutas-tropicales-y-sandia-frambuesa-y-arandanos-coco-y-fresa-skittles\/#primaryimage"},"thumbnailUrl":"https:\/\/fizzyvape.eu\/wp-content\/uploads\/2026\/01\/Fizzy-15-in-1-150K-Puffs-Rechargeable-Disposable-Vape-Flavors-6-1.jpg","datePublished":"2026-01-19T10:20:30+00:00","description":"Explora el vaporizador desechable Fizzy 150K Puffs con Ponche de Frutas Tropicales, Frambuesa Sand\u00eda, Coco Ar\u00e1ndanos y Skittles Fresa. 150.000 caladas, sabor premium.","breadcrumb":{"@id":"https:\/\/fizzyvape.eu\/es\/producto\/150k-puffs-ponche-de-frutas-tropicales-y-sandia-frambuesa-y-arandanos-coco-y-fresa-skittles\/#breadcrumb"},"inLanguage":"es","potentialAction":[{"@type":"ReadAction","target":["https:\/\/fizzyvape.eu\/es\/producto\/150k-puffs-ponche-de-frutas-tropicales-y-sandia-frambuesa-y-arandanos-coco-y-fresa-skittles\/"]}]},{"@type":"ImageObject","inLanguage":"es","@id":"https:\/\/fizzyvape.eu\/es\/producto\/150k-puffs-ponche-de-frutas-tropicales-y-sandia-frambuesa-y-arandanos-coco-y-fresa-skittles\/#primaryimage","url":"https:\/\/fizzyvape.eu\/wp-content\/uploads\/2026\/01\/Fizzy-15-in-1-150K-Puffs-Rechargeable-Disposable-Vape-Flavors-6-1.jpg","contentUrl":"https:\/\/fizzyvape.eu\/wp-content\/uploads\/2026\/01\/Fizzy-15-in-1-150K-Puffs-Rechargeable-Disposable-Vape-Flavors-6-1.jpg","width":1000,"height":1000,"caption":"Fizzy 15-en-1 150K Puffs Recargable Vape Desechable Sabores 6"},{"@type":"BreadcrumbList","@id":"https:\/\/fizzyvape.eu\/es\/producto\/150k-puffs-ponche-de-frutas-tropicales-y-sandia-frambuesa-y-arandanos-coco-y-fresa-skittles\/#breadcrumb","itemListElement":[{"@type":"ListItem","position":1,"name":"Home","item":"https:\/\/fizzyvape.eu\/es\/"},{"@type":"ListItem","position":2,"name":"Tienda","item":"https:\/\/www.fizzyvape.eu\/es\/tienda\/"},{"@type":"ListItem","position":3,"name":"150K Puffs &#8211; Ponche de Frutas Tropicales y Sand\u00eda Frambuesa y Ar\u00e1ndanos Coco y Fresa Skittles"}]},{"@type":"WebSite","@id":"https:\/\/www.fizzyvape.eu\/es\/#website","url":"https:\/\/www.fizzyvape.eu\/es\/","name":"fizzyvape.eu","description":"Refreshing Vapes. Unforgettable Taste.","publisher":{"@id":"https:\/\/www.fizzyvape.eu\/es\/#organization"},"potentialAction":[{"@type":"SearchAction","target":{"@type":"EntryPoint","urlTemplate":"https:\/\/www.fizzyvape.eu\/es\/?s={search_term_string}"},"query-input":{"@type":"PropertyValueSpecification","valueRequired":true,"valueName":"search_term_string"}}],"inLanguage":"es"},{"@type":"Organization","@id":"https:\/\/www.fizzyvape.eu\/es\/#organization","name":"fizzyvape.eu","url":"https:\/\/www.fizzyvape.eu\/es\/","logo":{"@type":"ImageObject","inLanguage":"es","@id":"https:\/\/www.fizzyvape.eu\/es\/#\/schema\/logo\/image\/","url":"https:\/\/fizzyvape.eu\/wp-content\/uploads\/2019\/06\/print-1.svg","contentUrl":"https:\/\/fizzyvape.eu\/wp-content\/uploads\/2019\/06\/print-1.svg","width":124,"height":37,"caption":"fizzyvape.eu"},"image":{"@id":"https:\/\/www.fizzyvape.eu\/es\/#\/schema\/logo\/image\/"}}]},"og_availability":"instock","product_availability":"instock","product_condition":"new"},"tiered_pricing_type":"fixed","tiered_pricing_fixed_rules":[],"tiered_pricing_product_settings":{"layout":"default","base_unit_name":{"singular":null,"plural":null},"default_variation":null},"tiered_pricing_minimum_quantity":null,"tiered_pricing_roles_data":[],"tiered_pricing_percentage_rules":[],"tiered_pricing_maximum_quantity":null,"tiered_pricing_quantity_step":null,"_links":{"self":[{"href":"https:\/\/fizzyvape.eu\/es\/wp-json\/wp\/v2\/product\/39054","targetHints":{"allow":["GET"]}}],"collection":[{"href":"https:\/\/fizzyvape.eu\/es\/wp-json\/wp\/v2\/product"}],"about":[{"href":"https:\/\/fizzyvape.eu\/es\/wp-json\/wp\/v2\/types\/product"}],"replies":[{"embeddable":true,"href":"https:\/\/fizzyvape.eu\/es\/wp-json\/wp\/v2\/comments?post=39054"}],"version-history":[{"count":0,"href":"https:\/\/fizzyvape.eu\/es\/wp-json\/wp\/v2\/product\/39054\/revisions"}],"wp:featuredmedia":[{"embeddable":true,"href":"https:\/\/fizzyvape.eu\/es\/wp-json\/wp\/v2\/media\/38858"}],"wp:attachment":[{"href":"https:\/\/fizzyvape.eu\/es\/wp-json\/wp\/v2\/media?parent=39054"}],"wp:term":[{"taxonomy":"product_brand","embeddable":true,"href":"https:\/\/fizzyvape.eu\/es\/wp-json\/wp\/v2\/product_brand?post=39054"},{"taxonomy":"product_cat","embeddable":true,"href":"https:\/\/fizzyvape.eu\/es\/wp-json\/wp\/v2\/product_cat?post=39054"},{"taxonomy":"product_tag","embeddable":true,"href":"https:\/\/fizzyvape.eu\/es\/wp-json\/wp\/v2\/product_tag?post=39054"}],"curies":[{"name":"wp","href":"https:\/\/api.w.org\/{rel}","templated":true}]}}