{"id":39102,"date":"2026-01-19T18:20:33","date_gmt":"2026-01-19T10:20:33","guid":{"rendered":"https:\/\/fizzyvape.eu\/product\/150k-puffs-amor-66-y-fresa-kiwi-y-sandia-arandanos-y-frambuesa-limonada\/"},"modified":"2026-01-19T18:20:33","modified_gmt":"2026-01-19T10:20:33","slug":"150k-puffs-amor-66-y-fresa-kiwi-y-sandia-arandanos-y-frambuesa-limonada","status":"publish","type":"product","link":"https:\/\/fizzyvape.eu\/es\/producto\/150k-puffs-amor-66-y-fresa-kiwi-y-sandia-arandanos-y-frambuesa-limonada\/","title":{"rendered":"150K Puffs &#8211; Amor 66 y Fresa Kiwi y Sand\u00eda Ar\u00e1ndanos y Frambuesa Limonada"},"content":{"rendered":"<p><img decoding=\"async\" class=\"wp-image-38860 size-large\" src=\"https:\/\/fizzyvape.eu\/wp-content\/uploads\/2026\/01\/Fizzy-15-in-1-150K-Puffs-Rechargeable-Disposable-Vape-Flavors-7-1-800x800.jpg\" alt=\"Fizzy 15 en 1 150K Puffs Recargables Desechables Vape Sabores 7\" width=\"800\" height=\"800\" srcset=\"https:\/\/fizzyvape.eu\/wp-content\/uploads\/2026\/01\/Fizzy-15-in-1-150K-Puffs-Rechargeable-Disposable-Vape-Flavors-7-1-800x800.jpg 800w, https:\/\/fizzyvape.eu\/wp-content\/uploads\/2026\/01\/Fizzy-15-in-1-150K-Puffs-Rechargeable-Disposable-Vape-Flavors-7-1-300x300.jpg 300w, https:\/\/fizzyvape.eu\/wp-content\/uploads\/2026\/01\/Fizzy-15-in-1-150K-Puffs-Rechargeable-Disposable-Vape-Flavors-7-1-150x150.jpg 150w, https:\/\/fizzyvape.eu\/wp-content\/uploads\/2026\/01\/Fizzy-15-in-1-150K-Puffs-Rechargeable-Disposable-Vape-Flavors-7-1-768x768.jpg 768w, https:\/\/fizzyvape.eu\/wp-content\/uploads\/2026\/01\/Fizzy-15-in-1-150K-Puffs-Rechargeable-Disposable-Vape-Flavors-7-1-100x100.jpg 100w, https:\/\/fizzyvape.eu\/wp-content\/uploads\/2026\/01\/Fizzy-15-in-1-150K-Puffs-Rechargeable-Disposable-Vape-Flavors-7-1-200x200.jpg 200w, https:\/\/fizzyvape.eu\/wp-content\/uploads\/2026\/01\/Fizzy-15-in-1-150K-Puffs-Rechargeable-Disposable-Vape-Flavors-7-1-400x400.jpg 400w, https:\/\/fizzyvape.eu\/wp-content\/uploads\/2026\/01\/Fizzy-15-in-1-150K-Puffs-Rechargeable-Disposable-Vape-Flavors-7-1-500x500.jpg 500w, https:\/\/fizzyvape.eu\/wp-content\/uploads\/2026\/01\/Fizzy-15-in-1-150K-Puffs-Rechargeable-Disposable-Vape-Flavors-7-1-430x430.jpg 430w, https:\/\/fizzyvape.eu\/wp-content\/uploads\/2026\/01\/Fizzy-15-in-1-150K-Puffs-Rechargeable-Disposable-Vape-Flavors-7-1-700x700.jpg 700w, https:\/\/fizzyvape.eu\/wp-content\/uploads\/2026\/01\/Fizzy-15-in-1-150K-Puffs-Rechargeable-Disposable-Vape-Flavors-7-1.jpg 1000w\" sizes=\"(max-width: 800px) 100vw, 800px\" \/><\/p>\n<h2>Fizzy 150K Puffs &#8211; Amor 66 y Fresa Kiwi y Sand\u00eda Ar\u00e1ndanos y Frambuesa Limonada<\/h2>\n<p><b>\ud83c\udf2c\ufe0f 150.000 Puffs. 15 sabores. La experiencia definitiva de la shisha moderna.  <\/b><\/p>\n<p>Eleva tu juego de vapear con el <b>vapeador desechable Fizzy 150K Puffs<\/b>, el rey indiscutible de la capacidad y la variedad. Esta edici\u00f3n trae la legendaria vibraci\u00f3n de la shisha &#8220;Love 66&#8221; junto con una refrescante gama de bayas y limonada. Con un enorme <b>dep\u00f3sito de 80 ml<\/b> y un <b>sistema de cambio inteligente 15 en 1<\/b>, este dispositivo te garantiza que nunca m\u00e1s tendr\u00e1s que conformarte con un solo sabor.  <\/p>\n<h2><b>\ud83c\udf08 La mezcla maestra de 4 c\u00e1psulas<\/b><\/h2>\n<p>Este <b>vaporizador desechable 150K Puffs<\/b> incluye cuatro c\u00e1psulas de sabores distintos de 20 ml. Cambia entre ellas o <b>m\u00e9zclalas en 15 combinaciones h\u00edbridas \u00fanicas<\/b>: <\/p>\n<ul>\n<li><b><span class=\"citation-3\">\u2764\ufe0f Amor 66:<\/span><\/b><span class=\"citation-3 citation-end-3\"> La mundialmente famosa mezcla para shisha de mel\u00f3n dulce, fruta de la pasi\u00f3n tropical y un toque de menta fresca.<\/span><\/li>\n<li><b>\ud83c\udf53 Fresa Kiwi:<\/b> Un equilibrio cl\u00e1sico y refrescante de fresas de campo dulces y kiwi \u00e1cido.<\/li>\n<li><b>\ud83e\uded0 Sand\u00eda y Ar\u00e1ndanos:<\/b> Una jugosa explosi\u00f3n de sand\u00eda veraniega combinada con ar\u00e1ndanos maduros y dulces.<\/li>\n<li><b>\ud83c\udf4b Limonada de Frambuesa:<\/b> Una sabrosa base de limonada efervescente infusionada con agrias frambuesas recogidas a mano.<\/li>\n<\/ul>\n<p><img decoding=\"async\" class=\"wp-image-38407 size-full\" src=\"https:\/\/fizzyvape.eu\/wp-content\/uploads\/2025\/12\/Fizzy-150K-Puffs-Disposable-Vape-5-scaled.jpg\" alt=\"Fizzy 150K Puffs Vape Desechable - 5\" width=\"1663\" height=\"2560\" srcset=\"https:\/\/fizzyvape.eu\/wp-content\/uploads\/2025\/12\/Fizzy-150K-Puffs-Disposable-Vape-5-scaled.jpg 1663w, https:\/\/fizzyvape.eu\/wp-content\/uploads\/2025\/12\/Fizzy-150K-Puffs-Disposable-Vape-5-195x300.jpg 195w, https:\/\/fizzyvape.eu\/wp-content\/uploads\/2025\/12\/Fizzy-150K-Puffs-Disposable-Vape-5-520x800.jpg 520w, https:\/\/fizzyvape.eu\/wp-content\/uploads\/2025\/12\/Fizzy-150K-Puffs-Disposable-Vape-5-768x1182.jpg 768w, https:\/\/fizzyvape.eu\/wp-content\/uploads\/2025\/12\/Fizzy-150K-Puffs-Disposable-Vape-5-998x1536.jpg 998w, https:\/\/fizzyvape.eu\/wp-content\/uploads\/2025\/12\/Fizzy-150K-Puffs-Disposable-Vape-5-1330x2048.jpg 1330w, https:\/\/fizzyvape.eu\/wp-content\/uploads\/2025\/12\/Fizzy-150K-Puffs-Disposable-Vape-5-430x662.jpg 430w, https:\/\/fizzyvape.eu\/wp-content\/uploads\/2025\/12\/Fizzy-150K-Puffs-Disposable-Vape-5-700x1078.jpg 700w, https:\/\/fizzyvape.eu\/wp-content\/uploads\/2025\/12\/Fizzy-150K-Puffs-Disposable-Vape-5-150x231.jpg 150w\" sizes=\"(max-width: 1663px) 100vw, 1663px\" \/><\/p>\n<h2><b>\ud83d\udce6 Especificaciones<\/b><\/h2>\n<table>\n<thead>\n<tr>\n<td><strong>Caracter\u00edstica<\/strong><\/td>\n<td><strong>Datos t\u00e9cnicos B2B<\/strong><\/td>\n<\/tr>\n<\/thead>\n<tbody>\n<tr>\n<td><b>Cantidad de Puffs<\/b><\/td>\n<td>Hasta 150.000 caladas<\/td>\n<\/tr>\n<tr>\n<td><b>Capacidad de E-l\u00edquido<\/b><\/td>\n<td><b>80 ml en total (20 ml x 4 c\u00e1psulas independientes)<\/b><\/td>\n<\/tr>\n<tr>\n<td><b>Bater\u00eda<\/b><\/td>\n<td>1000 mAh de cobalto puro (recargable tipo C)<\/td>\n<\/tr>\n<tr>\n<td><b>Modos de sabor<\/b><\/td>\n<td><b>15 Combinaciones Inteligentes (A\/B\/C\/D + H\u00edbridos)<\/b><\/td>\n<\/tr>\n<tr>\n<td><b>Sistema de espiral<\/b><\/td>\n<td>Quad-Mesh 1.0\u03a9 (suministro de alta consistencia)<\/td>\n<\/tr>\n<tr>\n<td><b>Embalaje<\/b><\/td>\n<td>Cajas expositoras listas para la venta<\/td>\n<\/tr>\n<\/tbody>\n<\/table>\n<h2><b>\ud83c\udfa8Fizzy<\/b>15-en-1 150K Puffs Recargable <strong>Vape Desechable Lista de Sabores:<\/strong><\/h2>\n<ol>\n<li><a href=\"https:\/\/fizzyvape.eu\/es\/producto\/150k-puffs-hielo-de-sandia-red-bull-frambuesa-fresa-triple-hielo-de-melon\/\">hielo de sand\u00eda &amp; toro rojo &amp; frambuesa fresa &amp; triple hielo de mel\u00f3n<\/a><\/li>\n<li><a href=\"https:\/\/fizzyvape.eu\/es\/producto\/150k-puffs-fresa-helada-y-kiwi-fruta-de-la-pasion-guayaba-y-melocoton-mango-sandia-y-uva-burst\/\">fresa hielo &amp; kiwi fruta de la pasi\u00f3n guayaba &amp; melocot\u00f3n mango sand\u00eda &amp; uva burst<\/a><\/li>\n<li><a href=\"https:\/\/fizzyvape.eu\/es\/producto\/150k-puffs-red-bull-y-fresa-kiwi-granada-y-arandanos-hielo-y-pina-coco\/\">red bull &amp; fresa kiwi granada &amp; ar\u00e1ndano hielo &amp; pi\u00f1a coco<\/a><\/li>\n<li><a href=\"https:\/\/fizzyvape.eu\/es\/producto\/150k-puffs-fresa-kiwi-frutas-del-bosque-sandia-chicle-melocoton-jugoso\/\">fresa kiwi &amp; bayas mixtas &amp; sand\u00eda chicle &amp; melocot\u00f3n jugoso<\/a><\/li>\n<li><a href=\"https:\/\/fizzyvape.eu\/es\/producto\/150k-puffs-frambuesa-arandano-fresa-hielo-limonada-blue-razz-gomita-sandia\/\">ar\u00e1ndano frambuesa &amp; fresa hielo &amp; limonada blue razz &amp; gominola sand\u00eda<\/a><\/li>\n<li><a href=\"https:\/\/fizzyvape.eu\/es\/producto\/150k-puffs-ponche-de-frutas-tropicales-y-sandia-frambuesa-y-arandanos-coco-y-fresa-skittles\/\">ponche de frutas tropicales y sand\u00eda frambuesa y ar\u00e1ndanos coco y fresa skittles<\/a><\/li>\n<li><a href=\"https:\/\/fizzyvape.eu\/es\/producto\/150k-puffs-amor-66-y-fresa-kiwi-y-sandia-arandanos-y-frambuesa-limonada\/\">amor 66 y fresa kiwi y sand\u00eda ar\u00e1ndano y frambuesa limonada<\/a><\/li>\n<li><a href=\"https:\/\/fizzyvape.eu\/producto\/fizzy-150k-puffs-fizzy-cola-berry-set\/\">baya mixta y pi\u00f1a melocot\u00f3n fruta de la pasi\u00f3n y cola efervescente y fresa frambuesa<\/a><\/li>\n<li><a href=\"https:\/\/fizzyvape.eu\/producto\/fizzy-150k-puffs-blue-razz-raspberry-set\/\">blue razz rapsberry y sand\u00eda cereza hielo y fresa uva y fruta de la pasi\u00f3n naranja melocot\u00f3n<\/a><\/li>\n<li><a href=\"https:\/\/fizzyvape.eu\/producto\/fizzy-150k-puffs-fizzy-cherry-citrus-set\/\">cereza con gas &amp; fresa fruta del drag\u00f3n &amp; lim\u00f3n lima &amp; sand\u00eda ar\u00e1ndano<\/a><\/li>\n<li><a href=\"https:\/\/fizzyvape.eu\/producto\/fizzy-150k-puffs-vanilla-coke-berry-set\/\">coca de vainilla y fresa &amp; frambuesa &amp; sand\u00eda hielo &amp; cereza baya<\/a><\/li>\n<li><a href=\"https:\/\/fizzyvape.eu\/producto\/fizzy-150k-puffs-mojito-ice-set\/\">ar\u00e1ndano helado &amp; fresa sand\u00eda &amp; mojito &amp; kiwi fruta de la pasi\u00f3n guayaba<\/a><\/li>\n<\/ol>\n<h2><b>\ud83d\udc8e Por qu\u00e9 Fizzy 150K es la mejor elecci\u00f3n<\/b><\/h2>\n<ul>\n<li><b>\u26a1 150.000 Puffs:<\/b> Posee el <b>vaporizador desechable 150K Pu<\/b> ffs m\u00e1s duradero del mercado. Ofrece un valor incre\u00edble, durando m\u00e1s que 20 desechables est\u00e1ndar juntos. <\/li>\n<li><b>\ud83d\udd04 15 en 1 Flavor Tech:<\/b> \u00bfPor qu\u00e9 llevar cuatro vaporizadores? Cambia entre c\u00e1psulas independientes o m\u00e9zclalas para crear tus propias mezclas &#8220;Love 66 Lemonade&#8221; o &#8220;Strawberry Blueberry&#8221; al instante. <\/li>\n<li><b>\ud83d\udcf1 Hub LED inteligente:<\/b> Mant\u00e9n el control con una pantalla de alta definici\u00f3n que muestra el <b>% de bater\u00eda<\/b> y <b>los niveles de zumo<\/b> de cada una de las 4 c\u00e1psulas individuales.<\/li>\n<li><b>\ud83d\udca8 Rendimiento Quad-Mesh:<\/b> Con <b>4 bobinas independientes de malla de 1,0 \u03a9<\/b>. Cada sabor se mantiene puro, n\u00edtido y separado, garantizando cero contaminaci\u00f3n de sabor. <\/li>\n<li><b>\ud83d\udd0b Potencia masiva:<\/b> Una bater\u00eda de cobalto puro de 1000 mAh combinada con la carga r\u00e1pida Tipo-C te mantiene con energ\u00eda toda la semana.<\/li>\n<\/ul>\n<h2><b>\u2753 Preguntas frecuentes r\u00e1pidas<\/b><\/h2>\n<p><b>P: \u00bfQu\u00e9 es el sabor &#8220;Amor 66&#8221;?<\/b><\/p>\n<p><span class=\"citation-2 citation-end-2\">R: Love 66 es un popular sabor inspirado en la shisha, conocido por su mezcla de mel\u00f3n dulce, fruta de la pasi\u00f3n y notas florales con un final refrescante.<\/span> Es uno de los perfiles m\u00e1s buscados en esta edici\u00f3n de <b>vapeo desechable de 150K Puffs<\/b>.<\/p>\n<p><b>P: \u00bfPuedo mezclar los 4 sabores a la vez?<\/b><\/p>\n<p>R: \u00a1S\u00ed! La palanca inteligente te permite activar varias c\u00e1psulas simult\u00e1neamente para crear &#8220;supermezclas&#8221; complejas de varias capas. <\/p>\n<p><b>P: \u00bfEs aut\u00e9ntico?<\/b><\/p>\n<p>R: Por supuesto. Todos los dispositivos Fizzy que se venden aqu\u00ed incluyen un c\u00f3digo de seguridad exclusivo para su verificaci\u00f3n oficial en el sitio web de Fizzy. <\/p>\n","protected":false},"excerpt":{"rendered":"[html_block id=\"38779\"]\n","protected":false},"featured_media":38867,"comment_status":"open","ping_status":"closed","template":"","meta":{"iawp_total_views":4},"product_brand":[],"product_cat":[1000],"product_tag":[],"class_list":{"0":"post-39102","1":"product","2":"type-product","3":"status-publish","4":"has-post-thumbnail","6":"product_cat-vaporizador-desechable-recargable-fizzy-150k-de-150-000-caladas-en-15-sabores-diferentes","8":"first","9":"instock","10":"sale","11":"shipping-taxable","12":"purchasable","13":"product-type-variable"},"yoast_head":"<!-- This site is optimized with the Yoast SEO Premium plugin v24.8 (Yoast SEO v27.4) - https:\/\/yoast.com\/product\/yoast-seo-premium-wordpress\/ -->\n<title>Amor 66 y Limonada de Frambuesa | Fizzy 150K Vape<\/title>\n<meta name=\"description\" content=\"Vaporizador desechable Fizzy 150K Puffs con Love 66, Fresa Kiwi, Sand\u00eda Ar\u00e1ndano y Frambuesa Limonada. Dispositivo recargable con flujo de aire suave.\" \/>\n<meta name=\"robots\" content=\"index, follow, max-snippet:-1, max-image-preview:large, max-video-preview:-1\" \/>\n<link rel=\"canonical\" href=\"https:\/\/fizzyvape.eu\/es\/producto\/150k-puffs-amor-66-y-fresa-kiwi-y-sandia-arandanos-y-frambuesa-limonada\/\" \/>\n<meta property=\"og:locale\" content=\"es_ES\" \/>\n<meta property=\"og:type\" content=\"article\" \/>\n<meta property=\"og:title\" content=\"150K Puffs - Amor 66 y Fresa Kiwi y Sand\u00eda Ar\u00e1ndanos y Frambuesa Limonada\" \/>\n<meta property=\"og:description\" content=\"Vaporizador desechable Fizzy 150K Puffs con Love 66, Fresa Kiwi, Sand\u00eda Ar\u00e1ndano y Frambuesa Limonada. Dispositivo recargable con flujo de aire suave.\" \/>\n<meta property=\"og:url\" content=\"https:\/\/fizzyvape.eu\/es\/producto\/150k-puffs-amor-66-y-fresa-kiwi-y-sandia-arandanos-y-frambuesa-limonada\/\" \/>\n<meta property=\"og:site_name\" content=\"fizzyvape.eu\" \/>\n<meta property=\"og:image\" content=\"https:\/\/fizzyvape.eu\/wp-content\/uploads\/2026\/01\/Fizzy-15-in-1-150K-Puffs-Rechargeable-Disposable-Vape-Flavors-7-1.jpg\" \/>\n\t<meta property=\"og:image:width\" content=\"1000\" \/>\n\t<meta property=\"og:image:height\" content=\"1000\" \/>\n\t<meta property=\"og:image:type\" content=\"image\/jpeg\" \/>\n<meta name=\"twitter:card\" content=\"summary_large_image\" \/>\n<meta name=\"twitter:label1\" content=\"Disponibilidad\" \/>\n\t<meta name=\"twitter:data1\" content=\"Disponible\" \/>\n<script type=\"application\/ld+json\" class=\"yoast-schema-graph\">{\"@context\":\"https:\\\/\\\/schema.org\",\"@graph\":[{\"@type\":\"WebPage\",\"@id\":\"https:\\\/\\\/fizzyvape.eu\\\/es\\\/producto\\\/150k-puffs-amor-66-y-fresa-kiwi-y-sandia-arandanos-y-frambuesa-limonada\\\/\",\"url\":\"https:\\\/\\\/fizzyvape.eu\\\/es\\\/producto\\\/150k-puffs-amor-66-y-fresa-kiwi-y-sandia-arandanos-y-frambuesa-limonada\\\/\",\"name\":\"Amor 66 y Limonada de Frambuesa | Fizzy 150K Vape\",\"isPartOf\":{\"@id\":\"https:\\\/\\\/www.fizzyvape.eu\\\/es\\\/#website\"},\"primaryImageOfPage\":{\"@id\":\"https:\\\/\\\/fizzyvape.eu\\\/es\\\/producto\\\/150k-puffs-amor-66-y-fresa-kiwi-y-sandia-arandanos-y-frambuesa-limonada\\\/#primaryimage\"},\"image\":{\"@id\":\"https:\\\/\\\/fizzyvape.eu\\\/es\\\/producto\\\/150k-puffs-amor-66-y-fresa-kiwi-y-sandia-arandanos-y-frambuesa-limonada\\\/#primaryimage\"},\"thumbnailUrl\":\"https:\\\/\\\/fizzyvape.eu\\\/wp-content\\\/uploads\\\/2026\\\/01\\\/Fizzy-15-in-1-150K-Puffs-Rechargeable-Disposable-Vape-Flavors-7-1.jpg\",\"datePublished\":\"2026-01-19T10:20:33+00:00\",\"description\":\"Vaporizador desechable Fizzy 150K Puffs con Love 66, Fresa Kiwi, Sand\u00eda Ar\u00e1ndano y Frambuesa Limonada. Dispositivo recargable con flujo de aire suave.\",\"breadcrumb\":{\"@id\":\"https:\\\/\\\/fizzyvape.eu\\\/es\\\/producto\\\/150k-puffs-amor-66-y-fresa-kiwi-y-sandia-arandanos-y-frambuesa-limonada\\\/#breadcrumb\"},\"inLanguage\":\"es\",\"potentialAction\":[{\"@type\":\"ReadAction\",\"target\":[\"https:\\\/\\\/fizzyvape.eu\\\/es\\\/producto\\\/150k-puffs-amor-66-y-fresa-kiwi-y-sandia-arandanos-y-frambuesa-limonada\\\/\"]}]},{\"@type\":\"ImageObject\",\"inLanguage\":\"es\",\"@id\":\"https:\\\/\\\/fizzyvape.eu\\\/es\\\/producto\\\/150k-puffs-amor-66-y-fresa-kiwi-y-sandia-arandanos-y-frambuesa-limonada\\\/#primaryimage\",\"url\":\"https:\\\/\\\/fizzyvape.eu\\\/wp-content\\\/uploads\\\/2026\\\/01\\\/Fizzy-15-in-1-150K-Puffs-Rechargeable-Disposable-Vape-Flavors-7-1.jpg\",\"contentUrl\":\"https:\\\/\\\/fizzyvape.eu\\\/wp-content\\\/uploads\\\/2026\\\/01\\\/Fizzy-15-in-1-150K-Puffs-Rechargeable-Disposable-Vape-Flavors-7-1.jpg\",\"width\":1000,\"height\":1000,\"caption\":\"Fizzy 15 en 1 150K Puffs Recargables Desechables Vape Sabores 7\"},{\"@type\":\"BreadcrumbList\",\"@id\":\"https:\\\/\\\/fizzyvape.eu\\\/es\\\/producto\\\/150k-puffs-amor-66-y-fresa-kiwi-y-sandia-arandanos-y-frambuesa-limonada\\\/#breadcrumb\",\"itemListElement\":[{\"@type\":\"ListItem\",\"position\":1,\"name\":\"Home\",\"item\":\"https:\\\/\\\/fizzyvape.eu\\\/es\\\/\"},{\"@type\":\"ListItem\",\"position\":2,\"name\":\"Tienda\",\"item\":\"https:\\\/\\\/www.fizzyvape.eu\\\/es\\\/tienda\\\/\"},{\"@type\":\"ListItem\",\"position\":3,\"name\":\"150K Puffs &#8211; Amor 66 y Fresa Kiwi y Sand\u00eda Ar\u00e1ndanos y Frambuesa Limonada\"}]},{\"@type\":\"WebSite\",\"@id\":\"https:\\\/\\\/www.fizzyvape.eu\\\/es\\\/#website\",\"url\":\"https:\\\/\\\/www.fizzyvape.eu\\\/es\\\/\",\"name\":\"fizzyvape.eu\",\"description\":\"Refreshing Vapes. Unforgettable Taste.\",\"publisher\":{\"@id\":\"https:\\\/\\\/www.fizzyvape.eu\\\/es\\\/#organization\"},\"potentialAction\":[{\"@type\":\"SearchAction\",\"target\":{\"@type\":\"EntryPoint\",\"urlTemplate\":\"https:\\\/\\\/www.fizzyvape.eu\\\/es\\\/?s={search_term_string}\"},\"query-input\":{\"@type\":\"PropertyValueSpecification\",\"valueRequired\":true,\"valueName\":\"search_term_string\"}}],\"inLanguage\":\"es\"},{\"@type\":\"Organization\",\"@id\":\"https:\\\/\\\/www.fizzyvape.eu\\\/es\\\/#organization\",\"name\":\"fizzyvape.eu\",\"url\":\"https:\\\/\\\/www.fizzyvape.eu\\\/es\\\/\",\"logo\":{\"@type\":\"ImageObject\",\"inLanguage\":\"es\",\"@id\":\"https:\\\/\\\/www.fizzyvape.eu\\\/es\\\/#\\\/schema\\\/logo\\\/image\\\/\",\"url\":\"https:\\\/\\\/fizzyvape.eu\\\/wp-content\\\/uploads\\\/2019\\\/06\\\/print-1.svg\",\"contentUrl\":\"https:\\\/\\\/fizzyvape.eu\\\/wp-content\\\/uploads\\\/2019\\\/06\\\/print-1.svg\",\"width\":124,\"height\":37,\"caption\":\"fizzyvape.eu\"},\"image\":{\"@id\":\"https:\\\/\\\/www.fizzyvape.eu\\\/es\\\/#\\\/schema\\\/logo\\\/image\\\/\"}}]}<\/script>\n<meta property=\"og:availability\" content=\"instock\" \/>\n<meta property=\"product:availability\" content=\"instock\" \/>\n<meta property=\"product:condition\" content=\"new\" \/>\n<!-- \/ Yoast SEO Premium plugin. -->","yoast_head_json":{"title":"Amor 66 y Limonada de Frambuesa | Fizzy 150K Vape","description":"Vaporizador desechable Fizzy 150K Puffs con Love 66, Fresa Kiwi, Sand\u00eda Ar\u00e1ndano y Frambuesa Limonada. Dispositivo recargable con flujo de aire suave.","robots":{"index":"index","follow":"follow","max-snippet":"max-snippet:-1","max-image-preview":"max-image-preview:large","max-video-preview":"max-video-preview:-1"},"canonical":"https:\/\/fizzyvape.eu\/es\/producto\/150k-puffs-amor-66-y-fresa-kiwi-y-sandia-arandanos-y-frambuesa-limonada\/","og_locale":"es_ES","og_type":"article","og_title":"150K Puffs - Amor 66 y Fresa Kiwi y Sand\u00eda Ar\u00e1ndanos y Frambuesa Limonada","og_description":"Vaporizador desechable Fizzy 150K Puffs con Love 66, Fresa Kiwi, Sand\u00eda Ar\u00e1ndano y Frambuesa Limonada. Dispositivo recargable con flujo de aire suave.","og_url":"https:\/\/fizzyvape.eu\/es\/producto\/150k-puffs-amor-66-y-fresa-kiwi-y-sandia-arandanos-y-frambuesa-limonada\/","og_site_name":"fizzyvape.eu","og_image":[{"width":1000,"height":1000,"url":"https:\/\/fizzyvape.eu\/wp-content\/uploads\/2026\/01\/Fizzy-15-in-1-150K-Puffs-Rechargeable-Disposable-Vape-Flavors-7-1.jpg","type":"image\/jpeg"}],"twitter_card":"summary_large_image","twitter_misc":{"Disponibilidad":"Disponible"},"schema":{"@context":"https:\/\/schema.org","@graph":[{"@type":"WebPage","@id":"https:\/\/fizzyvape.eu\/es\/producto\/150k-puffs-amor-66-y-fresa-kiwi-y-sandia-arandanos-y-frambuesa-limonada\/","url":"https:\/\/fizzyvape.eu\/es\/producto\/150k-puffs-amor-66-y-fresa-kiwi-y-sandia-arandanos-y-frambuesa-limonada\/","name":"Amor 66 y Limonada de Frambuesa | Fizzy 150K Vape","isPartOf":{"@id":"https:\/\/www.fizzyvape.eu\/es\/#website"},"primaryImageOfPage":{"@id":"https:\/\/fizzyvape.eu\/es\/producto\/150k-puffs-amor-66-y-fresa-kiwi-y-sandia-arandanos-y-frambuesa-limonada\/#primaryimage"},"image":{"@id":"https:\/\/fizzyvape.eu\/es\/producto\/150k-puffs-amor-66-y-fresa-kiwi-y-sandia-arandanos-y-frambuesa-limonada\/#primaryimage"},"thumbnailUrl":"https:\/\/fizzyvape.eu\/wp-content\/uploads\/2026\/01\/Fizzy-15-in-1-150K-Puffs-Rechargeable-Disposable-Vape-Flavors-7-1.jpg","datePublished":"2026-01-19T10:20:33+00:00","description":"Vaporizador desechable Fizzy 150K Puffs con Love 66, Fresa Kiwi, Sand\u00eda Ar\u00e1ndano y Frambuesa Limonada. Dispositivo recargable con flujo de aire suave.","breadcrumb":{"@id":"https:\/\/fizzyvape.eu\/es\/producto\/150k-puffs-amor-66-y-fresa-kiwi-y-sandia-arandanos-y-frambuesa-limonada\/#breadcrumb"},"inLanguage":"es","potentialAction":[{"@type":"ReadAction","target":["https:\/\/fizzyvape.eu\/es\/producto\/150k-puffs-amor-66-y-fresa-kiwi-y-sandia-arandanos-y-frambuesa-limonada\/"]}]},{"@type":"ImageObject","inLanguage":"es","@id":"https:\/\/fizzyvape.eu\/es\/producto\/150k-puffs-amor-66-y-fresa-kiwi-y-sandia-arandanos-y-frambuesa-limonada\/#primaryimage","url":"https:\/\/fizzyvape.eu\/wp-content\/uploads\/2026\/01\/Fizzy-15-in-1-150K-Puffs-Rechargeable-Disposable-Vape-Flavors-7-1.jpg","contentUrl":"https:\/\/fizzyvape.eu\/wp-content\/uploads\/2026\/01\/Fizzy-15-in-1-150K-Puffs-Rechargeable-Disposable-Vape-Flavors-7-1.jpg","width":1000,"height":1000,"caption":"Fizzy 15 en 1 150K Puffs Recargables Desechables Vape Sabores 7"},{"@type":"BreadcrumbList","@id":"https:\/\/fizzyvape.eu\/es\/producto\/150k-puffs-amor-66-y-fresa-kiwi-y-sandia-arandanos-y-frambuesa-limonada\/#breadcrumb","itemListElement":[{"@type":"ListItem","position":1,"name":"Home","item":"https:\/\/fizzyvape.eu\/es\/"},{"@type":"ListItem","position":2,"name":"Tienda","item":"https:\/\/www.fizzyvape.eu\/es\/tienda\/"},{"@type":"ListItem","position":3,"name":"150K Puffs &#8211; Amor 66 y Fresa Kiwi y Sand\u00eda Ar\u00e1ndanos y Frambuesa Limonada"}]},{"@type":"WebSite","@id":"https:\/\/www.fizzyvape.eu\/es\/#website","url":"https:\/\/www.fizzyvape.eu\/es\/","name":"fizzyvape.eu","description":"Refreshing Vapes. Unforgettable Taste.","publisher":{"@id":"https:\/\/www.fizzyvape.eu\/es\/#organization"},"potentialAction":[{"@type":"SearchAction","target":{"@type":"EntryPoint","urlTemplate":"https:\/\/www.fizzyvape.eu\/es\/?s={search_term_string}"},"query-input":{"@type":"PropertyValueSpecification","valueRequired":true,"valueName":"search_term_string"}}],"inLanguage":"es"},{"@type":"Organization","@id":"https:\/\/www.fizzyvape.eu\/es\/#organization","name":"fizzyvape.eu","url":"https:\/\/www.fizzyvape.eu\/es\/","logo":{"@type":"ImageObject","inLanguage":"es","@id":"https:\/\/www.fizzyvape.eu\/es\/#\/schema\/logo\/image\/","url":"https:\/\/fizzyvape.eu\/wp-content\/uploads\/2019\/06\/print-1.svg","contentUrl":"https:\/\/fizzyvape.eu\/wp-content\/uploads\/2019\/06\/print-1.svg","width":124,"height":37,"caption":"fizzyvape.eu"},"image":{"@id":"https:\/\/www.fizzyvape.eu\/es\/#\/schema\/logo\/image\/"}}]},"og_availability":"instock","product_availability":"instock","product_condition":"new"},"tiered_pricing_type":"fixed","tiered_pricing_fixed_rules":[],"tiered_pricing_product_settings":{"layout":"default","base_unit_name":{"singular":null,"plural":null},"default_variation":null},"tiered_pricing_minimum_quantity":null,"tiered_pricing_roles_data":[],"tiered_pricing_percentage_rules":[],"tiered_pricing_maximum_quantity":null,"tiered_pricing_quantity_step":null,"_links":{"self":[{"href":"https:\/\/fizzyvape.eu\/es\/wp-json\/wp\/v2\/product\/39102","targetHints":{"allow":["GET"]}}],"collection":[{"href":"https:\/\/fizzyvape.eu\/es\/wp-json\/wp\/v2\/product"}],"about":[{"href":"https:\/\/fizzyvape.eu\/es\/wp-json\/wp\/v2\/types\/product"}],"replies":[{"embeddable":true,"href":"https:\/\/fizzyvape.eu\/es\/wp-json\/wp\/v2\/comments?post=39102"}],"version-history":[{"count":0,"href":"https:\/\/fizzyvape.eu\/es\/wp-json\/wp\/v2\/product\/39102\/revisions"}],"wp:featuredmedia":[{"embeddable":true,"href":"https:\/\/fizzyvape.eu\/es\/wp-json\/wp\/v2\/media\/38867"}],"wp:attachment":[{"href":"https:\/\/fizzyvape.eu\/es\/wp-json\/wp\/v2\/media?parent=39102"}],"wp:term":[{"taxonomy":"product_brand","embeddable":true,"href":"https:\/\/fizzyvape.eu\/es\/wp-json\/wp\/v2\/product_brand?post=39102"},{"taxonomy":"product_cat","embeddable":true,"href":"https:\/\/fizzyvape.eu\/es\/wp-json\/wp\/v2\/product_cat?post=39102"},{"taxonomy":"product_tag","embeddable":true,"href":"https:\/\/fizzyvape.eu\/es\/wp-json\/wp\/v2\/product_tag?post=39102"}],"curies":[{"name":"wp","href":"https:\/\/api.w.org\/{rel}","templated":true}]}}