{"id":39120,"date":"2026-01-19T18:20:37","date_gmt":"2026-01-19T10:20:37","guid":{"rendered":"https:\/\/fizzyvape.eu\/product\/150k-puffs-blue-razz-rapsberry-sandia-cereza-helada-fresa-uva-fruta-de-la-pasion-naranja-melocoton\/"},"modified":"2026-01-19T18:20:37","modified_gmt":"2026-01-19T10:20:37","slug":"150k-puffs-blue-razz-rapsberry-sandia-cereza-helada-fresa-uva-fruta-de-la-pasion-naranja-melocoton","status":"publish","type":"product","link":"https:\/\/fizzyvape.eu\/es\/producto\/150k-puffs-blue-razz-rapsberry-sandia-cereza-helada-fresa-uva-fruta-de-la-pasion-naranja-melocoton\/","title":{"rendered":"150K Puffs &#8211; Blue Razz Rapsberry &amp; Sand\u00eda Cereza Helada &amp; Fresa Uva &amp; Fruta de la Pasi\u00f3n Naranja Melocot\u00f3n"},"content":{"rendered":"<p><img decoding=\"async\" class=\"wp-image-38869 size-large\" src=\"https:\/\/fizzyvape.eu\/wp-content\/uploads\/2026\/01\/Fizzy-15-in-1-150K-Puffs-Rechargeable-Disposable-Vape-Flavors-8-1-800x800.jpg\" alt=\"Fizzy 15 en 1 150K Puffs Recargables Desechables Vape Sabores 8\" width=\"800\" height=\"800\" srcset=\"https:\/\/fizzyvape.eu\/wp-content\/uploads\/2026\/01\/Fizzy-15-in-1-150K-Puffs-Rechargeable-Disposable-Vape-Flavors-8-1-800x800.jpg 800w, https:\/\/fizzyvape.eu\/wp-content\/uploads\/2026\/01\/Fizzy-15-in-1-150K-Puffs-Rechargeable-Disposable-Vape-Flavors-8-1-300x300.jpg 300w, https:\/\/fizzyvape.eu\/wp-content\/uploads\/2026\/01\/Fizzy-15-in-1-150K-Puffs-Rechargeable-Disposable-Vape-Flavors-8-1-150x150.jpg 150w, https:\/\/fizzyvape.eu\/wp-content\/uploads\/2026\/01\/Fizzy-15-in-1-150K-Puffs-Rechargeable-Disposable-Vape-Flavors-8-1-768x768.jpg 768w, https:\/\/fizzyvape.eu\/wp-content\/uploads\/2026\/01\/Fizzy-15-in-1-150K-Puffs-Rechargeable-Disposable-Vape-Flavors-8-1-100x100.jpg 100w, https:\/\/fizzyvape.eu\/wp-content\/uploads\/2026\/01\/Fizzy-15-in-1-150K-Puffs-Rechargeable-Disposable-Vape-Flavors-8-1-200x200.jpg 200w, https:\/\/fizzyvape.eu\/wp-content\/uploads\/2026\/01\/Fizzy-15-in-1-150K-Puffs-Rechargeable-Disposable-Vape-Flavors-8-1-400x400.jpg 400w, https:\/\/fizzyvape.eu\/wp-content\/uploads\/2026\/01\/Fizzy-15-in-1-150K-Puffs-Rechargeable-Disposable-Vape-Flavors-8-1-500x500.jpg 500w, https:\/\/fizzyvape.eu\/wp-content\/uploads\/2026\/01\/Fizzy-15-in-1-150K-Puffs-Rechargeable-Disposable-Vape-Flavors-8-1-430x430.jpg 430w, https:\/\/fizzyvape.eu\/wp-content\/uploads\/2026\/01\/Fizzy-15-in-1-150K-Puffs-Rechargeable-Disposable-Vape-Flavors-8-1-700x700.jpg 700w, https:\/\/fizzyvape.eu\/wp-content\/uploads\/2026\/01\/Fizzy-15-in-1-150K-Puffs-Rechargeable-Disposable-Vape-Flavors-8-1.jpg 1000w\" sizes=\"(max-width: 800px) 100vw, 800px\" \/><\/p>\n<h2>Fizzy 150K Puffs &#8211; Blue Razz Rapsberry &amp; Watermelon Cherry Ice &amp; Strawberry Grape &amp;Passion Fruit Orange Peach<\/h2>\n<p>El <b>vapeador desechable Fizzy 150K Puffs<\/b> es la soluci\u00f3n definitiva para los vapeadores que lo quieren todo. Con un enorme <b>dep\u00f3sito de e-l\u00edquido de 80 ml<\/b> y el primer <b>sistema de cambio inteligente 15 en 1<\/b> del mundo, este dispositivo est\u00e1 hecho para durar m\u00e1s que cualquier otro de tu colecci\u00f3n. Esta edici\u00f3n espec\u00edfica ofrece una selecci\u00f3n premium de bayas \u00e1cidas, melones escarchados y frutas ex\u00f3ticas ba\u00f1adas por el sol, para una experiencia verdaderamente refinada.  <\/p>\n<h2><b>\ud83c\udf08 La Paleta de 4 Sabores<\/b><\/h2>\n<p>Dentro de este <b>vaporizador desechable 150K Puffs<\/b>, tienes cuatro c\u00e1psulas independientes de 20 ml. Disfr\u00fatalas como sabores independientes, o utiliza la palanca inteligente para <b>mezclarlas en 15 combinaciones h\u00edbridas \u00fanicas<\/b>: <\/p>\n<ul>\n<li><b>\ud83e\uded0 Frambuesa Blue Razz:<\/b> Una explosi\u00f3n vibrante y \u00e1cida de frambuesa azul mezclada con dulces frambuesas de huerto.<\/li>\n<li><b>\ud83c\udf52 Hielo de Sand\u00eda y Cereza:<\/b> La jugosa sand\u00eda veraniega se une a las dulces cerezas oscuras con un helado final \u00e1rtico.<\/li>\n<li><b>\ud83c\udf47 Fresa Uva:<\/b> Una rica y sabrosa mezcla de fresas maduradas al sol y uvas moradas dulces y profundas.<\/li>\n<li><b>\ud83c\udf4a Fruta de la Pasi\u00f3n Naranja Melocot\u00f3n:<\/b> Un tr\u00edo c\u00edtrico y tropical que ofrece un equilibrio perfecto de acidez y dulzor aterciopelado de melocot\u00f3n.<\/li>\n<\/ul>\n<p><img decoding=\"async\" class=\"wp-image-38407 size-full\" src=\"https:\/\/fizzyvape.eu\/wp-content\/uploads\/2025\/12\/Fizzy-150K-Puffs-Disposable-Vape-5-scaled.jpg\" alt=\"Fizzy 150K Puffs Vape Desechable - 5\" width=\"1663\" height=\"2560\" srcset=\"https:\/\/fizzyvape.eu\/wp-content\/uploads\/2025\/12\/Fizzy-150K-Puffs-Disposable-Vape-5-scaled.jpg 1663w, https:\/\/fizzyvape.eu\/wp-content\/uploads\/2025\/12\/Fizzy-150K-Puffs-Disposable-Vape-5-195x300.jpg 195w, https:\/\/fizzyvape.eu\/wp-content\/uploads\/2025\/12\/Fizzy-150K-Puffs-Disposable-Vape-5-520x800.jpg 520w, https:\/\/fizzyvape.eu\/wp-content\/uploads\/2025\/12\/Fizzy-150K-Puffs-Disposable-Vape-5-768x1182.jpg 768w, https:\/\/fizzyvape.eu\/wp-content\/uploads\/2025\/12\/Fizzy-150K-Puffs-Disposable-Vape-5-998x1536.jpg 998w, https:\/\/fizzyvape.eu\/wp-content\/uploads\/2025\/12\/Fizzy-150K-Puffs-Disposable-Vape-5-1330x2048.jpg 1330w, https:\/\/fizzyvape.eu\/wp-content\/uploads\/2025\/12\/Fizzy-150K-Puffs-Disposable-Vape-5-430x662.jpg 430w, https:\/\/fizzyvape.eu\/wp-content\/uploads\/2025\/12\/Fizzy-150K-Puffs-Disposable-Vape-5-700x1078.jpg 700w, https:\/\/fizzyvape.eu\/wp-content\/uploads\/2025\/12\/Fizzy-150K-Puffs-Disposable-Vape-5-150x231.jpg 150w\" sizes=\"(max-width: 1663px) 100vw, 1663px\" \/><\/p>\n<h2><b>\ud83d\udce6 Especificaciones<\/b><\/h2>\n<table>\n<thead>\n<tr>\n<td><strong>Caracter\u00edstica<\/strong><\/td>\n<td><strong>Datos t\u00e9cnicos B2B<\/strong><\/td>\n<\/tr>\n<\/thead>\n<tbody>\n<tr>\n<td><b>Cantidad de Puffs<\/b><\/td>\n<td>Hasta 150.000 caladas<\/td>\n<\/tr>\n<tr>\n<td><b>Capacidad de E-l\u00edquido<\/b><\/td>\n<td><b>80 ml en total (20 ml x 4 c\u00e1psulas independientes)<\/b><\/td>\n<\/tr>\n<tr>\n<td><b>Bater\u00eda<\/b><\/td>\n<td>1000 mAh de cobalto puro (recargable tipo C)<\/td>\n<\/tr>\n<tr>\n<td><b>Modos de sabor<\/b><\/td>\n<td><b>15 Combinaciones Inteligentes (A\/B\/C\/D + H\u00edbridos)<\/b><\/td>\n<\/tr>\n<tr>\n<td><b>Sistema de espiral<\/b><\/td>\n<td>Quad-Mesh 1.0\u03a9 (suministro de alta consistencia)<\/td>\n<\/tr>\n<tr>\n<td><b>Embalaje<\/b><\/td>\n<td>Cajas expositoras listas para la venta<\/td>\n<\/tr>\n<\/tbody>\n<\/table>\n<h2><b>\ud83c\udfa8Fizzy<\/b>15-en-1 150K Puffs Recargable <strong>Vape Desechable Lista de Sabores:<\/strong><\/h2>\n<ol>\n<li><a href=\"https:\/\/fizzyvape.eu\/es\/producto\/150k-puffs-hielo-de-sandia-red-bull-frambuesa-fresa-triple-hielo-de-melon\/\">hielo de sand\u00eda &amp; toro rojo &amp; frambuesa fresa &amp; triple hielo de mel\u00f3n<\/a><\/li>\n<li><a href=\"https:\/\/fizzyvape.eu\/es\/producto\/150k-puffs-fresa-helada-y-kiwi-fruta-de-la-pasion-guayaba-y-melocoton-mango-sandia-y-uva-burst\/\">fresa hielo &amp; kiwi fruta de la pasi\u00f3n guayaba &amp; melocot\u00f3n mango sand\u00eda &amp; uva burst<\/a><\/li>\n<li><a href=\"https:\/\/fizzyvape.eu\/es\/producto\/150k-puffs-red-bull-y-fresa-kiwi-granada-y-arandanos-hielo-y-pina-coco\/\">red bull &amp; fresa kiwi granada &amp; ar\u00e1ndano hielo &amp; pi\u00f1a coco<\/a><\/li>\n<li><a href=\"https:\/\/fizzyvape.eu\/es\/producto\/150k-puffs-fresa-kiwi-frutas-del-bosque-sandia-chicle-melocoton-jugoso\/\">fresa kiwi &amp; bayas mixtas &amp; sand\u00eda chicle &amp; melocot\u00f3n jugoso<\/a><\/li>\n<li><a href=\"https:\/\/fizzyvape.eu\/es\/producto\/150k-puffs-frambuesa-arandano-fresa-hielo-limonada-blue-razz-gomita-sandia\/\">ar\u00e1ndano frambuesa &amp; fresa hielo &amp; limonada blue razz &amp; gominola sand\u00eda<\/a><\/li>\n<li><a href=\"https:\/\/fizzyvape.eu\/es\/producto\/150k-puffs-ponche-de-frutas-tropicales-y-sandia-frambuesa-y-arandanos-coco-y-fresa-skittles\/\">ponche de frutas tropicales y sand\u00eda frambuesa y ar\u00e1ndanos coco y fresa skittles<\/a><\/li>\n<li><a href=\"https:\/\/fizzyvape.eu\/es\/producto\/150k-puffs-amor-66-y-fresa-kiwi-y-sandia-arandanos-y-frambuesa-limonada\/\">amor 66 y fresa kiwi y sand\u00eda ar\u00e1ndano y frambuesa limonada<\/a><\/li>\n<li><a href=\"https:\/\/fizzyvape.eu\/es\/producto\/150k-puffs-mezcla-de-bayas-y-pina-melocoton-fruta-de-la-pasion-y-cola-efervescente-y-fresa-frambuesa\/\">baya mixta y pi\u00f1a melocot\u00f3n fruta de la pasi\u00f3n y cola efervescente y fresa frambuesa<\/a><\/li>\n<li><a href=\"https:\/\/fizzyvape.eu\/es\/producto\/150k-puffs-blue-razz-rapsberry-sandia-cereza-helada-fresa-uva-fruta-de-la-pasion-naranja-melocoton\/\">blue razz rapsberry y sand\u00eda cereza hielo y fresa uva y fruta de la pasi\u00f3n naranja melocot\u00f3n<\/a><\/li>\n<li><a href=\"https:\/\/fizzyvape.eu\/producto\/fizzy-150k-puffs-fizzy-cherry-citrus-set\/\">cereza con gas &amp; fresa fruta del drag\u00f3n &amp; lim\u00f3n lima &amp; sand\u00eda ar\u00e1ndano<\/a><\/li>\n<li><a href=\"https:\/\/fizzyvape.eu\/producto\/fizzy-150k-puffs-vanilla-coke-berry-set\/\">coca de vainilla y fresa &amp; frambuesa &amp; sand\u00eda hielo &amp; cereza baya<\/a><\/li>\n<li><a href=\"https:\/\/fizzyvape.eu\/producto\/fizzy-150k-puffs-mojito-ice-set\/\">ar\u00e1ndano helado &amp; fresa sand\u00eda &amp; mojito &amp; kiwi fruta de la pasi\u00f3n guayaba<\/a><\/li>\n<\/ol>\n<h2><b>\u2753 Preguntas frecuentes r\u00e1pidas<\/b><\/h2>\n<p><b>P: \u00bfC\u00f3mo puedo acceder a los 15 sabores de la Fizzy 150K?<\/b><\/p>\n<p>R: Puedes vapear los 4 sabores (A, B, C, D) individualmente. Seleccionando los modos &#8220;Combo&#8221; en el dispositivo, puedes mezclar A+B, B+C, A+C, etc., \u00a1creando 11 perfiles de sabores h\u00edbridos adicionales para un total de 15! <\/p>\n<p><b>P: \u00bfEs aut\u00e9ntico el vaporizador desechable 150K Puffs?<\/b><\/p>\n<p>R: S\u00ed. Cada Fizzy 150K incluye un c\u00f3digo \u00fanico de seguridad para rascar. Puedes verificar tu dispositivo en el sitio web oficial de Fizzy para garantizar su autenticidad.  <\/p>\n<p><b>P: \u00bfCu\u00e1l es la mejor forma de cargarlo?<\/b><\/p>\n<p>R: Utiliza un cable Tipo-C est\u00e1ndar y un adaptador de 5V\/1A. Evita los &#8220;cargadores r\u00e1pidos&#8221; de tel\u00e9fonos de alta potencia para prolongar la vida \u00fatil de la bater\u00eda de 1000 mAh. <\/p>\n","protected":false},"excerpt":{"rendered":"[html_block id=\"38779\"]\n","protected":false},"featured_media":38876,"comment_status":"open","ping_status":"closed","template":"","meta":{"iawp_total_views":8},"product_brand":[],"product_cat":[1000],"product_tag":[],"class_list":{"0":"post-39120","1":"product","2":"type-product","3":"status-publish","4":"has-post-thumbnail","6":"product_cat-vaporizador-desechable-recargable-fizzy-150k-de-150-000-caladas-en-15-sabores-diferentes","8":"first","9":"instock","10":"sale","11":"shipping-taxable","12":"purchasable","13":"product-type-variable"},"yoast_head":"<!-- This site is optimized with the Yoast SEO Premium plugin v24.8 (Yoast SEO v27.4) - https:\/\/yoast.com\/product\/yoast-seo-premium-wordpress\/ -->\n<title>Fizzy Cola &amp; Mixed Berry | Fizzy 150K Puffs - 15 en 1 Sabores<\/title>\n<meta name=\"description\" content=\"Prueba el vapeador desechable Fizzy 150K Puffs con Mixed Berry, Pi\u00f1a, Melocot\u00f3n, Fruta de la Pasi\u00f3n, Fizzy Cola y Fresa y Frambuesa. 150.000 caladas, audaces capas de sabor.\" \/>\n<meta name=\"robots\" content=\"index, follow, max-snippet:-1, max-image-preview:large, max-video-preview:-1\" \/>\n<link rel=\"canonical\" href=\"https:\/\/fizzyvape.eu\/es\/producto\/150k-puffs-blue-razz-rapsberry-sandia-cereza-helada-fresa-uva-fruta-de-la-pasion-naranja-melocoton\/\" \/>\n<meta property=\"og:locale\" content=\"es_ES\" \/>\n<meta property=\"og:type\" content=\"article\" \/>\n<meta property=\"og:title\" content=\"150K Puffs - Blue Razz Rapsberry &amp; Sand\u00eda Cereza Helada &amp; Fresa Uva &amp; Fruta de la Pasi\u00f3n Naranja Melocot\u00f3n\" \/>\n<meta property=\"og:description\" content=\"Prueba el vapeador desechable Fizzy 150K Puffs con Mixed Berry, Pi\u00f1a, Melocot\u00f3n, Fruta de la Pasi\u00f3n, Fizzy Cola y Fresa y Frambuesa. 150.000 caladas, audaces capas de sabor.\" \/>\n<meta property=\"og:url\" content=\"https:\/\/fizzyvape.eu\/es\/producto\/150k-puffs-blue-razz-rapsberry-sandia-cereza-helada-fresa-uva-fruta-de-la-pasion-naranja-melocoton\/\" \/>\n<meta property=\"og:site_name\" content=\"fizzyvape.eu\" \/>\n<meta property=\"og:image\" content=\"https:\/\/fizzyvape.eu\/wp-content\/uploads\/2026\/01\/Fizzy-15-in-1-150K-Puffs-Rechargeable-Disposable-Vape-Flavors-8-1.jpg\" \/>\n\t<meta property=\"og:image:width\" content=\"1000\" \/>\n\t<meta property=\"og:image:height\" content=\"1000\" \/>\n\t<meta property=\"og:image:type\" content=\"image\/jpeg\" \/>\n<meta name=\"twitter:card\" content=\"summary_large_image\" \/>\n<meta name=\"twitter:label1\" content=\"Disponibilidad\" \/>\n\t<meta name=\"twitter:data1\" content=\"Disponible\" \/>\n<script type=\"application\/ld+json\" class=\"yoast-schema-graph\">{\"@context\":\"https:\\\/\\\/schema.org\",\"@graph\":[{\"@type\":\"WebPage\",\"@id\":\"https:\\\/\\\/fizzyvape.eu\\\/es\\\/producto\\\/150k-puffs-blue-razz-rapsberry-sandia-cereza-helada-fresa-uva-fruta-de-la-pasion-naranja-melocoton\\\/\",\"url\":\"https:\\\/\\\/fizzyvape.eu\\\/es\\\/producto\\\/150k-puffs-blue-razz-rapsberry-sandia-cereza-helada-fresa-uva-fruta-de-la-pasion-naranja-melocoton\\\/\",\"name\":\"Fizzy Cola & Mixed Berry | Fizzy 150K Puffs - 15 en 1 Sabores\",\"isPartOf\":{\"@id\":\"https:\\\/\\\/www.fizzyvape.eu\\\/es\\\/#website\"},\"primaryImageOfPage\":{\"@id\":\"https:\\\/\\\/fizzyvape.eu\\\/es\\\/producto\\\/150k-puffs-blue-razz-rapsberry-sandia-cereza-helada-fresa-uva-fruta-de-la-pasion-naranja-melocoton\\\/#primaryimage\"},\"image\":{\"@id\":\"https:\\\/\\\/fizzyvape.eu\\\/es\\\/producto\\\/150k-puffs-blue-razz-rapsberry-sandia-cereza-helada-fresa-uva-fruta-de-la-pasion-naranja-melocoton\\\/#primaryimage\"},\"thumbnailUrl\":\"https:\\\/\\\/fizzyvape.eu\\\/wp-content\\\/uploads\\\/2026\\\/01\\\/Fizzy-15-in-1-150K-Puffs-Rechargeable-Disposable-Vape-Flavors-8-1.jpg\",\"datePublished\":\"2026-01-19T10:20:37+00:00\",\"description\":\"Prueba el vapeador desechable Fizzy 150K Puffs con Mixed Berry, Pi\u00f1a, Melocot\u00f3n, Fruta de la Pasi\u00f3n, Fizzy Cola y Fresa y Frambuesa. 150.000 caladas, audaces capas de sabor.\",\"breadcrumb\":{\"@id\":\"https:\\\/\\\/fizzyvape.eu\\\/es\\\/producto\\\/150k-puffs-blue-razz-rapsberry-sandia-cereza-helada-fresa-uva-fruta-de-la-pasion-naranja-melocoton\\\/#breadcrumb\"},\"inLanguage\":\"es\",\"potentialAction\":[{\"@type\":\"ReadAction\",\"target\":[\"https:\\\/\\\/fizzyvape.eu\\\/es\\\/producto\\\/150k-puffs-blue-razz-rapsberry-sandia-cereza-helada-fresa-uva-fruta-de-la-pasion-naranja-melocoton\\\/\"]}]},{\"@type\":\"ImageObject\",\"inLanguage\":\"es\",\"@id\":\"https:\\\/\\\/fizzyvape.eu\\\/es\\\/producto\\\/150k-puffs-blue-razz-rapsberry-sandia-cereza-helada-fresa-uva-fruta-de-la-pasion-naranja-melocoton\\\/#primaryimage\",\"url\":\"https:\\\/\\\/fizzyvape.eu\\\/wp-content\\\/uploads\\\/2026\\\/01\\\/Fizzy-15-in-1-150K-Puffs-Rechargeable-Disposable-Vape-Flavors-8-1.jpg\",\"contentUrl\":\"https:\\\/\\\/fizzyvape.eu\\\/wp-content\\\/uploads\\\/2026\\\/01\\\/Fizzy-15-in-1-150K-Puffs-Rechargeable-Disposable-Vape-Flavors-8-1.jpg\",\"width\":1000,\"height\":1000,\"caption\":\"Fizzy 15 en 1 150K Puffs Recargables Desechables Vape Sabores 8\"},{\"@type\":\"BreadcrumbList\",\"@id\":\"https:\\\/\\\/fizzyvape.eu\\\/es\\\/producto\\\/150k-puffs-blue-razz-rapsberry-sandia-cereza-helada-fresa-uva-fruta-de-la-pasion-naranja-melocoton\\\/#breadcrumb\",\"itemListElement\":[{\"@type\":\"ListItem\",\"position\":1,\"name\":\"Home\",\"item\":\"https:\\\/\\\/fizzyvape.eu\\\/es\\\/\"},{\"@type\":\"ListItem\",\"position\":2,\"name\":\"Tienda\",\"item\":\"https:\\\/\\\/www.fizzyvape.eu\\\/es\\\/tienda\\\/\"},{\"@type\":\"ListItem\",\"position\":3,\"name\":\"150K Puffs &#8211; Blue Razz Rapsberry &amp; Sand\u00eda Cereza Helada &amp; Fresa Uva &amp; Fruta de la Pasi\u00f3n Naranja Melocot\u00f3n\"}]},{\"@type\":\"WebSite\",\"@id\":\"https:\\\/\\\/www.fizzyvape.eu\\\/es\\\/#website\",\"url\":\"https:\\\/\\\/www.fizzyvape.eu\\\/es\\\/\",\"name\":\"fizzyvape.eu\",\"description\":\"Refreshing Vapes. Unforgettable Taste.\",\"publisher\":{\"@id\":\"https:\\\/\\\/www.fizzyvape.eu\\\/es\\\/#organization\"},\"potentialAction\":[{\"@type\":\"SearchAction\",\"target\":{\"@type\":\"EntryPoint\",\"urlTemplate\":\"https:\\\/\\\/www.fizzyvape.eu\\\/es\\\/?s={search_term_string}\"},\"query-input\":{\"@type\":\"PropertyValueSpecification\",\"valueRequired\":true,\"valueName\":\"search_term_string\"}}],\"inLanguage\":\"es\"},{\"@type\":\"Organization\",\"@id\":\"https:\\\/\\\/www.fizzyvape.eu\\\/es\\\/#organization\",\"name\":\"fizzyvape.eu\",\"url\":\"https:\\\/\\\/www.fizzyvape.eu\\\/es\\\/\",\"logo\":{\"@type\":\"ImageObject\",\"inLanguage\":\"es\",\"@id\":\"https:\\\/\\\/www.fizzyvape.eu\\\/es\\\/#\\\/schema\\\/logo\\\/image\\\/\",\"url\":\"https:\\\/\\\/fizzyvape.eu\\\/wp-content\\\/uploads\\\/2019\\\/06\\\/print-1.svg\",\"contentUrl\":\"https:\\\/\\\/fizzyvape.eu\\\/wp-content\\\/uploads\\\/2019\\\/06\\\/print-1.svg\",\"width\":124,\"height\":37,\"caption\":\"fizzyvape.eu\"},\"image\":{\"@id\":\"https:\\\/\\\/www.fizzyvape.eu\\\/es\\\/#\\\/schema\\\/logo\\\/image\\\/\"}}]}<\/script>\n<meta property=\"og:availability\" content=\"instock\" \/>\n<meta property=\"product:availability\" content=\"instock\" \/>\n<meta property=\"product:condition\" content=\"new\" \/>\n<!-- \/ Yoast SEO Premium plugin. -->","yoast_head_json":{"title":"Fizzy Cola & Mixed Berry | Fizzy 150K Puffs - 15 en 1 Sabores","description":"Prueba el vapeador desechable Fizzy 150K Puffs con Mixed Berry, Pi\u00f1a, Melocot\u00f3n, Fruta de la Pasi\u00f3n, Fizzy Cola y Fresa y Frambuesa. 150.000 caladas, audaces capas de sabor.","robots":{"index":"index","follow":"follow","max-snippet":"max-snippet:-1","max-image-preview":"max-image-preview:large","max-video-preview":"max-video-preview:-1"},"canonical":"https:\/\/fizzyvape.eu\/es\/producto\/150k-puffs-blue-razz-rapsberry-sandia-cereza-helada-fresa-uva-fruta-de-la-pasion-naranja-melocoton\/","og_locale":"es_ES","og_type":"article","og_title":"150K Puffs - Blue Razz Rapsberry &amp; Sand\u00eda Cereza Helada &amp; Fresa Uva &amp; Fruta de la Pasi\u00f3n Naranja Melocot\u00f3n","og_description":"Prueba el vapeador desechable Fizzy 150K Puffs con Mixed Berry, Pi\u00f1a, Melocot\u00f3n, Fruta de la Pasi\u00f3n, Fizzy Cola y Fresa y Frambuesa. 150.000 caladas, audaces capas de sabor.","og_url":"https:\/\/fizzyvape.eu\/es\/producto\/150k-puffs-blue-razz-rapsberry-sandia-cereza-helada-fresa-uva-fruta-de-la-pasion-naranja-melocoton\/","og_site_name":"fizzyvape.eu","og_image":[{"width":1000,"height":1000,"url":"https:\/\/fizzyvape.eu\/wp-content\/uploads\/2026\/01\/Fizzy-15-in-1-150K-Puffs-Rechargeable-Disposable-Vape-Flavors-8-1.jpg","type":"image\/jpeg"}],"twitter_card":"summary_large_image","twitter_misc":{"Disponibilidad":"Disponible"},"schema":{"@context":"https:\/\/schema.org","@graph":[{"@type":"WebPage","@id":"https:\/\/fizzyvape.eu\/es\/producto\/150k-puffs-blue-razz-rapsberry-sandia-cereza-helada-fresa-uva-fruta-de-la-pasion-naranja-melocoton\/","url":"https:\/\/fizzyvape.eu\/es\/producto\/150k-puffs-blue-razz-rapsberry-sandia-cereza-helada-fresa-uva-fruta-de-la-pasion-naranja-melocoton\/","name":"Fizzy Cola & Mixed Berry | Fizzy 150K Puffs - 15 en 1 Sabores","isPartOf":{"@id":"https:\/\/www.fizzyvape.eu\/es\/#website"},"primaryImageOfPage":{"@id":"https:\/\/fizzyvape.eu\/es\/producto\/150k-puffs-blue-razz-rapsberry-sandia-cereza-helada-fresa-uva-fruta-de-la-pasion-naranja-melocoton\/#primaryimage"},"image":{"@id":"https:\/\/fizzyvape.eu\/es\/producto\/150k-puffs-blue-razz-rapsberry-sandia-cereza-helada-fresa-uva-fruta-de-la-pasion-naranja-melocoton\/#primaryimage"},"thumbnailUrl":"https:\/\/fizzyvape.eu\/wp-content\/uploads\/2026\/01\/Fizzy-15-in-1-150K-Puffs-Rechargeable-Disposable-Vape-Flavors-8-1.jpg","datePublished":"2026-01-19T10:20:37+00:00","description":"Prueba el vapeador desechable Fizzy 150K Puffs con Mixed Berry, Pi\u00f1a, Melocot\u00f3n, Fruta de la Pasi\u00f3n, Fizzy Cola y Fresa y Frambuesa. 150.000 caladas, audaces capas de sabor.","breadcrumb":{"@id":"https:\/\/fizzyvape.eu\/es\/producto\/150k-puffs-blue-razz-rapsberry-sandia-cereza-helada-fresa-uva-fruta-de-la-pasion-naranja-melocoton\/#breadcrumb"},"inLanguage":"es","potentialAction":[{"@type":"ReadAction","target":["https:\/\/fizzyvape.eu\/es\/producto\/150k-puffs-blue-razz-rapsberry-sandia-cereza-helada-fresa-uva-fruta-de-la-pasion-naranja-melocoton\/"]}]},{"@type":"ImageObject","inLanguage":"es","@id":"https:\/\/fizzyvape.eu\/es\/producto\/150k-puffs-blue-razz-rapsberry-sandia-cereza-helada-fresa-uva-fruta-de-la-pasion-naranja-melocoton\/#primaryimage","url":"https:\/\/fizzyvape.eu\/wp-content\/uploads\/2026\/01\/Fizzy-15-in-1-150K-Puffs-Rechargeable-Disposable-Vape-Flavors-8-1.jpg","contentUrl":"https:\/\/fizzyvape.eu\/wp-content\/uploads\/2026\/01\/Fizzy-15-in-1-150K-Puffs-Rechargeable-Disposable-Vape-Flavors-8-1.jpg","width":1000,"height":1000,"caption":"Fizzy 15 en 1 150K Puffs Recargables Desechables Vape Sabores 8"},{"@type":"BreadcrumbList","@id":"https:\/\/fizzyvape.eu\/es\/producto\/150k-puffs-blue-razz-rapsberry-sandia-cereza-helada-fresa-uva-fruta-de-la-pasion-naranja-melocoton\/#breadcrumb","itemListElement":[{"@type":"ListItem","position":1,"name":"Home","item":"https:\/\/fizzyvape.eu\/es\/"},{"@type":"ListItem","position":2,"name":"Tienda","item":"https:\/\/www.fizzyvape.eu\/es\/tienda\/"},{"@type":"ListItem","position":3,"name":"150K Puffs &#8211; Blue Razz Rapsberry &amp; Sand\u00eda Cereza Helada &amp; Fresa Uva &amp; Fruta de la Pasi\u00f3n Naranja Melocot\u00f3n"}]},{"@type":"WebSite","@id":"https:\/\/www.fizzyvape.eu\/es\/#website","url":"https:\/\/www.fizzyvape.eu\/es\/","name":"fizzyvape.eu","description":"Refreshing Vapes. Unforgettable Taste.","publisher":{"@id":"https:\/\/www.fizzyvape.eu\/es\/#organization"},"potentialAction":[{"@type":"SearchAction","target":{"@type":"EntryPoint","urlTemplate":"https:\/\/www.fizzyvape.eu\/es\/?s={search_term_string}"},"query-input":{"@type":"PropertyValueSpecification","valueRequired":true,"valueName":"search_term_string"}}],"inLanguage":"es"},{"@type":"Organization","@id":"https:\/\/www.fizzyvape.eu\/es\/#organization","name":"fizzyvape.eu","url":"https:\/\/www.fizzyvape.eu\/es\/","logo":{"@type":"ImageObject","inLanguage":"es","@id":"https:\/\/www.fizzyvape.eu\/es\/#\/schema\/logo\/image\/","url":"https:\/\/fizzyvape.eu\/wp-content\/uploads\/2019\/06\/print-1.svg","contentUrl":"https:\/\/fizzyvape.eu\/wp-content\/uploads\/2019\/06\/print-1.svg","width":124,"height":37,"caption":"fizzyvape.eu"},"image":{"@id":"https:\/\/www.fizzyvape.eu\/es\/#\/schema\/logo\/image\/"}}]},"og_availability":"instock","product_availability":"instock","product_condition":"new"},"tiered_pricing_type":"fixed","tiered_pricing_fixed_rules":[],"tiered_pricing_product_settings":{"layout":"default","base_unit_name":{"singular":null,"plural":null},"default_variation":null},"tiered_pricing_minimum_quantity":null,"tiered_pricing_roles_data":[],"tiered_pricing_percentage_rules":[],"tiered_pricing_maximum_quantity":null,"tiered_pricing_quantity_step":null,"_links":{"self":[{"href":"https:\/\/fizzyvape.eu\/es\/wp-json\/wp\/v2\/product\/39120","targetHints":{"allow":["GET"]}}],"collection":[{"href":"https:\/\/fizzyvape.eu\/es\/wp-json\/wp\/v2\/product"}],"about":[{"href":"https:\/\/fizzyvape.eu\/es\/wp-json\/wp\/v2\/types\/product"}],"replies":[{"embeddable":true,"href":"https:\/\/fizzyvape.eu\/es\/wp-json\/wp\/v2\/comments?post=39120"}],"version-history":[{"count":0,"href":"https:\/\/fizzyvape.eu\/es\/wp-json\/wp\/v2\/product\/39120\/revisions"}],"wp:featuredmedia":[{"embeddable":true,"href":"https:\/\/fizzyvape.eu\/es\/wp-json\/wp\/v2\/media\/38876"}],"wp:attachment":[{"href":"https:\/\/fizzyvape.eu\/es\/wp-json\/wp\/v2\/media?parent=39120"}],"wp:term":[{"taxonomy":"product_brand","embeddable":true,"href":"https:\/\/fizzyvape.eu\/es\/wp-json\/wp\/v2\/product_brand?post=39120"},{"taxonomy":"product_cat","embeddable":true,"href":"https:\/\/fizzyvape.eu\/es\/wp-json\/wp\/v2\/product_cat?post=39120"},{"taxonomy":"product_tag","embeddable":true,"href":"https:\/\/fizzyvape.eu\/es\/wp-json\/wp\/v2\/product_tag?post=39120"}],"curies":[{"name":"wp","href":"https:\/\/api.w.org\/{rel}","templated":true}]}}