{"id":39174,"date":"2026-01-19T18:20:45","date_gmt":"2026-01-19T10:20:45","guid":{"rendered":"https:\/\/fizzyvape.eu\/product\/150k-puffs-fresa-vainilla-coca-cola-arandano-frambuesa-sandia-hielo-cereza-baya\/"},"modified":"2026-01-19T18:20:45","modified_gmt":"2026-01-19T10:20:45","slug":"150k-puffs-fresa-vainilla-coca-cola-arandano-frambuesa-sandia-hielo-cereza-baya","status":"publish","type":"product","link":"https:\/\/fizzyvape.eu\/es\/producto\/150k-puffs-fresa-vainilla-coca-cola-arandano-frambuesa-sandia-hielo-cereza-baya\/","title":{"rendered":"150K Puffs &#8211; Fresa Vainilla Coca-Cola &amp; Ar\u00e1ndano Frambuesa &amp; Sand\u00eda Hielo &amp; Cereza Baya"},"content":{"rendered":"<p><img decoding=\"async\" class=\"aligncenter wp-image-38896 size-large\" src=\"https:\/\/fizzyvape.eu\/wp-content\/uploads\/2026\/01\/Fizzy-15-in-1-150K-Puffs-Rechargeable-Disposable-Vape-Flavors-11-1-800x800.jpg\" alt=\"Fizzy 15 en 1 150K Puffs Recargables Desechables Vape Sabores 11\" width=\"800\" height=\"800\" srcset=\"https:\/\/fizzyvape.eu\/wp-content\/uploads\/2026\/01\/Fizzy-15-in-1-150K-Puffs-Rechargeable-Disposable-Vape-Flavors-11-1-800x800.jpg 800w, https:\/\/fizzyvape.eu\/wp-content\/uploads\/2026\/01\/Fizzy-15-in-1-150K-Puffs-Rechargeable-Disposable-Vape-Flavors-11-1-300x300.jpg 300w, https:\/\/fizzyvape.eu\/wp-content\/uploads\/2026\/01\/Fizzy-15-in-1-150K-Puffs-Rechargeable-Disposable-Vape-Flavors-11-1-150x150.jpg 150w, https:\/\/fizzyvape.eu\/wp-content\/uploads\/2026\/01\/Fizzy-15-in-1-150K-Puffs-Rechargeable-Disposable-Vape-Flavors-11-1-768x768.jpg 768w, https:\/\/fizzyvape.eu\/wp-content\/uploads\/2026\/01\/Fizzy-15-in-1-150K-Puffs-Rechargeable-Disposable-Vape-Flavors-11-1-100x100.jpg 100w, https:\/\/fizzyvape.eu\/wp-content\/uploads\/2026\/01\/Fizzy-15-in-1-150K-Puffs-Rechargeable-Disposable-Vape-Flavors-11-1-200x200.jpg 200w, https:\/\/fizzyvape.eu\/wp-content\/uploads\/2026\/01\/Fizzy-15-in-1-150K-Puffs-Rechargeable-Disposable-Vape-Flavors-11-1-400x400.jpg 400w, https:\/\/fizzyvape.eu\/wp-content\/uploads\/2026\/01\/Fizzy-15-in-1-150K-Puffs-Rechargeable-Disposable-Vape-Flavors-11-1-500x500.jpg 500w, https:\/\/fizzyvape.eu\/wp-content\/uploads\/2026\/01\/Fizzy-15-in-1-150K-Puffs-Rechargeable-Disposable-Vape-Flavors-11-1-430x430.jpg 430w, https:\/\/fizzyvape.eu\/wp-content\/uploads\/2026\/01\/Fizzy-15-in-1-150K-Puffs-Rechargeable-Disposable-Vape-Flavors-11-1-700x700.jpg 700w, https:\/\/fizzyvape.eu\/wp-content\/uploads\/2026\/01\/Fizzy-15-in-1-150K-Puffs-Rechargeable-Disposable-Vape-Flavors-11-1.jpg 1000w\" sizes=\"(max-width: 800px) 100vw, 800px\" \/><\/p>\n<h2>Fizzy 150K Puffs &#8211; Fresa Vainilla Coca-Cola &amp; Ar\u00e1ndano Frambuesa &amp; Sand\u00eda Hielo &amp; Cereza Baya<\/h2>\n<p>Redefine tus est\u00e1ndares de vapeo con el <b>vaporizador desechable Fizzy 150K Puffs<\/b>, una estaci\u00f3n de sabores de alto rendimiento que combina una enorme capacidad con una variedad sin precedentes. Con un <b>dep\u00f3sito de e-l\u00edquido de 80 ml<\/b> y un <b>sistema<\/b> patentado <b>de cambio 15 en 1<\/b>, este dispositivo est\u00e1 pensado para los que quieren pasar de un refresco cremoso a una explosi\u00f3n de fruta helada en cuesti\u00f3n de segundos. Esta edici\u00f3n destaca por incluir la rara y deliciosa mezcla de <b>Coca-Cola de Fresa y Vainilla<\/b>.  <\/p>\n<h2><b>\ud83c\udf08 La lista maestra de sabores de 4 c\u00e1psulas<\/b><\/h2>\n<p>Dentro de este <b>vaporizador desechable 150K Puffs<\/b>, tienes cuatro c\u00e1psulas independientes de 20 ml. Disfr\u00fatalas solas, o utiliza la palanca inteligente para <b>mezclarlas en 15 combinaciones h\u00edbridas \u00fanicas<\/b>: <\/p>\n<ul>\n<li><b>\ud83e\udd64 Coca Cola de Fresa y Vainilla:<\/b> Una suave y nost\u00e1lgica base de cola infusionada con fresas dulces y un cremoso acabado de vainilla.<\/li>\n<li><b>\ud83e\uded0 Ar\u00e1ndano Frambuesa:<\/b> Un d\u00fao \u00e1cido y dulce de ar\u00e1ndanos silvestres de monta\u00f1a y frambuesas \u00e1cidas.<\/li>\n<li><b>\ud83c\udf49 Sand\u00eda Helada:<\/b> Crujiente y jugosa sand\u00eda veraniega con una refrescante exhalaci\u00f3n \u00e1rtica.<\/li>\n<li><b>\ud83c\udf52 Bayas de cereza:<\/b> Una deliciosa mezcla de cerezas oscuras dulces y una variedad de bayas del bosque mezcladas.<\/li>\n<\/ul>\n<p><img decoding=\"async\" class=\"wp-image-38407 size-full\" src=\"https:\/\/fizzyvape.eu\/wp-content\/uploads\/2025\/12\/Fizzy-150K-Puffs-Disposable-Vape-5-scaled.jpg\" alt=\"Fizzy 150K Puffs Vape Desechable - 5\" width=\"1663\" height=\"2560\" srcset=\"https:\/\/fizzyvape.eu\/wp-content\/uploads\/2025\/12\/Fizzy-150K-Puffs-Disposable-Vape-5-scaled.jpg 1663w, https:\/\/fizzyvape.eu\/wp-content\/uploads\/2025\/12\/Fizzy-150K-Puffs-Disposable-Vape-5-195x300.jpg 195w, https:\/\/fizzyvape.eu\/wp-content\/uploads\/2025\/12\/Fizzy-150K-Puffs-Disposable-Vape-5-520x800.jpg 520w, https:\/\/fizzyvape.eu\/wp-content\/uploads\/2025\/12\/Fizzy-150K-Puffs-Disposable-Vape-5-768x1182.jpg 768w, https:\/\/fizzyvape.eu\/wp-content\/uploads\/2025\/12\/Fizzy-150K-Puffs-Disposable-Vape-5-998x1536.jpg 998w, https:\/\/fizzyvape.eu\/wp-content\/uploads\/2025\/12\/Fizzy-150K-Puffs-Disposable-Vape-5-1330x2048.jpg 1330w, https:\/\/fizzyvape.eu\/wp-content\/uploads\/2025\/12\/Fizzy-150K-Puffs-Disposable-Vape-5-430x662.jpg 430w, https:\/\/fizzyvape.eu\/wp-content\/uploads\/2025\/12\/Fizzy-150K-Puffs-Disposable-Vape-5-700x1078.jpg 700w, https:\/\/fizzyvape.eu\/wp-content\/uploads\/2025\/12\/Fizzy-150K-Puffs-Disposable-Vape-5-150x231.jpg 150w\" sizes=\"(max-width: 1663px) 100vw, 1663px\" \/><\/p>\n<h2><b>\ud83d\udce6 Especificaciones<\/b><\/h2>\n<table>\n<thead>\n<tr>\n<td><strong>Caracter\u00edstica<\/strong><\/td>\n<td><strong>Datos t\u00e9cnicos B2B<\/strong><\/td>\n<\/tr>\n<\/thead>\n<tbody>\n<tr>\n<td><b>Cantidad de Puffs<\/b><\/td>\n<td>Hasta 150.000 caladas<\/td>\n<\/tr>\n<tr>\n<td><b>Capacidad de E-l\u00edquido<\/b><\/td>\n<td><b>80 ml en total (20 ml x 4 c\u00e1psulas independientes)<\/b><\/td>\n<\/tr>\n<tr>\n<td><b>Bater\u00eda<\/b><\/td>\n<td>1000 mAh de cobalto puro (recargable tipo C)<\/td>\n<\/tr>\n<tr>\n<td><b>Modos de sabor<\/b><\/td>\n<td><b>15 Combinaciones Inteligentes (A\/B\/C\/D + H\u00edbridos)<\/b><\/td>\n<\/tr>\n<tr>\n<td><b>Sistema de espiral<\/b><\/td>\n<td>Quad-Mesh 1.0\u03a9 (suministro de alta consistencia)<\/td>\n<\/tr>\n<tr>\n<td><b>Embalaje<\/b><\/td>\n<td>Cajas expositoras listas para la venta<\/td>\n<\/tr>\n<\/tbody>\n<\/table>\n<h2><b>\ud83c\udfa8Fizzy<\/b>15-en-1 150K Puffs Recargable <strong>Vape Desechable Lista de Sabores:<\/strong><\/h2>\n<ol>\n<li><a href=\"https:\/\/fizzyvape.eu\/es\/producto\/150k-puffs-hielo-de-sandia-red-bull-frambuesa-fresa-triple-hielo-de-melon\/\">hielo de sand\u00eda &amp; toro rojo &amp; frambuesa fresa &amp; triple hielo de mel\u00f3n<\/a><\/li>\n<li><a href=\"https:\/\/fizzyvape.eu\/es\/producto\/150k-puffs-fresa-helada-y-kiwi-fruta-de-la-pasion-guayaba-y-melocoton-mango-sandia-y-uva-burst\/\">fresa hielo &amp; kiwi fruta de la pasi\u00f3n guayaba &amp; melocot\u00f3n mango sand\u00eda &amp; uva burst<\/a><\/li>\n<li><a href=\"https:\/\/fizzyvape.eu\/es\/producto\/150k-puffs-red-bull-y-fresa-kiwi-granada-y-arandanos-hielo-y-pina-coco\/\">red bull &amp; fresa kiwi granada &amp; ar\u00e1ndano hielo &amp; pi\u00f1a coco<\/a><\/li>\n<li><a href=\"https:\/\/fizzyvape.eu\/es\/producto\/150k-puffs-fresa-kiwi-frutas-del-bosque-sandia-chicle-melocoton-jugoso\/\">fresa kiwi &amp; bayas mixtas &amp; sand\u00eda chicle &amp; melocot\u00f3n jugoso<\/a><\/li>\n<li><a href=\"https:\/\/fizzyvape.eu\/es\/producto\/150k-puffs-frambuesa-arandano-fresa-hielo-limonada-blue-razz-gomita-sandia\/\">ar\u00e1ndano frambuesa &amp; fresa hielo &amp; limonada blue razz &amp; gominola sand\u00eda<\/a><\/li>\n<li><a href=\"https:\/\/fizzyvape.eu\/es\/producto\/150k-puffs-ponche-de-frutas-tropicales-y-sandia-frambuesa-y-arandanos-coco-y-fresa-skittles\/\">ponche de frutas tropicales y sand\u00eda frambuesa y ar\u00e1ndanos coco y fresa skittles<\/a><\/li>\n<li><a href=\"https:\/\/fizzyvape.eu\/es\/producto\/150k-puffs-amor-66-y-fresa-kiwi-y-sandia-arandanos-y-frambuesa-limonada\/\">amor 66 y fresa kiwi y sand\u00eda ar\u00e1ndano y frambuesa limonada<\/a><\/li>\n<li><a href=\"https:\/\/fizzyvape.eu\/es\/producto\/150k-puffs-mezcla-de-bayas-y-pina-melocoton-fruta-de-la-pasion-y-cola-efervescente-y-fresa-frambuesa\/\">baya mixta y pi\u00f1a melocot\u00f3n fruta de la pasi\u00f3n y cola efervescente y fresa frambuesa<\/a><\/li>\n<li><a href=\"https:\/\/fizzyvape.eu\/es\/producto\/150k-puffs-blue-razz-rapsberry-sandia-cereza-helada-fresa-uva-fruta-de-la-pasion-naranja-melocoton\/\">blue razz rapsberry y sand\u00eda cereza hielo y fresa uva y fruta de la pasi\u00f3n naranja melocot\u00f3n<\/a><\/li>\n<li><a href=\"https:\/\/fizzyvape.eu\/es\/producto\/150k-puffs-cereza-efervescente-fresa-fruta-del-dragon-lima-limon-sandia-arandano\/\">cereza con gas &amp; fresa fruta del drag\u00f3n &amp; lim\u00f3n lima &amp; sand\u00eda ar\u00e1ndano<\/a><\/li>\n<li><a href=\"https:\/\/fizzyvape.eu\/es\/producto\/150k-puffs-fresa-vainilla-coca-cola-arandano-frambuesa-sandia-hielo-cereza-baya\/\">coca de vainilla y fresa &amp; frambuesa &amp; sand\u00eda hielo &amp; cereza baya<\/a><\/li>\n<li><a href=\"https:\/\/fizzyvape.eu\/producto\/fizzy-150k-puffs-mojito-ice-set\/\">ar\u00e1ndano helado &amp; fresa sand\u00eda &amp; mojito &amp; kiwi fruta de la pasi\u00f3n guayaba<\/a><\/li>\n<\/ol>\n<h2><b>\u2753 Preguntas frecuentes r\u00e1pidas<\/b><\/h2>\n<p><b>P: \u00bfC\u00f3mo cambio al sabor Coca-Cola Fresa-Vainilla?<\/b><\/p>\n<p>R: S\u00f3lo tienes que utilizar el selector inteligente del aparato para girar al Pod A. Si quieres ponerte creativo, prueba a mezclar el Pod A con el Pod C para conseguir un toque de <i>Sand\u00eda con Fresa y Vainilla<\/i>.<\/p>\n<p><b>P: \u00bfEs aut\u00e9ntico el vaporizador desechable 150K Puffs?<\/b><\/p>\n<p>R: S\u00ed. Cada Fizzy 150K vendido aqu\u00ed incluye un c\u00f3digo \u00fanico de seguridad para rascar para su verificaci\u00f3n oficial en el sitio web de Fizzy. <\/p>\n<p><b>P: \u00bfCu\u00e1nto dura el sabor?<\/b><\/p>\n<p>R: Gracias al <b>sistema Quad-Mesh<\/b>, el algod\u00f3n y el elemento calefactor de cada vaina se mantienen frescos, garantizando que el perfil de sabor se mantenga constante desde la primera calada hasta la 150.000.<\/p>\n","protected":false},"excerpt":{"rendered":"[html_block id=\"38779\"]\n","protected":false},"featured_media":38903,"comment_status":"open","ping_status":"closed","template":"","meta":{"iawp_total_views":4},"product_brand":[],"product_cat":[1000],"product_tag":[],"class_list":{"0":"post-39174","1":"product","2":"type-product","3":"status-publish","4":"has-post-thumbnail","6":"product_cat-vaporizador-desechable-recargable-fizzy-150k-de-150-000-caladas-en-15-sabores-diferentes","8":"first","9":"instock","10":"sale","11":"shipping-taxable","12":"purchasable","13":"product-type-variable"},"yoast_head":"<!-- This site is optimized with the Yoast SEO Premium plugin v24.8 (Yoast SEO v27.4) - https:\/\/yoast.com\/product\/yoast-seo-premium-wordpress\/ -->\n<title>Coca Cola Fresa Vainilla | Fizzy 150K Puffs - 15 en 1 Sabores<\/title>\n<meta name=\"description\" content=\"Vaporizador desechable Fizzy 150K Puffs con Coca-Cola de Fresa y Vainilla, Frambuesa de Ar\u00e1ndanos, Hielo de Sand\u00eda y Bayas de Cereza. Dispositivo recargable y rico en sabores.\" \/>\n<meta name=\"robots\" content=\"index, follow, max-snippet:-1, max-image-preview:large, max-video-preview:-1\" \/>\n<link rel=\"canonical\" href=\"https:\/\/fizzyvape.eu\/es\/producto\/150k-puffs-fresa-vainilla-coca-cola-arandano-frambuesa-sandia-hielo-cereza-baya\/\" \/>\n<meta property=\"og:locale\" content=\"es_ES\" \/>\n<meta property=\"og:type\" content=\"article\" \/>\n<meta property=\"og:title\" content=\"150K Puffs - Fresa Vainilla Coca-Cola &amp; Ar\u00e1ndano Frambuesa &amp; Sand\u00eda Hielo &amp; Cereza Baya\" \/>\n<meta property=\"og:description\" content=\"Vaporizador desechable Fizzy 150K Puffs con Coca-Cola de Fresa y Vainilla, Frambuesa de Ar\u00e1ndanos, Hielo de Sand\u00eda y Bayas de Cereza. Dispositivo recargable y rico en sabores.\" \/>\n<meta property=\"og:url\" content=\"https:\/\/fizzyvape.eu\/es\/producto\/150k-puffs-fresa-vainilla-coca-cola-arandano-frambuesa-sandia-hielo-cereza-baya\/\" \/>\n<meta property=\"og:site_name\" content=\"fizzyvape.eu\" \/>\n<meta property=\"og:image\" content=\"https:\/\/fizzyvape.eu\/wp-content\/uploads\/2026\/01\/Fizzy-15-in-1-150K-Puffs-Rechargeable-Disposable-Vape-Flavors-11-1.jpg\" \/>\n\t<meta property=\"og:image:width\" content=\"1000\" \/>\n\t<meta property=\"og:image:height\" content=\"1000\" \/>\n\t<meta property=\"og:image:type\" content=\"image\/jpeg\" \/>\n<meta name=\"twitter:card\" content=\"summary_large_image\" \/>\n<meta name=\"twitter:label1\" content=\"Disponibilidad\" \/>\n\t<meta name=\"twitter:data1\" content=\"Disponible\" \/>\n<script type=\"application\/ld+json\" class=\"yoast-schema-graph\">{\"@context\":\"https:\\\/\\\/schema.org\",\"@graph\":[{\"@type\":\"WebPage\",\"@id\":\"https:\\\/\\\/fizzyvape.eu\\\/es\\\/producto\\\/150k-puffs-fresa-vainilla-coca-cola-arandano-frambuesa-sandia-hielo-cereza-baya\\\/\",\"url\":\"https:\\\/\\\/fizzyvape.eu\\\/es\\\/producto\\\/150k-puffs-fresa-vainilla-coca-cola-arandano-frambuesa-sandia-hielo-cereza-baya\\\/\",\"name\":\"Coca Cola Fresa Vainilla | Fizzy 150K Puffs - 15 en 1 Sabores\",\"isPartOf\":{\"@id\":\"https:\\\/\\\/www.fizzyvape.eu\\\/es\\\/#website\"},\"primaryImageOfPage\":{\"@id\":\"https:\\\/\\\/fizzyvape.eu\\\/es\\\/producto\\\/150k-puffs-fresa-vainilla-coca-cola-arandano-frambuesa-sandia-hielo-cereza-baya\\\/#primaryimage\"},\"image\":{\"@id\":\"https:\\\/\\\/fizzyvape.eu\\\/es\\\/producto\\\/150k-puffs-fresa-vainilla-coca-cola-arandano-frambuesa-sandia-hielo-cereza-baya\\\/#primaryimage\"},\"thumbnailUrl\":\"https:\\\/\\\/fizzyvape.eu\\\/wp-content\\\/uploads\\\/2026\\\/01\\\/Fizzy-15-in-1-150K-Puffs-Rechargeable-Disposable-Vape-Flavors-11-1.jpg\",\"datePublished\":\"2026-01-19T10:20:45+00:00\",\"description\":\"Vaporizador desechable Fizzy 150K Puffs con Coca-Cola de Fresa y Vainilla, Frambuesa de Ar\u00e1ndanos, Hielo de Sand\u00eda y Bayas de Cereza. Dispositivo recargable y rico en sabores.\",\"breadcrumb\":{\"@id\":\"https:\\\/\\\/fizzyvape.eu\\\/es\\\/producto\\\/150k-puffs-fresa-vainilla-coca-cola-arandano-frambuesa-sandia-hielo-cereza-baya\\\/#breadcrumb\"},\"inLanguage\":\"es\",\"potentialAction\":[{\"@type\":\"ReadAction\",\"target\":[\"https:\\\/\\\/fizzyvape.eu\\\/es\\\/producto\\\/150k-puffs-fresa-vainilla-coca-cola-arandano-frambuesa-sandia-hielo-cereza-baya\\\/\"]}]},{\"@type\":\"ImageObject\",\"inLanguage\":\"es\",\"@id\":\"https:\\\/\\\/fizzyvape.eu\\\/es\\\/producto\\\/150k-puffs-fresa-vainilla-coca-cola-arandano-frambuesa-sandia-hielo-cereza-baya\\\/#primaryimage\",\"url\":\"https:\\\/\\\/fizzyvape.eu\\\/wp-content\\\/uploads\\\/2026\\\/01\\\/Fizzy-15-in-1-150K-Puffs-Rechargeable-Disposable-Vape-Flavors-11-1.jpg\",\"contentUrl\":\"https:\\\/\\\/fizzyvape.eu\\\/wp-content\\\/uploads\\\/2026\\\/01\\\/Fizzy-15-in-1-150K-Puffs-Rechargeable-Disposable-Vape-Flavors-11-1.jpg\",\"width\":1000,\"height\":1000,\"caption\":\"Fizzy 15 en 1 150K Puffs Recargables Desechables Vape Sabores 11\"},{\"@type\":\"BreadcrumbList\",\"@id\":\"https:\\\/\\\/fizzyvape.eu\\\/es\\\/producto\\\/150k-puffs-fresa-vainilla-coca-cola-arandano-frambuesa-sandia-hielo-cereza-baya\\\/#breadcrumb\",\"itemListElement\":[{\"@type\":\"ListItem\",\"position\":1,\"name\":\"Home\",\"item\":\"https:\\\/\\\/fizzyvape.eu\\\/es\\\/\"},{\"@type\":\"ListItem\",\"position\":2,\"name\":\"Tienda\",\"item\":\"https:\\\/\\\/www.fizzyvape.eu\\\/es\\\/tienda\\\/\"},{\"@type\":\"ListItem\",\"position\":3,\"name\":\"150K Puffs &#8211; Fresa Vainilla Coca-Cola &amp; Ar\u00e1ndano Frambuesa &amp; Sand\u00eda Hielo &amp; Cereza Baya\"}]},{\"@type\":\"WebSite\",\"@id\":\"https:\\\/\\\/www.fizzyvape.eu\\\/es\\\/#website\",\"url\":\"https:\\\/\\\/www.fizzyvape.eu\\\/es\\\/\",\"name\":\"fizzyvape.eu\",\"description\":\"Refreshing Vapes. Unforgettable Taste.\",\"publisher\":{\"@id\":\"https:\\\/\\\/www.fizzyvape.eu\\\/es\\\/#organization\"},\"potentialAction\":[{\"@type\":\"SearchAction\",\"target\":{\"@type\":\"EntryPoint\",\"urlTemplate\":\"https:\\\/\\\/www.fizzyvape.eu\\\/es\\\/?s={search_term_string}\"},\"query-input\":{\"@type\":\"PropertyValueSpecification\",\"valueRequired\":true,\"valueName\":\"search_term_string\"}}],\"inLanguage\":\"es\"},{\"@type\":\"Organization\",\"@id\":\"https:\\\/\\\/www.fizzyvape.eu\\\/es\\\/#organization\",\"name\":\"fizzyvape.eu\",\"url\":\"https:\\\/\\\/www.fizzyvape.eu\\\/es\\\/\",\"logo\":{\"@type\":\"ImageObject\",\"inLanguage\":\"es\",\"@id\":\"https:\\\/\\\/www.fizzyvape.eu\\\/es\\\/#\\\/schema\\\/logo\\\/image\\\/\",\"url\":\"https:\\\/\\\/fizzyvape.eu\\\/wp-content\\\/uploads\\\/2019\\\/06\\\/print-1.svg\",\"contentUrl\":\"https:\\\/\\\/fizzyvape.eu\\\/wp-content\\\/uploads\\\/2019\\\/06\\\/print-1.svg\",\"width\":124,\"height\":37,\"caption\":\"fizzyvape.eu\"},\"image\":{\"@id\":\"https:\\\/\\\/www.fizzyvape.eu\\\/es\\\/#\\\/schema\\\/logo\\\/image\\\/\"}}]}<\/script>\n<meta property=\"og:availability\" content=\"instock\" \/>\n<meta property=\"product:availability\" content=\"instock\" \/>\n<meta property=\"product:condition\" content=\"new\" \/>\n<!-- \/ Yoast SEO Premium plugin. -->","yoast_head_json":{"title":"Coca Cola Fresa Vainilla | Fizzy 150K Puffs - 15 en 1 Sabores","description":"Vaporizador desechable Fizzy 150K Puffs con Coca-Cola de Fresa y Vainilla, Frambuesa de Ar\u00e1ndanos, Hielo de Sand\u00eda y Bayas de Cereza. Dispositivo recargable y rico en sabores.","robots":{"index":"index","follow":"follow","max-snippet":"max-snippet:-1","max-image-preview":"max-image-preview:large","max-video-preview":"max-video-preview:-1"},"canonical":"https:\/\/fizzyvape.eu\/es\/producto\/150k-puffs-fresa-vainilla-coca-cola-arandano-frambuesa-sandia-hielo-cereza-baya\/","og_locale":"es_ES","og_type":"article","og_title":"150K Puffs - Fresa Vainilla Coca-Cola &amp; Ar\u00e1ndano Frambuesa &amp; Sand\u00eda Hielo &amp; Cereza Baya","og_description":"Vaporizador desechable Fizzy 150K Puffs con Coca-Cola de Fresa y Vainilla, Frambuesa de Ar\u00e1ndanos, Hielo de Sand\u00eda y Bayas de Cereza. Dispositivo recargable y rico en sabores.","og_url":"https:\/\/fizzyvape.eu\/es\/producto\/150k-puffs-fresa-vainilla-coca-cola-arandano-frambuesa-sandia-hielo-cereza-baya\/","og_site_name":"fizzyvape.eu","og_image":[{"width":1000,"height":1000,"url":"https:\/\/fizzyvape.eu\/wp-content\/uploads\/2026\/01\/Fizzy-15-in-1-150K-Puffs-Rechargeable-Disposable-Vape-Flavors-11-1.jpg","type":"image\/jpeg"}],"twitter_card":"summary_large_image","twitter_misc":{"Disponibilidad":"Disponible"},"schema":{"@context":"https:\/\/schema.org","@graph":[{"@type":"WebPage","@id":"https:\/\/fizzyvape.eu\/es\/producto\/150k-puffs-fresa-vainilla-coca-cola-arandano-frambuesa-sandia-hielo-cereza-baya\/","url":"https:\/\/fizzyvape.eu\/es\/producto\/150k-puffs-fresa-vainilla-coca-cola-arandano-frambuesa-sandia-hielo-cereza-baya\/","name":"Coca Cola Fresa Vainilla | Fizzy 150K Puffs - 15 en 1 Sabores","isPartOf":{"@id":"https:\/\/www.fizzyvape.eu\/es\/#website"},"primaryImageOfPage":{"@id":"https:\/\/fizzyvape.eu\/es\/producto\/150k-puffs-fresa-vainilla-coca-cola-arandano-frambuesa-sandia-hielo-cereza-baya\/#primaryimage"},"image":{"@id":"https:\/\/fizzyvape.eu\/es\/producto\/150k-puffs-fresa-vainilla-coca-cola-arandano-frambuesa-sandia-hielo-cereza-baya\/#primaryimage"},"thumbnailUrl":"https:\/\/fizzyvape.eu\/wp-content\/uploads\/2026\/01\/Fizzy-15-in-1-150K-Puffs-Rechargeable-Disposable-Vape-Flavors-11-1.jpg","datePublished":"2026-01-19T10:20:45+00:00","description":"Vaporizador desechable Fizzy 150K Puffs con Coca-Cola de Fresa y Vainilla, Frambuesa de Ar\u00e1ndanos, Hielo de Sand\u00eda y Bayas de Cereza. Dispositivo recargable y rico en sabores.","breadcrumb":{"@id":"https:\/\/fizzyvape.eu\/es\/producto\/150k-puffs-fresa-vainilla-coca-cola-arandano-frambuesa-sandia-hielo-cereza-baya\/#breadcrumb"},"inLanguage":"es","potentialAction":[{"@type":"ReadAction","target":["https:\/\/fizzyvape.eu\/es\/producto\/150k-puffs-fresa-vainilla-coca-cola-arandano-frambuesa-sandia-hielo-cereza-baya\/"]}]},{"@type":"ImageObject","inLanguage":"es","@id":"https:\/\/fizzyvape.eu\/es\/producto\/150k-puffs-fresa-vainilla-coca-cola-arandano-frambuesa-sandia-hielo-cereza-baya\/#primaryimage","url":"https:\/\/fizzyvape.eu\/wp-content\/uploads\/2026\/01\/Fizzy-15-in-1-150K-Puffs-Rechargeable-Disposable-Vape-Flavors-11-1.jpg","contentUrl":"https:\/\/fizzyvape.eu\/wp-content\/uploads\/2026\/01\/Fizzy-15-in-1-150K-Puffs-Rechargeable-Disposable-Vape-Flavors-11-1.jpg","width":1000,"height":1000,"caption":"Fizzy 15 en 1 150K Puffs Recargables Desechables Vape Sabores 11"},{"@type":"BreadcrumbList","@id":"https:\/\/fizzyvape.eu\/es\/producto\/150k-puffs-fresa-vainilla-coca-cola-arandano-frambuesa-sandia-hielo-cereza-baya\/#breadcrumb","itemListElement":[{"@type":"ListItem","position":1,"name":"Home","item":"https:\/\/fizzyvape.eu\/es\/"},{"@type":"ListItem","position":2,"name":"Tienda","item":"https:\/\/www.fizzyvape.eu\/es\/tienda\/"},{"@type":"ListItem","position":3,"name":"150K Puffs &#8211; Fresa Vainilla Coca-Cola &amp; Ar\u00e1ndano Frambuesa &amp; Sand\u00eda Hielo &amp; Cereza Baya"}]},{"@type":"WebSite","@id":"https:\/\/www.fizzyvape.eu\/es\/#website","url":"https:\/\/www.fizzyvape.eu\/es\/","name":"fizzyvape.eu","description":"Refreshing Vapes. Unforgettable Taste.","publisher":{"@id":"https:\/\/www.fizzyvape.eu\/es\/#organization"},"potentialAction":[{"@type":"SearchAction","target":{"@type":"EntryPoint","urlTemplate":"https:\/\/www.fizzyvape.eu\/es\/?s={search_term_string}"},"query-input":{"@type":"PropertyValueSpecification","valueRequired":true,"valueName":"search_term_string"}}],"inLanguage":"es"},{"@type":"Organization","@id":"https:\/\/www.fizzyvape.eu\/es\/#organization","name":"fizzyvape.eu","url":"https:\/\/www.fizzyvape.eu\/es\/","logo":{"@type":"ImageObject","inLanguage":"es","@id":"https:\/\/www.fizzyvape.eu\/es\/#\/schema\/logo\/image\/","url":"https:\/\/fizzyvape.eu\/wp-content\/uploads\/2019\/06\/print-1.svg","contentUrl":"https:\/\/fizzyvape.eu\/wp-content\/uploads\/2019\/06\/print-1.svg","width":124,"height":37,"caption":"fizzyvape.eu"},"image":{"@id":"https:\/\/www.fizzyvape.eu\/es\/#\/schema\/logo\/image\/"}}]},"og_availability":"instock","product_availability":"instock","product_condition":"new"},"tiered_pricing_type":"fixed","tiered_pricing_fixed_rules":[],"tiered_pricing_product_settings":{"layout":"default","base_unit_name":{"singular":null,"plural":null},"default_variation":null},"tiered_pricing_minimum_quantity":null,"tiered_pricing_roles_data":[],"tiered_pricing_percentage_rules":[],"tiered_pricing_maximum_quantity":null,"tiered_pricing_quantity_step":null,"_links":{"self":[{"href":"https:\/\/fizzyvape.eu\/es\/wp-json\/wp\/v2\/product\/39174","targetHints":{"allow":["GET"]}}],"collection":[{"href":"https:\/\/fizzyvape.eu\/es\/wp-json\/wp\/v2\/product"}],"about":[{"href":"https:\/\/fizzyvape.eu\/es\/wp-json\/wp\/v2\/types\/product"}],"replies":[{"embeddable":true,"href":"https:\/\/fizzyvape.eu\/es\/wp-json\/wp\/v2\/comments?post=39174"}],"version-history":[{"count":0,"href":"https:\/\/fizzyvape.eu\/es\/wp-json\/wp\/v2\/product\/39174\/revisions"}],"wp:featuredmedia":[{"embeddable":true,"href":"https:\/\/fizzyvape.eu\/es\/wp-json\/wp\/v2\/media\/38903"}],"wp:attachment":[{"href":"https:\/\/fizzyvape.eu\/es\/wp-json\/wp\/v2\/media?parent=39174"}],"wp:term":[{"taxonomy":"product_brand","embeddable":true,"href":"https:\/\/fizzyvape.eu\/es\/wp-json\/wp\/v2\/product_brand?post=39174"},{"taxonomy":"product_cat","embeddable":true,"href":"https:\/\/fizzyvape.eu\/es\/wp-json\/wp\/v2\/product_cat?post=39174"},{"taxonomy":"product_tag","embeddable":true,"href":"https:\/\/fizzyvape.eu\/es\/wp-json\/wp\/v2\/product_tag?post=39174"}],"curies":[{"name":"wp","href":"https:\/\/api.w.org\/{rel}","templated":true}]}}