{"id":34240,"date":"2025-08-13T11:54:13","date_gmt":"2025-08-13T03:54:13","guid":{"rendered":"https:\/\/fizzyvape.eu\/fb-entry\/"},"modified":"2025-08-20T10:48:29","modified_gmt":"2025-08-20T02:48:29","slug":"fb-entry","status":"publish","type":"page","link":"https:\/\/fizzyvape.eu\/fr\/fb-entry\/","title":{"rendered":"fb-entry"},"content":{"rendered":"\t\t<div data-elementor-type=\"wp-page\" data-elementor-id=\"34240\" class=\"elementor elementor-34240 elementor-33855\" data-elementor-post-type=\"page\">\n\t\t\t\t<div class=\"elementor-element elementor-element-4ef5854 e-con-full wd-section-stretch e-flex e-con e-parent\" data-id=\"4ef5854\" data-element_type=\"container\">\n\t\t\t\t<div class=\"elementor-element elementor-element-f5a8e4c elementor-hidden-mobile elementor-widget elementor-widget-image\" data-id=\"f5a8e4c\" data-element_type=\"widget\" data-widget_type=\"image.default\">\n\t\t\t\t<div class=\"elementor-widget-container\">\n\t\t\t\t\t\t\t\t\t\t\t\t\t\t\t\t<a href=\"https:\/\/fizzyvape.eu\/fr\/product-category\/multi-flavor-pack-fr\/\">\n\t\t\t\t\t\t\t<img decoding=\"async\" width=\"1920\" height=\"400\" src=\"https:\/\/fizzyvape.eu\/wp-content\/uploads\/2025\/08\/Fizzy-Vape-1.jpg\" class=\"attachment-full size-full wp-image-33860\" alt=\"\" srcset=\"https:\/\/fizzyvape.eu\/wp-content\/uploads\/2025\/08\/Fizzy-Vape-1.jpg 1920w, https:\/\/fizzyvape.eu\/wp-content\/uploads\/2025\/08\/Fizzy-Vape-1-400x83.jpg 400w, https:\/\/fizzyvape.eu\/wp-content\/uploads\/2025\/08\/Fizzy-Vape-1-1300x271.jpg 1300w, https:\/\/fizzyvape.eu\/wp-content\/uploads\/2025\/08\/Fizzy-Vape-1-768x160.jpg 768w, https:\/\/fizzyvape.eu\/wp-content\/uploads\/2025\/08\/Fizzy-Vape-1-1536x320.jpg 1536w, https:\/\/fizzyvape.eu\/wp-content\/uploads\/2025\/08\/Fizzy-Vape-1-430x90.jpg 430w, https:\/\/fizzyvape.eu\/wp-content\/uploads\/2025\/08\/Fizzy-Vape-1-700x146.jpg 700w, https:\/\/fizzyvape.eu\/wp-content\/uploads\/2025\/08\/Fizzy-Vape-1-150x31.jpg 150w\" sizes=\"(max-width: 1920px) 100vw, 1920px\" \/>\t\t\t\t\t\t\t\t<\/a>\n\t\t\t\t\t\t\t\t\t\t\t\t\t\t\t<\/div>\n\t\t\t\t<\/div>\n\t\t\t\t<\/div>\n\t\t<div class=\"wd-negative-gap elementor-element elementor-element-1a0620c e-flex e-con-boxed e-con e-parent\" data-id=\"1a0620c\" data-element_type=\"container\">\n\t\t\t\t\t<div class=\"e-con-inner\">\n\t\t\t\t<div class=\"elementor-element elementor-element-e5a1c15 elementor-hidden-desktop elementor-hidden-tablet elementor-widget elementor-widget-image\" data-id=\"e5a1c15\" data-element_type=\"widget\" data-widget_type=\"image.default\">\n\t\t\t\t<div class=\"elementor-widget-container\">\n\t\t\t\t\t\t\t\t\t\t\t\t\t\t\t\t<a href=\"https:\/\/fizzyvape.eu\/fr\/product-category\/multi-flavor-pack-fr\/\">\n\t\t\t\t\t\t\t<img decoding=\"async\" width=\"800\" height=\"800\" src=\"https:\/\/fizzyvape.eu\/wp-content\/uploads\/2025\/08\/Fizzy-Max-III-6in1-60K-60000-Puffs-Rechargeable-Disposable-Vape-10pcs-1.webp\" class=\"attachment-full size-full wp-image-33869\" alt=\"\" srcset=\"https:\/\/fizzyvape.eu\/wp-content\/uploads\/2025\/08\/Fizzy-Max-III-6in1-60K-60000-Puffs-Rechargeable-Disposable-Vape-10pcs-1.webp 800w, https:\/\/fizzyvape.eu\/wp-content\/uploads\/2025\/08\/Fizzy-Max-III-6in1-60K-60000-Puffs-Rechargeable-Disposable-Vape-10pcs-1-300x300.webp 300w, https:\/\/fizzyvape.eu\/wp-content\/uploads\/2025\/08\/Fizzy-Max-III-6in1-60K-60000-Puffs-Rechargeable-Disposable-Vape-10pcs-1-150x150.webp 150w, https:\/\/fizzyvape.eu\/wp-content\/uploads\/2025\/08\/Fizzy-Max-III-6in1-60K-60000-Puffs-Rechargeable-Disposable-Vape-10pcs-1-768x768.webp 768w, https:\/\/fizzyvape.eu\/wp-content\/uploads\/2025\/08\/Fizzy-Max-III-6in1-60K-60000-Puffs-Rechargeable-Disposable-Vape-10pcs-1-430x430.webp 430w, https:\/\/fizzyvape.eu\/wp-content\/uploads\/2025\/08\/Fizzy-Max-III-6in1-60K-60000-Puffs-Rechargeable-Disposable-Vape-10pcs-1-700x700.webp 700w\" sizes=\"(max-width: 800px) 100vw, 800px\" \/>\t\t\t\t\t\t\t\t<\/a>\n\t\t\t\t\t\t\t\t\t\t\t\t\t\t\t<\/div>\n\t\t\t\t<\/div>\n\t\t\t\t\t<\/div>\n\t\t\t\t<\/div>\n\t\t<div class=\"wd-negative-gap elementor-element elementor-element-b3db520 e-flex e-con-boxed e-con e-parent\" data-id=\"b3db520\" data-element_type=\"container\">\n\t\t\t\t\t<div class=\"e-con-inner\">\n\t\t\t\t<div class=\"elementor-element elementor-element-d84dbbc elementor-widget elementor-widget-heading\" data-id=\"d84dbbc\" data-element_type=\"widget\" data-widget_type=\"heading.default\">\n\t\t\t\t<div class=\"elementor-widget-container\">\n\t\t\t\t\t<h2 class=\"elementor-heading-title elementor-size-default\">D\u00e9couvrez une nouvelle exp\u00e9rience gustative<\/h2>\t\t\t\t<\/div>\n\t\t\t\t<\/div>\n\t\t\t\t\t<\/div>\n\t\t\t\t<\/div>\n\t\t<div class=\"wd-negative-gap elementor-element elementor-element-d701dd0 e-flex e-con-boxed e-con e-parent\" data-id=\"d701dd0\" data-element_type=\"container\">\n\t\t\t\t\t<div class=\"e-con-inner\">\n\t\t\t\t<div class=\"elementor-element elementor-element-4016618 color-scheme-inherit text-left elementor-widget elementor-widget-text-editor\" data-id=\"4016618\" data-element_type=\"widget\" data-widget_type=\"text-editor.default\">\n\t\t\t\t<div class=\"elementor-widget-container\">\n\t\t\t\t\t\t\t\t\t<p>Plus de 60 000 moments \u00e0 savourer.<br>Combinaisons exclusives. Con\u00e7ues pour les explorateurs de saveurs. <\/p>\t\t\t\t\t\t\t\t<\/div>\n\t\t\t\t<\/div>\n\t\t\t\t\t<\/div>\n\t\t\t\t<\/div>\n\t\t<div class=\"wd-negative-gap elementor-element elementor-element-a88fd77 e-flex e-con-boxed e-con e-parent\" data-id=\"a88fd77\" data-element_type=\"container\">\n\t\t\t\t\t<div class=\"e-con-inner\">\n\t\t<div class=\"elementor-element elementor-element-63550bb e-con-full e-flex e-con e-child\" data-id=\"63550bb\" data-element_type=\"container\">\n\t\t<div class=\"elementor-element elementor-element-082c12f e-grid e-con-full e-con e-child\" data-id=\"082c12f\" data-element_type=\"container\">\n\t\t\t\t<div class=\"elementor-element elementor-element-fa14f12 elementor-widget elementor-widget-image\" data-id=\"fa14f12\" data-element_type=\"widget\" data-widget_type=\"image.default\">\n\t\t\t\t<div class=\"elementor-widget-container\">\n\t\t\t\t\t\t\t\t\t\t\t\t\t\t\t\t<a href=\"https:\/\/fizzyvape.eu\/fr\/product-category\/max-iii-6in1-60k-60000-puffs-rechargeable-disposable-vape-fr\/\">\n\t\t\t\t\t\t\t<img decoding=\"async\" width=\"800\" height=\"800\" src=\"https:\/\/fizzyvape.eu\/wp-content\/uploads\/2025\/08\/Fizzy-max-60K-60000-Puffs-Disposable-Vape-40-1.webp\" class=\"attachment-full size-full wp-image-33878\" alt=\"\" srcset=\"https:\/\/fizzyvape.eu\/wp-content\/uploads\/2025\/08\/Fizzy-max-60K-60000-Puffs-Disposable-Vape-40-1.webp 800w, https:\/\/fizzyvape.eu\/wp-content\/uploads\/2025\/08\/Fizzy-max-60K-60000-Puffs-Disposable-Vape-40-1-300x300.webp 300w, https:\/\/fizzyvape.eu\/wp-content\/uploads\/2025\/08\/Fizzy-max-60K-60000-Puffs-Disposable-Vape-40-1-150x150.webp 150w, https:\/\/fizzyvape.eu\/wp-content\/uploads\/2025\/08\/Fizzy-max-60K-60000-Puffs-Disposable-Vape-40-1-768x768.webp 768w, https:\/\/fizzyvape.eu\/wp-content\/uploads\/2025\/08\/Fizzy-max-60K-60000-Puffs-Disposable-Vape-40-1-430x430.webp 430w, https:\/\/fizzyvape.eu\/wp-content\/uploads\/2025\/08\/Fizzy-max-60K-60000-Puffs-Disposable-Vape-40-1-700x700.webp 700w\" sizes=\"(max-width: 800px) 100vw, 800px\" \/>\t\t\t\t\t\t\t\t<\/a>\n\t\t\t\t\t\t\t\t\t\t\t\t\t\t\t<\/div>\n\t\t\t\t<\/div>\n\t\t\t\t<div class=\"elementor-element elementor-element-28cedbb elementor-widget elementor-widget-image\" data-id=\"28cedbb\" data-element_type=\"widget\" data-widget_type=\"image.default\">\n\t\t\t\t<div class=\"elementor-widget-container\">\n\t\t\t\t\t\t\t\t\t\t\t\t\t\t\t\t<a href=\"https:\/\/fizzyvape.eu\/fr\/product-category\/twins-vape-jetable-50000-bouffees-fr\/\">\n\t\t\t\t\t\t\t<img decoding=\"async\" width=\"800\" height=\"800\" src=\"https:\/\/fizzyvape.eu\/wp-content\/uploads\/2025\/08\/Fizzy-Twins-50000Puffs-12.webp\" class=\"attachment-large size-large wp-image-33887\" alt=\"\" srcset=\"https:\/\/fizzyvape.eu\/wp-content\/uploads\/2025\/08\/Fizzy-Twins-50000Puffs-12.webp 800w, https:\/\/fizzyvape.eu\/wp-content\/uploads\/2025\/08\/Fizzy-Twins-50000Puffs-12-300x300.webp 300w, https:\/\/fizzyvape.eu\/wp-content\/uploads\/2025\/08\/Fizzy-Twins-50000Puffs-12-150x150.webp 150w, https:\/\/fizzyvape.eu\/wp-content\/uploads\/2025\/08\/Fizzy-Twins-50000Puffs-12-768x768.webp 768w, https:\/\/fizzyvape.eu\/wp-content\/uploads\/2025\/08\/Fizzy-Twins-50000Puffs-12-430x430.webp 430w, https:\/\/fizzyvape.eu\/wp-content\/uploads\/2025\/08\/Fizzy-Twins-50000Puffs-12-700x700.webp 700w\" sizes=\"(max-width: 800px) 100vw, 800px\" \/>\t\t\t\t\t\t\t\t<\/a>\n\t\t\t\t\t\t\t\t\t\t\t\t\t\t\t<\/div>\n\t\t\t\t<\/div>\n\t\t\t\t<div class=\"elementor-element elementor-element-db34781 elementor-widget elementor-widget-image\" data-id=\"db34781\" data-element_type=\"widget\" data-widget_type=\"image.default\">\n\t\t\t\t<div class=\"elementor-widget-container\">\n\t\t\t\t\t\t\t\t\t\t\t\t\t\t\t\t<a href=\"https:\/\/fizzyvape.eu\/fr\/product-category\/nova-plus-vape-jetable-40000-bouffees-fr\/\">\n\t\t\t\t\t\t\t<img decoding=\"async\" width=\"600\" height=\"600\" src=\"https:\/\/fizzyvape.eu\/wp-content\/uploads\/2025\/08\/Fizzy-Nova-Plus-40000-Puffs-Dual-Mode-Dual-Mesh-40K-2-5-Low-Nicotine-22-1.webp\" class=\"attachment-large size-large wp-image-33896\" alt=\"Fizzy-Nova-Plus-40000-Puffs-Dual-Mode-Dual-Mesh-40K-2-5-Low-Nicotine-22.webp\" srcset=\"https:\/\/fizzyvape.eu\/wp-content\/uploads\/2025\/08\/Fizzy-Nova-Plus-40000-Puffs-Dual-Mode-Dual-Mesh-40K-2-5-Low-Nicotine-22-1.webp 600w, https:\/\/fizzyvape.eu\/wp-content\/uploads\/2025\/08\/Fizzy-Nova-Plus-40000-Puffs-Dual-Mode-Dual-Mesh-40K-2-5-Low-Nicotine-22-1-300x300.webp 300w, https:\/\/fizzyvape.eu\/wp-content\/uploads\/2025\/08\/Fizzy-Nova-Plus-40000-Puffs-Dual-Mode-Dual-Mesh-40K-2-5-Low-Nicotine-22-1-150x150.webp 150w, https:\/\/fizzyvape.eu\/wp-content\/uploads\/2025\/08\/Fizzy-Nova-Plus-40000-Puffs-Dual-Mode-Dual-Mesh-40K-2-5-Low-Nicotine-22-1-430x430.webp 430w\" sizes=\"(max-width: 600px) 100vw, 600px\" \/>\t\t\t\t\t\t\t\t<\/a>\n\t\t\t\t\t\t\t\t\t\t\t\t\t\t\t<\/div>\n\t\t\t\t<\/div>\n\t\t\t\t<\/div>\n\t\t\t\t<\/div>\n\t\t\t\t\t<\/div>\n\t\t\t\t<\/div>\n\t\t<div class=\"wd-negative-gap elementor-element elementor-element-a76434a e-flex e-con-boxed e-con e-parent\" data-id=\"a76434a\" data-element_type=\"container\">\n\t\t\t\t\t<div class=\"e-con-inner\">\n\t\t\t\t<div class=\"elementor-element elementor-element-b524d11 elementor-widget elementor-widget-heading\" data-id=\"b524d11\" data-element_type=\"widget\" data-widget_type=\"heading.default\">\n\t\t\t\t<div class=\"elementor-widget-container\">\n\t\t\t\t\t<h2 class=\"elementor-heading-title elementor-size-default\">Pourquoi choisir nos combinaisons ?<\/h2>\t\t\t\t<\/div>\n\t\t\t\t<\/div>\n\t\t\t\t\t<\/div>\n\t\t\t\t<\/div>\n\t\t<div class=\"wd-negative-gap elementor-element elementor-element-453918d e-flex e-con-boxed e-con e-parent\" data-id=\"453918d\" data-element_type=\"container\">\n\t\t\t\t\t<div class=\"e-con-inner\">\n\t\t\t\t<div class=\"elementor-element elementor-element-0e09b62 color-scheme-inherit text-left elementor-widget elementor-widget-text-editor\" data-id=\"0e09b62\" data-element_type=\"widget\" data-widget_type=\"text-editor.default\">\n\t\t\t\t<div class=\"elementor-widget-container\">\n\t\t\t\t\t\t\t\t\t<ul><li><p>\ud83c\udf1f L&#8217;innovation dans chaque bouff\u00e9e<br>Des saveurs uniques combin\u00e9es pour une exp\u00e9rience intense et durable.<\/p><p>\ud83d\ude9a Livraison rapide dans toute l&#8217;Europe<br>Exp\u00e9dition \u00e0 partir d&#8217;un entrep\u00f4t europ\u00e9en, d\u00e9lai de livraison estim\u00e9 entre 2 et 7 jours.<\/p><p>\ud83d\udd0b Design moderne et rechargeable<br>Hassle-free convenience, toujours pr\u00eat \u00e0 l&#8217;emploi.<\/p><\/li><\/ul>\t\t\t\t\t\t\t\t<\/div>\n\t\t\t\t<\/div>\n\t\t\t\t\t<\/div>\n\t\t\t\t<\/div>\n\t\t<div class=\"wd-negative-gap elementor-element elementor-element-1124fc8 e-flex e-con-boxed e-con e-parent\" data-id=\"1124fc8\" data-element_type=\"container\">\n\t\t\t\t\t<div class=\"e-con-inner\">\n\t\t\t\t<div class=\"elementor-element elementor-element-157913f elementor-widget elementor-widget-heading\" data-id=\"157913f\" data-element_type=\"widget\" data-widget_type=\"heading.default\">\n\t\t\t\t<div class=\"elementor-widget-container\">\n\t\t\t\t\t<h2 class=\"elementor-heading-title elementor-size-default\">Ce que disent nos clients<\/h2>\t\t\t\t<\/div>\n\t\t\t\t<\/div>\n\t\t\t\t\t<\/div>\n\t\t\t\t<\/div>\n\t\t<div class=\"wd-negative-gap elementor-element elementor-element-f54cc03 e-flex e-con-boxed e-con e-parent\" data-id=\"f54cc03\" data-element_type=\"container\">\n\t\t\t\t\t<div class=\"e-con-inner\">\n\t\t\t\t<div class=\"elementor-element elementor-element-d8e9250 color-scheme-inherit text-left elementor-widget elementor-widget-text-editor\" data-id=\"d8e9250\" data-element_type=\"widget\" data-widget_type=\"text-editor.default\">\n\t\t\t\t<div class=\"elementor-widget-container\">\n\t\t\t\t\t\t\t\t\t<ul><li><p>\u2b50\u2b50\u2b50\u2b50\u2b50<br><em>&#8220;J&#8217;adore la vari\u00e9t\u00e9 des saveurs. Dur\u00e9e de conservation incroyable !<\/em>&#8220;<br>&#8211; Laura G. (Italie)<\/p><\/li><li><p>\u2b50\u2b50\u2b50\u2b50\u2b50<br><em>&#8220;Id\u00e9al pour d\u00e9couvrir de nouvelles saveurs. Design tr\u00e8s \u00e9l\u00e9gant.<\/em>&#8220;<br>&#8211; Pedro M. (Hongrie)<\/p><\/li><li><p>\u2b50\u2b50\u2b50\u2b50\u2b50<br><em>&#8220;Il est arriv\u00e9 en 3 jours seulement. Tout \u00e9tait parfait<\/em>&#8220;<br>&#8211; Diego F. (Espagne)<\/p><\/li><\/ul>\t\t\t\t\t\t\t\t<\/div>\n\t\t\t\t<\/div>\n\t\t\t\t\t<\/div>\n\t\t\t\t<\/div>\n\t\t<div class=\"wd-negative-gap elementor-element elementor-element-d4918d4 e-flex e-con-boxed e-con e-parent\" data-id=\"d4918d4\" data-element_type=\"container\">\n\t\t\t\t\t<div class=\"e-con-inner\">\n\t\t\t\t<div class=\"elementor-element elementor-element-12bcf77 elementor-widget elementor-widget-heading\" data-id=\"12bcf77\" data-element_type=\"widget\" data-widget_type=\"heading.default\">\n\t\t\t\t<div class=\"elementor-widget-container\">\n\t\t\t\t\t<h2 class=\"elementor-heading-title elementor-size-default\">Pr\u00eat \u00e0 d\u00e9couvrir votre combinaison ?<\/h2>\t\t\t\t<\/div>\n\t\t\t\t<\/div>\n\t\t\t\t\t<\/div>\n\t\t\t\t<\/div>\n\t\t<div class=\"wd-negative-gap elementor-element elementor-element-4d65704 e-flex e-con-boxed e-con e-parent\" data-id=\"4d65704\" data-element_type=\"container\">\n\t\t\t\t\t<div class=\"e-con-inner\">\n\t\t\t\t<div class=\"elementor-element elementor-element-089097e color-scheme-inherit text-left elementor-widget elementor-widget-text-editor\" data-id=\"089097e\" data-element_type=\"widget\" data-widget_type=\"text-editor.default\">\n\t\t\t\t<div class=\"elementor-widget-container\">\n\t\t\t\t\t\t\t\t\t<p>Choisissez parmi des combinaisons fruit\u00e9es, fra\u00eeches ou exotiques.<br>Votre exp\u00e9rience commence maintenant.<\/p>\t\t\t\t\t\t\t\t<\/div>\n\t\t\t\t<\/div>\n\t\t\t\t\t<\/div>\n\t\t\t\t<\/div>\n\t\t<div class=\"wd-negative-gap elementor-element elementor-element-2798c73 e-flex e-con-boxed e-con e-parent\" data-id=\"2798c73\" data-element_type=\"container\">\n\t\t\t\t\t<div class=\"e-con-inner\">\n\t\t\t\t<div class=\"elementor-element elementor-element-0959ec1 elementor-widget elementor-widget-wd_button\" data-id=\"0959ec1\" data-element_type=\"widget\" data-widget_type=\"wd_button.default\">\n\t\t\t\t<div class=\"elementor-widget-container\">\n\t\t\t\t\t\t\t<div class=\"wd-button-wrapper text-center\" >\n\t\t\t<a class=\"btn btn-style-3d btn-shape-rectangle btn-size-default btn-color-primary btn-icon-pos-right\"  href=\"https:\/\/fizzyvape.eu\/fr\/\">\n\t\t\t\t<span class=\"wd-btn-text\" data-elementor-setting-key=\"text\">\n\t\t\t\t\tVoir toutes les combinaisons\t\t\t\t<\/span>\n\n\t\t\t\t\t\t\t<\/a>\n\t\t<\/div>\n\t\t\t\t\t\t<\/div>\n\t\t\t\t<\/div>\n\t\t\t\t\t<\/div>\n\t\t\t\t<\/div>\n\t\t\t\t<\/div>\n\t\t","protected":false},"excerpt":{"rendered":"<p>D\u00e9couvrez une nouvelle exp\u00e9rience gustative Plus de 60 000 moments \u00e0 savourer.Combinaisons exclusives. Con\u00e7ues pour les explorateurs de saveurs. Pourquoi<\/p>\n","protected":false},"author":1,"featured_media":0,"parent":0,"menu_order":0,"comment_status":"closed","ping_status":"closed","template":"elementor_header_footer","meta":{"iawp_total_views":0,"footnotes":""},"class_list":["post-34240","page","type-page","status-publish","hentry"],"yoast_head":"<!-- This site is optimized with the Yoast SEO Premium plugin v24.8 (Yoast SEO v24.8) - https:\/\/yoast.com\/wordpress\/plugins\/seo\/ -->\n<title>fb-entry - fizzyvape.eu<\/title>\n<meta name=\"robots\" content=\"index, follow, max-snippet:-1, max-image-preview:large, max-video-preview:-1\" \/>\n<link rel=\"canonical\" href=\"https:\/\/fizzyvape.eu\/fr\/fb-entry\/\" \/>\n<meta property=\"og:locale\" content=\"fr_FR\" \/>\n<meta property=\"og:type\" content=\"article\" \/>\n<meta property=\"og:title\" content=\"fb-entry\" \/>\n<meta property=\"og:description\" content=\"D\u00e9couvrez une nouvelle exp\u00e9rience gustative Plus de 60 000 moments \u00e0 savourer.Combinaisons exclusives. Con\u00e7ues pour les explorateurs de saveurs. Pourquoi\" \/>\n<meta property=\"og:url\" content=\"https:\/\/fizzyvape.eu\/fr\/fb-entry\/\" \/>\n<meta property=\"og:site_name\" content=\"fizzyvape.eu\" \/>\n<meta property=\"article:modified_time\" content=\"2025-08-20T02:48:29+00:00\" \/>\n<meta property=\"og:image\" content=\"https:\/\/fizzyvape.eu\/wp-content\/uploads\/2025\/08\/Fizzy-Vape-1.jpg\" \/>\n\t<meta property=\"og:image:width\" content=\"1920\" \/>\n\t<meta property=\"og:image:height\" content=\"400\" \/>\n\t<meta property=\"og:image:type\" content=\"image\/jpeg\" \/>\n<meta name=\"twitter:card\" content=\"summary_large_image\" \/>\n<meta name=\"twitter:label1\" content=\"Dur\u00e9e de lecture estim\u00e9e\" \/>\n\t<meta name=\"twitter:data1\" content=\"1 minute\" \/>\n<script type=\"application\/ld+json\" class=\"yoast-schema-graph\">{\"@context\":\"https:\/\/schema.org\",\"@graph\":[{\"@type\":\"WebPage\",\"@id\":\"https:\/\/fizzyvape.eu\/fr\/fb-entry\/\",\"url\":\"https:\/\/fizzyvape.eu\/fr\/fb-entry\/\",\"name\":\"fb-entry - fizzyvape.eu\",\"isPartOf\":{\"@id\":\"https:\/\/www.fizzyvape.eu\/fr\/#website\"},\"primaryImageOfPage\":{\"@id\":\"https:\/\/fizzyvape.eu\/fr\/fb-entry\/#primaryimage\"},\"image\":{\"@id\":\"https:\/\/fizzyvape.eu\/fr\/fb-entry\/#primaryimage\"},\"thumbnailUrl\":\"https:\/\/fizzyvape.eu\/wp-content\/uploads\/2025\/08\/Fizzy-Vape-1.jpg\",\"datePublished\":\"2025-08-13T03:54:13+00:00\",\"dateModified\":\"2025-08-20T02:48:29+00:00\",\"breadcrumb\":{\"@id\":\"https:\/\/fizzyvape.eu\/fr\/fb-entry\/#breadcrumb\"},\"inLanguage\":\"fr-FR\",\"potentialAction\":[{\"@type\":\"ReadAction\",\"target\":[\"https:\/\/fizzyvape.eu\/fr\/fb-entry\/\"]}]},{\"@type\":\"ImageObject\",\"inLanguage\":\"fr-FR\",\"@id\":\"https:\/\/fizzyvape.eu\/fr\/fb-entry\/#primaryimage\",\"url\":\"https:\/\/fizzyvape.eu\/wp-content\/uploads\/2025\/08\/Fizzy-Vape-1.jpg\",\"contentUrl\":\"https:\/\/fizzyvape.eu\/wp-content\/uploads\/2025\/08\/Fizzy-Vape-1.jpg\"},{\"@type\":\"BreadcrumbList\",\"@id\":\"https:\/\/fizzyvape.eu\/fr\/fb-entry\/#breadcrumb\",\"itemListElement\":[{\"@type\":\"ListItem\",\"position\":1,\"name\":\"Home\",\"item\":\"https:\/\/fizzyvape.eu\/fr\/\"},{\"@type\":\"ListItem\",\"position\":2,\"name\":\"fb-entry\"}]},{\"@type\":\"WebSite\",\"@id\":\"https:\/\/www.fizzyvape.eu\/fr\/#website\",\"url\":\"https:\/\/www.fizzyvape.eu\/fr\/\",\"name\":\"fizzyvape.eu\",\"description\":\"Refreshing Vapes. Unforgettable Taste.\",\"publisher\":{\"@id\":\"https:\/\/www.fizzyvape.eu\/fr\/#organization\"},\"potentialAction\":[{\"@type\":\"SearchAction\",\"target\":{\"@type\":\"EntryPoint\",\"urlTemplate\":\"https:\/\/www.fizzyvape.eu\/fr\/?s={search_term_string}\"},\"query-input\":{\"@type\":\"PropertyValueSpecification\",\"valueRequired\":true,\"valueName\":\"search_term_string\"}}],\"inLanguage\":\"fr-FR\"},{\"@type\":\"Organization\",\"@id\":\"https:\/\/www.fizzyvape.eu\/fr\/#organization\",\"name\":\"fizzyvape.eu\",\"url\":\"https:\/\/www.fizzyvape.eu\/fr\/\",\"logo\":{\"@type\":\"ImageObject\",\"inLanguage\":\"fr-FR\",\"@id\":\"https:\/\/www.fizzyvape.eu\/fr\/#\/schema\/logo\/image\/\",\"url\":\"https:\/\/fizzyvape.eu\/wp-content\/uploads\/2019\/06\/print-1.svg\",\"contentUrl\":\"https:\/\/fizzyvape.eu\/wp-content\/uploads\/2019\/06\/print-1.svg\",\"width\":124,\"height\":37,\"caption\":\"fizzyvape.eu\"},\"image\":{\"@id\":\"https:\/\/www.fizzyvape.eu\/fr\/#\/schema\/logo\/image\/\"}}]}<\/script>\n<!-- \/ Yoast SEO Premium plugin. -->","yoast_head_json":{"title":"fb-entry - fizzyvape.eu","robots":{"index":"index","follow":"follow","max-snippet":"max-snippet:-1","max-image-preview":"max-image-preview:large","max-video-preview":"max-video-preview:-1"},"canonical":"https:\/\/fizzyvape.eu\/fr\/fb-entry\/","og_locale":"fr_FR","og_type":"article","og_title":"fb-entry","og_description":"D\u00e9couvrez une nouvelle exp\u00e9rience gustative Plus de 60 000 moments \u00e0 savourer.Combinaisons exclusives. Con\u00e7ues pour les explorateurs de saveurs. Pourquoi","og_url":"https:\/\/fizzyvape.eu\/fr\/fb-entry\/","og_site_name":"fizzyvape.eu","article_modified_time":"2025-08-20T02:48:29+00:00","og_image":[{"width":1920,"height":400,"url":"https:\/\/fizzyvape.eu\/wp-content\/uploads\/2025\/08\/Fizzy-Vape-1.jpg","type":"image\/jpeg"}],"twitter_card":"summary_large_image","twitter_misc":{"Dur\u00e9e de lecture estim\u00e9e":"1 minute"},"schema":{"@context":"https:\/\/schema.org","@graph":[{"@type":"WebPage","@id":"https:\/\/fizzyvape.eu\/fr\/fb-entry\/","url":"https:\/\/fizzyvape.eu\/fr\/fb-entry\/","name":"fb-entry - fizzyvape.eu","isPartOf":{"@id":"https:\/\/www.fizzyvape.eu\/fr\/#website"},"primaryImageOfPage":{"@id":"https:\/\/fizzyvape.eu\/fr\/fb-entry\/#primaryimage"},"image":{"@id":"https:\/\/fizzyvape.eu\/fr\/fb-entry\/#primaryimage"},"thumbnailUrl":"https:\/\/fizzyvape.eu\/wp-content\/uploads\/2025\/08\/Fizzy-Vape-1.jpg","datePublished":"2025-08-13T03:54:13+00:00","dateModified":"2025-08-20T02:48:29+00:00","breadcrumb":{"@id":"https:\/\/fizzyvape.eu\/fr\/fb-entry\/#breadcrumb"},"inLanguage":"fr-FR","potentialAction":[{"@type":"ReadAction","target":["https:\/\/fizzyvape.eu\/fr\/fb-entry\/"]}]},{"@type":"ImageObject","inLanguage":"fr-FR","@id":"https:\/\/fizzyvape.eu\/fr\/fb-entry\/#primaryimage","url":"https:\/\/fizzyvape.eu\/wp-content\/uploads\/2025\/08\/Fizzy-Vape-1.jpg","contentUrl":"https:\/\/fizzyvape.eu\/wp-content\/uploads\/2025\/08\/Fizzy-Vape-1.jpg"},{"@type":"BreadcrumbList","@id":"https:\/\/fizzyvape.eu\/fr\/fb-entry\/#breadcrumb","itemListElement":[{"@type":"ListItem","position":1,"name":"Home","item":"https:\/\/fizzyvape.eu\/fr\/"},{"@type":"ListItem","position":2,"name":"fb-entry"}]},{"@type":"WebSite","@id":"https:\/\/www.fizzyvape.eu\/fr\/#website","url":"https:\/\/www.fizzyvape.eu\/fr\/","name":"fizzyvape.eu","description":"Refreshing Vapes. Unforgettable Taste.","publisher":{"@id":"https:\/\/www.fizzyvape.eu\/fr\/#organization"},"potentialAction":[{"@type":"SearchAction","target":{"@type":"EntryPoint","urlTemplate":"https:\/\/www.fizzyvape.eu\/fr\/?s={search_term_string}"},"query-input":{"@type":"PropertyValueSpecification","valueRequired":true,"valueName":"search_term_string"}}],"inLanguage":"fr-FR"},{"@type":"Organization","@id":"https:\/\/www.fizzyvape.eu\/fr\/#organization","name":"fizzyvape.eu","url":"https:\/\/www.fizzyvape.eu\/fr\/","logo":{"@type":"ImageObject","inLanguage":"fr-FR","@id":"https:\/\/www.fizzyvape.eu\/fr\/#\/schema\/logo\/image\/","url":"https:\/\/fizzyvape.eu\/wp-content\/uploads\/2019\/06\/print-1.svg","contentUrl":"https:\/\/fizzyvape.eu\/wp-content\/uploads\/2019\/06\/print-1.svg","width":124,"height":37,"caption":"fizzyvape.eu"},"image":{"@id":"https:\/\/www.fizzyvape.eu\/fr\/#\/schema\/logo\/image\/"}}]}},"_links":{"self":[{"href":"https:\/\/fizzyvape.eu\/fr\/wp-json\/wp\/v2\/pages\/34240","targetHints":{"allow":["GET"]}}],"collection":[{"href":"https:\/\/fizzyvape.eu\/fr\/wp-json\/wp\/v2\/pages"}],"about":[{"href":"https:\/\/fizzyvape.eu\/fr\/wp-json\/wp\/v2\/types\/page"}],"author":[{"embeddable":true,"href":"https:\/\/fizzyvape.eu\/fr\/wp-json\/wp\/v2\/users\/1"}],"replies":[{"embeddable":true,"href":"https:\/\/fizzyvape.eu\/fr\/wp-json\/wp\/v2\/comments?post=34240"}],"version-history":[{"count":0,"href":"https:\/\/fizzyvape.eu\/fr\/wp-json\/wp\/v2\/pages\/34240\/revisions"}],"wp:attachment":[{"href":"https:\/\/fizzyvape.eu\/fr\/wp-json\/wp\/v2\/media?parent=34240"}],"curies":[{"name":"wp","href":"https:\/\/api.w.org\/{rel}","templated":true}]}}