{"id":24611,"date":"2025-04-10T11:48:55","date_gmt":"2025-04-10T03:48:55","guid":{"rendered":"https:\/\/fizzyvape.eu\/product\/fizzy-boom-13000-bouffees-50pcs\/"},"modified":"2025-10-31T18:02:08","modified_gmt":"2025-10-31T10:02:08","slug":"fizzy-boom-13000-bouffees-50pcs","status":"publish","type":"product","link":"https:\/\/fizzyvape.eu\/fr\/produit\/fizzy-boom-13000-bouffees-50pcs\/","title":{"rendered":"Fizzy Boom &#8211; 13000 bouff\u00e9es &#8211; 50pcs"},"content":{"rendered":"<div>\n<h2><strong>Fizzy Boom 13000 Puffs &#8211; 50pcs Mystery Flavor Blind Box<\/strong><\/h2>\n<p>D\u00e9couvrez le frisson de <strong>50 vapes jetables Fizzy Boom de premi\u00e8re qualit\u00e9<\/strong> dans cette bo\u00eete myst\u00e8re en \u00e9dition limit\u00e9e &#8211; chacune d\u00e9livrant <strong>13 000 bouff\u00e9es ultra douces<\/strong> d&#8217;une saveur parfaite fabriqu\u00e9e en laboratoire ! Allez-vous choisir <strong>Juicy Peach<\/strong>, <strong>Icy Blueberry<\/strong>, ou <strong>Tropical Watermelon Cherry<\/strong>? Chaque d\u00e9ballage est une aventure gustative !  <\/p>\n<h3><strong>Caract\u00e9ristiques principales<\/strong><\/h3>\n<p>\ud83c\udfaa <strong>50 x 13 000 bouff\u00e9es<\/strong> &#8211; <strong>650 000+ bouff\u00e9es au total<\/strong> (dure des mois !)<br \/>\n\ud83c\udf08 <strong>12 saveurs de qualit\u00e9 sup\u00e9rieure<\/strong> &#8211; choisies au hasard parmi les meilleures ventes de Fizzy Boom<br \/>\n\u26a1 <strong>Rechargeable par USB-C<\/strong> &#8211; Pas de gaspillage d&#8217;e-liquide (capacit\u00e9 de 21mL par appareil)<br \/>\n\ud83c\udf00 <strong>Coils Dual Mesh<\/strong> &#8211; Saveur plus riche et nuages plus denses<br \/>\n\ud83c\udfa1 <strong>Design inspir\u00e9 du carnaval<\/strong> &#8211; Couleurs vives, construction \u00e9tanche <\/p>\n<h3><strong>Pourquoi choisir la Blind Box ?<\/strong><\/h3>\n<p>\ud83c\udf81 <strong>Facteur de surprise<\/strong>: Ne vous lassez jamais &#8211; chaque appareil est une nouvelle exp\u00e9rience gustative !<br \/>\n\ud83d\udcb0 <strong>Remise en vrac<\/strong>: Economisez <strong>79%+<\/strong> par rapport \u00e0 l&#8217;achat de pi\u00e8ces individuelles<br \/>\n\ud83d\udce6 <strong>Pr\u00eat pour le revendeur<\/strong>: Produit \u00e0 forte demande avec une excitation de d\u00e9ballage <\/p>\n<h3><strong>Options de nicotine :<\/strong><\/h3>\n<p>&#8211; 2% (20mg\/mL) &#8211; Une exp\u00e9rience douce pour les vapoteurs occasionnels<br \/>\n&#8211; 5% (50mg\/mL) &#8211; Effet de gorge satisfaisant pour les anciens fumeurs<\/p>\n<\/div>\n<div>\n<h3>Sp\u00e9cifications<\/h3>\n<table>\n<tbody>\n<tr>\n<td>Bouff\u00e9es<\/td>\n<td><strong>13000+ Puffs<\/strong><\/td>\n<\/tr>\n<tr>\n<td>Capacit\u00e9 en e-liquide<\/td>\n<td><strong>21ml<\/strong><\/td>\n<\/tr>\n<tr>\n<td>Capacit\u00e9 de la batterie<\/td>\n<td><strong>650mAh<\/strong><\/td>\n<\/tr>\n<tr>\n<td>Bobine en maille<\/td>\n<td><strong>1.4\u03a9<\/strong><\/td>\n<\/tr>\n<tr>\n<td>Taille<\/td>\n<td><strong>52,8*76,5*25mm<\/strong><\/td>\n<\/tr>\n<tr>\n<td>Jetable ou non<\/td>\n<td><strong>Jetable<\/strong><\/td>\n<\/tr>\n<tr>\n<td>M\u00e9thode de chargement<\/td>\n<td><strong>C\u00e2ble<\/strong><\/td>\n<\/tr>\n<tr>\n<td>M\u00e9thode d&#8217;activation<\/td>\n<td><strong>Capteur<\/strong><\/td>\n<\/tr>\n<tr>\n<td>Taux de nicotine<\/td>\n<td><strong>2% (20mg\/mL) &amp; 5% (50mg\/mL)<\/strong><\/td>\n<\/tr>\n<tr>\n<td>Saveurs<\/td>\n<td><strong>12<\/strong><\/td>\n<\/tr>\n<tr>\n<td>Emballage<\/td>\n<td><strong>1 paquet<\/strong><\/td>\n<\/tr>\n<tr>\n<td>Temps de charge<\/td>\n<td><strong>2 heures<\/strong><\/td>\n<\/tr>\n<tr>\n<td>Stockage<\/td>\n<td><strong>\u00c9vitez les environnements \u00e0 haute temp\u00e9rature et conservez le produit dans un endroit frais et sec.<\/strong><\/td>\n<\/tr>\n<tr>\n<td>Personnes interdites d&#8217;utilisation<\/td>\n<td><strong>Les mineurs, les femmes enceintes et les personnes allergiques aux ingr\u00e9dients du produit.<\/strong><\/td>\n<\/tr>\n<tr>\n<td>Attention<\/td>\n<td><strong>N&#8217;avalez pas cette substance. En cas d&#8217;ingestion, rincez-vous imm\u00e9diatement et abondamment la bouche. Si vous vous sentez mal, consultez un m\u00e9decin.  <\/strong><\/td>\n<\/tr>\n<\/tbody>\n<\/table>\n<h3>Liste des ar\u00f4mes de <strong>Fizzy Boom <\/strong>13000 Puffs :<\/h3>\n<ol>\n<li><a href=\"https:\/\/fizzyvape.eu\/fr\/produit\/fizzy-boom-peach-13000-bouffees\/\">P\u00eache<\/a><\/li>\n<li><a href=\"https:\/\/fizzyvape.eu\/fr\/produit\/fizzy-boom-blueberry-ice-13000-bouffees\/\">Glace aux myrtilles<\/a><\/li>\n<li><a href=\"https:\/\/fizzyvape.eu\/fr\/produit\/fizzy-boom-grape-ice-13000-bouffees\/\">Glace de raisin<\/a><\/li>\n<li><a href=\"https:\/\/fizzyvape.eu\/fr\/produit\/fizzy-boom-fraise-13000-bouffees\/\">Fraise<\/a><\/li>\n<li><a href=\"https:\/\/fizzyvape.eu\/fr\/produit\/fizzy-boom-watermelon-ice-13000-bouffees\/\">Glace \u00e0 la past\u00e8que<\/a><\/li>\n<li><a href=\"https:\/\/fizzyvape.eu\/fr\/produit\/fizzy-boom-blueberry-watermelon-bubblegum-13000-bouffees\/\">Myrtille Past\u00e8que Bubblegum<\/a><\/li>\n<li><a href=\"https:\/\/fizzyvape.eu\/fr\/produit\/fizzy-boom-sour-apple-13000-bouffees\/\">Pomme acide<\/a><\/li>\n<li><a href=\"https:\/\/fizzyvape.eu\/fr\/produit\/fizzy-boom-pasteque-cerise-13000-bouffees\/\">Past\u00e8que Cerise<\/a><\/li>\n<li><a href=\"https:\/\/fizzyvape.eu\/fr\/produit\/fizzy-boom-myrtille-melon-13000-bouffees\/\">Melon \u00e0 la myrtille<\/a><\/li>\n<li><a href=\"https:\/\/fizzyvape.eu\/fr\/produit\/fizzy-boom-kiwi-berry-ice-13000-bouffees\/\">Glace aux baies de kiwi<\/a><\/li>\n<li><a href=\"https:\/\/fizzyvape.eu\/fr\/produit\/fizzy-boom-myrtille-framboise-citron-13000-bouffees\/\">Myrtille Framboise Citron<\/a><\/li>\n<li><a href=\"https:\/\/fizzyvape.eu\/fr\/produit\/fizzy-boom-fraise-pasteque-grenade-13000-boules\/\">Fraise Past\u00e8que Grenade<\/a><\/li>\n<\/ol>\n<h3>FAQ \u00e0 propos de Fizzy Boom 13000 Puffs Vape<\/h3>\n<ol>\n<li><strong>Combien d&#8217;ar\u00f4mes diff\u00e9rents recevrai-je dans la bo\u00eete aveugle ?<\/strong><br \/>\nChaque bo\u00eete myst\u00e8re Fizzy Boom 13000 Puffs contient un assortiment al\u00e9atoire des 12 saveurs premium de notre gamme la plus vendue. Bien que nous ne puissions pas garantir des combinaisons de saveurs sp\u00e9cifiques dans chaque bo\u00eete, nous nous assurons que vous obtiendrez une vari\u00e9t\u00e9 excitante de m\u00e9langes fruit\u00e9s et glac\u00e9s. <\/li>\n<li><strong>Quelle est la dur\u00e9e de vie de l&#8217;offre group\u00e9e de 50 appareils pour une personne ?<\/strong><br \/>\nPour les vapoteurs moyens (environ 500 bouff\u00e9es par jour), ce pack offre environ 4 \u00e0 5 mois d&#8217;utilisation continue. Les gros utilisateurs (plus de 1000 bouff\u00e9es par jour) peuvent s&#8217;attendre \u00e0 environ 2 \u00e0 3 mois de plaisir avec les 650 000 bouff\u00e9es et plus. <\/li>\n<li><strong>Puis-je choisir mon taux de nicotine pour l&#8217;ensemble de la bo\u00eete ?<\/strong><br \/>\nOui ! Lors de la commande, vous pouvez choisir l&#8217;une des deux options suivantes : <\/li>\n<\/ol>\n<ul>\n<li>2% (20mg\/mL) de nicotine pour une exp\u00e9rience plus douce<\/li>\n<li>5% (50mg\/mL) de nicotine pour un effet de gorge plus fort<br \/>\nLes 50 dispositifs de votre bo\u00eete seront de la m\u00eame force que celle que vous avez s\u00e9lectionn\u00e9e.<\/li>\n<\/ul>\n<ol>\n<li><strong>Les appareils sont-ils vraiment rechargeables ? Combien de fois ? <\/strong><br \/>\nAbsolument ! Chaque dispositif rechargeable USB-C peut \u00eatre recharg\u00e9 plusieurs fois pour utiliser pleinement la capacit\u00e9 de 21mL d&#8217;e-liquide. La plupart des utilisateurs rechargent 2 \u00e0 3 fois pour profiter des 13 000 bouff\u00e9es par appareil.  <\/li>\n<\/ol>\n<\/div>\n","protected":false},"excerpt":{"rendered":"<p>D\u00e9couvrez l&#8217;inattendu avec la <strong>bo\u00eete aveugle Fizzy Boom 13000 bouff\u00e9es<\/strong>! Obtenez 50 vapes rechargeables par USB-C dans les saveurs les plus vendues au hasard &#8211; plus de <strong>650 000 bouff\u00e9es au total<\/strong>! Les bobines \u00e0 double maille produisent des nuages doux et denses et une saveur riche \u00e0 chaque bouff\u00e9e. Id\u00e9al pour les amateurs de vape et les revendeurs. <\/p>\n<p>\ud83d\udd25 <strong>Offre limit\u00e9e : Obtenez 50 pi\u00e8ces \u00e0 un prix r\u00e9duit !<\/strong> \ud83d\udd25<\/p>\n","protected":false},"featured_media":22528,"comment_status":"open","ping_status":"closed","template":"","meta":{"iawp_total_views":0},"product_brand":[],"product_cat":[322],"product_tag":[323],"class_list":{"0":"post-24611","1":"product","2":"type-product","3":"status-publish","4":"has-post-thumbnail","6":"product_cat-boom-fr","7":"product_tag-13000-bouffees","9":"first","10":"outofstock","11":"sale","12":"shipping-taxable","13":"purchasable","14":"product-type-variable"},"yoast_head":"<!-- This site is optimized with the Yoast SEO Premium plugin v24.8 (Yoast SEO v24.8) - https:\/\/yoast.com\/wordpress\/plugins\/seo\/ -->\n<title>Fizzy Boom - 13000 bouff\u00e9es - 50pcs - fizzyvape.eu<\/title>\n<meta name=\"description\" content=\"50 x Fizzy Boom 13K Puff mystery vapes - 650K+ puffs, 12 flavors, USB-C rechargeable &amp; dual mesh coils. Remise en gros limit\u00e9e dans le temps ! Achetez maintenant.\" \/>\n<meta name=\"robots\" content=\"index, follow, max-snippet:-1, max-image-preview:large, max-video-preview:-1\" \/>\n<link rel=\"canonical\" href=\"https:\/\/fizzyvape.eu\/fr\/produit\/fizzy-boom-13000-bouffees-50pcs\/\" \/>\n<meta property=\"og:locale\" content=\"fr_FR\" \/>\n<meta property=\"og:type\" content=\"article\" \/>\n<meta property=\"og:title\" content=\"Fizzy Boom - 13000 bouff\u00e9es - 50pcs\" \/>\n<meta property=\"og:description\" content=\"50 x Fizzy Boom 13K Puff mystery vapes - 650K+ puffs, 12 flavors, USB-C rechargeable &amp; dual mesh coils. Remise en gros limit\u00e9e dans le temps ! Achetez maintenant.\" \/>\n<meta property=\"og:url\" content=\"https:\/\/fizzyvape.eu\/fr\/produit\/fizzy-boom-13000-bouffees-50pcs\/\" \/>\n<meta property=\"og:site_name\" content=\"fizzyvape.eu\" \/>\n<meta property=\"article:modified_time\" content=\"2025-10-31T10:02:08+00:00\" \/>\n<meta property=\"og:image\" content=\"https:\/\/www.fizzyvape.eu\/wp-content\/uploads\/2025\/04\/FizzyVape-Boom-13000puff-Main030.jpg\" \/>\n\t<meta property=\"og:image:width\" content=\"1500\" \/>\n\t<meta property=\"og:image:height\" content=\"1500\" \/>\n\t<meta property=\"og:image:type\" content=\"image\/jpeg\" \/>\n<meta name=\"twitter:card\" content=\"summary_large_image\" \/>\n<meta name=\"twitter:label1\" content=\"Disponibilit\u00e9\" \/>\n\t<meta name=\"twitter:data1\" content=\"Rupture de stock\" \/>\n<script type=\"application\/ld+json\" class=\"yoast-schema-graph\">{\"@context\":\"https:\/\/schema.org\",\"@graph\":[{\"@type\":\"WebPage\",\"@id\":\"https:\/\/fizzyvape.eu\/fr\/produit\/fizzy-boom-13000-bouffees-50pcs\/\",\"url\":\"https:\/\/fizzyvape.eu\/fr\/produit\/fizzy-boom-13000-bouffees-50pcs\/\",\"name\":\"Fizzy Boom - 13000 bouff\u00e9es - 50pcs - fizzyvape.eu\",\"isPartOf\":{\"@id\":\"https:\/\/www.fizzyvape.eu\/fr\/#website\"},\"primaryImageOfPage\":{\"@id\":\"https:\/\/fizzyvape.eu\/fr\/produit\/fizzy-boom-13000-bouffees-50pcs\/#primaryimage\"},\"image\":{\"@id\":\"https:\/\/fizzyvape.eu\/fr\/produit\/fizzy-boom-13000-bouffees-50pcs\/#primaryimage\"},\"thumbnailUrl\":\"https:\/\/fizzyvape.eu\/wp-content\/uploads\/2025\/04\/FizzyVape-Boom-13000puff-Main030.jpg\",\"datePublished\":\"2025-04-10T03:48:55+00:00\",\"dateModified\":\"2025-10-31T10:02:08+00:00\",\"description\":\"50 x Fizzy Boom 13K Puff mystery vapes - 650K+ puffs, 12 flavors, USB-C rechargeable & dual mesh coils. Remise en gros limit\u00e9e dans le temps ! Achetez maintenant.\",\"breadcrumb\":{\"@id\":\"https:\/\/fizzyvape.eu\/fr\/produit\/fizzy-boom-13000-bouffees-50pcs\/#breadcrumb\"},\"inLanguage\":\"fr-FR\",\"potentialAction\":[{\"@type\":\"ReadAction\",\"target\":[\"https:\/\/fizzyvape.eu\/fr\/produit\/fizzy-boom-13000-bouffees-50pcs\/\"]}]},{\"@type\":\"ImageObject\",\"inLanguage\":\"fr-FR\",\"@id\":\"https:\/\/fizzyvape.eu\/fr\/produit\/fizzy-boom-13000-bouffees-50pcs\/#primaryimage\",\"url\":\"https:\/\/fizzyvape.eu\/wp-content\/uploads\/2025\/04\/FizzyVape-Boom-13000puff-Main030.jpg\",\"contentUrl\":\"https:\/\/fizzyvape.eu\/wp-content\/uploads\/2025\/04\/FizzyVape-Boom-13000puff-Main030.jpg\",\"width\":1500,\"height\":1500,\"caption\":\"FizzyVape-Boom-13000puff\"},{\"@type\":\"BreadcrumbList\",\"@id\":\"https:\/\/fizzyvape.eu\/fr\/produit\/fizzy-boom-13000-bouffees-50pcs\/#breadcrumb\",\"itemListElement\":[{\"@type\":\"ListItem\",\"position\":1,\"name\":\"Home\",\"item\":\"https:\/\/fizzyvape.eu\/fr\/\"},{\"@type\":\"ListItem\",\"position\":2,\"name\":\"Boutique\",\"item\":\"https:\/\/www.fizzyvape.eu\/fr\/boutique\/\"},{\"@type\":\"ListItem\",\"position\":3,\"name\":\"Fizzy Boom &#8211; 13000 bouff\u00e9es &#8211; 50pcs\"}]},{\"@type\":\"WebSite\",\"@id\":\"https:\/\/www.fizzyvape.eu\/fr\/#website\",\"url\":\"https:\/\/www.fizzyvape.eu\/fr\/\",\"name\":\"fizzyvape.eu\",\"description\":\"Refreshing Vapes. Unforgettable Taste.\",\"publisher\":{\"@id\":\"https:\/\/www.fizzyvape.eu\/fr\/#organization\"},\"potentialAction\":[{\"@type\":\"SearchAction\",\"target\":{\"@type\":\"EntryPoint\",\"urlTemplate\":\"https:\/\/www.fizzyvape.eu\/fr\/?s={search_term_string}\"},\"query-input\":{\"@type\":\"PropertyValueSpecification\",\"valueRequired\":true,\"valueName\":\"search_term_string\"}}],\"inLanguage\":\"fr-FR\"},{\"@type\":\"Organization\",\"@id\":\"https:\/\/www.fizzyvape.eu\/fr\/#organization\",\"name\":\"fizzyvape.eu\",\"url\":\"https:\/\/www.fizzyvape.eu\/fr\/\",\"logo\":{\"@type\":\"ImageObject\",\"inLanguage\":\"fr-FR\",\"@id\":\"https:\/\/www.fizzyvape.eu\/fr\/#\/schema\/logo\/image\/\",\"url\":\"https:\/\/fizzyvape.eu\/wp-content\/uploads\/2019\/06\/print-1.svg\",\"contentUrl\":\"https:\/\/fizzyvape.eu\/wp-content\/uploads\/2019\/06\/print-1.svg\",\"width\":124,\"height\":37,\"caption\":\"fizzyvape.eu\"},\"image\":{\"@id\":\"https:\/\/www.fizzyvape.eu\/fr\/#\/schema\/logo\/image\/\"}}]}<\/script>\n<meta property=\"og:availability\" content=\"out of stock\" \/>\n<meta property=\"product:availability\" content=\"out of stock\" \/>\n<meta property=\"product:condition\" content=\"new\" \/>\n<!-- \/ Yoast SEO Premium plugin. -->","yoast_head_json":{"title":"Fizzy Boom - 13000 bouff\u00e9es - 50pcs - fizzyvape.eu","description":"50 x Fizzy Boom 13K Puff mystery vapes - 650K+ puffs, 12 flavors, USB-C rechargeable & dual mesh coils. Remise en gros limit\u00e9e dans le temps ! Achetez maintenant.","robots":{"index":"index","follow":"follow","max-snippet":"max-snippet:-1","max-image-preview":"max-image-preview:large","max-video-preview":"max-video-preview:-1"},"canonical":"https:\/\/fizzyvape.eu\/fr\/produit\/fizzy-boom-13000-bouffees-50pcs\/","og_locale":"fr_FR","og_type":"article","og_title":"Fizzy Boom - 13000 bouff\u00e9es - 50pcs","og_description":"50 x Fizzy Boom 13K Puff mystery vapes - 650K+ puffs, 12 flavors, USB-C rechargeable & dual mesh coils. Remise en gros limit\u00e9e dans le temps ! Achetez maintenant.","og_url":"https:\/\/fizzyvape.eu\/fr\/produit\/fizzy-boom-13000-bouffees-50pcs\/","og_site_name":"fizzyvape.eu","article_modified_time":"2025-10-31T10:02:08+00:00","og_image":[{"width":1500,"height":1500,"url":"https:\/\/www.fizzyvape.eu\/wp-content\/uploads\/2025\/04\/FizzyVape-Boom-13000puff-Main030.jpg","type":"image\/jpeg"}],"twitter_card":"summary_large_image","twitter_misc":{"Disponibilit\u00e9":"Rupture de stock"},"schema":{"@context":"https:\/\/schema.org","@graph":[{"@type":"WebPage","@id":"https:\/\/fizzyvape.eu\/fr\/produit\/fizzy-boom-13000-bouffees-50pcs\/","url":"https:\/\/fizzyvape.eu\/fr\/produit\/fizzy-boom-13000-bouffees-50pcs\/","name":"Fizzy Boom - 13000 bouff\u00e9es - 50pcs - fizzyvape.eu","isPartOf":{"@id":"https:\/\/www.fizzyvape.eu\/fr\/#website"},"primaryImageOfPage":{"@id":"https:\/\/fizzyvape.eu\/fr\/produit\/fizzy-boom-13000-bouffees-50pcs\/#primaryimage"},"image":{"@id":"https:\/\/fizzyvape.eu\/fr\/produit\/fizzy-boom-13000-bouffees-50pcs\/#primaryimage"},"thumbnailUrl":"https:\/\/fizzyvape.eu\/wp-content\/uploads\/2025\/04\/FizzyVape-Boom-13000puff-Main030.jpg","datePublished":"2025-04-10T03:48:55+00:00","dateModified":"2025-10-31T10:02:08+00:00","description":"50 x Fizzy Boom 13K Puff mystery vapes - 650K+ puffs, 12 flavors, USB-C rechargeable & dual mesh coils. Remise en gros limit\u00e9e dans le temps ! Achetez maintenant.","breadcrumb":{"@id":"https:\/\/fizzyvape.eu\/fr\/produit\/fizzy-boom-13000-bouffees-50pcs\/#breadcrumb"},"inLanguage":"fr-FR","potentialAction":[{"@type":"ReadAction","target":["https:\/\/fizzyvape.eu\/fr\/produit\/fizzy-boom-13000-bouffees-50pcs\/"]}]},{"@type":"ImageObject","inLanguage":"fr-FR","@id":"https:\/\/fizzyvape.eu\/fr\/produit\/fizzy-boom-13000-bouffees-50pcs\/#primaryimage","url":"https:\/\/fizzyvape.eu\/wp-content\/uploads\/2025\/04\/FizzyVape-Boom-13000puff-Main030.jpg","contentUrl":"https:\/\/fizzyvape.eu\/wp-content\/uploads\/2025\/04\/FizzyVape-Boom-13000puff-Main030.jpg","width":1500,"height":1500,"caption":"FizzyVape-Boom-13000puff"},{"@type":"BreadcrumbList","@id":"https:\/\/fizzyvape.eu\/fr\/produit\/fizzy-boom-13000-bouffees-50pcs\/#breadcrumb","itemListElement":[{"@type":"ListItem","position":1,"name":"Home","item":"https:\/\/fizzyvape.eu\/fr\/"},{"@type":"ListItem","position":2,"name":"Boutique","item":"https:\/\/www.fizzyvape.eu\/fr\/boutique\/"},{"@type":"ListItem","position":3,"name":"Fizzy Boom &#8211; 13000 bouff\u00e9es &#8211; 50pcs"}]},{"@type":"WebSite","@id":"https:\/\/www.fizzyvape.eu\/fr\/#website","url":"https:\/\/www.fizzyvape.eu\/fr\/","name":"fizzyvape.eu","description":"Refreshing Vapes. Unforgettable Taste.","publisher":{"@id":"https:\/\/www.fizzyvape.eu\/fr\/#organization"},"potentialAction":[{"@type":"SearchAction","target":{"@type":"EntryPoint","urlTemplate":"https:\/\/www.fizzyvape.eu\/fr\/?s={search_term_string}"},"query-input":{"@type":"PropertyValueSpecification","valueRequired":true,"valueName":"search_term_string"}}],"inLanguage":"fr-FR"},{"@type":"Organization","@id":"https:\/\/www.fizzyvape.eu\/fr\/#organization","name":"fizzyvape.eu","url":"https:\/\/www.fizzyvape.eu\/fr\/","logo":{"@type":"ImageObject","inLanguage":"fr-FR","@id":"https:\/\/www.fizzyvape.eu\/fr\/#\/schema\/logo\/image\/","url":"https:\/\/fizzyvape.eu\/wp-content\/uploads\/2019\/06\/print-1.svg","contentUrl":"https:\/\/fizzyvape.eu\/wp-content\/uploads\/2019\/06\/print-1.svg","width":124,"height":37,"caption":"fizzyvape.eu"},"image":{"@id":"https:\/\/www.fizzyvape.eu\/fr\/#\/schema\/logo\/image\/"}}]},"og_availability":"out of stock","product_availability":"out of stock","product_condition":"new"},"tiered_pricing_type":"fixed","tiered_pricing_fixed_rules":[],"tiered_pricing_product_settings":{"layout":"default","base_unit_name":{"singular":null,"plural":null},"default_variation":null},"tiered_pricing_minimum_quantity":null,"tiered_pricing_roles_data":[],"tiered_pricing_percentage_rules":[],"tiered_pricing_maximum_quantity":null,"tiered_pricing_quantity_step":null,"_links":{"self":[{"href":"https:\/\/fizzyvape.eu\/fr\/wp-json\/wp\/v2\/product\/24611","targetHints":{"allow":["GET"]}}],"collection":[{"href":"https:\/\/fizzyvape.eu\/fr\/wp-json\/wp\/v2\/product"}],"about":[{"href":"https:\/\/fizzyvape.eu\/fr\/wp-json\/wp\/v2\/types\/product"}],"replies":[{"embeddable":true,"href":"https:\/\/fizzyvape.eu\/fr\/wp-json\/wp\/v2\/comments?post=24611"}],"version-history":[{"count":0,"href":"https:\/\/fizzyvape.eu\/fr\/wp-json\/wp\/v2\/product\/24611\/revisions"}],"wp:featuredmedia":[{"embeddable":true,"href":"https:\/\/fizzyvape.eu\/fr\/wp-json\/wp\/v2\/media\/22528"}],"wp:attachment":[{"href":"https:\/\/fizzyvape.eu\/fr\/wp-json\/wp\/v2\/media?parent=24611"}],"wp:term":[{"taxonomy":"product_brand","embeddable":true,"href":"https:\/\/fizzyvape.eu\/fr\/wp-json\/wp\/v2\/product_brand?post=24611"},{"taxonomy":"product_cat","embeddable":true,"href":"https:\/\/fizzyvape.eu\/fr\/wp-json\/wp\/v2\/product_cat?post=24611"},{"taxonomy":"product_tag","embeddable":true,"href":"https:\/\/fizzyvape.eu\/fr\/wp-json\/wp\/v2\/product_tag?post=24611"}],"curies":[{"name":"wp","href":"https:\/\/api.w.org\/{rel}","templated":true}]}}