{"id":24681,"date":"2025-04-02T11:54:58","date_gmt":"2025-04-02T03:54:58","guid":{"rendered":"https:\/\/fizzyvape.eu\/product\/fizzy-nova-plus-40000-bouffees-30pcs\/"},"modified":"2025-10-31T18:03:07","modified_gmt":"2025-10-31T10:03:07","slug":"fizzy-nova-plus-40000-bouffees-30pcs","status":"publish","type":"product","link":"https:\/\/fizzyvape.eu\/fr\/produit\/fizzy-nova-plus-40000-bouffees-30pcs\/","title":{"rendered":"Fizzy Nova Plus 40000 bouff\u00e9es &#8211; 30pcs"},"content":{"rendered":"<div>\n<h1><strong>Fizzy Nova Plus 40000 Puffs Vape jetable &#8211; Premium Vaping Redefined<\/strong><\/h1>\n<p>Le <strong>Fizzy Nova Plus 40000 Puffs Vape jetable<\/strong> \u00e9tablit un nouveau standard en mati\u00e8re de technologie de vapotage haut de gamme. Con\u00e7u pour les vapoteurs exigeants qui refusent tout compromis, cet appareil r\u00e9volutionnaire offre une combinaison sans pr\u00e9c\u00e9dent de <strong>long\u00e9vit\u00e9, de saveur riche et de fonctions de pointe<\/strong> dans un design \u00e9l\u00e9gant et portable. <\/p>\n<h3>Caract\u00e9ristiques principales :<\/h3>\n<p>\ud83d\udd39 <strong>Nombre de bouff\u00e9es tr\u00e8s \u00e9lev\u00e9<\/strong> &#8211; <strong>40 000 bouff\u00e9es<\/strong>, pour une exp\u00e9rience de vapotage durable et satisfaisante.<br \/>\n\ud83d\udd39 <strong>Capacit\u00e9 massive d&#8217;e-liquide<\/strong> &#8211; <strong>40 ml d&#8217;e-liquide pr\u00e9-rempli<\/strong> pour des <strong>semaines de plaisir ininterrompu<\/strong>.<br \/>\n\ud83d\udd39 <strong>Technologie avanc\u00e9e Dual Mesh Coil<\/strong> &#8211; Produit des <strong>ar\u00f4mes plus riches et une vapeur plus dense<\/strong> pour une session de vapotage am\u00e9lior\u00e9e.<br \/>\n\ud83d\udd39 <strong>Modes de vaporisation r\u00e9glables<\/strong> &#8211; Choisissez le <strong>mode Eco pour une long\u00e9vit\u00e9 accrue<\/strong> ou le <strong>mode Turbo pour une saveur et une production de vapeur intensifi\u00e9es<\/strong>.<br \/>\n\ud83d\udd39 <strong>Affichage LED intelligent<\/strong> &#8211; Indique l&#8217;<strong>\u00e9tat de la batterie et les niveaux d&#8217;e-liquide<\/strong> pour une surveillance sans effort.<br \/>\n\ud83d\udd39 <strong>Chargement rapide en USB-C<\/strong> &#8211; \u00c9quip\u00e9 d&#8217;une <strong>batterie de 850mAh<\/strong>, <strong>se recharge<\/strong> enti\u00e8rement <strong>en seulement 2 heures<\/strong> pour une utilisation continue.<\/p>\n<h3>Pourquoi choisir Fizzy Nova Plus ?<\/h3>\n<p>\ud83d\udd25 <strong>Durabilit\u00e9 \u00e0 la pointe de l&#8217;industrie<\/strong> &#8211; La capacit\u00e9 de 40 000 bouff\u00e9es surpasse de 300 \u00e0 400 % celle des produits jetables standard, offrant ainsi une valeur exceptionnelle.<br \/>\n\ud83d\udc8e <strong>Ing\u00e9nierie haut de gamme<\/strong> &#8211; Mat\u00e9riaux de qualit\u00e9 a\u00e9rospatiale avec une \u00e9l\u00e9gante finition m\u00e9tallique qui allie durabilit\u00e9 et style sophistiqu\u00e9.<br \/>\n\ud83d\udc51 <strong>Ma\u00eetrise des saveurs<\/strong> &#8211; Chaque m\u00e9lange est m\u00e9ticuleusement \u00e9labor\u00e9 par des ma\u00eetres mixologistes pour offrir des profils de go\u00fbt parfaitement \u00e9quilibr\u00e9s et authentiques.<br \/>\n\u26a1 <strong>Performance personnalis\u00e9e<\/strong> &#8211; Le syst\u00e8me innovant \u00e0 deux modes vous permet de personnaliser chaque s\u00e9ance en fonction de votre humeur et de vos pr\u00e9f\u00e9rences. <\/p>\n<\/div>\n<div>\n<h3><strong>Options de nicotine :<\/strong><\/h3>\n<p>&#8211; <strong>2% (20mg\/mL<\/strong> ) &#8211; Id\u00e9al pour une exp\u00e9rience de vapotage douce et savoureuse<br \/>\n&#8211; <strong>5% (50mg\/mL<\/strong> ) &#8211; Con\u00e7u pour un effet en gorge plus fort et plus satisfaisant <\/p>\n<h3>Sp\u00e9cifications<\/h3>\n<table style=\"height: 449px;\" width=\"1340\">\n<tbody>\n<tr>\n<td>Bouff\u00e9es<\/td>\n<td><strong>40000+ Puffs<\/strong><\/td>\n<\/tr>\n<tr>\n<td>Capacit\u00e9 en e-liquide<\/td>\n<td><strong>40ml<\/strong><\/td>\n<\/tr>\n<tr>\n<td>Capacit\u00e9 de la batterie<\/td>\n<td><strong>850mAh<\/strong><\/td>\n<\/tr>\n<tr>\n<td>Taille<\/td>\n<td><strong>52,5*24,5*104,3mm<\/strong><\/td>\n<\/tr>\n<tr>\n<td>Jetable ou non<\/td>\n<td><strong>Jetable<\/strong><\/td>\n<\/tr>\n<tr>\n<td>M\u00e9thode de chargement<\/td>\n<td><strong>C\u00e2ble<\/strong><\/td>\n<\/tr>\n<tr>\n<td>M\u00e9thode d&#8217;activation<\/td>\n<td><strong>Capteur<\/strong><\/td>\n<\/tr>\n<tr>\n<td>Mat\u00e9riel<\/td>\n<td><strong>PCTG<\/strong><\/td>\n<\/tr>\n<tr>\n<td>Taux de nicotine<\/td>\n<td><strong>2% (20mg\/mL) &amp; 5% (50mg\/mL)<\/strong><\/td>\n<\/tr>\n<tr>\n<td>Saveurs<\/td>\n<td><strong>12<\/strong><\/td>\n<\/tr>\n<tr>\n<td>Emballage<\/td>\n<td><strong>1 paquet<\/strong><\/td>\n<\/tr>\n<tr>\n<td>Temps de charge<\/td>\n<td><strong>2 heures<\/strong><\/td>\n<\/tr>\n<tr>\n<td>Stockage<\/td>\n<td><strong>\u00c9vitez les environnements \u00e0 haute temp\u00e9rature et conservez le produit dans un endroit frais et sec.<\/strong><\/td>\n<\/tr>\n<tr>\n<td>Personnes interdites d&#8217;utilisation<\/td>\n<td><strong>Les mineurs, les femmes enceintes et les personnes allergiques aux ingr\u00e9dients du produit.<\/strong><\/td>\n<\/tr>\n<tr>\n<td>Attention<\/td>\n<td><strong>N&#8217;avalez pas cette substance. En cas d&#8217;ingestion, rincez-vous imm\u00e9diatement et abondamment la bouche. Si vous vous sentez mal, consultez un m\u00e9decin.  <\/strong><\/td>\n<\/tr>\n<\/tbody>\n<\/table>\n<h3>Liste des ar\u00f4mes de <strong>Fizzy Nova Plus <\/strong>40000 Puffs :<\/h3>\n<ol>\n<li><a href=\"https:\/\/fizzyvape.eu\/product\/nova-plus-strawberry-kiwi-40000-puffs-10pcs\/\">Fraise Kiwi<\/a><\/li>\n<li><a href=\"https:\/\/fizzyvape.eu\/product\/nova-plus-blueberry-ice-40000-puffs-10pcs\/\">Glace aux myrtilles<\/a><\/li>\n<li><a href=\"https:\/\/fizzyvape.eu\/product\/nova-plus-watermelon-ice-40000-puffs-10pcs\/\">Glace \u00e0 la past\u00e8que<\/a><\/li>\n<li><a href=\"https:\/\/fizzyvape.eu\/product\/nova-plus-peach-mango-watermelon-40000-puffs-10pcs\/\">P\u00eache Mangue Past\u00e8que<\/a><\/li>\n<li><a href=\"https:\/\/fizzyvape.eu\/product\/nova-plus-kiwi-passion-fruit-guava-40000-puffs-10pcs\/\">Kiwi Fruit de la passion Goyave<\/a><\/li>\n<li><a href=\"https:\/\/fizzyvape.eu\/product\/nova-plus-raspberry-lemon-40000-puffs-10pcs\/\">Framboise Citron<\/a><\/li>\n<li><a href=\"https:\/\/fizzyvape.eu\/product\/nova-plus-triple-berry-40000-puffs-10pcs\/\">Triple baie<\/a><\/li>\n<li><a href=\"https:\/\/fizzyvape.eu\/product\/nova-plus-peach-ice-40000-puffs-10pcs\/\">Glace \u00e0 la p\u00eache<\/a><\/li>\n<li><a href=\"https:\/\/fizzyvape.eu\/product\/nova-plus-grape-lime-40000-puffs-10pcs\/\">Raisin Citron Vert<\/a><\/li>\n<li><a href=\"https:\/\/fizzyvape.eu\/product\/nova-plus-blue-razz-lemonade-40000-puffs-10pcs\/\">Limonade Blue Razz<\/a><\/li>\n<li><a href=\"https:\/\/fizzyvape.eu\/product\/nova-plus-strawberry-ice-40000-puffs-10pcs\/\">Glace \u00e0 la fraise<\/a><\/li>\n<li><a href=\"https:\/\/fizzyvape.eu\/product\/nova-plus-blueberry-coconut-40000-puffs-10pcs\/\">Bleuet et noix de coco<\/a><\/li>\n<\/ol>\n<h3>FAQ \u00e0 propos de Fizzy Nova Plus 40000 Puffs Vape jetable<\/h3>\n<h4>1. <strong>Quelle est la dur\u00e9e de vie d&#8217;un appareil Fizzy Nova Plus ?<\/strong><\/h4>\n<p>Chaque appareil d\u00e9livre un nombre impressionnant de <strong>40 000 bouff\u00e9es<\/strong>, soit une dur\u00e9e de vie nettement sup\u00e9rieure \u00e0 celle des produits jetables standard. Avec une utilisation r\u00e9guli\u00e8re, il peut durer <strong>plusieurs semaines<\/strong>, ce qui en fait l&#8217;une des vapes jetables les plus durables du march\u00e9. <\/p>\n<h4>2. <strong>Qu&#8217;est-ce qui diff\u00e9rencie le Fizzy Nova Plus des autres vapes jetables ?<\/strong><\/h4>\n<p>Le <strong>Fizzy Nova Plus<\/strong> se distingue par sa <strong>technologie \u00e0 double bobine<\/strong>, ses <strong>modes Eco et Turbo r\u00e9glables<\/strong>, sa <strong>capacit\u00e9 massive de 40 ml d&#8217;e-liquide<\/strong> et son <strong>\u00e9cran LED intelligent<\/strong>, offrant une <strong>exp\u00e9rience de vapotage personnalisable et de qualit\u00e9 sup\u00e9rieure<\/strong>.  <\/p>\n<h4>3. <strong>Quelle est la diff\u00e9rence entre le mode Eco et le mode Turbo ?<\/strong><\/h4>\n<ul>\n<li><strong>Mode Eco<\/strong>: Prolonge la dur\u00e9e de vie de la batterie et l&#8217;utilisation de l&#8217;e-liquide, id\u00e9al pour les sessions plus longues.<\/li>\n<li><strong>Mode Turbo<\/strong>: Am\u00e9liore l&#8217;<strong>intensit\u00e9 de la saveur et la production de vapeur<\/strong>, id\u00e9al pour ceux qui pr\u00e9f\u00e8rent <strong>un effet plus puissant.<\/strong><\/li>\n<\/ul>\n<h4>4. <strong>Quels sont les taux de nicotine disponibles ?<\/strong><\/h4>\n<p>Le <strong>vaporisateur jetable Fizzy Nova Plus 40000 Puffs<\/strong> est disponible en deux options de nicotine : <\/p>\n<ul data-is-last-node=\"\" data-is-only-node=\"\">\n<li><strong>2% (20mg\/mL<\/strong> ) &#8211; Offre une exp\u00e9rience de vapotage <strong>douce et \u00e9quilibr\u00e9e<\/strong>.<\/li>\n<li><strong>5% (50mg\/mL<\/strong> ) &#8211; Offre un <strong>effet de gorge plus fort<\/strong> et une satisfaction nicotinique plus intense.<\/li>\n<\/ul>\n<\/div>\n","protected":false},"excerpt":{"rendered":"<p><strong>Fizzy Nova Plus 40,000 Puffs Vape jetable<\/strong> &#8211; <strong>30-Pack<\/strong> (Offre limit\u00e9e) ! Profitez d&#8217;un vapotage de qualit\u00e9 sup\u00e9rieure avec une long\u00e9vit\u00e9 in\u00e9gal\u00e9e<strong>(40 000 bouff\u00e9es par appareil<\/strong>), une capacit\u00e9 d&#8217;<strong>e-liquide<\/strong> de <strong>40 ml<\/strong> et des bobines \u00e0 double maillage pour une saveur riche. Chargement rapide <strong>par USB-C<\/strong>, affichage LED intelligent et <strong>modes Eco\/Turbo<\/strong> r\u00e9glables. Parfait pour les d\u00e9taillants ou les gros vapoteurs &#8211; \u00e9conomies en vrac pour une dur\u00e9e limit\u00e9e !   <\/p>\n<p><strong style=\"color: red;\">Veuillez indiquer le parfum et la quantit\u00e9 lorsque vous passez commande !<\/strong><\/p>\n","protected":false},"featured_media":30087,"comment_status":"open","ping_status":"closed","template":"","meta":{"iawp_total_views":0},"product_brand":[],"product_cat":[670],"product_tag":[343],"class_list":{"0":"post-24681","1":"product","2":"type-product","3":"status-publish","4":"has-post-thumbnail","6":"product_cat-bulk-deals-2-fr","7":"product_tag-40000-bouffees","9":"first","10":"outofstock","11":"sale","12":"shipping-taxable","13":"purchasable","14":"product-type-variable"},"yoast_head":"<!-- This site is optimized with the Yoast SEO Premium plugin v24.8 (Yoast SEO v24.8) - https:\/\/yoast.com\/wordpress\/plugins\/seo\/ -->\n<title>Fizzy Nova Plus 40000 bouff\u00e9es - 30pcs - fizzyvape.eu<\/title>\n<meta name=\"description\" content=\"30pcs Fizzy Nova Plus 40K puffs wholesale bundle ! Saveurs de premi\u00e8re qualit\u00e9, chargement USB-C, remises en gros. Offre \u00e0 dur\u00e9e limit\u00e9e - commandez maintenant !\" \/>\n<meta name=\"robots\" content=\"index, follow, max-snippet:-1, max-image-preview:large, max-video-preview:-1\" \/>\n<link rel=\"canonical\" href=\"https:\/\/fizzyvape.eu\/fr\/produit\/fizzy-nova-plus-40000-bouffees-30pcs\/\" \/>\n<meta property=\"og:locale\" content=\"fr_FR\" \/>\n<meta property=\"og:type\" content=\"article\" \/>\n<meta property=\"og:title\" content=\"Fizzy Nova Plus 40000 bouff\u00e9es - 30pcs\" \/>\n<meta property=\"og:description\" content=\"30pcs Fizzy Nova Plus 40K puffs wholesale bundle ! Saveurs de premi\u00e8re qualit\u00e9, chargement USB-C, remises en gros. Offre \u00e0 dur\u00e9e limit\u00e9e - commandez maintenant !\" \/>\n<meta property=\"og:url\" content=\"https:\/\/fizzyvape.eu\/fr\/produit\/fizzy-nova-plus-40000-bouffees-30pcs\/\" \/>\n<meta property=\"og:site_name\" content=\"fizzyvape.eu\" \/>\n<meta property=\"article:modified_time\" content=\"2025-10-31T10:03:07+00:00\" \/>\n<meta property=\"og:image\" content=\"https:\/\/www.fizzyvape.eu\/wp-content\/uploads\/2025\/04\/Fizzy-Nova-Plus-40000Puffs-30pcs-4.webp\" \/>\n\t<meta property=\"og:image:width\" content=\"800\" \/>\n\t<meta property=\"og:image:height\" content=\"800\" \/>\n\t<meta property=\"og:image:type\" content=\"image\/webp\" \/>\n<meta name=\"twitter:card\" content=\"summary_large_image\" \/>\n<meta name=\"twitter:label1\" content=\"Disponibilit\u00e9\" \/>\n\t<meta name=\"twitter:data1\" content=\"Rupture de stock\" \/>\n<script type=\"application\/ld+json\" class=\"yoast-schema-graph\">{\"@context\":\"https:\/\/schema.org\",\"@graph\":[{\"@type\":\"WebPage\",\"@id\":\"https:\/\/fizzyvape.eu\/fr\/produit\/fizzy-nova-plus-40000-bouffees-30pcs\/\",\"url\":\"https:\/\/fizzyvape.eu\/fr\/produit\/fizzy-nova-plus-40000-bouffees-30pcs\/\",\"name\":\"Fizzy Nova Plus 40000 bouff\u00e9es - 30pcs - fizzyvape.eu\",\"isPartOf\":{\"@id\":\"https:\/\/www.fizzyvape.eu\/fr\/#website\"},\"primaryImageOfPage\":{\"@id\":\"https:\/\/fizzyvape.eu\/fr\/produit\/fizzy-nova-plus-40000-bouffees-30pcs\/#primaryimage\"},\"image\":{\"@id\":\"https:\/\/fizzyvape.eu\/fr\/produit\/fizzy-nova-plus-40000-bouffees-30pcs\/#primaryimage\"},\"thumbnailUrl\":\"https:\/\/fizzyvape.eu\/wp-content\/uploads\/2025\/04\/Fizzy-Nova-Plus-40000-Puffs-30pcs.webp\",\"datePublished\":\"2025-04-02T03:54:58+00:00\",\"dateModified\":\"2025-10-31T10:03:07+00:00\",\"description\":\"30pcs Fizzy Nova Plus 40K puffs wholesale bundle ! Saveurs de premi\u00e8re qualit\u00e9, chargement USB-C, remises en gros. Offre \u00e0 dur\u00e9e limit\u00e9e - commandez maintenant !\",\"breadcrumb\":{\"@id\":\"https:\/\/fizzyvape.eu\/fr\/produit\/fizzy-nova-plus-40000-bouffees-30pcs\/#breadcrumb\"},\"inLanguage\":\"fr-FR\",\"potentialAction\":[{\"@type\":\"ReadAction\",\"target\":[\"https:\/\/fizzyvape.eu\/fr\/produit\/fizzy-nova-plus-40000-bouffees-30pcs\/\"]}]},{\"@type\":\"ImageObject\",\"inLanguage\":\"fr-FR\",\"@id\":\"https:\/\/fizzyvape.eu\/fr\/produit\/fizzy-nova-plus-40000-bouffees-30pcs\/#primaryimage\",\"url\":\"https:\/\/fizzyvape.eu\/wp-content\/uploads\/2025\/04\/Fizzy-Nova-Plus-40000-Puffs-30pcs.webp\",\"contentUrl\":\"https:\/\/fizzyvape.eu\/wp-content\/uploads\/2025\/04\/Fizzy-Nova-Plus-40000-Puffs-30pcs.webp\",\"width\":800,\"height\":800,\"caption\":\"Fizzy Nova Plus 40000 Puffs 30pcs\"},{\"@type\":\"BreadcrumbList\",\"@id\":\"https:\/\/fizzyvape.eu\/fr\/produit\/fizzy-nova-plus-40000-bouffees-30pcs\/#breadcrumb\",\"itemListElement\":[{\"@type\":\"ListItem\",\"position\":1,\"name\":\"Home\",\"item\":\"https:\/\/fizzyvape.eu\/fr\/\"},{\"@type\":\"ListItem\",\"position\":2,\"name\":\"Boutique\",\"item\":\"https:\/\/www.fizzyvape.eu\/fr\/boutique\/\"},{\"@type\":\"ListItem\",\"position\":3,\"name\":\"Fizzy Nova Plus 40000 bouff\u00e9es &#8211; 30pcs\"}]},{\"@type\":\"WebSite\",\"@id\":\"https:\/\/www.fizzyvape.eu\/fr\/#website\",\"url\":\"https:\/\/www.fizzyvape.eu\/fr\/\",\"name\":\"fizzyvape.eu\",\"description\":\"Refreshing Vapes. Unforgettable Taste.\",\"publisher\":{\"@id\":\"https:\/\/www.fizzyvape.eu\/fr\/#organization\"},\"potentialAction\":[{\"@type\":\"SearchAction\",\"target\":{\"@type\":\"EntryPoint\",\"urlTemplate\":\"https:\/\/www.fizzyvape.eu\/fr\/?s={search_term_string}\"},\"query-input\":{\"@type\":\"PropertyValueSpecification\",\"valueRequired\":true,\"valueName\":\"search_term_string\"}}],\"inLanguage\":\"fr-FR\"},{\"@type\":\"Organization\",\"@id\":\"https:\/\/www.fizzyvape.eu\/fr\/#organization\",\"name\":\"fizzyvape.eu\",\"url\":\"https:\/\/www.fizzyvape.eu\/fr\/\",\"logo\":{\"@type\":\"ImageObject\",\"inLanguage\":\"fr-FR\",\"@id\":\"https:\/\/www.fizzyvape.eu\/fr\/#\/schema\/logo\/image\/\",\"url\":\"https:\/\/fizzyvape.eu\/wp-content\/uploads\/2019\/06\/print-1.svg\",\"contentUrl\":\"https:\/\/fizzyvape.eu\/wp-content\/uploads\/2019\/06\/print-1.svg\",\"width\":124,\"height\":37,\"caption\":\"fizzyvape.eu\"},\"image\":{\"@id\":\"https:\/\/www.fizzyvape.eu\/fr\/#\/schema\/logo\/image\/\"}}]}<\/script>\n<meta property=\"og:availability\" content=\"out of stock\" \/>\n<meta property=\"product:availability\" content=\"out of stock\" \/>\n<meta property=\"product:condition\" content=\"new\" \/>\n<!-- \/ Yoast SEO Premium plugin. -->","yoast_head_json":{"title":"Fizzy Nova Plus 40000 bouff\u00e9es - 30pcs - fizzyvape.eu","description":"30pcs Fizzy Nova Plus 40K puffs wholesale bundle ! Saveurs de premi\u00e8re qualit\u00e9, chargement USB-C, remises en gros. Offre \u00e0 dur\u00e9e limit\u00e9e - commandez maintenant !","robots":{"index":"index","follow":"follow","max-snippet":"max-snippet:-1","max-image-preview":"max-image-preview:large","max-video-preview":"max-video-preview:-1"},"canonical":"https:\/\/fizzyvape.eu\/fr\/produit\/fizzy-nova-plus-40000-bouffees-30pcs\/","og_locale":"fr_FR","og_type":"article","og_title":"Fizzy Nova Plus 40000 bouff\u00e9es - 30pcs","og_description":"30pcs Fizzy Nova Plus 40K puffs wholesale bundle ! Saveurs de premi\u00e8re qualit\u00e9, chargement USB-C, remises en gros. Offre \u00e0 dur\u00e9e limit\u00e9e - commandez maintenant !","og_url":"https:\/\/fizzyvape.eu\/fr\/produit\/fizzy-nova-plus-40000-bouffees-30pcs\/","og_site_name":"fizzyvape.eu","article_modified_time":"2025-10-31T10:03:07+00:00","og_image":[{"width":800,"height":800,"url":"https:\/\/www.fizzyvape.eu\/wp-content\/uploads\/2025\/04\/Fizzy-Nova-Plus-40000Puffs-30pcs-4.webp","type":"image\/webp"}],"twitter_card":"summary_large_image","twitter_misc":{"Disponibilit\u00e9":"Rupture de stock"},"schema":{"@context":"https:\/\/schema.org","@graph":[{"@type":"WebPage","@id":"https:\/\/fizzyvape.eu\/fr\/produit\/fizzy-nova-plus-40000-bouffees-30pcs\/","url":"https:\/\/fizzyvape.eu\/fr\/produit\/fizzy-nova-plus-40000-bouffees-30pcs\/","name":"Fizzy Nova Plus 40000 bouff\u00e9es - 30pcs - fizzyvape.eu","isPartOf":{"@id":"https:\/\/www.fizzyvape.eu\/fr\/#website"},"primaryImageOfPage":{"@id":"https:\/\/fizzyvape.eu\/fr\/produit\/fizzy-nova-plus-40000-bouffees-30pcs\/#primaryimage"},"image":{"@id":"https:\/\/fizzyvape.eu\/fr\/produit\/fizzy-nova-plus-40000-bouffees-30pcs\/#primaryimage"},"thumbnailUrl":"https:\/\/fizzyvape.eu\/wp-content\/uploads\/2025\/04\/Fizzy-Nova-Plus-40000-Puffs-30pcs.webp","datePublished":"2025-04-02T03:54:58+00:00","dateModified":"2025-10-31T10:03:07+00:00","description":"30pcs Fizzy Nova Plus 40K puffs wholesale bundle ! Saveurs de premi\u00e8re qualit\u00e9, chargement USB-C, remises en gros. Offre \u00e0 dur\u00e9e limit\u00e9e - commandez maintenant !","breadcrumb":{"@id":"https:\/\/fizzyvape.eu\/fr\/produit\/fizzy-nova-plus-40000-bouffees-30pcs\/#breadcrumb"},"inLanguage":"fr-FR","potentialAction":[{"@type":"ReadAction","target":["https:\/\/fizzyvape.eu\/fr\/produit\/fizzy-nova-plus-40000-bouffees-30pcs\/"]}]},{"@type":"ImageObject","inLanguage":"fr-FR","@id":"https:\/\/fizzyvape.eu\/fr\/produit\/fizzy-nova-plus-40000-bouffees-30pcs\/#primaryimage","url":"https:\/\/fizzyvape.eu\/wp-content\/uploads\/2025\/04\/Fizzy-Nova-Plus-40000-Puffs-30pcs.webp","contentUrl":"https:\/\/fizzyvape.eu\/wp-content\/uploads\/2025\/04\/Fizzy-Nova-Plus-40000-Puffs-30pcs.webp","width":800,"height":800,"caption":"Fizzy Nova Plus 40000 Puffs 30pcs"},{"@type":"BreadcrumbList","@id":"https:\/\/fizzyvape.eu\/fr\/produit\/fizzy-nova-plus-40000-bouffees-30pcs\/#breadcrumb","itemListElement":[{"@type":"ListItem","position":1,"name":"Home","item":"https:\/\/fizzyvape.eu\/fr\/"},{"@type":"ListItem","position":2,"name":"Boutique","item":"https:\/\/www.fizzyvape.eu\/fr\/boutique\/"},{"@type":"ListItem","position":3,"name":"Fizzy Nova Plus 40000 bouff\u00e9es &#8211; 30pcs"}]},{"@type":"WebSite","@id":"https:\/\/www.fizzyvape.eu\/fr\/#website","url":"https:\/\/www.fizzyvape.eu\/fr\/","name":"fizzyvape.eu","description":"Refreshing Vapes. Unforgettable Taste.","publisher":{"@id":"https:\/\/www.fizzyvape.eu\/fr\/#organization"},"potentialAction":[{"@type":"SearchAction","target":{"@type":"EntryPoint","urlTemplate":"https:\/\/www.fizzyvape.eu\/fr\/?s={search_term_string}"},"query-input":{"@type":"PropertyValueSpecification","valueRequired":true,"valueName":"search_term_string"}}],"inLanguage":"fr-FR"},{"@type":"Organization","@id":"https:\/\/www.fizzyvape.eu\/fr\/#organization","name":"fizzyvape.eu","url":"https:\/\/www.fizzyvape.eu\/fr\/","logo":{"@type":"ImageObject","inLanguage":"fr-FR","@id":"https:\/\/www.fizzyvape.eu\/fr\/#\/schema\/logo\/image\/","url":"https:\/\/fizzyvape.eu\/wp-content\/uploads\/2019\/06\/print-1.svg","contentUrl":"https:\/\/fizzyvape.eu\/wp-content\/uploads\/2019\/06\/print-1.svg","width":124,"height":37,"caption":"fizzyvape.eu"},"image":{"@id":"https:\/\/www.fizzyvape.eu\/fr\/#\/schema\/logo\/image\/"}}]},"og_availability":"out of stock","product_availability":"out of stock","product_condition":"new"},"tiered_pricing_type":"fixed","tiered_pricing_fixed_rules":[],"tiered_pricing_product_settings":{"layout":"default","base_unit_name":{"singular":null,"plural":null},"default_variation":null},"tiered_pricing_minimum_quantity":null,"tiered_pricing_roles_data":[],"tiered_pricing_percentage_rules":[],"tiered_pricing_maximum_quantity":null,"tiered_pricing_quantity_step":null,"_links":{"self":[{"href":"https:\/\/fizzyvape.eu\/fr\/wp-json\/wp\/v2\/product\/24681","targetHints":{"allow":["GET"]}}],"collection":[{"href":"https:\/\/fizzyvape.eu\/fr\/wp-json\/wp\/v2\/product"}],"about":[{"href":"https:\/\/fizzyvape.eu\/fr\/wp-json\/wp\/v2\/types\/product"}],"replies":[{"embeddable":true,"href":"https:\/\/fizzyvape.eu\/fr\/wp-json\/wp\/v2\/comments?post=24681"}],"version-history":[{"count":0,"href":"https:\/\/fizzyvape.eu\/fr\/wp-json\/wp\/v2\/product\/24681\/revisions"}],"wp:featuredmedia":[{"embeddable":true,"href":"https:\/\/fizzyvape.eu\/fr\/wp-json\/wp\/v2\/media\/30087"}],"wp:attachment":[{"href":"https:\/\/fizzyvape.eu\/fr\/wp-json\/wp\/v2\/media?parent=24681"}],"wp:term":[{"taxonomy":"product_brand","embeddable":true,"href":"https:\/\/fizzyvape.eu\/fr\/wp-json\/wp\/v2\/product_brand?post=24681"},{"taxonomy":"product_cat","embeddable":true,"href":"https:\/\/fizzyvape.eu\/fr\/wp-json\/wp\/v2\/product_cat?post=24681"},{"taxonomy":"product_tag","embeddable":true,"href":"https:\/\/fizzyvape.eu\/fr\/wp-json\/wp\/v2\/product_tag?post=24681"}],"curies":[{"name":"wp","href":"https:\/\/api.w.org\/{rel}","templated":true}]}}