{"id":24985,"date":"2025-03-31T17:57:22","date_gmt":"2025-03-31T09:57:22","guid":{"rendered":"https:\/\/fizzyvape.eu\/product\/fizzy-twins-fraise-glacee-fizzy-cerise-50000-bouffees-10pcs\/"},"modified":"2026-03-26T16:46:06","modified_gmt":"2026-03-26T08:46:06","slug":"fizzy-twins-fraise-glacee-fizzy-cerise-50000-bouffees-10pcs","status":"publish","type":"product","link":"https:\/\/fizzyvape.eu\/fr\/produit\/fizzy-twins-fraise-glacee-fizzy-cerise-50000-bouffees-10pcs\/","title":{"rendered":"Fizzy Twins Fraise glac\u00e9e &amp; Fizzy Cerise &#8211; 50000 bouff\u00e9es &#8211; 10pcs"},"content":{"rendered":"<div>\n<h2>Fizzy Twins Strawberry Ice &amp; Fizzy Cherry 50000 Puffs &#8211; Vape jetable Cool &amp; Tangy Dual Flavor<\/h2>\n<p>D\u00e9couvrez une combinaison de saveurs exaltante avec les <strong>50000 bouff\u00e9es de Fizzy Twins Strawberry Ice &amp; Fizzy Cherry<\/strong>! Cette vape jetable de qualit\u00e9 sup\u00e9rieure offre une saveur de fraise sucr\u00e9e et glac\u00e9e m\u00e9lang\u00e9e \u00e0 une cerise acidul\u00e9e et p\u00e9tillante. Avec 50 000 bouff\u00e9es douces, une batterie rechargeable de 850mAh et un chargement rapide par USB-C, vous \u00eates pr\u00eat pour une exp\u00e9rience de vapotage ininterrompue. <\/p>\n<h3>Caract\u00e9ristiques principales :<\/h3>\n<p>\u2705 <strong>50 000 bouff\u00e9es<\/strong> &#8211; Profitez d&#8217;un plaisir de vapotage prolong\u00e9 pendant des semaines gr\u00e2ce \u00e0 un nombre \u00e9lev\u00e9 de bouff\u00e9es.<br \/>\n\u2705 <strong>Syst\u00e8me \u00e0 double ar\u00f4me<\/strong> &#8211; Passez de la fraise glac\u00e9e (fra\u00eeche et sucr\u00e9e) \u00e0 la cerise p\u00e9tillante (acidul\u00e9e et p\u00e9tillante) pour une sensation gustative ultime.<br \/>\n\u2705 <strong>Technologie Dual Tank<\/strong> &#8211; Des chambres d&#8217;e-liquide s\u00e9par\u00e9es permettent de conserver des ar\u00f4mes propres et non m\u00e9lang\u00e9s.<br \/>\n\u2705 <strong>Batterie rechargeable de 850mAh<\/strong> &#8211; La charge rapide USB-C garantit des recharges rapides pour un vapotage sans souci.<br \/>\n\u2705 <strong>50ML E-Liquid pr\u00e9-rempli<\/strong> &#8211; Pas besoin de recharges &#8211; vaper et appr\u00e9cier !<br \/>\n\u2705 <strong data-is-only-node=\"\">Flux d&#8217;air r\u00e9glable<\/strong> &#8211; Personnalisez votre inhalation, de douce \u00e0 intense.<br \/>\n\u2705 <strong>Deux modes de puissance<\/strong> &#8211; Choisissez entre le mode ECO (saveur \u00e9quilibr\u00e9e) et le mode Boost (production accrue de vapeur).<br \/>\n\u2705 <strong>Coque en m\u00e9tal de premi\u00e8re qualit\u00e9<\/strong> &#8211; Fabriqu\u00e9e pour la durabilit\u00e9, le style et le confort.<\/p>\n<h3><strong>Pourquoi choisir Fizzy Twins Dual Flavor Vape 50000 Puffs ?<\/strong><\/h3>\n<p>\ud83d\udd25 <strong>Deux ar\u00f4mes dans un seul appareil<\/strong> &#8211; Profitez du meilleur des deux mondes sans changer de vapoteur.<br \/>\n\ud83d\udd25 <strong>Capacit\u00e9 massive d&#8217;e-liquide<\/strong> &#8211; 50ML pour un vapotage continu et de longue dur\u00e9e.<br \/>\n\ud83d\udd25 <strong>Exp\u00e9rience personnalisable<\/strong> &#8211; D\u00e9bit d&#8217;air et modes de puissance r\u00e9glables pour adapter votre session de vapotage.<br \/>\n\ud83d\udd25 <strong>Etanche et de qualit\u00e9 sup\u00e9rieure<\/strong> &#8211; Conception lisse, fiable et facile \u00e0 utiliser.<\/p>\n<\/div>\n<div>\n<h3><strong>Options de nicotine :<\/strong><\/h3>\n<p>&#8211; <strong>2% (20mg\/mL<\/strong> ) &#8211; Id\u00e9al pour une exp\u00e9rience de vapotage douce et savoureuse<br \/>\n&#8211; <strong>5% (50mg\/mL<\/strong> ) &#8211; Con\u00e7u pour un effet en gorge plus fort et plus satisfaisant <\/p>\n<h3>Sp\u00e9cifications<\/h3>\n<table style=\"height: 449px;\" width=\"1340\">\n<tbody>\n<tr>\n<td>Bouff\u00e9es<\/td>\n<td><strong>50000+ bouff\u00e9es<\/strong><\/td>\n<\/tr>\n<tr>\n<td>Capacit\u00e9 en e-liquide<\/td>\n<td><strong>50mL (25mL par parfum)<\/strong><\/td>\n<\/tr>\n<tr>\n<td>Capacit\u00e9 de la batterie<\/td>\n<td><strong>850mAh<\/strong><\/td>\n<\/tr>\n<tr>\n<td>Taille<\/td>\n<td><strong>55,9*27,3*119,8mm<\/strong><\/td>\n<\/tr>\n<tr>\n<td>Jetable ou non<\/td>\n<td><strong>Jetable<\/strong><\/td>\n<\/tr>\n<tr>\n<td>Puissance r\u00e9glable<\/td>\n<td><strong>OUI<\/strong><\/td>\n<\/tr>\n<tr>\n<td>M\u00e9thode d&#8217;activation<\/td>\n<td><strong>Capteur<\/strong><\/td>\n<\/tr>\n<tr>\n<td>Mat\u00e9riel<\/td>\n<td><strong>PCTG<\/strong><\/td>\n<\/tr>\n<tr>\n<td>Taux de nicotine<\/td>\n<td><strong>2% (20mg\/mL) &amp; 5% (50mg\/mL)<\/strong><\/td>\n<\/tr>\n<tr>\n<td>Saveurs<\/td>\n<td><strong>12<\/strong><\/td>\n<\/tr>\n<tr>\n<td>Emballage<\/td>\n<td><strong>1 paquet<\/strong><\/td>\n<\/tr>\n<tr>\n<td>Temps de charge<\/td>\n<td><strong>2 heures<\/strong><\/td>\n<\/tr>\n<tr>\n<td>Stockage<\/td>\n<td><strong>\u00c9vitez les environnements \u00e0 haute temp\u00e9rature et conservez le produit dans un endroit frais et sec.<\/strong><\/td>\n<\/tr>\n<tr>\n<td>Personnes interdites d&#8217;utilisation<\/td>\n<td><strong>Les mineurs, les femmes enceintes et les personnes allergiques aux ingr\u00e9dients du produit.<\/strong><\/td>\n<\/tr>\n<tr>\n<td>Attention<\/td>\n<td><strong>N&#8217;avalez pas cette substance. En cas d&#8217;ingestion, rincez-vous imm\u00e9diatement et abondamment la bouche. Si vous vous sentez mal, consultez un m\u00e9decin.  <\/strong><\/td>\n<\/tr>\n<\/tbody>\n<\/table>\n<h3><strong>Fizzy Twins <\/strong>50000 Puffs Liste des ar\u00f4mes :<\/h3>\n<ol>\n<li><a href=\"https:\/\/fizzyvape.eu\/fr\/produit\/fizzy-twins-pasteque-glacee-et-fraise-kiwi-50000-bouffees-10pcs\/\">Past\u00e8que glac\u00e9e et fraise kiwi<\/a><\/li>\n<li><a href=\"https:\/\/fizzyvape.eu\/fr\/produit\/fizzy-twins-fraise-kiwi-grenade-red-bull-50000-bouffees-10pcs\/\">Fraise, kiwi, grenade et Red Bull<\/a><\/li>\n<li><a href=\"https:\/\/fizzyvape.eu\/fr\/produit\/fizzy-twins-blueberry-coconut-grape-ice-50000-bouffees-10pcs\/\">Glace aux myrtilles, noix de coco et raisins<\/a><\/li>\n<li><a href=\"https:\/\/fizzyvape.eu\/fr\/produit\/fizzy-twins-blue-razz-lemonade-triple-melon-50000-bouffees-10pcs\/\">Blue Razz Lemonade &amp; Triple Melon<\/a><\/li>\n<li><a href=\"https:\/\/fizzyvape.eu\/fr\/produit\/fizzy-twins-fraise-pasteque-et-myrtille-ice-50000-boules-10pcs\/\">Glace \u00e0 la fraise, \u00e0 la past\u00e8que et \u00e0 la myrtille<\/a><\/li>\n<li><a href=\"https:\/\/fizzyvape.eu\/fr\/produit\/fizzy-twins-peche-mangue-pasteque-fraise-banane-50000-boules-10pcs\/\">P\u00eache Mangue Past\u00e8que &amp; Fraise Banane<\/a><\/li>\n<li><a href=\"\/product\/fizzy-twins-raspberry-watermenlon-kiwi-passion-fruit-guava-50000-puffs-10pcs\/\">Framboise Past\u00e8que &amp; Kiwi Fruit de la passion Goyave<\/a><\/li>\n<li><a href=\"https:\/\/fizzyvape.eu\/fr\/produit\/fizzy-twins-ananas-peche-fruit-de-la-passion-myrtille-framboise-50000-bouffees-10pcs\/\">Ananas P\u00eache Fruit de la passion &amp; Myrtille Framboise<\/a><\/li>\n<li><a href=\"https:\/\/fizzyvape.eu\/fr\/produit\/fizzy-twins-watermelon-ice-lemon-lime-50000-puffs-10pcs\/\">Glace \u00e0 la past\u00e8que et citron vert<\/a><\/li>\n<li><a href=\"https:\/\/fizzyvape.eu\/fr\/produit\/fizzy-twins-mixed-berry-peach-ice-50000-bouffees-10pcs\/\">Glace aux baies mixtes et \u00e0 la p\u00eache<\/a><\/li>\n<li><a href=\"https:\/\/fizzyvape.eu\/fr\/produit\/fizzy-twins-fraise-glacee-fizzy-cerise-50000-bouffees-10pcs\/\">Glace \u00e0 la fraise et cerise p\u00e9tillante<\/a><\/li>\n<li><a href=\"https:\/\/fizzyvape.eu\/fr\/produit\/fizzy-twins-framboise-limonade-fraise-glacee-50000-bouffees-10pcs\/\">Limonade \u00e0 la framboise et glace \u00e0 la fraise<\/a><\/li>\n<\/ol>\n<h3>FAQs \u00e0 propos de <strong>Fizzy Twins Strawberry Ice &amp; Fizzy Cherry 50000 Puffs<\/strong> Vape<\/h3>\n<p><strong>1. Comment puis-je passer de l&#8217;ar\u00f4me Fraise glac\u00e9e \u00e0 l&#8217;ar\u00f4me Cerise p\u00e9tillante ?<\/strong><br \/>\nLe syst\u00e8me \u00e0 double r\u00e9servoir vous permet de changer de parfum en toute transparence. Il vous suffit d&#8217;appuyer sur le bouton de changement d&#8217;ar\u00f4me pour alterner entre le rafra\u00eechissant Strawberry Ice et le piquant Fizzy Cherry. <\/p>\n<p><strong>2. Combien de temps dureront les 50 000 bouff\u00e9es ?<\/strong><br \/>\nAvec 50 ml d&#8217;e-liquide, la plupart des utilisateurs peuvent profiter de 3 \u00e0 4 semaines de vapotage. Les utilisateurs intensifs peuvent avoir besoin d&#8217;un remplacement apr\u00e8s 2 ou 3 semaines. <\/p>\n<p><strong>3. Quelle est la diff\u00e9rence entre les modes d&#8217;alimentation Standard et Boost ?<\/strong><br \/>\nLe mode standard offre une saveur et une production de vapeur \u00e9quilibr\u00e9es, tandis que le mode Boost intensifie les deux pour un impact plus fort et des nuages plus \u00e9pais.<\/p>\n<\/div>\n","protected":false},"excerpt":{"rendered":"<p><strong>Fizzy Twins Strawberry Ice &amp; Fizzy Cherry 50000 Puffs<\/strong> est une vape jetable de qualit\u00e9 sup\u00e9rieure offrant 50 000 bouff\u00e9es de saveurs fra\u00eeches de fraise glac\u00e9e et de cerise p\u00e9tillante. Profitez d&#8217;une vape douce et durable gr\u00e2ce \u00e0 l&#8217;airflow r\u00e9glable et aux deux modes de puissance. <\/p>\n","protected":false},"featured_media":29688,"comment_status":"open","ping_status":"closed","template":"","meta":{"iawp_total_views":0},"product_brand":[],"product_cat":[263],"product_tag":[233],"class_list":{"0":"post-24985","1":"product","2":"type-product","3":"status-publish","4":"has-post-thumbnail","6":"product_cat-twins-vape-jetable-50000-bouffees-fr","7":"product_tag-50000puffs-fr","9":"first","10":"outofstock","11":"sale","12":"shipping-taxable","13":"purchasable","14":"product-type-variable"},"yoast_head":"<!-- This site is optimized with the Yoast SEO Premium plugin v24.8 (Yoast SEO v24.8) - https:\/\/yoast.com\/wordpress\/plugins\/seo\/ -->\n<title>Fizzy Twins Fraise glac\u00e9e &amp; Fizzy Cerise - 50000 bouff\u00e9es - 10pcs - fizzyvape.eu<\/title>\n<meta name=\"description\" content=\"Acheter 10pcs Fizzy Twins Strawberry Ice &amp; Fizzy Cherry 50000 Puffs - Vapeur \u00e0 double saveur avec un go\u00fbt frais et acidul\u00e9, une longue dur\u00e9e de vie et une charge USB-C !\" \/>\n<meta name=\"robots\" content=\"index, follow, max-snippet:-1, max-image-preview:large, max-video-preview:-1\" \/>\n<link rel=\"canonical\" href=\"https:\/\/fizzyvape.eu\/fr\/produit\/fizzy-twins-fraise-glacee-fizzy-cerise-50000-bouffees-10pcs\/\" \/>\n<meta property=\"og:locale\" content=\"fr_FR\" \/>\n<meta property=\"og:type\" content=\"article\" \/>\n<meta property=\"og:title\" content=\"Fizzy Twins Fraise glac\u00e9e &amp; Fizzy Cerise - 50000 bouff\u00e9es - 10pcs\" \/>\n<meta property=\"og:description\" content=\"Acheter 10pcs Fizzy Twins Strawberry Ice &amp; Fizzy Cherry 50000 Puffs - Vapeur \u00e0 double saveur avec un go\u00fbt frais et acidul\u00e9, une longue dur\u00e9e de vie et une charge USB-C !\" \/>\n<meta property=\"og:url\" content=\"https:\/\/fizzyvape.eu\/fr\/produit\/fizzy-twins-fraise-glacee-fizzy-cerise-50000-bouffees-10pcs\/\" \/>\n<meta property=\"og:site_name\" content=\"fizzyvape.eu\" \/>\n<meta property=\"article:modified_time\" content=\"2026-03-26T08:46:06+00:00\" \/>\n<meta property=\"og:image\" content=\"https:\/\/fizzyvape.eu\/wp-content\/uploads\/2025\/04\/fizzy-twins-50000Puffs-strawberry-icefizzy-cherry-1.webp\" \/>\n\t<meta property=\"og:image:width\" content=\"800\" \/>\n\t<meta property=\"og:image:height\" content=\"800\" \/>\n\t<meta property=\"og:image:type\" content=\"image\/webp\" \/>\n<meta name=\"twitter:card\" content=\"summary_large_image\" \/>\n<meta name=\"twitter:label1\" content=\"Disponibilit\u00e9\" \/>\n\t<meta name=\"twitter:data1\" content=\"Rupture de stock\" \/>\n<script type=\"application\/ld+json\" class=\"yoast-schema-graph\">{\"@context\":\"https:\/\/schema.org\",\"@graph\":[{\"@type\":\"WebPage\",\"@id\":\"https:\/\/fizzyvape.eu\/fr\/produit\/fizzy-twins-fraise-glacee-fizzy-cerise-50000-bouffees-10pcs\/\",\"url\":\"https:\/\/fizzyvape.eu\/fr\/produit\/fizzy-twins-fraise-glacee-fizzy-cerise-50000-bouffees-10pcs\/\",\"name\":\"Fizzy Twins Fraise glac\u00e9e &amp; Fizzy Cerise - 50000 bouff\u00e9es - 10pcs - fizzyvape.eu\",\"isPartOf\":{\"@id\":\"https:\/\/www.fizzyvape.eu\/fr\/#website\"},\"primaryImageOfPage\":{\"@id\":\"https:\/\/fizzyvape.eu\/fr\/produit\/fizzy-twins-fraise-glacee-fizzy-cerise-50000-bouffees-10pcs\/#primaryimage\"},\"image\":{\"@id\":\"https:\/\/fizzyvape.eu\/fr\/produit\/fizzy-twins-fraise-glacee-fizzy-cerise-50000-bouffees-10pcs\/#primaryimage\"},\"thumbnailUrl\":\"https:\/\/fizzyvape.eu\/wp-content\/uploads\/2025\/03\/Fizzy-Twins-50000-Puffs-Disposable-Vape-05.webp\",\"datePublished\":\"2025-03-31T09:57:22+00:00\",\"dateModified\":\"2026-03-26T08:46:06+00:00\",\"description\":\"Acheter 10pcs Fizzy Twins Strawberry Ice & Fizzy Cherry 50000 Puffs - Vapeur \u00e0 double saveur avec un go\u00fbt frais et acidul\u00e9, une longue dur\u00e9e de vie et une charge USB-C !\",\"breadcrumb\":{\"@id\":\"https:\/\/fizzyvape.eu\/fr\/produit\/fizzy-twins-fraise-glacee-fizzy-cerise-50000-bouffees-10pcs\/#breadcrumb\"},\"inLanguage\":\"fr-FR\",\"potentialAction\":[{\"@type\":\"ReadAction\",\"target\":[\"https:\/\/fizzyvape.eu\/fr\/produit\/fizzy-twins-fraise-glacee-fizzy-cerise-50000-bouffees-10pcs\/\"]}]},{\"@type\":\"ImageObject\",\"inLanguage\":\"fr-FR\",\"@id\":\"https:\/\/fizzyvape.eu\/fr\/produit\/fizzy-twins-fraise-glacee-fizzy-cerise-50000-bouffees-10pcs\/#primaryimage\",\"url\":\"https:\/\/fizzyvape.eu\/wp-content\/uploads\/2025\/03\/Fizzy-Twins-50000-Puffs-Disposable-Vape-05.webp\",\"contentUrl\":\"https:\/\/fizzyvape.eu\/wp-content\/uploads\/2025\/03\/Fizzy-Twins-50000-Puffs-Disposable-Vape-05.webp\",\"width\":800,\"height\":800,\"caption\":\"Fizzy Twins 50000 Puffs Disposable Vape 05\"},{\"@type\":\"BreadcrumbList\",\"@id\":\"https:\/\/fizzyvape.eu\/fr\/produit\/fizzy-twins-fraise-glacee-fizzy-cerise-50000-bouffees-10pcs\/#breadcrumb\",\"itemListElement\":[{\"@type\":\"ListItem\",\"position\":1,\"name\":\"Home\",\"item\":\"https:\/\/fizzyvape.eu\/fr\/\"},{\"@type\":\"ListItem\",\"position\":2,\"name\":\"Boutique\",\"item\":\"https:\/\/www.fizzyvape.eu\/fr\/boutique\/\"},{\"@type\":\"ListItem\",\"position\":3,\"name\":\"Fizzy Twins Fraise glac\u00e9e &amp; Fizzy Cerise &#8211; 50000 bouff\u00e9es &#8211; 10pcs\"}]},{\"@type\":\"WebSite\",\"@id\":\"https:\/\/www.fizzyvape.eu\/fr\/#website\",\"url\":\"https:\/\/www.fizzyvape.eu\/fr\/\",\"name\":\"fizzyvape.eu\",\"description\":\"Refreshing Vapes. Unforgettable Taste.\",\"publisher\":{\"@id\":\"https:\/\/www.fizzyvape.eu\/fr\/#organization\"},\"potentialAction\":[{\"@type\":\"SearchAction\",\"target\":{\"@type\":\"EntryPoint\",\"urlTemplate\":\"https:\/\/www.fizzyvape.eu\/fr\/?s={search_term_string}\"},\"query-input\":{\"@type\":\"PropertyValueSpecification\",\"valueRequired\":true,\"valueName\":\"search_term_string\"}}],\"inLanguage\":\"fr-FR\"},{\"@type\":\"Organization\",\"@id\":\"https:\/\/www.fizzyvape.eu\/fr\/#organization\",\"name\":\"fizzyvape.eu\",\"url\":\"https:\/\/www.fizzyvape.eu\/fr\/\",\"logo\":{\"@type\":\"ImageObject\",\"inLanguage\":\"fr-FR\",\"@id\":\"https:\/\/www.fizzyvape.eu\/fr\/#\/schema\/logo\/image\/\",\"url\":\"https:\/\/fizzyvape.eu\/wp-content\/uploads\/2019\/06\/print-1.svg\",\"contentUrl\":\"https:\/\/fizzyvape.eu\/wp-content\/uploads\/2019\/06\/print-1.svg\",\"width\":124,\"height\":37,\"caption\":\"fizzyvape.eu\"},\"image\":{\"@id\":\"https:\/\/www.fizzyvape.eu\/fr\/#\/schema\/logo\/image\/\"}}]}<\/script>\n<meta property=\"og:availability\" content=\"out of stock\" \/>\n<meta property=\"product:availability\" content=\"out of stock\" \/>\n<meta property=\"product:condition\" content=\"new\" \/>\n<!-- \/ Yoast SEO Premium plugin. -->","yoast_head_json":{"title":"Fizzy Twins Fraise glac\u00e9e &amp; Fizzy Cerise - 50000 bouff\u00e9es - 10pcs - fizzyvape.eu","description":"Acheter 10pcs Fizzy Twins Strawberry Ice & Fizzy Cherry 50000 Puffs - Vapeur \u00e0 double saveur avec un go\u00fbt frais et acidul\u00e9, une longue dur\u00e9e de vie et une charge USB-C !","robots":{"index":"index","follow":"follow","max-snippet":"max-snippet:-1","max-image-preview":"max-image-preview:large","max-video-preview":"max-video-preview:-1"},"canonical":"https:\/\/fizzyvape.eu\/fr\/produit\/fizzy-twins-fraise-glacee-fizzy-cerise-50000-bouffees-10pcs\/","og_locale":"fr_FR","og_type":"article","og_title":"Fizzy Twins Fraise glac\u00e9e &amp; Fizzy Cerise - 50000 bouff\u00e9es - 10pcs","og_description":"Acheter 10pcs Fizzy Twins Strawberry Ice & Fizzy Cherry 50000 Puffs - Vapeur \u00e0 double saveur avec un go\u00fbt frais et acidul\u00e9, une longue dur\u00e9e de vie et une charge USB-C !","og_url":"https:\/\/fizzyvape.eu\/fr\/produit\/fizzy-twins-fraise-glacee-fizzy-cerise-50000-bouffees-10pcs\/","og_site_name":"fizzyvape.eu","article_modified_time":"2026-03-26T08:46:06+00:00","og_image":[{"width":800,"height":800,"url":"https:\/\/fizzyvape.eu\/wp-content\/uploads\/2025\/04\/fizzy-twins-50000Puffs-strawberry-icefizzy-cherry-1.webp","type":"image\/webp"}],"twitter_card":"summary_large_image","twitter_misc":{"Disponibilit\u00e9":"Rupture de stock"},"schema":{"@context":"https:\/\/schema.org","@graph":[{"@type":"WebPage","@id":"https:\/\/fizzyvape.eu\/fr\/produit\/fizzy-twins-fraise-glacee-fizzy-cerise-50000-bouffees-10pcs\/","url":"https:\/\/fizzyvape.eu\/fr\/produit\/fizzy-twins-fraise-glacee-fizzy-cerise-50000-bouffees-10pcs\/","name":"Fizzy Twins Fraise glac\u00e9e &amp; Fizzy Cerise - 50000 bouff\u00e9es - 10pcs - fizzyvape.eu","isPartOf":{"@id":"https:\/\/www.fizzyvape.eu\/fr\/#website"},"primaryImageOfPage":{"@id":"https:\/\/fizzyvape.eu\/fr\/produit\/fizzy-twins-fraise-glacee-fizzy-cerise-50000-bouffees-10pcs\/#primaryimage"},"image":{"@id":"https:\/\/fizzyvape.eu\/fr\/produit\/fizzy-twins-fraise-glacee-fizzy-cerise-50000-bouffees-10pcs\/#primaryimage"},"thumbnailUrl":"https:\/\/fizzyvape.eu\/wp-content\/uploads\/2025\/03\/Fizzy-Twins-50000-Puffs-Disposable-Vape-05.webp","datePublished":"2025-03-31T09:57:22+00:00","dateModified":"2026-03-26T08:46:06+00:00","description":"Acheter 10pcs Fizzy Twins Strawberry Ice & Fizzy Cherry 50000 Puffs - Vapeur \u00e0 double saveur avec un go\u00fbt frais et acidul\u00e9, une longue dur\u00e9e de vie et une charge USB-C !","breadcrumb":{"@id":"https:\/\/fizzyvape.eu\/fr\/produit\/fizzy-twins-fraise-glacee-fizzy-cerise-50000-bouffees-10pcs\/#breadcrumb"},"inLanguage":"fr-FR","potentialAction":[{"@type":"ReadAction","target":["https:\/\/fizzyvape.eu\/fr\/produit\/fizzy-twins-fraise-glacee-fizzy-cerise-50000-bouffees-10pcs\/"]}]},{"@type":"ImageObject","inLanguage":"fr-FR","@id":"https:\/\/fizzyvape.eu\/fr\/produit\/fizzy-twins-fraise-glacee-fizzy-cerise-50000-bouffees-10pcs\/#primaryimage","url":"https:\/\/fizzyvape.eu\/wp-content\/uploads\/2025\/03\/Fizzy-Twins-50000-Puffs-Disposable-Vape-05.webp","contentUrl":"https:\/\/fizzyvape.eu\/wp-content\/uploads\/2025\/03\/Fizzy-Twins-50000-Puffs-Disposable-Vape-05.webp","width":800,"height":800,"caption":"Fizzy Twins 50000 Puffs Disposable Vape 05"},{"@type":"BreadcrumbList","@id":"https:\/\/fizzyvape.eu\/fr\/produit\/fizzy-twins-fraise-glacee-fizzy-cerise-50000-bouffees-10pcs\/#breadcrumb","itemListElement":[{"@type":"ListItem","position":1,"name":"Home","item":"https:\/\/fizzyvape.eu\/fr\/"},{"@type":"ListItem","position":2,"name":"Boutique","item":"https:\/\/www.fizzyvape.eu\/fr\/boutique\/"},{"@type":"ListItem","position":3,"name":"Fizzy Twins Fraise glac\u00e9e &amp; Fizzy Cerise &#8211; 50000 bouff\u00e9es &#8211; 10pcs"}]},{"@type":"WebSite","@id":"https:\/\/www.fizzyvape.eu\/fr\/#website","url":"https:\/\/www.fizzyvape.eu\/fr\/","name":"fizzyvape.eu","description":"Refreshing Vapes. Unforgettable Taste.","publisher":{"@id":"https:\/\/www.fizzyvape.eu\/fr\/#organization"},"potentialAction":[{"@type":"SearchAction","target":{"@type":"EntryPoint","urlTemplate":"https:\/\/www.fizzyvape.eu\/fr\/?s={search_term_string}"},"query-input":{"@type":"PropertyValueSpecification","valueRequired":true,"valueName":"search_term_string"}}],"inLanguage":"fr-FR"},{"@type":"Organization","@id":"https:\/\/www.fizzyvape.eu\/fr\/#organization","name":"fizzyvape.eu","url":"https:\/\/www.fizzyvape.eu\/fr\/","logo":{"@type":"ImageObject","inLanguage":"fr-FR","@id":"https:\/\/www.fizzyvape.eu\/fr\/#\/schema\/logo\/image\/","url":"https:\/\/fizzyvape.eu\/wp-content\/uploads\/2019\/06\/print-1.svg","contentUrl":"https:\/\/fizzyvape.eu\/wp-content\/uploads\/2019\/06\/print-1.svg","width":124,"height":37,"caption":"fizzyvape.eu"},"image":{"@id":"https:\/\/www.fizzyvape.eu\/fr\/#\/schema\/logo\/image\/"}}]},"og_availability":"out of stock","product_availability":"out of stock","product_condition":"new"},"tiered_pricing_type":"fixed","tiered_pricing_fixed_rules":[],"tiered_pricing_product_settings":{"layout":"default","base_unit_name":{"singular":null,"plural":null},"default_variation":null},"tiered_pricing_minimum_quantity":null,"tiered_pricing_roles_data":[],"tiered_pricing_percentage_rules":[],"tiered_pricing_maximum_quantity":null,"tiered_pricing_quantity_step":null,"_links":{"self":[{"href":"https:\/\/fizzyvape.eu\/fr\/wp-json\/wp\/v2\/product\/24985","targetHints":{"allow":["GET"]}}],"collection":[{"href":"https:\/\/fizzyvape.eu\/fr\/wp-json\/wp\/v2\/product"}],"about":[{"href":"https:\/\/fizzyvape.eu\/fr\/wp-json\/wp\/v2\/types\/product"}],"replies":[{"embeddable":true,"href":"https:\/\/fizzyvape.eu\/fr\/wp-json\/wp\/v2\/comments?post=24985"}],"version-history":[{"count":0,"href":"https:\/\/fizzyvape.eu\/fr\/wp-json\/wp\/v2\/product\/24985\/revisions"}],"wp:featuredmedia":[{"embeddable":true,"href":"https:\/\/fizzyvape.eu\/fr\/wp-json\/wp\/v2\/media\/29688"}],"wp:attachment":[{"href":"https:\/\/fizzyvape.eu\/fr\/wp-json\/wp\/v2\/media?parent=24985"}],"wp:term":[{"taxonomy":"product_brand","embeddable":true,"href":"https:\/\/fizzyvape.eu\/fr\/wp-json\/wp\/v2\/product_brand?post=24985"},{"taxonomy":"product_cat","embeddable":true,"href":"https:\/\/fizzyvape.eu\/fr\/wp-json\/wp\/v2\/product_cat?post=24985"},{"taxonomy":"product_tag","embeddable":true,"href":"https:\/\/fizzyvape.eu\/fr\/wp-json\/wp\/v2\/product_tag?post=24985"}],"curies":[{"name":"wp","href":"https:\/\/api.w.org\/{rel}","templated":true}]}}