{"id":25343,"date":"2025-03-31T00:28:29","date_gmt":"2025-03-30T16:28:29","guid":{"rendered":"https:\/\/fizzyvape.eu\/product\/fizzy-nova-plus-raisin-citron-vert-40000-bouffees-10pcs\/"},"modified":"2025-12-31T14:06:01","modified_gmt":"2025-12-31T06:06:01","slug":"fizzy-nova-plus-raisin-citron-vert-40000-bouffees-10pcs","status":"publish","type":"product","link":"https:\/\/fizzyvape.eu\/fr\/produit\/fizzy-nova-plus-raisin-citron-vert-40000-bouffees-10pcs\/","title":{"rendered":"Fizzy Nova Plus Raisin Citron Vert &#8211; 40000 bouff\u00e9es &#8211; 10pcs"},"content":{"rendered":"<div>\n<h1><strong>Fizzy Nova Plus Grape Lime 40000 Puffs &#8211; Premium Citrus Fusion Vape jetable<\/strong><\/h1>\n<p>Embarquez pour un voyage gustatif audacieux avec le <strong>Fizzy Nova Plus Raisin Citron Vert 40 000 bouff\u00e9es.<\/strong> Cette vape innovante d\u00e9livre un nombre extraordinaire de <strong>40 000 bouff\u00e9es<\/strong> de notre m\u00e9lange signature de raisin sucr\u00e9 et de citron vert piquant, cr\u00e9ant une exp\u00e9rience acidul\u00e9e et sucr\u00e9e parfaitement \u00e9quilibr\u00e9e qui reste toujours satisfaisante. Avec son nombre de bouff\u00e9es in\u00e9gal\u00e9 dans l&#8217;industrie, le <strong>Fizzy Nova Plus Raisin Citron Vert<\/strong> garantit des sessions de vapotage prolong\u00e9es, \u00e9clatantes de saveurs fruit\u00e9es et vibrantes \u00e0 chaque bouff\u00e9e. <\/p>\n<h3>Caract\u00e9ristiques principales :<\/h3>\n<p>\ud83d\udd39 <strong>40 000 bouff\u00e9es, un record dans l&#8217;industrie<\/strong> &#8211; Faites l&#8217;exp\u00e9rience d&#8217;une satisfaction de vapotage prolong\u00e9e qui dure des semaines de plus que les produits jetables standard.<br \/>\n\ud83d\udd39 <strong>R\u00e9servoir d&#8217;e-liquide g\u00e9n\u00e9reux de 40mL<\/strong> &#8211; Profitez d&#8217;un vapotage ininterrompu gr\u00e2ce \u00e0 notre \u00e9norme capacit\u00e9 pr\u00e9-remplie.<br \/>\n\ud83d\udd39 <strong>Technologie avanc\u00e9e de bobine \u00e0 double maille<\/strong> &#8211; Offre une saveur plus riche et plus intense \u00e0 chaque aspiration.<br \/>\n\ud83d\udd39 <strong>Syst\u00e8me intelligent \u00e0 deux modes<\/strong> &#8211; Adaptez votre exp\u00e9rience avec les options Eco (\u00e9conomie de batterie) ou Turbo (augmentation de la saveur).<br \/>\n\ud83d\udd39 <strong>Affichage LED intelligent<\/strong> &#8211; Restez inform\u00e9 gr\u00e2ce au contr\u00f4le en temps r\u00e9el de la batterie et de l&#8217;e-juice.<br \/>\n\ud83d\udd39 <strong>Chargement rapide de type C<\/strong> &#8211; Rechargez rapidement gr\u00e2ce \u00e0 notre syst\u00e8me de batterie haute efficacit\u00e9 de 850 mAh. <\/p>\n<h3>Pourquoi choisir Fizzy Nova Plus ?<\/h3>\n<p>\ud83d\udd25 <strong>Endurance in\u00e9gal\u00e9e<\/strong> &#8211; 3 fois la dur\u00e9e de vie des vapes jetables ordinaires<br \/>\n\ud83d\udc8e <strong>Fabrication haut de gamme<\/strong> &#8211; Construction en alliage m\u00e9tallique de qualit\u00e9 a\u00e9rospatiale et conception ergonomique<br \/>\n\ud83d\udc51 La <strong>perfection de la saveur<\/strong> &#8211; \u00c9labor\u00e9e de main de ma\u00eetre par des sp\u00e9cialistes de la saveur de renomm\u00e9e mondiale pour un go\u00fbt authentique <\/p>\n<\/div>\n<div>\n<h3><strong>Options de nicotine :<\/strong><\/h3>\n<p>&#8211; <strong>2% (20mg\/mL<\/strong> ) &#8211; Id\u00e9al pour une exp\u00e9rience de vapotage douce et savoureuse<br \/>\n&#8211; <strong>5% (50mg\/mL<\/strong> ) &#8211; Con\u00e7u pour un effet en gorge plus fort et plus satisfaisant <\/p>\n<h3>Sp\u00e9cifications<\/h3>\n<table style=\"height: 449px;\" width=\"1340\">\n<tbody>\n<tr>\n<td>Bouff\u00e9es<\/td>\n<td><strong>40000+ Puffs<\/strong><\/td>\n<\/tr>\n<tr>\n<td>Capacit\u00e9 en e-liquide<\/td>\n<td><strong>40ml<\/strong><\/td>\n<\/tr>\n<tr>\n<td>Capacit\u00e9 de la batterie<\/td>\n<td><strong>850mAh<\/strong><\/td>\n<\/tr>\n<tr>\n<td>Taille<\/td>\n<td><strong>52,5*24,5*104,3mm<\/strong><\/td>\n<\/tr>\n<tr>\n<td>Jetable ou non<\/td>\n<td><strong>Jetable<\/strong><\/td>\n<\/tr>\n<tr>\n<td>M\u00e9thode de chargement<\/td>\n<td><strong>C\u00e2ble<\/strong><\/td>\n<\/tr>\n<tr>\n<td>M\u00e9thode d&#8217;activation<\/td>\n<td><strong>Capteur<\/strong><\/td>\n<\/tr>\n<tr>\n<td>Mat\u00e9riel<\/td>\n<td><strong>PCTG<\/strong><\/td>\n<\/tr>\n<tr>\n<td>Taux de nicotine<\/td>\n<td><strong>2% (20mg\/mL) &amp; 5% (50mg\/mL)<\/strong><\/td>\n<\/tr>\n<tr>\n<td>Saveurs<\/td>\n<td><strong>12<\/strong><\/td>\n<\/tr>\n<tr>\n<td>Emballage<\/td>\n<td><strong>1 paquet<\/strong><\/td>\n<\/tr>\n<tr>\n<td>Temps de charge<\/td>\n<td><strong>2 heures<\/strong><\/td>\n<\/tr>\n<tr>\n<td>Stockage<\/td>\n<td><strong>\u00c9vitez les environnements \u00e0 haute temp\u00e9rature et conservez le produit dans un endroit frais et sec.<\/strong><\/td>\n<\/tr>\n<tr>\n<td>Personnes interdites d&#8217;utilisation<\/td>\n<td><strong>Les mineurs, les femmes enceintes et les personnes allergiques aux ingr\u00e9dients du produit.<\/strong><\/td>\n<\/tr>\n<tr>\n<td>Attention<\/td>\n<td><strong>N&#8217;avalez pas cette substance. En cas d&#8217;ingestion, rincez-vous imm\u00e9diatement et abondamment la bouche. Si vous vous sentez mal, consultez un m\u00e9decin.  <\/strong><\/td>\n<\/tr>\n<\/tbody>\n<\/table>\n<h3>Liste des ar\u00f4mes de <strong>Fizzy Nova Plus <\/strong>40000 Puffs :<\/h3>\n<ol>\n<li><a href=\"https:\/\/fizzyvape.eu\/fr\/produit\/fizzy-nova-plus-fraise-kiwi-40000-boules-10pcs\/\">Fraise Kiwi<\/a><\/li>\n<li><a href=\"https:\/\/fizzyvape.eu\/fr\/produit\/fizzy-nova-plus-blueberry-ice-40000-boules-10pcs\/\">Glace aux myrtilles<\/a><\/li>\n<li><a href=\"https:\/\/fizzyvape.eu\/fr\/produit\/fizzy-nova-plus-watermelon-ice-40000-boules-10pcs\/\">Glace \u00e0 la past\u00e8que<\/a><\/li>\n<li><a href=\"https:\/\/fizzyvape.eu\/fr\/produit\/fizzy-nova-plus-peche-mangue-pasteque-40000-bouffees-10pcs\/\">P\u00eache Mangue Past\u00e8que<\/a><\/li>\n<li><a href=\"https:\/\/fizzyvape.eu\/fr\/produit\/fizzy-nova-plus-kiwi-fruit-de-la-passion-goyave-40000-boules-10pcs\/\">Kiwi Fruit de la passion Goyave<\/a><\/li>\n<li><a href=\"https:\/\/fizzyvape.eu\/fr\/produit\/fizzy-nova-plus-framboise-citron-40000-bouffees-10pcs\/\">Framboise Citron<\/a><\/li>\n<li><a href=\"https:\/\/fizzyvape.eu\/fr\/produit\/fizzy-nova-plus-triple-berry-40000-bouffees-10pcs\/\">Triple baie<\/a><\/li>\n<li><a href=\"https:\/\/fizzyvape.eu\/fr\/produit\/fizzy-nova-plus-peach-ice-40000-bouffees-10pcs\/\">Glace \u00e0 la p\u00eache<\/a><\/li>\n<li><a href=\"https:\/\/fizzyvape.eu\/fr\/produit\/fizzy-nova-plus-raisin-citron-vert-40000-bouffees-10pcs\/\">Raisin Citron Vert<\/a><\/li>\n<li><a href=\"https:\/\/fizzyvape.eu\/fr\/produit\/fizzy-nova-plus-blue-razz-lemonade-40000-bouffees-10pcs\/\">Limonade Blue Razz<\/a><\/li>\n<li><a href=\"https:\/\/fizzyvape.eu\/fr\/produit\/fizzy-nova-plus-strawberry-ice-40000-boules-10pcs\/\">Glace \u00e0 la fraise<\/a><\/li>\n<li><a href=\"https:\/\/fizzyvape.eu\/fr\/produit\/fizzy-nova-plus-blueberry-coconut-40000-boules-10pcs\/\">Bleuet et noix de coco<\/a><\/li>\n<\/ol>\n<h3>FAQ \u00e0 propos de Fizzy Nova Plus Grape Lime 40000 Puffs Vape<\/h3>\n<ol start=\"1\">\n<li><strong>Qu&#8217;est-ce qui rend l&#8217;ar\u00f4me Grape Lime unique par rapport \u00e0 d&#8217;autres vapes aux fruits ?<\/strong><br \/>\nNotre ar\u00f4me Raisin Citron Vert associe le raisin Concord sucr\u00e9 (60%) au citron vert acidul\u00e9 (40%) pour un profil sucr\u00e9-acidul\u00e9 parfaitement \u00e9quilibr\u00e9, \u00e0 la fois rafra\u00eechissant et satisfaisant. Cet ar\u00f4me a \u00e9t\u00e9 mis au point par nos ma\u00eetres mixologistes pour offrir un go\u00fbt de fruit authentique sans arri\u00e8re-go\u00fbt artificiel. <\/li>\n<li><strong>Comment la technologie Dual Mesh Coil am\u00e9liore-t-elle mon exp\u00e9rience de vapotage ?<\/strong><br \/>\nLes bobines avanc\u00e9es \u00e0 double maille chauffent simultan\u00e9ment l&#8217;e-liquide de mani\u00e8re plus homog\u00e8ne, produisant ainsi un effet de surprise :<\/li>\n<\/ol>\n<ul>\n<li>30% de volume de vapeur en plus<\/li>\n<li>Extraction de saveurs plus riches et plus nuanc\u00e9es<\/li>\n<li>Une performance constante tout au long des 40 000 bouff\u00e9es.<\/li>\n<\/ul>\n<ol start=\"3\">\n<li><strong>Quelle est la dur\u00e9e de vie r\u00e9elle des 40 000 bouff\u00e9es ?<\/strong><br \/>\nPour les utilisateurs moyens (environ 500 bouff\u00e9es par jour), il dure environ 2 \u00e0 3 mois. Les gros fumeurs (800+ bouff\u00e9es\/jour) peuvent esp\u00e9rer 6 \u00e0 8 semaines, tandis que les utilisateurs occasionnels peuvent en profiter pendant 4 mois ou plus. <\/li>\n<li><strong>Comment basculer entre les modes Eco et Turbo ?<\/strong><br \/>\nIl suffit d&#8217;appuyer rapidement trois fois sur le bouton d&#8217;alimentation pour passer de l&#8217;un \u00e0 l&#8217;autre :<\/li>\n<\/ol>\n<ul>\n<li>Mode Eco : Prolonge la dur\u00e9e de vie de la batterie de 25 % avec des frappes l\u00e9g\u00e8rement plus douces.<\/li>\n<li>Mode Turbo : Augmente l&#8217;intensit\u00e9 des ar\u00f4mes et la production de vapeur de 40 %.<\/li>\n<\/ul>\n<\/div>\n","protected":false},"excerpt":{"rendered":"<p><strong>Fizzy Nova Plus Grape Lime 40000 Puffs<\/strong> &#8211; D\u00e9couvrez la fusion parfaite du raisin sucr\u00e9 et du citron vert piquant dans cette vape jetable de premi\u00e8re qualit\u00e9.<\/p>\n","protected":false},"featured_media":29993,"comment_status":"open","ping_status":"closed","template":"","meta":{"iawp_total_views":1},"product_brand":[],"product_cat":[355],"product_tag":[343],"class_list":{"0":"post-25343","1":"product","2":"type-product","3":"status-publish","4":"has-post-thumbnail","6":"product_cat-nova-plus-vape-jetable-40000-bouffees-fr","7":"product_tag-40000-bouffees","9":"first","10":"outofstock","11":"sale","12":"shipping-taxable","13":"purchasable","14":"product-type-variable"},"yoast_head":"<!-- This site is optimized with the Yoast SEO Premium plugin v24.8 (Yoast SEO v24.8) - https:\/\/yoast.com\/wordpress\/plugins\/seo\/ -->\n<title>Fizzy Nova Plus Raisin Citron Vert - 40000 bouff\u00e9es - 10pcs - fizzyvape.eu<\/title>\n<meta name=\"description\" content=\"Fizzy Nova Plus Grape Lime 40000 Puffs Vape - fusion de raisin sucr\u00e9 et de citron vert piquant. 40mL e-liquide, dual mesh coils. 10pcs bulk discount !\" \/>\n<meta name=\"robots\" content=\"index, follow, max-snippet:-1, max-image-preview:large, max-video-preview:-1\" \/>\n<link rel=\"canonical\" href=\"https:\/\/fizzyvape.eu\/fr\/produit\/fizzy-nova-plus-raisin-citron-vert-40000-bouffees-10pcs\/\" \/>\n<meta property=\"og:locale\" content=\"fr_FR\" \/>\n<meta property=\"og:type\" content=\"article\" \/>\n<meta property=\"og:title\" content=\"Fizzy Nova Plus Raisin Citron Vert - 40000 bouff\u00e9es - 10pcs\" \/>\n<meta property=\"og:description\" content=\"Fizzy Nova Plus Grape Lime 40000 Puffs Vape - fusion de raisin sucr\u00e9 et de citron vert piquant. 40mL e-liquide, dual mesh coils. 10pcs bulk discount !\" \/>\n<meta property=\"og:url\" content=\"https:\/\/fizzyvape.eu\/fr\/produit\/fizzy-nova-plus-raisin-citron-vert-40000-bouffees-10pcs\/\" \/>\n<meta property=\"og:site_name\" content=\"fizzyvape.eu\" \/>\n<meta property=\"article:modified_time\" content=\"2025-12-31T06:06:01+00:00\" \/>\n<meta property=\"og:image\" content=\"https:\/\/www.fizzyvape.eu\/wp-content\/uploads\/2025\/04\/Fizzy-Nova-Plus-Grape-Lime-40000Puffs-1.webp\" \/>\n\t<meta property=\"og:image:width\" content=\"800\" \/>\n\t<meta property=\"og:image:height\" content=\"800\" \/>\n\t<meta property=\"og:image:type\" content=\"image\/webp\" \/>\n<meta name=\"twitter:card\" content=\"summary_large_image\" \/>\n<meta name=\"twitter:label1\" content=\"Disponibilit\u00e9\" \/>\n\t<meta name=\"twitter:data1\" content=\"Rupture de stock\" \/>\n<script type=\"application\/ld+json\" class=\"yoast-schema-graph\">{\"@context\":\"https:\/\/schema.org\",\"@graph\":[{\"@type\":\"WebPage\",\"@id\":\"https:\/\/fizzyvape.eu\/fr\/produit\/fizzy-nova-plus-raisin-citron-vert-40000-bouffees-10pcs\/\",\"url\":\"https:\/\/fizzyvape.eu\/fr\/produit\/fizzy-nova-plus-raisin-citron-vert-40000-bouffees-10pcs\/\",\"name\":\"Fizzy Nova Plus Raisin Citron Vert - 40000 bouff\u00e9es - 10pcs - fizzyvape.eu\",\"isPartOf\":{\"@id\":\"https:\/\/www.fizzyvape.eu\/fr\/#website\"},\"primaryImageOfPage\":{\"@id\":\"https:\/\/fizzyvape.eu\/fr\/produit\/fizzy-nova-plus-raisin-citron-vert-40000-bouffees-10pcs\/#primaryimage\"},\"image\":{\"@id\":\"https:\/\/fizzyvape.eu\/fr\/produit\/fizzy-nova-plus-raisin-citron-vert-40000-bouffees-10pcs\/#primaryimage\"},\"thumbnailUrl\":\"https:\/\/fizzyvape.eu\/wp-content\/uploads\/2025\/03\/Fizzy-Nova-Plus-40000-Puffs-Grape-Lime-10pcs.webp\",\"datePublished\":\"2025-03-30T16:28:29+00:00\",\"dateModified\":\"2025-12-31T06:06:01+00:00\",\"description\":\"Fizzy Nova Plus Grape Lime 40000 Puffs Vape - fusion de raisin sucr\u00e9 et de citron vert piquant. 40mL e-liquide, dual mesh coils. 10pcs bulk discount !\",\"breadcrumb\":{\"@id\":\"https:\/\/fizzyvape.eu\/fr\/produit\/fizzy-nova-plus-raisin-citron-vert-40000-bouffees-10pcs\/#breadcrumb\"},\"inLanguage\":\"fr-FR\",\"potentialAction\":[{\"@type\":\"ReadAction\",\"target\":[\"https:\/\/fizzyvape.eu\/fr\/produit\/fizzy-nova-plus-raisin-citron-vert-40000-bouffees-10pcs\/\"]}]},{\"@type\":\"ImageObject\",\"inLanguage\":\"fr-FR\",\"@id\":\"https:\/\/fizzyvape.eu\/fr\/produit\/fizzy-nova-plus-raisin-citron-vert-40000-bouffees-10pcs\/#primaryimage\",\"url\":\"https:\/\/fizzyvape.eu\/wp-content\/uploads\/2025\/03\/Fizzy-Nova-Plus-40000-Puffs-Grape-Lime-10pcs.webp\",\"contentUrl\":\"https:\/\/fizzyvape.eu\/wp-content\/uploads\/2025\/03\/Fizzy-Nova-Plus-40000-Puffs-Grape-Lime-10pcs.webp\",\"width\":800,\"height\":800,\"caption\":\"Fizzy Nova Plus 40000 bouff\u00e9es Raisin Citron Vert 10pcs\"},{\"@type\":\"BreadcrumbList\",\"@id\":\"https:\/\/fizzyvape.eu\/fr\/produit\/fizzy-nova-plus-raisin-citron-vert-40000-bouffees-10pcs\/#breadcrumb\",\"itemListElement\":[{\"@type\":\"ListItem\",\"position\":1,\"name\":\"Home\",\"item\":\"https:\/\/fizzyvape.eu\/fr\/\"},{\"@type\":\"ListItem\",\"position\":2,\"name\":\"Boutique\",\"item\":\"https:\/\/www.fizzyvape.eu\/fr\/boutique\/\"},{\"@type\":\"ListItem\",\"position\":3,\"name\":\"Fizzy Nova Plus Raisin Citron Vert &#8211; 40000 bouff\u00e9es &#8211; 10pcs\"}]},{\"@type\":\"WebSite\",\"@id\":\"https:\/\/www.fizzyvape.eu\/fr\/#website\",\"url\":\"https:\/\/www.fizzyvape.eu\/fr\/\",\"name\":\"fizzyvape.eu\",\"description\":\"Refreshing Vapes. Unforgettable Taste.\",\"publisher\":{\"@id\":\"https:\/\/www.fizzyvape.eu\/fr\/#organization\"},\"potentialAction\":[{\"@type\":\"SearchAction\",\"target\":{\"@type\":\"EntryPoint\",\"urlTemplate\":\"https:\/\/www.fizzyvape.eu\/fr\/?s={search_term_string}\"},\"query-input\":{\"@type\":\"PropertyValueSpecification\",\"valueRequired\":true,\"valueName\":\"search_term_string\"}}],\"inLanguage\":\"fr-FR\"},{\"@type\":\"Organization\",\"@id\":\"https:\/\/www.fizzyvape.eu\/fr\/#organization\",\"name\":\"fizzyvape.eu\",\"url\":\"https:\/\/www.fizzyvape.eu\/fr\/\",\"logo\":{\"@type\":\"ImageObject\",\"inLanguage\":\"fr-FR\",\"@id\":\"https:\/\/www.fizzyvape.eu\/fr\/#\/schema\/logo\/image\/\",\"url\":\"https:\/\/fizzyvape.eu\/wp-content\/uploads\/2019\/06\/print-1.svg\",\"contentUrl\":\"https:\/\/fizzyvape.eu\/wp-content\/uploads\/2019\/06\/print-1.svg\",\"width\":124,\"height\":37,\"caption\":\"fizzyvape.eu\"},\"image\":{\"@id\":\"https:\/\/www.fizzyvape.eu\/fr\/#\/schema\/logo\/image\/\"}}]}<\/script>\n<meta property=\"og:availability\" content=\"out of stock\" \/>\n<meta property=\"product:availability\" content=\"out of stock\" \/>\n<meta property=\"product:condition\" content=\"new\" \/>\n<!-- \/ Yoast SEO Premium plugin. -->","yoast_head_json":{"title":"Fizzy Nova Plus Raisin Citron Vert - 40000 bouff\u00e9es - 10pcs - fizzyvape.eu","description":"Fizzy Nova Plus Grape Lime 40000 Puffs Vape - fusion de raisin sucr\u00e9 et de citron vert piquant. 40mL e-liquide, dual mesh coils. 10pcs bulk discount !","robots":{"index":"index","follow":"follow","max-snippet":"max-snippet:-1","max-image-preview":"max-image-preview:large","max-video-preview":"max-video-preview:-1"},"canonical":"https:\/\/fizzyvape.eu\/fr\/produit\/fizzy-nova-plus-raisin-citron-vert-40000-bouffees-10pcs\/","og_locale":"fr_FR","og_type":"article","og_title":"Fizzy Nova Plus Raisin Citron Vert - 40000 bouff\u00e9es - 10pcs","og_description":"Fizzy Nova Plus Grape Lime 40000 Puffs Vape - fusion de raisin sucr\u00e9 et de citron vert piquant. 40mL e-liquide, dual mesh coils. 10pcs bulk discount !","og_url":"https:\/\/fizzyvape.eu\/fr\/produit\/fizzy-nova-plus-raisin-citron-vert-40000-bouffees-10pcs\/","og_site_name":"fizzyvape.eu","article_modified_time":"2025-12-31T06:06:01+00:00","og_image":[{"width":800,"height":800,"url":"https:\/\/www.fizzyvape.eu\/wp-content\/uploads\/2025\/04\/Fizzy-Nova-Plus-Grape-Lime-40000Puffs-1.webp","type":"image\/webp"}],"twitter_card":"summary_large_image","twitter_misc":{"Disponibilit\u00e9":"Rupture de stock"},"schema":{"@context":"https:\/\/schema.org","@graph":[{"@type":"WebPage","@id":"https:\/\/fizzyvape.eu\/fr\/produit\/fizzy-nova-plus-raisin-citron-vert-40000-bouffees-10pcs\/","url":"https:\/\/fizzyvape.eu\/fr\/produit\/fizzy-nova-plus-raisin-citron-vert-40000-bouffees-10pcs\/","name":"Fizzy Nova Plus Raisin Citron Vert - 40000 bouff\u00e9es - 10pcs - fizzyvape.eu","isPartOf":{"@id":"https:\/\/www.fizzyvape.eu\/fr\/#website"},"primaryImageOfPage":{"@id":"https:\/\/fizzyvape.eu\/fr\/produit\/fizzy-nova-plus-raisin-citron-vert-40000-bouffees-10pcs\/#primaryimage"},"image":{"@id":"https:\/\/fizzyvape.eu\/fr\/produit\/fizzy-nova-plus-raisin-citron-vert-40000-bouffees-10pcs\/#primaryimage"},"thumbnailUrl":"https:\/\/fizzyvape.eu\/wp-content\/uploads\/2025\/03\/Fizzy-Nova-Plus-40000-Puffs-Grape-Lime-10pcs.webp","datePublished":"2025-03-30T16:28:29+00:00","dateModified":"2025-12-31T06:06:01+00:00","description":"Fizzy Nova Plus Grape Lime 40000 Puffs Vape - fusion de raisin sucr\u00e9 et de citron vert piquant. 40mL e-liquide, dual mesh coils. 10pcs bulk discount !","breadcrumb":{"@id":"https:\/\/fizzyvape.eu\/fr\/produit\/fizzy-nova-plus-raisin-citron-vert-40000-bouffees-10pcs\/#breadcrumb"},"inLanguage":"fr-FR","potentialAction":[{"@type":"ReadAction","target":["https:\/\/fizzyvape.eu\/fr\/produit\/fizzy-nova-plus-raisin-citron-vert-40000-bouffees-10pcs\/"]}]},{"@type":"ImageObject","inLanguage":"fr-FR","@id":"https:\/\/fizzyvape.eu\/fr\/produit\/fizzy-nova-plus-raisin-citron-vert-40000-bouffees-10pcs\/#primaryimage","url":"https:\/\/fizzyvape.eu\/wp-content\/uploads\/2025\/03\/Fizzy-Nova-Plus-40000-Puffs-Grape-Lime-10pcs.webp","contentUrl":"https:\/\/fizzyvape.eu\/wp-content\/uploads\/2025\/03\/Fizzy-Nova-Plus-40000-Puffs-Grape-Lime-10pcs.webp","width":800,"height":800,"caption":"Fizzy Nova Plus 40000 bouff\u00e9es Raisin Citron Vert 10pcs"},{"@type":"BreadcrumbList","@id":"https:\/\/fizzyvape.eu\/fr\/produit\/fizzy-nova-plus-raisin-citron-vert-40000-bouffees-10pcs\/#breadcrumb","itemListElement":[{"@type":"ListItem","position":1,"name":"Home","item":"https:\/\/fizzyvape.eu\/fr\/"},{"@type":"ListItem","position":2,"name":"Boutique","item":"https:\/\/www.fizzyvape.eu\/fr\/boutique\/"},{"@type":"ListItem","position":3,"name":"Fizzy Nova Plus Raisin Citron Vert &#8211; 40000 bouff\u00e9es &#8211; 10pcs"}]},{"@type":"WebSite","@id":"https:\/\/www.fizzyvape.eu\/fr\/#website","url":"https:\/\/www.fizzyvape.eu\/fr\/","name":"fizzyvape.eu","description":"Refreshing Vapes. Unforgettable Taste.","publisher":{"@id":"https:\/\/www.fizzyvape.eu\/fr\/#organization"},"potentialAction":[{"@type":"SearchAction","target":{"@type":"EntryPoint","urlTemplate":"https:\/\/www.fizzyvape.eu\/fr\/?s={search_term_string}"},"query-input":{"@type":"PropertyValueSpecification","valueRequired":true,"valueName":"search_term_string"}}],"inLanguage":"fr-FR"},{"@type":"Organization","@id":"https:\/\/www.fizzyvape.eu\/fr\/#organization","name":"fizzyvape.eu","url":"https:\/\/www.fizzyvape.eu\/fr\/","logo":{"@type":"ImageObject","inLanguage":"fr-FR","@id":"https:\/\/www.fizzyvape.eu\/fr\/#\/schema\/logo\/image\/","url":"https:\/\/fizzyvape.eu\/wp-content\/uploads\/2019\/06\/print-1.svg","contentUrl":"https:\/\/fizzyvape.eu\/wp-content\/uploads\/2019\/06\/print-1.svg","width":124,"height":37,"caption":"fizzyvape.eu"},"image":{"@id":"https:\/\/www.fizzyvape.eu\/fr\/#\/schema\/logo\/image\/"}}]},"og_availability":"out of stock","product_availability":"out of stock","product_condition":"new"},"tiered_pricing_type":"fixed","tiered_pricing_fixed_rules":[],"tiered_pricing_product_settings":{"layout":"default","base_unit_name":{"singular":null,"plural":null},"default_variation":null},"tiered_pricing_minimum_quantity":null,"tiered_pricing_roles_data":[],"tiered_pricing_percentage_rules":[],"tiered_pricing_maximum_quantity":null,"tiered_pricing_quantity_step":null,"_links":{"self":[{"href":"https:\/\/fizzyvape.eu\/fr\/wp-json\/wp\/v2\/product\/25343","targetHints":{"allow":["GET"]}}],"collection":[{"href":"https:\/\/fizzyvape.eu\/fr\/wp-json\/wp\/v2\/product"}],"about":[{"href":"https:\/\/fizzyvape.eu\/fr\/wp-json\/wp\/v2\/types\/product"}],"replies":[{"embeddable":true,"href":"https:\/\/fizzyvape.eu\/fr\/wp-json\/wp\/v2\/comments?post=25343"}],"version-history":[{"count":0,"href":"https:\/\/fizzyvape.eu\/fr\/wp-json\/wp\/v2\/product\/25343\/revisions"}],"wp:featuredmedia":[{"embeddable":true,"href":"https:\/\/fizzyvape.eu\/fr\/wp-json\/wp\/v2\/media\/29993"}],"wp:attachment":[{"href":"https:\/\/fizzyvape.eu\/fr\/wp-json\/wp\/v2\/media?parent=25343"}],"wp:term":[{"taxonomy":"product_brand","embeddable":true,"href":"https:\/\/fizzyvape.eu\/fr\/wp-json\/wp\/v2\/product_brand?post=25343"},{"taxonomy":"product_cat","embeddable":true,"href":"https:\/\/fizzyvape.eu\/fr\/wp-json\/wp\/v2\/product_cat?post=25343"},{"taxonomy":"product_tag","embeddable":true,"href":"https:\/\/fizzyvape.eu\/fr\/wp-json\/wp\/v2\/product_tag?post=25343"}],"curies":[{"name":"wp","href":"https:\/\/api.w.org\/{rel}","templated":true}]}}