{"id":25388,"date":"2025-03-31T00:37:10","date_gmt":"2025-03-30T16:37:10","guid":{"rendered":"https:\/\/fizzyvape.eu\/product\/fizzy-nova-plus-blue-razz-lemonade-40000-bouffees-10pcs\/"},"modified":"2025-12-31T14:05:32","modified_gmt":"2025-12-31T06:05:32","slug":"fizzy-nova-plus-blue-razz-lemonade-40000-bouffees-10pcs","status":"publish","type":"product","link":"https:\/\/fizzyvape.eu\/fr\/produit\/fizzy-nova-plus-blue-razz-lemonade-40000-bouffees-10pcs\/","title":{"rendered":"Fizzy Nova Plus Blue Razz Lemonade &#8211; 40000 bouff\u00e9es &#8211; 10pcs"},"content":{"rendered":"<div>\n<h1><strong>Fizzy Nova Plus Blue Razz Lemonade 40000 Puffs &#8211; Premium Berry Citrus Disposable Vape<\/strong><\/h1>\n<p>Faites l&#8217;exp\u00e9rience du rafra\u00eechissement estival ultime avec <strong>Fizzy Nova Plus Blue Razz Lemonade 40000 Puffs<\/strong>. Cette vape jetable d&#8217;avant-garde associe la framboise bleue sucr\u00e9e \u00e0 la limonade acidul\u00e9e pour une explosion de saveurs parfaitement \u00e9quilibr\u00e9e. Profitez de 40 000 bouff\u00e9es de cette fusion vibrante de baies et d&#8217;agrumes, offrant des nuages toujours satisfaisants et pleins de go\u00fbt rafra\u00eechissant.  <\/p>\n<h3>Caract\u00e9ristiques principales :<\/h3>\n<p>\ud83d\udd39 <strong>40 000 bouff\u00e9es<\/strong> &#8211; La plus grande capacit\u00e9 de l&#8217;industrie pour une satisfaction durable<br \/>\n\ud83d\udd39 <strong data-is-only-node=\"\">R\u00e9servoir pr\u00e9-rempli de 40 ml<\/strong> &#8211; Une r\u00e9serve g\u00e9n\u00e9reuse d&#8217;e-liquide pour des semaines d&#8217;utilisation ininterrompue.<br \/>\n\ud83d\udd39 <strong>Technologie Dual Mesh Coil<\/strong> &#8211; Profondeur d&#8217;ar\u00f4me am\u00e9lior\u00e9e et production de vapeur dense<br \/>\n\ud83d\udd39 <strong>Syst\u00e8me intelligent \u00e0 deux modes<\/strong> &#8211; Passez du <strong>mode Eco<\/strong> pour plus d&#8217;efficacit\u00e9 au <strong>mode Turbo<\/strong> pour des performances accrues.<br \/>\n\ud83d\udd39 <strong>Affichage LED de la puissance<\/strong> &#8211; Contr\u00f4le en temps r\u00e9el de la dur\u00e9e de vie de la batterie et des niveaux d&#8217;e-liquide<br \/>\n\ud83d\udd39 <strong>Chargement rapide Type-C<\/strong> &#8211; Batterie de 850mAh avec recharge rapide pour un temps d&#8217;arr\u00eat minimal <\/p>\n<h3><strong>Pourquoi choisir Fizzy Nova Plus ?<\/strong><\/h3>\n<p>\ud83d\udd25 <strong>Long\u00e9vit\u00e9 in\u00e9gal\u00e9e<\/strong> &#8211; Offre une <strong>dur\u00e9e de vie 3 fois sup\u00e9rieure \u00e0<\/strong> celle des vapes jetables standard.<br \/>\n\ud83d\udc8e <strong>Qualit\u00e9 de construction sup\u00e9rieure<\/strong> &#8211; Fabriqu\u00e9 \u00e0 partir d&#8217;un <strong>alliage m\u00e9tallique durable<\/strong> et d&#8217;un design \u00e9l\u00e9gant et ergonomique.<br \/>\n\ud83d\udc51 <strong>Ing\u00e9nierie des ar\u00f4mes sup\u00e9rieure<\/strong> &#8211; M\u00e9lang\u00e9s de mani\u00e8re experte par des <strong>mixologistes prim\u00e9s<\/strong> pour une saveur <strong>exceptionnelle<\/strong>.  <\/p>\n<\/div>\n<div>\n<h3><strong>Options de nicotine :<\/strong><\/h3>\n<p>&#8211; <strong>2% (20mg\/mL<\/strong> ) &#8211; Id\u00e9al pour une exp\u00e9rience de vapotage douce et savoureuse<br \/>\n&#8211; <strong>5% (50mg\/mL<\/strong> ) &#8211; Con\u00e7u pour un effet en gorge plus fort et plus satisfaisant <\/p>\n<h3>Sp\u00e9cifications<\/h3>\n<table style=\"height: 449px;\" width=\"1340\">\n<tbody>\n<tr>\n<td>Bouff\u00e9es<\/td>\n<td><strong>40000+ Puffs<\/strong><\/td>\n<\/tr>\n<tr>\n<td>Capacit\u00e9 en e-liquide<\/td>\n<td><strong>40ml<\/strong><\/td>\n<\/tr>\n<tr>\n<td>Capacit\u00e9 de la batterie<\/td>\n<td><strong>850mAh<\/strong><\/td>\n<\/tr>\n<tr>\n<td>Taille<\/td>\n<td><strong>52,5*24,5*104,3mm<\/strong><\/td>\n<\/tr>\n<tr>\n<td>Jetable ou non<\/td>\n<td><strong>Jetable<\/strong><\/td>\n<\/tr>\n<tr>\n<td>M\u00e9thode de chargement<\/td>\n<td><strong>C\u00e2ble<\/strong><\/td>\n<\/tr>\n<tr>\n<td>M\u00e9thode d&#8217;activation<\/td>\n<td><strong>Capteur<\/strong><\/td>\n<\/tr>\n<tr>\n<td>Mat\u00e9riel<\/td>\n<td><strong>PCTG<\/strong><\/td>\n<\/tr>\n<tr>\n<td>Taux de nicotine<\/td>\n<td><strong>2% (20mg\/mL) &amp; 5% (50mg\/mL)<\/strong><\/td>\n<\/tr>\n<tr>\n<td>Saveurs<\/td>\n<td><strong>12<\/strong><\/td>\n<\/tr>\n<tr>\n<td>Emballage<\/td>\n<td><strong>1 paquet<\/strong><\/td>\n<\/tr>\n<tr>\n<td>Temps de charge<\/td>\n<td><strong>2 heures<\/strong><\/td>\n<\/tr>\n<tr>\n<td>Stockage<\/td>\n<td><strong>\u00c9vitez les environnements \u00e0 haute temp\u00e9rature et conservez le produit dans un endroit frais et sec.<\/strong><\/td>\n<\/tr>\n<tr>\n<td>Personnes interdites d&#8217;utilisation<\/td>\n<td><strong>Les mineurs, les femmes enceintes et les personnes allergiques aux ingr\u00e9dients du produit.<\/strong><\/td>\n<\/tr>\n<tr>\n<td>Attention<\/td>\n<td><strong>N&#8217;avalez pas cette substance. En cas d&#8217;ingestion, rincez-vous imm\u00e9diatement et abondamment la bouche. Si vous vous sentez mal, consultez un m\u00e9decin.  <\/strong><\/td>\n<\/tr>\n<\/tbody>\n<\/table>\n<h3>Liste des ar\u00f4mes de <strong>Fizzy Nova Plus <\/strong>40000 Puffs :<\/h3>\n<ol>\n<li><a href=\"https:\/\/fizzyvape.eu\/fr\/produit\/fizzy-nova-plus-fraise-kiwi-40000-boules-10pcs\/\">Fraise Kiwi<\/a><\/li>\n<li><a href=\"https:\/\/fizzyvape.eu\/fr\/produit\/fizzy-nova-plus-blueberry-ice-40000-boules-10pcs\/\">Glace aux myrtilles<\/a><\/li>\n<li><a href=\"https:\/\/fizzyvape.eu\/fr\/produit\/fizzy-nova-plus-watermelon-ice-40000-boules-10pcs\/\">Glace \u00e0 la past\u00e8que<\/a><\/li>\n<li><a href=\"https:\/\/fizzyvape.eu\/fr\/produit\/fizzy-nova-plus-peche-mangue-pasteque-40000-bouffees-10pcs\/\">P\u00eache Mangue Past\u00e8que<\/a><\/li>\n<li><a href=\"https:\/\/fizzyvape.eu\/fr\/produit\/fizzy-nova-plus-kiwi-fruit-de-la-passion-goyave-40000-boules-10pcs\/\">Kiwi Fruit de la passion Goyave<\/a><\/li>\n<li><a href=\"https:\/\/fizzyvape.eu\/fr\/produit\/fizzy-nova-plus-framboise-citron-40000-bouffees-10pcs\/\">Framboise Citron<\/a><\/li>\n<li><a href=\"https:\/\/fizzyvape.eu\/fr\/produit\/fizzy-nova-plus-triple-berry-40000-bouffees-10pcs\/\">Triple baie<\/a><\/li>\n<li><a href=\"https:\/\/fizzyvape.eu\/fr\/produit\/fizzy-nova-plus-peach-ice-40000-bouffees-10pcs\/\">Glace \u00e0 la p\u00eache<\/a><\/li>\n<li><a href=\"https:\/\/fizzyvape.eu\/fr\/produit\/fizzy-nova-plus-raisin-citron-vert-40000-bouffees-10pcs\/\">Raisin Citron Vert<\/a><\/li>\n<li><a href=\"https:\/\/fizzyvape.eu\/fr\/produit\/fizzy-nova-plus-blue-razz-lemonade-40000-bouffees-10pcs\/\">Limonade Blue Razz<\/a><\/li>\n<li><a href=\"https:\/\/fizzyvape.eu\/fr\/produit\/fizzy-nova-plus-strawberry-ice-40000-boules-10pcs\/\">Glace \u00e0 la fraise<\/a><\/li>\n<li><a href=\"https:\/\/fizzyvape.eu\/fr\/produit\/fizzy-nova-plus-blueberry-coconut-40000-boules-10pcs\/\">Bleuet et noix de coco<\/a><\/li>\n<\/ol>\n<h3>FAQ \u00e0 propos de Fizzy Nova Plus Blue Razz Lemonade 40000 Puffs Vape<\/h3>\n<p><strong>1. Quelle est la dur\u00e9e de vie du Fizzy Nova Plus Blue Razz Lemonade ?<\/strong><br \/>\nAvec une dur\u00e9e de vie de <strong>40 000 bouff\u00e9es<\/strong>, cette vape jetable dure jusqu <strong>&#8216;\u00e0 3 fois plus longtemps<\/strong> que les vapeurs jetables standard. La dur\u00e9e r\u00e9elle d\u00e9pend de l&#8217;utilisation individuelle. <\/p>\n<p><strong>2. Quel est le go\u00fbt de l&#8217;ar\u00f4me Blue Razz Lemonade ?<\/strong><br \/>\nIl offre une <strong>fusion parfaitement \u00e9quilibr\u00e9e de framboise bleue sucr\u00e9e et de limonade acidul\u00e9e<\/strong>, cr\u00e9ant une exp\u00e9rience de vapotage rafra\u00eechissante et revigorante.<\/p>\n<p><strong>3. Qu&#8217;est-ce qui diff\u00e9rencie le Fizzy Nova Plus des autres produits jetables ?<\/strong><br \/>\nCet appareil est dot\u00e9 d&#8217;<strong>un r\u00e9servoir pr\u00e9-rempli de 40 ml, d&#8217;une technologie de bobine \u00e0 double maille pour un meilleur go\u00fbt, d&#8217;un syst\u00e8me intelligent \u00e0 double mode (Eco et Turbo) et d&#8217;un affichage de puissance par LED<\/strong>, garantissant une exp\u00e9rience de vapotage de premi\u00e8re qualit\u00e9.<\/p>\n<p><strong>4. Quels sont les taux de nicotine disponibles ?<\/strong><br \/>\nFizzy Nova Plus Blue Razz Lemonade est disponible en :<\/p>\n<ul>\n<li><strong>2% (20mg\/mL<\/strong> ) &#8211; Doux et savoureux pour une exp\u00e9rience plus douce<\/li>\n<li><strong>5% (50mg\/mL<\/strong> ) &#8211; Une dose de nicotine plus forte pour une satisfaction maximale<\/li>\n<\/ul>\n<\/div>\n","protected":false},"excerpt":{"rendered":"<p><strong>Fizzy Nova Plus Blue Razz Lemonade 40000 Puffs<\/strong> &#8211; D\u00e9couvrez le m\u00e9lange parfait de framboise bleue sucr\u00e9e et de limonade acidul\u00e9e dans cette vape jetable de premi\u00e8re qualit\u00e9.<\/p>\n","protected":false},"featured_media":29966,"comment_status":"open","ping_status":"closed","template":"","meta":{"iawp_total_views":0},"product_brand":[],"product_cat":[355],"product_tag":[343],"class_list":{"0":"post-25388","1":"product","2":"type-product","3":"status-publish","4":"has-post-thumbnail","6":"product_cat-nova-plus-vape-jetable-40000-bouffees-fr","7":"product_tag-40000-bouffees","9":"first","10":"outofstock","11":"sale","12":"shipping-taxable","13":"purchasable","14":"product-type-variable"},"yoast_head":"<!-- This site is optimized with the Yoast SEO Premium plugin v24.8 (Yoast SEO v27.4) - https:\/\/yoast.com\/product\/yoast-seo-premium-wordpress\/ -->\n<title>Fizzy Nova Plus Blue Razz Lemonade - 40000 bouff\u00e9es - 10pcs - fizzyvape.eu<\/title>\n<meta name=\"description\" content=\"Fizzy Nova Plus Blue Razz Lemonade 40K Puffs - saveur douce de framboise bleue et de limonade acidul\u00e9e. 40mL e-liquide, dual mesh coils. 10pcs bulk discount !\" \/>\n<meta name=\"robots\" content=\"index, follow, max-snippet:-1, max-image-preview:large, max-video-preview:-1\" \/>\n<link rel=\"canonical\" href=\"https:\/\/fizzyvape.eu\/fr\/produit\/fizzy-nova-plus-blue-razz-lemonade-40000-bouffees-10pcs\/\" \/>\n<meta property=\"og:locale\" content=\"fr_FR\" \/>\n<meta property=\"og:type\" content=\"article\" \/>\n<meta property=\"og:title\" content=\"Fizzy Nova Plus Blue Razz Lemonade - 40000 bouff\u00e9es - 10pcs\" \/>\n<meta property=\"og:description\" content=\"Fizzy Nova Plus Blue Razz Lemonade 40K Puffs - saveur douce de framboise bleue et de limonade acidul\u00e9e. 40mL e-liquide, dual mesh coils. 10pcs bulk discount !\" \/>\n<meta property=\"og:url\" content=\"https:\/\/fizzyvape.eu\/fr\/produit\/fizzy-nova-plus-blue-razz-lemonade-40000-bouffees-10pcs\/\" \/>\n<meta property=\"og:site_name\" content=\"fizzyvape.eu\" \/>\n<meta property=\"article:modified_time\" content=\"2025-12-31T06:05:32+00:00\" \/>\n<meta property=\"og:image\" content=\"https:\/\/www.fizzyvape.eu\/wp-content\/uploads\/2025\/04\/Fizzy-Nova-Plus-Blue-Razz-Lemonade-40000Puffs-1.webp\" \/>\n\t<meta property=\"og:image:width\" content=\"800\" \/>\n\t<meta property=\"og:image:height\" content=\"800\" \/>\n\t<meta property=\"og:image:type\" content=\"image\/webp\" \/>\n<meta name=\"twitter:card\" content=\"summary_large_image\" \/>\n<meta name=\"twitter:label1\" content=\"Disponibilit\u00e9\" \/>\n\t<meta name=\"twitter:data1\" content=\"Rupture de stock\" \/>\n<script type=\"application\/ld+json\" class=\"yoast-schema-graph\">{\"@context\":\"https:\\\/\\\/schema.org\",\"@graph\":[{\"@type\":\"WebPage\",\"@id\":\"https:\\\/\\\/fizzyvape.eu\\\/fr\\\/produit\\\/fizzy-nova-plus-blue-razz-lemonade-40000-bouffees-10pcs\\\/\",\"url\":\"https:\\\/\\\/fizzyvape.eu\\\/fr\\\/produit\\\/fizzy-nova-plus-blue-razz-lemonade-40000-bouffees-10pcs\\\/\",\"name\":\"Fizzy Nova Plus Blue Razz Lemonade - 40000 bouff\u00e9es - 10pcs - fizzyvape.eu\",\"isPartOf\":{\"@id\":\"https:\\\/\\\/www.fizzyvape.eu\\\/fr\\\/#website\"},\"primaryImageOfPage\":{\"@id\":\"https:\\\/\\\/fizzyvape.eu\\\/fr\\\/produit\\\/fizzy-nova-plus-blue-razz-lemonade-40000-bouffees-10pcs\\\/#primaryimage\"},\"image\":{\"@id\":\"https:\\\/\\\/fizzyvape.eu\\\/fr\\\/produit\\\/fizzy-nova-plus-blue-razz-lemonade-40000-bouffees-10pcs\\\/#primaryimage\"},\"thumbnailUrl\":\"https:\\\/\\\/fizzyvape.eu\\\/wp-content\\\/uploads\\\/2025\\\/03\\\/Fizzy-Nova-Plus-40000-Puffs-Blue-Razz-Lemonade-10pcs.webp\",\"datePublished\":\"2025-03-30T16:37:10+00:00\",\"dateModified\":\"2025-12-31T06:05:32+00:00\",\"description\":\"Fizzy Nova Plus Blue Razz Lemonade 40K Puffs - saveur douce de framboise bleue et de limonade acidul\u00e9e. 40mL e-liquide, dual mesh coils. 10pcs bulk discount !\",\"breadcrumb\":{\"@id\":\"https:\\\/\\\/fizzyvape.eu\\\/fr\\\/produit\\\/fizzy-nova-plus-blue-razz-lemonade-40000-bouffees-10pcs\\\/#breadcrumb\"},\"inLanguage\":\"fr-FR\",\"potentialAction\":[{\"@type\":\"ReadAction\",\"target\":[\"https:\\\/\\\/fizzyvape.eu\\\/fr\\\/produit\\\/fizzy-nova-plus-blue-razz-lemonade-40000-bouffees-10pcs\\\/\"]}]},{\"@type\":\"ImageObject\",\"inLanguage\":\"fr-FR\",\"@id\":\"https:\\\/\\\/fizzyvape.eu\\\/fr\\\/produit\\\/fizzy-nova-plus-blue-razz-lemonade-40000-bouffees-10pcs\\\/#primaryimage\",\"url\":\"https:\\\/\\\/fizzyvape.eu\\\/wp-content\\\/uploads\\\/2025\\\/03\\\/Fizzy-Nova-Plus-40000-Puffs-Blue-Razz-Lemonade-10pcs.webp\",\"contentUrl\":\"https:\\\/\\\/fizzyvape.eu\\\/wp-content\\\/uploads\\\/2025\\\/03\\\/Fizzy-Nova-Plus-40000-Puffs-Blue-Razz-Lemonade-10pcs.webp\",\"width\":800,\"height\":800},{\"@type\":\"BreadcrumbList\",\"@id\":\"https:\\\/\\\/fizzyvape.eu\\\/fr\\\/produit\\\/fizzy-nova-plus-blue-razz-lemonade-40000-bouffees-10pcs\\\/#breadcrumb\",\"itemListElement\":[{\"@type\":\"ListItem\",\"position\":1,\"name\":\"Home\",\"item\":\"https:\\\/\\\/fizzyvape.eu\\\/fr\\\/\"},{\"@type\":\"ListItem\",\"position\":2,\"name\":\"Boutique\",\"item\":\"https:\\\/\\\/www.fizzyvape.eu\\\/fr\\\/boutique\\\/\"},{\"@type\":\"ListItem\",\"position\":3,\"name\":\"Fizzy Nova Plus Blue Razz Lemonade &#8211; 40000 bouff\u00e9es &#8211; 10pcs\"}]},{\"@type\":\"WebSite\",\"@id\":\"https:\\\/\\\/www.fizzyvape.eu\\\/fr\\\/#website\",\"url\":\"https:\\\/\\\/www.fizzyvape.eu\\\/fr\\\/\",\"name\":\"fizzyvape.eu\",\"description\":\"Refreshing Vapes. Unforgettable Taste.\",\"publisher\":{\"@id\":\"https:\\\/\\\/www.fizzyvape.eu\\\/fr\\\/#organization\"},\"potentialAction\":[{\"@type\":\"SearchAction\",\"target\":{\"@type\":\"EntryPoint\",\"urlTemplate\":\"https:\\\/\\\/www.fizzyvape.eu\\\/fr\\\/?s={search_term_string}\"},\"query-input\":{\"@type\":\"PropertyValueSpecification\",\"valueRequired\":true,\"valueName\":\"search_term_string\"}}],\"inLanguage\":\"fr-FR\"},{\"@type\":\"Organization\",\"@id\":\"https:\\\/\\\/www.fizzyvape.eu\\\/fr\\\/#organization\",\"name\":\"fizzyvape.eu\",\"url\":\"https:\\\/\\\/www.fizzyvape.eu\\\/fr\\\/\",\"logo\":{\"@type\":\"ImageObject\",\"inLanguage\":\"fr-FR\",\"@id\":\"https:\\\/\\\/www.fizzyvape.eu\\\/fr\\\/#\\\/schema\\\/logo\\\/image\\\/\",\"url\":\"https:\\\/\\\/fizzyvape.eu\\\/wp-content\\\/uploads\\\/2019\\\/06\\\/print-1.svg\",\"contentUrl\":\"https:\\\/\\\/fizzyvape.eu\\\/wp-content\\\/uploads\\\/2019\\\/06\\\/print-1.svg\",\"width\":124,\"height\":37,\"caption\":\"fizzyvape.eu\"},\"image\":{\"@id\":\"https:\\\/\\\/www.fizzyvape.eu\\\/fr\\\/#\\\/schema\\\/logo\\\/image\\\/\"}}]}<\/script>\n<meta property=\"og:availability\" content=\"out of stock\" \/>\n<meta property=\"product:availability\" content=\"out of stock\" \/>\n<meta property=\"product:condition\" content=\"new\" \/>\n<!-- \/ Yoast SEO Premium plugin. -->","yoast_head_json":{"title":"Fizzy Nova Plus Blue Razz Lemonade - 40000 bouff\u00e9es - 10pcs - fizzyvape.eu","description":"Fizzy Nova Plus Blue Razz Lemonade 40K Puffs - saveur douce de framboise bleue et de limonade acidul\u00e9e. 40mL e-liquide, dual mesh coils. 10pcs bulk discount !","robots":{"index":"index","follow":"follow","max-snippet":"max-snippet:-1","max-image-preview":"max-image-preview:large","max-video-preview":"max-video-preview:-1"},"canonical":"https:\/\/fizzyvape.eu\/fr\/produit\/fizzy-nova-plus-blue-razz-lemonade-40000-bouffees-10pcs\/","og_locale":"fr_FR","og_type":"article","og_title":"Fizzy Nova Plus Blue Razz Lemonade - 40000 bouff\u00e9es - 10pcs","og_description":"Fizzy Nova Plus Blue Razz Lemonade 40K Puffs - saveur douce de framboise bleue et de limonade acidul\u00e9e. 40mL e-liquide, dual mesh coils. 10pcs bulk discount !","og_url":"https:\/\/fizzyvape.eu\/fr\/produit\/fizzy-nova-plus-blue-razz-lemonade-40000-bouffees-10pcs\/","og_site_name":"fizzyvape.eu","article_modified_time":"2025-12-31T06:05:32+00:00","og_image":[{"width":800,"height":800,"url":"https:\/\/www.fizzyvape.eu\/wp-content\/uploads\/2025\/04\/Fizzy-Nova-Plus-Blue-Razz-Lemonade-40000Puffs-1.webp","type":"image\/webp"}],"twitter_card":"summary_large_image","twitter_misc":{"Disponibilit\u00e9":"Rupture de stock"},"schema":{"@context":"https:\/\/schema.org","@graph":[{"@type":"WebPage","@id":"https:\/\/fizzyvape.eu\/fr\/produit\/fizzy-nova-plus-blue-razz-lemonade-40000-bouffees-10pcs\/","url":"https:\/\/fizzyvape.eu\/fr\/produit\/fizzy-nova-plus-blue-razz-lemonade-40000-bouffees-10pcs\/","name":"Fizzy Nova Plus Blue Razz Lemonade - 40000 bouff\u00e9es - 10pcs - fizzyvape.eu","isPartOf":{"@id":"https:\/\/www.fizzyvape.eu\/fr\/#website"},"primaryImageOfPage":{"@id":"https:\/\/fizzyvape.eu\/fr\/produit\/fizzy-nova-plus-blue-razz-lemonade-40000-bouffees-10pcs\/#primaryimage"},"image":{"@id":"https:\/\/fizzyvape.eu\/fr\/produit\/fizzy-nova-plus-blue-razz-lemonade-40000-bouffees-10pcs\/#primaryimage"},"thumbnailUrl":"https:\/\/fizzyvape.eu\/wp-content\/uploads\/2025\/03\/Fizzy-Nova-Plus-40000-Puffs-Blue-Razz-Lemonade-10pcs.webp","datePublished":"2025-03-30T16:37:10+00:00","dateModified":"2025-12-31T06:05:32+00:00","description":"Fizzy Nova Plus Blue Razz Lemonade 40K Puffs - saveur douce de framboise bleue et de limonade acidul\u00e9e. 40mL e-liquide, dual mesh coils. 10pcs bulk discount !","breadcrumb":{"@id":"https:\/\/fizzyvape.eu\/fr\/produit\/fizzy-nova-plus-blue-razz-lemonade-40000-bouffees-10pcs\/#breadcrumb"},"inLanguage":"fr-FR","potentialAction":[{"@type":"ReadAction","target":["https:\/\/fizzyvape.eu\/fr\/produit\/fizzy-nova-plus-blue-razz-lemonade-40000-bouffees-10pcs\/"]}]},{"@type":"ImageObject","inLanguage":"fr-FR","@id":"https:\/\/fizzyvape.eu\/fr\/produit\/fizzy-nova-plus-blue-razz-lemonade-40000-bouffees-10pcs\/#primaryimage","url":"https:\/\/fizzyvape.eu\/wp-content\/uploads\/2025\/03\/Fizzy-Nova-Plus-40000-Puffs-Blue-Razz-Lemonade-10pcs.webp","contentUrl":"https:\/\/fizzyvape.eu\/wp-content\/uploads\/2025\/03\/Fizzy-Nova-Plus-40000-Puffs-Blue-Razz-Lemonade-10pcs.webp","width":800,"height":800},{"@type":"BreadcrumbList","@id":"https:\/\/fizzyvape.eu\/fr\/produit\/fizzy-nova-plus-blue-razz-lemonade-40000-bouffees-10pcs\/#breadcrumb","itemListElement":[{"@type":"ListItem","position":1,"name":"Home","item":"https:\/\/fizzyvape.eu\/fr\/"},{"@type":"ListItem","position":2,"name":"Boutique","item":"https:\/\/www.fizzyvape.eu\/fr\/boutique\/"},{"@type":"ListItem","position":3,"name":"Fizzy Nova Plus Blue Razz Lemonade &#8211; 40000 bouff\u00e9es &#8211; 10pcs"}]},{"@type":"WebSite","@id":"https:\/\/www.fizzyvape.eu\/fr\/#website","url":"https:\/\/www.fizzyvape.eu\/fr\/","name":"fizzyvape.eu","description":"Refreshing Vapes. Unforgettable Taste.","publisher":{"@id":"https:\/\/www.fizzyvape.eu\/fr\/#organization"},"potentialAction":[{"@type":"SearchAction","target":{"@type":"EntryPoint","urlTemplate":"https:\/\/www.fizzyvape.eu\/fr\/?s={search_term_string}"},"query-input":{"@type":"PropertyValueSpecification","valueRequired":true,"valueName":"search_term_string"}}],"inLanguage":"fr-FR"},{"@type":"Organization","@id":"https:\/\/www.fizzyvape.eu\/fr\/#organization","name":"fizzyvape.eu","url":"https:\/\/www.fizzyvape.eu\/fr\/","logo":{"@type":"ImageObject","inLanguage":"fr-FR","@id":"https:\/\/www.fizzyvape.eu\/fr\/#\/schema\/logo\/image\/","url":"https:\/\/fizzyvape.eu\/wp-content\/uploads\/2019\/06\/print-1.svg","contentUrl":"https:\/\/fizzyvape.eu\/wp-content\/uploads\/2019\/06\/print-1.svg","width":124,"height":37,"caption":"fizzyvape.eu"},"image":{"@id":"https:\/\/www.fizzyvape.eu\/fr\/#\/schema\/logo\/image\/"}}]},"og_availability":"out of stock","product_availability":"out of stock","product_condition":"new"},"tiered_pricing_type":"fixed","tiered_pricing_fixed_rules":[],"tiered_pricing_product_settings":{"layout":"default","base_unit_name":{"singular":null,"plural":null},"default_variation":null},"tiered_pricing_minimum_quantity":null,"tiered_pricing_roles_data":[],"tiered_pricing_percentage_rules":[],"tiered_pricing_maximum_quantity":null,"tiered_pricing_quantity_step":null,"_links":{"self":[{"href":"https:\/\/fizzyvape.eu\/fr\/wp-json\/wp\/v2\/product\/25388","targetHints":{"allow":["GET"]}}],"collection":[{"href":"https:\/\/fizzyvape.eu\/fr\/wp-json\/wp\/v2\/product"}],"about":[{"href":"https:\/\/fizzyvape.eu\/fr\/wp-json\/wp\/v2\/types\/product"}],"replies":[{"embeddable":true,"href":"https:\/\/fizzyvape.eu\/fr\/wp-json\/wp\/v2\/comments?post=25388"}],"version-history":[{"count":0,"href":"https:\/\/fizzyvape.eu\/fr\/wp-json\/wp\/v2\/product\/25388\/revisions"}],"wp:featuredmedia":[{"embeddable":true,"href":"https:\/\/fizzyvape.eu\/fr\/wp-json\/wp\/v2\/media\/29966"}],"wp:attachment":[{"href":"https:\/\/fizzyvape.eu\/fr\/wp-json\/wp\/v2\/media?parent=25388"}],"wp:term":[{"taxonomy":"product_brand","embeddable":true,"href":"https:\/\/fizzyvape.eu\/fr\/wp-json\/wp\/v2\/product_brand?post=25388"},{"taxonomy":"product_cat","embeddable":true,"href":"https:\/\/fizzyvape.eu\/fr\/wp-json\/wp\/v2\/product_cat?post=25388"},{"taxonomy":"product_tag","embeddable":true,"href":"https:\/\/fizzyvape.eu\/fr\/wp-json\/wp\/v2\/product_tag?post=25388"}],"curies":[{"name":"wp","href":"https:\/\/api.w.org\/{rel}","templated":true}]}}