{"id":25464,"date":"2025-03-28T18:28:31","date_gmt":"2025-03-28T10:28:31","guid":{"rendered":"https:\/\/fizzyvape.eu\/product\/fizzy-luxury-pink-lemonade-15000-bouffees\/"},"modified":"2025-03-28T18:28:31","modified_gmt":"2025-03-28T10:28:31","slug":"fizzy-luxury-pink-lemonade-15000-bouffees","status":"publish","type":"product","link":"https:\/\/fizzyvape.eu\/fr\/produit\/fizzy-luxury-pink-lemonade-15000-bouffees\/","title":{"rendered":"Fizzy Luxury Pink Lemonade &#8211; 15000 bouff\u00e9es"},"content":{"rendered":"<div>\n<h2 data-start=\"0\" data-end=\"82\"><strong>Fizzy Luxury Pink Lemonade 15000 Puffs &#8211; Rafra\u00eechissement estival de premi\u00e8re qualit\u00e9 Vape jetable<\/strong><\/h2>\n<p>Offrez-vous l&#8217;exp\u00e9rience ultime de la limonade rose avec <strong>Fizzy Luxury Pink Lemonade 15000 Puffs<\/strong> &#8211; o\u00f9 le zeste de citron acidul\u00e9 (6\/10) rencontre les nuances de baies sucr\u00e9es (4\/10), le tout encastr\u00e9 dans notre corps en m\u00e9tal or rose avec un contr\u00f4le pr\u00e9cis de l&#8217;\u00e9coulement de l&#8217;air. Ce produit jetable haut de gamme d\u00e9livre <strong>15 000 bouff\u00e9es ultra douces<\/strong> de saveur rafra\u00eechissante, avec notre <strong>syst\u00e8me<\/strong> r\u00e9volutionnaire <strong>de bobine \u00e0 quartz Dual-Mesh<\/strong> pour un go\u00fbt cristallin et une vapeur velout\u00e9e. <\/p>\n<h3><strong>Pourquoi choisir Fizzy Luxury Pink Lemonade 15000 Puffs Vape ?<\/strong><\/h3>\n<p>\ud83c\udf4b <strong>\u00c9quilibre parfait entre le sucr\u00e9 et l&#8217;acidul\u00e9<\/strong> &#8211; 60 % de l&#8217;\u00e9clat du citron zest\u00e9 est \u00e9quilibr\u00e9 par 40 % de l&#8217;onctuosit\u00e9 des baies sucr\u00e9es.<br \/>\n\ud83c\udf9b\ufe0f <strong>Smart Airflow Control<\/strong> &#8211; Cadran r\u00e9glable sur 5 niveaux, de MTL serr\u00e9 \u00e0 RDL fluide<br \/>\n\ud83c\udf39 <strong>Finition or rose de luxe<\/strong> &#8211; Aluminium a\u00e9rospatial usin\u00e9 CNC avec une texture de premi\u00e8re qualit\u00e9<br \/>\n\u26a1 <strong>15 000 bouff\u00e9es prolong\u00e9es<\/strong> &#8211; La capacit\u00e9 de 22 ml d&#8217;e-liquide dure 25 % plus longtemps que celle des concurrents.<br \/>\n\ud83e\uddca <strong>Technologie SilkFlow<\/strong> &#8211; Les bobines en quartz offrent une vapeur 50 % plus douce que les bobines standard. <\/p>\n<h3><strong>Options de nicotine :<\/strong><\/h3>\n<p>&#8211; <strong data-start=\"1200\" data-end=\"1216\">2% (20mg\/mL<\/strong> ) &#8211; Id\u00e9al pour une exp\u00e9rience de vapotage douce et savoureuse <br data-start=\"1269\" data-end=\"1272\">&#8211; <strong data-start=\"1274\" data-end=\"1290\">5% (50mg\/mL<\/strong> ) &#8211; Con\u00e7u pour un effet en gorge plus fort et plus satisfaisant <\/p>\n<\/div>\n<div>\n<h3>Sp\u00e9cifications<\/h3>\n<table style=\"height: 449px;\" width=\"1340\">\n<tbody>\n<tr>\n<td>Bouff\u00e9es<\/td>\n<td><strong>15000+ Puffs<\/strong><\/td>\n<\/tr>\n<tr>\n<td>Capacit\u00e9 en e-liquide<\/td>\n<td><strong>22ml<\/strong><\/td>\n<\/tr>\n<tr>\n<td>Capacit\u00e9 de la batterie<\/td>\n<td><strong>650mAh<\/strong><\/td>\n<\/tr>\n<tr>\n<td>Bobine en maille<\/td>\n<td><strong>1.4\u03a9<\/strong><\/td>\n<\/tr>\n<tr>\n<td>Taille<\/td>\n<td><strong>53*30*85.3mm<\/strong><\/td>\n<\/tr>\n<tr>\n<td>Jetable ou non<\/td>\n<td><strong>Jetable<\/strong><\/td>\n<\/tr>\n<tr>\n<td>M\u00e9thode de chargement<\/td>\n<td><strong>C\u00e2ble<\/strong><\/td>\n<\/tr>\n<tr>\n<td>M\u00e9thode d&#8217;activation<\/td>\n<td><strong>Capteur<\/strong><\/td>\n<\/tr>\n<tr>\n<td>Mat\u00e9riau<\/td>\n<td><strong>M\u00e9tal<\/strong><\/td>\n<\/tr>\n<tr>\n<td>Taux de nicotine<\/td>\n<td><strong>2% (20mg\/mL) &amp; 5% (50mg\/mL)<\/strong><\/td>\n<\/tr>\n<tr>\n<td>Saveurs<\/td>\n<td><strong>15<\/strong><\/td>\n<\/tr>\n<tr>\n<td>Emballage<\/td>\n<td><strong>1 paquet<\/strong><\/td>\n<\/tr>\n<tr>\n<td>Temps de charge<\/td>\n<td><strong>2 heures<\/strong><\/td>\n<\/tr>\n<tr>\n<td>Stockage<\/td>\n<td><strong>\u00c9vitez les environnements \u00e0 haute temp\u00e9rature et conservez le produit dans un endroit frais et sec.<\/strong><\/td>\n<\/tr>\n<tr>\n<td>Personnes interdites d&#8217;utilisation<\/td>\n<td><strong>Les mineurs, les femmes enceintes et les personnes allergiques aux ingr\u00e9dients du produit.<\/strong><\/td>\n<\/tr>\n<tr>\n<td>Attention<\/td>\n<td><strong>N&#8217;avalez pas cette substance. En cas d&#8217;ingestion, rincez-vous imm\u00e9diatement et abondamment la bouche. Si vous vous sentez mal, consultez un m\u00e9decin.  <\/strong><\/td>\n<\/tr>\n<\/tbody>\n<\/table>\n<h3><strong>Fizzy Luxury <\/strong>15000 Puffs Liste des ar\u00f4mes :<\/h3>\n<ol>\n<li><a href=\"https:\/\/fizzyvape.eu\/product\/fizzy-luxury-blueberry-raspberry-15000-puffs\/\">Myrtille Framboise<\/a><\/li>\n<li><a href=\"https:\/\/fizzyvape.eu\/product\/fizzy-luxury-peach-15000-puffs\/\">P\u00eache<\/a><\/li>\n<li><a href=\"https:\/\/fizzyvape.eu\/product\/fizzy-luxury-grape-15000-puffs\/\">Raisin<\/a><\/li>\n<li><a href=\"https:\/\/fizzyvape.eu\/product\/fizzy-luxury-blueberry-15000-puffs\/\">Myrtille<\/a><\/li>\n<li><a href=\"https:\/\/fizzyvape.eu\/product\/fizzy-luxury-strawberry-15000-puffs\/\">Fraise<\/a><\/li>\n<li><a href=\"https:\/\/fizzyvape.eu\/product\/fizzy-luxury-fizzy-cherry-15000-puffs\/\">Cerise p\u00e9tillante<\/a><\/li>\n<li><a href=\"https:\/\/fizzyvape.eu\/product\/fizzy-luxury-raspberry-lemonade-15000-puffs\/\">Limonade \u00e0 la framboise<\/a><\/li>\n<li><a href=\"https:\/\/fizzyvape.eu\/product\/fizzy-luxury-sour-apple-15000-puffs\/\">Pomme acide<\/a><\/li>\n<li><a href=\"https:\/\/fizzyvape.eu\/product\/fizzy-luxury-strawberry-kiwi-pomegranate-15000-puffs\/\">Fraise Kiwi Grenade<\/a><\/li>\n<li><a href=\"https:\/\/fizzyvape.eu\/product\/fizzy-luxury-lemon-lime-15000-puffs\/\">Citron vert<\/a><\/li>\n<li><a href=\"https:\/\/fizzyvape.eu\/product\/fizzy-luxury-strawberry-banana-15000-puffs\/\">Fraise et banane<\/a><\/li>\n<li><a href=\"https:\/\/fizzyvape.eu\/product\/fizzy-luxury-orange-mango-watermelon-15000-puffs\/\">Orange Mangue Past\u00e8que<\/a><\/li>\n<li><a href=\"https:\/\/fizzyvape.eu\/fr\/produit\/red-bull-de-luxe-petillant-15000-bouffees\/\">Red Bull<\/a><\/li>\n<li><a href=\"https:\/\/fizzyvape.eu\/fr\/produit\/fizzy-luxury-pink-lemonade-15000-bouffees\/\">Limonade rose<\/a><\/li>\n<li><a href=\"https:\/\/fizzyvape.eu\/product\/fizzy-luxury-kiwi-passion-fruit-guava-15000-puffs\/\">Kiwi Fruit de la passion Goyave<\/a><\/li>\n<\/ol>\n<h3>FAQ \u00e0 propos de Fizzy Luxury Pink Lemonade 15000 Puffs Vape<\/h3>\n<h3 class=\"\" data-start=\"76\" data-end=\"158\">1. <strong data-start=\"83\" data-end=\"158\">Quel est le go\u00fbt de la vape Fizzy Luxury Pink Lemonade 15000 Puffs ?<\/strong><\/h3>\n<p class=\"\" data-start=\"162\" data-end=\"340\">Le Fizzy Luxury Pink Lemonade 15000 Puffs offre un \u00e9quilibre parfait entre le zeste de citron acidul\u00e9 et les notes sucr\u00e9es de baies, offrant une exp\u00e9rience rafra\u00eechissante et douce de la limonade rose.<\/p>\n<h3 class=\"\" data-start=\"342\" data-end=\"415\">2. <strong data-start=\"349\" data-end=\"415\">Quelle est la dur\u00e9e de vie de Fizzy Luxury Pink Lemonade 15000 Puffs ?<\/strong><\/h3>\n<p class=\"\" data-start=\"419\" data-end=\"596\">Avec sa capacit\u00e9 de 22mL d&#8217;e-liquide, cette vape offre plus de 15 000 bouff\u00e9es, ce qui lui permet de durer environ 4 \u00e0 5 semaines, selon l&#8217;utilisation, pour une exp\u00e9rience de vapotage durable et rafra\u00eechissante.<\/p>\n<h3 class=\"\" data-start=\"598\" data-end=\"699\">3. <strong data-start=\"605\" data-end=\"699\">Quel est le taux de nicotine qui me convient ?<\/strong><\/h3>\n<p class=\"\" data-start=\"703\" data-end=\"771\">&#8211; <strong>2% (20mg\/mL) :<\/strong> Id\u00e9al pour le vapotage tout au long de la journ\u00e9e et les connaisseurs de saveurs<br \/>\n&#8211; <strong>5% (50mg\/mL) :<\/strong> Parfait pour les anciens fumeurs qui ont besoin d&#8217;une satisfaction plus forte.<\/p>\n<\/div>\n","protected":false},"excerpt":{"rendered":"<p>Savourez l&#8217;exp\u00e9rience ultime de la <strong data-start=\"52\" data-end=\"69\" data-is-only-node=\"\">limonade rose<\/strong> avec <strong data-start=\"86\" data-end=\"128\">Fizzy Luxury Pink Lemonade 15000 Puffs<\/strong>. Un m\u00e9lange parfait de <strong data-start=\"149\" data-end=\"164\">citron piquant<\/strong> et de <strong data-start=\"169\" data-end=\"184\">baies sucr\u00e9es<\/strong>, log\u00e9 dans un <strong data-start=\"198\" data-end=\"223\">corps luxueux en or rose<\/strong>, pour <strong data-start=\"228\" data-end=\"257\">15 000 bouff\u00e9es ultra douces<\/strong> d&#8217;une saveur croustillante et rafra\u00eechissante, aliment\u00e9es par la <strong data-start=\"298\" data-end=\"334\">technologie Dual-Mesh Quartz Coil.<\/strong> <\/p>\n","protected":false},"featured_media":21275,"comment_status":"open","ping_status":"closed","template":"","meta":{"iawp_total_views":0},"product_brand":[],"product_cat":[332],"product_tag":[333],"class_list":{"0":"post-25464","1":"product","2":"type-product","3":"status-publish","4":"has-post-thumbnail","6":"product_cat-luxury-fr","7":"product_tag-15000-bouffees","9":"first","10":"outofstock","11":"shipping-taxable","12":"purchasable","13":"product-type-variable"},"yoast_head":"<!-- This site is optimized with the Yoast SEO Premium plugin v24.8 (Yoast SEO v24.8) - https:\/\/yoast.com\/wordpress\/plugins\/seo\/ -->\n<title>Fizzy Luxury Pink Lemonade - 15000 bouff\u00e9es - fizzyvape.eu<\/title>\n<meta name=\"robots\" content=\"index, follow, max-snippet:-1, max-image-preview:large, max-video-preview:-1\" \/>\n<link rel=\"canonical\" href=\"https:\/\/fizzyvape.eu\/fr\/produit\/fizzy-luxury-pink-lemonade-15000-bouffees\/\" \/>\n<meta property=\"og:locale\" content=\"fr_FR\" \/>\n<meta property=\"og:type\" content=\"article\" \/>\n<meta property=\"og:title\" content=\"Fizzy Luxury Pink Lemonade - 15000 bouff\u00e9es\" \/>\n<meta property=\"og:description\" content=\"Savourez l&#039;exp\u00e9rience ultime de la limonade rose avec Fizzy Luxury Pink Lemonade 15000 Puffs. Un m\u00e9lange parfait de citron piquant et de baies sucr\u00e9es, log\u00e9 dans un corps luxueux en or rose, pour 15 000 bouff\u00e9es ultra douces d&#039;une saveur croustillante et rafra\u00eechissante, aliment\u00e9es par la technologie Dual-Mesh Quartz Coil.\" \/>\n<meta property=\"og:url\" content=\"https:\/\/fizzyvape.eu\/fr\/produit\/fizzy-luxury-pink-lemonade-15000-bouffees\/\" \/>\n<meta property=\"og:site_name\" content=\"fizzyvape.eu\" \/>\n<meta property=\"og:image\" content=\"https:\/\/www.fizzyvape.eu\/wp-content\/uploads\/2025\/03\/Fizzy-Luxury-Pink-Lemonade-15000puff.jpg\" \/>\n\t<meta property=\"og:image:width\" content=\"1500\" \/>\n\t<meta property=\"og:image:height\" content=\"1500\" \/>\n\t<meta property=\"og:image:type\" content=\"image\/jpeg\" \/>\n<meta name=\"twitter:card\" content=\"summary_large_image\" \/>\n<meta name=\"twitter:label1\" content=\"Disponibilit\u00e9\" \/>\n\t<meta name=\"twitter:data1\" content=\"Rupture de stock\" \/>\n<script type=\"application\/ld+json\" class=\"yoast-schema-graph\">{\"@context\":\"https:\/\/schema.org\",\"@graph\":[{\"@type\":\"WebPage\",\"@id\":\"https:\/\/fizzyvape.eu\/fr\/produit\/fizzy-luxury-pink-lemonade-15000-bouffees\/\",\"url\":\"https:\/\/fizzyvape.eu\/fr\/produit\/fizzy-luxury-pink-lemonade-15000-bouffees\/\",\"name\":\"Fizzy Luxury Pink Lemonade - 15000 bouff\u00e9es - fizzyvape.eu\",\"isPartOf\":{\"@id\":\"https:\/\/www.fizzyvape.eu\/fr\/#website\"},\"primaryImageOfPage\":{\"@id\":\"https:\/\/fizzyvape.eu\/fr\/produit\/fizzy-luxury-pink-lemonade-15000-bouffees\/#primaryimage\"},\"image\":{\"@id\":\"https:\/\/fizzyvape.eu\/fr\/produit\/fizzy-luxury-pink-lemonade-15000-bouffees\/#primaryimage\"},\"thumbnailUrl\":\"https:\/\/fizzyvape.eu\/wp-content\/uploads\/2025\/03\/Fizzy-Luxury-Pink-Lemonade-15000puff.jpg\",\"datePublished\":\"2025-03-28T10:28:31+00:00\",\"breadcrumb\":{\"@id\":\"https:\/\/fizzyvape.eu\/fr\/produit\/fizzy-luxury-pink-lemonade-15000-bouffees\/#breadcrumb\"},\"inLanguage\":\"fr-FR\",\"potentialAction\":[{\"@type\":\"ReadAction\",\"target\":[\"https:\/\/fizzyvape.eu\/fr\/produit\/fizzy-luxury-pink-lemonade-15000-bouffees\/\"]}]},{\"@type\":\"ImageObject\",\"inLanguage\":\"fr-FR\",\"@id\":\"https:\/\/fizzyvape.eu\/fr\/produit\/fizzy-luxury-pink-lemonade-15000-bouffees\/#primaryimage\",\"url\":\"https:\/\/fizzyvape.eu\/wp-content\/uploads\/2025\/03\/Fizzy-Luxury-Pink-Lemonade-15000puff.jpg\",\"contentUrl\":\"https:\/\/fizzyvape.eu\/wp-content\/uploads\/2025\/03\/Fizzy-Luxury-Pink-Lemonade-15000puff.jpg\",\"width\":1500,\"height\":1500,\"caption\":\"Fizzy-Luxury-Pink-Lemonade-15000puff\"},{\"@type\":\"BreadcrumbList\",\"@id\":\"https:\/\/fizzyvape.eu\/fr\/produit\/fizzy-luxury-pink-lemonade-15000-bouffees\/#breadcrumb\",\"itemListElement\":[{\"@type\":\"ListItem\",\"position\":1,\"name\":\"Home\",\"item\":\"https:\/\/fizzyvape.eu\/fr\/\"},{\"@type\":\"ListItem\",\"position\":2,\"name\":\"Boutique\",\"item\":\"https:\/\/www.fizzyvape.eu\/fr\/boutique\/\"},{\"@type\":\"ListItem\",\"position\":3,\"name\":\"Fizzy Luxury Pink Lemonade &#8211; 15000 bouff\u00e9es\"}]},{\"@type\":\"WebSite\",\"@id\":\"https:\/\/www.fizzyvape.eu\/fr\/#website\",\"url\":\"https:\/\/www.fizzyvape.eu\/fr\/\",\"name\":\"fizzyvape.eu\",\"description\":\"Refreshing Vapes. Unforgettable Taste.\",\"publisher\":{\"@id\":\"https:\/\/www.fizzyvape.eu\/fr\/#organization\"},\"potentialAction\":[{\"@type\":\"SearchAction\",\"target\":{\"@type\":\"EntryPoint\",\"urlTemplate\":\"https:\/\/www.fizzyvape.eu\/fr\/?s={search_term_string}\"},\"query-input\":{\"@type\":\"PropertyValueSpecification\",\"valueRequired\":true,\"valueName\":\"search_term_string\"}}],\"inLanguage\":\"fr-FR\"},{\"@type\":\"Organization\",\"@id\":\"https:\/\/www.fizzyvape.eu\/fr\/#organization\",\"name\":\"fizzyvape.eu\",\"url\":\"https:\/\/www.fizzyvape.eu\/fr\/\",\"logo\":{\"@type\":\"ImageObject\",\"inLanguage\":\"fr-FR\",\"@id\":\"https:\/\/www.fizzyvape.eu\/fr\/#\/schema\/logo\/image\/\",\"url\":\"https:\/\/fizzyvape.eu\/wp-content\/uploads\/2019\/06\/print-1.svg\",\"contentUrl\":\"https:\/\/fizzyvape.eu\/wp-content\/uploads\/2019\/06\/print-1.svg\",\"width\":124,\"height\":37,\"caption\":\"fizzyvape.eu\"},\"image\":{\"@id\":\"https:\/\/www.fizzyvape.eu\/fr\/#\/schema\/logo\/image\/\"}}]}<\/script>\n<meta property=\"og:availability\" content=\"out of stock\" \/>\n<meta property=\"product:availability\" content=\"out of stock\" \/>\n<meta property=\"product:condition\" content=\"new\" \/>\n<!-- \/ Yoast SEO Premium plugin. -->","yoast_head_json":{"title":"Fizzy Luxury Pink Lemonade - 15000 bouff\u00e9es - fizzyvape.eu","robots":{"index":"index","follow":"follow","max-snippet":"max-snippet:-1","max-image-preview":"max-image-preview:large","max-video-preview":"max-video-preview:-1"},"canonical":"https:\/\/fizzyvape.eu\/fr\/produit\/fizzy-luxury-pink-lemonade-15000-bouffees\/","og_locale":"fr_FR","og_type":"article","og_title":"Fizzy Luxury Pink Lemonade - 15000 bouff\u00e9es","og_description":"Savourez l'exp\u00e9rience ultime de la limonade rose avec Fizzy Luxury Pink Lemonade 15000 Puffs. Un m\u00e9lange parfait de citron piquant et de baies sucr\u00e9es, log\u00e9 dans un corps luxueux en or rose, pour 15 000 bouff\u00e9es ultra douces d'une saveur croustillante et rafra\u00eechissante, aliment\u00e9es par la technologie Dual-Mesh Quartz Coil.","og_url":"https:\/\/fizzyvape.eu\/fr\/produit\/fizzy-luxury-pink-lemonade-15000-bouffees\/","og_site_name":"fizzyvape.eu","og_image":[{"width":1500,"height":1500,"url":"https:\/\/www.fizzyvape.eu\/wp-content\/uploads\/2025\/03\/Fizzy-Luxury-Pink-Lemonade-15000puff.jpg","type":"image\/jpeg"}],"twitter_card":"summary_large_image","twitter_misc":{"Disponibilit\u00e9":"Rupture de stock"},"schema":{"@context":"https:\/\/schema.org","@graph":[{"@type":"WebPage","@id":"https:\/\/fizzyvape.eu\/fr\/produit\/fizzy-luxury-pink-lemonade-15000-bouffees\/","url":"https:\/\/fizzyvape.eu\/fr\/produit\/fizzy-luxury-pink-lemonade-15000-bouffees\/","name":"Fizzy Luxury Pink Lemonade - 15000 bouff\u00e9es - fizzyvape.eu","isPartOf":{"@id":"https:\/\/www.fizzyvape.eu\/fr\/#website"},"primaryImageOfPage":{"@id":"https:\/\/fizzyvape.eu\/fr\/produit\/fizzy-luxury-pink-lemonade-15000-bouffees\/#primaryimage"},"image":{"@id":"https:\/\/fizzyvape.eu\/fr\/produit\/fizzy-luxury-pink-lemonade-15000-bouffees\/#primaryimage"},"thumbnailUrl":"https:\/\/fizzyvape.eu\/wp-content\/uploads\/2025\/03\/Fizzy-Luxury-Pink-Lemonade-15000puff.jpg","datePublished":"2025-03-28T10:28:31+00:00","breadcrumb":{"@id":"https:\/\/fizzyvape.eu\/fr\/produit\/fizzy-luxury-pink-lemonade-15000-bouffees\/#breadcrumb"},"inLanguage":"fr-FR","potentialAction":[{"@type":"ReadAction","target":["https:\/\/fizzyvape.eu\/fr\/produit\/fizzy-luxury-pink-lemonade-15000-bouffees\/"]}]},{"@type":"ImageObject","inLanguage":"fr-FR","@id":"https:\/\/fizzyvape.eu\/fr\/produit\/fizzy-luxury-pink-lemonade-15000-bouffees\/#primaryimage","url":"https:\/\/fizzyvape.eu\/wp-content\/uploads\/2025\/03\/Fizzy-Luxury-Pink-Lemonade-15000puff.jpg","contentUrl":"https:\/\/fizzyvape.eu\/wp-content\/uploads\/2025\/03\/Fizzy-Luxury-Pink-Lemonade-15000puff.jpg","width":1500,"height":1500,"caption":"Fizzy-Luxury-Pink-Lemonade-15000puff"},{"@type":"BreadcrumbList","@id":"https:\/\/fizzyvape.eu\/fr\/produit\/fizzy-luxury-pink-lemonade-15000-bouffees\/#breadcrumb","itemListElement":[{"@type":"ListItem","position":1,"name":"Home","item":"https:\/\/fizzyvape.eu\/fr\/"},{"@type":"ListItem","position":2,"name":"Boutique","item":"https:\/\/www.fizzyvape.eu\/fr\/boutique\/"},{"@type":"ListItem","position":3,"name":"Fizzy Luxury Pink Lemonade &#8211; 15000 bouff\u00e9es"}]},{"@type":"WebSite","@id":"https:\/\/www.fizzyvape.eu\/fr\/#website","url":"https:\/\/www.fizzyvape.eu\/fr\/","name":"fizzyvape.eu","description":"Refreshing Vapes. Unforgettable Taste.","publisher":{"@id":"https:\/\/www.fizzyvape.eu\/fr\/#organization"},"potentialAction":[{"@type":"SearchAction","target":{"@type":"EntryPoint","urlTemplate":"https:\/\/www.fizzyvape.eu\/fr\/?s={search_term_string}"},"query-input":{"@type":"PropertyValueSpecification","valueRequired":true,"valueName":"search_term_string"}}],"inLanguage":"fr-FR"},{"@type":"Organization","@id":"https:\/\/www.fizzyvape.eu\/fr\/#organization","name":"fizzyvape.eu","url":"https:\/\/www.fizzyvape.eu\/fr\/","logo":{"@type":"ImageObject","inLanguage":"fr-FR","@id":"https:\/\/www.fizzyvape.eu\/fr\/#\/schema\/logo\/image\/","url":"https:\/\/fizzyvape.eu\/wp-content\/uploads\/2019\/06\/print-1.svg","contentUrl":"https:\/\/fizzyvape.eu\/wp-content\/uploads\/2019\/06\/print-1.svg","width":124,"height":37,"caption":"fizzyvape.eu"},"image":{"@id":"https:\/\/www.fizzyvape.eu\/fr\/#\/schema\/logo\/image\/"}}]},"og_availability":"out of stock","product_availability":"out of stock","product_condition":"new"},"tiered_pricing_type":"fixed","tiered_pricing_fixed_rules":[],"tiered_pricing_product_settings":{"layout":"default","base_unit_name":{"singular":null,"plural":null},"default_variation":null},"tiered_pricing_minimum_quantity":null,"tiered_pricing_roles_data":[],"tiered_pricing_percentage_rules":[],"tiered_pricing_maximum_quantity":null,"tiered_pricing_quantity_step":null,"_links":{"self":[{"href":"https:\/\/fizzyvape.eu\/fr\/wp-json\/wp\/v2\/product\/25464","targetHints":{"allow":["GET"]}}],"collection":[{"href":"https:\/\/fizzyvape.eu\/fr\/wp-json\/wp\/v2\/product"}],"about":[{"href":"https:\/\/fizzyvape.eu\/fr\/wp-json\/wp\/v2\/types\/product"}],"replies":[{"embeddable":true,"href":"https:\/\/fizzyvape.eu\/fr\/wp-json\/wp\/v2\/comments?post=25464"}],"version-history":[{"count":0,"href":"https:\/\/fizzyvape.eu\/fr\/wp-json\/wp\/v2\/product\/25464\/revisions"}],"wp:featuredmedia":[{"embeddable":true,"href":"https:\/\/fizzyvape.eu\/fr\/wp-json\/wp\/v2\/media\/21275"}],"wp:attachment":[{"href":"https:\/\/fizzyvape.eu\/fr\/wp-json\/wp\/v2\/media?parent=25464"}],"wp:term":[{"taxonomy":"product_brand","embeddable":true,"href":"https:\/\/fizzyvape.eu\/fr\/wp-json\/wp\/v2\/product_brand?post=25464"},{"taxonomy":"product_cat","embeddable":true,"href":"https:\/\/fizzyvape.eu\/fr\/wp-json\/wp\/v2\/product_cat?post=25464"},{"taxonomy":"product_tag","embeddable":true,"href":"https:\/\/fizzyvape.eu\/fr\/wp-json\/wp\/v2\/product_tag?post=25464"}],"curies":[{"name":"wp","href":"https:\/\/api.w.org\/{rel}","templated":true}]}}