{"id":25517,"date":"2025-03-29T16:24:20","date_gmt":"2025-03-29T08:24:20","guid":{"rendered":"https:\/\/fizzyvape.eu\/product\/fizzy-nova-plus-fraise-kiwi-40000-boules-10pcs\/"},"modified":"2025-12-23T14:43:28","modified_gmt":"2025-12-23T06:43:28","slug":"fizzy-nova-plus-fraise-kiwi-40000-boules-10pcs","status":"publish","type":"product","link":"https:\/\/fizzyvape.eu\/fr\/produit\/fizzy-nova-plus-fraise-kiwi-40000-boules-10pcs\/","title":{"rendered":"Fizzy Nova Plus Fraise Kiwi &#8211; 40000 boules &#8211; 10pcs"},"content":{"rendered":"<div>\n<h2>Fizzy Nova Plus Strawberry Kiwi 40000 Puffs &#8211; Premium Tropical Fusion Vape jetable<\/h2>\n<p>Embarquez pour une aventure gustative durable avec le <strong>Fizzy Nova Plus Strawberry Kiwi 40000 Puffs<\/strong>. Cette vape avanc\u00e9e d\u00e9livre un nombre remarquable de <strong>40 000 bouff\u00e9es<\/strong> de la d\u00e9licieuse fusion sucr\u00e9e et acidul\u00e9e de fraises m\u00fbres et de kiwis exotiques, garantissant une exp\u00e9rience toujours rafra\u00eechissante et satisfaisante. Avec son nombre impressionnant de bouff\u00e9es, le <strong>Fizzy Nova Plus Strawberry Kiwi<\/strong> vous assure une session de vapotage prolong\u00e9e remplie de saveurs fruit\u00e9es et vibrantes \u00e0 chaque fois.  <\/p>\n<h3>Caract\u00e9ristiques principales :<\/h3>\n<p>\ud83d\udd39 <strong>40 000 bouff\u00e9es &#8211; <\/strong>Un plaisir qui dure tr\u00e8s longtemps.<br \/>\n\ud83d\udd39 <strong>Capacit\u00e9 pr\u00e9-remplie de 40mL &#8211; <\/strong>Dure des semaines d&#8217;utilisation r\u00e9guli\u00e8re<br \/>\n\ud83d\udd39 <strong>Dual Mesh Coil System &#8211; <\/strong>Pour une production maximale d&#8217;ar\u00f4mes<br \/>\n\ud83d\udd39<strong> Modes Eco et Turbo &#8211; <\/strong>Intensit\u00e9 de vapotage et autonomie de la batterie personnalisables.<br \/>\n\ud83d\udd39 <strong>\u00c9cran LED &#8211; <\/strong>Affiche l&#8217;autonomie de la batterie et le niveau d&#8217;e-juice.<br \/>\n\ud83d\udd39 <strong>Chargement rapide Type-C &#8211; <\/strong>Batterie de 850mAh avec capacit\u00e9 de recharge rapide <\/p>\n<h3>Pourquoi choisir Fizzy Nova Plus ?<\/h3>\n<p>\ud83d\udd25 La plus longue dur\u00e9e de vie &#8211; 40 000 bouff\u00e9es plus performantes que celles des concurrents<br \/>\n\ud83d\udc8e Conception haut de gamme &#8211; Corps m\u00e9tallique durable avec un design \u00e9l\u00e9gant<br \/>\n\ud83d\udc51 Flavor Mastery &#8211; S\u00e9rie NOVA PLUS d\u00e9velopp\u00e9e par des experts en mixologie<\/p>\n<\/div>\n<div>\n<h3><strong>Options de nicotine :<\/strong><\/h3>\n<p>&#8211; <strong>2% (20mg\/mL<\/strong> ) &#8211; Id\u00e9al pour une exp\u00e9rience de vapotage douce et savoureuse<br \/>\n&#8211; <strong>5% (50mg\/mL<\/strong> ) &#8211; Con\u00e7u pour un effet en gorge plus fort et plus satisfaisant <\/p>\n<h3>Sp\u00e9cifications<\/h3>\n<table style=\"height: 449px;\" width=\"1340\">\n<tbody>\n<tr>\n<td>Bouff\u00e9es<\/td>\n<td><strong>40000+ Puffs<\/strong><\/td>\n<\/tr>\n<tr>\n<td>Capacit\u00e9 en e-liquide<\/td>\n<td><strong>40ml<\/strong><\/td>\n<\/tr>\n<tr>\n<td>Capacit\u00e9 de la batterie<\/td>\n<td><strong>850mAh<\/strong><\/td>\n<\/tr>\n<tr>\n<td>Taille<\/td>\n<td><strong>52,5*24,5*104,3mm<\/strong><\/td>\n<\/tr>\n<tr>\n<td>Jetable ou non<\/td>\n<td><strong>Jetable<\/strong><\/td>\n<\/tr>\n<tr>\n<td>M\u00e9thode de chargement<\/td>\n<td><strong>C\u00e2ble<\/strong><\/td>\n<\/tr>\n<tr>\n<td>M\u00e9thode d&#8217;activation<\/td>\n<td><strong>Capteur<\/strong><\/td>\n<\/tr>\n<tr>\n<td>Mat\u00e9riel<\/td>\n<td><strong>PCTG<\/strong><\/td>\n<\/tr>\n<tr>\n<td>Taux de nicotine<\/td>\n<td><strong>2% (20mg\/mL) &amp; 5% (50mg\/mL)<\/strong><\/td>\n<\/tr>\n<tr>\n<td>Saveurs<\/td>\n<td><strong>12<\/strong><\/td>\n<\/tr>\n<tr>\n<td>Emballage<\/td>\n<td><strong>1 paquet<\/strong><\/td>\n<\/tr>\n<tr>\n<td>Temps de charge<\/td>\n<td><strong>2 heures<\/strong><\/td>\n<\/tr>\n<tr>\n<td>Stockage<\/td>\n<td><strong>\u00c9vitez les environnements \u00e0 haute temp\u00e9rature et conservez le produit dans un endroit frais et sec.<\/strong><\/td>\n<\/tr>\n<tr>\n<td>Personnes interdites d&#8217;utilisation<\/td>\n<td><strong>Les mineurs, les femmes enceintes et les personnes allergiques aux ingr\u00e9dients du produit.<\/strong><\/td>\n<\/tr>\n<tr>\n<td>Attention<\/td>\n<td><strong>N&#8217;avalez pas cette substance. En cas d&#8217;ingestion, rincez-vous imm\u00e9diatement et abondamment la bouche. Si vous vous sentez mal, consultez un m\u00e9decin.  <\/strong><\/td>\n<\/tr>\n<\/tbody>\n<\/table>\n<h3>Liste des ar\u00f4mes de <strong>Fizzy Nova Plus <\/strong>40000 Puffs :<\/h3>\n<ol>\n<li><a href=\"https:\/\/fizzyvape.eu\/fr\/produit\/fizzy-nova-plus-fraise-kiwi-40000-boules-10pcs\/\">Fraise Kiwi<\/a><\/li>\n<li><a href=\"https:\/\/fizzyvape.eu\/fr\/produit\/fizzy-nova-plus-blueberry-ice-40000-boules-10pcs\/\">Glace aux myrtilles<\/a><\/li>\n<li><a href=\"https:\/\/fizzyvape.eu\/fr\/produit\/fizzy-nova-plus-watermelon-ice-40000-boules-10pcs\/\">Glace \u00e0 la past\u00e8que<\/a><\/li>\n<li><a href=\"https:\/\/fizzyvape.eu\/fr\/produit\/fizzy-nova-plus-peche-mangue-pasteque-40000-bouffees-10pcs\/\">P\u00eache Mangue Past\u00e8que<\/a><\/li>\n<li><a href=\"https:\/\/fizzyvape.eu\/fr\/produit\/fizzy-nova-plus-kiwi-fruit-de-la-passion-goyave-40000-boules-10pcs\/\">Kiwi Fruit de la passion Goyave<\/a><\/li>\n<li><a href=\"https:\/\/fizzyvape.eu\/fr\/produit\/fizzy-nova-plus-framboise-citron-40000-bouffees-10pcs\/\">Framboise Citron<\/a><\/li>\n<li><a href=\"https:\/\/fizzyvape.eu\/fr\/produit\/fizzy-nova-plus-triple-berry-40000-bouffees-10pcs\/\">Triple baie<\/a><\/li>\n<li><a href=\"https:\/\/fizzyvape.eu\/fr\/produit\/fizzy-nova-plus-peach-ice-40000-bouffees-10pcs\/\">Glace \u00e0 la p\u00eache<\/a><\/li>\n<li><a href=\"https:\/\/fizzyvape.eu\/fr\/produit\/fizzy-nova-plus-raisin-citron-vert-40000-bouffees-10pcs\/\">Raisin Citron Vert<\/a><\/li>\n<li><a href=\"https:\/\/fizzyvape.eu\/fr\/produit\/fizzy-nova-plus-blue-razz-lemonade-40000-bouffees-10pcs\/\">Limonade Blue Razz<\/a><\/li>\n<li><a href=\"https:\/\/fizzyvape.eu\/fr\/produit\/fizzy-nova-plus-strawberry-ice-40000-boules-10pcs\/\">Glace \u00e0 la fraise<\/a><\/li>\n<li><a href=\"https:\/\/fizzyvape.eu\/fr\/produit\/fizzy-nova-plus-blueberry-coconut-40000-boules-10pcs\/\">Bleuet et noix de coco<\/a><\/li>\n<\/ol>\n<h3>FAQ \u00e0 propos de Fizzy Nova Plus Strawberry Kiwi 40000 Puffs Vape<\/h3>\n<ul>\n<li><strong>Combien de bouff\u00e9es puis-je obtenir avec le Fizzy Nova Plus Strawberry Kiwi ?<\/strong><br \/>\nLe <strong>Fizzy Nova Plus Strawberry Kiwi<\/strong> offre une impressionnante capacit\u00e9 de <strong>40 000 bouff\u00e9es<\/strong>, vous offrant une exp\u00e9rience de vapotage de longue dur\u00e9e sans avoir \u00e0 le remplacer fr\u00e9quemment.<\/li>\n<li><strong>Quelle est la saveur du Fizzy<\/strong> <strong>Nova Plus Strawberry<\/strong> <strong>Kiwi ?<\/strong><br \/>\nLe <strong>Fizzy Nova Plus Strawberry Kiwi<\/strong> est un d\u00e9licieux m\u00e9lange de <strong>fraises m\u00fbres<\/strong> et de <strong>kiwis exotiques<\/strong>, offrant une saveur rafra\u00eechissante, sucr\u00e9e et acidul\u00e9e \u00e0 chaque bouff\u00e9e.<\/li>\n<li><strong>Quel est le taux de nicotine qui me convient ?<\/strong><br \/>\n&#8211; <strong>2% (20mg\/mL) :<\/strong> Id\u00e9al pour le vapotage tout au long de la journ\u00e9e et les connaisseurs d&#8217;ar\u00f4mes.<br \/>\n&#8211; <strong>5% (50mg\/mL) :<\/strong> Parfait pour les anciens fumeurs qui ont besoin d&#8217;une plus grande satisfaction.<\/li>\n<li><strong>Qu&#8217;est-ce qui rend le Fizzy Nova Plus Strawberry Kiwi sp\u00e9cial ?<\/strong><br \/>\nLe <strong>Fizzy Nova Plus Strawberry Kiwi<\/strong> se distingue par sa <strong>technologie Dual Mesh Coil<\/strong>, qui assure une diffusion douce et intense de la saveur. Il est \u00e9galement dot\u00e9 d&#8217;une peinture m\u00e9tallique haut de gamme, qui lui conf\u00e8re une finition \u00e9l\u00e9gante et durable. <\/li>\n<\/ul>\n<\/div>\n","protected":false},"excerpt":{"rendered":"<p>Faites l&#8217;exp\u00e9rience de la fusion tropicale ultime avec la <strong>vape jetable Fizzy Nova Plus Strawberry Kiwi 40000 Puffs<\/strong>. Profitez de <strong>40 000 bouff\u00e9es<\/strong> de saveur de fraise sucr\u00e9e et de kiwi acidul\u00e9, aliment\u00e9es par des bobines \u00e0 double maille et une batterie rechargeable de <strong>850mAh<\/strong>. Comprend les <strong>modes Eco\/Turbo<\/strong>, l&#8217;<strong>\u00e9cran LED<\/strong> et la charge rapide Type-C pour des performances de premier ordre. Disponible en 2% (20mg) et 5% (50mg) de nicotine.   <\/p>\n","protected":false},"featured_media":30047,"comment_status":"open","ping_status":"closed","template":"","meta":{"iawp_total_views":0},"product_brand":[],"product_cat":[355],"product_tag":[343],"class_list":{"0":"post-25517","1":"product","2":"type-product","3":"status-publish","4":"has-post-thumbnail","6":"product_cat-nova-plus-vape-jetable-40000-bouffees-fr","7":"product_tag-40000-bouffees","9":"first","10":"outofstock","11":"sale","12":"shipping-taxable","13":"purchasable","14":"product-type-variable"},"yoast_head":"<!-- This site is optimized with the Yoast SEO Premium plugin v24.8 (Yoast SEO v24.8) - https:\/\/yoast.com\/wordpress\/plugins\/seo\/ -->\n<title>Fizzy Nova Plus Fraise Kiwi - 40000 boules - 10pcs - fizzyvape.eu<\/title>\n<meta name=\"description\" content=\"Obtenez 10pcs Fizzy Nova Strawberry Kiwi-40 000 bouff\u00e9es de saveur tropicale sucr\u00e9e et acidul\u00e9e dans une vape jetable de qualit\u00e9 sup\u00e9rieure et de longue dur\u00e9e.\" \/>\n<meta name=\"robots\" content=\"index, follow, max-snippet:-1, max-image-preview:large, max-video-preview:-1\" \/>\n<link rel=\"canonical\" href=\"https:\/\/fizzyvape.eu\/fr\/produit\/fizzy-nova-plus-fraise-kiwi-40000-boules-10pcs\/\" \/>\n<meta property=\"og:locale\" content=\"fr_FR\" \/>\n<meta property=\"og:type\" content=\"article\" \/>\n<meta property=\"og:title\" content=\"Fizzy Nova Plus Fraise Kiwi - 40000 boules - 10pcs\" \/>\n<meta property=\"og:description\" content=\"Obtenez 10pcs Fizzy Nova Strawberry Kiwi-40 000 bouff\u00e9es de saveur tropicale sucr\u00e9e et acidul\u00e9e dans une vape jetable de qualit\u00e9 sup\u00e9rieure et de longue dur\u00e9e.\" \/>\n<meta property=\"og:url\" content=\"https:\/\/fizzyvape.eu\/fr\/produit\/fizzy-nova-plus-fraise-kiwi-40000-boules-10pcs\/\" \/>\n<meta property=\"og:site_name\" content=\"fizzyvape.eu\" \/>\n<meta property=\"article:modified_time\" content=\"2025-12-23T06:43:28+00:00\" \/>\n<meta property=\"og:image\" content=\"https:\/\/fizzyvape.eu\/wp-content\/uploads\/2025\/04\/Fizzy-Nova-Plus-Strawberry-Kiwi-40000Puffs-1.webp\" \/>\n\t<meta property=\"og:image:width\" content=\"800\" \/>\n\t<meta property=\"og:image:height\" content=\"800\" \/>\n\t<meta property=\"og:image:type\" content=\"image\/webp\" \/>\n<meta name=\"twitter:card\" content=\"summary_large_image\" \/>\n<meta name=\"twitter:label1\" content=\"Disponibilit\u00e9\" \/>\n\t<meta name=\"twitter:data1\" content=\"Rupture de stock\" \/>\n<script type=\"application\/ld+json\" class=\"yoast-schema-graph\">{\"@context\":\"https:\/\/schema.org\",\"@graph\":[{\"@type\":\"WebPage\",\"@id\":\"https:\/\/fizzyvape.eu\/fr\/produit\/fizzy-nova-plus-fraise-kiwi-40000-boules-10pcs\/\",\"url\":\"https:\/\/fizzyvape.eu\/fr\/produit\/fizzy-nova-plus-fraise-kiwi-40000-boules-10pcs\/\",\"name\":\"Fizzy Nova Plus Fraise Kiwi - 40000 boules - 10pcs - fizzyvape.eu\",\"isPartOf\":{\"@id\":\"https:\/\/www.fizzyvape.eu\/fr\/#website\"},\"primaryImageOfPage\":{\"@id\":\"https:\/\/fizzyvape.eu\/fr\/produit\/fizzy-nova-plus-fraise-kiwi-40000-boules-10pcs\/#primaryimage\"},\"image\":{\"@id\":\"https:\/\/fizzyvape.eu\/fr\/produit\/fizzy-nova-plus-fraise-kiwi-40000-boules-10pcs\/#primaryimage\"},\"thumbnailUrl\":\"https:\/\/fizzyvape.eu\/wp-content\/uploads\/2025\/03\/Fizzy-Nova-Plus-40000-Puffs-Strawberry-Kiwi-10pcs.webp\",\"datePublished\":\"2025-03-29T08:24:20+00:00\",\"dateModified\":\"2025-12-23T06:43:28+00:00\",\"description\":\"Obtenez 10pcs Fizzy Nova Strawberry Kiwi-40 000 bouff\u00e9es de saveur tropicale sucr\u00e9e et acidul\u00e9e dans une vape jetable de qualit\u00e9 sup\u00e9rieure et de longue dur\u00e9e.\",\"breadcrumb\":{\"@id\":\"https:\/\/fizzyvape.eu\/fr\/produit\/fizzy-nova-plus-fraise-kiwi-40000-boules-10pcs\/#breadcrumb\"},\"inLanguage\":\"fr-FR\",\"potentialAction\":[{\"@type\":\"ReadAction\",\"target\":[\"https:\/\/fizzyvape.eu\/fr\/produit\/fizzy-nova-plus-fraise-kiwi-40000-boules-10pcs\/\"]}]},{\"@type\":\"ImageObject\",\"inLanguage\":\"fr-FR\",\"@id\":\"https:\/\/fizzyvape.eu\/fr\/produit\/fizzy-nova-plus-fraise-kiwi-40000-boules-10pcs\/#primaryimage\",\"url\":\"https:\/\/fizzyvape.eu\/wp-content\/uploads\/2025\/03\/Fizzy-Nova-Plus-40000-Puffs-Strawberry-Kiwi-10pcs.webp\",\"contentUrl\":\"https:\/\/fizzyvape.eu\/wp-content\/uploads\/2025\/03\/Fizzy-Nova-Plus-40000-Puffs-Strawberry-Kiwi-10pcs.webp\",\"width\":800,\"height\":800,\"caption\":\"Fizzy Nova Plus 40000 Puffs Fraise Kiwi 10pcs\"},{\"@type\":\"BreadcrumbList\",\"@id\":\"https:\/\/fizzyvape.eu\/fr\/produit\/fizzy-nova-plus-fraise-kiwi-40000-boules-10pcs\/#breadcrumb\",\"itemListElement\":[{\"@type\":\"ListItem\",\"position\":1,\"name\":\"Home\",\"item\":\"https:\/\/fizzyvape.eu\/fr\/\"},{\"@type\":\"ListItem\",\"position\":2,\"name\":\"Boutique\",\"item\":\"https:\/\/www.fizzyvape.eu\/fr\/boutique\/\"},{\"@type\":\"ListItem\",\"position\":3,\"name\":\"Fizzy Nova Plus Fraise Kiwi &#8211; 40000 boules &#8211; 10pcs\"}]},{\"@type\":\"WebSite\",\"@id\":\"https:\/\/www.fizzyvape.eu\/fr\/#website\",\"url\":\"https:\/\/www.fizzyvape.eu\/fr\/\",\"name\":\"fizzyvape.eu\",\"description\":\"Refreshing Vapes. Unforgettable Taste.\",\"publisher\":{\"@id\":\"https:\/\/www.fizzyvape.eu\/fr\/#organization\"},\"potentialAction\":[{\"@type\":\"SearchAction\",\"target\":{\"@type\":\"EntryPoint\",\"urlTemplate\":\"https:\/\/www.fizzyvape.eu\/fr\/?s={search_term_string}\"},\"query-input\":{\"@type\":\"PropertyValueSpecification\",\"valueRequired\":true,\"valueName\":\"search_term_string\"}}],\"inLanguage\":\"fr-FR\"},{\"@type\":\"Organization\",\"@id\":\"https:\/\/www.fizzyvape.eu\/fr\/#organization\",\"name\":\"fizzyvape.eu\",\"url\":\"https:\/\/www.fizzyvape.eu\/fr\/\",\"logo\":{\"@type\":\"ImageObject\",\"inLanguage\":\"fr-FR\",\"@id\":\"https:\/\/www.fizzyvape.eu\/fr\/#\/schema\/logo\/image\/\",\"url\":\"https:\/\/fizzyvape.eu\/wp-content\/uploads\/2019\/06\/print-1.svg\",\"contentUrl\":\"https:\/\/fizzyvape.eu\/wp-content\/uploads\/2019\/06\/print-1.svg\",\"width\":124,\"height\":37,\"caption\":\"fizzyvape.eu\"},\"image\":{\"@id\":\"https:\/\/www.fizzyvape.eu\/fr\/#\/schema\/logo\/image\/\"}}]}<\/script>\n<meta property=\"og:availability\" content=\"out of stock\" \/>\n<meta property=\"product:availability\" content=\"out of stock\" \/>\n<meta property=\"product:condition\" content=\"new\" \/>\n<!-- \/ Yoast SEO Premium plugin. -->","yoast_head_json":{"title":"Fizzy Nova Plus Fraise Kiwi - 40000 boules - 10pcs - fizzyvape.eu","description":"Obtenez 10pcs Fizzy Nova Strawberry Kiwi-40 000 bouff\u00e9es de saveur tropicale sucr\u00e9e et acidul\u00e9e dans une vape jetable de qualit\u00e9 sup\u00e9rieure et de longue dur\u00e9e.","robots":{"index":"index","follow":"follow","max-snippet":"max-snippet:-1","max-image-preview":"max-image-preview:large","max-video-preview":"max-video-preview:-1"},"canonical":"https:\/\/fizzyvape.eu\/fr\/produit\/fizzy-nova-plus-fraise-kiwi-40000-boules-10pcs\/","og_locale":"fr_FR","og_type":"article","og_title":"Fizzy Nova Plus Fraise Kiwi - 40000 boules - 10pcs","og_description":"Obtenez 10pcs Fizzy Nova Strawberry Kiwi-40 000 bouff\u00e9es de saveur tropicale sucr\u00e9e et acidul\u00e9e dans une vape jetable de qualit\u00e9 sup\u00e9rieure et de longue dur\u00e9e.","og_url":"https:\/\/fizzyvape.eu\/fr\/produit\/fizzy-nova-plus-fraise-kiwi-40000-boules-10pcs\/","og_site_name":"fizzyvape.eu","article_modified_time":"2025-12-23T06:43:28+00:00","og_image":[{"width":800,"height":800,"url":"https:\/\/fizzyvape.eu\/wp-content\/uploads\/2025\/04\/Fizzy-Nova-Plus-Strawberry-Kiwi-40000Puffs-1.webp","type":"image\/webp"}],"twitter_card":"summary_large_image","twitter_misc":{"Disponibilit\u00e9":"Rupture de stock"},"schema":{"@context":"https:\/\/schema.org","@graph":[{"@type":"WebPage","@id":"https:\/\/fizzyvape.eu\/fr\/produit\/fizzy-nova-plus-fraise-kiwi-40000-boules-10pcs\/","url":"https:\/\/fizzyvape.eu\/fr\/produit\/fizzy-nova-plus-fraise-kiwi-40000-boules-10pcs\/","name":"Fizzy Nova Plus Fraise Kiwi - 40000 boules - 10pcs - fizzyvape.eu","isPartOf":{"@id":"https:\/\/www.fizzyvape.eu\/fr\/#website"},"primaryImageOfPage":{"@id":"https:\/\/fizzyvape.eu\/fr\/produit\/fizzy-nova-plus-fraise-kiwi-40000-boules-10pcs\/#primaryimage"},"image":{"@id":"https:\/\/fizzyvape.eu\/fr\/produit\/fizzy-nova-plus-fraise-kiwi-40000-boules-10pcs\/#primaryimage"},"thumbnailUrl":"https:\/\/fizzyvape.eu\/wp-content\/uploads\/2025\/03\/Fizzy-Nova-Plus-40000-Puffs-Strawberry-Kiwi-10pcs.webp","datePublished":"2025-03-29T08:24:20+00:00","dateModified":"2025-12-23T06:43:28+00:00","description":"Obtenez 10pcs Fizzy Nova Strawberry Kiwi-40 000 bouff\u00e9es de saveur tropicale sucr\u00e9e et acidul\u00e9e dans une vape jetable de qualit\u00e9 sup\u00e9rieure et de longue dur\u00e9e.","breadcrumb":{"@id":"https:\/\/fizzyvape.eu\/fr\/produit\/fizzy-nova-plus-fraise-kiwi-40000-boules-10pcs\/#breadcrumb"},"inLanguage":"fr-FR","potentialAction":[{"@type":"ReadAction","target":["https:\/\/fizzyvape.eu\/fr\/produit\/fizzy-nova-plus-fraise-kiwi-40000-boules-10pcs\/"]}]},{"@type":"ImageObject","inLanguage":"fr-FR","@id":"https:\/\/fizzyvape.eu\/fr\/produit\/fizzy-nova-plus-fraise-kiwi-40000-boules-10pcs\/#primaryimage","url":"https:\/\/fizzyvape.eu\/wp-content\/uploads\/2025\/03\/Fizzy-Nova-Plus-40000-Puffs-Strawberry-Kiwi-10pcs.webp","contentUrl":"https:\/\/fizzyvape.eu\/wp-content\/uploads\/2025\/03\/Fizzy-Nova-Plus-40000-Puffs-Strawberry-Kiwi-10pcs.webp","width":800,"height":800,"caption":"Fizzy Nova Plus 40000 Puffs Fraise Kiwi 10pcs"},{"@type":"BreadcrumbList","@id":"https:\/\/fizzyvape.eu\/fr\/produit\/fizzy-nova-plus-fraise-kiwi-40000-boules-10pcs\/#breadcrumb","itemListElement":[{"@type":"ListItem","position":1,"name":"Home","item":"https:\/\/fizzyvape.eu\/fr\/"},{"@type":"ListItem","position":2,"name":"Boutique","item":"https:\/\/www.fizzyvape.eu\/fr\/boutique\/"},{"@type":"ListItem","position":3,"name":"Fizzy Nova Plus Fraise Kiwi &#8211; 40000 boules &#8211; 10pcs"}]},{"@type":"WebSite","@id":"https:\/\/www.fizzyvape.eu\/fr\/#website","url":"https:\/\/www.fizzyvape.eu\/fr\/","name":"fizzyvape.eu","description":"Refreshing Vapes. Unforgettable Taste.","publisher":{"@id":"https:\/\/www.fizzyvape.eu\/fr\/#organization"},"potentialAction":[{"@type":"SearchAction","target":{"@type":"EntryPoint","urlTemplate":"https:\/\/www.fizzyvape.eu\/fr\/?s={search_term_string}"},"query-input":{"@type":"PropertyValueSpecification","valueRequired":true,"valueName":"search_term_string"}}],"inLanguage":"fr-FR"},{"@type":"Organization","@id":"https:\/\/www.fizzyvape.eu\/fr\/#organization","name":"fizzyvape.eu","url":"https:\/\/www.fizzyvape.eu\/fr\/","logo":{"@type":"ImageObject","inLanguage":"fr-FR","@id":"https:\/\/www.fizzyvape.eu\/fr\/#\/schema\/logo\/image\/","url":"https:\/\/fizzyvape.eu\/wp-content\/uploads\/2019\/06\/print-1.svg","contentUrl":"https:\/\/fizzyvape.eu\/wp-content\/uploads\/2019\/06\/print-1.svg","width":124,"height":37,"caption":"fizzyvape.eu"},"image":{"@id":"https:\/\/www.fizzyvape.eu\/fr\/#\/schema\/logo\/image\/"}}]},"og_availability":"out of stock","product_availability":"out of stock","product_condition":"new"},"tiered_pricing_type":"fixed","tiered_pricing_fixed_rules":[],"tiered_pricing_product_settings":{"layout":"default","base_unit_name":{"singular":null,"plural":null},"default_variation":null},"tiered_pricing_minimum_quantity":null,"tiered_pricing_roles_data":[],"tiered_pricing_percentage_rules":[],"tiered_pricing_maximum_quantity":null,"tiered_pricing_quantity_step":null,"_links":{"self":[{"href":"https:\/\/fizzyvape.eu\/fr\/wp-json\/wp\/v2\/product\/25517","targetHints":{"allow":["GET"]}}],"collection":[{"href":"https:\/\/fizzyvape.eu\/fr\/wp-json\/wp\/v2\/product"}],"about":[{"href":"https:\/\/fizzyvape.eu\/fr\/wp-json\/wp\/v2\/types\/product"}],"replies":[{"embeddable":true,"href":"https:\/\/fizzyvape.eu\/fr\/wp-json\/wp\/v2\/comments?post=25517"}],"version-history":[{"count":0,"href":"https:\/\/fizzyvape.eu\/fr\/wp-json\/wp\/v2\/product\/25517\/revisions"}],"wp:featuredmedia":[{"embeddable":true,"href":"https:\/\/fizzyvape.eu\/fr\/wp-json\/wp\/v2\/media\/30047"}],"wp:attachment":[{"href":"https:\/\/fizzyvape.eu\/fr\/wp-json\/wp\/v2\/media?parent=25517"}],"wp:term":[{"taxonomy":"product_brand","embeddable":true,"href":"https:\/\/fizzyvape.eu\/fr\/wp-json\/wp\/v2\/product_brand?post=25517"},{"taxonomy":"product_cat","embeddable":true,"href":"https:\/\/fizzyvape.eu\/fr\/wp-json\/wp\/v2\/product_cat?post=25517"},{"taxonomy":"product_tag","embeddable":true,"href":"https:\/\/fizzyvape.eu\/fr\/wp-json\/wp\/v2\/product_tag?post=25517"}],"curies":[{"name":"wp","href":"https:\/\/api.w.org\/{rel}","templated":true}]}}