{"id":25691,"date":"2025-03-28T16:23:03","date_gmt":"2025-03-28T08:23:03","guid":{"rendered":"https:\/\/fizzyvape.eu\/product\/fizzy-luxury-grape-15000-bouffees\/"},"modified":"2025-03-28T16:23:03","modified_gmt":"2025-03-28T08:23:03","slug":"fizzy-luxury-grape-15000-bouffees","status":"publish","type":"product","link":"https:\/\/fizzyvape.eu\/fr\/produit\/fizzy-luxury-grape-15000-bouffees\/","title":{"rendered":"Fizzy Luxury Grape &#8211; 15000 bouff\u00e9es"},"content":{"rendered":"<div>\n<h2><strong>Fizzy Luxury Grape 15000 bouff\u00e9es &#8211; Premium Metal Edition Vape jetable<\/strong><\/h2>\n<p>Laissez-vous tenter par l&#8217;ultime \u00e9vasion au raisin avec <strong>Fizzy Luxury Grape 15000 bouff\u00e9es<\/strong> &#8211; o\u00f9 la succulente douceur du raisin violet (7,5\/10) rencontre une acidit\u00e9 croustillante (2,5\/10), le tout dans notre corps en m\u00e9tal de premi\u00e8re qualit\u00e9 avec un contr\u00f4le pr\u00e9cis de l&#8217;\u00e9coulement de l&#8217;air. Ce produit jetable d&#8217;\u00e9lite d\u00e9livre <strong>15 000 bouff\u00e9es ultra douces<\/strong> d&#8217;une saveur exquise, gr\u00e2ce \u00e0 la <strong>technologie<\/strong> r\u00e9volutionnaire <strong>Quartz Coil<\/strong> pour une douceur et une puret\u00e9 de saveur in\u00e9gal\u00e9es. <\/p>\n<h3><strong>Pourquoi choisir Fizzy Luxury Grape 15000 Puffs ?<\/strong><\/h3>\n<p>\ud83c\udf47 <strong>Saveur de raisin magistrale<\/strong> &#8211; 75 % de douceur juteuse du raisin \u00e9quilibr\u00e9e avec 25 % d&#8217;acidit\u00e9 croustillante pour une fra\u00eecheur authentique du vignoble.<br \/>\n\ud83c\udf9b\ufe0f <strong>Contr\u00f4le intelligent du flux d&#8217;air<\/strong> &#8211; R\u00e9glez le flux d <strong>&#8216;air<\/strong> de la MTL \u00e0 la RDL gr\u00e2ce \u00e0 notre cadran m\u00e9tallique de pr\u00e9cision.<br \/>\n\ud83d\udd36 <strong>Corps m\u00e9tallique de luxe<\/strong> &#8211; Aluminium de qualit\u00e9 a\u00e9ronautique usin\u00e9 CNC avec finition satin\u00e9e<br \/>\n\u26a1 <strong>15 000 bouff\u00e9es<\/strong> &#8211; 25 % de plus que les produits jetables standard de qualit\u00e9 sup\u00e9rieure<br \/>\n\ud83e\uddca <strong>Une vapeur douce et soyeuse<\/strong> &#8211; La bobine en quartz d\u00e9livre une vapeur 45% plus douce qu&#8217;une bobine conventionnelle. <\/p>\n<h3><strong>Options de nicotine :<\/strong><\/h3>\n<p>&#8211; <strong>2% (20mg\/mL<\/strong> ) &#8211; Pour un vapotage doux et savoureux<br \/>\n&#8211; <strong>5% (50mg\/mL<\/strong> ) &#8211; Pour un effet de gorge satisfaisant <\/p>\n<\/div>\n<div>\n<h3>Sp\u00e9cifications<\/h3>\n<table style=\"height: 449px;\" width=\"1340\">\n<tbody>\n<tr>\n<td>Bouff\u00e9es<\/td>\n<td><strong>15000+ Puffs<\/strong><\/td>\n<\/tr>\n<tr>\n<td>Capacit\u00e9 en e-liquide<\/td>\n<td><strong>22ml<\/strong><\/td>\n<\/tr>\n<tr>\n<td>Capacit\u00e9 de la batterie<\/td>\n<td><strong>650mAh<\/strong><\/td>\n<\/tr>\n<tr>\n<td>Bobine en maille<\/td>\n<td><strong>1.4\u03a9<\/strong><\/td>\n<\/tr>\n<tr>\n<td>Taille<\/td>\n<td><strong>53*30*85.3mm<\/strong><\/td>\n<\/tr>\n<tr>\n<td>Jetable ou non<\/td>\n<td><strong>Jetable<\/strong><\/td>\n<\/tr>\n<tr>\n<td>M\u00e9thode de chargement<\/td>\n<td><strong>C\u00e2ble<\/strong><\/td>\n<\/tr>\n<tr>\n<td>M\u00e9thode d&#8217;activation<\/td>\n<td><strong>Capteur<\/strong><\/td>\n<\/tr>\n<tr>\n<td>Mat\u00e9riau<\/td>\n<td><strong>M\u00e9tal<\/strong><\/td>\n<\/tr>\n<tr>\n<td>Taux de nicotine<\/td>\n<td><strong>2% (20mg\/mL) &amp; 5% (50mg\/mL)<\/strong><\/td>\n<\/tr>\n<tr>\n<td>Saveurs<\/td>\n<td><strong>15<\/strong><\/td>\n<\/tr>\n<tr>\n<td>Emballage<\/td>\n<td><strong>1 paquet<\/strong><\/td>\n<\/tr>\n<tr>\n<td>Temps de charge<\/td>\n<td><strong>2 heures<\/strong><\/td>\n<\/tr>\n<tr>\n<td>Stockage<\/td>\n<td><strong>\u00c9vitez les environnements \u00e0 haute temp\u00e9rature et conservez le produit dans un endroit frais et sec.<\/strong><\/td>\n<\/tr>\n<tr>\n<td>Personnes interdites d&#8217;utilisation<\/td>\n<td><strong>Les mineurs, les femmes enceintes et les personnes allergiques aux ingr\u00e9dients du produit.<\/strong><\/td>\n<\/tr>\n<tr>\n<td>Attention<\/td>\n<td><strong>N&#8217;avalez pas cette substance. En cas d&#8217;ingestion, rincez-vous imm\u00e9diatement et abondamment la bouche. Si vous vous sentez mal, consultez un m\u00e9decin.  <\/strong><\/td>\n<\/tr>\n<\/tbody>\n<\/table>\n<h3><strong>Fizzy Luxury <\/strong>15000 Puffs Liste des ar\u00f4mes :<\/h3>\n<ol>\n<li><a href=\"https:\/\/fizzyvape.eu\/product\/fizzy-luxury-blueberry-raspberry-15000-puffs\/\">Myrtille Framboise<\/a><\/li>\n<li><a href=\"https:\/\/fizzyvape.eu\/product\/fizzy-luxury-peach-15000-puffs\/\">P\u00eache<\/a><\/li>\n<li><a href=\"https:\/\/fizzyvape.eu\/fr\/produit\/fizzy-luxury-grape-15000-bouffees\/\">Raisin<\/a><\/li>\n<li><a href=\"https:\/\/fizzyvape.eu\/product\/fizzy-luxury-blueberry-15000-puffs\/\">Myrtille<\/a><\/li>\n<li><a href=\"https:\/\/fizzyvape.eu\/product\/fizzy-luxury-strawberry-15000-puffs\/\">Fraise<\/a><\/li>\n<li><a href=\"https:\/\/fizzyvape.eu\/product\/fizzy-luxury-fizzy-cherry-15000-puffs\/\">Cerise p\u00e9tillante<\/a><\/li>\n<li><a href=\"https:\/\/fizzyvape.eu\/product\/fizzy-luxury-raspberry-lemonade-15000-puffs\/\">Limonade \u00e0 la framboise<\/a><\/li>\n<li><a href=\"https:\/\/fizzyvape.eu\/product\/fizzy-luxury-sour-apple-15000-puffs\/\">Pomme acide<\/a><\/li>\n<li><a href=\"https:\/\/fizzyvape.eu\/product\/fizzy-luxury-strawberry-kiwi-pomegranate-15000-puffs\/\">Fraise Kiwi Grenade<\/a><\/li>\n<li><a href=\"https:\/\/fizzyvape.eu\/fr\/produit\/fizzy-luxury-lemon-lime-15000-bouffees\/\">Citron vert<\/a><\/li>\n<li><a href=\"https:\/\/fizzyvape.eu\/product\/fizzy-luxury-strawberry-banana-15000-puffs\/\">Fraise et banane<\/a><\/li>\n<li><a href=\"https:\/\/fizzyvape.eu\/product\/fizzy-luxury-orange-mango-watermelon-15000-puffs\/\">Orange Mangue Past\u00e8que<\/a><\/li>\n<li><a href=\"https:\/\/fizzyvape.eu\/fr\/produit\/red-bull-de-luxe-petillant-15000-bouffees\/\">Red Bull<\/a><\/li>\n<li><a href=\"https:\/\/fizzyvape.eu\/fr\/produit\/fizzy-luxury-pink-lemonade-15000-bouffees\/\">Limonade rose<\/a><\/li>\n<li><a href=\"https:\/\/fizzyvape.eu\/fr\/produit\/fizzy-luxury-kiwi-fruit-de-la-passion-goyave-15000-boules\/\">Kiwi Fruit de la passion Goyave<\/a><\/li>\n<\/ol>\n<h3>FAQ \u00e0 propos de Fizzy Luxury Grape 15000 Puffs Vape<\/h3>\n<ul>\n<li class=\"\" data-start=\"57\" data-end=\"276\">\n<p class=\"\" data-start=\"60\" data-end=\"276\"><strong data-start=\"60\" data-end=\"127\">Quel est l&#8217;ar\u00f4me du Fizzy Luxury Grape 15000 Puffs Vape ?<\/strong><br data-start=\"127\" data-end=\"130\">Il offre une saveur de raisin audacieuse et juteuse avec une douceur riche et velout\u00e9e, rehauss\u00e9e par un fini glac\u00e9 et doux pour une exp\u00e9rience de vapotage rafra\u00eechissante.<\/p>\n<\/li>\n<li class=\"\" data-start=\"278\" data-end=\"470\">\n<p class=\"\" data-start=\"281\" data-end=\"470\"><strong data-start=\"281\" data-end=\"332\">Quelle est la dur\u00e9e de vie de la vape Fizzy Luxury Grape ?<\/strong><br data-start=\"332\" data-end=\"335\">Avec une capacit\u00e9 de <strong data-start=\"355\" data-end=\"372\">plus de 15 000 bouff\u00e9es<\/strong>, cette vape est con\u00e7ue pour durer environ <strong data-start=\"427\" data-end=\"440\">4 \u00e0 5 semaines<\/strong>, en fonction des habitudes d&#8217;utilisation.<\/p>\n<\/li>\n<li class=\"\" data-start=\"472\" data-end=\"663\">\n<p class=\"\" data-start=\"475\" data-end=\"663\"><strong data-start=\"475\" data-end=\"535\">Le Fizzy Luxury Grape 15000 Puffs Vape est-il rechargeable ?<\/strong><br data-start=\"535\" data-end=\"538\">Oui, il est dot\u00e9 d&#8217;une fonction de <strong data-start=\"558\" data-end=\"581\">recharge rapide USB-C<\/strong>, ce qui vous permet de profiter pleinement de la <strong data-start=\"616\" data-end=\"642\">capacit\u00e9 de 22 ml d&#8217;e-liquide<\/strong> sans gaspillage.<\/p>\n<\/li>\n<li class=\"\" data-start=\"665\" data-end=\"835\">\n<p class=\"\" data-start=\"668\" data-end=\"835\"><strong data-start=\"668\" data-end=\"710\">Quels sont les taux de nicotine disponibles ?<\/strong><br data-start=\"710\" data-end=\"713\">Cette vape est disponible en <strong data-start=\"735\" data-end=\"751\">2% (20mg\/mL)<\/strong> pour un hit doux et <strong data-start=\"773\" data-end=\"789\">5% (50mg\/mL<\/strong> ) pour un throat hit plus fort et plus satisfaisant.<\/p>\n<\/li>\n<li class=\"\" data-start=\"837\" data-end=\"1096\">\n<p class=\"\" data-start=\"840\" data-end=\"1096\"><strong data-start=\"840\" data-end=\"902\">Pourquoi choisir Fizzy Luxury Grape plut\u00f4t que d&#8217;autres vapes jetables ?<\/strong><br data-start=\"902\" data-end=\"905\">Il se distingue par des <strong data-start=\"927\" data-end=\"946\">bobines \u00e0 double maille<\/strong> pour une saveur intense, une <strong data-start=\"967\" data-end=\"992\">technologie anti-fuite<\/strong> et un <strong data-start=\"1000\" data-end=\"1027\">design \u00e9l\u00e9gant et ergonomique<\/strong>, offrant une exp\u00e9rience de vapotage de premi\u00e8re qualit\u00e9 avec des performances durables.<\/p>\n<\/li>\n<\/ul>\n<\/div>\n","protected":false},"excerpt":{"rendered":"<p>Faites l&#8217;exp\u00e9rience de l&#8217;ultime plaisir du raisin avec <strong data-start=\"71\" data-end=\"105\" data-is-only-node=\"\">Fizzy Luxury Grape 15000 Puffs<\/strong> &#8211; une vape jetable de premi\u00e8re qualit\u00e9 m\u00e9langeant <strong data-start=\"143\" data-end=\"192\">une riche douceur de raisin avec un fini acidul\u00e9<\/strong>. Envelopp\u00e9 dans un <strong data-start=\"208\" data-end=\"237\">corps en m\u00e9tal de qualit\u00e9 a\u00e9ronautique<\/strong>, il est dot\u00e9 de la <strong data-start=\"251\" data-end=\"277\">technologie Quartz Coil<\/strong> pour une vapeur 45 % plus douce et d&#8217;un <strong data-start=\"305\" data-end=\"330\">contr\u00f4le intelligent du flux d&#8217;air<\/strong> pour un tirage personnalisable. Profitez de <strong data-start=\"362\" data-end=\"392\">plus de 15 000 bouff\u00e9es ultra douces<\/strong> gr\u00e2ce au chargement rapide par USB-C et aux deux options de nicotine (2 % et 5 %).  <\/p>\n","protected":false},"featured_media":21235,"comment_status":"open","ping_status":"closed","template":"","meta":{"iawp_total_views":0},"product_brand":[],"product_cat":[332],"product_tag":[333],"class_list":{"0":"post-25691","1":"product","2":"type-product","3":"status-publish","4":"has-post-thumbnail","6":"product_cat-luxury-fr","7":"product_tag-15000-bouffees","9":"first","10":"outofstock","11":"shipping-taxable","12":"purchasable","13":"product-type-variable"},"yoast_head":"<!-- This site is optimized with the Yoast SEO Premium plugin v24.8 (Yoast SEO v24.8) - https:\/\/yoast.com\/wordpress\/plugins\/seo\/ -->\n<title>Fizzy Luxury Grape - 15000 bouff\u00e9es - fizzyvape.eu<\/title>\n<meta name=\"robots\" content=\"index, follow, max-snippet:-1, max-image-preview:large, max-video-preview:-1\" \/>\n<link rel=\"canonical\" href=\"https:\/\/fizzyvape.eu\/fr\/produit\/fizzy-luxury-grape-15000-bouffees\/\" \/>\n<meta property=\"og:locale\" content=\"fr_FR\" \/>\n<meta property=\"og:type\" content=\"article\" \/>\n<meta property=\"og:title\" content=\"Fizzy Luxury Grape - 15000 bouff\u00e9es\" \/>\n<meta property=\"og:description\" content=\"Faites l&#039;exp\u00e9rience de l&#039;ultime plaisir du raisin avec Fizzy Luxury Grape 15000 Puffs - une vape jetable de premi\u00e8re qualit\u00e9 m\u00e9langeant une riche douceur de raisin avec un fini acidul\u00e9. Envelopp\u00e9 dans un corps en m\u00e9tal de qualit\u00e9 a\u00e9ronautique, il est dot\u00e9 de la technologie Quartz Coil pour une vapeur 45 % plus douce et d&#039;un contr\u00f4le intelligent du flux d&#039;air pour un tirage personnalisable. Profitez de plus de 15 000 bouff\u00e9es ultra douces gr\u00e2ce au chargement rapide par USB-C et aux deux options de nicotine (2 % et 5 %).\" \/>\n<meta property=\"og:url\" content=\"https:\/\/fizzyvape.eu\/fr\/produit\/fizzy-luxury-grape-15000-bouffees\/\" \/>\n<meta property=\"og:site_name\" content=\"fizzyvape.eu\" \/>\n<meta property=\"og:image\" content=\"https:\/\/www.fizzyvape.eu\/wp-content\/uploads\/2025\/03\/Fizzy-Luxury-Grape-15000puff.jpg\" \/>\n\t<meta property=\"og:image:width\" content=\"1500\" \/>\n\t<meta property=\"og:image:height\" content=\"1500\" \/>\n\t<meta property=\"og:image:type\" content=\"image\/jpeg\" \/>\n<meta name=\"twitter:card\" content=\"summary_large_image\" \/>\n<meta name=\"twitter:label1\" content=\"Disponibilit\u00e9\" \/>\n\t<meta name=\"twitter:data1\" content=\"Rupture de stock\" \/>\n<script type=\"application\/ld+json\" class=\"yoast-schema-graph\">{\"@context\":\"https:\/\/schema.org\",\"@graph\":[{\"@type\":\"WebPage\",\"@id\":\"https:\/\/fizzyvape.eu\/fr\/produit\/fizzy-luxury-grape-15000-bouffees\/\",\"url\":\"https:\/\/fizzyvape.eu\/fr\/produit\/fizzy-luxury-grape-15000-bouffees\/\",\"name\":\"Fizzy Luxury Grape - 15000 bouff\u00e9es - fizzyvape.eu\",\"isPartOf\":{\"@id\":\"https:\/\/www.fizzyvape.eu\/fr\/#website\"},\"primaryImageOfPage\":{\"@id\":\"https:\/\/fizzyvape.eu\/fr\/produit\/fizzy-luxury-grape-15000-bouffees\/#primaryimage\"},\"image\":{\"@id\":\"https:\/\/fizzyvape.eu\/fr\/produit\/fizzy-luxury-grape-15000-bouffees\/#primaryimage\"},\"thumbnailUrl\":\"https:\/\/fizzyvape.eu\/wp-content\/uploads\/2025\/03\/Fizzy-Luxury-Grape-15000puff.jpg\",\"datePublished\":\"2025-03-28T08:23:03+00:00\",\"breadcrumb\":{\"@id\":\"https:\/\/fizzyvape.eu\/fr\/produit\/fizzy-luxury-grape-15000-bouffees\/#breadcrumb\"},\"inLanguage\":\"fr-FR\",\"potentialAction\":[{\"@type\":\"ReadAction\",\"target\":[\"https:\/\/fizzyvape.eu\/fr\/produit\/fizzy-luxury-grape-15000-bouffees\/\"]}]},{\"@type\":\"ImageObject\",\"inLanguage\":\"fr-FR\",\"@id\":\"https:\/\/fizzyvape.eu\/fr\/produit\/fizzy-luxury-grape-15000-bouffees\/#primaryimage\",\"url\":\"https:\/\/fizzyvape.eu\/wp-content\/uploads\/2025\/03\/Fizzy-Luxury-Grape-15000puff.jpg\",\"contentUrl\":\"https:\/\/fizzyvape.eu\/wp-content\/uploads\/2025\/03\/Fizzy-Luxury-Grape-15000puff.jpg\",\"width\":1500,\"height\":1500,\"caption\":\"Fizzy-Luxury-Grape-15000puff\"},{\"@type\":\"BreadcrumbList\",\"@id\":\"https:\/\/fizzyvape.eu\/fr\/produit\/fizzy-luxury-grape-15000-bouffees\/#breadcrumb\",\"itemListElement\":[{\"@type\":\"ListItem\",\"position\":1,\"name\":\"Home\",\"item\":\"https:\/\/fizzyvape.eu\/fr\/\"},{\"@type\":\"ListItem\",\"position\":2,\"name\":\"Boutique\",\"item\":\"https:\/\/www.fizzyvape.eu\/fr\/boutique\/\"},{\"@type\":\"ListItem\",\"position\":3,\"name\":\"Fizzy Luxury Grape &#8211; 15000 bouff\u00e9es\"}]},{\"@type\":\"WebSite\",\"@id\":\"https:\/\/www.fizzyvape.eu\/fr\/#website\",\"url\":\"https:\/\/www.fizzyvape.eu\/fr\/\",\"name\":\"fizzyvape.eu\",\"description\":\"Refreshing Vapes. Unforgettable Taste.\",\"publisher\":{\"@id\":\"https:\/\/www.fizzyvape.eu\/fr\/#organization\"},\"potentialAction\":[{\"@type\":\"SearchAction\",\"target\":{\"@type\":\"EntryPoint\",\"urlTemplate\":\"https:\/\/www.fizzyvape.eu\/fr\/?s={search_term_string}\"},\"query-input\":{\"@type\":\"PropertyValueSpecification\",\"valueRequired\":true,\"valueName\":\"search_term_string\"}}],\"inLanguage\":\"fr-FR\"},{\"@type\":\"Organization\",\"@id\":\"https:\/\/www.fizzyvape.eu\/fr\/#organization\",\"name\":\"fizzyvape.eu\",\"url\":\"https:\/\/www.fizzyvape.eu\/fr\/\",\"logo\":{\"@type\":\"ImageObject\",\"inLanguage\":\"fr-FR\",\"@id\":\"https:\/\/www.fizzyvape.eu\/fr\/#\/schema\/logo\/image\/\",\"url\":\"https:\/\/fizzyvape.eu\/wp-content\/uploads\/2019\/06\/print-1.svg\",\"contentUrl\":\"https:\/\/fizzyvape.eu\/wp-content\/uploads\/2019\/06\/print-1.svg\",\"width\":124,\"height\":37,\"caption\":\"fizzyvape.eu\"},\"image\":{\"@id\":\"https:\/\/www.fizzyvape.eu\/fr\/#\/schema\/logo\/image\/\"}}]}<\/script>\n<meta property=\"og:availability\" content=\"out of stock\" \/>\n<meta property=\"product:availability\" content=\"out of stock\" \/>\n<meta property=\"product:condition\" content=\"new\" \/>\n<!-- \/ Yoast SEO Premium plugin. -->","yoast_head_json":{"title":"Fizzy Luxury Grape - 15000 bouff\u00e9es - fizzyvape.eu","robots":{"index":"index","follow":"follow","max-snippet":"max-snippet:-1","max-image-preview":"max-image-preview:large","max-video-preview":"max-video-preview:-1"},"canonical":"https:\/\/fizzyvape.eu\/fr\/produit\/fizzy-luxury-grape-15000-bouffees\/","og_locale":"fr_FR","og_type":"article","og_title":"Fizzy Luxury Grape - 15000 bouff\u00e9es","og_description":"Faites l'exp\u00e9rience de l'ultime plaisir du raisin avec Fizzy Luxury Grape 15000 Puffs - une vape jetable de premi\u00e8re qualit\u00e9 m\u00e9langeant une riche douceur de raisin avec un fini acidul\u00e9. Envelopp\u00e9 dans un corps en m\u00e9tal de qualit\u00e9 a\u00e9ronautique, il est dot\u00e9 de la technologie Quartz Coil pour une vapeur 45 % plus douce et d'un contr\u00f4le intelligent du flux d'air pour un tirage personnalisable. Profitez de plus de 15 000 bouff\u00e9es ultra douces gr\u00e2ce au chargement rapide par USB-C et aux deux options de nicotine (2 % et 5 %).","og_url":"https:\/\/fizzyvape.eu\/fr\/produit\/fizzy-luxury-grape-15000-bouffees\/","og_site_name":"fizzyvape.eu","og_image":[{"width":1500,"height":1500,"url":"https:\/\/www.fizzyvape.eu\/wp-content\/uploads\/2025\/03\/Fizzy-Luxury-Grape-15000puff.jpg","type":"image\/jpeg"}],"twitter_card":"summary_large_image","twitter_misc":{"Disponibilit\u00e9":"Rupture de stock"},"schema":{"@context":"https:\/\/schema.org","@graph":[{"@type":"WebPage","@id":"https:\/\/fizzyvape.eu\/fr\/produit\/fizzy-luxury-grape-15000-bouffees\/","url":"https:\/\/fizzyvape.eu\/fr\/produit\/fizzy-luxury-grape-15000-bouffees\/","name":"Fizzy Luxury Grape - 15000 bouff\u00e9es - fizzyvape.eu","isPartOf":{"@id":"https:\/\/www.fizzyvape.eu\/fr\/#website"},"primaryImageOfPage":{"@id":"https:\/\/fizzyvape.eu\/fr\/produit\/fizzy-luxury-grape-15000-bouffees\/#primaryimage"},"image":{"@id":"https:\/\/fizzyvape.eu\/fr\/produit\/fizzy-luxury-grape-15000-bouffees\/#primaryimage"},"thumbnailUrl":"https:\/\/fizzyvape.eu\/wp-content\/uploads\/2025\/03\/Fizzy-Luxury-Grape-15000puff.jpg","datePublished":"2025-03-28T08:23:03+00:00","breadcrumb":{"@id":"https:\/\/fizzyvape.eu\/fr\/produit\/fizzy-luxury-grape-15000-bouffees\/#breadcrumb"},"inLanguage":"fr-FR","potentialAction":[{"@type":"ReadAction","target":["https:\/\/fizzyvape.eu\/fr\/produit\/fizzy-luxury-grape-15000-bouffees\/"]}]},{"@type":"ImageObject","inLanguage":"fr-FR","@id":"https:\/\/fizzyvape.eu\/fr\/produit\/fizzy-luxury-grape-15000-bouffees\/#primaryimage","url":"https:\/\/fizzyvape.eu\/wp-content\/uploads\/2025\/03\/Fizzy-Luxury-Grape-15000puff.jpg","contentUrl":"https:\/\/fizzyvape.eu\/wp-content\/uploads\/2025\/03\/Fizzy-Luxury-Grape-15000puff.jpg","width":1500,"height":1500,"caption":"Fizzy-Luxury-Grape-15000puff"},{"@type":"BreadcrumbList","@id":"https:\/\/fizzyvape.eu\/fr\/produit\/fizzy-luxury-grape-15000-bouffees\/#breadcrumb","itemListElement":[{"@type":"ListItem","position":1,"name":"Home","item":"https:\/\/fizzyvape.eu\/fr\/"},{"@type":"ListItem","position":2,"name":"Boutique","item":"https:\/\/www.fizzyvape.eu\/fr\/boutique\/"},{"@type":"ListItem","position":3,"name":"Fizzy Luxury Grape &#8211; 15000 bouff\u00e9es"}]},{"@type":"WebSite","@id":"https:\/\/www.fizzyvape.eu\/fr\/#website","url":"https:\/\/www.fizzyvape.eu\/fr\/","name":"fizzyvape.eu","description":"Refreshing Vapes. Unforgettable Taste.","publisher":{"@id":"https:\/\/www.fizzyvape.eu\/fr\/#organization"},"potentialAction":[{"@type":"SearchAction","target":{"@type":"EntryPoint","urlTemplate":"https:\/\/www.fizzyvape.eu\/fr\/?s={search_term_string}"},"query-input":{"@type":"PropertyValueSpecification","valueRequired":true,"valueName":"search_term_string"}}],"inLanguage":"fr-FR"},{"@type":"Organization","@id":"https:\/\/www.fizzyvape.eu\/fr\/#organization","name":"fizzyvape.eu","url":"https:\/\/www.fizzyvape.eu\/fr\/","logo":{"@type":"ImageObject","inLanguage":"fr-FR","@id":"https:\/\/www.fizzyvape.eu\/fr\/#\/schema\/logo\/image\/","url":"https:\/\/fizzyvape.eu\/wp-content\/uploads\/2019\/06\/print-1.svg","contentUrl":"https:\/\/fizzyvape.eu\/wp-content\/uploads\/2019\/06\/print-1.svg","width":124,"height":37,"caption":"fizzyvape.eu"},"image":{"@id":"https:\/\/www.fizzyvape.eu\/fr\/#\/schema\/logo\/image\/"}}]},"og_availability":"out of stock","product_availability":"out of stock","product_condition":"new"},"tiered_pricing_type":"fixed","tiered_pricing_fixed_rules":[],"tiered_pricing_product_settings":{"layout":"default","base_unit_name":{"singular":null,"plural":null},"default_variation":null},"tiered_pricing_minimum_quantity":null,"tiered_pricing_roles_data":[],"tiered_pricing_percentage_rules":[],"tiered_pricing_maximum_quantity":null,"tiered_pricing_quantity_step":null,"_links":{"self":[{"href":"https:\/\/fizzyvape.eu\/fr\/wp-json\/wp\/v2\/product\/25691","targetHints":{"allow":["GET"]}}],"collection":[{"href":"https:\/\/fizzyvape.eu\/fr\/wp-json\/wp\/v2\/product"}],"about":[{"href":"https:\/\/fizzyvape.eu\/fr\/wp-json\/wp\/v2\/types\/product"}],"replies":[{"embeddable":true,"href":"https:\/\/fizzyvape.eu\/fr\/wp-json\/wp\/v2\/comments?post=25691"}],"version-history":[{"count":0,"href":"https:\/\/fizzyvape.eu\/fr\/wp-json\/wp\/v2\/product\/25691\/revisions"}],"wp:featuredmedia":[{"embeddable":true,"href":"https:\/\/fizzyvape.eu\/fr\/wp-json\/wp\/v2\/media\/21235"}],"wp:attachment":[{"href":"https:\/\/fizzyvape.eu\/fr\/wp-json\/wp\/v2\/media?parent=25691"}],"wp:term":[{"taxonomy":"product_brand","embeddable":true,"href":"https:\/\/fizzyvape.eu\/fr\/wp-json\/wp\/v2\/product_brand?post=25691"},{"taxonomy":"product_cat","embeddable":true,"href":"https:\/\/fizzyvape.eu\/fr\/wp-json\/wp\/v2\/product_cat?post=25691"},{"taxonomy":"product_tag","embeddable":true,"href":"https:\/\/fizzyvape.eu\/fr\/wp-json\/wp\/v2\/product_tag?post=25691"}],"curies":[{"name":"wp","href":"https:\/\/api.w.org\/{rel}","templated":true}]}}