{"id":25849,"date":"2025-03-28T18:06:39","date_gmt":"2025-03-28T10:06:39","guid":{"rendered":"https:\/\/fizzyvape.eu\/product\/fizzy-luxury-fraise-banane-15000-boules\/"},"modified":"2025-03-28T18:06:39","modified_gmt":"2025-03-28T10:06:39","slug":"fizzy-luxury-fraise-banane-15000-boules","status":"publish","type":"product","link":"https:\/\/fizzyvape.eu\/fr\/produit\/fizzy-luxury-fraise-banane-15000-boules\/","title":{"rendered":"Fizzy Luxury Fraise Banane &#8211; 15000 boules"},"content":{"rendered":"<div>\n<h2 data-start=\"0\" data-end=\"82\"><strong>Fizzy Luxury Strawberry Banana 15000 Puffs &#8211; Premium Creamy Fruit Disposable Vape<\/strong><\/h2>\n<p>D\u00e9couvrez l&#8217;harmonie parfaite des fruits avec <strong>Fizzy Luxury Strawberry Banana 15000 Puffs<\/strong> &#8211; o\u00f9 la douceur de la fraise (7\/10) rencontre l&#8217;onctuosit\u00e9 de la banane (6\/10), le tout encastr\u00e9 dans notre corps en m\u00e9tal de premi\u00e8re qualit\u00e9 avec un contr\u00f4le pr\u00e9cis de l&#8217;\u00e9coulement de l&#8217;air. Ce produit jetable d&#8217;\u00e9lite d\u00e9livre <strong>15 000 bouff\u00e9es ultra douces<\/strong> d&#8217;une saveur d\u00e9cadente, gr\u00e2ce \u00e0 notre <strong>syst\u00e8me<\/strong> r\u00e9volutionnaire <strong>de bobines \u00e0 quartz Dual-Mesh<\/strong> pour une vapeur velout\u00e9e et un go\u00fbt riche. <\/p>\n<h3><strong>Pourquoi choisir Fizzy Luxury Strawberry Banana 15000 Puffs Vape ?<\/strong><\/h3>\n<p>\ud83c\udf53\ud83c\udf4c <strong>Duo de fruits parfaits<\/strong> &#8211; 60% de fraises m\u00fbres sucr\u00e9es m\u00e9lang\u00e9es \u00e0 40% de bananes cr\u00e9meuses.<br \/>\n\ud83c\udf9b\ufe0f <strong>Smart Airflow Control<\/strong> &#8211; Cadran r\u00e9glable sur 5 niveaux, de MTL serr\u00e9 \u00e0 RDL fluide<br \/>\n\ud83d\udd36 <strong>Construction m\u00e9tallique de luxe<\/strong> &#8211; Aluminium a\u00e9rospatial usin\u00e9 CNC avec finition satin\u00e9e<br \/>\n\u26a1 <strong>15 000 bouff\u00e9es prolong\u00e9es<\/strong> &#8211; La capacit\u00e9 de 22 ml d&#8217;e-liquide dure 25 % plus longtemps que celle des concurrents.<br \/>\n\ud83e\uddca <strong>Technologie SilkFlow<\/strong> &#8211; Les bobines en quartz offrent une vapeur 50 % plus douce que les bobines standard. <\/p>\n<h3><strong>Options de nicotine :<\/strong><\/h3>\n<p>&#8211; <strong data-start=\"1200\" data-end=\"1216\">2% (20mg\/mL<\/strong> ) &#8211; Id\u00e9al pour une exp\u00e9rience de vapotage douce et savoureuse <br data-start=\"1269\" data-end=\"1272\">&#8211; <strong data-start=\"1274\" data-end=\"1290\">5% (50mg\/mL<\/strong> ) &#8211; Con\u00e7u pour un effet en gorge plus fort et plus satisfaisant <\/p>\n<\/div>\n<div>\n<h3>Sp\u00e9cifications<\/h3>\n<table style=\"height: 449px;\" width=\"1340\">\n<tbody>\n<tr>\n<td>Bouff\u00e9es<\/td>\n<td><strong>15000+ Puffs<\/strong><\/td>\n<\/tr>\n<tr>\n<td>Capacit\u00e9 en e-liquide<\/td>\n<td><strong>22ml<\/strong><\/td>\n<\/tr>\n<tr>\n<td>Capacit\u00e9 de la batterie<\/td>\n<td><strong>650mAh<\/strong><\/td>\n<\/tr>\n<tr>\n<td>Bobine en maille<\/td>\n<td><strong>1.4\u03a9<\/strong><\/td>\n<\/tr>\n<tr>\n<td>Taille<\/td>\n<td><strong>53*30*85.3mm<\/strong><\/td>\n<\/tr>\n<tr>\n<td>Jetable ou non<\/td>\n<td><strong>Jetable<\/strong><\/td>\n<\/tr>\n<tr>\n<td>M\u00e9thode de chargement<\/td>\n<td><strong>C\u00e2ble<\/strong><\/td>\n<\/tr>\n<tr>\n<td>M\u00e9thode d&#8217;activation<\/td>\n<td><strong>Capteur<\/strong><\/td>\n<\/tr>\n<tr>\n<td>Mat\u00e9riau<\/td>\n<td><strong>M\u00e9tal<\/strong><\/td>\n<\/tr>\n<tr>\n<td>Taux de nicotine<\/td>\n<td><strong>2% (20mg\/mL) &amp; 5% (50mg\/mL)<\/strong><\/td>\n<\/tr>\n<tr>\n<td>Saveurs<\/td>\n<td><strong>15<\/strong><\/td>\n<\/tr>\n<tr>\n<td>Emballage<\/td>\n<td><strong>1 paquet<\/strong><\/td>\n<\/tr>\n<tr>\n<td>Temps de charge<\/td>\n<td><strong>2 heures<\/strong><\/td>\n<\/tr>\n<tr>\n<td>Stockage<\/td>\n<td><strong>\u00c9vitez les environnements \u00e0 haute temp\u00e9rature et conservez le produit dans un endroit frais et sec.<\/strong><\/td>\n<\/tr>\n<tr>\n<td>Personnes interdites d&#8217;utilisation<\/td>\n<td><strong>Les mineurs, les femmes enceintes et les personnes allergiques aux ingr\u00e9dients du produit.<\/strong><\/td>\n<\/tr>\n<tr>\n<td>Attention<\/td>\n<td><strong>N&#8217;avalez pas cette substance. En cas d&#8217;ingestion, rincez-vous imm\u00e9diatement et abondamment la bouche. Si vous vous sentez mal, consultez un m\u00e9decin.  <\/strong><\/td>\n<\/tr>\n<\/tbody>\n<\/table>\n<h3><strong>Fizzy Luxury <\/strong>15000 Puffs Liste des ar\u00f4mes :<\/h3>\n<ol>\n<li><a href=\"https:\/\/fizzyvape.eu\/product\/fizzy-luxury-blueberry-raspberry-15000-puffs\/\">Myrtille Framboise<\/a><\/li>\n<li><a href=\"https:\/\/fizzyvape.eu\/product\/fizzy-luxury-peach-15000-puffs\/\">P\u00eache<\/a><\/li>\n<li><a href=\"https:\/\/fizzyvape.eu\/fr\/produit\/fizzy-luxury-grape-15000-bouffees\/\">Raisin<\/a><\/li>\n<li><a href=\"https:\/\/fizzyvape.eu\/fr\/produit\/fizzy-luxury-blueberry-15000-bouffees\/\">Myrtille<\/a><\/li>\n<li><a href=\"https:\/\/fizzyvape.eu\/fr\/produit\/fizzy-luxury-strawberry-15000-bouffees\/\">Fraise<\/a><\/li>\n<li><a href=\"https:\/\/fizzyvape.eu\/fr\/produit\/fizzy-luxury-fizzy-cherry-15000-bouffees\/\">Cerise p\u00e9tillante<\/a><\/li>\n<li><a href=\"https:\/\/fizzyvape.eu\/fr\/produit\/fizzy-luxury-raspberry-lemonade-15000-bouffees\/\">Limonade \u00e0 la framboise<\/a><\/li>\n<li><a href=\"https:\/\/fizzyvape.eu\/fr\/produit\/fizzy-luxury-sour-apple-15000-bouffees\/\">Pomme acide<\/a><\/li>\n<li><a href=\"https:\/\/fizzyvape.eu\/fr\/produit\/fizzy-luxury-fraise-kiwi-grenade-15000-boules\/\">Fraise Kiwi Grenade<\/a><\/li>\n<li><a href=\"https:\/\/fizzyvape.eu\/fr\/produit\/fizzy-luxury-lemon-lime-15000-bouffees\/\">Citron vert<\/a><\/li>\n<li><a href=\"https:\/\/fizzyvape.eu\/fr\/produit\/fizzy-luxury-fraise-banane-15000-boules\/\">Fraise et banane<\/a><\/li>\n<li><a href=\"https:\/\/fizzyvape.eu\/product\/fizzy-luxury-orange-mango-watermelon-15000-puffs\/\">Orange Mangue Past\u00e8que<\/a><\/li>\n<li><a href=\"https:\/\/fizzyvape.eu\/fr\/produit\/red-bull-de-luxe-petillant-15000-bouffees\/\">Red Bull<\/a><\/li>\n<li><a href=\"https:\/\/fizzyvape.eu\/fr\/produit\/fizzy-luxury-pink-lemonade-15000-bouffees\/\">Limonade rose<\/a><\/li>\n<li><a href=\"https:\/\/fizzyvape.eu\/fr\/produit\/fizzy-luxury-kiwi-fruit-de-la-passion-goyave-15000-boules\/\">Kiwi Fruit de la passion Goyave<\/a><\/li>\n<\/ol>\n<h3>FAQ \u00e0 propos de Fizzy Luxury Strawberry Banana 15000 Puffs Vape<\/h3>\n<ul>\n<li class=\"\" data-start=\"67\" data-end=\"370\">\n<p class=\"\" data-start=\"70\" data-end=\"370\"><strong data-start=\"70\" data-end=\"149\">Quelle est la saveur de la vape Fizzy Luxury Strawberry Banana 15000 Puffs ?<\/strong><br data-start=\"149\" data-end=\"152\">La <strong data-start=\"70\" data-end=\"149\">vape<\/strong> <strong data-start=\"159\" data-end=\"205\">Fizzy Luxury Strawberry Banana 15000 Puffs<\/strong> offre un <strong data-start=\"217\" data-end=\"267\">m\u00e9lange parfaitement \u00e9quilibr\u00e9 de fraises sucr\u00e9es<\/strong> et de <strong data-start=\"272\" data-end=\"290\">bananes cr\u00e9meuses<\/strong>, offrant une exp\u00e9rience douce et fruit\u00e9e qui est \u00e0 la fois satisfaisante et rafra\u00eechissante.<\/p>\n<\/li>\n<li class=\"\" data-start=\"372\" data-end=\"632\">\n<p class=\"\" data-start=\"375\" data-end=\"632\"><strong data-start=\"375\" data-end=\"445\">Quelle est la dur\u00e9e de vie du Fizzy Luxury Strawberry Banana 15000 Puffs ?<\/strong><br data-start=\"445\" data-end=\"448\">Avec une <strong data-start=\"458\" data-end=\"484\">capacit\u00e9 de 22mL d&#8217;e-liquide<\/strong>, cette vape offre <strong data-start=\"503\" data-end=\"520\">15 000+ bouff\u00e9es<\/strong>, soit une dur\u00e9e de vie d&#8217;environ <strong data-start=\"544\" data-end=\"557\">4 \u00e0 5 semaines<\/strong> selon l&#8217;utilisation, offrant une exp\u00e9rience de vapotage agr\u00e9able et de longue dur\u00e9e.<\/p>\n<\/li>\n<li class=\"\" data-start=\"349\" data-end=\"617\">\n<p class=\"\" data-start=\"352\" data-end=\"617\"><strong>Quel est le taux de nicotine qui me convient ?<\/strong><br \/>\n&#8211; <strong>2% (20mg\/mL) :<\/strong> Id\u00e9al pour le vapotage tout au long de la journ\u00e9e et les connaisseurs d&#8217;ar\u00f4mes.<br \/>\n&#8211; <strong>5% (50mg\/mL) :<\/strong> Parfait pour les anciens fumeurs qui ont besoin d&#8217;une plus grande satisfaction.<\/p>\n<\/li>\n<\/ul>\n<\/div>\n","protected":false},"excerpt":{"rendered":"<p>Laissez-vous tenter par le m\u00e9lange parfait de <strong data-start=\"57\" data-end=\"77\" data-is-only-node=\"\">fraise sucr\u00e9e<\/strong> et de <strong data-start=\"82\" data-end=\"99\">banane cr\u00e9meuse<\/strong> avec <strong data-start=\"105\" data-end=\"151\">Fizzy Luxury Strawberry Banana 15000 Puffs<\/strong>. Cette vape haut de gamme offre <strong data-start=\"178\" data-end=\"201\">15 000 bouff\u00e9es douces<\/strong>, am\u00e9lior\u00e9es par la <strong data-start=\"215\" data-end=\"251\">technologie Dual-Mesh Quartz Coil<\/strong> pour une vapeur velout\u00e9e et une saveur riche dans un corps m\u00e9tallique \u00e9l\u00e9gant. <\/p>\n","protected":false},"featured_media":21315,"comment_status":"open","ping_status":"closed","template":"","meta":{"iawp_total_views":0},"product_brand":[],"product_cat":[332],"product_tag":[333],"class_list":{"0":"post-25849","1":"product","2":"type-product","3":"status-publish","4":"has-post-thumbnail","6":"product_cat-luxury-fr","7":"product_tag-15000-bouffees","9":"first","10":"outofstock","11":"shipping-taxable","12":"purchasable","13":"product-type-variable"},"yoast_head":"<!-- This site is optimized with the Yoast SEO Premium plugin v24.8 (Yoast SEO v24.8) - https:\/\/yoast.com\/wordpress\/plugins\/seo\/ -->\n<title>Fizzy Luxury Fraise Banane - 15000 boules - fizzyvape.eu<\/title>\n<meta name=\"robots\" content=\"index, follow, max-snippet:-1, max-image-preview:large, max-video-preview:-1\" \/>\n<link rel=\"canonical\" href=\"https:\/\/fizzyvape.eu\/fr\/produit\/fizzy-luxury-fraise-banane-15000-boules\/\" \/>\n<meta property=\"og:locale\" content=\"fr_FR\" \/>\n<meta property=\"og:type\" content=\"article\" \/>\n<meta property=\"og:title\" content=\"Fizzy Luxury Fraise Banane - 15000 boules\" \/>\n<meta property=\"og:description\" content=\"Laissez-vous tenter par le m\u00e9lange parfait de fraise sucr\u00e9e et de banane cr\u00e9meuse avec Fizzy Luxury Strawberry Banana 15000 Puffs. Cette vape haut de gamme offre 15 000 bouff\u00e9es douces, am\u00e9lior\u00e9es par la technologie Dual-Mesh Quartz Coil pour une vapeur velout\u00e9e et une saveur riche dans un corps m\u00e9tallique \u00e9l\u00e9gant.\" \/>\n<meta property=\"og:url\" content=\"https:\/\/fizzyvape.eu\/fr\/produit\/fizzy-luxury-fraise-banane-15000-boules\/\" \/>\n<meta property=\"og:site_name\" content=\"fizzyvape.eu\" \/>\n<meta property=\"og:image\" content=\"https:\/\/fizzyvape.eu\/wp-content\/uploads\/2025\/03\/Fizzy-Luxury-Strawberry-Banana-15000puff.jpg\" \/>\n\t<meta property=\"og:image:width\" content=\"1500\" \/>\n\t<meta property=\"og:image:height\" content=\"1500\" \/>\n\t<meta property=\"og:image:type\" content=\"image\/jpeg\" \/>\n<meta name=\"twitter:card\" content=\"summary_large_image\" \/>\n<meta name=\"twitter:label1\" content=\"Disponibilit\u00e9\" \/>\n\t<meta name=\"twitter:data1\" content=\"Rupture de stock\" \/>\n<script type=\"application\/ld+json\" class=\"yoast-schema-graph\">{\"@context\":\"https:\/\/schema.org\",\"@graph\":[{\"@type\":\"WebPage\",\"@id\":\"https:\/\/fizzyvape.eu\/fr\/produit\/fizzy-luxury-fraise-banane-15000-boules\/\",\"url\":\"https:\/\/fizzyvape.eu\/fr\/produit\/fizzy-luxury-fraise-banane-15000-boules\/\",\"name\":\"Fizzy Luxury Fraise Banane - 15000 boules - fizzyvape.eu\",\"isPartOf\":{\"@id\":\"https:\/\/www.fizzyvape.eu\/fr\/#website\"},\"primaryImageOfPage\":{\"@id\":\"https:\/\/fizzyvape.eu\/fr\/produit\/fizzy-luxury-fraise-banane-15000-boules\/#primaryimage\"},\"image\":{\"@id\":\"https:\/\/fizzyvape.eu\/fr\/produit\/fizzy-luxury-fraise-banane-15000-boules\/#primaryimage\"},\"thumbnailUrl\":\"https:\/\/fizzyvape.eu\/wp-content\/uploads\/2025\/03\/Fizzy-Luxury-Strawberry-Banana-15000puff.jpg\",\"datePublished\":\"2025-03-28T10:06:39+00:00\",\"breadcrumb\":{\"@id\":\"https:\/\/fizzyvape.eu\/fr\/produit\/fizzy-luxury-fraise-banane-15000-boules\/#breadcrumb\"},\"inLanguage\":\"fr-FR\",\"potentialAction\":[{\"@type\":\"ReadAction\",\"target\":[\"https:\/\/fizzyvape.eu\/fr\/produit\/fizzy-luxury-fraise-banane-15000-boules\/\"]}]},{\"@type\":\"ImageObject\",\"inLanguage\":\"fr-FR\",\"@id\":\"https:\/\/fizzyvape.eu\/fr\/produit\/fizzy-luxury-fraise-banane-15000-boules\/#primaryimage\",\"url\":\"https:\/\/fizzyvape.eu\/wp-content\/uploads\/2025\/03\/Fizzy-Luxury-Strawberry-Banana-15000puff.jpg\",\"contentUrl\":\"https:\/\/fizzyvape.eu\/wp-content\/uploads\/2025\/03\/Fizzy-Luxury-Strawberry-Banana-15000puff.jpg\",\"width\":1500,\"height\":1500,\"caption\":\"Fizzy-Luxury-Strawberry-Banana-15000puff\"},{\"@type\":\"BreadcrumbList\",\"@id\":\"https:\/\/fizzyvape.eu\/fr\/produit\/fizzy-luxury-fraise-banane-15000-boules\/#breadcrumb\",\"itemListElement\":[{\"@type\":\"ListItem\",\"position\":1,\"name\":\"Home\",\"item\":\"https:\/\/fizzyvape.eu\/fr\/\"},{\"@type\":\"ListItem\",\"position\":2,\"name\":\"Boutique\",\"item\":\"https:\/\/www.fizzyvape.eu\/fr\/boutique\/\"},{\"@type\":\"ListItem\",\"position\":3,\"name\":\"Fizzy Luxury Fraise Banane &#8211; 15000 boules\"}]},{\"@type\":\"WebSite\",\"@id\":\"https:\/\/www.fizzyvape.eu\/fr\/#website\",\"url\":\"https:\/\/www.fizzyvape.eu\/fr\/\",\"name\":\"fizzyvape.eu\",\"description\":\"Refreshing Vapes. Unforgettable Taste.\",\"publisher\":{\"@id\":\"https:\/\/www.fizzyvape.eu\/fr\/#organization\"},\"potentialAction\":[{\"@type\":\"SearchAction\",\"target\":{\"@type\":\"EntryPoint\",\"urlTemplate\":\"https:\/\/www.fizzyvape.eu\/fr\/?s={search_term_string}\"},\"query-input\":{\"@type\":\"PropertyValueSpecification\",\"valueRequired\":true,\"valueName\":\"search_term_string\"}}],\"inLanguage\":\"fr-FR\"},{\"@type\":\"Organization\",\"@id\":\"https:\/\/www.fizzyvape.eu\/fr\/#organization\",\"name\":\"fizzyvape.eu\",\"url\":\"https:\/\/www.fizzyvape.eu\/fr\/\",\"logo\":{\"@type\":\"ImageObject\",\"inLanguage\":\"fr-FR\",\"@id\":\"https:\/\/www.fizzyvape.eu\/fr\/#\/schema\/logo\/image\/\",\"url\":\"https:\/\/fizzyvape.eu\/wp-content\/uploads\/2019\/06\/print-1.svg\",\"contentUrl\":\"https:\/\/fizzyvape.eu\/wp-content\/uploads\/2019\/06\/print-1.svg\",\"width\":124,\"height\":37,\"caption\":\"fizzyvape.eu\"},\"image\":{\"@id\":\"https:\/\/www.fizzyvape.eu\/fr\/#\/schema\/logo\/image\/\"}}]}<\/script>\n<meta property=\"og:availability\" content=\"out of stock\" \/>\n<meta property=\"product:availability\" content=\"out of stock\" \/>\n<meta property=\"product:condition\" content=\"new\" \/>\n<!-- \/ Yoast SEO Premium plugin. -->","yoast_head_json":{"title":"Fizzy Luxury Fraise Banane - 15000 boules - fizzyvape.eu","robots":{"index":"index","follow":"follow","max-snippet":"max-snippet:-1","max-image-preview":"max-image-preview:large","max-video-preview":"max-video-preview:-1"},"canonical":"https:\/\/fizzyvape.eu\/fr\/produit\/fizzy-luxury-fraise-banane-15000-boules\/","og_locale":"fr_FR","og_type":"article","og_title":"Fizzy Luxury Fraise Banane - 15000 boules","og_description":"Laissez-vous tenter par le m\u00e9lange parfait de fraise sucr\u00e9e et de banane cr\u00e9meuse avec Fizzy Luxury Strawberry Banana 15000 Puffs. Cette vape haut de gamme offre 15 000 bouff\u00e9es douces, am\u00e9lior\u00e9es par la technologie Dual-Mesh Quartz Coil pour une vapeur velout\u00e9e et une saveur riche dans un corps m\u00e9tallique \u00e9l\u00e9gant.","og_url":"https:\/\/fizzyvape.eu\/fr\/produit\/fizzy-luxury-fraise-banane-15000-boules\/","og_site_name":"fizzyvape.eu","og_image":[{"width":1500,"height":1500,"url":"https:\/\/fizzyvape.eu\/wp-content\/uploads\/2025\/03\/Fizzy-Luxury-Strawberry-Banana-15000puff.jpg","type":"image\/jpeg"}],"twitter_card":"summary_large_image","twitter_misc":{"Disponibilit\u00e9":"Rupture de stock"},"schema":{"@context":"https:\/\/schema.org","@graph":[{"@type":"WebPage","@id":"https:\/\/fizzyvape.eu\/fr\/produit\/fizzy-luxury-fraise-banane-15000-boules\/","url":"https:\/\/fizzyvape.eu\/fr\/produit\/fizzy-luxury-fraise-banane-15000-boules\/","name":"Fizzy Luxury Fraise Banane - 15000 boules - fizzyvape.eu","isPartOf":{"@id":"https:\/\/www.fizzyvape.eu\/fr\/#website"},"primaryImageOfPage":{"@id":"https:\/\/fizzyvape.eu\/fr\/produit\/fizzy-luxury-fraise-banane-15000-boules\/#primaryimage"},"image":{"@id":"https:\/\/fizzyvape.eu\/fr\/produit\/fizzy-luxury-fraise-banane-15000-boules\/#primaryimage"},"thumbnailUrl":"https:\/\/fizzyvape.eu\/wp-content\/uploads\/2025\/03\/Fizzy-Luxury-Strawberry-Banana-15000puff.jpg","datePublished":"2025-03-28T10:06:39+00:00","breadcrumb":{"@id":"https:\/\/fizzyvape.eu\/fr\/produit\/fizzy-luxury-fraise-banane-15000-boules\/#breadcrumb"},"inLanguage":"fr-FR","potentialAction":[{"@type":"ReadAction","target":["https:\/\/fizzyvape.eu\/fr\/produit\/fizzy-luxury-fraise-banane-15000-boules\/"]}]},{"@type":"ImageObject","inLanguage":"fr-FR","@id":"https:\/\/fizzyvape.eu\/fr\/produit\/fizzy-luxury-fraise-banane-15000-boules\/#primaryimage","url":"https:\/\/fizzyvape.eu\/wp-content\/uploads\/2025\/03\/Fizzy-Luxury-Strawberry-Banana-15000puff.jpg","contentUrl":"https:\/\/fizzyvape.eu\/wp-content\/uploads\/2025\/03\/Fizzy-Luxury-Strawberry-Banana-15000puff.jpg","width":1500,"height":1500,"caption":"Fizzy-Luxury-Strawberry-Banana-15000puff"},{"@type":"BreadcrumbList","@id":"https:\/\/fizzyvape.eu\/fr\/produit\/fizzy-luxury-fraise-banane-15000-boules\/#breadcrumb","itemListElement":[{"@type":"ListItem","position":1,"name":"Home","item":"https:\/\/fizzyvape.eu\/fr\/"},{"@type":"ListItem","position":2,"name":"Boutique","item":"https:\/\/www.fizzyvape.eu\/fr\/boutique\/"},{"@type":"ListItem","position":3,"name":"Fizzy Luxury Fraise Banane &#8211; 15000 boules"}]},{"@type":"WebSite","@id":"https:\/\/www.fizzyvape.eu\/fr\/#website","url":"https:\/\/www.fizzyvape.eu\/fr\/","name":"fizzyvape.eu","description":"Refreshing Vapes. Unforgettable Taste.","publisher":{"@id":"https:\/\/www.fizzyvape.eu\/fr\/#organization"},"potentialAction":[{"@type":"SearchAction","target":{"@type":"EntryPoint","urlTemplate":"https:\/\/www.fizzyvape.eu\/fr\/?s={search_term_string}"},"query-input":{"@type":"PropertyValueSpecification","valueRequired":true,"valueName":"search_term_string"}}],"inLanguage":"fr-FR"},{"@type":"Organization","@id":"https:\/\/www.fizzyvape.eu\/fr\/#organization","name":"fizzyvape.eu","url":"https:\/\/www.fizzyvape.eu\/fr\/","logo":{"@type":"ImageObject","inLanguage":"fr-FR","@id":"https:\/\/www.fizzyvape.eu\/fr\/#\/schema\/logo\/image\/","url":"https:\/\/fizzyvape.eu\/wp-content\/uploads\/2019\/06\/print-1.svg","contentUrl":"https:\/\/fizzyvape.eu\/wp-content\/uploads\/2019\/06\/print-1.svg","width":124,"height":37,"caption":"fizzyvape.eu"},"image":{"@id":"https:\/\/www.fizzyvape.eu\/fr\/#\/schema\/logo\/image\/"}}]},"og_availability":"out of stock","product_availability":"out of stock","product_condition":"new"},"tiered_pricing_type":"fixed","tiered_pricing_fixed_rules":[],"tiered_pricing_product_settings":{"layout":"default","base_unit_name":{"singular":null,"plural":null},"default_variation":null},"tiered_pricing_minimum_quantity":null,"tiered_pricing_roles_data":[],"tiered_pricing_percentage_rules":[],"tiered_pricing_maximum_quantity":null,"tiered_pricing_quantity_step":null,"_links":{"self":[{"href":"https:\/\/fizzyvape.eu\/fr\/wp-json\/wp\/v2\/product\/25849","targetHints":{"allow":["GET"]}}],"collection":[{"href":"https:\/\/fizzyvape.eu\/fr\/wp-json\/wp\/v2\/product"}],"about":[{"href":"https:\/\/fizzyvape.eu\/fr\/wp-json\/wp\/v2\/types\/product"}],"replies":[{"embeddable":true,"href":"https:\/\/fizzyvape.eu\/fr\/wp-json\/wp\/v2\/comments?post=25849"}],"version-history":[{"count":0,"href":"https:\/\/fizzyvape.eu\/fr\/wp-json\/wp\/v2\/product\/25849\/revisions"}],"wp:featuredmedia":[{"embeddable":true,"href":"https:\/\/fizzyvape.eu\/fr\/wp-json\/wp\/v2\/media\/21315"}],"wp:attachment":[{"href":"https:\/\/fizzyvape.eu\/fr\/wp-json\/wp\/v2\/media?parent=25849"}],"wp:term":[{"taxonomy":"product_brand","embeddable":true,"href":"https:\/\/fizzyvape.eu\/fr\/wp-json\/wp\/v2\/product_brand?post=25849"},{"taxonomy":"product_cat","embeddable":true,"href":"https:\/\/fizzyvape.eu\/fr\/wp-json\/wp\/v2\/product_cat?post=25849"},{"taxonomy":"product_tag","embeddable":true,"href":"https:\/\/fizzyvape.eu\/fr\/wp-json\/wp\/v2\/product_tag?post=25849"}],"curies":[{"name":"wp","href":"https:\/\/api.w.org\/{rel}","templated":true}]}}