{"id":25970,"date":"2025-03-27T17:27:55","date_gmt":"2025-03-27T09:27:55","guid":{"rendered":"https:\/\/fizzyvape.eu\/product\/fizzy-boom-fraise-13000-bouffees\/"},"modified":"2025-03-27T17:27:55","modified_gmt":"2025-03-27T09:27:55","slug":"fizzy-boom-fraise-13000-bouffees","status":"publish","type":"product","link":"https:\/\/fizzyvape.eu\/fr\/produit\/fizzy-boom-fraise-13000-bouffees\/","title":{"rendered":"Fizzy Boom Fraise &#8211; 13000 bouff\u00e9es"},"content":{"rendered":"<div>\n<h2><strong>Fizzy Boom Strawberry 13000 Puffs &#8211; Premium Iced Blueberry Vape jetable<\/strong><\/h2>\n<p>Laissez-vous tenter par le go\u00fbt succulent des fraises m\u00fbries au soleil avec <strong>Fizzy Boom Strawberry 13000 Puffs<\/strong>. Cette vape jetable de qualit\u00e9 sup\u00e9rieure offre une authentique saveur de fraise juteuse, sucr\u00e9e mais jamais \u00e9touffante, avec juste ce qu&#8217;il faut d&#8217;acidit\u00e9 naturelle. Con\u00e7u pour les amateurs de fraises, il est dot\u00e9 de notre technologie avanc\u00e9e de bobine \u00e0 double maille qui pr\u00e9serve la v\u00e9ritable essence des baies fra\u00eechement cueillies dans chaque bouff\u00e9e.  <\/p>\n<h3><strong>Pourquoi choisir Fizzy Boom Fraise 13000 bouff\u00e9es ?<\/strong><\/h3>\n<p>\ud83c\udf1f <strong>Un vrai bonheur de fraise<\/strong> &#8211; Un authentique go\u00fbt de fraise m\u00fbrie au soleil <strong>sans arri\u00e8re-go\u00fbt artificiel<\/strong><br \/>\n\ud83c\udf53 <strong>Un \u00e9quilibre parfait entre le sucr\u00e9 et l&#8217;acidul\u00e9<\/strong> &#8211; Un <strong>go\u00fbt sucr\u00e9 de 7\/10<\/strong> pour une authenticit\u00e9 naturelle des baies.<br \/>\n\u26a1 <strong>13 000 bouff\u00e9es<\/strong> &#8211; <strong>Dur\u00e9e de vie de 3 \u00e0 4 semaines<\/strong> (contre 8 000 bouff\u00e9es pour les produits jetables)<br \/>\n\ud83d\udd0b <strong>Rechargeable par USB-C<\/strong> &#8211; <strong>Pas de gaspillage d&#8217;e-liquide<\/strong>; profitez de chaque goutte de la capacit\u00e9 de 21mL.<br \/>\n\ud83d\udc8e <strong>Construction haut de gamme<\/strong> &#8211; <strong>Finition rubis brillant<\/strong>, embouchure ergonomique, et    <strong>conception \u00e9tanche<\/strong><\/p>\n<h3>Contenu de l&#8217;emballage<\/h3>\n<p>1 \u00d7 Dispositif Fizzy Boom Fraise 13000 bouff\u00e9es<\/p>\n<\/div>\n<div>\n<h3>Sp\u00e9cifications<\/h3>\n<table>\n<tbody>\n<tr>\n<td>Bouff\u00e9es<\/td>\n<td><strong>13000+ Puffs<\/strong><\/td>\n<\/tr>\n<tr>\n<td>Capacit\u00e9 en e-liquide<\/td>\n<td><strong>21ml<\/strong><\/td>\n<\/tr>\n<tr>\n<td>Capacit\u00e9 de la batterie<\/td>\n<td><strong>650mAh<\/strong><\/td>\n<\/tr>\n<tr>\n<td>Bobine en maille<\/td>\n<td><strong>1.4\u03a9<\/strong><\/td>\n<\/tr>\n<tr>\n<td>Taille<\/td>\n<td><strong>52,8*76,5*25mm<\/strong><\/td>\n<\/tr>\n<tr>\n<td>Jetable ou non<\/td>\n<td><strong>Jetable<\/strong><\/td>\n<\/tr>\n<tr>\n<td>M\u00e9thode de chargement<\/td>\n<td><strong>C\u00e2ble<\/strong><\/td>\n<\/tr>\n<tr>\n<td>M\u00e9thode d&#8217;activation<\/td>\n<td><strong>Capteur<\/strong><\/td>\n<\/tr>\n<tr>\n<td>Taux de nicotine<\/td>\n<td><strong>2% (20mg\/mL) &amp; 5% (50mg\/mL)<\/strong><\/td>\n<\/tr>\n<tr>\n<td>Saveurs<\/td>\n<td><strong>12<\/strong><\/td>\n<\/tr>\n<tr>\n<td>Emballage<\/td>\n<td><strong>1 paquet<\/strong><\/td>\n<\/tr>\n<tr>\n<td>Temps de charge<\/td>\n<td><strong>2 heures<\/strong><\/td>\n<\/tr>\n<tr>\n<td>Stockage<\/td>\n<td><strong>\u00c9vitez les environnements \u00e0 haute temp\u00e9rature et conservez le produit dans un endroit frais et sec.<\/strong><\/td>\n<\/tr>\n<tr>\n<td>Personnes interdites d&#8217;utilisation<\/td>\n<td><strong>Les mineurs, les femmes enceintes et les personnes allergiques aux ingr\u00e9dients du produit.<\/strong><\/td>\n<\/tr>\n<tr>\n<td>Attention<\/td>\n<td><strong>N&#8217;avalez pas cette substance. En cas d&#8217;ingestion, rincez-vous imm\u00e9diatement et abondamment la bouche. Si vous vous sentez mal, consultez un m\u00e9decin.  <\/strong><\/td>\n<\/tr>\n<\/tbody>\n<\/table>\n<h3>Liste des ar\u00f4mes de <strong>Fizzy Boom <\/strong>13000 Puffs :<\/h3>\n<ol>\n<li><a href=\"https:\/\/fizzyvape.eu\/product\/fizzy-boom-peach-13000-puffs\/\">P\u00eache<\/a><\/li>\n<li><a href=\"https:\/\/fizzyvape.eu\/fr\/produit\/fizzy-boom-blueberry-ice-13000-bouffees\/\">Glace aux myrtilles<\/a><\/li>\n<li><a href=\"https:\/\/fizzyvape.eu\/fr\/produit\/fizzy-boom-grape-ice-13000-bouffees\/\">Glace de raisin<\/a><\/li>\n<li><a href=\"https:\/\/fizzyvape.eu\/fr\/produit\/fizzy-boom-fraise-13000-bouffees\/\">Fraise<\/a><\/li>\n<li><a href=\"https:\/\/fizzyvape.eu\/product\/fizzy-boom-watermelon-ice-13000-puffs\/\">Glace \u00e0 la past\u00e8que<\/a><\/li>\n<li><a href=\"https:\/\/fizzyvape.eu\/fr\/produit\/fizzy-boom-blueberry-watermelon-bubblegum-13000-bouffees\/\">Myrtille Past\u00e8que Bubblegum<\/a><\/li>\n<li><a href=\"https:\/\/fizzyvape.eu\/product\/fizzy-boom-sour-apple-13000-puffs\/\">Pomme acide<\/a><\/li>\n<li><a href=\"https:\/\/fizzyvape.eu\/product\/fizzy-boom-watermelon-cherry-13000-puffs\/\">Past\u00e8que Cerise<\/a><\/li>\n<li><a href=\"https:\/\/fizzyvape.eu\/product\/fizzy-boom-blueberry-melon-13000-puffs\/\">Melon \u00e0 la myrtille<\/a><\/li>\n<li><a href=\"https:\/\/fizzyvape.eu\/product\/fizzy-boom-kiwi-berry-ice-13000-puffs\/\">Glace aux baies de kiwi<\/a><\/li>\n<li><a href=\"https:\/\/fizzyvape.eu\/product\/fizzy-boom-blueberry-raspberry-lemon-13000-puffs\/\">Myrtille Framboise Citron<\/a><\/li>\n<li><a href=\"https:\/\/fizzyvape.eu\/product\/fizzy-boom-strawberry-watermelon-pomegranate-13000-puffs\/\">Fraise Past\u00e8que Grenade<\/a><\/li>\n<\/ol>\n<h3>FAQ \u00e0 propos de Fizzy Boom Strawberry 13000 Puffs Vape<\/h3>\n<ol start=\"1\">\n<li><strong>Quelle est la dur\u00e9e de vie d&#8217;un dispositif Fizzy Boom Strawberry ?<\/strong><br \/>\nAvec <strong>13 000 bouff\u00e9es<\/strong>, ce dispositif dure g\u00e9n\u00e9ralement de <strong>3 \u00e0 4 semaines<\/strong> pour les vapoteurs moyens. La <strong>capacit\u00e9 de 21 ml d&#8217;e-liquide<\/strong> et la <strong>batterie rechargeable TYPE-C<\/strong> garantissent une utilisation prolong\u00e9e entre les charges. <\/li>\n<li><strong>L&#8217;ar\u00f4me de fraise est-il trop sucr\u00e9 ou artificiel ?<\/strong><br \/>\nNon ! Notre saveur est <strong>naturellement \u00e9quilibr\u00e9e<\/strong> &#8211; <strong>7\/10 de douceur<\/strong> avec une acidit\u00e9 authentique (comme les fraises fra\u00eechement cueillies). Il <strong>ne ressemble pas \u00e0 un bonbon<\/strong> et n&#8217;est <strong>pas<\/strong> trop sucr\u00e9.  <\/li>\n<li><strong>Quelle est la consistance du go\u00fbt ?<\/strong><br \/>\nGr\u00e2ce \u00e0 notre <strong>technologie de bobine \u00e0 double maille<\/strong>, le go\u00fbt de la fraise reste <strong>vibrant et constant<\/strong> pendant les 13 000 bouff\u00e9es &#8211; pas de d\u00e9gradation du go\u00fbt comme dans les produits jetables moins chers.<\/li>\n<\/ol>\n<\/div>\n","protected":false},"excerpt":{"rendered":"<p><strong>Fizzy Boom Fraise 13000 bouff\u00e9es<\/strong>: Savourez le go\u00fbt authentique et juteux des fraises m\u00fbries au soleil avec un \u00e9quilibre parfait entre le sucr\u00e9 et l&#8217;acidul\u00e9 dans cette vape jetable rechargeable de tr\u00e8s longue dur\u00e9e.<\/p>\n","protected":false},"featured_media":20899,"comment_status":"open","ping_status":"closed","template":"","meta":{"iawp_total_views":0},"product_brand":[],"product_cat":[322],"product_tag":[323],"class_list":{"0":"post-25970","1":"product","2":"type-product","3":"status-publish","4":"has-post-thumbnail","6":"product_cat-boom-fr","7":"product_tag-13000-bouffees","9":"first","10":"outofstock","11":"shipping-taxable","12":"purchasable","13":"product-type-variable"},"yoast_head":"<!-- This site is optimized with the Yoast SEO Premium plugin v24.8 (Yoast SEO v24.8) - https:\/\/yoast.com\/wordpress\/plugins\/seo\/ -->\n<title>Fizzy Boom Fraise - 13000 bouff\u00e9es - fizzyvape.eu<\/title>\n<meta name=\"robots\" content=\"index, follow, max-snippet:-1, max-image-preview:large, max-video-preview:-1\" \/>\n<link rel=\"canonical\" href=\"https:\/\/fizzyvape.eu\/fr\/produit\/fizzy-boom-fraise-13000-bouffees\/\" \/>\n<meta property=\"og:locale\" content=\"fr_FR\" \/>\n<meta property=\"og:type\" content=\"article\" \/>\n<meta property=\"og:title\" content=\"Fizzy Boom Fraise - 13000 bouff\u00e9es\" \/>\n<meta property=\"og:description\" content=\"Fizzy Boom Fraise 13000 bouff\u00e9es: Savourez le go\u00fbt authentique et juteux des fraises m\u00fbries au soleil avec un \u00e9quilibre parfait entre le sucr\u00e9 et l&#039;acidul\u00e9 dans cette vape jetable rechargeable de tr\u00e8s longue dur\u00e9e.\" \/>\n<meta property=\"og:url\" content=\"https:\/\/fizzyvape.eu\/fr\/produit\/fizzy-boom-fraise-13000-bouffees\/\" \/>\n<meta property=\"og:site_name\" content=\"fizzyvape.eu\" \/>\n<meta property=\"og:image\" content=\"https:\/\/fizzyvape.eu\/wp-content\/uploads\/2025\/03\/FizzyVape-Boom-Strawberry-13000puff.jpg\" \/>\n\t<meta property=\"og:image:width\" content=\"1500\" \/>\n\t<meta property=\"og:image:height\" content=\"1500\" \/>\n\t<meta property=\"og:image:type\" content=\"image\/jpeg\" \/>\n<meta name=\"twitter:card\" content=\"summary_large_image\" \/>\n<meta name=\"twitter:label1\" content=\"Disponibilit\u00e9\" \/>\n\t<meta name=\"twitter:data1\" content=\"Rupture de stock\" \/>\n<script type=\"application\/ld+json\" class=\"yoast-schema-graph\">{\"@context\":\"https:\/\/schema.org\",\"@graph\":[{\"@type\":\"WebPage\",\"@id\":\"https:\/\/fizzyvape.eu\/fr\/produit\/fizzy-boom-fraise-13000-bouffees\/\",\"url\":\"https:\/\/fizzyvape.eu\/fr\/produit\/fizzy-boom-fraise-13000-bouffees\/\",\"name\":\"Fizzy Boom Fraise - 13000 bouff\u00e9es - fizzyvape.eu\",\"isPartOf\":{\"@id\":\"https:\/\/www.fizzyvape.eu\/fr\/#website\"},\"primaryImageOfPage\":{\"@id\":\"https:\/\/fizzyvape.eu\/fr\/produit\/fizzy-boom-fraise-13000-bouffees\/#primaryimage\"},\"image\":{\"@id\":\"https:\/\/fizzyvape.eu\/fr\/produit\/fizzy-boom-fraise-13000-bouffees\/#primaryimage\"},\"thumbnailUrl\":\"https:\/\/fizzyvape.eu\/wp-content\/uploads\/2025\/03\/FizzyVape-Boom-Strawberry-13000puff.jpg\",\"datePublished\":\"2025-03-27T09:27:55+00:00\",\"breadcrumb\":{\"@id\":\"https:\/\/fizzyvape.eu\/fr\/produit\/fizzy-boom-fraise-13000-bouffees\/#breadcrumb\"},\"inLanguage\":\"fr-FR\",\"potentialAction\":[{\"@type\":\"ReadAction\",\"target\":[\"https:\/\/fizzyvape.eu\/fr\/produit\/fizzy-boom-fraise-13000-bouffees\/\"]}]},{\"@type\":\"ImageObject\",\"inLanguage\":\"fr-FR\",\"@id\":\"https:\/\/fizzyvape.eu\/fr\/produit\/fizzy-boom-fraise-13000-bouffees\/#primaryimage\",\"url\":\"https:\/\/fizzyvape.eu\/wp-content\/uploads\/2025\/03\/FizzyVape-Boom-Strawberry-13000puff.jpg\",\"contentUrl\":\"https:\/\/fizzyvape.eu\/wp-content\/uploads\/2025\/03\/FizzyVape-Boom-Strawberry-13000puff.jpg\",\"width\":1500,\"height\":1500,\"caption\":\"FizzyVape-Boom-Strawberry-13000puff\"},{\"@type\":\"BreadcrumbList\",\"@id\":\"https:\/\/fizzyvape.eu\/fr\/produit\/fizzy-boom-fraise-13000-bouffees\/#breadcrumb\",\"itemListElement\":[{\"@type\":\"ListItem\",\"position\":1,\"name\":\"Home\",\"item\":\"https:\/\/fizzyvape.eu\/fr\/\"},{\"@type\":\"ListItem\",\"position\":2,\"name\":\"Boutique\",\"item\":\"https:\/\/www.fizzyvape.eu\/fr\/boutique\/\"},{\"@type\":\"ListItem\",\"position\":3,\"name\":\"Fizzy Boom Fraise &#8211; 13000 bouff\u00e9es\"}]},{\"@type\":\"WebSite\",\"@id\":\"https:\/\/www.fizzyvape.eu\/fr\/#website\",\"url\":\"https:\/\/www.fizzyvape.eu\/fr\/\",\"name\":\"fizzyvape.eu\",\"description\":\"Refreshing Vapes. Unforgettable Taste.\",\"publisher\":{\"@id\":\"https:\/\/www.fizzyvape.eu\/fr\/#organization\"},\"potentialAction\":[{\"@type\":\"SearchAction\",\"target\":{\"@type\":\"EntryPoint\",\"urlTemplate\":\"https:\/\/www.fizzyvape.eu\/fr\/?s={search_term_string}\"},\"query-input\":{\"@type\":\"PropertyValueSpecification\",\"valueRequired\":true,\"valueName\":\"search_term_string\"}}],\"inLanguage\":\"fr-FR\"},{\"@type\":\"Organization\",\"@id\":\"https:\/\/www.fizzyvape.eu\/fr\/#organization\",\"name\":\"fizzyvape.eu\",\"url\":\"https:\/\/www.fizzyvape.eu\/fr\/\",\"logo\":{\"@type\":\"ImageObject\",\"inLanguage\":\"fr-FR\",\"@id\":\"https:\/\/www.fizzyvape.eu\/fr\/#\/schema\/logo\/image\/\",\"url\":\"https:\/\/fizzyvape.eu\/wp-content\/uploads\/2019\/06\/print-1.svg\",\"contentUrl\":\"https:\/\/fizzyvape.eu\/wp-content\/uploads\/2019\/06\/print-1.svg\",\"width\":124,\"height\":37,\"caption\":\"fizzyvape.eu\"},\"image\":{\"@id\":\"https:\/\/www.fizzyvape.eu\/fr\/#\/schema\/logo\/image\/\"}}]}<\/script>\n<meta property=\"og:availability\" content=\"out of stock\" \/>\n<meta property=\"product:availability\" content=\"out of stock\" \/>\n<meta property=\"product:condition\" content=\"new\" \/>\n<!-- \/ Yoast SEO Premium plugin. -->","yoast_head_json":{"title":"Fizzy Boom Fraise - 13000 bouff\u00e9es - fizzyvape.eu","robots":{"index":"index","follow":"follow","max-snippet":"max-snippet:-1","max-image-preview":"max-image-preview:large","max-video-preview":"max-video-preview:-1"},"canonical":"https:\/\/fizzyvape.eu\/fr\/produit\/fizzy-boom-fraise-13000-bouffees\/","og_locale":"fr_FR","og_type":"article","og_title":"Fizzy Boom Fraise - 13000 bouff\u00e9es","og_description":"Fizzy Boom Fraise 13000 bouff\u00e9es: Savourez le go\u00fbt authentique et juteux des fraises m\u00fbries au soleil avec un \u00e9quilibre parfait entre le sucr\u00e9 et l'acidul\u00e9 dans cette vape jetable rechargeable de tr\u00e8s longue dur\u00e9e.","og_url":"https:\/\/fizzyvape.eu\/fr\/produit\/fizzy-boom-fraise-13000-bouffees\/","og_site_name":"fizzyvape.eu","og_image":[{"width":1500,"height":1500,"url":"https:\/\/fizzyvape.eu\/wp-content\/uploads\/2025\/03\/FizzyVape-Boom-Strawberry-13000puff.jpg","type":"image\/jpeg"}],"twitter_card":"summary_large_image","twitter_misc":{"Disponibilit\u00e9":"Rupture de stock"},"schema":{"@context":"https:\/\/schema.org","@graph":[{"@type":"WebPage","@id":"https:\/\/fizzyvape.eu\/fr\/produit\/fizzy-boom-fraise-13000-bouffees\/","url":"https:\/\/fizzyvape.eu\/fr\/produit\/fizzy-boom-fraise-13000-bouffees\/","name":"Fizzy Boom Fraise - 13000 bouff\u00e9es - fizzyvape.eu","isPartOf":{"@id":"https:\/\/www.fizzyvape.eu\/fr\/#website"},"primaryImageOfPage":{"@id":"https:\/\/fizzyvape.eu\/fr\/produit\/fizzy-boom-fraise-13000-bouffees\/#primaryimage"},"image":{"@id":"https:\/\/fizzyvape.eu\/fr\/produit\/fizzy-boom-fraise-13000-bouffees\/#primaryimage"},"thumbnailUrl":"https:\/\/fizzyvape.eu\/wp-content\/uploads\/2025\/03\/FizzyVape-Boom-Strawberry-13000puff.jpg","datePublished":"2025-03-27T09:27:55+00:00","breadcrumb":{"@id":"https:\/\/fizzyvape.eu\/fr\/produit\/fizzy-boom-fraise-13000-bouffees\/#breadcrumb"},"inLanguage":"fr-FR","potentialAction":[{"@type":"ReadAction","target":["https:\/\/fizzyvape.eu\/fr\/produit\/fizzy-boom-fraise-13000-bouffees\/"]}]},{"@type":"ImageObject","inLanguage":"fr-FR","@id":"https:\/\/fizzyvape.eu\/fr\/produit\/fizzy-boom-fraise-13000-bouffees\/#primaryimage","url":"https:\/\/fizzyvape.eu\/wp-content\/uploads\/2025\/03\/FizzyVape-Boom-Strawberry-13000puff.jpg","contentUrl":"https:\/\/fizzyvape.eu\/wp-content\/uploads\/2025\/03\/FizzyVape-Boom-Strawberry-13000puff.jpg","width":1500,"height":1500,"caption":"FizzyVape-Boom-Strawberry-13000puff"},{"@type":"BreadcrumbList","@id":"https:\/\/fizzyvape.eu\/fr\/produit\/fizzy-boom-fraise-13000-bouffees\/#breadcrumb","itemListElement":[{"@type":"ListItem","position":1,"name":"Home","item":"https:\/\/fizzyvape.eu\/fr\/"},{"@type":"ListItem","position":2,"name":"Boutique","item":"https:\/\/www.fizzyvape.eu\/fr\/boutique\/"},{"@type":"ListItem","position":3,"name":"Fizzy Boom Fraise &#8211; 13000 bouff\u00e9es"}]},{"@type":"WebSite","@id":"https:\/\/www.fizzyvape.eu\/fr\/#website","url":"https:\/\/www.fizzyvape.eu\/fr\/","name":"fizzyvape.eu","description":"Refreshing Vapes. Unforgettable Taste.","publisher":{"@id":"https:\/\/www.fizzyvape.eu\/fr\/#organization"},"potentialAction":[{"@type":"SearchAction","target":{"@type":"EntryPoint","urlTemplate":"https:\/\/www.fizzyvape.eu\/fr\/?s={search_term_string}"},"query-input":{"@type":"PropertyValueSpecification","valueRequired":true,"valueName":"search_term_string"}}],"inLanguage":"fr-FR"},{"@type":"Organization","@id":"https:\/\/www.fizzyvape.eu\/fr\/#organization","name":"fizzyvape.eu","url":"https:\/\/www.fizzyvape.eu\/fr\/","logo":{"@type":"ImageObject","inLanguage":"fr-FR","@id":"https:\/\/www.fizzyvape.eu\/fr\/#\/schema\/logo\/image\/","url":"https:\/\/fizzyvape.eu\/wp-content\/uploads\/2019\/06\/print-1.svg","contentUrl":"https:\/\/fizzyvape.eu\/wp-content\/uploads\/2019\/06\/print-1.svg","width":124,"height":37,"caption":"fizzyvape.eu"},"image":{"@id":"https:\/\/www.fizzyvape.eu\/fr\/#\/schema\/logo\/image\/"}}]},"og_availability":"out of stock","product_availability":"out of stock","product_condition":"new"},"tiered_pricing_type":"fixed","tiered_pricing_fixed_rules":[],"tiered_pricing_product_settings":{"layout":"default","base_unit_name":{"singular":null,"plural":null},"default_variation":null},"tiered_pricing_minimum_quantity":null,"tiered_pricing_roles_data":[],"tiered_pricing_percentage_rules":[],"tiered_pricing_maximum_quantity":null,"tiered_pricing_quantity_step":null,"_links":{"self":[{"href":"https:\/\/fizzyvape.eu\/fr\/wp-json\/wp\/v2\/product\/25970","targetHints":{"allow":["GET"]}}],"collection":[{"href":"https:\/\/fizzyvape.eu\/fr\/wp-json\/wp\/v2\/product"}],"about":[{"href":"https:\/\/fizzyvape.eu\/fr\/wp-json\/wp\/v2\/types\/product"}],"replies":[{"embeddable":true,"href":"https:\/\/fizzyvape.eu\/fr\/wp-json\/wp\/v2\/comments?post=25970"}],"version-history":[{"count":0,"href":"https:\/\/fizzyvape.eu\/fr\/wp-json\/wp\/v2\/product\/25970\/revisions"}],"wp:featuredmedia":[{"embeddable":true,"href":"https:\/\/fizzyvape.eu\/fr\/wp-json\/wp\/v2\/media\/20899"}],"wp:attachment":[{"href":"https:\/\/fizzyvape.eu\/fr\/wp-json\/wp\/v2\/media?parent=25970"}],"wp:term":[{"taxonomy":"product_brand","embeddable":true,"href":"https:\/\/fizzyvape.eu\/fr\/wp-json\/wp\/v2\/product_brand?post=25970"},{"taxonomy":"product_cat","embeddable":true,"href":"https:\/\/fizzyvape.eu\/fr\/wp-json\/wp\/v2\/product_cat?post=25970"},{"taxonomy":"product_tag","embeddable":true,"href":"https:\/\/fizzyvape.eu\/fr\/wp-json\/wp\/v2\/product_tag?post=25970"}],"curies":[{"name":"wp","href":"https:\/\/api.w.org\/{rel}","templated":true}]}}