{"id":26037,"date":"2025-03-27T17:55:25","date_gmt":"2025-03-27T09:55:25","guid":{"rendered":"https:\/\/fizzyvape.eu\/product\/fizzy-boom-sour-apple-13000-bouffees\/"},"modified":"2025-03-27T17:55:25","modified_gmt":"2025-03-27T09:55:25","slug":"fizzy-boom-sour-apple-13000-bouffees","status":"publish","type":"product","link":"https:\/\/fizzyvape.eu\/fr\/produit\/fizzy-boom-sour-apple-13000-bouffees\/","title":{"rendered":"Fizzy Boom Sour Apple &#8211; 13000 bouff\u00e9es"},"content":{"rendered":"<div>\n<h2><strong>Fizzy Boom Sour Apple 13000 Puffs &#8211; Premium Tangy Disposable Vape<\/strong><\/h2>\n<p>Pr\u00e9parez-vous \u00e0 un <strong>coup de poing croquant et acidul\u00e9<\/strong> avec <strong>Fizzy Boom Sour Apple 13000 Puffs<\/strong>! Cette vape jetable de qualit\u00e9 sup\u00e9rieure offre une saveur de <strong>pomme verte acidul\u00e9e<\/strong> \u00e9lectrisante avec un juste \u00e9quilibre de douceur et d&#8217;acidit\u00e9, comme si vous mordiez dans une pomme Granny Smith fra\u00eeche. Parfait pour les vapoteurs qui ont envie d&#8217;une exp\u00e9rience <strong>piquante et rafra\u00eechissante<\/strong>, il propose <strong>13 000 bouff\u00e9es ultra-douces<\/strong> d&#8217;<strong>e-liquide sal\u00e9 \u00e0 5 % de nicotine<\/strong> dans un design \u00e9l\u00e9gant, <strong>rechargeable par USB-C<\/strong>, avec une <strong>technologie de bobine \u00e0 double maille<\/strong> pour une <strong>saveur et une production de vapeur maximales<\/strong>. <\/p>\n<h3><strong>Pourquoi choisir Fizzy Boom Sour Apple 13000 Puffs ?<\/strong><\/h3>\n<p><strong>\ud83c\udf4f<\/strong><strong>Go\u00fbt authentique de pomme acide<\/strong> &#8211; Fabriqu\u00e9 avec de vrais extraits de pomme pour un <strong>go\u00fbt de fruit authentique<\/strong><br \/>\n\u26a1 <strong>13 000 bouff\u00e9es prolong\u00e9es<\/strong> &#8211; Dur\u00e9e de vie de <strong>3 \u00e0 4 semaines<\/strong> (par rapport aux bouff\u00e9es jetables standard de 8 000 bouff\u00e9es)<br \/>\n\ud83d\udd0b <strong>Rechargeable par USB-C<\/strong> &#8211; La <strong>batterie de 650mAh<\/strong> permet de ne pas gaspiller d&#8217;e-liquide.<br \/>\n\ud83d\udc8e <strong>Construction haut de gamme<\/strong> &#8211; <strong>Finition d\u00e9grad\u00e9e vert mat<\/strong> et <strong>conception \u00e9tanche<\/strong><br \/>\n\ud83c\udf3f <strong>Douceur et piquant<\/strong> &#8211; <strong>5% de sel de nicotine<\/strong> pour un <strong>effet de gorge parfait<\/strong> sans agressivit\u00e9      <\/p>\n<h3>Contenu de l&#8217;emballage<\/h3>\n<p>1 \u00d7 Dispositif Fizzy Boom Sour Apple<\/p>\n<\/div>\n<div>\n<h3>Sp\u00e9cifications<\/h3>\n<table>\n<tbody>\n<tr>\n<td>Bouff\u00e9es<\/td>\n<td><strong>13000+ Puffs<\/strong><\/td>\n<\/tr>\n<tr>\n<td>Capacit\u00e9 en e-liquide<\/td>\n<td><strong>21ml<\/strong><\/td>\n<\/tr>\n<tr>\n<td>Capacit\u00e9 de la batterie<\/td>\n<td><strong>650mAh<\/strong><\/td>\n<\/tr>\n<tr>\n<td>Bobine en maille<\/td>\n<td><strong>1.4\u03a9<\/strong><\/td>\n<\/tr>\n<tr>\n<td>Taille<\/td>\n<td><strong>52,8*76,5*25mm<\/strong><\/td>\n<\/tr>\n<tr>\n<td>Jetable ou non<\/td>\n<td><strong>Jetable<\/strong><\/td>\n<\/tr>\n<tr>\n<td>M\u00e9thode de chargement<\/td>\n<td><strong>C\u00e2ble<\/strong><\/td>\n<\/tr>\n<tr>\n<td>M\u00e9thode d&#8217;activation<\/td>\n<td><strong>Capteur<\/strong><\/td>\n<\/tr>\n<tr>\n<td>Taux de nicotine<\/td>\n<td><strong>2% (20mg\/mL) &amp; 5% (50mg\/mL)<\/strong><\/td>\n<\/tr>\n<tr>\n<td>Saveurs<\/td>\n<td><strong>12<\/strong><\/td>\n<\/tr>\n<tr>\n<td>Emballage<\/td>\n<td><strong>1 paquet<\/strong><\/td>\n<\/tr>\n<tr>\n<td>Temps de charge<\/td>\n<td><strong>2 heures<\/strong><\/td>\n<\/tr>\n<tr>\n<td>Stockage<\/td>\n<td><strong>\u00c9vitez les environnements \u00e0 haute temp\u00e9rature et conservez le produit dans un endroit frais et sec.<\/strong><\/td>\n<\/tr>\n<tr>\n<td>Personnes interdites d&#8217;utilisation<\/td>\n<td><strong>Les mineurs, les femmes enceintes et les personnes allergiques aux ingr\u00e9dients du produit.<\/strong><\/td>\n<\/tr>\n<tr>\n<td>Attention<\/td>\n<td><strong>N&#8217;avalez pas cette substance. En cas d&#8217;ingestion, rincez-vous imm\u00e9diatement et abondamment la bouche. Si vous vous sentez mal, consultez un m\u00e9decin.  <\/strong><\/td>\n<\/tr>\n<\/tbody>\n<\/table>\n<h3>Liste des ar\u00f4mes de <strong>Fizzy Boom <\/strong>13000 Puffs :<\/h3>\n<ol>\n<li><a href=\"https:\/\/fizzyvape.eu\/product\/fizzy-boom-peach-13000-puffs\/\">P\u00eache<\/a><\/li>\n<li><a href=\"https:\/\/fizzyvape.eu\/fr\/produit\/fizzy-boom-blueberry-ice-13000-bouffees\/\">Glace aux myrtilles<\/a><\/li>\n<li><a href=\"https:\/\/fizzyvape.eu\/fr\/produit\/fizzy-boom-grape-ice-13000-bouffees\/\">Glace de raisin<\/a><\/li>\n<li><a href=\"https:\/\/fizzyvape.eu\/fr\/produit\/fizzy-boom-fraise-13000-bouffees\/\">Fraise<\/a><\/li>\n<li><a href=\"https:\/\/fizzyvape.eu\/fr\/produit\/fizzy-boom-watermelon-ice-13000-bouffees\/\">Glace \u00e0 la past\u00e8que<\/a><\/li>\n<li><a href=\"https:\/\/fizzyvape.eu\/fr\/produit\/fizzy-boom-blueberry-watermelon-bubblegum-13000-bouffees\/\">Myrtille Past\u00e8que Bubblegum<\/a><\/li>\n<li><a href=\"https:\/\/fizzyvape.eu\/fr\/produit\/fizzy-boom-sour-apple-13000-bouffees\/\">Pomme acide<\/a><\/li>\n<li><a href=\"https:\/\/fizzyvape.eu\/fr\/produit\/fizzy-boom-pasteque-cerise-13000-bouffees\/\">Past\u00e8que Cerise<\/a><\/li>\n<li><a href=\"https:\/\/fizzyvape.eu\/product\/fizzy-boom-blueberry-melon-13000-puffs\/\">Melon \u00e0 la myrtille<\/a><\/li>\n<li><a href=\"https:\/\/fizzyvape.eu\/product\/fizzy-boom-kiwi-berry-ice-13000-puffs\/\">Glace aux baies de kiwi<\/a><\/li>\n<li><a href=\"https:\/\/fizzyvape.eu\/product\/fizzy-boom-blueberry-raspberry-lemon-13000-puffs\/\">Myrtille Framboise Citron<\/a><\/li>\n<li><a href=\"https:\/\/fizzyvape.eu\/product\/fizzy-boom-strawberry-watermelon-pomegranate-13000-puffs\/\">Fraise Past\u00e8que Grenade<\/a><\/li>\n<\/ol>\n<h3>FAQ \u00e0 propos de Fizzy Boom Sour Apple 13000 Puffs Vape<\/h3>\n<ol start=\"1\">\n<li><strong>Quel est le degr\u00e9 d&#8217;acidit\u00e9 de la saveur de la pomme ?<\/strong><br \/>\nL&#8217;intensit\u00e9 de l&#8217;acidit\u00e9 est \u00e9valu\u00e9e \u00e0 7,5\/10 &#8211; offrant une sensation acidul\u00e9e satisfaisante, comme si vous mordiez dans une pomme Granny Smith fra\u00eeche, \u00e9quilibr\u00e9e avec juste assez de douceur (3,5\/10) pour rester agr\u00e9able \u00e0 vaper tout au long de la journ\u00e9e.<\/li>\n<li><strong>Le go\u00fbt amer s&#8217;estompera-t-il avec le temps ?<\/strong><br \/>\nNon ! Notre technologie de pointe en mati\u00e8re d&#8217;ar\u00f4mes maintient une acidit\u00e9 constante tout au long des 13 000 bouff\u00e9es. 91% des utilisateurs d\u00e9clarent que l&#8217;ar\u00f4me de pomme acide reste vif jusqu&#8217;\u00e0 la derni\u00e8re bouff\u00e9e.  <\/li>\n<li><strong>Combien de charges faut-il pour utiliser tout l&#8217;e-liquide ?<\/strong><br \/>\nLa batterie de 650mAh n\u00e9cessite g\u00e9n\u00e9ralement 2 \u00e0 3 charges compl\u00e8tes pour utiliser compl\u00e8tement l&#8217;e-liquide de 21mL (chaque charge permet d&#8217;obtenir environ 4500 bouff\u00e9es).<\/li>\n<\/ol>\n<\/div>\n","protected":false},"excerpt":{"rendered":"<p>D\u00e9couvrez l&#8217;\u00e9quilibre parfait entre l&#8217;acidul\u00e9 et le sucr\u00e9 avec <strong>Fizzy Boom Sour Apple 13000 Puffs<\/strong>! Cette vape jetable de qualit\u00e9 sup\u00e9rieure offre une saveur de pomme verte acidul\u00e9e \u00e9lectrisante de 7,5\/10 avec un go\u00fbt sucr\u00e9 de seulement 3,5\/10 &#8211; comme si vous mordiez dans une pomme Granny Smith fra\u00eeche.<\/p>\n","protected":false},"featured_media":20891,"comment_status":"open","ping_status":"closed","template":"","meta":{"iawp_total_views":0},"product_brand":[],"product_cat":[322],"product_tag":[323],"class_list":{"0":"post-26037","1":"product","2":"type-product","3":"status-publish","4":"has-post-thumbnail","6":"product_cat-boom-fr","7":"product_tag-13000-bouffees","9":"first","10":"outofstock","11":"shipping-taxable","12":"purchasable","13":"product-type-variable"},"yoast_head":"<!-- This site is optimized with the Yoast SEO Premium plugin v24.8 (Yoast SEO v24.8) - https:\/\/yoast.com\/wordpress\/plugins\/seo\/ -->\n<title>Fizzy Boom Sour Apple - 13000 bouff\u00e9es - fizzyvape.eu<\/title>\n<meta name=\"robots\" content=\"index, follow, max-snippet:-1, max-image-preview:large, max-video-preview:-1\" \/>\n<link rel=\"canonical\" href=\"https:\/\/fizzyvape.eu\/fr\/produit\/fizzy-boom-sour-apple-13000-bouffees\/\" \/>\n<meta property=\"og:locale\" content=\"fr_FR\" \/>\n<meta property=\"og:type\" content=\"article\" \/>\n<meta property=\"og:title\" content=\"Fizzy Boom Sour Apple - 13000 bouff\u00e9es\" \/>\n<meta property=\"og:description\" content=\"D\u00e9couvrez l&#039;\u00e9quilibre parfait entre l&#039;acidul\u00e9 et le sucr\u00e9 avec Fizzy Boom Sour Apple 13000 Puffs! Cette vape jetable de qualit\u00e9 sup\u00e9rieure offre une saveur de pomme verte acidul\u00e9e \u00e9lectrisante de 7,5\/10 avec un go\u00fbt sucr\u00e9 de seulement 3,5\/10 - comme si vous mordiez dans une pomme Granny Smith fra\u00eeche.\" \/>\n<meta property=\"og:url\" content=\"https:\/\/fizzyvape.eu\/fr\/produit\/fizzy-boom-sour-apple-13000-bouffees\/\" \/>\n<meta property=\"og:site_name\" content=\"fizzyvape.eu\" \/>\n<meta property=\"og:image\" content=\"https:\/\/fizzyvape.eu\/wp-content\/uploads\/2025\/03\/FizzyVape-Boom-Sour-Apple-13000puff.jpg\" \/>\n\t<meta property=\"og:image:width\" content=\"1500\" \/>\n\t<meta property=\"og:image:height\" content=\"1500\" \/>\n\t<meta property=\"og:image:type\" content=\"image\/jpeg\" \/>\n<meta name=\"twitter:card\" content=\"summary_large_image\" \/>\n<meta name=\"twitter:label1\" content=\"Disponibilit\u00e9\" \/>\n\t<meta name=\"twitter:data1\" content=\"Rupture de stock\" \/>\n<script type=\"application\/ld+json\" class=\"yoast-schema-graph\">{\"@context\":\"https:\/\/schema.org\",\"@graph\":[{\"@type\":\"WebPage\",\"@id\":\"https:\/\/fizzyvape.eu\/fr\/produit\/fizzy-boom-sour-apple-13000-bouffees\/\",\"url\":\"https:\/\/fizzyvape.eu\/fr\/produit\/fizzy-boom-sour-apple-13000-bouffees\/\",\"name\":\"Fizzy Boom Sour Apple - 13000 bouff\u00e9es - fizzyvape.eu\",\"isPartOf\":{\"@id\":\"https:\/\/www.fizzyvape.eu\/fr\/#website\"},\"primaryImageOfPage\":{\"@id\":\"https:\/\/fizzyvape.eu\/fr\/produit\/fizzy-boom-sour-apple-13000-bouffees\/#primaryimage\"},\"image\":{\"@id\":\"https:\/\/fizzyvape.eu\/fr\/produit\/fizzy-boom-sour-apple-13000-bouffees\/#primaryimage\"},\"thumbnailUrl\":\"https:\/\/fizzyvape.eu\/wp-content\/uploads\/2025\/03\/FizzyVape-Boom-Sour-Apple-13000puff.jpg\",\"datePublished\":\"2025-03-27T09:55:25+00:00\",\"breadcrumb\":{\"@id\":\"https:\/\/fizzyvape.eu\/fr\/produit\/fizzy-boom-sour-apple-13000-bouffees\/#breadcrumb\"},\"inLanguage\":\"fr-FR\",\"potentialAction\":[{\"@type\":\"ReadAction\",\"target\":[\"https:\/\/fizzyvape.eu\/fr\/produit\/fizzy-boom-sour-apple-13000-bouffees\/\"]}]},{\"@type\":\"ImageObject\",\"inLanguage\":\"fr-FR\",\"@id\":\"https:\/\/fizzyvape.eu\/fr\/produit\/fizzy-boom-sour-apple-13000-bouffees\/#primaryimage\",\"url\":\"https:\/\/fizzyvape.eu\/wp-content\/uploads\/2025\/03\/FizzyVape-Boom-Sour-Apple-13000puff.jpg\",\"contentUrl\":\"https:\/\/fizzyvape.eu\/wp-content\/uploads\/2025\/03\/FizzyVape-Boom-Sour-Apple-13000puff.jpg\",\"width\":1500,\"height\":1500,\"caption\":\"FizzyVape-Boom-Pomme d'amour-13000puff\"},{\"@type\":\"BreadcrumbList\",\"@id\":\"https:\/\/fizzyvape.eu\/fr\/produit\/fizzy-boom-sour-apple-13000-bouffees\/#breadcrumb\",\"itemListElement\":[{\"@type\":\"ListItem\",\"position\":1,\"name\":\"Home\",\"item\":\"https:\/\/fizzyvape.eu\/fr\/\"},{\"@type\":\"ListItem\",\"position\":2,\"name\":\"Boutique\",\"item\":\"https:\/\/www.fizzyvape.eu\/fr\/boutique\/\"},{\"@type\":\"ListItem\",\"position\":3,\"name\":\"Fizzy Boom Sour Apple &#8211; 13000 bouff\u00e9es\"}]},{\"@type\":\"WebSite\",\"@id\":\"https:\/\/www.fizzyvape.eu\/fr\/#website\",\"url\":\"https:\/\/www.fizzyvape.eu\/fr\/\",\"name\":\"fizzyvape.eu\",\"description\":\"Refreshing Vapes. Unforgettable Taste.\",\"publisher\":{\"@id\":\"https:\/\/www.fizzyvape.eu\/fr\/#organization\"},\"potentialAction\":[{\"@type\":\"SearchAction\",\"target\":{\"@type\":\"EntryPoint\",\"urlTemplate\":\"https:\/\/www.fizzyvape.eu\/fr\/?s={search_term_string}\"},\"query-input\":{\"@type\":\"PropertyValueSpecification\",\"valueRequired\":true,\"valueName\":\"search_term_string\"}}],\"inLanguage\":\"fr-FR\"},{\"@type\":\"Organization\",\"@id\":\"https:\/\/www.fizzyvape.eu\/fr\/#organization\",\"name\":\"fizzyvape.eu\",\"url\":\"https:\/\/www.fizzyvape.eu\/fr\/\",\"logo\":{\"@type\":\"ImageObject\",\"inLanguage\":\"fr-FR\",\"@id\":\"https:\/\/www.fizzyvape.eu\/fr\/#\/schema\/logo\/image\/\",\"url\":\"https:\/\/fizzyvape.eu\/wp-content\/uploads\/2019\/06\/print-1.svg\",\"contentUrl\":\"https:\/\/fizzyvape.eu\/wp-content\/uploads\/2019\/06\/print-1.svg\",\"width\":124,\"height\":37,\"caption\":\"fizzyvape.eu\"},\"image\":{\"@id\":\"https:\/\/www.fizzyvape.eu\/fr\/#\/schema\/logo\/image\/\"}}]}<\/script>\n<meta property=\"og:availability\" content=\"out of stock\" \/>\n<meta property=\"product:availability\" content=\"out of stock\" \/>\n<meta property=\"product:condition\" content=\"new\" \/>\n<!-- \/ Yoast SEO Premium plugin. -->","yoast_head_json":{"title":"Fizzy Boom Sour Apple - 13000 bouff\u00e9es - fizzyvape.eu","robots":{"index":"index","follow":"follow","max-snippet":"max-snippet:-1","max-image-preview":"max-image-preview:large","max-video-preview":"max-video-preview:-1"},"canonical":"https:\/\/fizzyvape.eu\/fr\/produit\/fizzy-boom-sour-apple-13000-bouffees\/","og_locale":"fr_FR","og_type":"article","og_title":"Fizzy Boom Sour Apple - 13000 bouff\u00e9es","og_description":"D\u00e9couvrez l'\u00e9quilibre parfait entre l'acidul\u00e9 et le sucr\u00e9 avec Fizzy Boom Sour Apple 13000 Puffs! Cette vape jetable de qualit\u00e9 sup\u00e9rieure offre une saveur de pomme verte acidul\u00e9e \u00e9lectrisante de 7,5\/10 avec un go\u00fbt sucr\u00e9 de seulement 3,5\/10 - comme si vous mordiez dans une pomme Granny Smith fra\u00eeche.","og_url":"https:\/\/fizzyvape.eu\/fr\/produit\/fizzy-boom-sour-apple-13000-bouffees\/","og_site_name":"fizzyvape.eu","og_image":[{"width":1500,"height":1500,"url":"https:\/\/fizzyvape.eu\/wp-content\/uploads\/2025\/03\/FizzyVape-Boom-Sour-Apple-13000puff.jpg","type":"image\/jpeg"}],"twitter_card":"summary_large_image","twitter_misc":{"Disponibilit\u00e9":"Rupture de stock"},"schema":{"@context":"https:\/\/schema.org","@graph":[{"@type":"WebPage","@id":"https:\/\/fizzyvape.eu\/fr\/produit\/fizzy-boom-sour-apple-13000-bouffees\/","url":"https:\/\/fizzyvape.eu\/fr\/produit\/fizzy-boom-sour-apple-13000-bouffees\/","name":"Fizzy Boom Sour Apple - 13000 bouff\u00e9es - fizzyvape.eu","isPartOf":{"@id":"https:\/\/www.fizzyvape.eu\/fr\/#website"},"primaryImageOfPage":{"@id":"https:\/\/fizzyvape.eu\/fr\/produit\/fizzy-boom-sour-apple-13000-bouffees\/#primaryimage"},"image":{"@id":"https:\/\/fizzyvape.eu\/fr\/produit\/fizzy-boom-sour-apple-13000-bouffees\/#primaryimage"},"thumbnailUrl":"https:\/\/fizzyvape.eu\/wp-content\/uploads\/2025\/03\/FizzyVape-Boom-Sour-Apple-13000puff.jpg","datePublished":"2025-03-27T09:55:25+00:00","breadcrumb":{"@id":"https:\/\/fizzyvape.eu\/fr\/produit\/fizzy-boom-sour-apple-13000-bouffees\/#breadcrumb"},"inLanguage":"fr-FR","potentialAction":[{"@type":"ReadAction","target":["https:\/\/fizzyvape.eu\/fr\/produit\/fizzy-boom-sour-apple-13000-bouffees\/"]}]},{"@type":"ImageObject","inLanguage":"fr-FR","@id":"https:\/\/fizzyvape.eu\/fr\/produit\/fizzy-boom-sour-apple-13000-bouffees\/#primaryimage","url":"https:\/\/fizzyvape.eu\/wp-content\/uploads\/2025\/03\/FizzyVape-Boom-Sour-Apple-13000puff.jpg","contentUrl":"https:\/\/fizzyvape.eu\/wp-content\/uploads\/2025\/03\/FizzyVape-Boom-Sour-Apple-13000puff.jpg","width":1500,"height":1500,"caption":"FizzyVape-Boom-Pomme d'amour-13000puff"},{"@type":"BreadcrumbList","@id":"https:\/\/fizzyvape.eu\/fr\/produit\/fizzy-boom-sour-apple-13000-bouffees\/#breadcrumb","itemListElement":[{"@type":"ListItem","position":1,"name":"Home","item":"https:\/\/fizzyvape.eu\/fr\/"},{"@type":"ListItem","position":2,"name":"Boutique","item":"https:\/\/www.fizzyvape.eu\/fr\/boutique\/"},{"@type":"ListItem","position":3,"name":"Fizzy Boom Sour Apple &#8211; 13000 bouff\u00e9es"}]},{"@type":"WebSite","@id":"https:\/\/www.fizzyvape.eu\/fr\/#website","url":"https:\/\/www.fizzyvape.eu\/fr\/","name":"fizzyvape.eu","description":"Refreshing Vapes. Unforgettable Taste.","publisher":{"@id":"https:\/\/www.fizzyvape.eu\/fr\/#organization"},"potentialAction":[{"@type":"SearchAction","target":{"@type":"EntryPoint","urlTemplate":"https:\/\/www.fizzyvape.eu\/fr\/?s={search_term_string}"},"query-input":{"@type":"PropertyValueSpecification","valueRequired":true,"valueName":"search_term_string"}}],"inLanguage":"fr-FR"},{"@type":"Organization","@id":"https:\/\/www.fizzyvape.eu\/fr\/#organization","name":"fizzyvape.eu","url":"https:\/\/www.fizzyvape.eu\/fr\/","logo":{"@type":"ImageObject","inLanguage":"fr-FR","@id":"https:\/\/www.fizzyvape.eu\/fr\/#\/schema\/logo\/image\/","url":"https:\/\/fizzyvape.eu\/wp-content\/uploads\/2019\/06\/print-1.svg","contentUrl":"https:\/\/fizzyvape.eu\/wp-content\/uploads\/2019\/06\/print-1.svg","width":124,"height":37,"caption":"fizzyvape.eu"},"image":{"@id":"https:\/\/www.fizzyvape.eu\/fr\/#\/schema\/logo\/image\/"}}]},"og_availability":"out of stock","product_availability":"out of stock","product_condition":"new"},"tiered_pricing_type":"fixed","tiered_pricing_fixed_rules":[],"tiered_pricing_product_settings":{"layout":"default","base_unit_name":{"singular":null,"plural":null},"default_variation":null},"tiered_pricing_minimum_quantity":null,"tiered_pricing_roles_data":[],"tiered_pricing_percentage_rules":[],"tiered_pricing_maximum_quantity":null,"tiered_pricing_quantity_step":null,"_links":{"self":[{"href":"https:\/\/fizzyvape.eu\/fr\/wp-json\/wp\/v2\/product\/26037","targetHints":{"allow":["GET"]}}],"collection":[{"href":"https:\/\/fizzyvape.eu\/fr\/wp-json\/wp\/v2\/product"}],"about":[{"href":"https:\/\/fizzyvape.eu\/fr\/wp-json\/wp\/v2\/types\/product"}],"replies":[{"embeddable":true,"href":"https:\/\/fizzyvape.eu\/fr\/wp-json\/wp\/v2\/comments?post=26037"}],"version-history":[{"count":0,"href":"https:\/\/fizzyvape.eu\/fr\/wp-json\/wp\/v2\/product\/26037\/revisions"}],"wp:featuredmedia":[{"embeddable":true,"href":"https:\/\/fizzyvape.eu\/fr\/wp-json\/wp\/v2\/media\/20891"}],"wp:attachment":[{"href":"https:\/\/fizzyvape.eu\/fr\/wp-json\/wp\/v2\/media?parent=26037"}],"wp:term":[{"taxonomy":"product_brand","embeddable":true,"href":"https:\/\/fizzyvape.eu\/fr\/wp-json\/wp\/v2\/product_brand?post=26037"},{"taxonomy":"product_cat","embeddable":true,"href":"https:\/\/fizzyvape.eu\/fr\/wp-json\/wp\/v2\/product_cat?post=26037"},{"taxonomy":"product_tag","embeddable":true,"href":"https:\/\/fizzyvape.eu\/fr\/wp-json\/wp\/v2\/product_tag?post=26037"}],"curies":[{"name":"wp","href":"https:\/\/api.w.org\/{rel}","templated":true}]}}