{"id":26053,"date":"2025-03-27T18:06:11","date_gmt":"2025-03-27T10:06:11","guid":{"rendered":"https:\/\/fizzyvape.eu\/product\/fizzy-boom-pasteque-cerise-13000-bouffees\/"},"modified":"2025-03-27T18:06:11","modified_gmt":"2025-03-27T10:06:11","slug":"fizzy-boom-pasteque-cerise-13000-bouffees","status":"publish","type":"product","link":"https:\/\/fizzyvape.eu\/fr\/produit\/fizzy-boom-pasteque-cerise-13000-bouffees\/","title":{"rendered":"Fizzy Boom Past\u00e8que Cerise &#8211; 13000 bouff\u00e9es"},"content":{"rendered":"<div>\n<h2><strong>Fizzy Boom Watermelon Cherry 13000 Puffs &#8211; Premium Dual Fruit Chill Vape jetable<\/strong><\/h2>\n<p>Faites l&#8217;exp\u00e9rience d&#8217;une d\u00e9licieuse interpr\u00e9tation des saveurs fruit\u00e9es classiques avec la vape jetable <strong>Fizzy Boom Watermelon Cherry 13000 Puffs<\/strong>. Ce dispositif haut de gamme offre une combinaison irr\u00e9sistible de past\u00e8que sucr\u00e9e et juteuse et le go\u00fbt vif et l\u00e9g\u00e8rement acidul\u00e9 de cerises m\u00fbres, le tout agr\u00e9ment\u00e9 d&#8217;une subtile fra\u00eecheur (un niveau de refroidissement \u00e9quilibr\u00e9 de 6\/10). Parfait pour les vapoteurs \u00e0 la recherche d&#8217;une vape unique et satisfaisante tout au long de la journ\u00e9e, il offre plus de 13 000 bouff\u00e9es ultra douces, un design mat et des bobines \u00e0 double maillage pour une saveur et une production de vapeur exceptionnelles.  <\/p>\n<h3><strong>Pourquoi choisir Fizzy Boom Watermelon Cherry 13000 Puffs ?<\/strong><\/h3>\n<p>\ud83c\udf49\ud83c\udf52 <strong>Twin Fruit Bliss<\/strong> &#8211; La past\u00e8que m\u00fbre rencontre la cerise acidul\u00e9e pour un go\u00fbt audacieux et naturel (pas d&#8217;arri\u00e8re-go\u00fbt de bonbon artificiel).<br \/>\n\u2744\ufe0f <strong>Finale glac\u00e9e et croustillante<\/strong> &#8211; Refroidissement mod\u00e9r\u00e9 6\/10 pour un effet de gorge rafra\u00eechissant sans dominer les saveurs fruit\u00e9es.<br \/>\n\u26a1 <strong>13 000 bouff\u00e9es<\/strong> &#8211; Dur\u00e9e de vie sup\u00e9rieure \u00e0 celle des produits jetables standard (3 \u00e0 4 semaines d&#8217;utilisation r\u00e9guli\u00e8re).<br \/>\n\ud83d\udd0b <strong>Rechargeable par USB-C<\/strong> &#8211; Pas de gaspillage d&#8217;e-liquide, profitez de chaque goutte de la <strong>capacit\u00e9 de 21mL<\/strong>.<br \/>\n\ud83d\udc8e <strong>\u00c9l\u00e9gant et \u00e9tanche<\/strong> &#8211; Corps d\u00e9grad\u00e9 mat, embout ergonomique et conception avanc\u00e9e du flux d&#8217;air.<\/p>\n<h3>Contenu de l&#8217;emballage<\/h3>\n<p>1 \u00d7 Dispositif Fizzy Boom Past\u00e8que Cerise<\/p>\n<\/div>\n<div>\n<h3>Sp\u00e9cifications<\/h3>\n<table>\n<tbody>\n<tr>\n<td>Bouff\u00e9es<\/td>\n<td><strong>13000+ Puffs<\/strong><\/td>\n<\/tr>\n<tr>\n<td>Capacit\u00e9 en e-liquide<\/td>\n<td><strong>21ml<\/strong><\/td>\n<\/tr>\n<tr>\n<td>Capacit\u00e9 de la batterie<\/td>\n<td><strong>650mAh<\/strong><\/td>\n<\/tr>\n<tr>\n<td>Bobine en maille<\/td>\n<td><strong>1.4\u03a9<\/strong><\/td>\n<\/tr>\n<tr>\n<td>Taille<\/td>\n<td><strong>52,8*76,5*25mm<\/strong><\/td>\n<\/tr>\n<tr>\n<td>Jetable ou non<\/td>\n<td><strong>Jetable<\/strong><\/td>\n<\/tr>\n<tr>\n<td>M\u00e9thode de chargement<\/td>\n<td><strong>C\u00e2ble<\/strong><\/td>\n<\/tr>\n<tr>\n<td>M\u00e9thode d&#8217;activation<\/td>\n<td><strong>Capteur<\/strong><\/td>\n<\/tr>\n<tr>\n<td>Taux de nicotine<\/td>\n<td><strong>2% (20mg\/mL) &amp; 5% (50mg\/mL)<\/strong><\/td>\n<\/tr>\n<tr>\n<td>Saveurs<\/td>\n<td><strong>12<\/strong><\/td>\n<\/tr>\n<tr>\n<td>Emballage<\/td>\n<td><strong>1 paquet<\/strong><\/td>\n<\/tr>\n<tr>\n<td>Temps de charge<\/td>\n<td><strong>2 heures<\/strong><\/td>\n<\/tr>\n<tr>\n<td>Stockage<\/td>\n<td><strong>\u00c9vitez les environnements \u00e0 haute temp\u00e9rature et conservez le produit dans un endroit frais et sec.<\/strong><\/td>\n<\/tr>\n<tr>\n<td>Personnes interdites d&#8217;utilisation<\/td>\n<td><strong>Les mineurs, les femmes enceintes et les personnes allergiques aux ingr\u00e9dients du produit.<\/strong><\/td>\n<\/tr>\n<tr>\n<td>Attention<\/td>\n<td><strong>N&#8217;avalez pas cette substance. En cas d&#8217;ingestion, rincez-vous imm\u00e9diatement et abondamment la bouche. Si vous vous sentez mal, consultez un m\u00e9decin.  <\/strong><\/td>\n<\/tr>\n<\/tbody>\n<\/table>\n<h3>Liste des ar\u00f4mes de <strong>Fizzy Boom <\/strong>13000 Puffs :<\/h3>\n<ol>\n<li><a href=\"https:\/\/fizzyvape.eu\/product\/fizzy-boom-peach-13000-puffs\/\">P\u00eache<\/a><\/li>\n<li><a href=\"https:\/\/fizzyvape.eu\/fr\/produit\/fizzy-boom-blueberry-ice-13000-bouffees\/\">Glace aux myrtilles<\/a><\/li>\n<li><a href=\"https:\/\/fizzyvape.eu\/fr\/produit\/fizzy-boom-grape-ice-13000-bouffees\/\">Glace de raisin<\/a><\/li>\n<li><a href=\"https:\/\/fizzyvape.eu\/fr\/produit\/fizzy-boom-fraise-13000-bouffees\/\">Fraise<\/a><\/li>\n<li><a href=\"https:\/\/fizzyvape.eu\/fr\/produit\/fizzy-boom-watermelon-ice-13000-bouffees\/\">Glace \u00e0 la past\u00e8que<\/a><\/li>\n<li><a href=\"https:\/\/fizzyvape.eu\/fr\/produit\/fizzy-boom-blueberry-watermelon-bubblegum-13000-bouffees\/\">Myrtille Past\u00e8que Bubblegum<\/a><\/li>\n<li><a href=\"https:\/\/fizzyvape.eu\/fr\/produit\/fizzy-boom-sour-apple-13000-bouffees\/\">Pomme acide<\/a><\/li>\n<li><a href=\"https:\/\/fizzyvape.eu\/fr\/produit\/fizzy-boom-pasteque-cerise-13000-bouffees\/\">Past\u00e8que Cerise<\/a><\/li>\n<li><a href=\"https:\/\/fizzyvape.eu\/product\/fizzy-boom-blueberry-melon-13000-puffs\/\">Melon \u00e0 la myrtille<\/a><\/li>\n<li><a href=\"https:\/\/fizzyvape.eu\/product\/fizzy-boom-kiwi-berry-ice-13000-puffs\/\">Glace aux baies de kiwi<\/a><\/li>\n<li><a href=\"https:\/\/fizzyvape.eu\/product\/fizzy-boom-blueberry-raspberry-lemon-13000-puffs\/\">Myrtille Framboise Citron<\/a><\/li>\n<li><a href=\"https:\/\/fizzyvape.eu\/product\/fizzy-boom-strawberry-watermelon-pomegranate-13000-puffs\/\">Fraise Past\u00e8que Grenade<\/a><\/li>\n<\/ol>\n<h3>FAQ \u00e0 propos de Fizzy Boom Watermelon Cherry 13000 Puffs Vape<\/h3>\n<h4><strong>1)<\/strong>Comment l&#8217;ar\u00f4me de past\u00e8que et de cerise se compare-t-il \u00e0 celui d&#8217;autres vapes aux fruits ?<\/h4>\n<p>Ce m\u00e9lange unique offre un \u00e9quilibre parfait &#8211; <strong>7\/10 de past\u00e8que sucr\u00e9e<\/strong> en t\u00eate et <strong>5\/10 de cerise acidul\u00e9e<\/strong> en fin de bouche, cr\u00e9ant un profil plus sophistiqu\u00e9 que les ar\u00f4mes d&#8217;un seul fruit. Le <strong>niveau de refroidissement de 6\/10<\/strong> renforce le rafra\u00eechissement sans masquer les saveurs naturelles des fruits. <\/p>\n<h4><strong>2. Quelle est la dur\u00e9e de vie d&#8217;un appareil ?<\/strong><\/h4>\n<p>Avec <strong>13 000 bouff\u00e9es<\/strong>, il dure g\u00e9n\u00e9ralement <strong>3 \u00e0 4 semaines<\/strong> avec une utilisation mod\u00e9r\u00e9e. La <strong>batterie de 650mAh<\/strong> est rechargeable via TYPE-C, ce qui vous permet d&#8217;utiliser les <strong>21mL d&#8217;e-liquide<\/strong> sans gaspillage. <\/p>\n<h4><strong>3. Puis-je choisir entre plusieurs taux de nicotine ?<\/strong><\/h4>\n<p>Oui ! Cet ar\u00f4me est propos\u00e9 dans les options <strong>2% (20mg\/mL) et 5% (50mg\/mL) de<\/strong> sel de nicotine. Les d\u00e9butants pr\u00e9f\u00e8reront les 2% pour un effet plus doux, tandis que les 5% procurent une plus grande satisfaction.  <\/p>\n<\/div>\n","protected":false},"excerpt":{"rendered":"<p><strong>Fizzy Boom Past\u00e8que Cerise 13000 bouff\u00e9es<\/strong>: D\u00e9couvrez la d\u00e9licieuse fusion de la past\u00e8que sucr\u00e9e et de la cerise brillante avec une fra\u00eecheur subtile et rafra\u00eechissante dans cette vape jetable rechargeable de tr\u00e8s longue dur\u00e9e. Disponible en 2% et 5% de nicotine. <\/p>\n","protected":false},"featured_media":21027,"comment_status":"open","ping_status":"closed","template":"","meta":{"iawp_total_views":0},"product_brand":[],"product_cat":[322],"product_tag":[323],"class_list":{"0":"post-26053","1":"product","2":"type-product","3":"status-publish","4":"has-post-thumbnail","6":"product_cat-boom-fr","7":"product_tag-13000-bouffees","9":"first","10":"outofstock","11":"shipping-taxable","12":"purchasable","13":"product-type-variable"},"yoast_head":"<!-- This site is optimized with the Yoast SEO Premium plugin v24.8 (Yoast SEO v24.8) - https:\/\/yoast.com\/wordpress\/plugins\/seo\/ -->\n<title>Fizzy Boom Past\u00e8que Cerise - 13000 bouff\u00e9es - fizzyvape.eu<\/title>\n<meta name=\"robots\" content=\"index, follow, max-snippet:-1, max-image-preview:large, max-video-preview:-1\" \/>\n<link rel=\"canonical\" href=\"https:\/\/fizzyvape.eu\/fr\/produit\/fizzy-boom-pasteque-cerise-13000-bouffees\/\" \/>\n<meta property=\"og:locale\" content=\"fr_FR\" \/>\n<meta property=\"og:type\" content=\"article\" \/>\n<meta property=\"og:title\" content=\"Fizzy Boom Past\u00e8que Cerise - 13000 bouff\u00e9es\" \/>\n<meta property=\"og:description\" content=\"Fizzy Boom Past\u00e8que Cerise 13000 bouff\u00e9es: D\u00e9couvrez la d\u00e9licieuse fusion de la past\u00e8que sucr\u00e9e et de la cerise brillante avec une fra\u00eecheur subtile et rafra\u00eechissante dans cette vape jetable rechargeable de tr\u00e8s longue dur\u00e9e. Disponible en 2% et 5% de nicotine.\" \/>\n<meta property=\"og:url\" content=\"https:\/\/fizzyvape.eu\/fr\/produit\/fizzy-boom-pasteque-cerise-13000-bouffees\/\" \/>\n<meta property=\"og:site_name\" content=\"fizzyvape.eu\" \/>\n<meta property=\"og:image\" content=\"https:\/\/fizzyvape.eu\/wp-content\/uploads\/2025\/03\/FizzyVape-Boom-Watermelon-Cherry-13000puff-3.jpg\" \/>\n\t<meta property=\"og:image:width\" content=\"1500\" \/>\n\t<meta property=\"og:image:height\" content=\"1500\" \/>\n\t<meta property=\"og:image:type\" content=\"image\/jpeg\" \/>\n<meta name=\"twitter:card\" content=\"summary_large_image\" \/>\n<meta name=\"twitter:label1\" content=\"Disponibilit\u00e9\" \/>\n\t<meta name=\"twitter:data1\" content=\"Rupture de stock\" \/>\n<script type=\"application\/ld+json\" class=\"yoast-schema-graph\">{\"@context\":\"https:\/\/schema.org\",\"@graph\":[{\"@type\":\"WebPage\",\"@id\":\"https:\/\/fizzyvape.eu\/fr\/produit\/fizzy-boom-pasteque-cerise-13000-bouffees\/\",\"url\":\"https:\/\/fizzyvape.eu\/fr\/produit\/fizzy-boom-pasteque-cerise-13000-bouffees\/\",\"name\":\"Fizzy Boom Past\u00e8que Cerise - 13000 bouff\u00e9es - fizzyvape.eu\",\"isPartOf\":{\"@id\":\"https:\/\/www.fizzyvape.eu\/fr\/#website\"},\"primaryImageOfPage\":{\"@id\":\"https:\/\/fizzyvape.eu\/fr\/produit\/fizzy-boom-pasteque-cerise-13000-bouffees\/#primaryimage\"},\"image\":{\"@id\":\"https:\/\/fizzyvape.eu\/fr\/produit\/fizzy-boom-pasteque-cerise-13000-bouffees\/#primaryimage\"},\"thumbnailUrl\":\"https:\/\/fizzyvape.eu\/wp-content\/uploads\/2025\/03\/FizzyVape-Boom-Watermelon-Cherry-13000puff-3.jpg\",\"datePublished\":\"2025-03-27T10:06:11+00:00\",\"breadcrumb\":{\"@id\":\"https:\/\/fizzyvape.eu\/fr\/produit\/fizzy-boom-pasteque-cerise-13000-bouffees\/#breadcrumb\"},\"inLanguage\":\"fr-FR\",\"potentialAction\":[{\"@type\":\"ReadAction\",\"target\":[\"https:\/\/fizzyvape.eu\/fr\/produit\/fizzy-boom-pasteque-cerise-13000-bouffees\/\"]}]},{\"@type\":\"ImageObject\",\"inLanguage\":\"fr-FR\",\"@id\":\"https:\/\/fizzyvape.eu\/fr\/produit\/fizzy-boom-pasteque-cerise-13000-bouffees\/#primaryimage\",\"url\":\"https:\/\/fizzyvape.eu\/wp-content\/uploads\/2025\/03\/FizzyVape-Boom-Watermelon-Cherry-13000puff-3.jpg\",\"contentUrl\":\"https:\/\/fizzyvape.eu\/wp-content\/uploads\/2025\/03\/FizzyVape-Boom-Watermelon-Cherry-13000puff-3.jpg\",\"width\":1500,\"height\":1500,\"caption\":\"FizzyVape-Boom-Melon d'eau-Cerise-13000puff\"},{\"@type\":\"BreadcrumbList\",\"@id\":\"https:\/\/fizzyvape.eu\/fr\/produit\/fizzy-boom-pasteque-cerise-13000-bouffees\/#breadcrumb\",\"itemListElement\":[{\"@type\":\"ListItem\",\"position\":1,\"name\":\"Home\",\"item\":\"https:\/\/fizzyvape.eu\/fr\/\"},{\"@type\":\"ListItem\",\"position\":2,\"name\":\"Boutique\",\"item\":\"https:\/\/www.fizzyvape.eu\/fr\/boutique\/\"},{\"@type\":\"ListItem\",\"position\":3,\"name\":\"Fizzy Boom Past\u00e8que Cerise &#8211; 13000 bouff\u00e9es\"}]},{\"@type\":\"WebSite\",\"@id\":\"https:\/\/www.fizzyvape.eu\/fr\/#website\",\"url\":\"https:\/\/www.fizzyvape.eu\/fr\/\",\"name\":\"fizzyvape.eu\",\"description\":\"Refreshing Vapes. Unforgettable Taste.\",\"publisher\":{\"@id\":\"https:\/\/www.fizzyvape.eu\/fr\/#organization\"},\"potentialAction\":[{\"@type\":\"SearchAction\",\"target\":{\"@type\":\"EntryPoint\",\"urlTemplate\":\"https:\/\/www.fizzyvape.eu\/fr\/?s={search_term_string}\"},\"query-input\":{\"@type\":\"PropertyValueSpecification\",\"valueRequired\":true,\"valueName\":\"search_term_string\"}}],\"inLanguage\":\"fr-FR\"},{\"@type\":\"Organization\",\"@id\":\"https:\/\/www.fizzyvape.eu\/fr\/#organization\",\"name\":\"fizzyvape.eu\",\"url\":\"https:\/\/www.fizzyvape.eu\/fr\/\",\"logo\":{\"@type\":\"ImageObject\",\"inLanguage\":\"fr-FR\",\"@id\":\"https:\/\/www.fizzyvape.eu\/fr\/#\/schema\/logo\/image\/\",\"url\":\"https:\/\/fizzyvape.eu\/wp-content\/uploads\/2019\/06\/print-1.svg\",\"contentUrl\":\"https:\/\/fizzyvape.eu\/wp-content\/uploads\/2019\/06\/print-1.svg\",\"width\":124,\"height\":37,\"caption\":\"fizzyvape.eu\"},\"image\":{\"@id\":\"https:\/\/www.fizzyvape.eu\/fr\/#\/schema\/logo\/image\/\"}}]}<\/script>\n<meta property=\"og:availability\" content=\"out of stock\" \/>\n<meta property=\"product:availability\" content=\"out of stock\" \/>\n<meta property=\"product:condition\" content=\"new\" \/>\n<!-- \/ Yoast SEO Premium plugin. -->","yoast_head_json":{"title":"Fizzy Boom Past\u00e8que Cerise - 13000 bouff\u00e9es - fizzyvape.eu","robots":{"index":"index","follow":"follow","max-snippet":"max-snippet:-1","max-image-preview":"max-image-preview:large","max-video-preview":"max-video-preview:-1"},"canonical":"https:\/\/fizzyvape.eu\/fr\/produit\/fizzy-boom-pasteque-cerise-13000-bouffees\/","og_locale":"fr_FR","og_type":"article","og_title":"Fizzy Boom Past\u00e8que Cerise - 13000 bouff\u00e9es","og_description":"Fizzy Boom Past\u00e8que Cerise 13000 bouff\u00e9es: D\u00e9couvrez la d\u00e9licieuse fusion de la past\u00e8que sucr\u00e9e et de la cerise brillante avec une fra\u00eecheur subtile et rafra\u00eechissante dans cette vape jetable rechargeable de tr\u00e8s longue dur\u00e9e. Disponible en 2% et 5% de nicotine.","og_url":"https:\/\/fizzyvape.eu\/fr\/produit\/fizzy-boom-pasteque-cerise-13000-bouffees\/","og_site_name":"fizzyvape.eu","og_image":[{"width":1500,"height":1500,"url":"https:\/\/fizzyvape.eu\/wp-content\/uploads\/2025\/03\/FizzyVape-Boom-Watermelon-Cherry-13000puff-3.jpg","type":"image\/jpeg"}],"twitter_card":"summary_large_image","twitter_misc":{"Disponibilit\u00e9":"Rupture de stock"},"schema":{"@context":"https:\/\/schema.org","@graph":[{"@type":"WebPage","@id":"https:\/\/fizzyvape.eu\/fr\/produit\/fizzy-boom-pasteque-cerise-13000-bouffees\/","url":"https:\/\/fizzyvape.eu\/fr\/produit\/fizzy-boom-pasteque-cerise-13000-bouffees\/","name":"Fizzy Boom Past\u00e8que Cerise - 13000 bouff\u00e9es - fizzyvape.eu","isPartOf":{"@id":"https:\/\/www.fizzyvape.eu\/fr\/#website"},"primaryImageOfPage":{"@id":"https:\/\/fizzyvape.eu\/fr\/produit\/fizzy-boom-pasteque-cerise-13000-bouffees\/#primaryimage"},"image":{"@id":"https:\/\/fizzyvape.eu\/fr\/produit\/fizzy-boom-pasteque-cerise-13000-bouffees\/#primaryimage"},"thumbnailUrl":"https:\/\/fizzyvape.eu\/wp-content\/uploads\/2025\/03\/FizzyVape-Boom-Watermelon-Cherry-13000puff-3.jpg","datePublished":"2025-03-27T10:06:11+00:00","breadcrumb":{"@id":"https:\/\/fizzyvape.eu\/fr\/produit\/fizzy-boom-pasteque-cerise-13000-bouffees\/#breadcrumb"},"inLanguage":"fr-FR","potentialAction":[{"@type":"ReadAction","target":["https:\/\/fizzyvape.eu\/fr\/produit\/fizzy-boom-pasteque-cerise-13000-bouffees\/"]}]},{"@type":"ImageObject","inLanguage":"fr-FR","@id":"https:\/\/fizzyvape.eu\/fr\/produit\/fizzy-boom-pasteque-cerise-13000-bouffees\/#primaryimage","url":"https:\/\/fizzyvape.eu\/wp-content\/uploads\/2025\/03\/FizzyVape-Boom-Watermelon-Cherry-13000puff-3.jpg","contentUrl":"https:\/\/fizzyvape.eu\/wp-content\/uploads\/2025\/03\/FizzyVape-Boom-Watermelon-Cherry-13000puff-3.jpg","width":1500,"height":1500,"caption":"FizzyVape-Boom-Melon d'eau-Cerise-13000puff"},{"@type":"BreadcrumbList","@id":"https:\/\/fizzyvape.eu\/fr\/produit\/fizzy-boom-pasteque-cerise-13000-bouffees\/#breadcrumb","itemListElement":[{"@type":"ListItem","position":1,"name":"Home","item":"https:\/\/fizzyvape.eu\/fr\/"},{"@type":"ListItem","position":2,"name":"Boutique","item":"https:\/\/www.fizzyvape.eu\/fr\/boutique\/"},{"@type":"ListItem","position":3,"name":"Fizzy Boom Past\u00e8que Cerise &#8211; 13000 bouff\u00e9es"}]},{"@type":"WebSite","@id":"https:\/\/www.fizzyvape.eu\/fr\/#website","url":"https:\/\/www.fizzyvape.eu\/fr\/","name":"fizzyvape.eu","description":"Refreshing Vapes. Unforgettable Taste.","publisher":{"@id":"https:\/\/www.fizzyvape.eu\/fr\/#organization"},"potentialAction":[{"@type":"SearchAction","target":{"@type":"EntryPoint","urlTemplate":"https:\/\/www.fizzyvape.eu\/fr\/?s={search_term_string}"},"query-input":{"@type":"PropertyValueSpecification","valueRequired":true,"valueName":"search_term_string"}}],"inLanguage":"fr-FR"},{"@type":"Organization","@id":"https:\/\/www.fizzyvape.eu\/fr\/#organization","name":"fizzyvape.eu","url":"https:\/\/www.fizzyvape.eu\/fr\/","logo":{"@type":"ImageObject","inLanguage":"fr-FR","@id":"https:\/\/www.fizzyvape.eu\/fr\/#\/schema\/logo\/image\/","url":"https:\/\/fizzyvape.eu\/wp-content\/uploads\/2019\/06\/print-1.svg","contentUrl":"https:\/\/fizzyvape.eu\/wp-content\/uploads\/2019\/06\/print-1.svg","width":124,"height":37,"caption":"fizzyvape.eu"},"image":{"@id":"https:\/\/www.fizzyvape.eu\/fr\/#\/schema\/logo\/image\/"}}]},"og_availability":"out of stock","product_availability":"out of stock","product_condition":"new"},"tiered_pricing_type":"fixed","tiered_pricing_fixed_rules":[],"tiered_pricing_product_settings":{"layout":"default","base_unit_name":{"singular":null,"plural":null},"default_variation":null},"tiered_pricing_minimum_quantity":null,"tiered_pricing_roles_data":[],"tiered_pricing_percentage_rules":[],"tiered_pricing_maximum_quantity":null,"tiered_pricing_quantity_step":null,"_links":{"self":[{"href":"https:\/\/fizzyvape.eu\/fr\/wp-json\/wp\/v2\/product\/26053","targetHints":{"allow":["GET"]}}],"collection":[{"href":"https:\/\/fizzyvape.eu\/fr\/wp-json\/wp\/v2\/product"}],"about":[{"href":"https:\/\/fizzyvape.eu\/fr\/wp-json\/wp\/v2\/types\/product"}],"replies":[{"embeddable":true,"href":"https:\/\/fizzyvape.eu\/fr\/wp-json\/wp\/v2\/comments?post=26053"}],"version-history":[{"count":0,"href":"https:\/\/fizzyvape.eu\/fr\/wp-json\/wp\/v2\/product\/26053\/revisions"}],"wp:featuredmedia":[{"embeddable":true,"href":"https:\/\/fizzyvape.eu\/fr\/wp-json\/wp\/v2\/media\/21027"}],"wp:attachment":[{"href":"https:\/\/fizzyvape.eu\/fr\/wp-json\/wp\/v2\/media?parent=26053"}],"wp:term":[{"taxonomy":"product_brand","embeddable":true,"href":"https:\/\/fizzyvape.eu\/fr\/wp-json\/wp\/v2\/product_brand?post=26053"},{"taxonomy":"product_cat","embeddable":true,"href":"https:\/\/fizzyvape.eu\/fr\/wp-json\/wp\/v2\/product_cat?post=26053"},{"taxonomy":"product_tag","embeddable":true,"href":"https:\/\/fizzyvape.eu\/fr\/wp-json\/wp\/v2\/product_tag?post=26053"}],"curies":[{"name":"wp","href":"https:\/\/api.w.org\/{rel}","templated":true}]}}