{"id":26150,"date":"2025-03-28T14:06:27","date_gmt":"2025-03-28T06:06:27","guid":{"rendered":"https:\/\/fizzyvape.eu\/product\/fizzy-boom-fraise-pasteque-grenade-13000-boules\/"},"modified":"2025-03-28T14:06:27","modified_gmt":"2025-03-28T06:06:27","slug":"fizzy-boom-fraise-pasteque-grenade-13000-boules","status":"publish","type":"product","link":"https:\/\/fizzyvape.eu\/fr\/produit\/fizzy-boom-fraise-pasteque-grenade-13000-boules\/","title":{"rendered":"Fizzy Boom Fraise Past\u00e8que Grenade &#8211; 13000 boules"},"content":{"rendered":"<div>\n<h2><strong>Fizzy Boom Fraise Past\u00e8que Grenade 13000 bouff\u00e9es &#8211; Premium Triple Fruit Fusion Vape jetable<\/strong><\/h2>\n<p>D\u00e9couvrez l&#8217;ultime m\u00e9lange de fruits avec <strong>Fizzy Boom Strawberry Watermelon Pomegranate 13000 Puffs<\/strong> &#8211; o\u00f9 la douceur de la fraise juteuse (7\/10) rencontre la fra\u00eecheur de la past\u00e8que (6,5\/10) et l&#8217;exotisme de la grenade (5,5\/10), parfaitement \u00e9quilibr\u00e9 avec un fini rafra\u00eechissant de 5\/10. Ce produit jetable haut de gamme d\u00e9livre <strong>13 000 bouff\u00e9es ultra douces<\/strong> de saveurs parfaitement m\u00e9lang\u00e9es dans notre design <strong>\u00e9l\u00e9gant et mat<\/strong> caract\u00e9ristique, avec des <strong>bobines \u00e0 double maille<\/strong> pour une saveur et une production de nuages maximales. <\/p>\n<h3><strong>Pourquoi choisir Fizzy Boom Fraise Past\u00e8que Grenade 13000 Puffs ?<\/strong><\/h3>\n<p>\ud83c\udf53 <strong>Triple Harmonie de Fruits<\/strong> &#8211; 45% de douceur \u00e0 la fraise, 35% de rafra\u00eechissement \u00e0 la past\u00e8que, 20% de sophistication \u00e0 la grenade (sans arri\u00e8re-go\u00fbt artificiel).<br \/>\n\ud83c\udf49 <strong>Perfection glac\u00e9e subtile<\/strong> &#8211; 5\/10 Le niveau de refroidissement met en valeur le m\u00e9lange de fruits sans le dominer.<br \/>\n\u26a1 <strong>13 000 bouff\u00e9es prolong\u00e9es<\/strong> &#8211; Dur\u00e9e de vie de 3 \u00e0 4 semaines (sup\u00e9rieure \u00e0 celle des appareils standard \u00e0 8 000 bouff\u00e9es)<br \/>\n\ud83d\udd0b <strong>Chargement USB-C intelligent<\/strong> &#8211; Enti\u00e8rement rechargeable pour profiter de tous les e-liquides de 21mL.<br \/>\n\ud83d\udc8e <strong>Qualit\u00e9 de construction sup\u00e9rieure<\/strong> &#8211; Construction \u00e9tanche avec embout buccal ergonomique <\/p>\n<h3><strong>Options de nicotine :<\/strong><\/h3>\n<p>&#8211; 2% (20mg\/mL) &#8211; Une exp\u00e9rience douce pour les vapoteurs occasionnels<br \/>\n&#8211; 5% (50mg\/mL) &#8211; Effet de gorge satisfaisant pour les anciens fumeurs<\/p>\n<\/div>\n<div>\n<h3>Sp\u00e9cifications<\/h3>\n<table>\n<tbody>\n<tr>\n<td>Bouff\u00e9es<\/td>\n<td><strong>13000+ Puffs<\/strong><\/td>\n<\/tr>\n<tr>\n<td>Capacit\u00e9 en e-liquide<\/td>\n<td><strong>21ml<\/strong><\/td>\n<\/tr>\n<tr>\n<td>Capacit\u00e9 de la batterie<\/td>\n<td><strong>650mAh<\/strong><\/td>\n<\/tr>\n<tr>\n<td>Bobine en maille<\/td>\n<td><strong>1.4\u03a9<\/strong><\/td>\n<\/tr>\n<tr>\n<td>Taille<\/td>\n<td><strong>52,8*76,5*25mm<\/strong><\/td>\n<\/tr>\n<tr>\n<td>Jetable ou non<\/td>\n<td><strong>Jetable<\/strong><\/td>\n<\/tr>\n<tr>\n<td>M\u00e9thode de chargement<\/td>\n<td><strong>C\u00e2ble<\/strong><\/td>\n<\/tr>\n<tr>\n<td>M\u00e9thode d&#8217;activation<\/td>\n<td><strong>Capteur<\/strong><\/td>\n<\/tr>\n<tr>\n<td>Taux de nicotine<\/td>\n<td><strong>2% (20mg\/mL) &amp; 5% (50mg\/mL)<\/strong><\/td>\n<\/tr>\n<tr>\n<td>Saveurs<\/td>\n<td><strong>12<\/strong><\/td>\n<\/tr>\n<tr>\n<td>Emballage<\/td>\n<td><strong>1 paquet<\/strong><\/td>\n<\/tr>\n<tr>\n<td>Temps de charge<\/td>\n<td><strong>2 heures<\/strong><\/td>\n<\/tr>\n<tr>\n<td>Stockage<\/td>\n<td><strong>\u00c9vitez les environnements \u00e0 haute temp\u00e9rature et conservez le produit dans un endroit frais et sec.<\/strong><\/td>\n<\/tr>\n<tr>\n<td>Personnes interdites d&#8217;utilisation<\/td>\n<td><strong>Les mineurs, les femmes enceintes et les personnes allergiques aux ingr\u00e9dients du produit.<\/strong><\/td>\n<\/tr>\n<tr>\n<td>Attention<\/td>\n<td><strong>N&#8217;avalez pas cette substance. En cas d&#8217;ingestion, rincez-vous imm\u00e9diatement et abondamment la bouche. Si vous vous sentez mal, consultez un m\u00e9decin.  <\/strong><\/td>\n<\/tr>\n<\/tbody>\n<\/table>\n<h3>Liste des ar\u00f4mes de <strong>Fizzy Boom <\/strong>13000 Puffs :<\/h3>\n<ol>\n<li><a href=\"https:\/\/fizzyvape.eu\/product\/fizzy-boom-peach-13000-puffs\/\">P\u00eache<\/a><\/li>\n<li><a href=\"https:\/\/fizzyvape.eu\/fr\/produit\/fizzy-boom-blueberry-ice-13000-bouffees\/\">Glace aux myrtilles<\/a><\/li>\n<li><a href=\"https:\/\/fizzyvape.eu\/fr\/produit\/fizzy-boom-grape-ice-13000-bouffees\/\">Glace de raisin<\/a><\/li>\n<li><a href=\"https:\/\/fizzyvape.eu\/fr\/produit\/fizzy-boom-fraise-13000-bouffees\/\">Fraise<\/a><\/li>\n<li><a href=\"https:\/\/fizzyvape.eu\/fr\/produit\/fizzy-boom-watermelon-ice-13000-bouffees\/\">Glace \u00e0 la past\u00e8que<\/a><\/li>\n<li><a href=\"https:\/\/fizzyvape.eu\/fr\/produit\/fizzy-boom-blueberry-watermelon-bubblegum-13000-bouffees\/\">Myrtille Past\u00e8que Bubblegum<\/a><\/li>\n<li><a href=\"https:\/\/fizzyvape.eu\/fr\/produit\/fizzy-boom-sour-apple-13000-bouffees\/\">Pomme acide<\/a><\/li>\n<li><a href=\"https:\/\/fizzyvape.eu\/fr\/produit\/fizzy-boom-pasteque-cerise-13000-bouffees\/\">Past\u00e8que Cerise<\/a><\/li>\n<li><a href=\"https:\/\/fizzyvape.eu\/fr\/produit\/fizzy-boom-myrtille-melon-13000-bouffees\/\">Melon \u00e0 la myrtille<\/a><\/li>\n<li><a href=\"https:\/\/fizzyvape.eu\/fr\/produit\/fizzy-boom-kiwi-berry-ice-13000-bouffees\/\">Glace aux baies de kiwi<\/a><\/li>\n<li><a href=\"https:\/\/fizzyvape.eu\/fr\/produit\/fizzy-boom-myrtille-framboise-citron-13000-bouffees\/\">Myrtille Framboise Citron<\/a><\/li>\n<li><a href=\"https:\/\/fizzyvape.eu\/fr\/produit\/fizzy-boom-fraise-pasteque-grenade-13000-boules\/\">Fraise Past\u00e8que Grenade<\/a><\/li>\n<\/ol>\n<h3>FAQ \u00e0 propos de Fizzy Boom Strawberry Watermelon Pomegranate Vape<\/h3>\n<p><strong>  1) Comment l&#8217;ar\u00f4me de kiwi se compare-t-il \u00e0 d&#8217;autres ar\u00f4mes de fruits ?<\/strong><\/p>\n<p>Notre m\u00e9lange unique offre <strong>70 % de l&#8217;acidit\u00e9 authentique du kiwi<\/strong> et <strong>30 % de la douceur des baies m\u00e9lang\u00e9es<\/strong>, ce qui est bien plus complexe que les ar\u00f4mes de fruits \u00e0 note unique. Le rafra\u00eechissement 7\/10 rehausse le go\u00fbt sans le dominer. <\/p>\n<p><strong>2. l&#8217;effet de refroidissement est-il trop important ?<\/strong><\/p>\n<p>Avec un niveau de refroidissement de 7\/10 (contre 8\/10 pour Watermelon Ice), il est rafra\u00eechissant mais n&#8217;engourdit pas votre palais. 89% des testeurs l&#8217;ont trouv\u00e9 parfaitement \u00e9quilibr\u00e9 pour un vapotage tout au long de la journ\u00e9e. <\/p>\n<p><strong>  3. quel taux de nicotine dois-je choisir ?<\/strong><\/p>\n<p><strong>2% (20mg\/mL)<\/strong> est id\u00e9al pour les d\u00e9butants ou les fumeurs occasionnels qui souhaitent une exp\u00e9rience plus douce. <strong>Le 5% (50mg\/mL)<\/strong> satisfait mieux les envies des anciens fumeurs. Les deux utilisent des sels de nicotine de premi\u00e8re qualit\u00e9. <\/p>\n<p><strong>4. la saveur est-elle constante tout au long de l&#8217;utilisation ?<\/strong><\/p>\n<p>Oui ! Notre technologie de bobine \u00e0 double maille maintient l&#8217;int\u00e9grit\u00e9 de l&#8217;ar\u00f4me tout au long des 13 000 bouff\u00e9es, et 94 % des testeurs ont indiqu\u00e9 qu&#8217;il n&#8217;y avait pas de go\u00fbt de br\u00fbl\u00e9. <\/p>\n<\/div>\n","protected":false},"excerpt":{"rendered":"<p><strong>Fizzy Boom Fraise Past\u00e8que Grenade 13000 Puffs<\/strong>: D\u00e9couvrez l&#8217;ultime m\u00e9lange de trois fruits ! Appr\u00e9ciez l&#8217;\u00e9quilibre parfait entre la fraise sucr\u00e9e, la past\u00e8que rafra\u00eechissante et la grenade exotique avec un final subtilement glac\u00e9. Disponible en 2% et 5% de nicotine.  <\/p>\n","protected":false},"featured_media":21139,"comment_status":"open","ping_status":"closed","template":"","meta":{"iawp_total_views":0},"product_brand":[],"product_cat":[322],"product_tag":[323],"class_list":{"0":"post-26150","1":"product","2":"type-product","3":"status-publish","4":"has-post-thumbnail","6":"product_cat-boom-fr","7":"product_tag-13000-bouffees","9":"first","10":"outofstock","11":"shipping-taxable","12":"purchasable","13":"product-type-variable"},"yoast_head":"<!-- This site is optimized with the Yoast SEO Premium plugin v24.8 (Yoast SEO v24.8) - https:\/\/yoast.com\/wordpress\/plugins\/seo\/ -->\n<title>Fizzy Boom Fraise Past\u00e8que Grenade - 13000 boules - fizzyvape.eu<\/title>\n<meta name=\"robots\" content=\"index, follow, max-snippet:-1, max-image-preview:large, max-video-preview:-1\" \/>\n<link rel=\"canonical\" href=\"https:\/\/fizzyvape.eu\/fr\/produit\/fizzy-boom-fraise-pasteque-grenade-13000-boules\/\" \/>\n<meta property=\"og:locale\" content=\"fr_FR\" \/>\n<meta property=\"og:type\" content=\"article\" \/>\n<meta property=\"og:title\" content=\"Fizzy Boom Fraise Past\u00e8que Grenade - 13000 boules\" \/>\n<meta property=\"og:description\" content=\"Fizzy Boom Fraise Past\u00e8que Grenade 13000 Puffs: D\u00e9couvrez l&#039;ultime m\u00e9lange de trois fruits ! Appr\u00e9ciez l&#039;\u00e9quilibre parfait entre la fraise sucr\u00e9e, la past\u00e8que rafra\u00eechissante et la grenade exotique avec un final subtilement glac\u00e9. Disponible en 2% et 5% de nicotine.\" \/>\n<meta property=\"og:url\" content=\"https:\/\/fizzyvape.eu\/fr\/produit\/fizzy-boom-fraise-pasteque-grenade-13000-boules\/\" \/>\n<meta property=\"og:site_name\" content=\"fizzyvape.eu\" \/>\n<meta property=\"og:image\" content=\"https:\/\/fizzyvape.eu\/wp-content\/uploads\/2025\/03\/FizzyVape-Boom-Strawberry-Watermelon-Pomegranate-13000puff-3.jpg\" \/>\n\t<meta property=\"og:image:width\" content=\"1500\" \/>\n\t<meta property=\"og:image:height\" content=\"1500\" \/>\n\t<meta property=\"og:image:type\" content=\"image\/jpeg\" \/>\n<meta name=\"twitter:card\" content=\"summary_large_image\" \/>\n<meta name=\"twitter:label1\" content=\"Disponibilit\u00e9\" \/>\n\t<meta name=\"twitter:data1\" content=\"Rupture de stock\" \/>\n<script type=\"application\/ld+json\" class=\"yoast-schema-graph\">{\"@context\":\"https:\/\/schema.org\",\"@graph\":[{\"@type\":\"WebPage\",\"@id\":\"https:\/\/fizzyvape.eu\/fr\/produit\/fizzy-boom-fraise-pasteque-grenade-13000-boules\/\",\"url\":\"https:\/\/fizzyvape.eu\/fr\/produit\/fizzy-boom-fraise-pasteque-grenade-13000-boules\/\",\"name\":\"Fizzy Boom Fraise Past\u00e8que Grenade - 13000 boules - fizzyvape.eu\",\"isPartOf\":{\"@id\":\"https:\/\/www.fizzyvape.eu\/fr\/#website\"},\"primaryImageOfPage\":{\"@id\":\"https:\/\/fizzyvape.eu\/fr\/produit\/fizzy-boom-fraise-pasteque-grenade-13000-boules\/#primaryimage\"},\"image\":{\"@id\":\"https:\/\/fizzyvape.eu\/fr\/produit\/fizzy-boom-fraise-pasteque-grenade-13000-boules\/#primaryimage\"},\"thumbnailUrl\":\"https:\/\/fizzyvape.eu\/wp-content\/uploads\/2025\/03\/FizzyVape-Boom-Strawberry-Watermelon-Pomegranate-13000puff-3.jpg\",\"datePublished\":\"2025-03-28T06:06:27+00:00\",\"breadcrumb\":{\"@id\":\"https:\/\/fizzyvape.eu\/fr\/produit\/fizzy-boom-fraise-pasteque-grenade-13000-boules\/#breadcrumb\"},\"inLanguage\":\"fr-FR\",\"potentialAction\":[{\"@type\":\"ReadAction\",\"target\":[\"https:\/\/fizzyvape.eu\/fr\/produit\/fizzy-boom-fraise-pasteque-grenade-13000-boules\/\"]}]},{\"@type\":\"ImageObject\",\"inLanguage\":\"fr-FR\",\"@id\":\"https:\/\/fizzyvape.eu\/fr\/produit\/fizzy-boom-fraise-pasteque-grenade-13000-boules\/#primaryimage\",\"url\":\"https:\/\/fizzyvape.eu\/wp-content\/uploads\/2025\/03\/FizzyVape-Boom-Strawberry-Watermelon-Pomegranate-13000puff-3.jpg\",\"contentUrl\":\"https:\/\/fizzyvape.eu\/wp-content\/uploads\/2025\/03\/FizzyVape-Boom-Strawberry-Watermelon-Pomegranate-13000puff-3.jpg\",\"width\":1500,\"height\":1500,\"caption\":\"FizzyVape-Boom-Strawberry-Watermelon-Pomegranate-13000puff\"},{\"@type\":\"BreadcrumbList\",\"@id\":\"https:\/\/fizzyvape.eu\/fr\/produit\/fizzy-boom-fraise-pasteque-grenade-13000-boules\/#breadcrumb\",\"itemListElement\":[{\"@type\":\"ListItem\",\"position\":1,\"name\":\"Home\",\"item\":\"https:\/\/fizzyvape.eu\/fr\/\"},{\"@type\":\"ListItem\",\"position\":2,\"name\":\"Boutique\",\"item\":\"https:\/\/www.fizzyvape.eu\/fr\/boutique\/\"},{\"@type\":\"ListItem\",\"position\":3,\"name\":\"Fizzy Boom Fraise Past\u00e8que Grenade &#8211; 13000 boules\"}]},{\"@type\":\"WebSite\",\"@id\":\"https:\/\/www.fizzyvape.eu\/fr\/#website\",\"url\":\"https:\/\/www.fizzyvape.eu\/fr\/\",\"name\":\"fizzyvape.eu\",\"description\":\"Refreshing Vapes. Unforgettable Taste.\",\"publisher\":{\"@id\":\"https:\/\/www.fizzyvape.eu\/fr\/#organization\"},\"potentialAction\":[{\"@type\":\"SearchAction\",\"target\":{\"@type\":\"EntryPoint\",\"urlTemplate\":\"https:\/\/www.fizzyvape.eu\/fr\/?s={search_term_string}\"},\"query-input\":{\"@type\":\"PropertyValueSpecification\",\"valueRequired\":true,\"valueName\":\"search_term_string\"}}],\"inLanguage\":\"fr-FR\"},{\"@type\":\"Organization\",\"@id\":\"https:\/\/www.fizzyvape.eu\/fr\/#organization\",\"name\":\"fizzyvape.eu\",\"url\":\"https:\/\/www.fizzyvape.eu\/fr\/\",\"logo\":{\"@type\":\"ImageObject\",\"inLanguage\":\"fr-FR\",\"@id\":\"https:\/\/www.fizzyvape.eu\/fr\/#\/schema\/logo\/image\/\",\"url\":\"https:\/\/fizzyvape.eu\/wp-content\/uploads\/2019\/06\/print-1.svg\",\"contentUrl\":\"https:\/\/fizzyvape.eu\/wp-content\/uploads\/2019\/06\/print-1.svg\",\"width\":124,\"height\":37,\"caption\":\"fizzyvape.eu\"},\"image\":{\"@id\":\"https:\/\/www.fizzyvape.eu\/fr\/#\/schema\/logo\/image\/\"}}]}<\/script>\n<meta property=\"og:availability\" content=\"out of stock\" \/>\n<meta property=\"product:availability\" content=\"out of stock\" \/>\n<meta property=\"product:condition\" content=\"new\" \/>\n<!-- \/ Yoast SEO Premium plugin. -->","yoast_head_json":{"title":"Fizzy Boom Fraise Past\u00e8que Grenade - 13000 boules - fizzyvape.eu","robots":{"index":"index","follow":"follow","max-snippet":"max-snippet:-1","max-image-preview":"max-image-preview:large","max-video-preview":"max-video-preview:-1"},"canonical":"https:\/\/fizzyvape.eu\/fr\/produit\/fizzy-boom-fraise-pasteque-grenade-13000-boules\/","og_locale":"fr_FR","og_type":"article","og_title":"Fizzy Boom Fraise Past\u00e8que Grenade - 13000 boules","og_description":"Fizzy Boom Fraise Past\u00e8que Grenade 13000 Puffs: D\u00e9couvrez l'ultime m\u00e9lange de trois fruits ! Appr\u00e9ciez l'\u00e9quilibre parfait entre la fraise sucr\u00e9e, la past\u00e8que rafra\u00eechissante et la grenade exotique avec un final subtilement glac\u00e9. Disponible en 2% et 5% de nicotine.","og_url":"https:\/\/fizzyvape.eu\/fr\/produit\/fizzy-boom-fraise-pasteque-grenade-13000-boules\/","og_site_name":"fizzyvape.eu","og_image":[{"width":1500,"height":1500,"url":"https:\/\/fizzyvape.eu\/wp-content\/uploads\/2025\/03\/FizzyVape-Boom-Strawberry-Watermelon-Pomegranate-13000puff-3.jpg","type":"image\/jpeg"}],"twitter_card":"summary_large_image","twitter_misc":{"Disponibilit\u00e9":"Rupture de stock"},"schema":{"@context":"https:\/\/schema.org","@graph":[{"@type":"WebPage","@id":"https:\/\/fizzyvape.eu\/fr\/produit\/fizzy-boom-fraise-pasteque-grenade-13000-boules\/","url":"https:\/\/fizzyvape.eu\/fr\/produit\/fizzy-boom-fraise-pasteque-grenade-13000-boules\/","name":"Fizzy Boom Fraise Past\u00e8que Grenade - 13000 boules - fizzyvape.eu","isPartOf":{"@id":"https:\/\/www.fizzyvape.eu\/fr\/#website"},"primaryImageOfPage":{"@id":"https:\/\/fizzyvape.eu\/fr\/produit\/fizzy-boom-fraise-pasteque-grenade-13000-boules\/#primaryimage"},"image":{"@id":"https:\/\/fizzyvape.eu\/fr\/produit\/fizzy-boom-fraise-pasteque-grenade-13000-boules\/#primaryimage"},"thumbnailUrl":"https:\/\/fizzyvape.eu\/wp-content\/uploads\/2025\/03\/FizzyVape-Boom-Strawberry-Watermelon-Pomegranate-13000puff-3.jpg","datePublished":"2025-03-28T06:06:27+00:00","breadcrumb":{"@id":"https:\/\/fizzyvape.eu\/fr\/produit\/fizzy-boom-fraise-pasteque-grenade-13000-boules\/#breadcrumb"},"inLanguage":"fr-FR","potentialAction":[{"@type":"ReadAction","target":["https:\/\/fizzyvape.eu\/fr\/produit\/fizzy-boom-fraise-pasteque-grenade-13000-boules\/"]}]},{"@type":"ImageObject","inLanguage":"fr-FR","@id":"https:\/\/fizzyvape.eu\/fr\/produit\/fizzy-boom-fraise-pasteque-grenade-13000-boules\/#primaryimage","url":"https:\/\/fizzyvape.eu\/wp-content\/uploads\/2025\/03\/FizzyVape-Boom-Strawberry-Watermelon-Pomegranate-13000puff-3.jpg","contentUrl":"https:\/\/fizzyvape.eu\/wp-content\/uploads\/2025\/03\/FizzyVape-Boom-Strawberry-Watermelon-Pomegranate-13000puff-3.jpg","width":1500,"height":1500,"caption":"FizzyVape-Boom-Strawberry-Watermelon-Pomegranate-13000puff"},{"@type":"BreadcrumbList","@id":"https:\/\/fizzyvape.eu\/fr\/produit\/fizzy-boom-fraise-pasteque-grenade-13000-boules\/#breadcrumb","itemListElement":[{"@type":"ListItem","position":1,"name":"Home","item":"https:\/\/fizzyvape.eu\/fr\/"},{"@type":"ListItem","position":2,"name":"Boutique","item":"https:\/\/www.fizzyvape.eu\/fr\/boutique\/"},{"@type":"ListItem","position":3,"name":"Fizzy Boom Fraise Past\u00e8que Grenade &#8211; 13000 boules"}]},{"@type":"WebSite","@id":"https:\/\/www.fizzyvape.eu\/fr\/#website","url":"https:\/\/www.fizzyvape.eu\/fr\/","name":"fizzyvape.eu","description":"Refreshing Vapes. Unforgettable Taste.","publisher":{"@id":"https:\/\/www.fizzyvape.eu\/fr\/#organization"},"potentialAction":[{"@type":"SearchAction","target":{"@type":"EntryPoint","urlTemplate":"https:\/\/www.fizzyvape.eu\/fr\/?s={search_term_string}"},"query-input":{"@type":"PropertyValueSpecification","valueRequired":true,"valueName":"search_term_string"}}],"inLanguage":"fr-FR"},{"@type":"Organization","@id":"https:\/\/www.fizzyvape.eu\/fr\/#organization","name":"fizzyvape.eu","url":"https:\/\/www.fizzyvape.eu\/fr\/","logo":{"@type":"ImageObject","inLanguage":"fr-FR","@id":"https:\/\/www.fizzyvape.eu\/fr\/#\/schema\/logo\/image\/","url":"https:\/\/fizzyvape.eu\/wp-content\/uploads\/2019\/06\/print-1.svg","contentUrl":"https:\/\/fizzyvape.eu\/wp-content\/uploads\/2019\/06\/print-1.svg","width":124,"height":37,"caption":"fizzyvape.eu"},"image":{"@id":"https:\/\/www.fizzyvape.eu\/fr\/#\/schema\/logo\/image\/"}}]},"og_availability":"out of stock","product_availability":"out of stock","product_condition":"new"},"tiered_pricing_type":"fixed","tiered_pricing_fixed_rules":[],"tiered_pricing_product_settings":{"layout":"default","base_unit_name":{"singular":null,"plural":null},"default_variation":null},"tiered_pricing_minimum_quantity":null,"tiered_pricing_roles_data":[],"tiered_pricing_percentage_rules":[],"tiered_pricing_maximum_quantity":null,"tiered_pricing_quantity_step":null,"_links":{"self":[{"href":"https:\/\/fizzyvape.eu\/fr\/wp-json\/wp\/v2\/product\/26150","targetHints":{"allow":["GET"]}}],"collection":[{"href":"https:\/\/fizzyvape.eu\/fr\/wp-json\/wp\/v2\/product"}],"about":[{"href":"https:\/\/fizzyvape.eu\/fr\/wp-json\/wp\/v2\/types\/product"}],"replies":[{"embeddable":true,"href":"https:\/\/fizzyvape.eu\/fr\/wp-json\/wp\/v2\/comments?post=26150"}],"version-history":[{"count":0,"href":"https:\/\/fizzyvape.eu\/fr\/wp-json\/wp\/v2\/product\/26150\/revisions"}],"wp:featuredmedia":[{"embeddable":true,"href":"https:\/\/fizzyvape.eu\/fr\/wp-json\/wp\/v2\/media\/21139"}],"wp:attachment":[{"href":"https:\/\/fizzyvape.eu\/fr\/wp-json\/wp\/v2\/media?parent=26150"}],"wp:term":[{"taxonomy":"product_brand","embeddable":true,"href":"https:\/\/fizzyvape.eu\/fr\/wp-json\/wp\/v2\/product_brand?post=26150"},{"taxonomy":"product_cat","embeddable":true,"href":"https:\/\/fizzyvape.eu\/fr\/wp-json\/wp\/v2\/product_cat?post=26150"},{"taxonomy":"product_tag","embeddable":true,"href":"https:\/\/fizzyvape.eu\/fr\/wp-json\/wp\/v2\/product_tag?post=26150"}],"curies":[{"name":"wp","href":"https:\/\/api.w.org\/{rel}","templated":true}]}}