{"id":26167,"date":"2025-03-28T16:02:19","date_gmt":"2025-03-28T08:02:19","guid":{"rendered":"https:\/\/fizzyvape.eu\/product\/fizzy-luxury-peach-15000-bouffees\/"},"modified":"2025-03-28T16:02:19","modified_gmt":"2025-03-28T08:02:19","slug":"fizzy-luxury-peach-15000-bouffees","status":"publish","type":"product","link":"https:\/\/fizzyvape.eu\/fr\/produit\/fizzy-luxury-peach-15000-bouffees\/","title":{"rendered":"Fizzy Luxury Peach &#8211; 15000 bouff\u00e9es"},"content":{"rendered":"<div>\n<h2><strong>Fizzy Luxury Peach 15000 bouff\u00e9es &#8211; Premium Metal Edition Vape jetable<\/strong><\/h2>\n<p>D\u00e9couvrez la perfection de la p\u00eache avec <strong>Fizzy Luxury Peach 15000 bouff\u00e9es<\/strong>&#8211; o\u00f9 la succulente douceur de la p\u00eache (8\/10) rencontre un soup\u00e7on d&#8217;acidit\u00e9 (2\/10), le tout encastr\u00e9 dans notre corps en m\u00e9tal de premi\u00e8re qualit\u00e9 avec un contr\u00f4le pr\u00e9cis du flux d&#8217;air. Ce produit jetable d&#8217;\u00e9lite d\u00e9livre <strong>15 000 bouff\u00e9es ultra-douces<\/strong> d&#8217;une saveur exquise, gr\u00e2ce \u00e0 la <strong>technologie<\/strong> r\u00e9volutionnaire <strong>Quartz Coil<\/strong> pour une douceur et une clart\u00e9 de saveur in\u00e9gal\u00e9es. <\/p>\n<h3><strong>Pourquoi choisir Fizzy Luxury Peach 15000 Puffs ?<\/strong><\/h3>\n<p>\ud83c\udf51 <strong>\u00c9laboration magistrale des ar\u00f4mes<\/strong> &#8211; 80 % de nectar de p\u00eache m\u00fbre \u00e9quilibr\u00e9 avec 20 % d&#8217;acidit\u00e9 de la peau de p\u00eache pour une fra\u00eecheur authentique du verger.<br \/>\n\ud83c\udf9b\ufe0f <strong>Smart Airflow System<\/strong> &#8211; Ajustez votre flux d&#8217;<strong>air<\/strong> de MTL \u00e0 DTL gr\u00e2ce \u00e0 notre cadran m\u00e9tallique de pr\u00e9cision.<br \/>\n\ud83d\udd36 <strong>Corps en aluminium de luxe<\/strong> &#8211; Aluminium de qualit\u00e9 a\u00e9ronautique usin\u00e9 CNC avec finition satin\u00e9e<br \/>\n\u26a1 <strong>15 000 bouff\u00e9es<\/strong> &#8211; 25 % de plus que les produits jetables standard de qualit\u00e9 sup\u00e9rieure.<br \/>\n\ud83e\uddca <strong>Technologie Velvet Vapor<\/strong> &#8211; La bobine en quartz d\u00e9livre 45% d&#8217;effets plus doux que les bobines conventionnelles. <\/p>\n<h3><strong>Options de nicotine :<\/strong><\/h3>\n<p>&#8211; 2% (20mg\/mL) &#8211; Une exp\u00e9rience douce pour les vapoteurs occasionnels<br \/>\n&#8211; 5% (50mg\/mL) &#8211; Effet de gorge satisfaisant pour les anciens fumeurs<\/p>\n<\/div>\n<div>\n<h3>Sp\u00e9cifications<\/h3>\n<table style=\"height: 449px;\" width=\"1340\">\n<tbody>\n<tr>\n<td>Bouff\u00e9es<\/td>\n<td><strong>15000+ Puffs<\/strong><\/td>\n<\/tr>\n<tr>\n<td>Capacit\u00e9 en e-liquide<\/td>\n<td><strong>22ml<\/strong><\/td>\n<\/tr>\n<tr>\n<td>Capacit\u00e9 de la batterie<\/td>\n<td><strong>650mAh<\/strong><\/td>\n<\/tr>\n<tr>\n<td>Bobine en maille<\/td>\n<td><strong>1.4\u03a9<\/strong><\/td>\n<\/tr>\n<tr>\n<td>Taille<\/td>\n<td><strong>53*30*85.3mm<\/strong><\/td>\n<\/tr>\n<tr>\n<td>Jetable ou non<\/td>\n<td><strong>Jetable<\/strong><\/td>\n<\/tr>\n<tr>\n<td>M\u00e9thode de chargement<\/td>\n<td><strong>C\u00e2ble<\/strong><\/td>\n<\/tr>\n<tr>\n<td>M\u00e9thode d&#8217;activation<\/td>\n<td><strong>Capteur<\/strong><\/td>\n<\/tr>\n<tr>\n<td>Mat\u00e9riau<\/td>\n<td><strong>M\u00e9tal<\/strong><\/td>\n<\/tr>\n<tr>\n<td>Taux de nicotine<\/td>\n<td><strong>2% (20mg\/mL) &amp; 5% (50mg\/mL)<\/strong><\/td>\n<\/tr>\n<tr>\n<td>Saveurs<\/td>\n<td><strong>15<\/strong><\/td>\n<\/tr>\n<tr>\n<td>Emballage<\/td>\n<td><strong>1 paquet<\/strong><\/td>\n<\/tr>\n<tr>\n<td>Temps de charge<\/td>\n<td><strong>2 heures<\/strong><\/td>\n<\/tr>\n<tr>\n<td>Stockage<\/td>\n<td><strong>\u00c9vitez les environnements \u00e0 haute temp\u00e9rature et conservez le produit dans un endroit frais et sec.<\/strong><\/td>\n<\/tr>\n<tr>\n<td>Personnes interdites d&#8217;utilisation<\/td>\n<td><strong>Les mineurs, les femmes enceintes et les personnes allergiques aux ingr\u00e9dients du produit.<\/strong><\/td>\n<\/tr>\n<tr>\n<td>Attention<\/td>\n<td><strong>N&#8217;avalez pas cette substance. En cas d&#8217;ingestion, rincez-vous imm\u00e9diatement et abondamment la bouche. Si vous vous sentez mal, consultez un m\u00e9decin.  <\/strong><\/td>\n<\/tr>\n<\/tbody>\n<\/table>\n<h3><strong>Fizzy Luxury <\/strong>15000 Puffs Liste des ar\u00f4mes :<\/h3>\n<ol>\n<li><a href=\"https:\/\/fizzyvape.eu\/product\/fizzy-luxury-blueberry-raspberry-15000-puffs\/\">Myrtille Framboise<\/a><\/li>\n<li><a href=\"https:\/\/fizzyvape.eu\/fr\/produit\/fizzy-luxury-peach-15000-bouffees\/\">P\u00eache<\/a><\/li>\n<li><a href=\"https:\/\/fizzyvape.eu\/fr\/produit\/fizzy-luxury-grape-15000-bouffees\/\">Raisin<\/a><\/li>\n<li><a href=\"https:\/\/fizzyvape.eu\/fr\/produit\/fizzy-luxury-blueberry-15000-bouffees\/\">Myrtille<\/a><\/li>\n<li><a href=\"https:\/\/fizzyvape.eu\/fr\/produit\/fizzy-luxury-strawberry-15000-bouffees\/\">Fraise<\/a><\/li>\n<li><a href=\"https:\/\/fizzyvape.eu\/fr\/produit\/fizzy-luxury-fizzy-cherry-15000-bouffees\/\">Cerise p\u00e9tillante<\/a><\/li>\n<li><a href=\"https:\/\/fizzyvape.eu\/fr\/produit\/fizzy-luxury-raspberry-lemonade-15000-bouffees\/\">Limonade \u00e0 la framboise<\/a><\/li>\n<li><a href=\"https:\/\/fizzyvape.eu\/fr\/produit\/fizzy-luxury-sour-apple-15000-bouffees\/\">Pomme acide<\/a><\/li>\n<li><a href=\"https:\/\/fizzyvape.eu\/fr\/produit\/fizzy-luxury-fraise-kiwi-grenade-15000-boules\/\">Fraise Kiwi Grenade<\/a><\/li>\n<li><a href=\"https:\/\/fizzyvape.eu\/fr\/produit\/fizzy-luxury-lemon-lime-15000-bouffees\/\">Citron vert<\/a><\/li>\n<li><a href=\"https:\/\/fizzyvape.eu\/fr\/produit\/fizzy-luxury-fraise-banane-15000-boules\/\">Fraise et banane<\/a><\/li>\n<li><a href=\"https:\/\/fizzyvape.eu\/fr\/produit\/fizzy-luxury-orange-mango-watermelon-15000-bouffees\/\">Orange Mangue Past\u00e8que<\/a><\/li>\n<li><a href=\"https:\/\/fizzyvape.eu\/fr\/produit\/red-bull-de-luxe-petillant-15000-bouffees\/\">Red Bull<\/a><\/li>\n<li><a href=\"https:\/\/fizzyvape.eu\/fr\/produit\/fizzy-luxury-pink-lemonade-15000-bouffees\/\">Limonade rose<\/a><\/li>\n<li><a href=\"https:\/\/fizzyvape.eu\/fr\/produit\/fizzy-luxury-kiwi-fruit-de-la-passion-goyave-15000-boules\/\">Kiwi Fruit de la passion Goyave<\/a><\/li>\n<\/ol>\n<h3>FAQ \u00e0 propos de Fizzy Luxury Peach 15000 Puffs Vape<\/h3>\n<ol start=\"1\">\n<li><strong>Quel est le go\u00fbt de l&#8217;ar\u00f4me Fizzy Luxury Peach ?<\/strong><br \/>\nCet appareil est con\u00e7u pour d\u00e9livrer plus de 15 000 bouff\u00e9es, offrant ainsi une exp\u00e9rience de vapotage d&#8217;une dur\u00e9e exceptionnelle.<\/li>\n<li><strong>Combien de bouff\u00e9es puis-je obtenir avec l&#8217;appareil Fizzy Luxury Peach 15000 Puffs ?<\/strong><br \/>\nNotre m\u00e9lange gourmet combine 60% de myrtille sucr\u00e9e (intensit\u00e9 7\/10) et 40% de framboise acidul\u00e9e (6\/10) pour un \u00e9quilibre parfait. Le serpentin en quartz am\u00e9liore la puret\u00e9 de la saveur, et 92 % des utilisateurs ont d\u00e9clar\u00e9 ne pas avoir d&#8217;arri\u00e8re-go\u00fbt artificiel lors des tests en laboratoire. <\/li>\n<li><strong>Comment choisir entre 2% et 5% de nicotine ?<\/strong><br \/>\n&#8211; <strong>2% (20mg\/mL) :<\/strong> Id\u00e9al pour le vapotage occasionnel\/social ou pour les utilisateurs ax\u00e9s sur les ar\u00f4mes<br \/>\n&#8211; <strong>5% (50mg\/mL) :<\/strong> Recommand\u00e9 pour les anciens fumeurs qui ont besoin d&#8217;une plus grande satisfaction<br \/>\nLes deux concentrations utilisent des sels de nicotine de premi\u00e8re qualit\u00e9 pour une absorption en douceur avec une irritation minimale de la gorge.<\/li>\n<li><strong>La consistance de l&#8217;ar\u00f4me se maintiendra-t-elle tout au long des 15 000 bouff\u00e9es ?<\/strong><br \/>\nOui ! Notre technologie de bobine \u00e0 quartz maintient une pr\u00e9cision de 95 % de l&#8217;ar\u00f4me pendant toute la dur\u00e9e de vie. Le corps en m\u00e9tal aide \u00e0 r\u00e9guler la temp\u00e9rature pour \u00e9viter la d\u00e9gradation de l&#8217;ar\u00f4me, m\u00eame pendant des sessions prolong\u00e9es.  <\/li>\n<\/ol>\n<\/div>\n","protected":false},"excerpt":{"rendered":"<p><strong>Fizzy Luxury Peach 15000 bouff\u00e9es<\/strong>: D\u00e9couvrez la perfection de la p\u00eache avec la douceur succulente des p\u00eaches m\u00fbres et un soup\u00e7on d&#8217;acidit\u00e9, d\u00e9livr\u00e9e avec une douceur in\u00e9gal\u00e9e par notre serpentin \u00e0 quartz. Il est dot\u00e9 d&#8217;un flux d&#8217;air r\u00e9glable et d&#8217;un design en m\u00e9tal de premi\u00e8re qualit\u00e9. Disponible en 2% et 5% de nicotine.  <\/p>\n","protected":false},"featured_media":21267,"comment_status":"open","ping_status":"closed","template":"","meta":{"iawp_total_views":0},"product_brand":[],"product_cat":[332],"product_tag":[333],"class_list":{"0":"post-26167","1":"product","2":"type-product","3":"status-publish","4":"has-post-thumbnail","6":"product_cat-luxury-fr","7":"product_tag-15000-bouffees","9":"first","10":"outofstock","11":"shipping-taxable","12":"purchasable","13":"product-type-variable"},"yoast_head":"<!-- This site is optimized with the Yoast SEO Premium plugin v24.8 (Yoast SEO v24.8) - https:\/\/yoast.com\/wordpress\/plugins\/seo\/ -->\n<title>Fizzy Luxury Peach - 15000 bouff\u00e9es - fizzyvape.eu<\/title>\n<meta name=\"robots\" content=\"index, follow, max-snippet:-1, max-image-preview:large, max-video-preview:-1\" \/>\n<link rel=\"canonical\" href=\"https:\/\/fizzyvape.eu\/fr\/produit\/fizzy-luxury-peach-15000-bouffees\/\" \/>\n<meta property=\"og:locale\" content=\"fr_FR\" \/>\n<meta property=\"og:type\" content=\"article\" \/>\n<meta property=\"og:title\" content=\"Fizzy Luxury Peach - 15000 bouff\u00e9es\" \/>\n<meta property=\"og:description\" content=\"Fizzy Luxury Peach 15000 bouff\u00e9es: D\u00e9couvrez la perfection de la p\u00eache avec la douceur succulente des p\u00eaches m\u00fbres et un soup\u00e7on d&#039;acidit\u00e9, d\u00e9livr\u00e9e avec une douceur in\u00e9gal\u00e9e par notre serpentin \u00e0 quartz. Il est dot\u00e9 d&#039;un flux d&#039;air r\u00e9glable et d&#039;un design en m\u00e9tal de premi\u00e8re qualit\u00e9. Disponible en 2% et 5% de nicotine.\" \/>\n<meta property=\"og:url\" content=\"https:\/\/fizzyvape.eu\/fr\/produit\/fizzy-luxury-peach-15000-bouffees\/\" \/>\n<meta property=\"og:site_name\" content=\"fizzyvape.eu\" \/>\n<meta property=\"og:image\" content=\"https:\/\/fizzyvape.eu\/wp-content\/uploads\/2025\/03\/Fizzy-Luxury-Peach-15000puff.jpg\" \/>\n\t<meta property=\"og:image:width\" content=\"1500\" \/>\n\t<meta property=\"og:image:height\" content=\"1500\" \/>\n\t<meta property=\"og:image:type\" content=\"image\/jpeg\" \/>\n<meta name=\"twitter:card\" content=\"summary_large_image\" \/>\n<meta name=\"twitter:label1\" content=\"Disponibilit\u00e9\" \/>\n\t<meta name=\"twitter:data1\" content=\"Rupture de stock\" \/>\n<script type=\"application\/ld+json\" class=\"yoast-schema-graph\">{\"@context\":\"https:\/\/schema.org\",\"@graph\":[{\"@type\":\"WebPage\",\"@id\":\"https:\/\/fizzyvape.eu\/fr\/produit\/fizzy-luxury-peach-15000-bouffees\/\",\"url\":\"https:\/\/fizzyvape.eu\/fr\/produit\/fizzy-luxury-peach-15000-bouffees\/\",\"name\":\"Fizzy Luxury Peach - 15000 bouff\u00e9es - fizzyvape.eu\",\"isPartOf\":{\"@id\":\"https:\/\/www.fizzyvape.eu\/fr\/#website\"},\"primaryImageOfPage\":{\"@id\":\"https:\/\/fizzyvape.eu\/fr\/produit\/fizzy-luxury-peach-15000-bouffees\/#primaryimage\"},\"image\":{\"@id\":\"https:\/\/fizzyvape.eu\/fr\/produit\/fizzy-luxury-peach-15000-bouffees\/#primaryimage\"},\"thumbnailUrl\":\"https:\/\/fizzyvape.eu\/wp-content\/uploads\/2025\/03\/Fizzy-Luxury-Peach-15000puff.jpg\",\"datePublished\":\"2025-03-28T08:02:19+00:00\",\"breadcrumb\":{\"@id\":\"https:\/\/fizzyvape.eu\/fr\/produit\/fizzy-luxury-peach-15000-bouffees\/#breadcrumb\"},\"inLanguage\":\"fr-FR\",\"potentialAction\":[{\"@type\":\"ReadAction\",\"target\":[\"https:\/\/fizzyvape.eu\/fr\/produit\/fizzy-luxury-peach-15000-bouffees\/\"]}]},{\"@type\":\"ImageObject\",\"inLanguage\":\"fr-FR\",\"@id\":\"https:\/\/fizzyvape.eu\/fr\/produit\/fizzy-luxury-peach-15000-bouffees\/#primaryimage\",\"url\":\"https:\/\/fizzyvape.eu\/wp-content\/uploads\/2025\/03\/Fizzy-Luxury-Peach-15000puff.jpg\",\"contentUrl\":\"https:\/\/fizzyvape.eu\/wp-content\/uploads\/2025\/03\/Fizzy-Luxury-Peach-15000puff.jpg\",\"width\":1500,\"height\":1500,\"caption\":\"Fizzy-Luxury-Peach-15000puff\"},{\"@type\":\"BreadcrumbList\",\"@id\":\"https:\/\/fizzyvape.eu\/fr\/produit\/fizzy-luxury-peach-15000-bouffees\/#breadcrumb\",\"itemListElement\":[{\"@type\":\"ListItem\",\"position\":1,\"name\":\"Home\",\"item\":\"https:\/\/fizzyvape.eu\/fr\/\"},{\"@type\":\"ListItem\",\"position\":2,\"name\":\"Boutique\",\"item\":\"https:\/\/www.fizzyvape.eu\/fr\/boutique\/\"},{\"@type\":\"ListItem\",\"position\":3,\"name\":\"Fizzy Luxury Peach &#8211; 15000 bouff\u00e9es\"}]},{\"@type\":\"WebSite\",\"@id\":\"https:\/\/www.fizzyvape.eu\/fr\/#website\",\"url\":\"https:\/\/www.fizzyvape.eu\/fr\/\",\"name\":\"fizzyvape.eu\",\"description\":\"Refreshing Vapes. Unforgettable Taste.\",\"publisher\":{\"@id\":\"https:\/\/www.fizzyvape.eu\/fr\/#organization\"},\"potentialAction\":[{\"@type\":\"SearchAction\",\"target\":{\"@type\":\"EntryPoint\",\"urlTemplate\":\"https:\/\/www.fizzyvape.eu\/fr\/?s={search_term_string}\"},\"query-input\":{\"@type\":\"PropertyValueSpecification\",\"valueRequired\":true,\"valueName\":\"search_term_string\"}}],\"inLanguage\":\"fr-FR\"},{\"@type\":\"Organization\",\"@id\":\"https:\/\/www.fizzyvape.eu\/fr\/#organization\",\"name\":\"fizzyvape.eu\",\"url\":\"https:\/\/www.fizzyvape.eu\/fr\/\",\"logo\":{\"@type\":\"ImageObject\",\"inLanguage\":\"fr-FR\",\"@id\":\"https:\/\/www.fizzyvape.eu\/fr\/#\/schema\/logo\/image\/\",\"url\":\"https:\/\/fizzyvape.eu\/wp-content\/uploads\/2019\/06\/print-1.svg\",\"contentUrl\":\"https:\/\/fizzyvape.eu\/wp-content\/uploads\/2019\/06\/print-1.svg\",\"width\":124,\"height\":37,\"caption\":\"fizzyvape.eu\"},\"image\":{\"@id\":\"https:\/\/www.fizzyvape.eu\/fr\/#\/schema\/logo\/image\/\"}}]}<\/script>\n<meta property=\"og:availability\" content=\"out of stock\" \/>\n<meta property=\"product:availability\" content=\"out of stock\" \/>\n<meta property=\"product:condition\" content=\"new\" \/>\n<!-- \/ Yoast SEO Premium plugin. -->","yoast_head_json":{"title":"Fizzy Luxury Peach - 15000 bouff\u00e9es - fizzyvape.eu","robots":{"index":"index","follow":"follow","max-snippet":"max-snippet:-1","max-image-preview":"max-image-preview:large","max-video-preview":"max-video-preview:-1"},"canonical":"https:\/\/fizzyvape.eu\/fr\/produit\/fizzy-luxury-peach-15000-bouffees\/","og_locale":"fr_FR","og_type":"article","og_title":"Fizzy Luxury Peach - 15000 bouff\u00e9es","og_description":"Fizzy Luxury Peach 15000 bouff\u00e9es: D\u00e9couvrez la perfection de la p\u00eache avec la douceur succulente des p\u00eaches m\u00fbres et un soup\u00e7on d'acidit\u00e9, d\u00e9livr\u00e9e avec une douceur in\u00e9gal\u00e9e par notre serpentin \u00e0 quartz. Il est dot\u00e9 d'un flux d'air r\u00e9glable et d'un design en m\u00e9tal de premi\u00e8re qualit\u00e9. Disponible en 2% et 5% de nicotine.","og_url":"https:\/\/fizzyvape.eu\/fr\/produit\/fizzy-luxury-peach-15000-bouffees\/","og_site_name":"fizzyvape.eu","og_image":[{"width":1500,"height":1500,"url":"https:\/\/fizzyvape.eu\/wp-content\/uploads\/2025\/03\/Fizzy-Luxury-Peach-15000puff.jpg","type":"image\/jpeg"}],"twitter_card":"summary_large_image","twitter_misc":{"Disponibilit\u00e9":"Rupture de stock"},"schema":{"@context":"https:\/\/schema.org","@graph":[{"@type":"WebPage","@id":"https:\/\/fizzyvape.eu\/fr\/produit\/fizzy-luxury-peach-15000-bouffees\/","url":"https:\/\/fizzyvape.eu\/fr\/produit\/fizzy-luxury-peach-15000-bouffees\/","name":"Fizzy Luxury Peach - 15000 bouff\u00e9es - fizzyvape.eu","isPartOf":{"@id":"https:\/\/www.fizzyvape.eu\/fr\/#website"},"primaryImageOfPage":{"@id":"https:\/\/fizzyvape.eu\/fr\/produit\/fizzy-luxury-peach-15000-bouffees\/#primaryimage"},"image":{"@id":"https:\/\/fizzyvape.eu\/fr\/produit\/fizzy-luxury-peach-15000-bouffees\/#primaryimage"},"thumbnailUrl":"https:\/\/fizzyvape.eu\/wp-content\/uploads\/2025\/03\/Fizzy-Luxury-Peach-15000puff.jpg","datePublished":"2025-03-28T08:02:19+00:00","breadcrumb":{"@id":"https:\/\/fizzyvape.eu\/fr\/produit\/fizzy-luxury-peach-15000-bouffees\/#breadcrumb"},"inLanguage":"fr-FR","potentialAction":[{"@type":"ReadAction","target":["https:\/\/fizzyvape.eu\/fr\/produit\/fizzy-luxury-peach-15000-bouffees\/"]}]},{"@type":"ImageObject","inLanguage":"fr-FR","@id":"https:\/\/fizzyvape.eu\/fr\/produit\/fizzy-luxury-peach-15000-bouffees\/#primaryimage","url":"https:\/\/fizzyvape.eu\/wp-content\/uploads\/2025\/03\/Fizzy-Luxury-Peach-15000puff.jpg","contentUrl":"https:\/\/fizzyvape.eu\/wp-content\/uploads\/2025\/03\/Fizzy-Luxury-Peach-15000puff.jpg","width":1500,"height":1500,"caption":"Fizzy-Luxury-Peach-15000puff"},{"@type":"BreadcrumbList","@id":"https:\/\/fizzyvape.eu\/fr\/produit\/fizzy-luxury-peach-15000-bouffees\/#breadcrumb","itemListElement":[{"@type":"ListItem","position":1,"name":"Home","item":"https:\/\/fizzyvape.eu\/fr\/"},{"@type":"ListItem","position":2,"name":"Boutique","item":"https:\/\/www.fizzyvape.eu\/fr\/boutique\/"},{"@type":"ListItem","position":3,"name":"Fizzy Luxury Peach &#8211; 15000 bouff\u00e9es"}]},{"@type":"WebSite","@id":"https:\/\/www.fizzyvape.eu\/fr\/#website","url":"https:\/\/www.fizzyvape.eu\/fr\/","name":"fizzyvape.eu","description":"Refreshing Vapes. Unforgettable Taste.","publisher":{"@id":"https:\/\/www.fizzyvape.eu\/fr\/#organization"},"potentialAction":[{"@type":"SearchAction","target":{"@type":"EntryPoint","urlTemplate":"https:\/\/www.fizzyvape.eu\/fr\/?s={search_term_string}"},"query-input":{"@type":"PropertyValueSpecification","valueRequired":true,"valueName":"search_term_string"}}],"inLanguage":"fr-FR"},{"@type":"Organization","@id":"https:\/\/www.fizzyvape.eu\/fr\/#organization","name":"fizzyvape.eu","url":"https:\/\/www.fizzyvape.eu\/fr\/","logo":{"@type":"ImageObject","inLanguage":"fr-FR","@id":"https:\/\/www.fizzyvape.eu\/fr\/#\/schema\/logo\/image\/","url":"https:\/\/fizzyvape.eu\/wp-content\/uploads\/2019\/06\/print-1.svg","contentUrl":"https:\/\/fizzyvape.eu\/wp-content\/uploads\/2019\/06\/print-1.svg","width":124,"height":37,"caption":"fizzyvape.eu"},"image":{"@id":"https:\/\/www.fizzyvape.eu\/fr\/#\/schema\/logo\/image\/"}}]},"og_availability":"out of stock","product_availability":"out of stock","product_condition":"new"},"tiered_pricing_type":"fixed","tiered_pricing_fixed_rules":[],"tiered_pricing_product_settings":{"layout":"default","base_unit_name":{"singular":null,"plural":null},"default_variation":null},"tiered_pricing_minimum_quantity":null,"tiered_pricing_roles_data":[],"tiered_pricing_percentage_rules":[],"tiered_pricing_maximum_quantity":null,"tiered_pricing_quantity_step":null,"_links":{"self":[{"href":"https:\/\/fizzyvape.eu\/fr\/wp-json\/wp\/v2\/product\/26167","targetHints":{"allow":["GET"]}}],"collection":[{"href":"https:\/\/fizzyvape.eu\/fr\/wp-json\/wp\/v2\/product"}],"about":[{"href":"https:\/\/fizzyvape.eu\/fr\/wp-json\/wp\/v2\/types\/product"}],"replies":[{"embeddable":true,"href":"https:\/\/fizzyvape.eu\/fr\/wp-json\/wp\/v2\/comments?post=26167"}],"version-history":[{"count":0,"href":"https:\/\/fizzyvape.eu\/fr\/wp-json\/wp\/v2\/product\/26167\/revisions"}],"wp:featuredmedia":[{"embeddable":true,"href":"https:\/\/fizzyvape.eu\/fr\/wp-json\/wp\/v2\/media\/21267"}],"wp:attachment":[{"href":"https:\/\/fizzyvape.eu\/fr\/wp-json\/wp\/v2\/media?parent=26167"}],"wp:term":[{"taxonomy":"product_brand","embeddable":true,"href":"https:\/\/fizzyvape.eu\/fr\/wp-json\/wp\/v2\/product_brand?post=26167"},{"taxonomy":"product_cat","embeddable":true,"href":"https:\/\/fizzyvape.eu\/fr\/wp-json\/wp\/v2\/product_cat?post=26167"},{"taxonomy":"product_tag","embeddable":true,"href":"https:\/\/fizzyvape.eu\/fr\/wp-json\/wp\/v2\/product_tag?post=26167"}],"curies":[{"name":"wp","href":"https:\/\/api.w.org\/{rel}","templated":true}]}}