{"id":26281,"date":"2025-03-26T17:37:12","date_gmt":"2025-03-26T09:37:12","guid":{"rendered":"https:\/\/fizzyvape.eu\/product\/fizzy-pandora-mango-12000-bouffees\/"},"modified":"2025-03-26T17:37:12","modified_gmt":"2025-03-26T09:37:12","slug":"fizzy-pandora-mango-12000-bouffees","status":"publish","type":"product","link":"https:\/\/fizzyvape.eu\/fr\/produit\/fizzy-pandora-mango-12000-bouffees\/","title":{"rendered":"Fizzy Pandora Mango &#8211; 12000 bouff\u00e9es"},"content":{"rendered":"<div>\n<h2><strong>Fizzy Pandora Mango 12000 bouff\u00e9es &#8211; L&#8217;exp\u00e9rience ultime de la vaporisation jetable<\/strong><\/h2>\n<p>Laissez-vous tenter par le paradis tropical avec <strong>Fizzy Pandora Mango 12000 Puffs<\/strong> &#8211; une vape jetable de qualit\u00e9 sup\u00e9rieure con\u00e7ue pour une saveur durable et une satisfaction en douceur. Avec ses <strong>12 000 bouff\u00e9es<\/strong>, ce dispositif \u00e9l\u00e9gant et portable offre une explosion de mangue juteuse avec une touche p\u00e9tillante, garantissant une exp\u00e9rience de vapotage inoubliable. <\/p>\n<h2><strong>Caract\u00e9ristiques principales<\/strong><\/h2>\n<p><strong>12 000 bouff\u00e9es ultra-longues<\/strong> &#8211; Profitez d&#8217;un usage prolong\u00e9 sans avoir \u00e0 le remplacer fr\u00e9quemment.<br \/>\n\u2714 S <strong>aveur riche et rafra\u00eechissante<\/strong> &#8211; Mangue douce et acidul\u00e9e avec une finale p\u00e9tillante.<br \/>\n\u2714 <strong>Smooth &amp; Consistent Draw<\/strong> &#8211; Technologie avanc\u00e9e de bobine en maille pour une saveur et une production de vapeur optimales.<br \/>\n<strong>\u2714 \u00c9l\u00e9gant et portable<\/strong> &#8211; L\u00e9ger et facile \u00e0 transporter, il est id\u00e9al pour le vapotage en d\u00e9placement.<br \/>\n\u2714 <strong>Pas d&#8217;entretien n\u00e9cessaire<\/strong> &#8211; Pr\u00eat \u00e0 l&#8217;emploi d\u00e8s sa sortie de l&#8217;emballage &#8211; pas de remplissage ou de changement de bobine n\u00e9cessaire.<\/p>\n<h3><strong>Pourquoi choisir Fizzy Pandora Mango 12000 Puffs ?<\/strong><\/h3>\n<p>\ud83c\udf34 <strong>Long\u00e9vit\u00e9<\/strong> &#8211; Un dispositif dure plus longtemps que les dispositifs jetables standard.<br \/>\n\u26a1 <strong>Puissant et rechargeable<\/strong> &#8211; Ne vous souciez pas de la dur\u00e9e de vie de la batterie.<br \/>\n\ud83c\udf79 <strong>Saveur exotique<\/strong> &#8211; Un \u00e9quilibre parfait entre douceur et p\u00e9tillement.<br \/>\n\ud83d\udca8 <strong>Douceur et satisfaction<\/strong> &#8211; Sels de nicotine de haute qualit\u00e9 pour une sensation de gorge douce.<\/p>\n<h3>Contenu de l&#8217;emballage<\/h3>\n<p>1 \u00d7 Appareil \u00e0 bouff\u00e9es Fizzy Pandora Mango12000<\/p>\n<\/div>\n<div>\n<h3>Sp\u00e9cifications<\/h3>\n<table>\n<tbody>\n<tr>\n<td>Bouff\u00e9es<\/td>\n<td><strong>12000+ Puffs<\/strong><\/td>\n<\/tr>\n<tr>\n<td>Capacit\u00e9 en e-liquide<\/td>\n<td><strong>20ml<\/strong><\/td>\n<\/tr>\n<tr>\n<td>Capacit\u00e9 de la batterie<\/td>\n<td><strong>650mAh<\/strong><\/td>\n<\/tr>\n<tr>\n<td>Bobine en maille<\/td>\n<td><strong>1.4\u03a9<\/strong><\/td>\n<\/tr>\n<tr>\n<td>Taille<\/td>\n<td><strong>48*20.6*88mm<\/strong><\/td>\n<\/tr>\n<tr>\n<td>Jetable ou non<\/td>\n<td><strong>Jetable<\/strong><\/td>\n<\/tr>\n<tr>\n<td>M\u00e9thode de chargement<\/td>\n<td><strong>C\u00e2ble<\/strong><\/td>\n<\/tr>\n<tr>\n<td>M\u00e9thode d&#8217;activation<\/td>\n<td><strong>Capteur<\/strong><\/td>\n<\/tr>\n<tr>\n<td>Taux de nicotine<\/td>\n<td><strong>5% (50mg\/ml)<\/strong><\/td>\n<\/tr>\n<tr>\n<td>Saveurs<\/td>\n<td><strong>12<\/strong><\/td>\n<\/tr>\n<tr>\n<td>Emballage<\/td>\n<td><strong>1 paquet<\/strong><\/td>\n<\/tr>\n<tr>\n<td>Temps de charge<\/td>\n<td><strong>2 heures<\/strong><\/td>\n<\/tr>\n<tr>\n<td>Stockage<\/td>\n<td><strong>\u00c9vitez les environnements \u00e0 haute temp\u00e9rature et conservez le produit dans un endroit frais et sec.<\/strong><\/td>\n<\/tr>\n<tr>\n<td>Personnes interdites d&#8217;utilisation<\/td>\n<td><strong>Les mineurs, les femmes enceintes et les personnes allergiques aux ingr\u00e9dients du produit.<\/strong><\/td>\n<\/tr>\n<tr>\n<td>Attention<\/td>\n<td><strong>N&#8217;avalez pas cette substance. En cas d&#8217;ingestion, rincez-vous imm\u00e9diatement et abondamment la bouche. Si vous vous sentez mal, consultez un m\u00e9decin.  <\/strong><\/td>\n<\/tr>\n<\/tbody>\n<\/table>\n<h3>Liste des ar\u00f4mes de <strong>Fizzy Pandora <\/strong>12000 Puffs :<\/h3>\n<ol>\n<li><a href=\"https:\/\/fizzyvape.eu\/product\/fizzy-pandora-watermelon-12000-puffs\/\">Past\u00e8que<\/a><\/li>\n<li><a href=\"https:\/\/fizzyvape.eu\/fr\/produit\/fizzy-pandora-mango-12000-bouffees\/\">Mangue<\/a><\/li>\n<li><a href=\"https:\/\/fizzyvape.eu\/product\/fizzy-pandora-grape-12000-puffs\/\">Raisin<\/a><\/li>\n<li><a href=\"https:\/\/fizzyvape.eu\/product\/fizzy-pandora-pomegranate-12000-puffs\/\">Grenade<\/a><\/li>\n<li><a href=\"https:\/\/fizzyvape.eu\/product\/fizzy-pandora-peach-12000-puffs\/\">P\u00eache<\/a><\/li>\n<li><a href=\"https:\/\/fizzyvape.eu\/product\/fizzy-pandora-blueberry-raspberry-12000-puffs\/\">Myrtille Framboise<\/a><\/li>\n<li><a href=\"https:\/\/fizzyvape.eu\/product\/fizzy-pandora-orange-mango-watermelon-12000-puffs\/\">Orange Mangue Past\u00e8que<\/a><\/li>\n<li><a href=\"https:\/\/fizzyvape.eu\/product\/fizzy-pandora-ice-mint-12000-puffs\/\">Menthe glac\u00e9e<\/a><\/li>\n<li><a href=\"https:\/\/fizzyvape.eu\/product\/fizzy-pandora-strawberry-kiwi-pomegranate-12000-puffs\/\">Fraise Kiwi Grenade<\/a><\/li>\n<li><a href=\"https:\/\/fizzyvape.eu\/product\/fizzy-pandora-blueberry-12000-puffs\/\">Myrtille<\/a><\/li>\n<li><a href=\"https:\/\/fizzyvape.eu\/fr\/produit\/fizzy-pandora-fraise-12000-bouffees\/\">Fraise<\/a><\/li>\n<li><a href=\"https:\/\/fizzyvape.eu\/fr\/produit\/fizzy-pandora-pasteque-myrtille-12000-bouffees\/\">Past\u00e8que Myrtille<\/a><\/li>\n<\/ol>\n<h3><strong>FAQ \u00e0 propos de <\/strong><strong>Fizzy Pandora Mango 12000 bouff\u00e9es <\/strong><strong>Vape<\/strong><\/h3>\n<h4><strong>1. Quelle est la dur\u00e9e de vie des 12 000 bouff\u00e9es de Fizzy Pandora Mango ?<\/strong><\/h4>\n<p>L&#8217;appareil d\u00e9livre environ <strong>12 000 bouff\u00e9es<\/strong>, en fonction des habitudes d&#8217;utilisation. Pour les vapoteurs moyens, cela peut durer <strong>plusieurs semaines<\/strong>. La <strong>batterie rechargeable<\/strong> int\u00e9gr\u00e9e de <strong>650mAh<\/strong> et la <strong>capacit\u00e9 de 12mL d&#8217;e-liquide<\/strong> garantissent une utilisation prolong\u00e9e.  <\/p>\n<h4><strong>2. Cette vape est-elle rechargeable ?<\/strong><\/h4>\n<p>Oui ! Contrairement \u00e0 de nombreux produits jetables, le <strong>Fizzy Pandora Mango 12000 Puffs<\/strong> est dot\u00e9 d&#8217;une <strong>batterie rechargeable USB-C<\/strong>, ce qui vous permet de profiter de chaque goutte d&#8217;e-liquide sans gaspiller d&#8217;\u00e9nergie. <\/p>\n<h4><strong>3. Quel est le taux de nicotine utilis\u00e9 ?<\/strong><\/h4>\n<p>Ce dispositif contient <strong>5% (50mg) d&#8217;e-liquide \u00e0 base de sel de nicotine<\/strong>, procurant un effet de gorge doux et satisfaisant, id\u00e9al pour les anciens fumeurs ou les amateurs de nicotine.<\/p>\n<h4><strong>4. Quel est le go\u00fbt de l&#8217;ar\u00f4me Fizzy Pandora Mango ?<\/strong><\/h4>\n<p>Imaginez des <strong>mangues m\u00fbres et juteuses avec une touche p\u00e9tillante &#8211; douce<\/strong>, acidul\u00e9e et effervescente. La <strong>bobine \u00e0 maille<\/strong> avanc\u00e9e am\u00e9liore la consistance de la saveur de la premi\u00e8re \u00e0 la derni\u00e8re bouff\u00e9e. <\/p>\n<h4><strong>5. Cette vape est-elle \u00e9tanche et portable ?<\/strong><\/h4>\n<p>Absolument ! Le <strong>design scell\u00e9<\/strong> \u00e9vite les fuites et son <strong>corps compact et l\u00e9ger<\/strong> se glisse facilement dans les poches ou les sacs pour vous permettre de vaper sans probl\u00e8me n&#8217;importe o\u00f9. <\/p>\n<\/div>\n","protected":false},"excerpt":{"rendered":"<p><strong>Vapeur jetable Fizzy Pandora Mango 12000 bouff\u00e9es<\/strong> &#8211; Vivez l&#8217;ultime \u00e9vasion tropicale avec ce vapeur jetable longue dur\u00e9e de 12 000 bouff\u00e9es, au go\u00fbt de mangue juteuse avec une touche p\u00e9tillante.<\/p>\n","protected":false},"featured_media":20587,"comment_status":"open","ping_status":"closed","template":"","meta":{"iawp_total_views":0},"product_brand":[],"product_cat":[308],"product_tag":[310,382],"class_list":{"0":"post-26281","1":"product","2":"type-product","3":"status-publish","4":"has-post-thumbnail","6":"product_cat-pandora-fr","7":"product_tag-12000-bouffees","8":"product_tag-mangue","10":"first","11":"outofstock","12":"shipping-taxable","13":"purchasable","14":"product-type-variable"},"yoast_head":"<!-- This site is optimized with the Yoast SEO Premium plugin v24.8 (Yoast SEO v24.8) - https:\/\/yoast.com\/wordpress\/plugins\/seo\/ -->\n<title>Fizzy Pandora Mango - 12000 bouff\u00e9es - fizzyvape.eu<\/title>\n<meta name=\"robots\" content=\"index, follow, max-snippet:-1, max-image-preview:large, max-video-preview:-1\" \/>\n<link rel=\"canonical\" href=\"https:\/\/fizzyvape.eu\/fr\/produit\/fizzy-pandora-mango-12000-bouffees\/\" \/>\n<meta property=\"og:locale\" content=\"fr_FR\" \/>\n<meta property=\"og:type\" content=\"article\" \/>\n<meta property=\"og:title\" content=\"Fizzy Pandora Mango - 12000 bouff\u00e9es\" \/>\n<meta property=\"og:description\" content=\"Vapeur jetable Fizzy Pandora Mango 12000 bouff\u00e9es - Vivez l&#039;ultime \u00e9vasion tropicale avec ce vapeur jetable longue dur\u00e9e de 12 000 bouff\u00e9es, au go\u00fbt de mangue juteuse avec une touche p\u00e9tillante.\" \/>\n<meta property=\"og:url\" content=\"https:\/\/fizzyvape.eu\/fr\/produit\/fizzy-pandora-mango-12000-bouffees\/\" \/>\n<meta property=\"og:site_name\" content=\"fizzyvape.eu\" \/>\n<meta property=\"og:image\" content=\"https:\/\/www.fizzyvape.eu\/wp-content\/uploads\/2025\/03\/Fizzy-Pandora-MANGO-12000PUFF-1.jpg\" \/>\n\t<meta property=\"og:image:width\" content=\"1057\" \/>\n\t<meta property=\"og:image:height\" content=\"1037\" \/>\n\t<meta property=\"og:image:type\" content=\"image\/jpeg\" \/>\n<meta name=\"twitter:card\" content=\"summary_large_image\" \/>\n<meta name=\"twitter:label1\" content=\"Disponibilit\u00e9\" \/>\n\t<meta name=\"twitter:data1\" content=\"Rupture de stock\" \/>\n<script type=\"application\/ld+json\" class=\"yoast-schema-graph\">{\"@context\":\"https:\/\/schema.org\",\"@graph\":[{\"@type\":\"WebPage\",\"@id\":\"https:\/\/fizzyvape.eu\/fr\/produit\/fizzy-pandora-mango-12000-bouffees\/\",\"url\":\"https:\/\/fizzyvape.eu\/fr\/produit\/fizzy-pandora-mango-12000-bouffees\/\",\"name\":\"Fizzy Pandora Mango - 12000 bouff\u00e9es - fizzyvape.eu\",\"isPartOf\":{\"@id\":\"https:\/\/www.fizzyvape.eu\/fr\/#website\"},\"primaryImageOfPage\":{\"@id\":\"https:\/\/fizzyvape.eu\/fr\/produit\/fizzy-pandora-mango-12000-bouffees\/#primaryimage\"},\"image\":{\"@id\":\"https:\/\/fizzyvape.eu\/fr\/produit\/fizzy-pandora-mango-12000-bouffees\/#primaryimage\"},\"thumbnailUrl\":\"https:\/\/fizzyvape.eu\/wp-content\/uploads\/2025\/03\/Fizzy-Pandora-MANGO-12000PUFF-1.jpg\",\"datePublished\":\"2025-03-26T09:37:12+00:00\",\"breadcrumb\":{\"@id\":\"https:\/\/fizzyvape.eu\/fr\/produit\/fizzy-pandora-mango-12000-bouffees\/#breadcrumb\"},\"inLanguage\":\"fr-FR\",\"potentialAction\":[{\"@type\":\"ReadAction\",\"target\":[\"https:\/\/fizzyvape.eu\/fr\/produit\/fizzy-pandora-mango-12000-bouffees\/\"]}]},{\"@type\":\"ImageObject\",\"inLanguage\":\"fr-FR\",\"@id\":\"https:\/\/fizzyvape.eu\/fr\/produit\/fizzy-pandora-mango-12000-bouffees\/#primaryimage\",\"url\":\"https:\/\/fizzyvape.eu\/wp-content\/uploads\/2025\/03\/Fizzy-Pandora-MANGO-12000PUFF-1.jpg\",\"contentUrl\":\"https:\/\/fizzyvape.eu\/wp-content\/uploads\/2025\/03\/Fizzy-Pandora-MANGO-12000PUFF-1.jpg\",\"width\":1057,\"height\":1037,\"caption\":\"Fizzy-Pandora-MANGO- 12000PUFF\"},{\"@type\":\"BreadcrumbList\",\"@id\":\"https:\/\/fizzyvape.eu\/fr\/produit\/fizzy-pandora-mango-12000-bouffees\/#breadcrumb\",\"itemListElement\":[{\"@type\":\"ListItem\",\"position\":1,\"name\":\"Home\",\"item\":\"https:\/\/fizzyvape.eu\/fr\/\"},{\"@type\":\"ListItem\",\"position\":2,\"name\":\"Boutique\",\"item\":\"https:\/\/www.fizzyvape.eu\/fr\/boutique\/\"},{\"@type\":\"ListItem\",\"position\":3,\"name\":\"Fizzy Pandora Mango &#8211; 12000 bouff\u00e9es\"}]},{\"@type\":\"WebSite\",\"@id\":\"https:\/\/www.fizzyvape.eu\/fr\/#website\",\"url\":\"https:\/\/www.fizzyvape.eu\/fr\/\",\"name\":\"fizzyvape.eu\",\"description\":\"Refreshing Vapes. Unforgettable Taste.\",\"publisher\":{\"@id\":\"https:\/\/www.fizzyvape.eu\/fr\/#organization\"},\"potentialAction\":[{\"@type\":\"SearchAction\",\"target\":{\"@type\":\"EntryPoint\",\"urlTemplate\":\"https:\/\/www.fizzyvape.eu\/fr\/?s={search_term_string}\"},\"query-input\":{\"@type\":\"PropertyValueSpecification\",\"valueRequired\":true,\"valueName\":\"search_term_string\"}}],\"inLanguage\":\"fr-FR\"},{\"@type\":\"Organization\",\"@id\":\"https:\/\/www.fizzyvape.eu\/fr\/#organization\",\"name\":\"fizzyvape.eu\",\"url\":\"https:\/\/www.fizzyvape.eu\/fr\/\",\"logo\":{\"@type\":\"ImageObject\",\"inLanguage\":\"fr-FR\",\"@id\":\"https:\/\/www.fizzyvape.eu\/fr\/#\/schema\/logo\/image\/\",\"url\":\"https:\/\/fizzyvape.eu\/wp-content\/uploads\/2019\/06\/print-1.svg\",\"contentUrl\":\"https:\/\/fizzyvape.eu\/wp-content\/uploads\/2019\/06\/print-1.svg\",\"width\":124,\"height\":37,\"caption\":\"fizzyvape.eu\"},\"image\":{\"@id\":\"https:\/\/www.fizzyvape.eu\/fr\/#\/schema\/logo\/image\/\"}}]}<\/script>\n<meta property=\"og:availability\" content=\"out of stock\" \/>\n<meta property=\"product:availability\" content=\"out of stock\" \/>\n<meta property=\"product:condition\" content=\"new\" \/>\n<!-- \/ Yoast SEO Premium plugin. -->","yoast_head_json":{"title":"Fizzy Pandora Mango - 12000 bouff\u00e9es - fizzyvape.eu","robots":{"index":"index","follow":"follow","max-snippet":"max-snippet:-1","max-image-preview":"max-image-preview:large","max-video-preview":"max-video-preview:-1"},"canonical":"https:\/\/fizzyvape.eu\/fr\/produit\/fizzy-pandora-mango-12000-bouffees\/","og_locale":"fr_FR","og_type":"article","og_title":"Fizzy Pandora Mango - 12000 bouff\u00e9es","og_description":"Vapeur jetable Fizzy Pandora Mango 12000 bouff\u00e9es - Vivez l'ultime \u00e9vasion tropicale avec ce vapeur jetable longue dur\u00e9e de 12 000 bouff\u00e9es, au go\u00fbt de mangue juteuse avec une touche p\u00e9tillante.","og_url":"https:\/\/fizzyvape.eu\/fr\/produit\/fizzy-pandora-mango-12000-bouffees\/","og_site_name":"fizzyvape.eu","og_image":[{"width":1057,"height":1037,"url":"https:\/\/www.fizzyvape.eu\/wp-content\/uploads\/2025\/03\/Fizzy-Pandora-MANGO-12000PUFF-1.jpg","type":"image\/jpeg"}],"twitter_card":"summary_large_image","twitter_misc":{"Disponibilit\u00e9":"Rupture de stock"},"schema":{"@context":"https:\/\/schema.org","@graph":[{"@type":"WebPage","@id":"https:\/\/fizzyvape.eu\/fr\/produit\/fizzy-pandora-mango-12000-bouffees\/","url":"https:\/\/fizzyvape.eu\/fr\/produit\/fizzy-pandora-mango-12000-bouffees\/","name":"Fizzy Pandora Mango - 12000 bouff\u00e9es - fizzyvape.eu","isPartOf":{"@id":"https:\/\/www.fizzyvape.eu\/fr\/#website"},"primaryImageOfPage":{"@id":"https:\/\/fizzyvape.eu\/fr\/produit\/fizzy-pandora-mango-12000-bouffees\/#primaryimage"},"image":{"@id":"https:\/\/fizzyvape.eu\/fr\/produit\/fizzy-pandora-mango-12000-bouffees\/#primaryimage"},"thumbnailUrl":"https:\/\/fizzyvape.eu\/wp-content\/uploads\/2025\/03\/Fizzy-Pandora-MANGO-12000PUFF-1.jpg","datePublished":"2025-03-26T09:37:12+00:00","breadcrumb":{"@id":"https:\/\/fizzyvape.eu\/fr\/produit\/fizzy-pandora-mango-12000-bouffees\/#breadcrumb"},"inLanguage":"fr-FR","potentialAction":[{"@type":"ReadAction","target":["https:\/\/fizzyvape.eu\/fr\/produit\/fizzy-pandora-mango-12000-bouffees\/"]}]},{"@type":"ImageObject","inLanguage":"fr-FR","@id":"https:\/\/fizzyvape.eu\/fr\/produit\/fizzy-pandora-mango-12000-bouffees\/#primaryimage","url":"https:\/\/fizzyvape.eu\/wp-content\/uploads\/2025\/03\/Fizzy-Pandora-MANGO-12000PUFF-1.jpg","contentUrl":"https:\/\/fizzyvape.eu\/wp-content\/uploads\/2025\/03\/Fizzy-Pandora-MANGO-12000PUFF-1.jpg","width":1057,"height":1037,"caption":"Fizzy-Pandora-MANGO- 12000PUFF"},{"@type":"BreadcrumbList","@id":"https:\/\/fizzyvape.eu\/fr\/produit\/fizzy-pandora-mango-12000-bouffees\/#breadcrumb","itemListElement":[{"@type":"ListItem","position":1,"name":"Home","item":"https:\/\/fizzyvape.eu\/fr\/"},{"@type":"ListItem","position":2,"name":"Boutique","item":"https:\/\/www.fizzyvape.eu\/fr\/boutique\/"},{"@type":"ListItem","position":3,"name":"Fizzy Pandora Mango &#8211; 12000 bouff\u00e9es"}]},{"@type":"WebSite","@id":"https:\/\/www.fizzyvape.eu\/fr\/#website","url":"https:\/\/www.fizzyvape.eu\/fr\/","name":"fizzyvape.eu","description":"Refreshing Vapes. Unforgettable Taste.","publisher":{"@id":"https:\/\/www.fizzyvape.eu\/fr\/#organization"},"potentialAction":[{"@type":"SearchAction","target":{"@type":"EntryPoint","urlTemplate":"https:\/\/www.fizzyvape.eu\/fr\/?s={search_term_string}"},"query-input":{"@type":"PropertyValueSpecification","valueRequired":true,"valueName":"search_term_string"}}],"inLanguage":"fr-FR"},{"@type":"Organization","@id":"https:\/\/www.fizzyvape.eu\/fr\/#organization","name":"fizzyvape.eu","url":"https:\/\/www.fizzyvape.eu\/fr\/","logo":{"@type":"ImageObject","inLanguage":"fr-FR","@id":"https:\/\/www.fizzyvape.eu\/fr\/#\/schema\/logo\/image\/","url":"https:\/\/fizzyvape.eu\/wp-content\/uploads\/2019\/06\/print-1.svg","contentUrl":"https:\/\/fizzyvape.eu\/wp-content\/uploads\/2019\/06\/print-1.svg","width":124,"height":37,"caption":"fizzyvape.eu"},"image":{"@id":"https:\/\/www.fizzyvape.eu\/fr\/#\/schema\/logo\/image\/"}}]},"og_availability":"out of stock","product_availability":"out of stock","product_condition":"new"},"tiered_pricing_type":"fixed","tiered_pricing_fixed_rules":[],"tiered_pricing_product_settings":{"layout":"default","base_unit_name":{"singular":null,"plural":null},"default_variation":null},"tiered_pricing_minimum_quantity":null,"tiered_pricing_roles_data":[],"tiered_pricing_percentage_rules":[],"tiered_pricing_maximum_quantity":null,"tiered_pricing_quantity_step":null,"_links":{"self":[{"href":"https:\/\/fizzyvape.eu\/fr\/wp-json\/wp\/v2\/product\/26281","targetHints":{"allow":["GET"]}}],"collection":[{"href":"https:\/\/fizzyvape.eu\/fr\/wp-json\/wp\/v2\/product"}],"about":[{"href":"https:\/\/fizzyvape.eu\/fr\/wp-json\/wp\/v2\/types\/product"}],"replies":[{"embeddable":true,"href":"https:\/\/fizzyvape.eu\/fr\/wp-json\/wp\/v2\/comments?post=26281"}],"version-history":[{"count":0,"href":"https:\/\/fizzyvape.eu\/fr\/wp-json\/wp\/v2\/product\/26281\/revisions"}],"wp:featuredmedia":[{"embeddable":true,"href":"https:\/\/fizzyvape.eu\/fr\/wp-json\/wp\/v2\/media\/20587"}],"wp:attachment":[{"href":"https:\/\/fizzyvape.eu\/fr\/wp-json\/wp\/v2\/media?parent=26281"}],"wp:term":[{"taxonomy":"product_brand","embeddable":true,"href":"https:\/\/fizzyvape.eu\/fr\/wp-json\/wp\/v2\/product_brand?post=26281"},{"taxonomy":"product_cat","embeddable":true,"href":"https:\/\/fizzyvape.eu\/fr\/wp-json\/wp\/v2\/product_cat?post=26281"},{"taxonomy":"product_tag","embeddable":true,"href":"https:\/\/fizzyvape.eu\/fr\/wp-json\/wp\/v2\/product_tag?post=26281"}],"curies":[{"name":"wp","href":"https:\/\/api.w.org\/{rel}","templated":true}]}}