{"id":26301,"date":"2025-03-27T09:28:33","date_gmt":"2025-03-27T01:28:33","guid":{"rendered":"https:\/\/fizzyvape.eu\/product\/melon-deau-petillant-pandora-12000-bouffees\/"},"modified":"2025-03-27T09:28:33","modified_gmt":"2025-03-27T01:28:33","slug":"melon-deau-petillant-pandora-12000-bouffees","status":"publish","type":"product","link":"https:\/\/fizzyvape.eu\/fr\/produit\/melon-deau-petillant-pandora-12000-bouffees\/","title":{"rendered":"Melon d&#8217;eau p\u00e9tillant Pandora &#8211; 12000 bouff\u00e9es"},"content":{"rendered":"<div>\n<h2><strong>Fizzy Pandora Watermelon 12000 Puffs &#8211; Un rafra\u00eechissement juteux dans chaque bouff\u00e9e !<\/strong><\/h2>\n<p>Vivez l&#8217;exp\u00e9rience <strong>ultime<\/strong> de la <strong>past\u00e8que<\/strong> avec <strong>Fizzy Pandora Watermelon 12000 Puffs<\/strong>! Cette vape jetable de premi\u00e8re qualit\u00e9 d\u00e9livre <strong>12 000 bouff\u00e9es ultra-douces<\/strong> d&#8217;une saveur de <strong>past\u00e8que juteuse et sucr\u00e9e<\/strong> avec une <strong>touche p\u00e9tillante et rafra\u00eechissante &#8211; parfaite<\/strong>pour vaper toute la journ\u00e9e. Con\u00e7u pour un <strong>plaisir durable<\/strong>, ce dispositif \u00e9l\u00e9gant est <strong>pr\u00e9-rempli, pr\u00e9-charg\u00e9 et pr\u00eat \u00e0 l&#8217;emploi<\/strong> d\u00e8s sa sortie de la bo\u00eete.  <\/p>\n<h2><strong>Caract\u00e9ristiques principales<\/strong><\/h2>\n<p><strong>12 000 bouff\u00e9es<\/strong> &#8211; Un plaisir de vapoter prolong\u00e9<br \/>\n<strong>Past\u00e8que juteuse + Soda p\u00e9tillant<\/strong> &#8211; Sucr\u00e9, acidul\u00e9 et ultra-r\u00e9frig\u00e9rant<br \/>\n<strong>\u2714 \u00c9l\u00e9gant et portatif<\/strong> &#8211; Conception compacte et de poche<br \/>\n\u2714 <strong>Pr\u00e9-rempli et pr\u00e9-charg\u00e9<\/strong> &#8211; Pas de recharge ni de chargement n\u00e9cessaires<br \/>\n<strong>Technologie Mesh Coil<\/strong> &#8211; Saveur riche et nuages denses <\/p>\n<h3><strong>Pourquoi choisir Fizzy Pandora ?<\/strong><\/h3>\n<p>\ud83c\udf49 <strong>Go\u00fbt Premium<\/strong> &#8211; Test\u00e9 en laboratoire pour un go\u00fbt authentique de past\u00e8que<br \/>\n\ud83d\udd0b <strong>Vaporisation tout au long de la journ\u00e9e<\/strong> &#8211; Capacit\u00e9 massive de 20 ml d&#8217;e-liquide<br \/>\n\u26a1 <strong>Satisfaction instantan\u00e9e<\/strong> &#8211; Aucune configuration n&#8217;est requise<br \/>\n\u2708\ufe0f <strong>Voyage facile<\/strong> &#8211; \u00e9tanche et conforme aux normes TSA (l\u00e0 o\u00f9 c&#8217;est autoris\u00e9) <\/p>\n<h3>Contenu de l&#8217;emballage<\/h3>\n<p>1 \u00d7 Fizzy Pandora Watermelon 12000 Puffs Device<\/p>\n<\/div>\n<div>\n<h3>Sp\u00e9cifications<\/h3>\n<table>\n<tbody>\n<tr>\n<td>Bouff\u00e9es<\/td>\n<td><strong>12000+ Puffs<\/strong><\/td>\n<\/tr>\n<tr>\n<td>Capacit\u00e9 en e-liquide<\/td>\n<td><strong>20ml<\/strong><\/td>\n<\/tr>\n<tr>\n<td>Capacit\u00e9 de la batterie<\/td>\n<td><strong>650mAh<\/strong><\/td>\n<\/tr>\n<tr>\n<td>Bobine en maille<\/td>\n<td><strong>1.4\u03a9<\/strong><\/td>\n<\/tr>\n<tr>\n<td>Taille<\/td>\n<td><strong>48*20.6*88mm<\/strong><\/td>\n<\/tr>\n<tr>\n<td>Jetable ou non<\/td>\n<td><strong>Jetable<\/strong><\/td>\n<\/tr>\n<tr>\n<td>M\u00e9thode de chargement<\/td>\n<td><strong>C\u00e2ble<\/strong><\/td>\n<\/tr>\n<tr>\n<td>M\u00e9thode d&#8217;activation<\/td>\n<td><strong>Capteur<\/strong><\/td>\n<\/tr>\n<tr>\n<td>Taux de nicotine<\/td>\n<td><strong>5% (50mg\/ml)<\/strong><\/td>\n<\/tr>\n<tr>\n<td>Saveurs<\/td>\n<td><strong>12<\/strong><\/td>\n<\/tr>\n<tr>\n<td>Emballage<\/td>\n<td><strong>1 paquet<\/strong><\/td>\n<\/tr>\n<tr>\n<td>Temps de charge<\/td>\n<td><strong>2 heures<\/strong><\/td>\n<\/tr>\n<tr>\n<td>Stockage<\/td>\n<td><strong>\u00c9vitez les environnements \u00e0 haute temp\u00e9rature et conservez le produit dans un endroit frais et sec.<\/strong><\/td>\n<\/tr>\n<tr>\n<td>Personnes interdites d&#8217;utilisation<\/td>\n<td><strong>Les mineurs, les femmes enceintes et les personnes allergiques aux ingr\u00e9dients du produit.<\/strong><\/td>\n<\/tr>\n<tr>\n<td>Attention<\/td>\n<td><strong>N&#8217;avalez pas cette substance. En cas d&#8217;ingestion, rincez-vous imm\u00e9diatement et abondamment la bouche. Si vous vous sentez mal, consultez un m\u00e9decin.  <\/strong><\/td>\n<\/tr>\n<\/tbody>\n<\/table>\n<h3>Liste des ar\u00f4mes de <strong>Fizzy Pandora <\/strong>12000 Puffs :<\/h3>\n<ol>\n<li><a href=\"https:\/\/fizzyvape.eu\/fr\/produit\/melon-deau-petillant-pandora-12000-bouffees\/\">Past\u00e8que<\/a><\/li>\n<li><a href=\"https:\/\/fizzyvape.eu\/fr\/produit\/fizzy-pandora-mango-12000-bouffees\/\">Mangue<\/a><\/li>\n<li><a href=\"https:\/\/fizzyvape.eu\/fr\/produit\/fizzy-pandora-grape-12000-bouffees\/\">Raisin<\/a><\/li>\n<li><a href=\"https:\/\/fizzyvape.eu\/product\/fizzy-pandora-pomegranate-12000-puffs\/\">Grenade<\/a><\/li>\n<li><a href=\"https:\/\/fizzyvape.eu\/product\/fizzy-pandora-peach-12000-puffs\/\">P\u00eache<\/a><\/li>\n<li><a href=\"https:\/\/fizzyvape.eu\/product\/fizzy-pandora-blueberry-raspberry-12000-puffs\/\">Myrtille Framboise<\/a><\/li>\n<li><a href=\"https:\/\/fizzyvape.eu\/product\/fizzy-pandora-orange-mango-watermelon-12000-puffs\/\">Orange Mangue Past\u00e8que<\/a><\/li>\n<li><a href=\"https:\/\/fizzyvape.eu\/product\/fizzy-pandora-ice-mint-12000-puffs\/\">Menthe glac\u00e9e<\/a><\/li>\n<li><a href=\"https:\/\/fizzyvape.eu\/product\/fizzy-pandora-strawberry-kiwi-pomegranate-12000-puffs\/\">Fraise Kiwi Grenade<\/a><\/li>\n<li><a href=\"https:\/\/fizzyvape.eu\/product\/fizzy-pandora-blueberry-12000-puffs\/\">Myrtille<\/a><\/li>\n<li><a href=\"https:\/\/fizzyvape.eu\/fr\/produit\/fizzy-pandora-fraise-12000-bouffees\/\">Fraise<\/a><\/li>\n<li><a href=\"https:\/\/fizzyvape.eu\/fr\/produit\/fizzy-pandora-pasteque-myrtille-12000-bouffees\/\">Past\u00e8que Myrtille<\/a><\/li>\n<\/ol>\n<h3><strong>FAQ \u00e0 propos de <\/strong><strong>Fizzy Pandora Past\u00e8que 12000 bouff\u00e9es <\/strong><strong>Vape<\/strong><\/h3>\n<ol start=\"1\">\n<li><strong>Combien de bouff\u00e9es puis-je attendre du Fizzy Pandora Watermelon 12000 Puffs ?<\/strong>Le Fizzy Pandora Watermelon est con\u00e7u pour fournir plus de 12 000 bouff\u00e9es, offrant ainsi un plaisir de vapotage prolong\u00e9. Cependant, le nombre r\u00e9el de bouff\u00e9es peut varier en fonction des habitudes de vapotage de chacun. <\/li>\n<li><strong>Quel est le go\u00fbt de l&#8217;ar\u00f4me Fizzy Pandora Watermelon ?<\/strong>L&#8217;ar\u00f4me est celui d&#8217;une past\u00e8que juteuse et sucr\u00e9e avec une touche rafra\u00eechissante de soda p\u00e9tillant, cr\u00e9ant une exp\u00e9rience de vapotage acidul\u00e9e et ultra-fra\u00eeche.<\/li>\n<li><strong>Le Fizzy Pandora Watermelon 12000 Puffs n\u00e9cessite-t-il d&#8217;\u00eatre recharg\u00e9 ou rempli ?<\/strong>Non, le Fizzy Pandora Watermelon 12000 Puffs est un dispositif jetable. Il est pr\u00e9-rempli de 20 ml d&#8217;e-liquide et est pr\u00e9-charg\u00e9, ce qui signifie qu&#8217;il n&#8217;est pas n\u00e9cessaire de le recharger. <\/li>\n<li><strong>Quel est le taux de nicotine du Fizzy Pandora Watermelon 12000 bouff\u00e9es ?<\/strong>Ce dispositif contient 5% (50mg\/ml) de sel de nicotine.<\/li>\n<li><strong>Quelles sont les principales caract\u00e9ristiques du Fizzy Pandora Watermelon 12000 Puffs ?<\/strong>Ses principales caract\u00e9ristiques sont les suivantes : plus de 12 000 bouff\u00e9es, un go\u00fbt rafra\u00eechissant de past\u00e8que et de soda p\u00e9tillant, un design \u00e9l\u00e9gant et portable, le pr\u00e9-remplissage et la pr\u00e9charge, et l&#8217;utilisation de la technologie mesh coil pour une saveur riche et des nuages denses.<\/li>\n<\/ol>\n<\/div>\n","protected":false},"excerpt":{"rendered":"<p><strong>Fizzy Pandora Watermelon 12000 Puffs<\/strong> offre une saveur explosive de past\u00e8que avec une touche rafra\u00eechissante et p\u00e9tillante \u00e0 chaque bouff\u00e9e. Profitez de 12 000 bouff\u00e9es ultra douces gr\u00e2ce \u00e0 cette vape jetable de qualit\u00e9 sup\u00e9rieure dot\u00e9e d&#8217;une technologie avanc\u00e9e de bobine \u00e0 mailles pour une saveur riche et constante. Pr\u00e9-rempli de 20 ml d&#8217;e-liquide \u00e0 5 % de nicotine et pr\u00eat \u00e0 \u00eatre utilis\u00e9 imm\u00e9diatement &#8211; pas besoin de le charger ou de le recharger. Parfait pour vaper toute la journ\u00e9e gr\u00e2ce \u00e0 sa grande capacit\u00e9 d&#8217;e-liquide et \u00e0 son design compact et facile \u00e0 transporter.   <\/p>\n","protected":false},"featured_media":20603,"comment_status":"open","ping_status":"closed","template":"","meta":{"iawp_total_views":0},"product_brand":[],"product_cat":[308],"product_tag":[310,388],"class_list":{"0":"post-26301","1":"product","2":"type-product","3":"status-publish","4":"has-post-thumbnail","6":"product_cat-pandora-fr","7":"product_tag-12000-bouffees","8":"product_tag-pasteque","10":"first","11":"outofstock","12":"shipping-taxable","13":"purchasable","14":"product-type-variable"},"yoast_head":"<!-- This site is optimized with the Yoast SEO Premium plugin v24.8 (Yoast SEO v24.8) - https:\/\/yoast.com\/wordpress\/plugins\/seo\/ -->\n<title>Melon d&#039;eau p\u00e9tillant Pandora - 12000 bouff\u00e9es - fizzyvape.eu<\/title>\n<meta name=\"robots\" content=\"index, follow, max-snippet:-1, max-image-preview:large, max-video-preview:-1\" \/>\n<link rel=\"canonical\" href=\"https:\/\/fizzyvape.eu\/fr\/produit\/melon-deau-petillant-pandora-12000-bouffees\/\" \/>\n<meta property=\"og:locale\" content=\"fr_FR\" \/>\n<meta property=\"og:type\" content=\"article\" \/>\n<meta property=\"og:title\" content=\"Melon d&#039;eau p\u00e9tillant Pandora - 12000 bouff\u00e9es\" \/>\n<meta property=\"og:description\" content=\"Fizzy Pandora Watermelon 12000 Puffs offre une saveur explosive de past\u00e8que avec une touche rafra\u00eechissante et p\u00e9tillante \u00e0 chaque bouff\u00e9e. Profitez de 12 000 bouff\u00e9es ultra douces gr\u00e2ce \u00e0 cette vape jetable de qualit\u00e9 sup\u00e9rieure dot\u00e9e d&#039;une technologie avanc\u00e9e de bobine \u00e0 mailles pour une saveur riche et constante. Pr\u00e9-rempli de 20 ml d&#039;e-liquide \u00e0 5 % de nicotine et pr\u00eat \u00e0 \u00eatre utilis\u00e9 imm\u00e9diatement - pas besoin de le charger ou de le recharger. Parfait pour vaper toute la journ\u00e9e gr\u00e2ce \u00e0 sa grande capacit\u00e9 d&#039;e-liquide et \u00e0 son design compact et facile \u00e0 transporter.\" \/>\n<meta property=\"og:url\" content=\"https:\/\/fizzyvape.eu\/fr\/produit\/melon-deau-petillant-pandora-12000-bouffees\/\" \/>\n<meta property=\"og:site_name\" content=\"fizzyvape.eu\" \/>\n<meta property=\"og:image\" content=\"https:\/\/fizzyvape.eu\/wp-content\/uploads\/2025\/03\/Fizzy-Pandora-WATERMELON-12000PUFF-1-1.jpg\" \/>\n\t<meta property=\"og:image:width\" content=\"1057\" \/>\n\t<meta property=\"og:image:height\" content=\"1037\" \/>\n\t<meta property=\"og:image:type\" content=\"image\/jpeg\" \/>\n<meta name=\"twitter:card\" content=\"summary_large_image\" \/>\n<meta name=\"twitter:label1\" content=\"Disponibilit\u00e9\" \/>\n\t<meta name=\"twitter:data1\" content=\"Rupture de stock\" \/>\n<script type=\"application\/ld+json\" class=\"yoast-schema-graph\">{\"@context\":\"https:\/\/schema.org\",\"@graph\":[{\"@type\":\"WebPage\",\"@id\":\"https:\/\/fizzyvape.eu\/fr\/produit\/melon-deau-petillant-pandora-12000-bouffees\/\",\"url\":\"https:\/\/fizzyvape.eu\/fr\/produit\/melon-deau-petillant-pandora-12000-bouffees\/\",\"name\":\"Melon d'eau p\u00e9tillant Pandora - 12000 bouff\u00e9es - fizzyvape.eu\",\"isPartOf\":{\"@id\":\"https:\/\/www.fizzyvape.eu\/fr\/#website\"},\"primaryImageOfPage\":{\"@id\":\"https:\/\/fizzyvape.eu\/fr\/produit\/melon-deau-petillant-pandora-12000-bouffees\/#primaryimage\"},\"image\":{\"@id\":\"https:\/\/fizzyvape.eu\/fr\/produit\/melon-deau-petillant-pandora-12000-bouffees\/#primaryimage\"},\"thumbnailUrl\":\"https:\/\/fizzyvape.eu\/wp-content\/uploads\/2025\/03\/Fizzy-Pandora-WATERMELON-12000PUFF-1-1.jpg\",\"datePublished\":\"2025-03-27T01:28:33+00:00\",\"breadcrumb\":{\"@id\":\"https:\/\/fizzyvape.eu\/fr\/produit\/melon-deau-petillant-pandora-12000-bouffees\/#breadcrumb\"},\"inLanguage\":\"fr-FR\",\"potentialAction\":[{\"@type\":\"ReadAction\",\"target\":[\"https:\/\/fizzyvape.eu\/fr\/produit\/melon-deau-petillant-pandora-12000-bouffees\/\"]}]},{\"@type\":\"ImageObject\",\"inLanguage\":\"fr-FR\",\"@id\":\"https:\/\/fizzyvape.eu\/fr\/produit\/melon-deau-petillant-pandora-12000-bouffees\/#primaryimage\",\"url\":\"https:\/\/fizzyvape.eu\/wp-content\/uploads\/2025\/03\/Fizzy-Pandora-WATERMELON-12000PUFF-1-1.jpg\",\"contentUrl\":\"https:\/\/fizzyvape.eu\/wp-content\/uploads\/2025\/03\/Fizzy-Pandora-WATERMELON-12000PUFF-1-1.jpg\",\"width\":1057,\"height\":1037,\"caption\":\"Fizzy-Pandora-MELON-12000PUFF\"},{\"@type\":\"BreadcrumbList\",\"@id\":\"https:\/\/fizzyvape.eu\/fr\/produit\/melon-deau-petillant-pandora-12000-bouffees\/#breadcrumb\",\"itemListElement\":[{\"@type\":\"ListItem\",\"position\":1,\"name\":\"Home\",\"item\":\"https:\/\/fizzyvape.eu\/fr\/\"},{\"@type\":\"ListItem\",\"position\":2,\"name\":\"Boutique\",\"item\":\"https:\/\/www.fizzyvape.eu\/fr\/boutique\/\"},{\"@type\":\"ListItem\",\"position\":3,\"name\":\"Melon d&#8217;eau p\u00e9tillant Pandora &#8211; 12000 bouff\u00e9es\"}]},{\"@type\":\"WebSite\",\"@id\":\"https:\/\/www.fizzyvape.eu\/fr\/#website\",\"url\":\"https:\/\/www.fizzyvape.eu\/fr\/\",\"name\":\"fizzyvape.eu\",\"description\":\"Refreshing Vapes. Unforgettable Taste.\",\"publisher\":{\"@id\":\"https:\/\/www.fizzyvape.eu\/fr\/#organization\"},\"potentialAction\":[{\"@type\":\"SearchAction\",\"target\":{\"@type\":\"EntryPoint\",\"urlTemplate\":\"https:\/\/www.fizzyvape.eu\/fr\/?s={search_term_string}\"},\"query-input\":{\"@type\":\"PropertyValueSpecification\",\"valueRequired\":true,\"valueName\":\"search_term_string\"}}],\"inLanguage\":\"fr-FR\"},{\"@type\":\"Organization\",\"@id\":\"https:\/\/www.fizzyvape.eu\/fr\/#organization\",\"name\":\"fizzyvape.eu\",\"url\":\"https:\/\/www.fizzyvape.eu\/fr\/\",\"logo\":{\"@type\":\"ImageObject\",\"inLanguage\":\"fr-FR\",\"@id\":\"https:\/\/www.fizzyvape.eu\/fr\/#\/schema\/logo\/image\/\",\"url\":\"https:\/\/fizzyvape.eu\/wp-content\/uploads\/2019\/06\/print-1.svg\",\"contentUrl\":\"https:\/\/fizzyvape.eu\/wp-content\/uploads\/2019\/06\/print-1.svg\",\"width\":124,\"height\":37,\"caption\":\"fizzyvape.eu\"},\"image\":{\"@id\":\"https:\/\/www.fizzyvape.eu\/fr\/#\/schema\/logo\/image\/\"}}]}<\/script>\n<meta property=\"og:availability\" content=\"out of stock\" \/>\n<meta property=\"product:availability\" content=\"out of stock\" \/>\n<meta property=\"product:condition\" content=\"new\" \/>\n<!-- \/ Yoast SEO Premium plugin. -->","yoast_head_json":{"title":"Melon d'eau p\u00e9tillant Pandora - 12000 bouff\u00e9es - fizzyvape.eu","robots":{"index":"index","follow":"follow","max-snippet":"max-snippet:-1","max-image-preview":"max-image-preview:large","max-video-preview":"max-video-preview:-1"},"canonical":"https:\/\/fizzyvape.eu\/fr\/produit\/melon-deau-petillant-pandora-12000-bouffees\/","og_locale":"fr_FR","og_type":"article","og_title":"Melon d'eau p\u00e9tillant Pandora - 12000 bouff\u00e9es","og_description":"Fizzy Pandora Watermelon 12000 Puffs offre une saveur explosive de past\u00e8que avec une touche rafra\u00eechissante et p\u00e9tillante \u00e0 chaque bouff\u00e9e. Profitez de 12 000 bouff\u00e9es ultra douces gr\u00e2ce \u00e0 cette vape jetable de qualit\u00e9 sup\u00e9rieure dot\u00e9e d'une technologie avanc\u00e9e de bobine \u00e0 mailles pour une saveur riche et constante. Pr\u00e9-rempli de 20 ml d'e-liquide \u00e0 5 % de nicotine et pr\u00eat \u00e0 \u00eatre utilis\u00e9 imm\u00e9diatement - pas besoin de le charger ou de le recharger. Parfait pour vaper toute la journ\u00e9e gr\u00e2ce \u00e0 sa grande capacit\u00e9 d'e-liquide et \u00e0 son design compact et facile \u00e0 transporter.","og_url":"https:\/\/fizzyvape.eu\/fr\/produit\/melon-deau-petillant-pandora-12000-bouffees\/","og_site_name":"fizzyvape.eu","og_image":[{"width":1057,"height":1037,"url":"https:\/\/fizzyvape.eu\/wp-content\/uploads\/2025\/03\/Fizzy-Pandora-WATERMELON-12000PUFF-1-1.jpg","type":"image\/jpeg"}],"twitter_card":"summary_large_image","twitter_misc":{"Disponibilit\u00e9":"Rupture de stock"},"schema":{"@context":"https:\/\/schema.org","@graph":[{"@type":"WebPage","@id":"https:\/\/fizzyvape.eu\/fr\/produit\/melon-deau-petillant-pandora-12000-bouffees\/","url":"https:\/\/fizzyvape.eu\/fr\/produit\/melon-deau-petillant-pandora-12000-bouffees\/","name":"Melon d'eau p\u00e9tillant Pandora - 12000 bouff\u00e9es - fizzyvape.eu","isPartOf":{"@id":"https:\/\/www.fizzyvape.eu\/fr\/#website"},"primaryImageOfPage":{"@id":"https:\/\/fizzyvape.eu\/fr\/produit\/melon-deau-petillant-pandora-12000-bouffees\/#primaryimage"},"image":{"@id":"https:\/\/fizzyvape.eu\/fr\/produit\/melon-deau-petillant-pandora-12000-bouffees\/#primaryimage"},"thumbnailUrl":"https:\/\/fizzyvape.eu\/wp-content\/uploads\/2025\/03\/Fizzy-Pandora-WATERMELON-12000PUFF-1-1.jpg","datePublished":"2025-03-27T01:28:33+00:00","breadcrumb":{"@id":"https:\/\/fizzyvape.eu\/fr\/produit\/melon-deau-petillant-pandora-12000-bouffees\/#breadcrumb"},"inLanguage":"fr-FR","potentialAction":[{"@type":"ReadAction","target":["https:\/\/fizzyvape.eu\/fr\/produit\/melon-deau-petillant-pandora-12000-bouffees\/"]}]},{"@type":"ImageObject","inLanguage":"fr-FR","@id":"https:\/\/fizzyvape.eu\/fr\/produit\/melon-deau-petillant-pandora-12000-bouffees\/#primaryimage","url":"https:\/\/fizzyvape.eu\/wp-content\/uploads\/2025\/03\/Fizzy-Pandora-WATERMELON-12000PUFF-1-1.jpg","contentUrl":"https:\/\/fizzyvape.eu\/wp-content\/uploads\/2025\/03\/Fizzy-Pandora-WATERMELON-12000PUFF-1-1.jpg","width":1057,"height":1037,"caption":"Fizzy-Pandora-MELON-12000PUFF"},{"@type":"BreadcrumbList","@id":"https:\/\/fizzyvape.eu\/fr\/produit\/melon-deau-petillant-pandora-12000-bouffees\/#breadcrumb","itemListElement":[{"@type":"ListItem","position":1,"name":"Home","item":"https:\/\/fizzyvape.eu\/fr\/"},{"@type":"ListItem","position":2,"name":"Boutique","item":"https:\/\/www.fizzyvape.eu\/fr\/boutique\/"},{"@type":"ListItem","position":3,"name":"Melon d&#8217;eau p\u00e9tillant Pandora &#8211; 12000 bouff\u00e9es"}]},{"@type":"WebSite","@id":"https:\/\/www.fizzyvape.eu\/fr\/#website","url":"https:\/\/www.fizzyvape.eu\/fr\/","name":"fizzyvape.eu","description":"Refreshing Vapes. Unforgettable Taste.","publisher":{"@id":"https:\/\/www.fizzyvape.eu\/fr\/#organization"},"potentialAction":[{"@type":"SearchAction","target":{"@type":"EntryPoint","urlTemplate":"https:\/\/www.fizzyvape.eu\/fr\/?s={search_term_string}"},"query-input":{"@type":"PropertyValueSpecification","valueRequired":true,"valueName":"search_term_string"}}],"inLanguage":"fr-FR"},{"@type":"Organization","@id":"https:\/\/www.fizzyvape.eu\/fr\/#organization","name":"fizzyvape.eu","url":"https:\/\/www.fizzyvape.eu\/fr\/","logo":{"@type":"ImageObject","inLanguage":"fr-FR","@id":"https:\/\/www.fizzyvape.eu\/fr\/#\/schema\/logo\/image\/","url":"https:\/\/fizzyvape.eu\/wp-content\/uploads\/2019\/06\/print-1.svg","contentUrl":"https:\/\/fizzyvape.eu\/wp-content\/uploads\/2019\/06\/print-1.svg","width":124,"height":37,"caption":"fizzyvape.eu"},"image":{"@id":"https:\/\/www.fizzyvape.eu\/fr\/#\/schema\/logo\/image\/"}}]},"og_availability":"out of stock","product_availability":"out of stock","product_condition":"new"},"tiered_pricing_type":"fixed","tiered_pricing_fixed_rules":[],"tiered_pricing_product_settings":{"layout":"default","base_unit_name":{"singular":null,"plural":null},"default_variation":null},"tiered_pricing_minimum_quantity":null,"tiered_pricing_roles_data":[],"tiered_pricing_percentage_rules":[],"tiered_pricing_maximum_quantity":null,"tiered_pricing_quantity_step":null,"_links":{"self":[{"href":"https:\/\/fizzyvape.eu\/fr\/wp-json\/wp\/v2\/product\/26301","targetHints":{"allow":["GET"]}}],"collection":[{"href":"https:\/\/fizzyvape.eu\/fr\/wp-json\/wp\/v2\/product"}],"about":[{"href":"https:\/\/fizzyvape.eu\/fr\/wp-json\/wp\/v2\/types\/product"}],"replies":[{"embeddable":true,"href":"https:\/\/fizzyvape.eu\/fr\/wp-json\/wp\/v2\/comments?post=26301"}],"version-history":[{"count":0,"href":"https:\/\/fizzyvape.eu\/fr\/wp-json\/wp\/v2\/product\/26301\/revisions"}],"wp:featuredmedia":[{"embeddable":true,"href":"https:\/\/fizzyvape.eu\/fr\/wp-json\/wp\/v2\/media\/20603"}],"wp:attachment":[{"href":"https:\/\/fizzyvape.eu\/fr\/wp-json\/wp\/v2\/media?parent=26301"}],"wp:term":[{"taxonomy":"product_brand","embeddable":true,"href":"https:\/\/fizzyvape.eu\/fr\/wp-json\/wp\/v2\/product_brand?post=26301"},{"taxonomy":"product_cat","embeddable":true,"href":"https:\/\/fizzyvape.eu\/fr\/wp-json\/wp\/v2\/product_cat?post=26301"},{"taxonomy":"product_tag","embeddable":true,"href":"https:\/\/fizzyvape.eu\/fr\/wp-json\/wp\/v2\/product_tag?post=26301"}],"curies":[{"name":"wp","href":"https:\/\/api.w.org\/{rel}","templated":true}]}}