{"id":26338,"date":"2025-03-27T10:41:50","date_gmt":"2025-03-27T02:41:50","guid":{"rendered":"https:\/\/fizzyvape.eu\/product\/fizzy-pandora-grenade-12000-bouffees\/"},"modified":"2025-03-27T10:41:50","modified_gmt":"2025-03-27T02:41:50","slug":"fizzy-pandora-grenade-12000-bouffees","status":"publish","type":"product","link":"https:\/\/fizzyvape.eu\/fr\/produit\/fizzy-pandora-grenade-12000-bouffees\/","title":{"rendered":"Fizzy Pandora Grenade &#8211; 12000 bouff\u00e9es"},"content":{"rendered":"<div>\n<h2><strong>Fizzy Pandora Pomegranate 12000 Puffs &#8211; Vape jetable de qualit\u00e9 sup\u00e9rieure avec saveur de fruits exotiques<\/strong><\/h2>\n<p>Laissez-vous tenter par le <strong>go\u00fbt riche, acidul\u00e9 et sucr\u00e9 de la grenade m\u00fbre<\/strong> avec la vape jetable <strong>Fizzy Pandora Pomegranate 12000 Puffs<\/strong>. Con\u00e7u pour une <strong>satisfaction durable<\/strong>, ce dispositif de qualit\u00e9 sup\u00e9rieure d\u00e9livre <strong>12 000 bouff\u00e9es ultra douces<\/strong> d&#8217;<strong>e-liquide \u00e0 5 % de nicotine<\/strong> dans un <strong>emballage \u00e9l\u00e9gant et portable<\/strong>. La <strong>bobine en maille avanc\u00e9e<\/strong> assure une <strong>puret\u00e9 de saveur maximale<\/strong> \u00e0 chaque aspiration.  <\/p>\n<h2><strong>Caract\u00e9ristiques principales<\/strong><\/h2>\n<p><strong>12 000 bouff\u00e9es prolong\u00e9es<\/strong> &#8211; Capacit\u00e9 in\u00e9gal\u00e9e dans l&#8217;industrie pour un vapotage ininterrompu.<br \/>\n\u2714 <strong>Go\u00fbt exotique de grenade<\/strong> &#8211; \u00c9quilibre parfait entre le sucr\u00e9 et l&#8217;acidul\u00e9 avec une finale p\u00e9tillante<br \/>\n<strong>\u2714 Capacit\u00e9 pr\u00e9-remplie de 20mL<\/strong> &#8211; Offre massive d&#8217;e-liquide (5% de nicotine)<br \/>\n\u2714 <strong>Batterie rechargeable de 650mAh<\/strong> &#8211; Port de charge USB-C pour une utilisation compl\u00e8te.<br \/>\n\u2714 <strong>1.4\u03a9 Mesh Coil Technology<\/strong> &#8211; Optimis\u00e9 pour une saveur riche et une production de vapeur dense.<br \/>\n\u2714 <strong>\u00c9tanche et portable<\/strong> &#8211; Dimensions compactes (48\u00d720,6\u00d788 mm) pour une utilisation en d\u00e9placement <\/p>\n<h3><strong>Pourquoi choisir Fizzy Pandora ?<\/strong><\/h3>\n<p>&#8211; <strong>Long\u00e9vit\u00e9 in\u00e9gal\u00e9e<\/strong> &#8211; dure plus longtemps que les produits jetables standard<br \/>\n&#8211; <strong>Diffusion d&#8217;ar\u00f4mes de premi\u00e8re qualit\u00e9<\/strong> &#8211; Technologie de bobine avanc\u00e9e<br \/>\n&#8211; <strong>Conception pratique<\/strong> &#8211; Pas d&#8217;entretien n\u00e9cessaire<br \/>\n&#8211; <strong>Effet de nicotine satisfaisant<\/strong> &#8211; 50 mg de sel de nicotine doux <\/p>\n<h3>Contenu de l&#8217;emballage<\/h3>\n<p>1 \u00d7 Fizzy Pandora Pomegranate 12000 Puffs Device<\/p>\n<\/div>\n<div>\n<h3>Sp\u00e9cifications<\/h3>\n<table>\n<tbody>\n<tr>\n<td>Bouff\u00e9es<\/td>\n<td><strong>12000+ Puffs<\/strong><\/td>\n<\/tr>\n<tr>\n<td>Capacit\u00e9 en e-liquide<\/td>\n<td><strong>20ml<\/strong><\/td>\n<\/tr>\n<tr>\n<td>Capacit\u00e9 de la batterie<\/td>\n<td><strong>650mAh<\/strong><\/td>\n<\/tr>\n<tr>\n<td>Bobine en maille<\/td>\n<td><strong>1.4\u03a9<\/strong><\/td>\n<\/tr>\n<tr>\n<td>Taille<\/td>\n<td><strong>48*20.6*88mm<\/strong><\/td>\n<\/tr>\n<tr>\n<td>Jetable ou non<\/td>\n<td><strong>Jetable<\/strong><\/td>\n<\/tr>\n<tr>\n<td>M\u00e9thode de chargement<\/td>\n<td><strong>C\u00e2ble<\/strong><\/td>\n<\/tr>\n<tr>\n<td>M\u00e9thode d&#8217;activation<\/td>\n<td><strong>Capteur<\/strong><\/td>\n<\/tr>\n<tr>\n<td>Taux de nicotine<\/td>\n<td><strong>5% (50mg\/ml)<\/strong><\/td>\n<\/tr>\n<tr>\n<td>Saveurs<\/td>\n<td><strong>12<\/strong><\/td>\n<\/tr>\n<tr>\n<td>Emballage<\/td>\n<td><strong>1 paquet<\/strong><\/td>\n<\/tr>\n<tr>\n<td>Temps de charge<\/td>\n<td><strong>2 heures<\/strong><\/td>\n<\/tr>\n<tr>\n<td>Stockage<\/td>\n<td><strong>\u00c9vitez les environnements \u00e0 haute temp\u00e9rature et conservez le produit dans un endroit frais et sec.<\/strong><\/td>\n<\/tr>\n<tr>\n<td>Personnes interdites d&#8217;utilisation<\/td>\n<td><strong>Les mineurs, les femmes enceintes et les personnes allergiques aux ingr\u00e9dients du produit.<\/strong><\/td>\n<\/tr>\n<tr>\n<td>Attention<\/td>\n<td><strong>N&#8217;avalez pas cette substance. En cas d&#8217;ingestion, rincez-vous imm\u00e9diatement et abondamment la bouche. Si vous vous sentez mal, consultez un m\u00e9decin.  <\/strong><\/td>\n<\/tr>\n<\/tbody>\n<\/table>\n<h3>Liste des ar\u00f4mes de <strong>Fizzy Pandora <\/strong>12000 Puffs :<\/h3>\n<ol>\n<li><a href=\"https:\/\/fizzyvape.eu\/fr\/produit\/melon-deau-petillant-pandora-12000-bouffees\/\">Past\u00e8que<\/a><\/li>\n<li><a href=\"https:\/\/fizzyvape.eu\/fr\/produit\/fizzy-pandora-mango-12000-bouffees\/\">Mangue<\/a><\/li>\n<li><a href=\"https:\/\/fizzyvape.eu\/fr\/produit\/fizzy-pandora-grape-12000-bouffees\/\">Raisin<\/a><\/li>\n<li><a href=\"https:\/\/fizzyvape.eu\/fr\/produit\/fizzy-pandora-grenade-12000-bouffees\/\">Grenade<\/a><\/li>\n<li><a href=\"https:\/\/fizzyvape.eu\/product\/fizzy-pandora-peach-12000-puffs\/\">P\u00eache<\/a><\/li>\n<li><a href=\"https:\/\/fizzyvape.eu\/product\/fizzy-pandora-blueberry-raspberry-12000-puffs\/\">Myrtille Framboise<\/a><\/li>\n<li><a href=\"https:\/\/fizzyvape.eu\/product\/fizzy-pandora-orange-mango-watermelon-12000-puffs\/\">Orange Mangue Past\u00e8que<\/a><\/li>\n<li><a href=\"https:\/\/fizzyvape.eu\/product\/fizzy-pandora-ice-mint-12000-puffs\/\">Menthe glac\u00e9e<\/a><\/li>\n<li><a href=\"https:\/\/fizzyvape.eu\/product\/fizzy-pandora-strawberry-kiwi-pomegranate-12000-puffs\/\">Fraise Kiwi Grenade<\/a><\/li>\n<li><a href=\"https:\/\/fizzyvape.eu\/product\/fizzy-pandora-blueberry-12000-puffs\/\">Myrtille<\/a><\/li>\n<li><a href=\"https:\/\/fizzyvape.eu\/fr\/produit\/fizzy-pandora-fraise-12000-bouffees\/\">Fraise<\/a><\/li>\n<li><a href=\"https:\/\/fizzyvape.eu\/fr\/produit\/fizzy-pandora-pasteque-myrtille-12000-bouffees\/\">Past\u00e8que Myrtille<\/a><\/li>\n<\/ol>\n<h3><strong>FAQ \u00e0 propos de <\/strong><strong>Fizzy Pandora Grenade 12000 bouff\u00e9es <\/strong><strong>Vape<\/strong><\/h3>\n<p><strong>1. Quelle est la dur\u00e9e de vie d&#8217;un appareil ?<\/strong><br \/>\nAvec environ 12 000 bouff\u00e9es, la plupart des utilisateurs trouvent qu&#8217;un appareil dure 2 \u00e0 3 semaines avec des habitudes de vapotage mod\u00e9r\u00e9es.<\/p>\n<p><strong>2. La saveur de la grenade est-elle tr\u00e8s sucr\u00e9e ?<\/strong><br \/>\nIl offre un \u00e9quilibre parfait &#8211; principalement de la grenade acidul\u00e9e avec une douceur subtile et une finale p\u00e9tillante pour une complexit\u00e9 rafra\u00eechissante.<\/p>\n<p><strong>4. Qu&#8217;est-ce qui diff\u00e9rencie ce produit des autres produits jetables ?<\/strong><br \/>\nNotre combinaison d&#8217;une <strong>tr\u00e8s grande capacit\u00e9 (20mL)<\/strong>, d&#8217;un <strong>serpentin en maille de premi\u00e8re qualit\u00e9<\/strong> et d&#8217;<strong>ar\u00f4mes de fruits p\u00e9tillants uniques<\/strong> le diff\u00e9rencie.<\/p>\n<p><strong>5. Convient-il aux d\u00e9butants ?<\/strong><br \/>\nAbsolument ! Le syst\u00e8me de tirage ne n\u00e9cessite aucun bouton ou r\u00e9glage &#8211; il suffit d&#8217;inhaler pour savourer. <\/p>\n<\/div>\n","protected":false},"excerpt":{"rendered":"<p><strong>Fizzy Pandora Pomegranate 12000 Puffs Disposable Vape<\/strong> &#8211; D\u00e9couvrez la <strong>profondeur succulente de la grenade<\/strong> avec une effervescence p\u00e9tillante &#8211; un go\u00fbt <strong>fruit\u00e9 audacieux<\/strong> qui est \u00e0 la fois <strong>rafra\u00eechissant et satisfaisant<\/strong>.<\/p>\n","protected":false},"featured_media":20651,"comment_status":"open","ping_status":"closed","template":"","meta":{"iawp_total_views":0},"product_brand":[],"product_cat":[308],"product_tag":[310,393],"class_list":{"0":"post-26338","1":"product","2":"type-product","3":"status-publish","4":"has-post-thumbnail","6":"product_cat-pandora-fr","7":"product_tag-12000-bouffees","8":"product_tag-grenade","10":"first","11":"outofstock","12":"shipping-taxable","13":"purchasable","14":"product-type-variable"},"yoast_head":"<!-- This site is optimized with the Yoast SEO Premium plugin v24.8 (Yoast SEO v24.8) - https:\/\/yoast.com\/wordpress\/plugins\/seo\/ -->\n<title>Fizzy Pandora Grenade - 12000 bouff\u00e9es - fizzyvape.eu<\/title>\n<meta name=\"robots\" content=\"index, follow, max-snippet:-1, max-image-preview:large, max-video-preview:-1\" \/>\n<link rel=\"canonical\" href=\"https:\/\/fizzyvape.eu\/fr\/produit\/fizzy-pandora-grenade-12000-bouffees\/\" \/>\n<meta property=\"og:locale\" content=\"fr_FR\" \/>\n<meta property=\"og:type\" content=\"article\" \/>\n<meta property=\"og:title\" content=\"Fizzy Pandora Grenade - 12000 bouff\u00e9es\" \/>\n<meta property=\"og:description\" content=\"Fizzy Pandora Pomegranate 12000 Puffs Disposable Vape - D\u00e9couvrez la profondeur succulente de la grenade avec une effervescence p\u00e9tillante - un go\u00fbt fruit\u00e9 audacieux qui est \u00e0 la fois rafra\u00eechissant et satisfaisant.\" \/>\n<meta property=\"og:url\" content=\"https:\/\/fizzyvape.eu\/fr\/produit\/fizzy-pandora-grenade-12000-bouffees\/\" \/>\n<meta property=\"og:site_name\" content=\"fizzyvape.eu\" \/>\n<meta property=\"og:image\" content=\"https:\/\/fizzyvape.eu\/wp-content\/uploads\/2025\/03\/FizzyVape-Pandora-Pomegranate-12000Puff.jpg\" \/>\n\t<meta property=\"og:image:width\" content=\"1057\" \/>\n\t<meta property=\"og:image:height\" content=\"1037\" \/>\n\t<meta property=\"og:image:type\" content=\"image\/jpeg\" \/>\n<meta name=\"twitter:card\" content=\"summary_large_image\" \/>\n<meta name=\"twitter:label1\" content=\"Disponibilit\u00e9\" \/>\n\t<meta name=\"twitter:data1\" content=\"Rupture de stock\" \/>\n<script type=\"application\/ld+json\" class=\"yoast-schema-graph\">{\"@context\":\"https:\/\/schema.org\",\"@graph\":[{\"@type\":\"WebPage\",\"@id\":\"https:\/\/fizzyvape.eu\/fr\/produit\/fizzy-pandora-grenade-12000-bouffees\/\",\"url\":\"https:\/\/fizzyvape.eu\/fr\/produit\/fizzy-pandora-grenade-12000-bouffees\/\",\"name\":\"Fizzy Pandora Grenade - 12000 bouff\u00e9es - fizzyvape.eu\",\"isPartOf\":{\"@id\":\"https:\/\/www.fizzyvape.eu\/fr\/#website\"},\"primaryImageOfPage\":{\"@id\":\"https:\/\/fizzyvape.eu\/fr\/produit\/fizzy-pandora-grenade-12000-bouffees\/#primaryimage\"},\"image\":{\"@id\":\"https:\/\/fizzyvape.eu\/fr\/produit\/fizzy-pandora-grenade-12000-bouffees\/#primaryimage\"},\"thumbnailUrl\":\"https:\/\/fizzyvape.eu\/wp-content\/uploads\/2025\/03\/FizzyVape-Pandora-Pomegranate-12000Puff.jpg\",\"datePublished\":\"2025-03-27T02:41:50+00:00\",\"breadcrumb\":{\"@id\":\"https:\/\/fizzyvape.eu\/fr\/produit\/fizzy-pandora-grenade-12000-bouffees\/#breadcrumb\"},\"inLanguage\":\"fr-FR\",\"potentialAction\":[{\"@type\":\"ReadAction\",\"target\":[\"https:\/\/fizzyvape.eu\/fr\/produit\/fizzy-pandora-grenade-12000-bouffees\/\"]}]},{\"@type\":\"ImageObject\",\"inLanguage\":\"fr-FR\",\"@id\":\"https:\/\/fizzyvape.eu\/fr\/produit\/fizzy-pandora-grenade-12000-bouffees\/#primaryimage\",\"url\":\"https:\/\/fizzyvape.eu\/wp-content\/uploads\/2025\/03\/FizzyVape-Pandora-Pomegranate-12000Puff.jpg\",\"contentUrl\":\"https:\/\/fizzyvape.eu\/wp-content\/uploads\/2025\/03\/FizzyVape-Pandora-Pomegranate-12000Puff.jpg\",\"width\":1057,\"height\":1037,\"caption\":\"FizzyVape-Pandora-Grenade-12000Puff\"},{\"@type\":\"BreadcrumbList\",\"@id\":\"https:\/\/fizzyvape.eu\/fr\/produit\/fizzy-pandora-grenade-12000-bouffees\/#breadcrumb\",\"itemListElement\":[{\"@type\":\"ListItem\",\"position\":1,\"name\":\"Home\",\"item\":\"https:\/\/fizzyvape.eu\/fr\/\"},{\"@type\":\"ListItem\",\"position\":2,\"name\":\"Boutique\",\"item\":\"https:\/\/www.fizzyvape.eu\/fr\/boutique\/\"},{\"@type\":\"ListItem\",\"position\":3,\"name\":\"Fizzy Pandora Grenade &#8211; 12000 bouff\u00e9es\"}]},{\"@type\":\"WebSite\",\"@id\":\"https:\/\/www.fizzyvape.eu\/fr\/#website\",\"url\":\"https:\/\/www.fizzyvape.eu\/fr\/\",\"name\":\"fizzyvape.eu\",\"description\":\"Refreshing Vapes. Unforgettable Taste.\",\"publisher\":{\"@id\":\"https:\/\/www.fizzyvape.eu\/fr\/#organization\"},\"potentialAction\":[{\"@type\":\"SearchAction\",\"target\":{\"@type\":\"EntryPoint\",\"urlTemplate\":\"https:\/\/www.fizzyvape.eu\/fr\/?s={search_term_string}\"},\"query-input\":{\"@type\":\"PropertyValueSpecification\",\"valueRequired\":true,\"valueName\":\"search_term_string\"}}],\"inLanguage\":\"fr-FR\"},{\"@type\":\"Organization\",\"@id\":\"https:\/\/www.fizzyvape.eu\/fr\/#organization\",\"name\":\"fizzyvape.eu\",\"url\":\"https:\/\/www.fizzyvape.eu\/fr\/\",\"logo\":{\"@type\":\"ImageObject\",\"inLanguage\":\"fr-FR\",\"@id\":\"https:\/\/www.fizzyvape.eu\/fr\/#\/schema\/logo\/image\/\",\"url\":\"https:\/\/fizzyvape.eu\/wp-content\/uploads\/2019\/06\/print-1.svg\",\"contentUrl\":\"https:\/\/fizzyvape.eu\/wp-content\/uploads\/2019\/06\/print-1.svg\",\"width\":124,\"height\":37,\"caption\":\"fizzyvape.eu\"},\"image\":{\"@id\":\"https:\/\/www.fizzyvape.eu\/fr\/#\/schema\/logo\/image\/\"}}]}<\/script>\n<meta property=\"og:availability\" content=\"out of stock\" \/>\n<meta property=\"product:availability\" content=\"out of stock\" \/>\n<meta property=\"product:condition\" content=\"new\" \/>\n<!-- \/ Yoast SEO Premium plugin. -->","yoast_head_json":{"title":"Fizzy Pandora Grenade - 12000 bouff\u00e9es - fizzyvape.eu","robots":{"index":"index","follow":"follow","max-snippet":"max-snippet:-1","max-image-preview":"max-image-preview:large","max-video-preview":"max-video-preview:-1"},"canonical":"https:\/\/fizzyvape.eu\/fr\/produit\/fizzy-pandora-grenade-12000-bouffees\/","og_locale":"fr_FR","og_type":"article","og_title":"Fizzy Pandora Grenade - 12000 bouff\u00e9es","og_description":"Fizzy Pandora Pomegranate 12000 Puffs Disposable Vape - D\u00e9couvrez la profondeur succulente de la grenade avec une effervescence p\u00e9tillante - un go\u00fbt fruit\u00e9 audacieux qui est \u00e0 la fois rafra\u00eechissant et satisfaisant.","og_url":"https:\/\/fizzyvape.eu\/fr\/produit\/fizzy-pandora-grenade-12000-bouffees\/","og_site_name":"fizzyvape.eu","og_image":[{"width":1057,"height":1037,"url":"https:\/\/fizzyvape.eu\/wp-content\/uploads\/2025\/03\/FizzyVape-Pandora-Pomegranate-12000Puff.jpg","type":"image\/jpeg"}],"twitter_card":"summary_large_image","twitter_misc":{"Disponibilit\u00e9":"Rupture de stock"},"schema":{"@context":"https:\/\/schema.org","@graph":[{"@type":"WebPage","@id":"https:\/\/fizzyvape.eu\/fr\/produit\/fizzy-pandora-grenade-12000-bouffees\/","url":"https:\/\/fizzyvape.eu\/fr\/produit\/fizzy-pandora-grenade-12000-bouffees\/","name":"Fizzy Pandora Grenade - 12000 bouff\u00e9es - fizzyvape.eu","isPartOf":{"@id":"https:\/\/www.fizzyvape.eu\/fr\/#website"},"primaryImageOfPage":{"@id":"https:\/\/fizzyvape.eu\/fr\/produit\/fizzy-pandora-grenade-12000-bouffees\/#primaryimage"},"image":{"@id":"https:\/\/fizzyvape.eu\/fr\/produit\/fizzy-pandora-grenade-12000-bouffees\/#primaryimage"},"thumbnailUrl":"https:\/\/fizzyvape.eu\/wp-content\/uploads\/2025\/03\/FizzyVape-Pandora-Pomegranate-12000Puff.jpg","datePublished":"2025-03-27T02:41:50+00:00","breadcrumb":{"@id":"https:\/\/fizzyvape.eu\/fr\/produit\/fizzy-pandora-grenade-12000-bouffees\/#breadcrumb"},"inLanguage":"fr-FR","potentialAction":[{"@type":"ReadAction","target":["https:\/\/fizzyvape.eu\/fr\/produit\/fizzy-pandora-grenade-12000-bouffees\/"]}]},{"@type":"ImageObject","inLanguage":"fr-FR","@id":"https:\/\/fizzyvape.eu\/fr\/produit\/fizzy-pandora-grenade-12000-bouffees\/#primaryimage","url":"https:\/\/fizzyvape.eu\/wp-content\/uploads\/2025\/03\/FizzyVape-Pandora-Pomegranate-12000Puff.jpg","contentUrl":"https:\/\/fizzyvape.eu\/wp-content\/uploads\/2025\/03\/FizzyVape-Pandora-Pomegranate-12000Puff.jpg","width":1057,"height":1037,"caption":"FizzyVape-Pandora-Grenade-12000Puff"},{"@type":"BreadcrumbList","@id":"https:\/\/fizzyvape.eu\/fr\/produit\/fizzy-pandora-grenade-12000-bouffees\/#breadcrumb","itemListElement":[{"@type":"ListItem","position":1,"name":"Home","item":"https:\/\/fizzyvape.eu\/fr\/"},{"@type":"ListItem","position":2,"name":"Boutique","item":"https:\/\/www.fizzyvape.eu\/fr\/boutique\/"},{"@type":"ListItem","position":3,"name":"Fizzy Pandora Grenade &#8211; 12000 bouff\u00e9es"}]},{"@type":"WebSite","@id":"https:\/\/www.fizzyvape.eu\/fr\/#website","url":"https:\/\/www.fizzyvape.eu\/fr\/","name":"fizzyvape.eu","description":"Refreshing Vapes. Unforgettable Taste.","publisher":{"@id":"https:\/\/www.fizzyvape.eu\/fr\/#organization"},"potentialAction":[{"@type":"SearchAction","target":{"@type":"EntryPoint","urlTemplate":"https:\/\/www.fizzyvape.eu\/fr\/?s={search_term_string}"},"query-input":{"@type":"PropertyValueSpecification","valueRequired":true,"valueName":"search_term_string"}}],"inLanguage":"fr-FR"},{"@type":"Organization","@id":"https:\/\/www.fizzyvape.eu\/fr\/#organization","name":"fizzyvape.eu","url":"https:\/\/www.fizzyvape.eu\/fr\/","logo":{"@type":"ImageObject","inLanguage":"fr-FR","@id":"https:\/\/www.fizzyvape.eu\/fr\/#\/schema\/logo\/image\/","url":"https:\/\/fizzyvape.eu\/wp-content\/uploads\/2019\/06\/print-1.svg","contentUrl":"https:\/\/fizzyvape.eu\/wp-content\/uploads\/2019\/06\/print-1.svg","width":124,"height":37,"caption":"fizzyvape.eu"},"image":{"@id":"https:\/\/www.fizzyvape.eu\/fr\/#\/schema\/logo\/image\/"}}]},"og_availability":"out of stock","product_availability":"out of stock","product_condition":"new"},"tiered_pricing_type":"fixed","tiered_pricing_fixed_rules":[],"tiered_pricing_product_settings":{"layout":"default","base_unit_name":{"singular":null,"plural":null},"default_variation":null},"tiered_pricing_minimum_quantity":null,"tiered_pricing_roles_data":[],"tiered_pricing_percentage_rules":[],"tiered_pricing_maximum_quantity":null,"tiered_pricing_quantity_step":null,"_links":{"self":[{"href":"https:\/\/fizzyvape.eu\/fr\/wp-json\/wp\/v2\/product\/26338","targetHints":{"allow":["GET"]}}],"collection":[{"href":"https:\/\/fizzyvape.eu\/fr\/wp-json\/wp\/v2\/product"}],"about":[{"href":"https:\/\/fizzyvape.eu\/fr\/wp-json\/wp\/v2\/types\/product"}],"replies":[{"embeddable":true,"href":"https:\/\/fizzyvape.eu\/fr\/wp-json\/wp\/v2\/comments?post=26338"}],"version-history":[{"count":0,"href":"https:\/\/fizzyvape.eu\/fr\/wp-json\/wp\/v2\/product\/26338\/revisions"}],"wp:featuredmedia":[{"embeddable":true,"href":"https:\/\/fizzyvape.eu\/fr\/wp-json\/wp\/v2\/media\/20651"}],"wp:attachment":[{"href":"https:\/\/fizzyvape.eu\/fr\/wp-json\/wp\/v2\/media?parent=26338"}],"wp:term":[{"taxonomy":"product_brand","embeddable":true,"href":"https:\/\/fizzyvape.eu\/fr\/wp-json\/wp\/v2\/product_brand?post=26338"},{"taxonomy":"product_cat","embeddable":true,"href":"https:\/\/fizzyvape.eu\/fr\/wp-json\/wp\/v2\/product_cat?post=26338"},{"taxonomy":"product_tag","embeddable":true,"href":"https:\/\/fizzyvape.eu\/fr\/wp-json\/wp\/v2\/product_tag?post=26338"}],"curies":[{"name":"wp","href":"https:\/\/api.w.org\/{rel}","templated":true}]}}