{"id":26440,"date":"2025-03-27T11:59:29","date_gmt":"2025-03-27T03:59:29","guid":{"rendered":"https:\/\/fizzyvape.eu\/product\/fizzy-pandora-ice-mint-12000-bouffees\/"},"modified":"2025-03-27T11:59:29","modified_gmt":"2025-03-27T03:59:29","slug":"fizzy-pandora-ice-mint-12000-bouffees","status":"publish","type":"product","link":"https:\/\/fizzyvape.eu\/fr\/produit\/fizzy-pandora-ice-mint-12000-bouffees\/","title":{"rendered":"Fizzy Pandora Ice Mint &#8211; 12000 bouff\u00e9es"},"content":{"rendered":"<div>\n<h2><strong>Fizzy Pandora Ice Mint 12000 bouff\u00e9es &#8211; Premium Cooling Vape jetable<\/strong><\/h2>\n<p>Rafra\u00eechissez vos sens avec <strong>Fizzy Pandora Ice Mint 12000 Puffs<\/strong> &#8211; une vape jetable ultra-cool d\u00e9livrant une explosion revigorante de menthe arctique avec une fra\u00eecheur glac\u00e9e. D\u00e9couvrez 12 000 bouff\u00e9es ultra douces d&#8217;e-liquide sal\u00e9 \u00e0 5% de nicotine dans un design \u00e9l\u00e9gant, rechargeable par USB-C, avec une puissante satisfaction menthol\u00e9e. <\/p>\n<h3><strong>Caract\u00e9ristiques principales<\/strong><\/h3>\n<ul>\n<li>12 000 bouff\u00e9es prolong\u00e9es &#8211; dure 2 \u00e0 3 semaines avec une utilisation mod\u00e9r\u00e9e<\/li>\n<li>Un menthol \u00e9quilibr\u00e9, fort mais non m\u00e9dicinal<\/li>\n<li>Construction \u00e9tanche (conception compacte 48\u00d720,6\u00d788 mm)<\/li>\n<li>M\u00e9canisme d&#8217;activation par tirage au sort pour une vaporisation sans probl\u00e8me<\/li>\n<\/ul>\n<h3><strong>Pourquoi choisir Fizzy Pandora Ice Mint ?<\/strong><\/h3>\n<p>\u2744\ufe0f <strong>Sensation de fra\u00eecheur arctique<\/strong> &#8211; Saveur intense de menthe glaciale avec un fini ultra rafra\u00eechissant.<br \/>\n\u26a1 <strong>Endurance rechargeable<\/strong> &#8211; 12 000 bouff\u00e9es avec une batterie USB-C de 650mAh<br \/>\n\ud83e\uddca <strong>Saveur cristalline<\/strong> &#8211; Le serpentin \u00e0 mailles de 1,4\u03a9 pr\u00e9serve la puret\u00e9 de la menthe.<br \/>\n\ud83d\udca8 <strong>Douceur et puissance<\/strong> &#8211; 5% de sel de nicotine avec une sensation de gorge satisfaisante<br \/>\n\ud83d\udee1\ufe0f <strong>Performance sans fuite<\/strong> &#8211; La construction scell\u00e9e \u00e9vite les d\u00e9g\u00e2ts <\/p>\n<h3>Contenu de l&#8217;emballage<\/h3>\n<p>1 \u00d7 Appareil Fizzy Pandora Ice Mint 12000 bouff\u00e9es<\/p>\n<\/div>\n<div>\n<h3>Sp\u00e9cifications<\/h3>\n<table>\n<tbody>\n<tr>\n<td>Bouff\u00e9es<\/td>\n<td><strong>12000+ Puffs<\/strong><\/td>\n<\/tr>\n<tr>\n<td>Capacit\u00e9 en e-liquide<\/td>\n<td><strong>20ml<\/strong><\/td>\n<\/tr>\n<tr>\n<td>Capacit\u00e9 de la batterie<\/td>\n<td><strong>650mAh<\/strong><\/td>\n<\/tr>\n<tr>\n<td>Bobine en maille<\/td>\n<td><strong>1.4\u03a9<\/strong><\/td>\n<\/tr>\n<tr>\n<td>Taille<\/td>\n<td><strong>48*20.6*88mm<\/strong><\/td>\n<\/tr>\n<tr>\n<td>Jetable ou non<\/td>\n<td><strong>Jetable<\/strong><\/td>\n<\/tr>\n<tr>\n<td>M\u00e9thode de chargement<\/td>\n<td><strong>C\u00e2ble<\/strong><\/td>\n<\/tr>\n<tr>\n<td>M\u00e9thode d&#8217;activation<\/td>\n<td><strong>Capteur<\/strong><\/td>\n<\/tr>\n<tr>\n<td>Taux de nicotine<\/td>\n<td><strong>5% (50mg\/ml)<\/strong><\/td>\n<\/tr>\n<tr>\n<td>Saveurs<\/td>\n<td><strong>12<\/strong><\/td>\n<\/tr>\n<tr>\n<td>Emballage<\/td>\n<td><strong>1 paquet<\/strong><\/td>\n<\/tr>\n<tr>\n<td>Temps de charge<\/td>\n<td><strong>2 heures<\/strong><\/td>\n<\/tr>\n<tr>\n<td>Stockage<\/td>\n<td><strong>\u00c9vitez les environnements \u00e0 haute temp\u00e9rature et conservez le produit dans un endroit frais et sec.<\/strong><\/td>\n<\/tr>\n<tr>\n<td>Personnes interdites d&#8217;utilisation<\/td>\n<td><strong>Les mineurs, les femmes enceintes et les personnes allergiques aux ingr\u00e9dients du produit.<\/strong><\/td>\n<\/tr>\n<tr>\n<td>Attention<\/td>\n<td><strong>N&#8217;avalez pas cette substance. En cas d&#8217;ingestion, rincez-vous imm\u00e9diatement et abondamment la bouche. Si vous vous sentez mal, consultez un m\u00e9decin.  <\/strong><\/td>\n<\/tr>\n<\/tbody>\n<\/table>\n<h3>Liste des ar\u00f4mes de <strong>Fizzy Pandora <\/strong>12000 Puffs :<\/h3>\n<ol>\n<li><a href=\"https:\/\/fizzyvape.eu\/fr\/produit\/melon-deau-petillant-pandora-12000-bouffees\/\">Past\u00e8que<\/a><\/li>\n<li><a href=\"https:\/\/fizzyvape.eu\/fr\/produit\/fizzy-pandora-mango-12000-bouffees\/\">Mangue<\/a><\/li>\n<li><a href=\"https:\/\/fizzyvape.eu\/fr\/produit\/fizzy-pandora-grape-12000-bouffees\/\">Raisin<\/a><\/li>\n<li><a href=\"https:\/\/fizzyvape.eu\/fr\/produit\/fizzy-pandora-grenade-12000-bouffees\/\">Grenade<\/a><\/li>\n<li><a href=\"https:\/\/fizzyvape.eu\/fr\/produit\/peche-petillante-pandora-12000-bouffees\/\">P\u00eache<\/a><\/li>\n<li><a href=\"https:\/\/fizzyvape.eu\/fr\/produit\/fizzy-pandora-myrtille-framboise-12000-bouffees\/\">Myrtille Framboise<\/a><\/li>\n<li><a href=\"https:\/\/fizzyvape.eu\/fr\/produit\/fizzy-pandora-orange-mangue-pasteque-12000-bouffees\/\">Orange Mangue Past\u00e8que<\/a><\/li>\n<li><a href=\"https:\/\/fizzyvape.eu\/fr\/produit\/fizzy-pandora-ice-mint-12000-bouffees\/\">Menthe glac\u00e9e<\/a><\/li>\n<li><a href=\"https:\/\/fizzyvape.eu\/product\/fizzy-pandora-strawberry-kiwi-pomegranate-12000-puffs\/\">Fraise Kiwi Grenade<\/a><\/li>\n<li><a href=\"https:\/\/fizzyvape.eu\/product\/fizzy-pandora-blueberry-12000-puffs\/\">Myrtille<\/a><\/li>\n<li><a href=\"https:\/\/fizzyvape.eu\/fr\/produit\/fizzy-pandora-fraise-12000-bouffees\/\">Fraise<\/a><\/li>\n<li><a href=\"https:\/\/fizzyvape.eu\/fr\/produit\/fizzy-pandora-pasteque-myrtille-12000-bouffees\/\">Past\u00e8que Myrtille<\/a><\/li>\n<\/ol>\n<h3><strong>FAQ \u00e0 propos de <\/strong><strong>Fizzy Pandora Ice Mint 12000 bouff\u00e9es <\/strong><strong>Vape<\/strong><\/h3>\n<p><strong>1. Quelle est l&#8217;importance de l&#8217;effet de refroidissement ?<\/strong><br \/>\nNotre Ice Mint offre une intensit\u00e9 de refroidissement de 7\/10 &#8211; sensiblement rafra\u00eechissante sans \u00eatre \u00e9crasante, parfaite pour le vapotage tout au long de la journ\u00e9e.<\/p>\n<p><strong>2. A-t-il un go\u00fbt de menthol m\u00e9dicinal ?<\/strong><br \/>\nNous utilisons des ar\u00f4mes de premi\u00e8re qualit\u00e9 pour obtenir un go\u00fbt naturel de menthe poivr\u00e9e avec des notes glac\u00e9es nettes, et non des tons m\u00e9dicinaux agressifs. <\/p>\n<p><strong>3. La sensation de refroidissement s&#8217;estompe-t-elle avec le temps ?<\/strong><br \/>\nL&#8217;effet menthol\u00e9 reste constant tout au long des 12 000 bouff\u00e9es gr\u00e2ce \u00e0 notre formulation d&#8217;ar\u00f4mes stabilis\u00e9s.<\/p>\n<p><strong>4. Peut-on le m\u00e9langer \u00e0 d&#8217;autres ar\u00f4mes ?<\/strong><br \/>\nOui ! De nombreux utilisateurs l&#8217;associent \u00e0 des ar\u00f4mes de fruits (comme la past\u00e8que ou les baies) pour cr\u00e9er des m\u00e9langes de fruits glac\u00e9s personnalis\u00e9s. <\/p>\n<\/div>\n","protected":false},"excerpt":{"rendered":"<p><strong>Fizzy Pandora Ice Mint 12000 bouff\u00e9es<\/strong>: Faites l&#8217;exp\u00e9rience d&#8217;une explosion arctique avec cette vape jetable r\u00e9frig\u00e9rante de premi\u00e8re qualit\u00e9, offrant une saveur intense de menthe glac\u00e9e et une satisfaction menthol\u00e9e rafra\u00eechissante \u00e0 chaque bouff\u00e9e.<\/p>\n","protected":false},"featured_media":20627,"comment_status":"open","ping_status":"closed","template":"","meta":{"iawp_total_views":0},"product_brand":[],"product_cat":[308],"product_tag":[310,388],"class_list":{"0":"post-26440","1":"product","2":"type-product","3":"status-publish","4":"has-post-thumbnail","6":"product_cat-pandora-fr","7":"product_tag-12000-bouffees","8":"product_tag-pasteque","10":"first","11":"outofstock","12":"shipping-taxable","13":"purchasable","14":"product-type-variable"},"yoast_head":"<!-- This site is optimized with the Yoast SEO Premium plugin v24.8 (Yoast SEO v24.8) - https:\/\/yoast.com\/wordpress\/plugins\/seo\/ -->\n<title>Fizzy Pandora Ice Mint - 12000 bouff\u00e9es - fizzyvape.eu<\/title>\n<meta name=\"robots\" content=\"index, follow, max-snippet:-1, max-image-preview:large, max-video-preview:-1\" \/>\n<link rel=\"canonical\" href=\"https:\/\/fizzyvape.eu\/fr\/produit\/fizzy-pandora-ice-mint-12000-bouffees\/\" \/>\n<meta property=\"og:locale\" content=\"fr_FR\" \/>\n<meta property=\"og:type\" content=\"article\" \/>\n<meta property=\"og:title\" content=\"Fizzy Pandora Ice Mint - 12000 bouff\u00e9es\" \/>\n<meta property=\"og:description\" content=\"Fizzy Pandora Ice Mint 12000 bouff\u00e9es: Faites l&#039;exp\u00e9rience d&#039;une explosion arctique avec cette vape jetable r\u00e9frig\u00e9rante de premi\u00e8re qualit\u00e9, offrant une saveur intense de menthe glac\u00e9e et une satisfaction menthol\u00e9e rafra\u00eechissante \u00e0 chaque bouff\u00e9e.\" \/>\n<meta property=\"og:url\" content=\"https:\/\/fizzyvape.eu\/fr\/produit\/fizzy-pandora-ice-mint-12000-bouffees\/\" \/>\n<meta property=\"og:site_name\" content=\"fizzyvape.eu\" \/>\n<meta property=\"og:image\" content=\"https:\/\/fizzyvape.eu\/wp-content\/uploads\/2025\/03\/FizzyVape-Pandora-Ice-Mint-12000Puff.jpg\" \/>\n\t<meta property=\"og:image:width\" content=\"1057\" \/>\n\t<meta property=\"og:image:height\" content=\"1037\" \/>\n\t<meta property=\"og:image:type\" content=\"image\/jpeg\" \/>\n<meta name=\"twitter:card\" content=\"summary_large_image\" \/>\n<meta name=\"twitter:label1\" content=\"Disponibilit\u00e9\" \/>\n\t<meta name=\"twitter:data1\" content=\"Rupture de stock\" \/>\n<script type=\"application\/ld+json\" class=\"yoast-schema-graph\">{\"@context\":\"https:\/\/schema.org\",\"@graph\":[{\"@type\":\"WebPage\",\"@id\":\"https:\/\/fizzyvape.eu\/fr\/produit\/fizzy-pandora-ice-mint-12000-bouffees\/\",\"url\":\"https:\/\/fizzyvape.eu\/fr\/produit\/fizzy-pandora-ice-mint-12000-bouffees\/\",\"name\":\"Fizzy Pandora Ice Mint - 12000 bouff\u00e9es - fizzyvape.eu\",\"isPartOf\":{\"@id\":\"https:\/\/www.fizzyvape.eu\/fr\/#website\"},\"primaryImageOfPage\":{\"@id\":\"https:\/\/fizzyvape.eu\/fr\/produit\/fizzy-pandora-ice-mint-12000-bouffees\/#primaryimage\"},\"image\":{\"@id\":\"https:\/\/fizzyvape.eu\/fr\/produit\/fizzy-pandora-ice-mint-12000-bouffees\/#primaryimage\"},\"thumbnailUrl\":\"https:\/\/fizzyvape.eu\/wp-content\/uploads\/2025\/03\/FizzyVape-Pandora-Ice-Mint-12000Puff.jpg\",\"datePublished\":\"2025-03-27T03:59:29+00:00\",\"breadcrumb\":{\"@id\":\"https:\/\/fizzyvape.eu\/fr\/produit\/fizzy-pandora-ice-mint-12000-bouffees\/#breadcrumb\"},\"inLanguage\":\"fr-FR\",\"potentialAction\":[{\"@type\":\"ReadAction\",\"target\":[\"https:\/\/fizzyvape.eu\/fr\/produit\/fizzy-pandora-ice-mint-12000-bouffees\/\"]}]},{\"@type\":\"ImageObject\",\"inLanguage\":\"fr-FR\",\"@id\":\"https:\/\/fizzyvape.eu\/fr\/produit\/fizzy-pandora-ice-mint-12000-bouffees\/#primaryimage\",\"url\":\"https:\/\/fizzyvape.eu\/wp-content\/uploads\/2025\/03\/FizzyVape-Pandora-Ice-Mint-12000Puff.jpg\",\"contentUrl\":\"https:\/\/fizzyvape.eu\/wp-content\/uploads\/2025\/03\/FizzyVape-Pandora-Ice-Mint-12000Puff.jpg\",\"width\":1057,\"height\":1037,\"caption\":\"FizzyVape-Pandora-Ice-Mint-12000Puff\"},{\"@type\":\"BreadcrumbList\",\"@id\":\"https:\/\/fizzyvape.eu\/fr\/produit\/fizzy-pandora-ice-mint-12000-bouffees\/#breadcrumb\",\"itemListElement\":[{\"@type\":\"ListItem\",\"position\":1,\"name\":\"Home\",\"item\":\"https:\/\/fizzyvape.eu\/fr\/\"},{\"@type\":\"ListItem\",\"position\":2,\"name\":\"Boutique\",\"item\":\"https:\/\/www.fizzyvape.eu\/fr\/boutique\/\"},{\"@type\":\"ListItem\",\"position\":3,\"name\":\"Fizzy Pandora Ice Mint &#8211; 12000 bouff\u00e9es\"}]},{\"@type\":\"WebSite\",\"@id\":\"https:\/\/www.fizzyvape.eu\/fr\/#website\",\"url\":\"https:\/\/www.fizzyvape.eu\/fr\/\",\"name\":\"fizzyvape.eu\",\"description\":\"Refreshing Vapes. Unforgettable Taste.\",\"publisher\":{\"@id\":\"https:\/\/www.fizzyvape.eu\/fr\/#organization\"},\"potentialAction\":[{\"@type\":\"SearchAction\",\"target\":{\"@type\":\"EntryPoint\",\"urlTemplate\":\"https:\/\/www.fizzyvape.eu\/fr\/?s={search_term_string}\"},\"query-input\":{\"@type\":\"PropertyValueSpecification\",\"valueRequired\":true,\"valueName\":\"search_term_string\"}}],\"inLanguage\":\"fr-FR\"},{\"@type\":\"Organization\",\"@id\":\"https:\/\/www.fizzyvape.eu\/fr\/#organization\",\"name\":\"fizzyvape.eu\",\"url\":\"https:\/\/www.fizzyvape.eu\/fr\/\",\"logo\":{\"@type\":\"ImageObject\",\"inLanguage\":\"fr-FR\",\"@id\":\"https:\/\/www.fizzyvape.eu\/fr\/#\/schema\/logo\/image\/\",\"url\":\"https:\/\/fizzyvape.eu\/wp-content\/uploads\/2019\/06\/print-1.svg\",\"contentUrl\":\"https:\/\/fizzyvape.eu\/wp-content\/uploads\/2019\/06\/print-1.svg\",\"width\":124,\"height\":37,\"caption\":\"fizzyvape.eu\"},\"image\":{\"@id\":\"https:\/\/www.fizzyvape.eu\/fr\/#\/schema\/logo\/image\/\"}}]}<\/script>\n<meta property=\"og:availability\" content=\"out of stock\" \/>\n<meta property=\"product:availability\" content=\"out of stock\" \/>\n<meta property=\"product:condition\" content=\"new\" \/>\n<!-- \/ Yoast SEO Premium plugin. -->","yoast_head_json":{"title":"Fizzy Pandora Ice Mint - 12000 bouff\u00e9es - fizzyvape.eu","robots":{"index":"index","follow":"follow","max-snippet":"max-snippet:-1","max-image-preview":"max-image-preview:large","max-video-preview":"max-video-preview:-1"},"canonical":"https:\/\/fizzyvape.eu\/fr\/produit\/fizzy-pandora-ice-mint-12000-bouffees\/","og_locale":"fr_FR","og_type":"article","og_title":"Fizzy Pandora Ice Mint - 12000 bouff\u00e9es","og_description":"Fizzy Pandora Ice Mint 12000 bouff\u00e9es: Faites l'exp\u00e9rience d'une explosion arctique avec cette vape jetable r\u00e9frig\u00e9rante de premi\u00e8re qualit\u00e9, offrant une saveur intense de menthe glac\u00e9e et une satisfaction menthol\u00e9e rafra\u00eechissante \u00e0 chaque bouff\u00e9e.","og_url":"https:\/\/fizzyvape.eu\/fr\/produit\/fizzy-pandora-ice-mint-12000-bouffees\/","og_site_name":"fizzyvape.eu","og_image":[{"width":1057,"height":1037,"url":"https:\/\/fizzyvape.eu\/wp-content\/uploads\/2025\/03\/FizzyVape-Pandora-Ice-Mint-12000Puff.jpg","type":"image\/jpeg"}],"twitter_card":"summary_large_image","twitter_misc":{"Disponibilit\u00e9":"Rupture de stock"},"schema":{"@context":"https:\/\/schema.org","@graph":[{"@type":"WebPage","@id":"https:\/\/fizzyvape.eu\/fr\/produit\/fizzy-pandora-ice-mint-12000-bouffees\/","url":"https:\/\/fizzyvape.eu\/fr\/produit\/fizzy-pandora-ice-mint-12000-bouffees\/","name":"Fizzy Pandora Ice Mint - 12000 bouff\u00e9es - fizzyvape.eu","isPartOf":{"@id":"https:\/\/www.fizzyvape.eu\/fr\/#website"},"primaryImageOfPage":{"@id":"https:\/\/fizzyvape.eu\/fr\/produit\/fizzy-pandora-ice-mint-12000-bouffees\/#primaryimage"},"image":{"@id":"https:\/\/fizzyvape.eu\/fr\/produit\/fizzy-pandora-ice-mint-12000-bouffees\/#primaryimage"},"thumbnailUrl":"https:\/\/fizzyvape.eu\/wp-content\/uploads\/2025\/03\/FizzyVape-Pandora-Ice-Mint-12000Puff.jpg","datePublished":"2025-03-27T03:59:29+00:00","breadcrumb":{"@id":"https:\/\/fizzyvape.eu\/fr\/produit\/fizzy-pandora-ice-mint-12000-bouffees\/#breadcrumb"},"inLanguage":"fr-FR","potentialAction":[{"@type":"ReadAction","target":["https:\/\/fizzyvape.eu\/fr\/produit\/fizzy-pandora-ice-mint-12000-bouffees\/"]}]},{"@type":"ImageObject","inLanguage":"fr-FR","@id":"https:\/\/fizzyvape.eu\/fr\/produit\/fizzy-pandora-ice-mint-12000-bouffees\/#primaryimage","url":"https:\/\/fizzyvape.eu\/wp-content\/uploads\/2025\/03\/FizzyVape-Pandora-Ice-Mint-12000Puff.jpg","contentUrl":"https:\/\/fizzyvape.eu\/wp-content\/uploads\/2025\/03\/FizzyVape-Pandora-Ice-Mint-12000Puff.jpg","width":1057,"height":1037,"caption":"FizzyVape-Pandora-Ice-Mint-12000Puff"},{"@type":"BreadcrumbList","@id":"https:\/\/fizzyvape.eu\/fr\/produit\/fizzy-pandora-ice-mint-12000-bouffees\/#breadcrumb","itemListElement":[{"@type":"ListItem","position":1,"name":"Home","item":"https:\/\/fizzyvape.eu\/fr\/"},{"@type":"ListItem","position":2,"name":"Boutique","item":"https:\/\/www.fizzyvape.eu\/fr\/boutique\/"},{"@type":"ListItem","position":3,"name":"Fizzy Pandora Ice Mint &#8211; 12000 bouff\u00e9es"}]},{"@type":"WebSite","@id":"https:\/\/www.fizzyvape.eu\/fr\/#website","url":"https:\/\/www.fizzyvape.eu\/fr\/","name":"fizzyvape.eu","description":"Refreshing Vapes. Unforgettable Taste.","publisher":{"@id":"https:\/\/www.fizzyvape.eu\/fr\/#organization"},"potentialAction":[{"@type":"SearchAction","target":{"@type":"EntryPoint","urlTemplate":"https:\/\/www.fizzyvape.eu\/fr\/?s={search_term_string}"},"query-input":{"@type":"PropertyValueSpecification","valueRequired":true,"valueName":"search_term_string"}}],"inLanguage":"fr-FR"},{"@type":"Organization","@id":"https:\/\/www.fizzyvape.eu\/fr\/#organization","name":"fizzyvape.eu","url":"https:\/\/www.fizzyvape.eu\/fr\/","logo":{"@type":"ImageObject","inLanguage":"fr-FR","@id":"https:\/\/www.fizzyvape.eu\/fr\/#\/schema\/logo\/image\/","url":"https:\/\/fizzyvape.eu\/wp-content\/uploads\/2019\/06\/print-1.svg","contentUrl":"https:\/\/fizzyvape.eu\/wp-content\/uploads\/2019\/06\/print-1.svg","width":124,"height":37,"caption":"fizzyvape.eu"},"image":{"@id":"https:\/\/www.fizzyvape.eu\/fr\/#\/schema\/logo\/image\/"}}]},"og_availability":"out of stock","product_availability":"out of stock","product_condition":"new"},"tiered_pricing_type":"fixed","tiered_pricing_fixed_rules":[],"tiered_pricing_product_settings":{"layout":"default","base_unit_name":{"singular":null,"plural":null},"default_variation":null},"tiered_pricing_minimum_quantity":null,"tiered_pricing_roles_data":[],"tiered_pricing_percentage_rules":[],"tiered_pricing_maximum_quantity":null,"tiered_pricing_quantity_step":null,"_links":{"self":[{"href":"https:\/\/fizzyvape.eu\/fr\/wp-json\/wp\/v2\/product\/26440","targetHints":{"allow":["GET"]}}],"collection":[{"href":"https:\/\/fizzyvape.eu\/fr\/wp-json\/wp\/v2\/product"}],"about":[{"href":"https:\/\/fizzyvape.eu\/fr\/wp-json\/wp\/v2\/types\/product"}],"replies":[{"embeddable":true,"href":"https:\/\/fizzyvape.eu\/fr\/wp-json\/wp\/v2\/comments?post=26440"}],"version-history":[{"count":0,"href":"https:\/\/fizzyvape.eu\/fr\/wp-json\/wp\/v2\/product\/26440\/revisions"}],"wp:featuredmedia":[{"embeddable":true,"href":"https:\/\/fizzyvape.eu\/fr\/wp-json\/wp\/v2\/media\/20627"}],"wp:attachment":[{"href":"https:\/\/fizzyvape.eu\/fr\/wp-json\/wp\/v2\/media?parent=26440"}],"wp:term":[{"taxonomy":"product_brand","embeddable":true,"href":"https:\/\/fizzyvape.eu\/fr\/wp-json\/wp\/v2\/product_brand?post=26440"},{"taxonomy":"product_cat","embeddable":true,"href":"https:\/\/fizzyvape.eu\/fr\/wp-json\/wp\/v2\/product_cat?post=26440"},{"taxonomy":"product_tag","embeddable":true,"href":"https:\/\/fizzyvape.eu\/fr\/wp-json\/wp\/v2\/product_tag?post=26440"}],"curies":[{"name":"wp","href":"https:\/\/api.w.org\/{rel}","templated":true}]}}