{"id":26635,"date":"2025-03-26T15:28:33","date_gmt":"2025-03-26T07:28:33","guid":{"rendered":"https:\/\/fizzyvape.eu\/product\/fizzy-great-grape-ice-10000-bouffees\/"},"modified":"2025-03-26T07:28:33","modified_gmt":"2025-03-25T23:28:33","slug":"fizzy-great-grape-ice-10000-bouffees","status":"publish","type":"product","link":"https:\/\/fizzyvape.eu\/fr\/produit\/fizzy-great-grape-ice-10000-bouffees\/","title":{"rendered":"Fizzy Great Grape Ice &#8211; 10000 bouff\u00e9es"},"content":{"rendered":"<div>\n<h3><strong>Fizzy Great Grape Ice 10000 Puffs &#8211; Euphorie glac\u00e9e au raisin dans chaque bouff\u00e9e !<\/strong><\/h3>\n<p>D\u00e9couvrez le <strong>go\u00fbt audacieux et juteux du raisin m\u00fbr<\/strong> avec un <strong>fini glac\u00e9 revigorant<\/strong> dans la vape jetable <strong>Fizzy Great Grape Ice 10000 Puffs<\/strong>. Ce dispositif haut de gamme offre une <strong>saveur de raisin sucr\u00e9e et acidul\u00e9e<\/strong> parfaitement \u00e9quilibr\u00e9e par un <strong>souffle de menthol frais<\/strong>, cr\u00e9ant une exp\u00e9rience de vapotage rafra\u00eechissante et douce. Avec <strong>10 000 bouff\u00e9es ultra-longues<\/strong>, profitez d&#8217;une satisfaction ininterrompue sans avoir \u00e0 vous soucier des recharges ou du rechargement.  <\/p>\n<h2><strong>Caract\u00e9ristiques principales<\/strong><\/h2>\n<p>\u2714 <strong>10 000 bouff\u00e9es<\/strong> &#8211; Une performance durable pour des semaines de plaisir.<br \/>\n\u2714 <strong>Grape Ice Flavor<\/strong> &#8211; La douceur du raisin rencontre la fra\u00eecheur glac\u00e9e du menthol.<br \/>\n<strong>\u2714 \u00c9l\u00e9gant et portable<\/strong> &#8211; Conception compacte et l\u00e9g\u00e8re pour vaper en d\u00e9placement.<br \/>\n\u2714 <strong>Pr\u00e9-rempli et pr\u00e9-charg\u00e9<\/strong> &#8211; Pr\u00eat \u00e0 l&#8217;emploi d\u00e8s la sortie de la bo\u00eete.<br \/>\n\u2714 <strong>Technologie Mesh Coil<\/strong> &#8211; Saveur riche et homog\u00e8ne et nuages denses de la premi\u00e8re \u00e0 la derni\u00e8re bouff\u00e9e.<\/p>\n<h3><strong>Pourquoi choisir Fizzy Great ?<\/strong><\/h3>\n<ul>\n<li><strong>Qualit\u00e9 sup\u00e9rieure<\/strong> &#8211; e-liquide test\u00e9 en laboratoire pour une consommation douce et r\u00e9guli\u00e8re.<\/li>\n<li><strong>Vaporisation tout au long de la journ\u00e9e<\/strong> &#8211; Capacit\u00e9 massive de 18 ml et batterie longue dur\u00e9e.<\/li>\n<li><strong>Pr\u00eat pour le voyage<\/strong> &#8211; \u00c9tanche et compatible avec le TSA (l\u00e0 o\u00f9 c&#8217;est autoris\u00e9).<\/li>\n<\/ul>\n<h3>Contenu de l&#8217;emballage<\/h3>\n<p>1 \u00d7 Dispositif Fizzy Great Grape Ice 10000 bouff\u00e9es<\/p>\n<\/div>\n<div>\n<h3>Sp\u00e9cifications<\/h3>\n<table>\n<tbody>\n<tr>\n<td>Bouff\u00e9es<\/td>\n<td><strong>10000+ Puffs<\/strong><\/td>\n<\/tr>\n<tr>\n<td>Capacit\u00e9 en e-liquide<\/td>\n<td><strong>18ml<\/strong><\/td>\n<\/tr>\n<tr>\n<td>Capacit\u00e9 de la batterie<\/td>\n<td><strong>650mAh<\/strong><\/td>\n<\/tr>\n<tr>\n<td>Bobine en maille<\/td>\n<td><strong>1.4\u03a9<\/strong><\/td>\n<\/tr>\n<tr>\n<td>Taille<\/td>\n<td><strong>53*30*85.3mm<\/strong><\/td>\n<\/tr>\n<tr>\n<td>Jetable ou non<\/td>\n<td><strong>Jetable<\/strong><\/td>\n<\/tr>\n<tr>\n<td>M\u00e9thode de chargement<\/td>\n<td><strong>C\u00e2ble<\/strong><\/td>\n<\/tr>\n<tr>\n<td>M\u00e9thode d&#8217;activation<\/td>\n<td><strong>Capteur<\/strong><\/td>\n<\/tr>\n<tr>\n<td>Taux de nicotine<\/td>\n<td><strong>5% (50mg\/ml)<\/strong><\/td>\n<\/tr>\n<tr>\n<td>Saveurs<\/td>\n<td><strong>10<\/strong><\/td>\n<\/tr>\n<tr>\n<td>Emballage<\/td>\n<td><strong>1 paquet<\/strong><\/td>\n<\/tr>\n<tr>\n<td>Temps de charge<\/td>\n<td><strong>2 heures<\/strong><\/td>\n<\/tr>\n<tr>\n<td>Stockage<\/td>\n<td><strong>\u00c9vitez les environnements \u00e0 haute temp\u00e9rature et conservez le produit dans un endroit frais et sec.<\/strong><\/td>\n<\/tr>\n<tr>\n<td>Personnes interdites d&#8217;utilisation<\/td>\n<td><strong>Les mineurs, les femmes enceintes et les personnes allergiques aux ingr\u00e9dients du produit.<\/strong><\/td>\n<\/tr>\n<tr>\n<td>Attention<\/td>\n<td><strong>N&#8217;avalez pas cette substance. En cas d&#8217;ingestion, rincez-vous imm\u00e9diatement et abondamment la bouche. Si vous vous sentez mal, consultez un m\u00e9decin.  <\/strong><\/td>\n<\/tr>\n<\/tbody>\n<\/table>\n<h3>Liste des ar\u00f4mes de <strong>Fizzy Great<\/strong> 10000 Puffs :<\/h3>\n<ol>\n<li><a href=\"https:\/\/fizzyvape.eu\/fr\/produit\/fizzy-great-watermelon-10000-bouffees\/\">Past\u00e8que<\/a><\/li>\n<li><a href=\"https:\/\/fizzyvape.eu\/fr\/produit\/fizzy-great-blueberry-ice-10000-bouffees\/\">Glace aux myrtilles<\/a><\/li>\n<li><a href=\"https:\/\/fizzyvape.eu\/fr\/produit\/fizzy-great-grape-ice-10000-bouffees\/\">Glace de raisin<\/a><\/li>\n<li><a href=\"https:\/\/fizzyvape.eu\/product\/fizzy-great-lychee-lemon-10000-puffs\/\">Lychee Citron<\/a><\/li>\n<li><a href=\"https:\/\/fizzyvape.eu\/product\/fizzy-great-pineapple-peach-passion-fruit-10000-puffs\/\">Ananas P\u00eache Fruit de la passion<\/a><\/li>\n<li><a href=\"https:\/\/fizzyvape.eu\/product\/fizzy-great-raspberry-grape-10000-puffs\/\">Framboise Raisin<\/a><\/li>\n<li><a href=\"https:\/\/fizzyvape.eu\/product\/fizzy-great-peach-10000-puffs\/\">P\u00eache<\/a><\/li>\n<li><a href=\"https:\/\/fizzyvape.eu\/fr\/produit\/fizzy-great-mangue-peche-10000-bouffees\/\">Mangue P\u00eache<\/a><\/li>\n<li><a href=\"https:\/\/fizzyvape.eu\/fr\/produit\/fizzy-great-mixed-berry-10000-bouffees\/\">Baies m\u00e9lang\u00e9es<\/a><\/li>\n<li><a href=\"https:\/\/fizzyvape.eu\/fr\/produit\/fizzy-great-pasteque-fraise-limonade-10000-bouffees\/\">Limonade \u00e0 la past\u00e8que et aux fraises<\/a><\/li>\n<\/ol>\n<h3><strong>FAQ \u00e0 propos de Fizzy Great Grape Ice<\/strong><strong> <\/strong><strong>Vape<\/strong><\/h3>\n<ol start=\"1\">\n<li><strong>Combien de jours durent les 10 000 bouff\u00e9es ?<\/strong><br \/>\nPour la plupart des vapoteurs, le Fizzy Great Grape Ice dure de 7 \u00e0 14 jours avec une utilisation r\u00e9guli\u00e8re. Les utilisateurs l\u00e9gers peuvent l&#8217;appr\u00e9cier pendant plus de 3 semaines, tandis que les gros vapoteurs peuvent le terminer plus rapidement en fonction de la fr\u00e9quence des bouff\u00e9es. <\/li>\n<li><strong>La saveur du raisin est-elle plus sucr\u00e9e ou plus glac\u00e9e ?<\/strong><br \/>\nC&#8217;est l&#8217;\u00e9quilibre parfait ! Vous d\u00e9couvrirez la saveur sucr\u00e9e et juteuse du raisin, suivie d&#8217;une finale menthol\u00e9e et rafra\u00eechissante &#8211; ni trop sucr\u00e9e, ni trop froide, juste parfaitement rafra\u00eechissante. <\/li>\n<li><strong>Ce dispositif n\u00e9cessite-t-il un entretien ?<\/strong><br \/>\nPas du tout ! Le Fizzy Great Grape Ice est enti\u00e8rement jetable et ne n\u00e9cessite ni chargement, ni recharge, ni changement de bobine. Il suffit de l&#8217;utiliser directement \u00e0 partir de l&#8217;emballage jusqu&#8217;\u00e0 ce qu&#8217;il soit termin\u00e9.  <\/li>\n<li><strong>Quel est le taux de nicotine disponible ?<\/strong><br \/>\nCe dispositif contient 5 % (50 mg) de sel de nicotine, ce qui permet d&#8217;obtenir un effet de gorge satisfaisant sans agressivit\u00e9.<\/li>\n<li><strong>La qualit\u00e9 des ar\u00f4mes restera-t-elle constante ?<\/strong><br \/>\nAbsolument ! Gr\u00e2ce \u00e0 la technologie avanc\u00e9e du mesh coil, vous profiterez de la m\u00eame saveur riche de glace de raisin de la premi\u00e8re \u00e0 la derni\u00e8re bouff\u00e9e &#8211; sans go\u00fbt de br\u00fbl\u00e9 ni d\u00e9gradation de la saveur. <\/li>\n<\/ol>\n<\/div>\n","protected":false},"excerpt":{"rendered":"<p><strong>Fizzy Great Grape Ice 10000 Puffs<\/strong> &#8211; Une explosion glac\u00e9e de <strong>raisins juteux<\/strong> rencontre du <strong>menthol<\/strong> glac\u00e9 dans cette vape jetable de premi\u00e8re qualit\u00e9 ! Profitez de <strong>10 000 bouff\u00e9es ultra-douces<\/strong> d&#8217;une <strong>saveur de raisin sucr\u00e9e et acidul\u00e9e<\/strong> parfaitement \u00e9quilibr\u00e9e, avec une sensation de fra\u00eecheur. <strong>Pr\u00e9-rempli, pr\u00e9-charg\u00e9 et pr\u00eat \u00e0 voyager &#8211; pas d&#8217;<\/strong>entretien, juste une satisfaction instantan\u00e9e. Aliment\u00e9 par la <strong>technologie mesh coil<\/strong> pour une saveur riche et des nuages denses de la premi\u00e8re \u00e0 la derni\u00e8re bouff\u00e9e.  <\/p>\n","protected":false},"featured_media":20211,"comment_status":"open","ping_status":"closed","template":"","meta":{"iawp_total_views":1},"product_brand":[],"product_cat":[297],"product_tag":[298,415],"class_list":{"0":"post-26635","1":"product","2":"type-product","3":"status-publish","4":"has-post-thumbnail","6":"product_cat-great-puff-10k-fr","7":"product_tag-10000-bouffees","8":"product_tag-glace-de-raisin","10":"first","11":"outofstock","12":"shipping-taxable","13":"purchasable","14":"product-type-variable"},"yoast_head":"<!-- This site is optimized with the Yoast SEO Premium plugin v24.8 (Yoast SEO v24.8) - https:\/\/yoast.com\/wordpress\/plugins\/seo\/ -->\n<title>Fizzy Great Grape Ice - 10000 bouff\u00e9es - fizzyvape.eu<\/title>\n<meta name=\"robots\" content=\"index, follow, max-snippet:-1, max-image-preview:large, max-video-preview:-1\" \/>\n<link rel=\"canonical\" href=\"https:\/\/fizzyvape.eu\/fr\/produit\/fizzy-great-grape-ice-10000-bouffees\/\" \/>\n<meta property=\"og:locale\" content=\"fr_FR\" \/>\n<meta property=\"og:type\" content=\"article\" \/>\n<meta property=\"og:title\" content=\"Fizzy Great Grape Ice - 10000 bouff\u00e9es\" \/>\n<meta property=\"og:description\" content=\"Fizzy Great Grape Ice 10000 Puffs - Une explosion glac\u00e9e de raisins juteux rencontre du menthol glac\u00e9 dans cette vape jetable de premi\u00e8re qualit\u00e9 ! Profitez de 10 000 bouff\u00e9es ultra-douces d&#039;une saveur de raisin sucr\u00e9e et acidul\u00e9e parfaitement \u00e9quilibr\u00e9e, avec une sensation de fra\u00eecheur. Pr\u00e9-rempli, pr\u00e9-charg\u00e9 et pr\u00eat \u00e0 voyager - pas d&#039;entretien, juste une satisfaction instantan\u00e9e. Aliment\u00e9 par la technologie mesh coil pour une saveur riche et des nuages denses de la premi\u00e8re \u00e0 la derni\u00e8re bouff\u00e9e.\" \/>\n<meta property=\"og:url\" content=\"https:\/\/fizzyvape.eu\/fr\/produit\/fizzy-great-grape-ice-10000-bouffees\/\" \/>\n<meta property=\"og:site_name\" content=\"fizzyvape.eu\" \/>\n<meta property=\"og:image\" content=\"https:\/\/fizzyvape.eu\/wp-content\/uploads\/2025\/03\/FizzyVape-Great-Grape-Ice-10000puff.jpg\" \/>\n\t<meta property=\"og:image:width\" content=\"1057\" \/>\n\t<meta property=\"og:image:height\" content=\"1037\" \/>\n\t<meta property=\"og:image:type\" content=\"image\/jpeg\" \/>\n<meta name=\"twitter:card\" content=\"summary_large_image\" \/>\n<meta name=\"twitter:label1\" content=\"Disponibilit\u00e9\" \/>\n\t<meta name=\"twitter:data1\" content=\"Rupture de stock\" \/>\n<script type=\"application\/ld+json\" class=\"yoast-schema-graph\">{\"@context\":\"https:\/\/schema.org\",\"@graph\":[{\"@type\":\"WebPage\",\"@id\":\"https:\/\/fizzyvape.eu\/fr\/produit\/fizzy-great-grape-ice-10000-bouffees\/\",\"url\":\"https:\/\/fizzyvape.eu\/fr\/produit\/fizzy-great-grape-ice-10000-bouffees\/\",\"name\":\"Fizzy Great Grape Ice - 10000 bouff\u00e9es - fizzyvape.eu\",\"isPartOf\":{\"@id\":\"https:\/\/www.fizzyvape.eu\/fr\/#website\"},\"primaryImageOfPage\":{\"@id\":\"https:\/\/fizzyvape.eu\/fr\/produit\/fizzy-great-grape-ice-10000-bouffees\/#primaryimage\"},\"image\":{\"@id\":\"https:\/\/fizzyvape.eu\/fr\/produit\/fizzy-great-grape-ice-10000-bouffees\/#primaryimage\"},\"thumbnailUrl\":\"https:\/\/fizzyvape.eu\/wp-content\/uploads\/2025\/03\/FizzyVape-Great-Grape-Ice-10000puff.jpg\",\"datePublished\":\"2025-03-26T07:28:33+00:00\",\"breadcrumb\":{\"@id\":\"https:\/\/fizzyvape.eu\/fr\/produit\/fizzy-great-grape-ice-10000-bouffees\/#breadcrumb\"},\"inLanguage\":\"fr-FR\",\"potentialAction\":[{\"@type\":\"ReadAction\",\"target\":[\"https:\/\/fizzyvape.eu\/fr\/produit\/fizzy-great-grape-ice-10000-bouffees\/\"]}]},{\"@type\":\"ImageObject\",\"inLanguage\":\"fr-FR\",\"@id\":\"https:\/\/fizzyvape.eu\/fr\/produit\/fizzy-great-grape-ice-10000-bouffees\/#primaryimage\",\"url\":\"https:\/\/fizzyvape.eu\/wp-content\/uploads\/2025\/03\/FizzyVape-Great-Grape-Ice-10000puff.jpg\",\"contentUrl\":\"https:\/\/fizzyvape.eu\/wp-content\/uploads\/2025\/03\/FizzyVape-Great-Grape-Ice-10000puff.jpg\",\"width\":1057,\"height\":1037,\"caption\":\"FizzyVape-Great-Grape Ice-10000puff\"},{\"@type\":\"BreadcrumbList\",\"@id\":\"https:\/\/fizzyvape.eu\/fr\/produit\/fizzy-great-grape-ice-10000-bouffees\/#breadcrumb\",\"itemListElement\":[{\"@type\":\"ListItem\",\"position\":1,\"name\":\"Home\",\"item\":\"https:\/\/fizzyvape.eu\/fr\/\"},{\"@type\":\"ListItem\",\"position\":2,\"name\":\"Boutique\",\"item\":\"https:\/\/www.fizzyvape.eu\/fr\/boutique\/\"},{\"@type\":\"ListItem\",\"position\":3,\"name\":\"Fizzy Great Grape Ice &#8211; 10000 bouff\u00e9es\"}]},{\"@type\":\"WebSite\",\"@id\":\"https:\/\/www.fizzyvape.eu\/fr\/#website\",\"url\":\"https:\/\/www.fizzyvape.eu\/fr\/\",\"name\":\"fizzyvape.eu\",\"description\":\"Refreshing Vapes. Unforgettable Taste.\",\"publisher\":{\"@id\":\"https:\/\/www.fizzyvape.eu\/fr\/#organization\"},\"potentialAction\":[{\"@type\":\"SearchAction\",\"target\":{\"@type\":\"EntryPoint\",\"urlTemplate\":\"https:\/\/www.fizzyvape.eu\/fr\/?s={search_term_string}\"},\"query-input\":{\"@type\":\"PropertyValueSpecification\",\"valueRequired\":true,\"valueName\":\"search_term_string\"}}],\"inLanguage\":\"fr-FR\"},{\"@type\":\"Organization\",\"@id\":\"https:\/\/www.fizzyvape.eu\/fr\/#organization\",\"name\":\"fizzyvape.eu\",\"url\":\"https:\/\/www.fizzyvape.eu\/fr\/\",\"logo\":{\"@type\":\"ImageObject\",\"inLanguage\":\"fr-FR\",\"@id\":\"https:\/\/www.fizzyvape.eu\/fr\/#\/schema\/logo\/image\/\",\"url\":\"https:\/\/fizzyvape.eu\/wp-content\/uploads\/2019\/06\/print-1.svg\",\"contentUrl\":\"https:\/\/fizzyvape.eu\/wp-content\/uploads\/2019\/06\/print-1.svg\",\"width\":124,\"height\":37,\"caption\":\"fizzyvape.eu\"},\"image\":{\"@id\":\"https:\/\/www.fizzyvape.eu\/fr\/#\/schema\/logo\/image\/\"}}]}<\/script>\n<meta property=\"og:availability\" content=\"out of stock\" \/>\n<meta property=\"product:availability\" content=\"out of stock\" \/>\n<meta property=\"product:condition\" content=\"new\" \/>\n<!-- \/ Yoast SEO Premium plugin. -->","yoast_head_json":{"title":"Fizzy Great Grape Ice - 10000 bouff\u00e9es - fizzyvape.eu","robots":{"index":"index","follow":"follow","max-snippet":"max-snippet:-1","max-image-preview":"max-image-preview:large","max-video-preview":"max-video-preview:-1"},"canonical":"https:\/\/fizzyvape.eu\/fr\/produit\/fizzy-great-grape-ice-10000-bouffees\/","og_locale":"fr_FR","og_type":"article","og_title":"Fizzy Great Grape Ice - 10000 bouff\u00e9es","og_description":"Fizzy Great Grape Ice 10000 Puffs - Une explosion glac\u00e9e de raisins juteux rencontre du menthol glac\u00e9 dans cette vape jetable de premi\u00e8re qualit\u00e9 ! Profitez de 10 000 bouff\u00e9es ultra-douces d'une saveur de raisin sucr\u00e9e et acidul\u00e9e parfaitement \u00e9quilibr\u00e9e, avec une sensation de fra\u00eecheur. Pr\u00e9-rempli, pr\u00e9-charg\u00e9 et pr\u00eat \u00e0 voyager - pas d'entretien, juste une satisfaction instantan\u00e9e. Aliment\u00e9 par la technologie mesh coil pour une saveur riche et des nuages denses de la premi\u00e8re \u00e0 la derni\u00e8re bouff\u00e9e.","og_url":"https:\/\/fizzyvape.eu\/fr\/produit\/fizzy-great-grape-ice-10000-bouffees\/","og_site_name":"fizzyvape.eu","og_image":[{"width":1057,"height":1037,"url":"https:\/\/fizzyvape.eu\/wp-content\/uploads\/2025\/03\/FizzyVape-Great-Grape-Ice-10000puff.jpg","type":"image\/jpeg"}],"twitter_card":"summary_large_image","twitter_misc":{"Disponibilit\u00e9":"Rupture de stock"},"schema":{"@context":"https:\/\/schema.org","@graph":[{"@type":"WebPage","@id":"https:\/\/fizzyvape.eu\/fr\/produit\/fizzy-great-grape-ice-10000-bouffees\/","url":"https:\/\/fizzyvape.eu\/fr\/produit\/fizzy-great-grape-ice-10000-bouffees\/","name":"Fizzy Great Grape Ice - 10000 bouff\u00e9es - fizzyvape.eu","isPartOf":{"@id":"https:\/\/www.fizzyvape.eu\/fr\/#website"},"primaryImageOfPage":{"@id":"https:\/\/fizzyvape.eu\/fr\/produit\/fizzy-great-grape-ice-10000-bouffees\/#primaryimage"},"image":{"@id":"https:\/\/fizzyvape.eu\/fr\/produit\/fizzy-great-grape-ice-10000-bouffees\/#primaryimage"},"thumbnailUrl":"https:\/\/fizzyvape.eu\/wp-content\/uploads\/2025\/03\/FizzyVape-Great-Grape-Ice-10000puff.jpg","datePublished":"2025-03-26T07:28:33+00:00","breadcrumb":{"@id":"https:\/\/fizzyvape.eu\/fr\/produit\/fizzy-great-grape-ice-10000-bouffees\/#breadcrumb"},"inLanguage":"fr-FR","potentialAction":[{"@type":"ReadAction","target":["https:\/\/fizzyvape.eu\/fr\/produit\/fizzy-great-grape-ice-10000-bouffees\/"]}]},{"@type":"ImageObject","inLanguage":"fr-FR","@id":"https:\/\/fizzyvape.eu\/fr\/produit\/fizzy-great-grape-ice-10000-bouffees\/#primaryimage","url":"https:\/\/fizzyvape.eu\/wp-content\/uploads\/2025\/03\/FizzyVape-Great-Grape-Ice-10000puff.jpg","contentUrl":"https:\/\/fizzyvape.eu\/wp-content\/uploads\/2025\/03\/FizzyVape-Great-Grape-Ice-10000puff.jpg","width":1057,"height":1037,"caption":"FizzyVape-Great-Grape Ice-10000puff"},{"@type":"BreadcrumbList","@id":"https:\/\/fizzyvape.eu\/fr\/produit\/fizzy-great-grape-ice-10000-bouffees\/#breadcrumb","itemListElement":[{"@type":"ListItem","position":1,"name":"Home","item":"https:\/\/fizzyvape.eu\/fr\/"},{"@type":"ListItem","position":2,"name":"Boutique","item":"https:\/\/www.fizzyvape.eu\/fr\/boutique\/"},{"@type":"ListItem","position":3,"name":"Fizzy Great Grape Ice &#8211; 10000 bouff\u00e9es"}]},{"@type":"WebSite","@id":"https:\/\/www.fizzyvape.eu\/fr\/#website","url":"https:\/\/www.fizzyvape.eu\/fr\/","name":"fizzyvape.eu","description":"Refreshing Vapes. Unforgettable Taste.","publisher":{"@id":"https:\/\/www.fizzyvape.eu\/fr\/#organization"},"potentialAction":[{"@type":"SearchAction","target":{"@type":"EntryPoint","urlTemplate":"https:\/\/www.fizzyvape.eu\/fr\/?s={search_term_string}"},"query-input":{"@type":"PropertyValueSpecification","valueRequired":true,"valueName":"search_term_string"}}],"inLanguage":"fr-FR"},{"@type":"Organization","@id":"https:\/\/www.fizzyvape.eu\/fr\/#organization","name":"fizzyvape.eu","url":"https:\/\/www.fizzyvape.eu\/fr\/","logo":{"@type":"ImageObject","inLanguage":"fr-FR","@id":"https:\/\/www.fizzyvape.eu\/fr\/#\/schema\/logo\/image\/","url":"https:\/\/fizzyvape.eu\/wp-content\/uploads\/2019\/06\/print-1.svg","contentUrl":"https:\/\/fizzyvape.eu\/wp-content\/uploads\/2019\/06\/print-1.svg","width":124,"height":37,"caption":"fizzyvape.eu"},"image":{"@id":"https:\/\/www.fizzyvape.eu\/fr\/#\/schema\/logo\/image\/"}}]},"og_availability":"out of stock","product_availability":"out of stock","product_condition":"new"},"tiered_pricing_type":"fixed","tiered_pricing_fixed_rules":[],"tiered_pricing_product_settings":{"layout":"default","base_unit_name":{"singular":null,"plural":null},"default_variation":null},"tiered_pricing_minimum_quantity":null,"tiered_pricing_roles_data":[],"tiered_pricing_percentage_rules":[],"tiered_pricing_maximum_quantity":null,"tiered_pricing_quantity_step":null,"_links":{"self":[{"href":"https:\/\/fizzyvape.eu\/fr\/wp-json\/wp\/v2\/product\/26635","targetHints":{"allow":["GET"]}}],"collection":[{"href":"https:\/\/fizzyvape.eu\/fr\/wp-json\/wp\/v2\/product"}],"about":[{"href":"https:\/\/fizzyvape.eu\/fr\/wp-json\/wp\/v2\/types\/product"}],"replies":[{"embeddable":true,"href":"https:\/\/fizzyvape.eu\/fr\/wp-json\/wp\/v2\/comments?post=26635"}],"version-history":[{"count":0,"href":"https:\/\/fizzyvape.eu\/fr\/wp-json\/wp\/v2\/product\/26635\/revisions"}],"wp:featuredmedia":[{"embeddable":true,"href":"https:\/\/fizzyvape.eu\/fr\/wp-json\/wp\/v2\/media\/20211"}],"wp:attachment":[{"href":"https:\/\/fizzyvape.eu\/fr\/wp-json\/wp\/v2\/media?parent=26635"}],"wp:term":[{"taxonomy":"product_brand","embeddable":true,"href":"https:\/\/fizzyvape.eu\/fr\/wp-json\/wp\/v2\/product_brand?post=26635"},{"taxonomy":"product_cat","embeddable":true,"href":"https:\/\/fizzyvape.eu\/fr\/wp-json\/wp\/v2\/product_cat?post=26635"},{"taxonomy":"product_tag","embeddable":true,"href":"https:\/\/fizzyvape.eu\/fr\/wp-json\/wp\/v2\/product_tag?post=26635"}],"curies":[{"name":"wp","href":"https:\/\/api.w.org\/{rel}","templated":true}]}}