{"id":26651,"date":"2025-03-26T15:46:16","date_gmt":"2025-03-26T07:46:16","guid":{"rendered":"https:\/\/fizzyvape.eu\/product\/fizzy-great-lychee-lemon-10000-bouffees\/"},"modified":"2025-03-26T07:46:16","modified_gmt":"2025-03-25T23:46:16","slug":"fizzy-great-lychee-lemon-10000-bouffees","status":"publish","type":"product","link":"https:\/\/fizzyvape.eu\/fr\/produit\/fizzy-great-lychee-lemon-10000-bouffees\/","title":{"rendered":"Fizzy Great Lychee Lemon &#8211; 10000 bouff\u00e9es"},"content":{"rendered":"<div>\n<h3><strong>Fizzy Great Lychee Lemon 10000 Puffs &#8211; Rafra\u00eechissement aux agrumes exotiques dans chaque bouff\u00e9e !<\/strong><\/h3>\n<p>D\u00e9couvrez l&#8217;<strong>harmonie tropicale du litchi juteux et du citron piquant<\/strong> avec la vape jetable <strong>Fizzy Great Lychee Lemon 10000 Puffs<\/strong>. Ce dispositif haut de gamme offre un <strong>profil de saveurs exquis\u00e9ment \u00e9quilibr\u00e9<\/strong> &#8211; la douceur florale du litchi m\u00fbr parfaitement compl\u00e9t\u00e9e par un <strong>zeste de citron piquant<\/strong>, cr\u00e9ant une exp\u00e9rience de vapotage irr\u00e9sistiblement rafra\u00eechissante. Avec <strong>10 000 bouff\u00e9es ultra-longues<\/strong>, profitez d&#8217;une satisfaction ininterrompue sans recharge ni rechargement.  <\/p>\n<h2><strong>Caract\u00e9ristiques principales<\/strong><\/h2>\n<p>\u2714 <strong>10 000 bouff\u00e9es<\/strong> &#8211; Un plaisir de vapotage prolong\u00e9 pendant des semaines<br \/>\n\u2714 <strong>Lychee Lemon Fusion<\/strong> &#8211; Le litchi tropical rencontre les agrumes \u00e9clatants<br \/>\n<strong>\u2714 \u00c9l\u00e9gant et portatif<\/strong> &#8211; Conception compacte et de poche<br \/>\n\u2714 <strong>Pr\u00e9-rempli et pr\u00e9-charg\u00e9<\/strong> &#8211; Pr\u00eat \u00e0 vaper imm\u00e9diatement<br \/>\n<strong>Technologie Mesh Coil<\/strong> \u2714 &#8211; Puret\u00e9 des ar\u00f4mes et production de vapeur maximales <\/p>\n<h3><strong>Pourquoi choisir Fizzy Great ?<\/strong><\/h3>\n<ul>\n<li><strong>Qualit\u00e9 sup\u00e9rieure<\/strong> &#8211; e-liquide test\u00e9 en laboratoire pour une consommation douce et r\u00e9guli\u00e8re.<\/li>\n<li><strong>Vaporisation tout au long de la journ\u00e9e<\/strong> &#8211; Capacit\u00e9 massive de 18 ml et batterie longue dur\u00e9e.<\/li>\n<li><strong>Pr\u00eat pour le voyage<\/strong> &#8211; \u00c9tanche et compatible avec le TSA (l\u00e0 o\u00f9 c&#8217;est autoris\u00e9).<\/li>\n<\/ul>\n<h3>Contenu de l&#8217;emballage<\/h3>\n<p>1 \u00d7 Fizzy Great Lychee Lemon 10000 Puffs Device<\/p>\n<\/div>\n<div>\n<h3>Sp\u00e9cifications<\/h3>\n<table>\n<tbody>\n<tr>\n<td>Bouff\u00e9es<\/td>\n<td><strong>10000+ Puffs<\/strong><\/td>\n<\/tr>\n<tr>\n<td>Capacit\u00e9 en e-liquide<\/td>\n<td><strong>18ml<\/strong><\/td>\n<\/tr>\n<tr>\n<td>Capacit\u00e9 de la batterie<\/td>\n<td><strong>650mAh<\/strong><\/td>\n<\/tr>\n<tr>\n<td>Bobine en maille<\/td>\n<td><strong>1.4\u03a9<\/strong><\/td>\n<\/tr>\n<tr>\n<td>Taille<\/td>\n<td><strong>53*30*85.3mm<\/strong><\/td>\n<\/tr>\n<tr>\n<td>Jetable ou non<\/td>\n<td><strong>Jetable<\/strong><\/td>\n<\/tr>\n<tr>\n<td>M\u00e9thode de chargement<\/td>\n<td><strong>C\u00e2ble<\/strong><\/td>\n<\/tr>\n<tr>\n<td>M\u00e9thode d&#8217;activation<\/td>\n<td><strong>Capteur<\/strong><\/td>\n<\/tr>\n<tr>\n<td>Taux de nicotine<\/td>\n<td><strong>5% (50mg\/ml)<\/strong><\/td>\n<\/tr>\n<tr>\n<td>Saveurs<\/td>\n<td><strong>10<\/strong><\/td>\n<\/tr>\n<tr>\n<td>Emballage<\/td>\n<td><strong>1 paquet<\/strong><\/td>\n<\/tr>\n<tr>\n<td>Temps de charge<\/td>\n<td><strong>2 heures<\/strong><\/td>\n<\/tr>\n<tr>\n<td>Stockage<\/td>\n<td><strong>\u00c9vitez les environnements \u00e0 haute temp\u00e9rature et conservez le produit dans un endroit frais et sec.<\/strong><\/td>\n<\/tr>\n<tr>\n<td>Personnes interdites d&#8217;utilisation<\/td>\n<td><strong>Les mineurs, les femmes enceintes et les personnes allergiques aux ingr\u00e9dients du produit.<\/strong><\/td>\n<\/tr>\n<tr>\n<td>Attention<\/td>\n<td><strong>N&#8217;avalez pas cette substance. En cas d&#8217;ingestion, rincez-vous imm\u00e9diatement et abondamment la bouche. Si vous vous sentez mal, consultez un m\u00e9decin.  <\/strong><\/td>\n<\/tr>\n<\/tbody>\n<\/table>\n<h3>Liste des ar\u00f4mes de <strong>Fizzy Great<\/strong> 10000 Puffs :<\/h3>\n<ol>\n<li><a href=\"https:\/\/fizzyvape.eu\/fr\/produit\/fizzy-great-watermelon-10000-bouffees\/\">Past\u00e8que<\/a><\/li>\n<li><a href=\"https:\/\/fizzyvape.eu\/fr\/produit\/fizzy-great-blueberry-ice-10000-bouffees\/\">Glace aux myrtilles<\/a><\/li>\n<li><a href=\"https:\/\/fizzyvape.eu\/fr\/produit\/fizzy-great-grape-ice-10000-bouffees\/\">Glace de raisin<\/a><\/li>\n<li><a href=\"https:\/\/fizzyvape.eu\/fr\/produit\/fizzy-great-lychee-lemon-10000-bouffees\/\">Lychee Citron<\/a><\/li>\n<li><a href=\"https:\/\/fizzyvape.eu\/fr\/produit\/fizzy-great-ananas-peche-fruit-de-la-passion-10000-bouffees\/\">Ananas P\u00eache Fruit de la passion<\/a><\/li>\n<li><a href=\"https:\/\/fizzyvape.eu\/product\/fizzy-great-raspberry-grape-10000-puffs\/\">Framboise Raisin<\/a><\/li>\n<li><a href=\"https:\/\/fizzyvape.eu\/product\/fizzy-great-peach-10000-puffs\/\">P\u00eache<\/a><\/li>\n<li><a href=\"https:\/\/fizzyvape.eu\/fr\/produit\/fizzy-great-mangue-peche-10000-bouffees\/\">Mangue P\u00eache<\/a><\/li>\n<li><a href=\"https:\/\/fizzyvape.eu\/fr\/produit\/fizzy-great-mixed-berry-10000-bouffees\/\">Baies m\u00e9lang\u00e9es<\/a><\/li>\n<li><a href=\"https:\/\/fizzyvape.eu\/fr\/produit\/fizzy-great-pasteque-fraise-limonade-10000-bouffees\/\">Limonade \u00e0 la past\u00e8que et aux fraises<\/a><\/li>\n<\/ol>\n<h3><strong>FAQ \u00e0 propos de Fizzy Great Lychee Lemon<\/strong><strong> <\/strong><strong>Vape<\/strong><\/h3>\n<ol start=\"1\">\n<li><strong>Quelle est la dur\u00e9e de vie des 10 000 bouff\u00e9es dans le cadre d&#8217;une utilisation normale ?<\/strong><br \/>\nPour la plupart des vapoteurs, le Fizzy Great Lychee Lemon offre 7 \u00e0 14 jours d&#8217;utilisation continue. Les utilisateurs l\u00e9gers peuvent l&#8217;appr\u00e9cier pendant plus de 3 semaines, tandis que les vapoteurs fr\u00e9quents peuvent le terminer en une semaine environ. <\/li>\n<li><strong>Quel est le go\u00fbt r\u00e9el de l&#8217;ar\u00f4me de litchi-citron ?<\/strong><br \/>\nIl s&#8217;agit d&#8217;une fusion parfaite entre les agrumes et les tropiques ! Vous d\u00e9couvrirez d&#8217;abord les notes douces et florales du litchi m\u00fbr, suivies d&#8217;une finale citronn\u00e9e vive et rafra\u00eechissante, piquante mais pas acide. <\/li>\n<li><strong>Ce dispositif est-il vraiment sans entretien ?<\/strong><br \/>\nAbsolument ! Le Fizzy Great Lychee Lemon est compl\u00e8tement autonome &#8211; pas de c\u00e2ble de chargement, pas de recharge d&#8217;e-liquide et pas de bouton de contr\u00f4le. Il vous suffit de le d\u00e9baller et de commencer \u00e0 vaper imm\u00e9diatement.  <\/li>\n<li><strong>Quels sont les taux de nicotine disponibles ?<\/strong><br \/>\nCe dispositif est livr\u00e9 avec un sel de nicotine de 5 % (50 mg) en standard, ce qui permet d&#8217;obtenir des sensations de gorge satisfaisantes sans agressivit\u00e9.<\/li>\n<li><strong>La qualit\u00e9 de la saveur reste-t-elle bonne jusqu&#8217;\u00e0 la fin ?<\/strong><br \/>\nGr\u00e2ce au syst\u00e8me avanc\u00e9 de bobines en maille, vous profiterez d&#8217;une saveur de litchi-citron homog\u00e8ne et cors\u00e9e, de la premi\u00e8re \u00e0 la derni\u00e8re bouff\u00e9e &#8211; sans perte de saveur ni arri\u00e8re-go\u00fbt de br\u00fbl\u00e9.<\/li>\n<\/ol>\n<\/div>\n","protected":false},"excerpt":{"rendered":"<p><strong>Fizzy Great Lychee Lemon 10000 Puffs<\/strong> &#8211; Une <strong>explosion tropicale<\/strong> et citronn\u00e9e de <strong>litchi juteux<\/strong> et de <strong>citron piquant<\/strong> \u00e0 chaque bouff\u00e9e ! Cette vape jetable de premi\u00e8re qualit\u00e9 d\u00e9livre <strong>10 000 bouff\u00e9es ultra-douces<\/strong> d&#8217;une saveur parfaitement \u00e9quilibr\u00e9e, combinant la <strong>douceur florale du litchi<\/strong> avec un <strong>zeste de citron rafra\u00eechissant<\/strong>. <strong>Pr\u00e9-rempli, pr\u00e9-charg\u00e9 et pr\u00eat \u00e0 voyager &#8211; pas d&#8217;<\/strong>entretien, juste un pur plaisir de vapoter. Aliment\u00e9 par la <strong>technologie mesh coil<\/strong> pour une saveur riche et constante de la premi\u00e8re \u00e0 la derni\u00e8re bouff\u00e9e.  <\/p>\n","protected":false},"featured_media":20219,"comment_status":"open","ping_status":"closed","template":"","meta":{"iawp_total_views":0},"product_brand":[],"product_cat":[297],"product_tag":[298,421],"class_list":{"0":"post-26651","1":"product","2":"type-product","3":"status-publish","4":"has-post-thumbnail","6":"product_cat-great-puff-10k-fr","7":"product_tag-10000-bouffees","8":"product_tag-lychee-citron-fr","10":"first","11":"outofstock","12":"shipping-taxable","13":"purchasable","14":"product-type-variable"},"yoast_head":"<!-- This site is optimized with the Yoast SEO Premium plugin v24.8 (Yoast SEO v24.8) - https:\/\/yoast.com\/wordpress\/plugins\/seo\/ -->\n<title>Fizzy Great Lychee Lemon - 10000 bouff\u00e9es - fizzyvape.eu<\/title>\n<meta name=\"robots\" content=\"index, follow, max-snippet:-1, max-image-preview:large, max-video-preview:-1\" \/>\n<link rel=\"canonical\" href=\"https:\/\/fizzyvape.eu\/fr\/produit\/fizzy-great-lychee-lemon-10000-bouffees\/\" \/>\n<meta property=\"og:locale\" content=\"fr_FR\" \/>\n<meta property=\"og:type\" content=\"article\" \/>\n<meta property=\"og:title\" content=\"Fizzy Great Lychee Lemon - 10000 bouff\u00e9es\" \/>\n<meta property=\"og:description\" content=\"Fizzy Great Lychee Lemon 10000 Puffs - Une explosion tropicale et citronn\u00e9e de litchi juteux et de citron piquant \u00e0 chaque bouff\u00e9e ! Cette vape jetable de premi\u00e8re qualit\u00e9 d\u00e9livre 10 000 bouff\u00e9es ultra-douces d&#039;une saveur parfaitement \u00e9quilibr\u00e9e, combinant la douceur florale du litchi avec un zeste de citron rafra\u00eechissant. Pr\u00e9-rempli, pr\u00e9-charg\u00e9 et pr\u00eat \u00e0 voyager - pas d&#039;entretien, juste un pur plaisir de vapoter. Aliment\u00e9 par la technologie mesh coil pour une saveur riche et constante de la premi\u00e8re \u00e0 la derni\u00e8re bouff\u00e9e.\" \/>\n<meta property=\"og:url\" content=\"https:\/\/fizzyvape.eu\/fr\/produit\/fizzy-great-lychee-lemon-10000-bouffees\/\" \/>\n<meta property=\"og:site_name\" content=\"fizzyvape.eu\" \/>\n<meta property=\"og:image\" content=\"https:\/\/fizzyvape.eu\/wp-content\/uploads\/2025\/03\/FizzyVape-Great-Lychee-Lemon-10000puff.jpg\" \/>\n\t<meta property=\"og:image:width\" content=\"1057\" \/>\n\t<meta property=\"og:image:height\" content=\"1037\" \/>\n\t<meta property=\"og:image:type\" content=\"image\/jpeg\" \/>\n<meta name=\"twitter:card\" content=\"summary_large_image\" \/>\n<meta name=\"twitter:label1\" content=\"Disponibilit\u00e9\" \/>\n\t<meta name=\"twitter:data1\" content=\"Rupture de stock\" \/>\n<script type=\"application\/ld+json\" class=\"yoast-schema-graph\">{\"@context\":\"https:\/\/schema.org\",\"@graph\":[{\"@type\":\"WebPage\",\"@id\":\"https:\/\/fizzyvape.eu\/fr\/produit\/fizzy-great-lychee-lemon-10000-bouffees\/\",\"url\":\"https:\/\/fizzyvape.eu\/fr\/produit\/fizzy-great-lychee-lemon-10000-bouffees\/\",\"name\":\"Fizzy Great Lychee Lemon - 10000 bouff\u00e9es - fizzyvape.eu\",\"isPartOf\":{\"@id\":\"https:\/\/www.fizzyvape.eu\/fr\/#website\"},\"primaryImageOfPage\":{\"@id\":\"https:\/\/fizzyvape.eu\/fr\/produit\/fizzy-great-lychee-lemon-10000-bouffees\/#primaryimage\"},\"image\":{\"@id\":\"https:\/\/fizzyvape.eu\/fr\/produit\/fizzy-great-lychee-lemon-10000-bouffees\/#primaryimage\"},\"thumbnailUrl\":\"https:\/\/fizzyvape.eu\/wp-content\/uploads\/2025\/03\/FizzyVape-Great-Lychee-Lemon-10000puff.jpg\",\"datePublished\":\"2025-03-26T07:46:16+00:00\",\"breadcrumb\":{\"@id\":\"https:\/\/fizzyvape.eu\/fr\/produit\/fizzy-great-lychee-lemon-10000-bouffees\/#breadcrumb\"},\"inLanguage\":\"fr-FR\",\"potentialAction\":[{\"@type\":\"ReadAction\",\"target\":[\"https:\/\/fizzyvape.eu\/fr\/produit\/fizzy-great-lychee-lemon-10000-bouffees\/\"]}]},{\"@type\":\"ImageObject\",\"inLanguage\":\"fr-FR\",\"@id\":\"https:\/\/fizzyvape.eu\/fr\/produit\/fizzy-great-lychee-lemon-10000-bouffees\/#primaryimage\",\"url\":\"https:\/\/fizzyvape.eu\/wp-content\/uploads\/2025\/03\/FizzyVape-Great-Lychee-Lemon-10000puff.jpg\",\"contentUrl\":\"https:\/\/fizzyvape.eu\/wp-content\/uploads\/2025\/03\/FizzyVape-Great-Lychee-Lemon-10000puff.jpg\",\"width\":1057,\"height\":1037,\"caption\":\"FizzyVape-Great-Lychee Lemon-10000puff\"},{\"@type\":\"BreadcrumbList\",\"@id\":\"https:\/\/fizzyvape.eu\/fr\/produit\/fizzy-great-lychee-lemon-10000-bouffees\/#breadcrumb\",\"itemListElement\":[{\"@type\":\"ListItem\",\"position\":1,\"name\":\"Home\",\"item\":\"https:\/\/fizzyvape.eu\/fr\/\"},{\"@type\":\"ListItem\",\"position\":2,\"name\":\"Boutique\",\"item\":\"https:\/\/www.fizzyvape.eu\/fr\/boutique\/\"},{\"@type\":\"ListItem\",\"position\":3,\"name\":\"Fizzy Great Lychee Lemon &#8211; 10000 bouff\u00e9es\"}]},{\"@type\":\"WebSite\",\"@id\":\"https:\/\/www.fizzyvape.eu\/fr\/#website\",\"url\":\"https:\/\/www.fizzyvape.eu\/fr\/\",\"name\":\"fizzyvape.eu\",\"description\":\"Refreshing Vapes. Unforgettable Taste.\",\"publisher\":{\"@id\":\"https:\/\/www.fizzyvape.eu\/fr\/#organization\"},\"potentialAction\":[{\"@type\":\"SearchAction\",\"target\":{\"@type\":\"EntryPoint\",\"urlTemplate\":\"https:\/\/www.fizzyvape.eu\/fr\/?s={search_term_string}\"},\"query-input\":{\"@type\":\"PropertyValueSpecification\",\"valueRequired\":true,\"valueName\":\"search_term_string\"}}],\"inLanguage\":\"fr-FR\"},{\"@type\":\"Organization\",\"@id\":\"https:\/\/www.fizzyvape.eu\/fr\/#organization\",\"name\":\"fizzyvape.eu\",\"url\":\"https:\/\/www.fizzyvape.eu\/fr\/\",\"logo\":{\"@type\":\"ImageObject\",\"inLanguage\":\"fr-FR\",\"@id\":\"https:\/\/www.fizzyvape.eu\/fr\/#\/schema\/logo\/image\/\",\"url\":\"https:\/\/fizzyvape.eu\/wp-content\/uploads\/2019\/06\/print-1.svg\",\"contentUrl\":\"https:\/\/fizzyvape.eu\/wp-content\/uploads\/2019\/06\/print-1.svg\",\"width\":124,\"height\":37,\"caption\":\"fizzyvape.eu\"},\"image\":{\"@id\":\"https:\/\/www.fizzyvape.eu\/fr\/#\/schema\/logo\/image\/\"}}]}<\/script>\n<meta property=\"og:availability\" content=\"out of stock\" \/>\n<meta property=\"product:availability\" content=\"out of stock\" \/>\n<meta property=\"product:condition\" content=\"new\" \/>\n<!-- \/ Yoast SEO Premium plugin. -->","yoast_head_json":{"title":"Fizzy Great Lychee Lemon - 10000 bouff\u00e9es - fizzyvape.eu","robots":{"index":"index","follow":"follow","max-snippet":"max-snippet:-1","max-image-preview":"max-image-preview:large","max-video-preview":"max-video-preview:-1"},"canonical":"https:\/\/fizzyvape.eu\/fr\/produit\/fizzy-great-lychee-lemon-10000-bouffees\/","og_locale":"fr_FR","og_type":"article","og_title":"Fizzy Great Lychee Lemon - 10000 bouff\u00e9es","og_description":"Fizzy Great Lychee Lemon 10000 Puffs - Une explosion tropicale et citronn\u00e9e de litchi juteux et de citron piquant \u00e0 chaque bouff\u00e9e ! Cette vape jetable de premi\u00e8re qualit\u00e9 d\u00e9livre 10 000 bouff\u00e9es ultra-douces d'une saveur parfaitement \u00e9quilibr\u00e9e, combinant la douceur florale du litchi avec un zeste de citron rafra\u00eechissant. Pr\u00e9-rempli, pr\u00e9-charg\u00e9 et pr\u00eat \u00e0 voyager - pas d'entretien, juste un pur plaisir de vapoter. Aliment\u00e9 par la technologie mesh coil pour une saveur riche et constante de la premi\u00e8re \u00e0 la derni\u00e8re bouff\u00e9e.","og_url":"https:\/\/fizzyvape.eu\/fr\/produit\/fizzy-great-lychee-lemon-10000-bouffees\/","og_site_name":"fizzyvape.eu","og_image":[{"width":1057,"height":1037,"url":"https:\/\/fizzyvape.eu\/wp-content\/uploads\/2025\/03\/FizzyVape-Great-Lychee-Lemon-10000puff.jpg","type":"image\/jpeg"}],"twitter_card":"summary_large_image","twitter_misc":{"Disponibilit\u00e9":"Rupture de stock"},"schema":{"@context":"https:\/\/schema.org","@graph":[{"@type":"WebPage","@id":"https:\/\/fizzyvape.eu\/fr\/produit\/fizzy-great-lychee-lemon-10000-bouffees\/","url":"https:\/\/fizzyvape.eu\/fr\/produit\/fizzy-great-lychee-lemon-10000-bouffees\/","name":"Fizzy Great Lychee Lemon - 10000 bouff\u00e9es - fizzyvape.eu","isPartOf":{"@id":"https:\/\/www.fizzyvape.eu\/fr\/#website"},"primaryImageOfPage":{"@id":"https:\/\/fizzyvape.eu\/fr\/produit\/fizzy-great-lychee-lemon-10000-bouffees\/#primaryimage"},"image":{"@id":"https:\/\/fizzyvape.eu\/fr\/produit\/fizzy-great-lychee-lemon-10000-bouffees\/#primaryimage"},"thumbnailUrl":"https:\/\/fizzyvape.eu\/wp-content\/uploads\/2025\/03\/FizzyVape-Great-Lychee-Lemon-10000puff.jpg","datePublished":"2025-03-26T07:46:16+00:00","breadcrumb":{"@id":"https:\/\/fizzyvape.eu\/fr\/produit\/fizzy-great-lychee-lemon-10000-bouffees\/#breadcrumb"},"inLanguage":"fr-FR","potentialAction":[{"@type":"ReadAction","target":["https:\/\/fizzyvape.eu\/fr\/produit\/fizzy-great-lychee-lemon-10000-bouffees\/"]}]},{"@type":"ImageObject","inLanguage":"fr-FR","@id":"https:\/\/fizzyvape.eu\/fr\/produit\/fizzy-great-lychee-lemon-10000-bouffees\/#primaryimage","url":"https:\/\/fizzyvape.eu\/wp-content\/uploads\/2025\/03\/FizzyVape-Great-Lychee-Lemon-10000puff.jpg","contentUrl":"https:\/\/fizzyvape.eu\/wp-content\/uploads\/2025\/03\/FizzyVape-Great-Lychee-Lemon-10000puff.jpg","width":1057,"height":1037,"caption":"FizzyVape-Great-Lychee Lemon-10000puff"},{"@type":"BreadcrumbList","@id":"https:\/\/fizzyvape.eu\/fr\/produit\/fizzy-great-lychee-lemon-10000-bouffees\/#breadcrumb","itemListElement":[{"@type":"ListItem","position":1,"name":"Home","item":"https:\/\/fizzyvape.eu\/fr\/"},{"@type":"ListItem","position":2,"name":"Boutique","item":"https:\/\/www.fizzyvape.eu\/fr\/boutique\/"},{"@type":"ListItem","position":3,"name":"Fizzy Great Lychee Lemon &#8211; 10000 bouff\u00e9es"}]},{"@type":"WebSite","@id":"https:\/\/www.fizzyvape.eu\/fr\/#website","url":"https:\/\/www.fizzyvape.eu\/fr\/","name":"fizzyvape.eu","description":"Refreshing Vapes. Unforgettable Taste.","publisher":{"@id":"https:\/\/www.fizzyvape.eu\/fr\/#organization"},"potentialAction":[{"@type":"SearchAction","target":{"@type":"EntryPoint","urlTemplate":"https:\/\/www.fizzyvape.eu\/fr\/?s={search_term_string}"},"query-input":{"@type":"PropertyValueSpecification","valueRequired":true,"valueName":"search_term_string"}}],"inLanguage":"fr-FR"},{"@type":"Organization","@id":"https:\/\/www.fizzyvape.eu\/fr\/#organization","name":"fizzyvape.eu","url":"https:\/\/www.fizzyvape.eu\/fr\/","logo":{"@type":"ImageObject","inLanguage":"fr-FR","@id":"https:\/\/www.fizzyvape.eu\/fr\/#\/schema\/logo\/image\/","url":"https:\/\/fizzyvape.eu\/wp-content\/uploads\/2019\/06\/print-1.svg","contentUrl":"https:\/\/fizzyvape.eu\/wp-content\/uploads\/2019\/06\/print-1.svg","width":124,"height":37,"caption":"fizzyvape.eu"},"image":{"@id":"https:\/\/www.fizzyvape.eu\/fr\/#\/schema\/logo\/image\/"}}]},"og_availability":"out of stock","product_availability":"out of stock","product_condition":"new"},"tiered_pricing_type":"fixed","tiered_pricing_fixed_rules":[],"tiered_pricing_product_settings":{"layout":"default","base_unit_name":{"singular":null,"plural":null},"default_variation":null},"tiered_pricing_minimum_quantity":null,"tiered_pricing_roles_data":[],"tiered_pricing_percentage_rules":[],"tiered_pricing_maximum_quantity":null,"tiered_pricing_quantity_step":null,"_links":{"self":[{"href":"https:\/\/fizzyvape.eu\/fr\/wp-json\/wp\/v2\/product\/26651","targetHints":{"allow":["GET"]}}],"collection":[{"href":"https:\/\/fizzyvape.eu\/fr\/wp-json\/wp\/v2\/product"}],"about":[{"href":"https:\/\/fizzyvape.eu\/fr\/wp-json\/wp\/v2\/types\/product"}],"replies":[{"embeddable":true,"href":"https:\/\/fizzyvape.eu\/fr\/wp-json\/wp\/v2\/comments?post=26651"}],"version-history":[{"count":0,"href":"https:\/\/fizzyvape.eu\/fr\/wp-json\/wp\/v2\/product\/26651\/revisions"}],"wp:featuredmedia":[{"embeddable":true,"href":"https:\/\/fizzyvape.eu\/fr\/wp-json\/wp\/v2\/media\/20219"}],"wp:attachment":[{"href":"https:\/\/fizzyvape.eu\/fr\/wp-json\/wp\/v2\/media?parent=26651"}],"wp:term":[{"taxonomy":"product_brand","embeddable":true,"href":"https:\/\/fizzyvape.eu\/fr\/wp-json\/wp\/v2\/product_brand?post=26651"},{"taxonomy":"product_cat","embeddable":true,"href":"https:\/\/fizzyvape.eu\/fr\/wp-json\/wp\/v2\/product_cat?post=26651"},{"taxonomy":"product_tag","embeddable":true,"href":"https:\/\/fizzyvape.eu\/fr\/wp-json\/wp\/v2\/product_tag?post=26651"}],"curies":[{"name":"wp","href":"https:\/\/api.w.org\/{rel}","templated":true}]}}