{"id":27903,"date":"2025-04-21T11:10:46","date_gmt":"2025-04-21T03:10:46","guid":{"rendered":"https:\/\/fizzyvape.eu\/?post_type=product&#038;p=27903"},"modified":"2025-10-31T18:00:13","modified_gmt":"2025-10-31T10:00:13","slug":"fizzy-nova-plus-40000-bouffees-60pcs","status":"publish","type":"product","link":"https:\/\/fizzyvape.eu\/fr\/produit\/fizzy-nova-plus-40000-bouffees-60pcs\/","title":{"rendered":"Fizzy Nova Plus 40000 bouff\u00e9es &#8211; 60pcs"},"content":{"rendered":"<div>\n<h1><strong>Fizzy Nova Plus 40000 Puffs Vape jetable &#8211; Le summum de l&#8217;innovation en mati\u00e8re de vapotage<\/strong><\/h1>\n<p>D\u00e9couvrez la perfection du vapotage avec la <strong>Fizzy Nova Plus 40 000 bouff\u00e9es jetables<\/strong>, o\u00f9 la technologie de pointe rencontre une saveur in\u00e9gal\u00e9e. Con\u00e7u pour les vapoteurs qui exigent \u00e0 la fois long\u00e9vit\u00e9 et performances de premier ordre, cet appareil r\u00e9volutionnaire d\u00e9livre <strong>40 000 bouff\u00e9es ultra-douces<\/strong> de vapeur riche et satisfaisante dans un emballage \u00e9l\u00e9gant et portable.<\/p>\n<h3>Caract\u00e9ristiques principales :<\/h3>\n<p>\ud83d\udd39 <strong>Puissance de vaporisation \u00e9tendue<\/strong> &#8211; Offre une impressionnante capacit\u00e9 de <strong>40 000 bouff\u00e9es<\/strong> pour un plaisir durable.<br \/>\n\ud83d\udd39 <strong>Capacit\u00e9 g\u00e9n\u00e9reuse en<\/strong> <strong>e-liquide<\/strong> &#8211; <strong>40 ml d&#8217;e-liquide pr\u00e9-rempli<\/strong> pour des <strong>semaines de vapotage continu.<\/strong><br \/>\n\ud83d\udd39 <strong>Bobines Dual Mesh avanc\u00e9es<\/strong> &#8211; D\u00e9couvrez des <strong>saveurs plus riches et une vapeur plus dense<\/strong> gr\u00e2ce \u00e0 une technologie de bobines am\u00e9lior\u00e9e.<br \/>\n\ud83d\udd39 <strong>Modes de vaporisation personnalisables<\/strong> &#8211; Passez du <strong>mode Eco pour une utilisation prolong\u00e9e<\/strong> au <strong>mode Turbo pour une saveur plus intense<\/strong>.<br \/>\n\ud83d\udd39 <strong>Indicateur LED intelligent<\/strong> &#8211; Contr\u00f4lez l&#8217;<strong>autonomie de la batterie et les niveaux d&#8217;e-liquide d&#8217;<\/strong> un seul coup d&#8217;\u0153il.<br \/>\n\ud83d\udd39 <strong>Chargement rapide en USB-C<\/strong>: la <strong>batterie de 850mAh<\/strong> se recharge enti\u00e8rement en seulement <strong>2 heures<\/strong> pour une utilisation ininterrompue.<\/p>\n<h3>Pourquoi choisir Fizzy Nova Plus ?<\/h3>\n<p>\ud83d\udd25 <strong>Valeur in\u00e9gal\u00e9e<\/strong> &#8211; dure des semaines de plus que les concurrents<br \/>\n\ud83d\udca8 <strong>Ma\u00eetrise des ar\u00f4mes<\/strong> &#8211; Con\u00e7ue par des sp\u00e9cialistes des ar\u00f4mes de renomm\u00e9e mondiale<br \/>\n\u26a1 <strong>Exp\u00e9rience personnalisable<\/strong> &#8211; Adaptez votre vape \u00e0 votre humeur<br \/>\n\ud83d\udeeb <strong>Parfait pour les voyages<\/strong> &#8211; Format adapt\u00e9 au TSA et conception \u00e9tanche<br \/>\n\ud83c\udfa8 <strong>Esth\u00e9tique haut de gamme<\/strong> &#8211; Aspect \u00e9l\u00e9gant et moderne avec une construction durable<\/p>\n<\/div>\n<div>\n<h3><strong>Options de nicotine :<\/strong><\/h3>\n<p>&#8211; <strong>2% (20mg\/mL<\/strong> ) &#8211; Id\u00e9al pour une exp\u00e9rience de vapotage douce et savoureuse<br \/>\n&#8211; <strong>5% (50mg\/mL<\/strong> ) &#8211; Con\u00e7u pour un effet en gorge plus fort et plus satisfaisant<\/p>\n<h3>Sp\u00e9cifications<\/h3>\n<table style=\"height: 449px;\" width=\"1340\">\n<tbody>\n<tr>\n<td>Bouff\u00e9es<\/td>\n<td><strong>40000+ Puffs<\/strong><\/td>\n<\/tr>\n<tr>\n<td>Capacit\u00e9 en e-liquide<\/td>\n<td><strong>40ml<\/strong><\/td>\n<\/tr>\n<tr>\n<td>Capacit\u00e9 de la batterie<\/td>\n<td><strong>850mAh<\/strong><\/td>\n<\/tr>\n<tr>\n<td>Taille<\/td>\n<td><strong>52,5*24,5*104,3mm<\/strong><\/td>\n<\/tr>\n<tr>\n<td>Jetable ou non<\/td>\n<td><strong>Jetable<\/strong><\/td>\n<\/tr>\n<tr>\n<td>M\u00e9thode de chargement<\/td>\n<td><strong>C\u00e2ble<\/strong><\/td>\n<\/tr>\n<tr>\n<td>M\u00e9thode d&#8217;activation<\/td>\n<td><strong>Capteur<\/strong><\/td>\n<\/tr>\n<tr>\n<td>Mat\u00e9riel<\/td>\n<td><strong>PCTG<\/strong><\/td>\n<\/tr>\n<tr>\n<td>Taux de nicotine<\/td>\n<td><strong>2% (20mg\/mL) &amp; 5% (50mg\/mL)<\/strong><\/td>\n<\/tr>\n<tr>\n<td>Saveurs<\/td>\n<td><strong>12<\/strong><\/td>\n<\/tr>\n<tr>\n<td>Emballage<\/td>\n<td><strong>1 paquet<\/strong><\/td>\n<\/tr>\n<tr>\n<td>Temps de charge<\/td>\n<td><strong>2 heures<\/strong><\/td>\n<\/tr>\n<tr>\n<td>Stockage<\/td>\n<td><strong>\u00c9vitez les environnements \u00e0 haute temp\u00e9rature et conservez le produit dans un endroit frais et sec.<\/strong><\/td>\n<\/tr>\n<tr>\n<td>Personnes interdites d&#8217;utilisation<\/td>\n<td><strong>Les mineurs, les femmes enceintes et les personnes allergiques aux ingr\u00e9dients du produit.<\/strong><\/td>\n<\/tr>\n<tr>\n<td>Attention<\/td>\n<td><strong>N&#8217;avalez pas cette substance. En cas d&#8217;ingestion, rincez-vous imm\u00e9diatement et abondamment la bouche. Si vous vous sentez mal, consultez un m\u00e9decin. <\/strong><\/td>\n<\/tr>\n<\/tbody>\n<\/table>\n<h3>Liste des ar\u00f4mes de <strong>Fizzy Nova Plus <\/strong>40000 Puffs :<\/h3>\n<ol>\n<li><a href=\"https:\/\/fizzyvape.eu\/fr\/produit\/fizzy-nova-plus-fraise-kiwi-40000-boules-10pcs\/\">Fraise Kiwi<\/a><\/li>\n<li><a href=\"https:\/\/fizzyvape.eu\/fr\/produit\/fizzy-nova-plus-blueberry-ice-40000-boules-10pcs\/\">Glace aux myrtilles<\/a><\/li>\n<li><a href=\"https:\/\/fizzyvape.eu\/fr\/produit\/fizzy-nova-plus-watermelon-ice-40000-boules-10pcs\/\">Glace \u00e0 la past\u00e8que<\/a><\/li>\n<li><a href=\"https:\/\/fizzyvape.eu\/fr\/produit\/fizzy-nova-plus-peche-mangue-pasteque-40000-bouffees-10pcs\/\">P\u00eache Mangue Past\u00e8que<\/a><\/li>\n<li><a href=\"https:\/\/fizzyvape.eu\/fr\/produit\/fizzy-nova-plus-kiwi-fruit-de-la-passion-goyave-40000-boules-10pcs\/\">Kiwi Fruit de la passion Goyave<\/a><\/li>\n<li><a href=\"https:\/\/fizzyvape.eu\/fr\/produit\/fizzy-nova-plus-framboise-citron-40000-bouffees-10pcs\/\">Framboise Citron<\/a><\/li>\n<li><a href=\"https:\/\/fizzyvape.eu\/fr\/produit\/fizzy-nova-plus-triple-berry-40000-bouffees-10pcs\/\">Triple baie<\/a><\/li>\n<li><a href=\"https:\/\/fizzyvape.eu\/fr\/produit\/fizzy-nova-plus-peach-ice-40000-bouffees-10pcs\/\">Glace \u00e0 la p\u00eache<\/a><\/li>\n<li><a href=\"https:\/\/fizzyvape.eu\/fr\/produit\/fizzy-nova-plus-raisin-citron-vert-40000-bouffees-10pcs\/\">Raisin Citron Vert<\/a><\/li>\n<li><a href=\"https:\/\/fizzyvape.eu\/fr\/produit\/fizzy-nova-plus-blue-razz-lemonade-40000-bouffees-10pcs\/\">Limonade Blue Razz<\/a><\/li>\n<li><a href=\"https:\/\/fizzyvape.eu\/fr\/produit\/fizzy-nova-plus-strawberry-ice-40000-boules-10pcs\/\">Glace \u00e0 la fraise<\/a><\/li>\n<li><a href=\"https:\/\/fizzyvape.eu\/fr\/produit\/fizzy-nova-plus-blueberry-coconut-40000-boules-10pcs\/\">Bleuet et noix de coco<\/a><\/li>\n<\/ol>\n<h3>FAQ \u00e0 propos de Fizzy Nova Plus 40000 Puffs Vape<\/h3>\n<ol>\n<li><strong>Comment le nombre de bouff\u00e9es de 40 000 se compare-t-il \u00e0 celui des autres vapes jetables ?<\/strong><br \/>\nNotre Fizzy Nova Plus d\u00e9livre 3 \u00e0 5 fois plus de bouff\u00e9es que les produits jetables standard, chaque dispositif \u00e9quivalant \u00e0 environ 4 \u00e0 5 stylos de vapotage classiques. La capacit\u00e9 de 40 ml d&#8217;e-liquide, la plus \u00e9lev\u00e9e de l&#8217;industrie, vous garantit une utilisation prolong\u00e9e sans remplacements fr\u00e9quents.<\/li>\n<li><strong>Quelle est la diff\u00e9rence entre le mode Eco et le mode Turbo ?<\/strong><br \/>\nLe mode Eco optimise l&#8217;autonomie de la batterie pour des sessions plus longues (parfait pour vaper toute la journ\u00e9e), tandis que le mode Turbo am\u00e9liore l&#8217;intensit\u00e9 des ar\u00f4mes et la production de vapeur pour une exp\u00e9rience plus puissante. L&#8217;indicateur LED intelligent vous aide \u00e0 contr\u00f4ler votre s\u00e9lection de mode.<\/li>\n<li><strong>Quelle est la dur\u00e9e de vie de la batterie entre deux charges ?<\/strong><br \/>\nLa batterie de 850mAh dure g\u00e9n\u00e9ralement toute la dur\u00e9e de vie du e-liquide de 40mL. En cas de besoin, notre charge rapide USB-C permet de recharger compl\u00e8tement l&#8217;appareil en seulement 2 heures, soit environ 3 fois plus vite que les alternatives micro-USB.<\/li>\n<li><strong>Quel taux de nicotine dois-je choisir ?<\/strong><br \/>\nPour une saveur plus douce et une nicotine mod\u00e9r\u00e9e : choisissez 2% (20mg\/mL). Pour une satisfaction plus forte et un effet de gorge plus prononc\u00e9 : choisissez 5% (50mg\/mL). Les deux options offrent la m\u00eame exp\u00e9rience de saveur de premi\u00e8re qualit\u00e9.<\/li>\n<\/ol>\n<\/div>\n","protected":false},"excerpt":{"rendered":"<p>Faites l&#8217;exp\u00e9rience d&#8217;une performance de vapotage in\u00e9gal\u00e9e avec la <strong>vape jetable Fizzy Nova Plus 40 000 bouff\u00e9es &#8211; maintenant<\/strong>disponible dans un paquet en vrac de 60 pi\u00e8ces \u00e0 une r\u00e9duction exclusive ! Profitez de <strong>12 saveurs de premi\u00e8re qualit\u00e9<\/strong>, y compris Peach Mango Watermelon et Blue Razz Lemonade. Parfait pour les d\u00e9taillants, les grossistes et les gros vapoteurs, faites vos r\u00e9serves avant que cette offre ne soit \u00e9puis\u00e9e !<\/p>\n<p><strong style=\"color: red;\">Veuillez indiquer le parfum et la quantit\u00e9 lorsque vous passez commande !<\/strong><\/p>\n","protected":false},"featured_media":30096,"comment_status":"open","ping_status":"closed","template":"","meta":{"iawp_total_views":0},"product_brand":[],"product_cat":[670],"product_tag":[343],"class_list":{"0":"post-27903","1":"product","2":"type-product","3":"status-publish","4":"has-post-thumbnail","6":"product_cat-bulk-deals-2-fr","7":"product_tag-40000-bouffees","9":"first","10":"outofstock","11":"sale","12":"shipping-taxable","13":"purchasable","14":"product-type-variable"},"yoast_head":"<!-- This site is optimized with the Yoast SEO Premium plugin v24.8 (Yoast SEO v24.8) - https:\/\/yoast.com\/wordpress\/plugins\/seo\/ -->\n<title>Fizzy Nova Plus 40000 bouff\u00e9es - 60pcs - fizzyvape.eu<\/title>\n<meta name=\"description\" content=\"Commandez 60pcs Fizzy Nova Plus 40000 Puffs vape jetable - bobines double mesh, 40mL e-liquide, et modes Eco\/Turbo. Offre de vente en gros de vape longue dur\u00e9e !\" \/>\n<meta name=\"robots\" content=\"index, follow, max-snippet:-1, max-image-preview:large, max-video-preview:-1\" \/>\n<link rel=\"canonical\" href=\"https:\/\/fizzyvape.eu\/fr\/produit\/fizzy-nova-plus-40000-bouffees-60pcs\/\" \/>\n<meta property=\"og:locale\" content=\"fr_FR\" \/>\n<meta property=\"og:type\" content=\"article\" \/>\n<meta property=\"og:title\" content=\"Fizzy Nova Plus 40000 bouff\u00e9es - 60pcs\" \/>\n<meta property=\"og:description\" content=\"Commandez 60pcs Fizzy Nova Plus 40000 Puffs vape jetable - bobines double mesh, 40mL e-liquide, et modes Eco\/Turbo. Offre de vente en gros de vape longue dur\u00e9e !\" \/>\n<meta property=\"og:url\" content=\"https:\/\/fizzyvape.eu\/fr\/produit\/fizzy-nova-plus-40000-bouffees-60pcs\/\" \/>\n<meta property=\"og:site_name\" content=\"fizzyvape.eu\" \/>\n<meta property=\"article:modified_time\" content=\"2025-10-31T10:00:13+00:00\" \/>\n<meta property=\"og:image\" content=\"https:\/\/fizzyvape.eu\/wp-content\/uploads\/2025\/04\/Fizzy-Nova-Plus-40000Puffs-60pcs-2.webp\" \/>\n\t<meta property=\"og:image:width\" content=\"800\" \/>\n\t<meta property=\"og:image:height\" content=\"800\" \/>\n\t<meta property=\"og:image:type\" content=\"image\/webp\" \/>\n<meta name=\"twitter:card\" content=\"summary_large_image\" \/>\n<meta name=\"twitter:label1\" content=\"Disponibilit\u00e9\" \/>\n\t<meta name=\"twitter:data1\" content=\"Rupture de stock\" \/>\n<script type=\"application\/ld+json\" class=\"yoast-schema-graph\">{\"@context\":\"https:\/\/schema.org\",\"@graph\":[{\"@type\":\"WebPage\",\"@id\":\"https:\/\/fizzyvape.eu\/fr\/produit\/fizzy-nova-plus-40000-bouffees-60pcs\/\",\"url\":\"https:\/\/fizzyvape.eu\/fr\/produit\/fizzy-nova-plus-40000-bouffees-60pcs\/\",\"name\":\"Fizzy Nova Plus 40000 bouff\u00e9es - 60pcs - fizzyvape.eu\",\"isPartOf\":{\"@id\":\"https:\/\/www.fizzyvape.eu\/fr\/#website\"},\"primaryImageOfPage\":{\"@id\":\"https:\/\/fizzyvape.eu\/fr\/produit\/fizzy-nova-plus-40000-bouffees-60pcs\/#primaryimage\"},\"image\":{\"@id\":\"https:\/\/fizzyvape.eu\/fr\/produit\/fizzy-nova-plus-40000-bouffees-60pcs\/#primaryimage\"},\"thumbnailUrl\":\"https:\/\/fizzyvape.eu\/wp-content\/uploads\/2025\/04\/Fizzy-Nova-Plus-40000-Puffs-60pcs.webp\",\"datePublished\":\"2025-04-21T03:10:46+00:00\",\"dateModified\":\"2025-10-31T10:00:13+00:00\",\"description\":\"Commandez 60pcs Fizzy Nova Plus 40000 Puffs vape jetable - bobines double mesh, 40mL e-liquide, et modes Eco\/Turbo. Offre de vente en gros de vape longue dur\u00e9e !\",\"breadcrumb\":{\"@id\":\"https:\/\/fizzyvape.eu\/fr\/produit\/fizzy-nova-plus-40000-bouffees-60pcs\/#breadcrumb\"},\"inLanguage\":\"fr-FR\",\"potentialAction\":[{\"@type\":\"ReadAction\",\"target\":[\"https:\/\/fizzyvape.eu\/fr\/produit\/fizzy-nova-plus-40000-bouffees-60pcs\/\"]}]},{\"@type\":\"ImageObject\",\"inLanguage\":\"fr-FR\",\"@id\":\"https:\/\/fizzyvape.eu\/fr\/produit\/fizzy-nova-plus-40000-bouffees-60pcs\/#primaryimage\",\"url\":\"https:\/\/fizzyvape.eu\/wp-content\/uploads\/2025\/04\/Fizzy-Nova-Plus-40000-Puffs-60pcs.webp\",\"contentUrl\":\"https:\/\/fizzyvape.eu\/wp-content\/uploads\/2025\/04\/Fizzy-Nova-Plus-40000-Puffs-60pcs.webp\",\"width\":800,\"height\":800,\"caption\":\"Fizzy Nova Plus 40000 Puffs 60pcs\"},{\"@type\":\"BreadcrumbList\",\"@id\":\"https:\/\/fizzyvape.eu\/fr\/produit\/fizzy-nova-plus-40000-bouffees-60pcs\/#breadcrumb\",\"itemListElement\":[{\"@type\":\"ListItem\",\"position\":1,\"name\":\"Home\",\"item\":\"https:\/\/fizzyvape.eu\/fr\/\"},{\"@type\":\"ListItem\",\"position\":2,\"name\":\"Boutique\",\"item\":\"https:\/\/www.fizzyvape.eu\/fr\/boutique\/\"},{\"@type\":\"ListItem\",\"position\":3,\"name\":\"Fizzy Nova Plus 40000 bouff\u00e9es &#8211; 60pcs\"}]},{\"@type\":\"WebSite\",\"@id\":\"https:\/\/www.fizzyvape.eu\/fr\/#website\",\"url\":\"https:\/\/www.fizzyvape.eu\/fr\/\",\"name\":\"fizzyvape.eu\",\"description\":\"Refreshing Vapes. Unforgettable Taste.\",\"publisher\":{\"@id\":\"https:\/\/www.fizzyvape.eu\/fr\/#organization\"},\"potentialAction\":[{\"@type\":\"SearchAction\",\"target\":{\"@type\":\"EntryPoint\",\"urlTemplate\":\"https:\/\/www.fizzyvape.eu\/fr\/?s={search_term_string}\"},\"query-input\":{\"@type\":\"PropertyValueSpecification\",\"valueRequired\":true,\"valueName\":\"search_term_string\"}}],\"inLanguage\":\"fr-FR\"},{\"@type\":\"Organization\",\"@id\":\"https:\/\/www.fizzyvape.eu\/fr\/#organization\",\"name\":\"fizzyvape.eu\",\"url\":\"https:\/\/www.fizzyvape.eu\/fr\/\",\"logo\":{\"@type\":\"ImageObject\",\"inLanguage\":\"fr-FR\",\"@id\":\"https:\/\/www.fizzyvape.eu\/fr\/#\/schema\/logo\/image\/\",\"url\":\"https:\/\/fizzyvape.eu\/wp-content\/uploads\/2019\/06\/print-1.svg\",\"contentUrl\":\"https:\/\/fizzyvape.eu\/wp-content\/uploads\/2019\/06\/print-1.svg\",\"width\":124,\"height\":37,\"caption\":\"fizzyvape.eu\"},\"image\":{\"@id\":\"https:\/\/www.fizzyvape.eu\/fr\/#\/schema\/logo\/image\/\"}}]}<\/script>\n<meta property=\"og:availability\" content=\"out of stock\" \/>\n<meta property=\"product:availability\" content=\"out of stock\" \/>\n<meta property=\"product:condition\" content=\"new\" \/>\n<!-- \/ Yoast SEO Premium plugin. -->","yoast_head_json":{"title":"Fizzy Nova Plus 40000 bouff\u00e9es - 60pcs - fizzyvape.eu","description":"Commandez 60pcs Fizzy Nova Plus 40000 Puffs vape jetable - bobines double mesh, 40mL e-liquide, et modes Eco\/Turbo. Offre de vente en gros de vape longue dur\u00e9e !","robots":{"index":"index","follow":"follow","max-snippet":"max-snippet:-1","max-image-preview":"max-image-preview:large","max-video-preview":"max-video-preview:-1"},"canonical":"https:\/\/fizzyvape.eu\/fr\/produit\/fizzy-nova-plus-40000-bouffees-60pcs\/","og_locale":"fr_FR","og_type":"article","og_title":"Fizzy Nova Plus 40000 bouff\u00e9es - 60pcs","og_description":"Commandez 60pcs Fizzy Nova Plus 40000 Puffs vape jetable - bobines double mesh, 40mL e-liquide, et modes Eco\/Turbo. Offre de vente en gros de vape longue dur\u00e9e !","og_url":"https:\/\/fizzyvape.eu\/fr\/produit\/fizzy-nova-plus-40000-bouffees-60pcs\/","og_site_name":"fizzyvape.eu","article_modified_time":"2025-10-31T10:00:13+00:00","og_image":[{"width":800,"height":800,"url":"https:\/\/fizzyvape.eu\/wp-content\/uploads\/2025\/04\/Fizzy-Nova-Plus-40000Puffs-60pcs-2.webp","type":"image\/webp"}],"twitter_card":"summary_large_image","twitter_misc":{"Disponibilit\u00e9":"Rupture de stock"},"schema":{"@context":"https:\/\/schema.org","@graph":[{"@type":"WebPage","@id":"https:\/\/fizzyvape.eu\/fr\/produit\/fizzy-nova-plus-40000-bouffees-60pcs\/","url":"https:\/\/fizzyvape.eu\/fr\/produit\/fizzy-nova-plus-40000-bouffees-60pcs\/","name":"Fizzy Nova Plus 40000 bouff\u00e9es - 60pcs - fizzyvape.eu","isPartOf":{"@id":"https:\/\/www.fizzyvape.eu\/fr\/#website"},"primaryImageOfPage":{"@id":"https:\/\/fizzyvape.eu\/fr\/produit\/fizzy-nova-plus-40000-bouffees-60pcs\/#primaryimage"},"image":{"@id":"https:\/\/fizzyvape.eu\/fr\/produit\/fizzy-nova-plus-40000-bouffees-60pcs\/#primaryimage"},"thumbnailUrl":"https:\/\/fizzyvape.eu\/wp-content\/uploads\/2025\/04\/Fizzy-Nova-Plus-40000-Puffs-60pcs.webp","datePublished":"2025-04-21T03:10:46+00:00","dateModified":"2025-10-31T10:00:13+00:00","description":"Commandez 60pcs Fizzy Nova Plus 40000 Puffs vape jetable - bobines double mesh, 40mL e-liquide, et modes Eco\/Turbo. Offre de vente en gros de vape longue dur\u00e9e !","breadcrumb":{"@id":"https:\/\/fizzyvape.eu\/fr\/produit\/fizzy-nova-plus-40000-bouffees-60pcs\/#breadcrumb"},"inLanguage":"fr-FR","potentialAction":[{"@type":"ReadAction","target":["https:\/\/fizzyvape.eu\/fr\/produit\/fizzy-nova-plus-40000-bouffees-60pcs\/"]}]},{"@type":"ImageObject","inLanguage":"fr-FR","@id":"https:\/\/fizzyvape.eu\/fr\/produit\/fizzy-nova-plus-40000-bouffees-60pcs\/#primaryimage","url":"https:\/\/fizzyvape.eu\/wp-content\/uploads\/2025\/04\/Fizzy-Nova-Plus-40000-Puffs-60pcs.webp","contentUrl":"https:\/\/fizzyvape.eu\/wp-content\/uploads\/2025\/04\/Fizzy-Nova-Plus-40000-Puffs-60pcs.webp","width":800,"height":800,"caption":"Fizzy Nova Plus 40000 Puffs 60pcs"},{"@type":"BreadcrumbList","@id":"https:\/\/fizzyvape.eu\/fr\/produit\/fizzy-nova-plus-40000-bouffees-60pcs\/#breadcrumb","itemListElement":[{"@type":"ListItem","position":1,"name":"Home","item":"https:\/\/fizzyvape.eu\/fr\/"},{"@type":"ListItem","position":2,"name":"Boutique","item":"https:\/\/www.fizzyvape.eu\/fr\/boutique\/"},{"@type":"ListItem","position":3,"name":"Fizzy Nova Plus 40000 bouff\u00e9es &#8211; 60pcs"}]},{"@type":"WebSite","@id":"https:\/\/www.fizzyvape.eu\/fr\/#website","url":"https:\/\/www.fizzyvape.eu\/fr\/","name":"fizzyvape.eu","description":"Refreshing Vapes. Unforgettable Taste.","publisher":{"@id":"https:\/\/www.fizzyvape.eu\/fr\/#organization"},"potentialAction":[{"@type":"SearchAction","target":{"@type":"EntryPoint","urlTemplate":"https:\/\/www.fizzyvape.eu\/fr\/?s={search_term_string}"},"query-input":{"@type":"PropertyValueSpecification","valueRequired":true,"valueName":"search_term_string"}}],"inLanguage":"fr-FR"},{"@type":"Organization","@id":"https:\/\/www.fizzyvape.eu\/fr\/#organization","name":"fizzyvape.eu","url":"https:\/\/www.fizzyvape.eu\/fr\/","logo":{"@type":"ImageObject","inLanguage":"fr-FR","@id":"https:\/\/www.fizzyvape.eu\/fr\/#\/schema\/logo\/image\/","url":"https:\/\/fizzyvape.eu\/wp-content\/uploads\/2019\/06\/print-1.svg","contentUrl":"https:\/\/fizzyvape.eu\/wp-content\/uploads\/2019\/06\/print-1.svg","width":124,"height":37,"caption":"fizzyvape.eu"},"image":{"@id":"https:\/\/www.fizzyvape.eu\/fr\/#\/schema\/logo\/image\/"}}]},"og_availability":"out of stock","product_availability":"out of stock","product_condition":"new"},"tiered_pricing_type":"fixed","tiered_pricing_fixed_rules":[],"tiered_pricing_product_settings":{"layout":"default","base_unit_name":{"singular":null,"plural":null},"default_variation":null},"tiered_pricing_minimum_quantity":null,"tiered_pricing_roles_data":[],"tiered_pricing_percentage_rules":[],"tiered_pricing_maximum_quantity":null,"tiered_pricing_quantity_step":null,"_links":{"self":[{"href":"https:\/\/fizzyvape.eu\/fr\/wp-json\/wp\/v2\/product\/27903","targetHints":{"allow":["GET"]}}],"collection":[{"href":"https:\/\/fizzyvape.eu\/fr\/wp-json\/wp\/v2\/product"}],"about":[{"href":"https:\/\/fizzyvape.eu\/fr\/wp-json\/wp\/v2\/types\/product"}],"replies":[{"embeddable":true,"href":"https:\/\/fizzyvape.eu\/fr\/wp-json\/wp\/v2\/comments?post=27903"}],"version-history":[{"count":0,"href":"https:\/\/fizzyvape.eu\/fr\/wp-json\/wp\/v2\/product\/27903\/revisions"}],"wp:featuredmedia":[{"embeddable":true,"href":"https:\/\/fizzyvape.eu\/fr\/wp-json\/wp\/v2\/media\/30096"}],"wp:attachment":[{"href":"https:\/\/fizzyvape.eu\/fr\/wp-json\/wp\/v2\/media?parent=27903"}],"wp:term":[{"taxonomy":"product_brand","embeddable":true,"href":"https:\/\/fizzyvape.eu\/fr\/wp-json\/wp\/v2\/product_brand?post=27903"},{"taxonomy":"product_cat","embeddable":true,"href":"https:\/\/fizzyvape.eu\/fr\/wp-json\/wp\/v2\/product_cat?post=27903"},{"taxonomy":"product_tag","embeddable":true,"href":"https:\/\/fizzyvape.eu\/fr\/wp-json\/wp\/v2\/product_tag?post=27903"}],"curies":[{"name":"wp","href":"https:\/\/api.w.org\/{rel}","templated":true}]}}