{"id":27955,"date":"2025-04-21T11:21:12","date_gmt":"2025-04-21T03:21:12","guid":{"rendered":"https:\/\/fizzyvape.eu\/?post_type=product&#038;p=27955"},"modified":"2025-10-31T17:59:57","modified_gmt":"2025-10-31T09:59:57","slug":"fizzy-nova-plus-40000-bouffees-120pcs","status":"publish","type":"product","link":"https:\/\/fizzyvape.eu\/fr\/produit\/fizzy-nova-plus-40000-bouffees-120pcs\/","title":{"rendered":"Fizzy Nova Plus 40000 bouff\u00e9es &#8211; 120pcs"},"content":{"rendered":"<div>\n<h1>Fizzy Nova Plus 40000 Puffs Vape jetable &#8211; Le vaporisateur d&#8217;endurance ultime<\/h1>\n<p>Vivez l&#8217;exp\u00e9rience de la vape sans limites avec le <strong>Fizzy Nova Plus 40000 Puffs Vape jetable<\/strong>. Con\u00e7u pour une long\u00e9vit\u00e9 in\u00e9gal\u00e9e, une diffusion d&#8217;ar\u00f4mes exceptionnelle et une technologie intelligente, cet appareil red\u00e9finit l&#8217;exp\u00e9rience de la vape jetable. Que vous souhaitiez une satisfaction douce et constante ou d&#8217;intenses explosions d&#8217;ar\u00f4mes, le Fizzy Nova Plus offre des performances de pointe dans un design \u00e9l\u00e9gant et convivial.<\/p>\n<h3>Caract\u00e9ristiques principales :<\/h3>\n<p class=\"\" data-start=\"101\" data-end=\"267\">\u2705 <strong data-start=\"103\" data-end=\"136\">40 000 bouff\u00e9es, un record dans l&#8217;industrie<\/strong>: Faites l&#8217;exp\u00e9rience d&#8217;un usage prolong\u00e9 avec 40 000 bouff\u00e9es, garantissant une satisfaction durable et r\u00e9duisant le besoin de remplacements fr\u00e9quents.<\/p>\n<p class=\"\" data-start=\"269\" data-end=\"417\">\u2705 <strong data-start=\"271\" data-end=\"299\">S\u00e9lection d&#8217;ar\u00f4mes de premi\u00e8re qualit\u00e9<\/strong>: Profitez d&#8217;une vari\u00e9t\u00e9 d&#8217;ar\u00f4mes de fruits m\u00e9lang\u00e9s de mani\u00e8re experte, offrant une exp\u00e9rience de vapotage unique et excitante \u00e0 chaque bouff\u00e9e.<\/p>\n<p class=\"\" data-start=\"419\" data-end=\"589\">\u2705 <strong data-start=\"421\" data-end=\"450\">Technologie Dual Mesh Coil<\/strong>: Les bobines Dual Mesh avanc\u00e9es permettent une chauffe homog\u00e8ne, produisant des saveurs plus riches et plus intenses et des nuages de vapeur plus \u00e9pais pour une exp\u00e9rience sup\u00e9rieure.<\/p>\n<p class=\"\" data-start=\"591\" data-end=\"760\">\u2705 <strong data-start=\"593\" data-end=\"619\">Gestion intelligente de l&#8217;\u00e9nergie<\/strong>: Choisissez entre le mode Eco pour une plus longue dur\u00e9e de vie de la batterie et le mode Turbo pour une saveur et une production de vapeur accrues, optimisant ainsi votre session \u00e0 chaque fois.<\/p>\n<p class=\"\" data-start=\"762\" data-end=\"920\">\u2705 <strong data-start=\"764\" data-end=\"787\">Chargement rapide en USB-C<\/strong>: Rechargez compl\u00e8tement la batterie de 850mAh en seulement 2 heures gr\u00e2ce \u00e0 la charge rapide USB-C, r\u00e9duisant ainsi les temps d&#8217;arr\u00eat et maximisant votre plaisir de fumer.<\/p>\n<p class=\"\" data-start=\"922\" data-end=\"1076\">\u2705 <strong data-start=\"924\" data-end=\"953\">Durable et facile \u00e0 transporter<\/strong>: Fabriqu\u00e9 avec des mat\u00e9riaux de qualit\u00e9 a\u00e9rospatiale, le Fizzy Nova Plus est \u00e9tanche, portable et con\u00e7u pour r\u00e9sister \u00e0 un usage quotidien.<\/p>\n<p class=\"\" data-start=\"1078\" data-end=\"1245\">\u2705 <strong data-start=\"1080\" data-end=\"1115\">Capacit\u00e9 g\u00e9n\u00e9reuse de 40 ml d&#8217;e-liquide<\/strong>: Profitez de semaines de plaisir de vapotage continu gr\u00e2ce aux 40 ml d&#8217;e-liquide pr\u00e9-remplis de l&#8217;appareil, \u00e9liminant ainsi le besoin de recharges constantes.<\/p>\n<p class=\"\" data-start=\"1247\" data-end=\"1415\">\u2705 <strong data-start=\"1249\" data-end=\"1270\">\u00c9cran LED intelligent<\/strong>: Surveillez l&#8217;autonomie de la batterie et les niveaux d&#8217;e-liquide sans effort gr\u00e2ce \u00e0 l&#8217;\u00e9cran LED intuitif, qui vous tient inform\u00e9 pour une exp\u00e9rience de vapotage sans souci.<\/p>\n<h3>Pourquoi choisir Fizzy Nova Plus ?<\/h3>\n<p>\ud83d\udd25 <strong>Une long\u00e9vit\u00e9 incroyable<\/strong>: Ce produit dure jusqu&#8217;\u00e0 5 fois plus longtemps que les vapes jetables habituelles, offrant ainsi une valeur exceptionnelle.<br \/>\n\ud83d\udca8 <strong>Saveur et vapeur sup\u00e9rieures<\/strong>: Les bobines \u00e0 double maille lib\u00e8rent tout le potentiel de chaque e-liquide, offrant un go\u00fbt intense et des nuages satisfaisants.<br \/>\n\u26a1 <strong>Vaping personnalisable<\/strong>: Passez en toute transparence du mode Eco au mode Turbo pour adapter votre exp\u00e9rience \u00e0 vos pr\u00e9f\u00e9rences.<br \/>\n\u2708\ufe0f <strong>Parfait pour les voyages<\/strong>: Sa conception compacte et \u00e9tanche en fait le compagnon id\u00e9al de votre mode de vie nomade (compatible TSA).<br \/>\n\ud83d\udee1\ufe0f <strong>Qualit\u00e9 sup\u00e9rieure<\/strong>: La construction de qualit\u00e9 a\u00e9rospatiale garantit la durabilit\u00e9 et un aspect et une sensation sophistiqu\u00e9s.<\/p>\n<\/div>\n<div>\n<h3><strong>Options de nicotine :<\/strong><\/h3>\n<p>&#8211; <strong>2% (20mg\/mL<\/strong> ) &#8211; Id\u00e9al pour une exp\u00e9rience de vapotage douce et savoureuse<br \/>\n&#8211; <strong>5% (50mg\/mL<\/strong> ) &#8211; Con\u00e7u pour un effet en gorge plus fort et plus satisfaisant<\/p>\n<h3>Sp\u00e9cifications<\/h3>\n<table style=\"height: 449px;\" width=\"1340\">\n<tbody>\n<tr>\n<td>Bouff\u00e9es<\/td>\n<td><strong>40000+ Puffs<\/strong><\/td>\n<\/tr>\n<tr>\n<td>Capacit\u00e9 en e-liquide<\/td>\n<td><strong>40ml<\/strong><\/td>\n<\/tr>\n<tr>\n<td>Capacit\u00e9 de la batterie<\/td>\n<td><strong>850mAh<\/strong><\/td>\n<\/tr>\n<tr>\n<td>Taille<\/td>\n<td><strong>52,5*24,5*104,3mm<\/strong><\/td>\n<\/tr>\n<tr>\n<td>Jetable ou non<\/td>\n<td><strong>Jetable<\/strong><\/td>\n<\/tr>\n<tr>\n<td>M\u00e9thode de chargement<\/td>\n<td><strong>C\u00e2ble<\/strong><\/td>\n<\/tr>\n<tr>\n<td>M\u00e9thode d&#8217;activation<\/td>\n<td><strong>Capteur<\/strong><\/td>\n<\/tr>\n<tr>\n<td>Mat\u00e9riel<\/td>\n<td><strong>PCTG<\/strong><\/td>\n<\/tr>\n<tr>\n<td>Taux de nicotine<\/td>\n<td><strong>2% (20mg\/mL) &amp; 5% (50mg\/mL)<\/strong><\/td>\n<\/tr>\n<tr>\n<td>Saveurs<\/td>\n<td><strong>12<\/strong><\/td>\n<\/tr>\n<tr>\n<td>Emballage<\/td>\n<td><strong>1 paquet<\/strong><\/td>\n<\/tr>\n<tr>\n<td>Temps de charge<\/td>\n<td><strong>2 heures<\/strong><\/td>\n<\/tr>\n<tr>\n<td>Stockage<\/td>\n<td><strong>\u00c9vitez les environnements \u00e0 haute temp\u00e9rature et conservez le produit dans un endroit frais et sec.<\/strong><\/td>\n<\/tr>\n<tr>\n<td>Personnes interdites d&#8217;utilisation<\/td>\n<td><strong>Les mineurs, les femmes enceintes et les personnes allergiques aux ingr\u00e9dients du produit.<\/strong><\/td>\n<\/tr>\n<tr>\n<td>Attention<\/td>\n<td><strong>N&#8217;avalez pas cette substance. En cas d&#8217;ingestion, rincez-vous imm\u00e9diatement et abondamment la bouche. Si vous vous sentez mal, consultez un m\u00e9decin. <\/strong><\/td>\n<\/tr>\n<\/tbody>\n<\/table>\n<h3>Liste des ar\u00f4mes de <strong>Fizzy Nova Plus <\/strong>40000 Puffs :<\/h3>\n<ol>\n<li><a href=\"https:\/\/fizzyvape.eu\/fr\/produit\/fizzy-nova-plus-fraise-kiwi-40000-boules-10pcs\/\">Fraise Kiwi<\/a><\/li>\n<li><a href=\"https:\/\/fizzyvape.eu\/fr\/produit\/fizzy-nova-plus-blueberry-ice-40000-boules-10pcs\/\">Glace aux myrtilles<\/a><\/li>\n<li><a href=\"https:\/\/fizzyvape.eu\/fr\/produit\/fizzy-nova-plus-watermelon-ice-40000-boules-10pcs\/\">Glace \u00e0 la past\u00e8que<\/a><\/li>\n<li><a href=\"https:\/\/fizzyvape.eu\/fr\/produit\/fizzy-nova-plus-peche-mangue-pasteque-40000-bouffees-10pcs\/\">P\u00eache Mangue Past\u00e8que<\/a><\/li>\n<li><a href=\"https:\/\/fizzyvape.eu\/fr\/produit\/fizzy-nova-plus-kiwi-fruit-de-la-passion-goyave-40000-boules-10pcs\/\">Kiwi Fruit de la passion Goyave<\/a><\/li>\n<li><a href=\"https:\/\/fizzyvape.eu\/fr\/produit\/fizzy-nova-plus-framboise-citron-40000-bouffees-10pcs\/\">Framboise Citron<\/a><\/li>\n<li><a href=\"https:\/\/fizzyvape.eu\/fr\/produit\/fizzy-nova-plus-triple-berry-40000-bouffees-10pcs\/\">Triple baie<\/a><\/li>\n<li><a href=\"https:\/\/fizzyvape.eu\/fr\/produit\/fizzy-nova-plus-peach-ice-40000-bouffees-10pcs\/\">Glace \u00e0 la p\u00eache<\/a><\/li>\n<li><a href=\"https:\/\/fizzyvape.eu\/fr\/produit\/fizzy-nova-plus-raisin-citron-vert-40000-bouffees-10pcs\/\">Raisin Citron Vert<\/a><\/li>\n<li><a href=\"https:\/\/fizzyvape.eu\/fr\/produit\/fizzy-nova-plus-blue-razz-lemonade-40000-bouffees-10pcs\/\">Limonade Blue Razz<\/a><\/li>\n<li><a href=\"https:\/\/fizzyvape.eu\/fr\/produit\/fizzy-nova-plus-strawberry-ice-40000-boules-10pcs\/\">Glace \u00e0 la fraise<\/a><\/li>\n<li><a href=\"https:\/\/fizzyvape.eu\/fr\/produit\/fizzy-nova-plus-blueberry-coconut-40000-boules-10pcs\/\">Bleuet et noix de coco<\/a><\/li>\n<\/ol>\n<h3>FAQ \u00e0 propos de Fizzy Nova Plus 40000 Puffs Vape<\/h3>\n<p><strong>1. Combien de bouff\u00e9es puis-je obtenir avec le Fizzy Nova Plus ? <\/strong><br \/>\nLa Fizzy Nova Plus est con\u00e7ue pour d\u00e9livrer plus de 40 000 bouff\u00e9es, ce qui en fait l&#8217;une des vapes jetables les plus durables du march\u00e9. Ce nombre \u00e9lev\u00e9 de bouff\u00e9es garantit un plaisir prolong\u00e9 avant d&#8217;avoir besoin d&#8217;un remplacement.<\/p>\n<p><strong>2. Quel est l&#8217;avantage de l&#8217;antenne Dual Mesh et du syst\u00e8me Dual-Mode ?<\/strong><\/p>\n<ul>\n<li>Le syst\u00e8me <strong>Dual Mesh Coil<\/strong> utilise une technologie de bobine avanc\u00e9e pour chauffer l&#8217;e-liquide de mani\u00e8re plus homog\u00e8ne, ce qui permet d&#8217;obtenir des saveurs plus riches et plus nuanc\u00e9es ainsi que des nuages de vapeur plus denses. Le <strong>syst\u00e8me Smart Dual-Mode<\/strong> vous permet de personnaliser votre vapotage : Le <strong>mode Eco<\/strong> permet de prolonger l&#8217;autonomie de la batterie pour une utilisation plus longue, tandis que le <strong>mode Turbo<\/strong> am\u00e9liore les saveurs et la production de vapeur pour une exp\u00e9rience plus intense.<\/li>\n<\/ul>\n<p><strong>3. Quelle est la dur\u00e9e de vie de la batterie et comment puis-je recharger le Fizzy Nova Plus ? <\/strong><br \/>\nLa Fizzy Nova Plus est \u00e9quip\u00e9e d&#8217;une batterie rechargeable de 850mAh. Elle prend en charge la charge rapide USB-C, ce qui lui permet de se recharger compl\u00e8tement en 2 heures environ. Cela garantit un temps d&#8217;arr\u00eat minimal et des performances constantes.<\/p>\n<\/div>\n","protected":false},"excerpt":{"rendered":"<p>Vivez l&#8217;exp\u00e9rience ultime de la <strong>vape<\/strong> avec le <strong>Fizzy Nova Plus 40000 Puffs Disposable Vape<\/strong><strong>(120pcs Bundle<\/strong>). Avec une capacit\u00e9 de <strong>40 000 bouff\u00e9es<\/strong> par appareil, une technologie de bobine \u00e0 double maille et un chargement rapide par USB-C, cette vape haut de gamme offre une saveur intense, une vapeur dense et des performances durables.<\/p>\n<p><strong style=\"color: red;\">Veuillez indiquer le parfum et la quantit\u00e9 lorsque vous passez commande !<\/strong><\/p>\n","protected":false},"featured_media":30105,"comment_status":"open","ping_status":"closed","template":"","meta":{"iawp_total_views":0},"product_brand":[],"product_cat":[670],"product_tag":[343],"class_list":{"0":"post-27955","1":"product","2":"type-product","3":"status-publish","4":"has-post-thumbnail","6":"product_cat-bulk-deals-2-fr","7":"product_tag-40000-bouffees","9":"first","10":"outofstock","11":"sale","12":"shipping-taxable","13":"purchasable","14":"product-type-variable"},"yoast_head":"<!-- This site is optimized with the Yoast SEO Premium plugin v24.8 (Yoast SEO v24.8) - https:\/\/yoast.com\/wordpress\/plugins\/seo\/ -->\n<title>Fizzy Nova Plus 40000 bouff\u00e9es - 120pcs - fizzyvape.eu<\/title>\n<meta name=\"description\" content=\"120pcs Fizzy Nova Plus 40000 puffs jetable vape wholesale bundle ! Saveurs de premi\u00e8re qualit\u00e9, chargeur USB-C, remises en gros. Offre \u00e0 dur\u00e9e limit\u00e9e - commandez maintenant !\" \/>\n<meta name=\"robots\" content=\"index, follow, max-snippet:-1, max-image-preview:large, max-video-preview:-1\" \/>\n<link rel=\"canonical\" href=\"https:\/\/fizzyvape.eu\/fr\/produit\/fizzy-nova-plus-40000-bouffees-120pcs\/\" \/>\n<meta property=\"og:locale\" content=\"fr_FR\" \/>\n<meta property=\"og:type\" content=\"article\" \/>\n<meta property=\"og:title\" content=\"Fizzy Nova Plus 40000 bouff\u00e9es - 120pcs\" \/>\n<meta property=\"og:description\" content=\"120pcs Fizzy Nova Plus 40000 puffs jetable vape wholesale bundle ! Saveurs de premi\u00e8re qualit\u00e9, chargeur USB-C, remises en gros. Offre \u00e0 dur\u00e9e limit\u00e9e - commandez maintenant !\" \/>\n<meta property=\"og:url\" content=\"https:\/\/fizzyvape.eu\/fr\/produit\/fizzy-nova-plus-40000-bouffees-120pcs\/\" \/>\n<meta property=\"og:site_name\" content=\"fizzyvape.eu\" \/>\n<meta property=\"article:modified_time\" content=\"2025-10-31T09:59:57+00:00\" \/>\n<meta property=\"og:image\" content=\"https:\/\/www.fizzyvape.eu\/wp-content\/uploads\/2025\/04\/Fizzy-Nova-Plus-40000Puffs-120pcs-2.webp\" \/>\n\t<meta property=\"og:image:width\" content=\"800\" \/>\n\t<meta property=\"og:image:height\" content=\"800\" \/>\n\t<meta property=\"og:image:type\" content=\"image\/webp\" \/>\n<meta name=\"twitter:card\" content=\"summary_large_image\" \/>\n<meta name=\"twitter:label1\" content=\"Disponibilit\u00e9\" \/>\n\t<meta name=\"twitter:data1\" content=\"Rupture de stock\" \/>\n<script type=\"application\/ld+json\" class=\"yoast-schema-graph\">{\"@context\":\"https:\/\/schema.org\",\"@graph\":[{\"@type\":\"WebPage\",\"@id\":\"https:\/\/fizzyvape.eu\/fr\/produit\/fizzy-nova-plus-40000-bouffees-120pcs\/\",\"url\":\"https:\/\/fizzyvape.eu\/fr\/produit\/fizzy-nova-plus-40000-bouffees-120pcs\/\",\"name\":\"Fizzy Nova Plus 40000 bouff\u00e9es - 120pcs - fizzyvape.eu\",\"isPartOf\":{\"@id\":\"https:\/\/www.fizzyvape.eu\/fr\/#website\"},\"primaryImageOfPage\":{\"@id\":\"https:\/\/fizzyvape.eu\/fr\/produit\/fizzy-nova-plus-40000-bouffees-120pcs\/#primaryimage\"},\"image\":{\"@id\":\"https:\/\/fizzyvape.eu\/fr\/produit\/fizzy-nova-plus-40000-bouffees-120pcs\/#primaryimage\"},\"thumbnailUrl\":\"https:\/\/fizzyvape.eu\/wp-content\/uploads\/2025\/04\/Fizzy-Nova-Plus-40000-Puffs-120pcs.webp\",\"datePublished\":\"2025-04-21T03:21:12+00:00\",\"dateModified\":\"2025-10-31T09:59:57+00:00\",\"description\":\"120pcs Fizzy Nova Plus 40000 puffs jetable vape wholesale bundle ! Saveurs de premi\u00e8re qualit\u00e9, chargeur USB-C, remises en gros. Offre \u00e0 dur\u00e9e limit\u00e9e - commandez maintenant !\",\"breadcrumb\":{\"@id\":\"https:\/\/fizzyvape.eu\/fr\/produit\/fizzy-nova-plus-40000-bouffees-120pcs\/#breadcrumb\"},\"inLanguage\":\"fr-FR\",\"potentialAction\":[{\"@type\":\"ReadAction\",\"target\":[\"https:\/\/fizzyvape.eu\/fr\/produit\/fizzy-nova-plus-40000-bouffees-120pcs\/\"]}]},{\"@type\":\"ImageObject\",\"inLanguage\":\"fr-FR\",\"@id\":\"https:\/\/fizzyvape.eu\/fr\/produit\/fizzy-nova-plus-40000-bouffees-120pcs\/#primaryimage\",\"url\":\"https:\/\/fizzyvape.eu\/wp-content\/uploads\/2025\/04\/Fizzy-Nova-Plus-40000-Puffs-120pcs.webp\",\"contentUrl\":\"https:\/\/fizzyvape.eu\/wp-content\/uploads\/2025\/04\/Fizzy-Nova-Plus-40000-Puffs-120pcs.webp\",\"width\":800,\"height\":800,\"caption\":\"Fizzy Nova Plus 40000 Puffs 120pcs\"},{\"@type\":\"BreadcrumbList\",\"@id\":\"https:\/\/fizzyvape.eu\/fr\/produit\/fizzy-nova-plus-40000-bouffees-120pcs\/#breadcrumb\",\"itemListElement\":[{\"@type\":\"ListItem\",\"position\":1,\"name\":\"Home\",\"item\":\"https:\/\/fizzyvape.eu\/fr\/\"},{\"@type\":\"ListItem\",\"position\":2,\"name\":\"Boutique\",\"item\":\"https:\/\/www.fizzyvape.eu\/fr\/boutique\/\"},{\"@type\":\"ListItem\",\"position\":3,\"name\":\"Fizzy Nova Plus 40000 bouff\u00e9es &#8211; 120pcs\"}]},{\"@type\":\"WebSite\",\"@id\":\"https:\/\/www.fizzyvape.eu\/fr\/#website\",\"url\":\"https:\/\/www.fizzyvape.eu\/fr\/\",\"name\":\"fizzyvape.eu\",\"description\":\"Refreshing Vapes. Unforgettable Taste.\",\"publisher\":{\"@id\":\"https:\/\/www.fizzyvape.eu\/fr\/#organization\"},\"potentialAction\":[{\"@type\":\"SearchAction\",\"target\":{\"@type\":\"EntryPoint\",\"urlTemplate\":\"https:\/\/www.fizzyvape.eu\/fr\/?s={search_term_string}\"},\"query-input\":{\"@type\":\"PropertyValueSpecification\",\"valueRequired\":true,\"valueName\":\"search_term_string\"}}],\"inLanguage\":\"fr-FR\"},{\"@type\":\"Organization\",\"@id\":\"https:\/\/www.fizzyvape.eu\/fr\/#organization\",\"name\":\"fizzyvape.eu\",\"url\":\"https:\/\/www.fizzyvape.eu\/fr\/\",\"logo\":{\"@type\":\"ImageObject\",\"inLanguage\":\"fr-FR\",\"@id\":\"https:\/\/www.fizzyvape.eu\/fr\/#\/schema\/logo\/image\/\",\"url\":\"https:\/\/fizzyvape.eu\/wp-content\/uploads\/2019\/06\/print-1.svg\",\"contentUrl\":\"https:\/\/fizzyvape.eu\/wp-content\/uploads\/2019\/06\/print-1.svg\",\"width\":124,\"height\":37,\"caption\":\"fizzyvape.eu\"},\"image\":{\"@id\":\"https:\/\/www.fizzyvape.eu\/fr\/#\/schema\/logo\/image\/\"}}]}<\/script>\n<meta property=\"og:availability\" content=\"out of stock\" \/>\n<meta property=\"product:availability\" content=\"out of stock\" \/>\n<meta property=\"product:condition\" content=\"new\" \/>\n<!-- \/ Yoast SEO Premium plugin. -->","yoast_head_json":{"title":"Fizzy Nova Plus 40000 bouff\u00e9es - 120pcs - fizzyvape.eu","description":"120pcs Fizzy Nova Plus 40000 puffs jetable vape wholesale bundle ! Saveurs de premi\u00e8re qualit\u00e9, chargeur USB-C, remises en gros. Offre \u00e0 dur\u00e9e limit\u00e9e - commandez maintenant !","robots":{"index":"index","follow":"follow","max-snippet":"max-snippet:-1","max-image-preview":"max-image-preview:large","max-video-preview":"max-video-preview:-1"},"canonical":"https:\/\/fizzyvape.eu\/fr\/produit\/fizzy-nova-plus-40000-bouffees-120pcs\/","og_locale":"fr_FR","og_type":"article","og_title":"Fizzy Nova Plus 40000 bouff\u00e9es - 120pcs","og_description":"120pcs Fizzy Nova Plus 40000 puffs jetable vape wholesale bundle ! Saveurs de premi\u00e8re qualit\u00e9, chargeur USB-C, remises en gros. Offre \u00e0 dur\u00e9e limit\u00e9e - commandez maintenant !","og_url":"https:\/\/fizzyvape.eu\/fr\/produit\/fizzy-nova-plus-40000-bouffees-120pcs\/","og_site_name":"fizzyvape.eu","article_modified_time":"2025-10-31T09:59:57+00:00","og_image":[{"width":800,"height":800,"url":"https:\/\/www.fizzyvape.eu\/wp-content\/uploads\/2025\/04\/Fizzy-Nova-Plus-40000Puffs-120pcs-2.webp","type":"image\/webp"}],"twitter_card":"summary_large_image","twitter_misc":{"Disponibilit\u00e9":"Rupture de stock"},"schema":{"@context":"https:\/\/schema.org","@graph":[{"@type":"WebPage","@id":"https:\/\/fizzyvape.eu\/fr\/produit\/fizzy-nova-plus-40000-bouffees-120pcs\/","url":"https:\/\/fizzyvape.eu\/fr\/produit\/fizzy-nova-plus-40000-bouffees-120pcs\/","name":"Fizzy Nova Plus 40000 bouff\u00e9es - 120pcs - fizzyvape.eu","isPartOf":{"@id":"https:\/\/www.fizzyvape.eu\/fr\/#website"},"primaryImageOfPage":{"@id":"https:\/\/fizzyvape.eu\/fr\/produit\/fizzy-nova-plus-40000-bouffees-120pcs\/#primaryimage"},"image":{"@id":"https:\/\/fizzyvape.eu\/fr\/produit\/fizzy-nova-plus-40000-bouffees-120pcs\/#primaryimage"},"thumbnailUrl":"https:\/\/fizzyvape.eu\/wp-content\/uploads\/2025\/04\/Fizzy-Nova-Plus-40000-Puffs-120pcs.webp","datePublished":"2025-04-21T03:21:12+00:00","dateModified":"2025-10-31T09:59:57+00:00","description":"120pcs Fizzy Nova Plus 40000 puffs jetable vape wholesale bundle ! Saveurs de premi\u00e8re qualit\u00e9, chargeur USB-C, remises en gros. Offre \u00e0 dur\u00e9e limit\u00e9e - commandez maintenant !","breadcrumb":{"@id":"https:\/\/fizzyvape.eu\/fr\/produit\/fizzy-nova-plus-40000-bouffees-120pcs\/#breadcrumb"},"inLanguage":"fr-FR","potentialAction":[{"@type":"ReadAction","target":["https:\/\/fizzyvape.eu\/fr\/produit\/fizzy-nova-plus-40000-bouffees-120pcs\/"]}]},{"@type":"ImageObject","inLanguage":"fr-FR","@id":"https:\/\/fizzyvape.eu\/fr\/produit\/fizzy-nova-plus-40000-bouffees-120pcs\/#primaryimage","url":"https:\/\/fizzyvape.eu\/wp-content\/uploads\/2025\/04\/Fizzy-Nova-Plus-40000-Puffs-120pcs.webp","contentUrl":"https:\/\/fizzyvape.eu\/wp-content\/uploads\/2025\/04\/Fizzy-Nova-Plus-40000-Puffs-120pcs.webp","width":800,"height":800,"caption":"Fizzy Nova Plus 40000 Puffs 120pcs"},{"@type":"BreadcrumbList","@id":"https:\/\/fizzyvape.eu\/fr\/produit\/fizzy-nova-plus-40000-bouffees-120pcs\/#breadcrumb","itemListElement":[{"@type":"ListItem","position":1,"name":"Home","item":"https:\/\/fizzyvape.eu\/fr\/"},{"@type":"ListItem","position":2,"name":"Boutique","item":"https:\/\/www.fizzyvape.eu\/fr\/boutique\/"},{"@type":"ListItem","position":3,"name":"Fizzy Nova Plus 40000 bouff\u00e9es &#8211; 120pcs"}]},{"@type":"WebSite","@id":"https:\/\/www.fizzyvape.eu\/fr\/#website","url":"https:\/\/www.fizzyvape.eu\/fr\/","name":"fizzyvape.eu","description":"Refreshing Vapes. Unforgettable Taste.","publisher":{"@id":"https:\/\/www.fizzyvape.eu\/fr\/#organization"},"potentialAction":[{"@type":"SearchAction","target":{"@type":"EntryPoint","urlTemplate":"https:\/\/www.fizzyvape.eu\/fr\/?s={search_term_string}"},"query-input":{"@type":"PropertyValueSpecification","valueRequired":true,"valueName":"search_term_string"}}],"inLanguage":"fr-FR"},{"@type":"Organization","@id":"https:\/\/www.fizzyvape.eu\/fr\/#organization","name":"fizzyvape.eu","url":"https:\/\/www.fizzyvape.eu\/fr\/","logo":{"@type":"ImageObject","inLanguage":"fr-FR","@id":"https:\/\/www.fizzyvape.eu\/fr\/#\/schema\/logo\/image\/","url":"https:\/\/fizzyvape.eu\/wp-content\/uploads\/2019\/06\/print-1.svg","contentUrl":"https:\/\/fizzyvape.eu\/wp-content\/uploads\/2019\/06\/print-1.svg","width":124,"height":37,"caption":"fizzyvape.eu"},"image":{"@id":"https:\/\/www.fizzyvape.eu\/fr\/#\/schema\/logo\/image\/"}}]},"og_availability":"out of stock","product_availability":"out of stock","product_condition":"new"},"tiered_pricing_type":"fixed","tiered_pricing_fixed_rules":[],"tiered_pricing_product_settings":{"layout":"default","base_unit_name":{"singular":null,"plural":null},"default_variation":null},"tiered_pricing_minimum_quantity":null,"tiered_pricing_roles_data":[],"tiered_pricing_percentage_rules":[],"tiered_pricing_maximum_quantity":null,"tiered_pricing_quantity_step":null,"_links":{"self":[{"href":"https:\/\/fizzyvape.eu\/fr\/wp-json\/wp\/v2\/product\/27955","targetHints":{"allow":["GET"]}}],"collection":[{"href":"https:\/\/fizzyvape.eu\/fr\/wp-json\/wp\/v2\/product"}],"about":[{"href":"https:\/\/fizzyvape.eu\/fr\/wp-json\/wp\/v2\/types\/product"}],"replies":[{"embeddable":true,"href":"https:\/\/fizzyvape.eu\/fr\/wp-json\/wp\/v2\/comments?post=27955"}],"version-history":[{"count":0,"href":"https:\/\/fizzyvape.eu\/fr\/wp-json\/wp\/v2\/product\/27955\/revisions"}],"wp:featuredmedia":[{"embeddable":true,"href":"https:\/\/fizzyvape.eu\/fr\/wp-json\/wp\/v2\/media\/30105"}],"wp:attachment":[{"href":"https:\/\/fizzyvape.eu\/fr\/wp-json\/wp\/v2\/media?parent=27955"}],"wp:term":[{"taxonomy":"product_brand","embeddable":true,"href":"https:\/\/fizzyvape.eu\/fr\/wp-json\/wp\/v2\/product_brand?post=27955"},{"taxonomy":"product_cat","embeddable":true,"href":"https:\/\/fizzyvape.eu\/fr\/wp-json\/wp\/v2\/product_cat?post=27955"},{"taxonomy":"product_tag","embeddable":true,"href":"https:\/\/fizzyvape.eu\/fr\/wp-json\/wp\/v2\/product_tag?post=27955"}],"curies":[{"name":"wp","href":"https:\/\/api.w.org\/{rel}","templated":true}]}}