{"id":32905,"date":"2025-06-09T13:55:03","date_gmt":"2025-06-09T05:55:03","guid":{"rendered":"https:\/\/fizzyvape.eu\/product\/fizzy-max-iii-6in1-60k-60000-puffs-rechargeable-disposable-vape-120pcs\/"},"modified":"2025-06-09T13:55:03","modified_gmt":"2025-06-09T05:55:03","slug":"fizzy-max-iii-6in1-60k-60000-puffs-rechargeable-disposable-vape-120pcs","status":"publish","type":"product","link":"https:\/\/fizzyvape.eu\/fr\/produit\/fizzy-max-iii-6in1-60k-60000-puffs-rechargeable-disposable-vape-120pcs\/","title":{"rendered":"Fizzy Max III 6in1 60K 60000 Puffs Rechargeable Disposable Vape &#8211; 120pcs"},"content":{"rendered":"<h1>Fizzy Max III 6in1 60K 60000 Puffs Rechargeable Disposable Vape Wholesale &#8211; 120pcs<\/h1>\n<h3>Un seul appareil. Six ar\u00f4mes. 60 000 bouff\u00e9es de vapeur de qualit\u00e9 sup\u00e9rieure.  <\/h3>\n<p>D\u00e9couvrez la commodit\u00e9 et la vari\u00e9t\u00e9 de la vape avec le <strong>Fizzy Max III 6in1<\/strong> &#8211; le leader de la vape jetable offrant <strong>jusqu&#8217;\u00e0 60 000 bouff\u00e9es \u00e0<\/strong> partir d&#8217;un seul appareil rechargeable. Con\u00e7u pour ceux qui recherchent la flexibilit\u00e9, la saveur et la performance, cet appareil est \u00e9quip\u00e9 d&#8217;un <strong>embout rotatif<\/strong> intelligent qui permet aux utilisateurs de passer instantan\u00e9ment et sans effort d&#8217;une <strong>saveur<\/strong> \u00e0 l&#8217;autre. <\/p>\n<p>Avec <strong>trois dosettes pr\u00e9-remplies de 20 ml \u00e0<\/strong> l&#8217;int\u00e9rieur (60 ml au total), cette vape tout-en-un combine un <strong>nombre maximal de bouff\u00e9es<\/strong>, une <strong>riche diversit\u00e9 de saveurs<\/strong> et une <strong>technologie de pointe<\/strong> dans un design \u00e9l\u00e9gant et facile \u00e0 transporter.<\/p>\n<h4><strong>  Modes d&#8217;ar\u00f4mes :<\/strong><\/h4>\n<ul>\n<li> <strong> Fraise Framboise (A)<\/strong> &#8211; fusion de baies sucr\u00e9es et acidul\u00e9es d\u00e9bordant de saveur<\/li>\n<li> <strong> Mangue P\u00eache (B)<\/strong> &#8211; Mangue tropicale juteuse associ\u00e9e \u00e0 la douceur d&#8217;une p\u00eache m\u00fbre.<\/li>\n<li> <strong> Myrtille Past\u00e8que (C)<\/strong> &#8211; La myrtille fra\u00eeche combin\u00e9e \u00e0 la past\u00e8que rafra\u00eechissante.<\/li>\n<\/ul>\n<h4><strong>  Modes d&#8217;ar\u00f4mes mixtes :<\/strong><\/h4>\n<ul>\n<li> <strong> Mix AB<\/strong> &#8211; Un d\u00e9licieux m\u00e9lange de fraise-framboise et de mangue-p\u00eache<\/li>\n<li> <strong> Mix BC<\/strong> &#8211; M\u00e9lange rafra\u00eechissant de mangue-p\u00eache et de myrtille-melon d&#8217;eau<\/li>\n<li> <strong> Mix CA<\/strong> &#8211; Fusion sucr\u00e9e et fra\u00eeche de myrtille-melon d&#8217;eau et de fraise-framboise<\/li>\n<\/ul>\n<p>Passez d&#8217;un ar\u00f4me \u00e0 l&#8217;autre sans effort en soulevant et en faisant tourner l&#8217;embout au cours de ce cycle d&#8217;ar\u00f4mes :<br \/>\n<strong>  A \u2192 Mix AB \u2192 B \u2192 Mix BC \u2192 C \u2192 Mix CA<\/strong><\/p>\n<p>Passez d&#8217;un ar\u00f4me \u00e0 l&#8217;autre en toute transparence par une simple rotation de l&#8217;embout buccal. Profitez de la commodit\u00e9 ultime du syst\u00e8me 6 en 1. Vous \u00eates curieux ? Regardez notre <a href=\"https:\/\/www.youtube.com\/watch?v=CoxB_HvaU3k\">vid\u00e9o de<\/a> d\u00e9monstration.   <\/p>\n<h3><strong>  Points forts du produit<\/strong><\/h3>\n<ul>\n<li><strong>60 000 bouff\u00e9es par appareil<\/strong><br \/>\nConstruit avec une capacit\u00e9 de longue dur\u00e9e pour r\u00e9duire les remplacements et offrir une satisfaction constante.<\/li>\n<li><strong>6 ar\u00f4mes dans 1 appareil<\/strong><br \/>\n 3<strong>ar\u00f4mes uniques<\/strong> et <strong>3<\/strong> modes d&#8217;<strong>ar\u00f4mes m\u00e9lang\u00e9s<\/strong> <\/li>\n<li><strong>Rechargeable et efficace<\/strong><br \/>\nAliment\u00e9 par une <strong>batterie de 850mAh<\/strong> avec <strong>charge rapide Type-C<\/strong>, offrant une utilisation soutenue et une commodit\u00e9 sans gaspillage.<\/li>\n<li><strong>\u00c9cran LED<\/strong><br \/>\nSurveillez l&#8217;autonomie de la batterie et le mode actuel \u00e0 l&#8217;aide d&#8217;un \u00e9cran int\u00e9gr\u00e9 clair : vous connaissez l \u00ab \u00e9tat de votre appareil d&#8217;un seul coup d \u00bb \u0153il.<\/li>\n<li><strong>Advanced Mesh Coil System<\/strong><br \/>\nProfitez d&#8217;une vapeur plus douce et plus compl\u00e8te \u00e0 chaque bouff\u00e9e, gr\u00e2ce \u00e0 des performances de chauffe am\u00e9lior\u00e9es.<\/li>\n<li><strong>Options de nicotine<\/strong><br \/>\nDisponible avec des <strong>taux de nicotine de 2 % et 5 %<\/strong>, pour les utilisateurs l\u00e9gers comme pour les gros consommateurs.<\/li>\n<li><strong>Modes de vaporisation polyvalents<\/strong><\/li>\n<li><strong>MTL (Mouth-to-Lung) :<\/strong> Tirage classique et serr\u00e9 pour un pur plaisir de d\u00e9gustation d&#8217;un seul ar\u00f4me<\/li>\n<li><strong>DL (Direct-Lung) :<\/strong> Des coups plus a\u00e9riens et audacieux pour une excitation de saveurs m\u00e9lang\u00e9es<\/li>\n<li><strong>Wholesale Ready<\/strong><br \/>\nPropos\u00e9 en <strong>vrac (120pcs<\/strong> ) pour les d\u00e9taillants et les revendeurs \u00e0 la recherche d&#8217;un produit tr\u00e8s performant, \u00e0 forte marge, avec un fort attrait pour le consommateur et une longue dur\u00e9e de conservation (2 ans).<\/li>\n<\/ul>\n<h3><strong>Fizzy Max III 6in1 60000 Puffs Disposable Vape Flavors List :<\/strong><\/h3>\n<ol>\n<li><a href=\"https:\/\/fizzyvape.eu\/fr\/produit\/fizzy-max-iii-6in1-60k-60000-puffs-rechargeable-disposable-vape-fraise-framboise-mangue-peche-myrtille-pasteque-10pcs\/\">Fraise Framboise &amp; Mangue P\u00eache &amp; Myrtille Past\u00e8que<\/a><\/li>\n<li><a href=\"https:\/\/fizzyvape.eu\/fr\/produit\/fizzy-max-iii-6in1-60k-60000-puffs-rechargeable-disposable-vape-mixed-berry-kiwi-passion-fruit-guava-strawberry-watermelon-10pcs\/\">Baies m\u00e9lang\u00e9es et kiwi Fruit de la passion Goyave et fraise Past\u00e8que<\/a><\/li>\n<li><a href=\"https:\/\/fizzyvape.eu\/fr\/produit\/fizzy-max-iii-6in1-60k-60000-puffs-rechargeable-disposable-vape-blueberry-raspberry-triple-melon-strawberry-ice-10pcs\/\">Glace myrtille framboise &amp; triple melon &amp; fraise<\/a><\/li>\n<li><a href=\"https:\/\/fizzyvape.eu\/fr\/produit\/fizzy-max-iii-6in1-60k-60000-puffs-rechargeable-disposable-vape-fraise-fruit-du-dragon-red-bull-framboise-pasteque-10pcs\/\">Fraise fruit du dragon &amp; Red Bull &amp; past\u00e8que framboise<\/a><\/li>\n<li><a href=\"https:\/\/fizzyvape.eu\/fr\/produit\/fizzy-max-iii-6in1-60k-60000-puffs-rechargeable-disposable-vape-fraise-kiwi-myrtille-glace-pasteque-glace-10pcs\/\">Glace fraise kiwi, glace myrtille et glace past\u00e8que<\/a><\/li>\n<li><a href=\"https:\/\/fizzyvape.eu\/fr\/produit\/fizzy-max-iii-6in1-60k-60000-bouffees-vape-jetable-rechargeable-blueberry-ice-fizzy-cherry-raspberry-lemon-10pcs\/\">Glace aux myrtilles, cerise p\u00e9tillante, framboise et citron<\/a><\/li>\n<li><a href=\"https:\/\/fizzyvape.eu\/fr\/produit\/fizzy-max-iii-6in1-60k-60000-puffs-rechargeable-disposable-vape-watermelon-ice-strawberry-vanilla-coke-mixed-berry-10pcs\/\">Glace \u00e0 la past\u00e8que et fraise Coca-Cola \u00e0 la vanille et m\u00e9langes<\/a><\/li>\n<li><a href=\"https:\/\/fizzyvape.eu\/fr\/produit\/fizzy-max-iii-6in1-60k-60000-puffs-rechargeable-disposable-vape-fraise-raisin-myrtille-noix-de-coco-peche-citron-10pcs\/\">Fraise Raisin &amp; Myrtille Noix de coco &amp; P\u00eache Citron<\/a><\/li>\n<li><a href=\"https:\/\/fizzyvape.eu\/fr\/produit\/fizzy-max-iii-6in1-60k-60000-puffs-rechargeable-disposable-vape-blue-razz-ice-strawberry-kiwi-sour-pineapple-orange-10pcs\/\">Blue Razz Ice &amp; Strawberry Kiwi &amp; Sour Pineapple Orange<\/a><\/li>\n<li><a href=\"https:\/\/fizzyvape.eu\/fr\/produit\/fizzy-max-iii-6in1-60k-60000-puffs-rechargeable-disposable-vape-fraise-pasteque-citron-vert-myrtille-noix-de-coco-10pcs\/\">Fraise-melon d&#8217;eau, citron-citron vert et myrtille-coco<\/a><\/li>\n<\/ol>\n<h3><strong>  Des modes de vapotage pour toutes les pr\u00e9f\u00e9rences<\/strong><\/h3>\n<p><strong>Mode mono-ar\u00f4me (MTL) :<\/strong><br \/>\nProfitez d&#8217;une aspiration douce, de la bouche aux poumons, qui imite l&#8217;inhalation classique d&#8217;une cigarette, parfaite pour savourer chaque ar\u00f4me distinct.<\/p>\n<p><strong>Mode Dual-Flavor Mix (DL) :<\/strong><br \/>\nVivez des coups audacieux et directs avec un d\u00e9bit d&#8217;air am\u00e9lior\u00e9, produisant une vapeur riche et des m\u00e9langes d&#8217;ar\u00f4mes vibrants.<\/p>\n<h3><strong>Pourquoi choisir Fizzy Max III 6in1 ?<\/strong><\/h3>\n<ul>\n<li>Changement d&#8217;ar\u00f4me sans effort gr\u00e2ce \u00e0 un embout rotatif innovant<\/li>\n<li>Performance longue dur\u00e9e avec jusqu&#8217;\u00e0 60 000 bouff\u00e9es par appareil<\/li>\n<li>Six saveurs d\u00e9licieuses combin\u00e9es dans un vaporisateur compact et rechargeable<\/li>\n<li>Exp\u00e9dition rapide et fiable depuis l&#8217;Europe, sans d\u00e9lai de douane<\/li>\n<\/ul>\n<h3><strong>  FAQ &#8211; Fizzy Max III 6in1 60K Vape jetable<\/strong><\/h3>\n<ul>\n<li><strong>Comment puis-je passer d&#8217;un parfum \u00e0 l&#8217;autre ?<\/strong><br \/>\nSoulevez et tournez l&#8217;embout pour faire d\u00e9filer six modes d&#8217;ar\u00f4mes : trois ar\u00f4mes uniques et trois m\u00e9langes.<\/li>\n<li><strong>Combien de bouff\u00e9es puis-je obtenir avec un seul appareil ?<\/strong><br \/>\nChaque appareil d\u00e9livre jusqu&#8217;\u00e0 60 000 bouff\u00e9es gr\u00e2ce \u00e0 sa grande capacit\u00e9 d&#8217;e-liquide de 60mL et \u00e0 sa batterie efficace.<\/li>\n<li><strong>L&#8217;appareil est-il rechargeable ?<\/strong><br \/>\nOui, il est dot\u00e9 d&#8217;une batterie rechargeable de 850mAh avec charge rapide Type-C.<\/li>\n<li><strong>Quels sont les taux de nicotine disponibles ?<\/strong><br \/>\nVous pouvez choisir entre des concentrations de nicotine de 2 % et 5 %.<\/li>\n<li><strong>L&#8217;appareil est-il dot\u00e9 d&#8217;un \u00e9cran ?<\/strong><br \/>\nOui, un \u00e9cran LED indique l&#8217;autonomie de la batterie et le mode d&#8217;ar\u00f4me actuel.<\/li>\n<\/ul>\n","protected":false},"excerpt":{"rendered":"<p>Faites l&#8217;exp\u00e9rience d&#8217;une vari\u00e9t\u00e9 de vapotage et d&#8217;une commodit\u00e9 in\u00e9gal\u00e9es avec un seul <strong>appareil rechargeable<\/strong> dot\u00e9 de <strong>six modes de saveur<\/strong>, d&#8217;une grande capacit\u00e9 d&#8217;<strong> e-liquide<\/strong> de<strong> 60mL<\/strong>, d&#8217;une <strong>charge<\/strong> rapide <strong>de type C<\/strong> et d&#8217;un \u00e9cran LED. Parfait pour une <strong>utilisation de longue dur\u00e9e<\/strong> et en <strong>gros<\/strong>. <\/p>\n","protected":false},"featured_media":32515,"comment_status":"open","ping_status":"closed","template":"","meta":{"iawp_total_views":0},"product_brand":[],"product_cat":[670],"product_tag":[],"class_list":{"0":"post-32905","1":"product","2":"type-product","3":"status-publish","4":"has-post-thumbnail","6":"product_cat-bulk-deals-2-fr","8":"first","9":"outofstock","10":"sale","11":"shipping-taxable","12":"purchasable","13":"product-type-variable"},"yoast_head":"<!-- This site is optimized with the Yoast SEO Premium plugin v24.8 (Yoast SEO v24.8) - https:\/\/yoast.com\/wordpress\/plugins\/seo\/ -->\n<title>Vape jetable en gros | Vape jetable rechargeable en vrac<\/title>\n<meta name=\"description\" content=\"Vente en gros de vapes rechargeables jetables avec jusqu&#039;\u00e0 60000 bouff\u00e9es et de multiples saveurs. Livraison rapide en UE et id\u00e9al pour les d\u00e9taillants.\" \/>\n<meta name=\"robots\" content=\"index, follow, max-snippet:-1, max-image-preview:large, max-video-preview:-1\" \/>\n<link rel=\"canonical\" href=\"https:\/\/fizzyvape.eu\/fr\/produit\/fizzy-max-iii-6in1-60k-60000-puffs-rechargeable-disposable-vape-120pcs\/\" \/>\n<meta property=\"og:locale\" content=\"fr_FR\" \/>\n<meta property=\"og:type\" content=\"article\" \/>\n<meta property=\"og:title\" content=\"Fizzy Max III 6in1 60K 60000 Puffs Rechargeable Disposable Vape - 120pcs\" \/>\n<meta property=\"og:description\" content=\"Vente en gros de vapes rechargeables jetables avec jusqu&#039;\u00e0 60000 bouff\u00e9es et de multiples saveurs. Livraison rapide en UE et id\u00e9al pour les d\u00e9taillants.\" \/>\n<meta property=\"og:url\" content=\"https:\/\/fizzyvape.eu\/fr\/produit\/fizzy-max-iii-6in1-60k-60000-puffs-rechargeable-disposable-vape-120pcs\/\" \/>\n<meta property=\"og:site_name\" content=\"fizzyvape.eu\" \/>\n<meta property=\"og:image\" content=\"https:\/\/fizzyvape.eu\/wp-content\/uploads\/2025\/06\/Fizzy-Max-60000-Puffs-120pcs.webp\" \/>\n\t<meta property=\"og:image:width\" content=\"800\" \/>\n\t<meta property=\"og:image:height\" content=\"800\" \/>\n\t<meta property=\"og:image:type\" content=\"image\/webp\" \/>\n<meta name=\"twitter:card\" content=\"summary_large_image\" \/>\n<meta name=\"twitter:label1\" content=\"Disponibilit\u00e9\" \/>\n\t<meta name=\"twitter:data1\" content=\"Rupture de stock\" \/>\n<script type=\"application\/ld+json\" class=\"yoast-schema-graph\">{\"@context\":\"https:\/\/schema.org\",\"@graph\":[{\"@type\":\"WebPage\",\"@id\":\"https:\/\/fizzyvape.eu\/fr\/produit\/fizzy-max-iii-6in1-60k-60000-puffs-rechargeable-disposable-vape-120pcs\/\",\"url\":\"https:\/\/fizzyvape.eu\/fr\/produit\/fizzy-max-iii-6in1-60k-60000-puffs-rechargeable-disposable-vape-120pcs\/\",\"name\":\"Vape jetable en gros | Vape jetable rechargeable en vrac\",\"isPartOf\":{\"@id\":\"https:\/\/www.fizzyvape.eu\/fr\/#website\"},\"primaryImageOfPage\":{\"@id\":\"https:\/\/fizzyvape.eu\/fr\/produit\/fizzy-max-iii-6in1-60k-60000-puffs-rechargeable-disposable-vape-120pcs\/#primaryimage\"},\"image\":{\"@id\":\"https:\/\/fizzyvape.eu\/fr\/produit\/fizzy-max-iii-6in1-60k-60000-puffs-rechargeable-disposable-vape-120pcs\/#primaryimage\"},\"thumbnailUrl\":\"https:\/\/fizzyvape.eu\/wp-content\/uploads\/2025\/06\/Fizzy-Max-60000-Puffs-120pcs.webp\",\"datePublished\":\"2025-06-09T05:55:03+00:00\",\"description\":\"Vente en gros de vapes rechargeables jetables avec jusqu'\u00e0 60000 bouff\u00e9es et de multiples saveurs. Livraison rapide en UE et id\u00e9al pour les d\u00e9taillants.\",\"breadcrumb\":{\"@id\":\"https:\/\/fizzyvape.eu\/fr\/produit\/fizzy-max-iii-6in1-60k-60000-puffs-rechargeable-disposable-vape-120pcs\/#breadcrumb\"},\"inLanguage\":\"fr-FR\",\"potentialAction\":[{\"@type\":\"ReadAction\",\"target\":[\"https:\/\/fizzyvape.eu\/fr\/produit\/fizzy-max-iii-6in1-60k-60000-puffs-rechargeable-disposable-vape-120pcs\/\"]}]},{\"@type\":\"ImageObject\",\"inLanguage\":\"fr-FR\",\"@id\":\"https:\/\/fizzyvape.eu\/fr\/produit\/fizzy-max-iii-6in1-60k-60000-puffs-rechargeable-disposable-vape-120pcs\/#primaryimage\",\"url\":\"https:\/\/fizzyvape.eu\/wp-content\/uploads\/2025\/06\/Fizzy-Max-60000-Puffs-120pcs.webp\",\"contentUrl\":\"https:\/\/fizzyvape.eu\/wp-content\/uploads\/2025\/06\/Fizzy-Max-60000-Puffs-120pcs.webp\",\"width\":800,\"height\":800},{\"@type\":\"BreadcrumbList\",\"@id\":\"https:\/\/fizzyvape.eu\/fr\/produit\/fizzy-max-iii-6in1-60k-60000-puffs-rechargeable-disposable-vape-120pcs\/#breadcrumb\",\"itemListElement\":[{\"@type\":\"ListItem\",\"position\":1,\"name\":\"Home\",\"item\":\"https:\/\/fizzyvape.eu\/fr\/\"},{\"@type\":\"ListItem\",\"position\":2,\"name\":\"Boutique\",\"item\":\"https:\/\/www.fizzyvape.eu\/fr\/boutique\/\"},{\"@type\":\"ListItem\",\"position\":3,\"name\":\"Fizzy Max III 6in1 60K 60000 Puffs Rechargeable Disposable Vape &#8211; 120pcs\"}]},{\"@type\":\"WebSite\",\"@id\":\"https:\/\/www.fizzyvape.eu\/fr\/#website\",\"url\":\"https:\/\/www.fizzyvape.eu\/fr\/\",\"name\":\"fizzyvape.eu\",\"description\":\"Refreshing Vapes. Unforgettable Taste.\",\"publisher\":{\"@id\":\"https:\/\/www.fizzyvape.eu\/fr\/#organization\"},\"potentialAction\":[{\"@type\":\"SearchAction\",\"target\":{\"@type\":\"EntryPoint\",\"urlTemplate\":\"https:\/\/www.fizzyvape.eu\/fr\/?s={search_term_string}\"},\"query-input\":{\"@type\":\"PropertyValueSpecification\",\"valueRequired\":true,\"valueName\":\"search_term_string\"}}],\"inLanguage\":\"fr-FR\"},{\"@type\":\"Organization\",\"@id\":\"https:\/\/www.fizzyvape.eu\/fr\/#organization\",\"name\":\"fizzyvape.eu\",\"url\":\"https:\/\/www.fizzyvape.eu\/fr\/\",\"logo\":{\"@type\":\"ImageObject\",\"inLanguage\":\"fr-FR\",\"@id\":\"https:\/\/www.fizzyvape.eu\/fr\/#\/schema\/logo\/image\/\",\"url\":\"https:\/\/fizzyvape.eu\/wp-content\/uploads\/2019\/06\/print-1.svg\",\"contentUrl\":\"https:\/\/fizzyvape.eu\/wp-content\/uploads\/2019\/06\/print-1.svg\",\"width\":124,\"height\":37,\"caption\":\"fizzyvape.eu\"},\"image\":{\"@id\":\"https:\/\/www.fizzyvape.eu\/fr\/#\/schema\/logo\/image\/\"}}]}<\/script>\n<meta property=\"og:availability\" content=\"out of stock\" \/>\n<meta property=\"product:availability\" content=\"out of stock\" \/>\n<meta property=\"product:condition\" content=\"new\" \/>\n<!-- \/ Yoast SEO Premium plugin. -->","yoast_head_json":{"title":"Vape jetable en gros | Vape jetable rechargeable en vrac","description":"Vente en gros de vapes rechargeables jetables avec jusqu'\u00e0 60000 bouff\u00e9es et de multiples saveurs. Livraison rapide en UE et id\u00e9al pour les d\u00e9taillants.","robots":{"index":"index","follow":"follow","max-snippet":"max-snippet:-1","max-image-preview":"max-image-preview:large","max-video-preview":"max-video-preview:-1"},"canonical":"https:\/\/fizzyvape.eu\/fr\/produit\/fizzy-max-iii-6in1-60k-60000-puffs-rechargeable-disposable-vape-120pcs\/","og_locale":"fr_FR","og_type":"article","og_title":"Fizzy Max III 6in1 60K 60000 Puffs Rechargeable Disposable Vape - 120pcs","og_description":"Vente en gros de vapes rechargeables jetables avec jusqu'\u00e0 60000 bouff\u00e9es et de multiples saveurs. Livraison rapide en UE et id\u00e9al pour les d\u00e9taillants.","og_url":"https:\/\/fizzyvape.eu\/fr\/produit\/fizzy-max-iii-6in1-60k-60000-puffs-rechargeable-disposable-vape-120pcs\/","og_site_name":"fizzyvape.eu","og_image":[{"width":800,"height":800,"url":"https:\/\/fizzyvape.eu\/wp-content\/uploads\/2025\/06\/Fizzy-Max-60000-Puffs-120pcs.webp","type":"image\/webp"}],"twitter_card":"summary_large_image","twitter_misc":{"Disponibilit\u00e9":"Rupture de stock"},"schema":{"@context":"https:\/\/schema.org","@graph":[{"@type":"WebPage","@id":"https:\/\/fizzyvape.eu\/fr\/produit\/fizzy-max-iii-6in1-60k-60000-puffs-rechargeable-disposable-vape-120pcs\/","url":"https:\/\/fizzyvape.eu\/fr\/produit\/fizzy-max-iii-6in1-60k-60000-puffs-rechargeable-disposable-vape-120pcs\/","name":"Vape jetable en gros | Vape jetable rechargeable en vrac","isPartOf":{"@id":"https:\/\/www.fizzyvape.eu\/fr\/#website"},"primaryImageOfPage":{"@id":"https:\/\/fizzyvape.eu\/fr\/produit\/fizzy-max-iii-6in1-60k-60000-puffs-rechargeable-disposable-vape-120pcs\/#primaryimage"},"image":{"@id":"https:\/\/fizzyvape.eu\/fr\/produit\/fizzy-max-iii-6in1-60k-60000-puffs-rechargeable-disposable-vape-120pcs\/#primaryimage"},"thumbnailUrl":"https:\/\/fizzyvape.eu\/wp-content\/uploads\/2025\/06\/Fizzy-Max-60000-Puffs-120pcs.webp","datePublished":"2025-06-09T05:55:03+00:00","description":"Vente en gros de vapes rechargeables jetables avec jusqu'\u00e0 60000 bouff\u00e9es et de multiples saveurs. Livraison rapide en UE et id\u00e9al pour les d\u00e9taillants.","breadcrumb":{"@id":"https:\/\/fizzyvape.eu\/fr\/produit\/fizzy-max-iii-6in1-60k-60000-puffs-rechargeable-disposable-vape-120pcs\/#breadcrumb"},"inLanguage":"fr-FR","potentialAction":[{"@type":"ReadAction","target":["https:\/\/fizzyvape.eu\/fr\/produit\/fizzy-max-iii-6in1-60k-60000-puffs-rechargeable-disposable-vape-120pcs\/"]}]},{"@type":"ImageObject","inLanguage":"fr-FR","@id":"https:\/\/fizzyvape.eu\/fr\/produit\/fizzy-max-iii-6in1-60k-60000-puffs-rechargeable-disposable-vape-120pcs\/#primaryimage","url":"https:\/\/fizzyvape.eu\/wp-content\/uploads\/2025\/06\/Fizzy-Max-60000-Puffs-120pcs.webp","contentUrl":"https:\/\/fizzyvape.eu\/wp-content\/uploads\/2025\/06\/Fizzy-Max-60000-Puffs-120pcs.webp","width":800,"height":800},{"@type":"BreadcrumbList","@id":"https:\/\/fizzyvape.eu\/fr\/produit\/fizzy-max-iii-6in1-60k-60000-puffs-rechargeable-disposable-vape-120pcs\/#breadcrumb","itemListElement":[{"@type":"ListItem","position":1,"name":"Home","item":"https:\/\/fizzyvape.eu\/fr\/"},{"@type":"ListItem","position":2,"name":"Boutique","item":"https:\/\/www.fizzyvape.eu\/fr\/boutique\/"},{"@type":"ListItem","position":3,"name":"Fizzy Max III 6in1 60K 60000 Puffs Rechargeable Disposable Vape &#8211; 120pcs"}]},{"@type":"WebSite","@id":"https:\/\/www.fizzyvape.eu\/fr\/#website","url":"https:\/\/www.fizzyvape.eu\/fr\/","name":"fizzyvape.eu","description":"Refreshing Vapes. Unforgettable Taste.","publisher":{"@id":"https:\/\/www.fizzyvape.eu\/fr\/#organization"},"potentialAction":[{"@type":"SearchAction","target":{"@type":"EntryPoint","urlTemplate":"https:\/\/www.fizzyvape.eu\/fr\/?s={search_term_string}"},"query-input":{"@type":"PropertyValueSpecification","valueRequired":true,"valueName":"search_term_string"}}],"inLanguage":"fr-FR"},{"@type":"Organization","@id":"https:\/\/www.fizzyvape.eu\/fr\/#organization","name":"fizzyvape.eu","url":"https:\/\/www.fizzyvape.eu\/fr\/","logo":{"@type":"ImageObject","inLanguage":"fr-FR","@id":"https:\/\/www.fizzyvape.eu\/fr\/#\/schema\/logo\/image\/","url":"https:\/\/fizzyvape.eu\/wp-content\/uploads\/2019\/06\/print-1.svg","contentUrl":"https:\/\/fizzyvape.eu\/wp-content\/uploads\/2019\/06\/print-1.svg","width":124,"height":37,"caption":"fizzyvape.eu"},"image":{"@id":"https:\/\/www.fizzyvape.eu\/fr\/#\/schema\/logo\/image\/"}}]},"og_availability":"out of stock","product_availability":"out of stock","product_condition":"new"},"tiered_pricing_type":"fixed","tiered_pricing_fixed_rules":[],"tiered_pricing_product_settings":{"layout":"default","base_unit_name":{"singular":null,"plural":null},"default_variation":null},"tiered_pricing_minimum_quantity":null,"tiered_pricing_roles_data":[],"tiered_pricing_percentage_rules":[],"tiered_pricing_maximum_quantity":null,"tiered_pricing_quantity_step":null,"_links":{"self":[{"href":"https:\/\/fizzyvape.eu\/fr\/wp-json\/wp\/v2\/product\/32905","targetHints":{"allow":["GET"]}}],"collection":[{"href":"https:\/\/fizzyvape.eu\/fr\/wp-json\/wp\/v2\/product"}],"about":[{"href":"https:\/\/fizzyvape.eu\/fr\/wp-json\/wp\/v2\/types\/product"}],"replies":[{"embeddable":true,"href":"https:\/\/fizzyvape.eu\/fr\/wp-json\/wp\/v2\/comments?post=32905"}],"version-history":[{"count":0,"href":"https:\/\/fizzyvape.eu\/fr\/wp-json\/wp\/v2\/product\/32905\/revisions"}],"wp:featuredmedia":[{"embeddable":true,"href":"https:\/\/fizzyvape.eu\/fr\/wp-json\/wp\/v2\/media\/32515"}],"wp:attachment":[{"href":"https:\/\/fizzyvape.eu\/fr\/wp-json\/wp\/v2\/media?parent=32905"}],"wp:term":[{"taxonomy":"product_brand","embeddable":true,"href":"https:\/\/fizzyvape.eu\/fr\/wp-json\/wp\/v2\/product_brand?post=32905"},{"taxonomy":"product_cat","embeddable":true,"href":"https:\/\/fizzyvape.eu\/fr\/wp-json\/wp\/v2\/product_cat?post=32905"},{"taxonomy":"product_tag","embeddable":true,"href":"https:\/\/fizzyvape.eu\/fr\/wp-json\/wp\/v2\/product_tag?post=32905"}],"curies":[{"name":"wp","href":"https:\/\/api.w.org\/{rel}","templated":true}]}}