{"id":32974,"date":"2025-06-11T10:33:33","date_gmt":"2025-06-11T02:33:33","guid":{"rendered":"https:\/\/fizzyvape.eu\/product\/fizzy-max-iii-6in1-60k-60000-puffs-rechargeable-disposable-vape-fraise-fruit-du-dragon-red-bull-framboise-pasteque-10pcs\/"},"modified":"2025-06-11T10:33:33","modified_gmt":"2025-06-11T02:33:33","slug":"fizzy-max-iii-6in1-60k-60000-puffs-rechargeable-disposable-vape-fraise-fruit-du-dragon-red-bull-framboise-pasteque-10pcs","status":"publish","type":"product","link":"https:\/\/fizzyvape.eu\/fr\/produit\/fizzy-max-iii-6in1-60k-60000-puffs-rechargeable-disposable-vape-fraise-fruit-du-dragon-red-bull-framboise-pasteque-10pcs\/","title":{"rendered":"Fizzy Max III 6in1 60K 60000 Puffs Rechargeable Disposable Vape &#8211; Fraise Fruit du Dragon &amp; Red Bull &amp; Framboise Past\u00e8que &#8211; 10pcs"},"content":{"rendered":"<p><img decoding=\"async\" class=\"aligncenter\" src=\"https:\/\/fizzyvape.eu\/wp-content\/uploads\/2025\/06\/Fizzy-Max-III-6in1-60K-60000-Puffs-7-1.webp\" alt=\"Fizzy Max III 60000 Puffs 6in1 Vape jetable (7)\"><\/p>\n<h2>Fizzy Max III 6in1 60K 60000 Puffs Rechargeable Disposable Vape &#8211; Fraise Fruit du Dragon &amp; Red Bull &amp; Framboise Past\u00e8que &#8211; 10pcs<\/h2>\n<h3><strong>6 saveurs. 1 appareil. 60 000 bouff\u00e9es.  <\/strong><\/h3>\n<p>D\u00e9couvrez un nouveau niveau de vapotage avec le <strong>Fizzy Max III 6in1<\/strong>, un vaporisateur rechargeable jetable d\u00e9livrant jusqu&#8217;\u00e0 <strong>60 000 bouff\u00e9es<\/strong> \u00e0 partir de trois dosettes pr\u00e9-remplies de 20 ml. Avec la <strong>fraise fruit du dragon, le Red Bull et la framboise melon d&#8217;eau<\/strong>, ainsi que trois modes de m\u00e9lange excitants, cet appareil offre <strong>six saveurs distinctes dans un<\/strong> design \u00e9l\u00e9gant. <\/p>\n<h4><strong>Modes d&#8217;ar\u00f4mes :<\/strong><\/h4>\n<ul>\n<li><strong>Fruit du dragon \u00e0 la fraise (A)<\/strong><\/li>\n<li><strong>Red Bull (B)<\/strong><\/li>\n<li><strong>Framboise Past\u00e8que (C)<\/strong><\/li>\n<\/ul>\n<h4><strong>Modes de m\u00e9lange :<\/strong><\/h4>\n<ul>\n<li><strong>Mix AB<\/strong> &#8211; Energie tropicale \u00e0 la fraise avec une touche p\u00e9tillante<\/li>\n<li><strong>Mix BC<\/strong> &#8211; Une fusion \u00e9lectrique de Red Bull et de past\u00e8que-framboise<\/li>\n<li><strong>Mix CA<\/strong> &#8211; Baies exotiques et melon aux accents de fruits tropicaux<\/li>\n<\/ul>\n<p><strong>Tournez l&#8217;embout<\/strong> pour changer d&#8217;ar\u00f4me dans ce cycle continu :<br \/>\n<strong>A \u2192 Mix AB \u2192 B \u2192 Mix BC \u2192 C \u2192 Mix CA<\/strong><\/p>\n<p>Passez d&#8217;un ar\u00f4me \u00e0 l&#8217;autre en toute transparence par une simple rotation de l&#8217;embout buccal. Profitez de la commodit\u00e9 ultime du syst\u00e8me 6 en 1. Vous \u00eates curieux ? Regardez notre <a href=\"https:\/\/www.youtube.com\/watch?v=CoxB_HvaU3k\">vid\u00e9o de<\/a> d\u00e9monstration.   <\/p>\n<h3><strong>Points forts du produit<\/strong><\/h3>\n<ul>\n<li><strong>Jusqu&#8217;\u00e0 60 000 bouff\u00e9es<\/strong> pour une utilisation durable<\/li>\n<li><strong>Syst\u00e8me d&#8217;ar\u00f4mes 6 en 1 :<\/strong> 3 singles + 3 m\u00e9langes<\/li>\n<li><strong>60 ml d&#8217;e-liquide au total<\/strong> (3 dosettes de 20 ml)<\/li>\n<li><strong>Options d&#8217;intensit\u00e9 de la nicotine :<\/strong> 2 % ou 5 %.<\/li>\n<li><strong>Batterie rechargeable de 850mAh<\/strong> avec charge rapide Type-C<\/li>\n<li><strong>Bobine en maille<\/strong> pour une vapeur douce et riche<\/li>\n<li>L&#8217;<strong>\u00e9cran LED<\/strong> indique la batterie et le mode d&#8217;ar\u00f4me<\/li>\n<li><strong>Dur\u00e9e de conservation :<\/strong> 2 ans<\/li>\n<\/ul>\n<h3><strong>Fizzy Max III 6in1 60000 Puffs Disposable Vape Flavors List :<\/strong><\/h3>\n<ol>\n<li><a href=\"https:\/\/fizzyvape.eu\/fr\/produit\/fizzy-max-iii-6in1-60k-60000-puffs-rechargeable-disposable-vape-fraise-framboise-mangue-peche-myrtille-pasteque-10pcs\/\">Fraise Framboise &amp; Mangue P\u00eache &amp; Myrtille Past\u00e8que<\/a><\/li>\n<li><a href=\"https:\/\/fizzyvape.eu\/fr\/produit\/fizzy-max-iii-6in1-60k-60000-puffs-rechargeable-disposable-vape-mixed-berry-kiwi-passion-fruit-guava-strawberry-watermelon-10pcs\/\">Baies m\u00e9lang\u00e9es et kiwi Fruit de la passion Goyave et fraise Past\u00e8que<\/a><\/li>\n<li><a href=\"https:\/\/fizzyvape.eu\/fr\/produit\/fizzy-max-iii-6in1-60k-60000-puffs-rechargeable-disposable-vape-blueberry-raspberry-triple-melon-strawberry-ice-10pcs\/\">Glace myrtille framboise &amp; triple melon &amp; fraise<\/a><\/li>\n<li><a href=\"https:\/\/fizzyvape.eu\/fr\/produit\/fizzy-max-iii-6in1-60k-60000-puffs-rechargeable-disposable-vape-fraise-fruit-du-dragon-red-bull-framboise-pasteque-10pcs\/\">Fraise fruit du dragon &amp; Red Bull &amp; past\u00e8que framboise<\/a><\/li>\n<li><a href=\"https:\/\/fizzyvape.eu\/fr\/produit\/fizzy-max-iii-6in1-60k-60000-puffs-rechargeable-disposable-vape-fraise-kiwi-myrtille-glace-pasteque-glace-10pcs\/\">Glace fraise kiwi, glace myrtille et glace past\u00e8que<\/a><\/li>\n<li><a href=\"https:\/\/fizzyvape.eu\/fr\/produit\/fizzy-max-iii-6in1-60k-60000-bouffees-vape-jetable-rechargeable-blueberry-ice-fizzy-cherry-raspberry-lemon-10pcs\/\">Glace aux myrtilles, cerise p\u00e9tillante, framboise et citron<\/a><\/li>\n<li><a href=\"https:\/\/fizzyvape.eu\/fr\/produit\/fizzy-max-iii-6in1-60k-60000-puffs-rechargeable-disposable-vape-watermelon-ice-strawberry-vanilla-coke-mixed-berry-10pcs\/\">Glace \u00e0 la past\u00e8que et fraise Coca-Cola \u00e0 la vanille et m\u00e9langes<\/a><\/li>\n<li><a href=\"https:\/\/fizzyvape.eu\/fr\/produit\/fizzy-max-iii-6in1-60k-60000-puffs-rechargeable-disposable-vape-fraise-raisin-myrtille-noix-de-coco-peche-citron-10pcs\/\">Fraise Raisin &amp; Myrtille Noix de coco &amp; P\u00eache Citron<\/a><\/li>\n<li><a href=\"https:\/\/fizzyvape.eu\/fr\/produit\/fizzy-max-iii-6in1-60k-60000-puffs-rechargeable-disposable-vape-blue-razz-ice-strawberry-kiwi-sour-pineapple-orange-10pcs\/\">Blue Razz Ice &amp; Strawberry Kiwi &amp; Sour Pineapple Orange<\/a><\/li>\n<li><a href=\"https:\/\/fizzyvape.eu\/fr\/produit\/fizzy-max-iii-6in1-60k-60000-puffs-rechargeable-disposable-vape-fraise-pasteque-citron-vert-myrtille-noix-de-coco-10pcs\/\">Fraise-melon d&#8217;eau, citron-citron vert et myrtille-coco<\/a><\/li>\n<\/ol>\n<h3><strong>Des modes de vapotage pour toutes les pr\u00e9f\u00e9rences<\/strong><\/h3>\n<ul>\n<li><strong>Mode mono-ar\u00f4me (MTL) :<\/strong> aspiration douce de la bouche vers les poumons pour une saveur riche.<\/li>\n<li><strong>Mode m\u00e9lange double saveur (DL) :<\/strong> Flux d&#8217;air am\u00e9lior\u00e9 pour des nuages audacieux en poumon direct<\/li>\n<\/ul>\n<h3><strong>Pourquoi choisir Fizzy Max III 6in1 ?<\/strong><\/h3>\n<ul>\n<li>Six parfums dans un seul appareil, pas besoin de changer de dosette<\/li>\n<li>Longue dur\u00e9e de vie de la batterie pour un vapotage ininterrompu<\/li>\n<li>Des combinaisons de saveurs uniques<\/li>\n<li>Exp\u00e9dition rapide en Europe sans d\u00e9lai de douane<\/li>\n<\/ul>\n<h3><strong>FAQ &#8211; Fizzy Max III 6in1 60K Vape jetable<\/strong><\/h3>\n<ul>\n<li><strong>Comment changer d&#8217;ar\u00f4me ?<\/strong><br \/>\nIl suffit de soulever et de tourner l&#8217;embout pour passer d&#8217;un mode \u00e0 l&#8217;autre.<\/li>\n<li><strong>Combien de bouff\u00e9es fournit-il ?<\/strong><br \/>\nJusqu&#8217;\u00e0 <strong>60 000 bouff\u00e9es<\/strong> gr\u00e2ce \u00e0 sa grande capacit\u00e9 d&#8217;e-liquide et \u00e0 sa batterie rechargeable.<\/li>\n<li><strong>Prend-il en charge le vapotage MTL et DL ?<\/strong><br \/>\nOui, utilisez le mode Single-Flavor pour la MTL et le mode Mix pour la DL.<\/li>\n<li data-is-last-node=\"\">\n<p data-is-last-node=\"\"><strong>Est-il rechargeable ?<\/strong><br \/>\nOui, il est dot\u00e9 d&#8217;une <strong>batterie rechargeable de 850mAh<\/strong> avec charge rapide Type-C.<\/p>\n<\/li>\n<\/ul>\n","protected":false},"excerpt":{"rendered":"<p>Fizzy Max III 6in1 est une vape rechargeable jetable avec six saveurs dans un seul appareil. Il dispose d&#8217;une grande capacit\u00e9 d&#8217;e-liquide de 60mL, d&#8217;une batterie de 850mAh avec charge rapide Type-C, et d&#8217;un indicateur de batterie LED. Disponible en 2% et 5% de nicotine, il d\u00e9livre jusqu&#8217;\u00e0 60 000 bouff\u00e9es.  <\/p>\n","protected":false},"featured_media":32434,"comment_status":"open","ping_status":"closed","template":"","meta":{"iawp_total_views":1},"product_brand":[],"product_cat":[593],"product_tag":[597,594,596,595],"class_list":{"0":"post-32974","1":"product","2":"type-product","3":"status-publish","4":"has-post-thumbnail","6":"product_cat-max-iii-6in1-60k-60000-puffs-rechargeable-disposable-vape-fr","7":"product_tag-6-aromes-en-1-appareil","8":"product_tag-60000-bouffees","9":"product_tag-rechargeable-fr","10":"product_tag-vape-a-usage-unique","12":"first","13":"outofstock","14":"sale","15":"shipping-taxable","16":"purchasable","17":"product-type-variable"},"yoast_head":"<!-- This site is optimized with the Yoast SEO Premium plugin v24.8 (Yoast SEO v24.8) - https:\/\/yoast.com\/wordpress\/plugins\/seo\/ -->\n<title>Vape jetable avanc\u00e9e avec 60k 60000 bouff\u00e9es - Fizzy Vape<\/title>\n<meta name=\"description\" content=\"D\u00e9couvrez le Fizzy Max III : une vape jetable avanc\u00e9e avec 60 000 bouff\u00e9es, 6 saveurs en 1, une batterie rechargeable et une grande capacit\u00e9 d&#039;e-liquide.\" \/>\n<meta name=\"robots\" content=\"index, follow, max-snippet:-1, max-image-preview:large, max-video-preview:-1\" \/>\n<link rel=\"canonical\" href=\"https:\/\/fizzyvape.eu\/fr\/produit\/fizzy-max-iii-6in1-60k-60000-puffs-rechargeable-disposable-vape-fraise-fruit-du-dragon-red-bull-framboise-pasteque-10pcs\/\" \/>\n<meta property=\"og:locale\" content=\"fr_FR\" \/>\n<meta property=\"og:type\" content=\"article\" \/>\n<meta property=\"og:title\" content=\"Fizzy Max III 6in1 60K 60000 Puffs Rechargeable Disposable Vape - Fraise Fruit du Dragon &amp; Red Bull &amp; Framboise Past\u00e8que - 10pcs\" \/>\n<meta property=\"og:description\" content=\"D\u00e9couvrez le Fizzy Max III : une vape jetable avanc\u00e9e avec 60 000 bouff\u00e9es, 6 saveurs en 1, une batterie rechargeable et une grande capacit\u00e9 d&#039;e-liquide.\" \/>\n<meta property=\"og:url\" content=\"https:\/\/fizzyvape.eu\/fr\/produit\/fizzy-max-iii-6in1-60k-60000-puffs-rechargeable-disposable-vape-fraise-fruit-du-dragon-red-bull-framboise-pasteque-10pcs\/\" \/>\n<meta property=\"og:site_name\" content=\"fizzyvape.eu\" \/>\n<meta property=\"og:image\" content=\"https:\/\/fizzyvape.eu\/wp-content\/uploads\/2025\/06\/Fizzy-Max-60000-Puffs-04.webp\" \/>\n\t<meta property=\"og:image:width\" content=\"800\" \/>\n\t<meta property=\"og:image:height\" content=\"800\" \/>\n\t<meta property=\"og:image:type\" content=\"image\/webp\" \/>\n<meta name=\"twitter:card\" content=\"summary_large_image\" \/>\n<meta name=\"twitter:label1\" content=\"Disponibilit\u00e9\" \/>\n\t<meta name=\"twitter:data1\" content=\"Rupture de stock\" \/>\n<script type=\"application\/ld+json\" class=\"yoast-schema-graph\">{\"@context\":\"https:\/\/schema.org\",\"@graph\":[{\"@type\":\"WebPage\",\"@id\":\"https:\/\/fizzyvape.eu\/fr\/produit\/fizzy-max-iii-6in1-60k-60000-puffs-rechargeable-disposable-vape-fraise-fruit-du-dragon-red-bull-framboise-pasteque-10pcs\/\",\"url\":\"https:\/\/fizzyvape.eu\/fr\/produit\/fizzy-max-iii-6in1-60k-60000-puffs-rechargeable-disposable-vape-fraise-fruit-du-dragon-red-bull-framboise-pasteque-10pcs\/\",\"name\":\"Vape jetable avanc\u00e9e avec 60k 60000 bouff\u00e9es - Fizzy Vape\",\"isPartOf\":{\"@id\":\"https:\/\/www.fizzyvape.eu\/fr\/#website\"},\"primaryImageOfPage\":{\"@id\":\"https:\/\/fizzyvape.eu\/fr\/produit\/fizzy-max-iii-6in1-60k-60000-puffs-rechargeable-disposable-vape-fraise-fruit-du-dragon-red-bull-framboise-pasteque-10pcs\/#primaryimage\"},\"image\":{\"@id\":\"https:\/\/fizzyvape.eu\/fr\/produit\/fizzy-max-iii-6in1-60k-60000-puffs-rechargeable-disposable-vape-fraise-fruit-du-dragon-red-bull-framboise-pasteque-10pcs\/#primaryimage\"},\"thumbnailUrl\":\"https:\/\/fizzyvape.eu\/wp-content\/uploads\/2025\/06\/Fizzy-Max-60000-Puffs-04.webp\",\"datePublished\":\"2025-06-11T02:33:33+00:00\",\"description\":\"D\u00e9couvrez le Fizzy Max III : une vape jetable avanc\u00e9e avec 60 000 bouff\u00e9es, 6 saveurs en 1, une batterie rechargeable et une grande capacit\u00e9 d'e-liquide.\",\"breadcrumb\":{\"@id\":\"https:\/\/fizzyvape.eu\/fr\/produit\/fizzy-max-iii-6in1-60k-60000-puffs-rechargeable-disposable-vape-fraise-fruit-du-dragon-red-bull-framboise-pasteque-10pcs\/#breadcrumb\"},\"inLanguage\":\"fr-FR\",\"potentialAction\":[{\"@type\":\"ReadAction\",\"target\":[\"https:\/\/fizzyvape.eu\/fr\/produit\/fizzy-max-iii-6in1-60k-60000-puffs-rechargeable-disposable-vape-fraise-fruit-du-dragon-red-bull-framboise-pasteque-10pcs\/\"]}]},{\"@type\":\"ImageObject\",\"inLanguage\":\"fr-FR\",\"@id\":\"https:\/\/fizzyvape.eu\/fr\/produit\/fizzy-max-iii-6in1-60k-60000-puffs-rechargeable-disposable-vape-fraise-fruit-du-dragon-red-bull-framboise-pasteque-10pcs\/#primaryimage\",\"url\":\"https:\/\/fizzyvape.eu\/wp-content\/uploads\/2025\/06\/Fizzy-Max-60000-Puffs-04.webp\",\"contentUrl\":\"https:\/\/fizzyvape.eu\/wp-content\/uploads\/2025\/06\/Fizzy-Max-60000-Puffs-04.webp\",\"width\":800,\"height\":800},{\"@type\":\"BreadcrumbList\",\"@id\":\"https:\/\/fizzyvape.eu\/fr\/produit\/fizzy-max-iii-6in1-60k-60000-puffs-rechargeable-disposable-vape-fraise-fruit-du-dragon-red-bull-framboise-pasteque-10pcs\/#breadcrumb\",\"itemListElement\":[{\"@type\":\"ListItem\",\"position\":1,\"name\":\"Home\",\"item\":\"https:\/\/fizzyvape.eu\/fr\/\"},{\"@type\":\"ListItem\",\"position\":2,\"name\":\"Boutique\",\"item\":\"https:\/\/www.fizzyvape.eu\/fr\/boutique\/\"},{\"@type\":\"ListItem\",\"position\":3,\"name\":\"Fizzy Max III 6in1 60K 60000 Puffs Rechargeable Disposable Vape &#8211; Fraise Fruit du Dragon &amp; Red Bull &amp; Framboise Past\u00e8que &#8211; 10pcs\"}]},{\"@type\":\"WebSite\",\"@id\":\"https:\/\/www.fizzyvape.eu\/fr\/#website\",\"url\":\"https:\/\/www.fizzyvape.eu\/fr\/\",\"name\":\"fizzyvape.eu\",\"description\":\"Refreshing Vapes. Unforgettable Taste.\",\"publisher\":{\"@id\":\"https:\/\/www.fizzyvape.eu\/fr\/#organization\"},\"potentialAction\":[{\"@type\":\"SearchAction\",\"target\":{\"@type\":\"EntryPoint\",\"urlTemplate\":\"https:\/\/www.fizzyvape.eu\/fr\/?s={search_term_string}\"},\"query-input\":{\"@type\":\"PropertyValueSpecification\",\"valueRequired\":true,\"valueName\":\"search_term_string\"}}],\"inLanguage\":\"fr-FR\"},{\"@type\":\"Organization\",\"@id\":\"https:\/\/www.fizzyvape.eu\/fr\/#organization\",\"name\":\"fizzyvape.eu\",\"url\":\"https:\/\/www.fizzyvape.eu\/fr\/\",\"logo\":{\"@type\":\"ImageObject\",\"inLanguage\":\"fr-FR\",\"@id\":\"https:\/\/www.fizzyvape.eu\/fr\/#\/schema\/logo\/image\/\",\"url\":\"https:\/\/fizzyvape.eu\/wp-content\/uploads\/2019\/06\/print-1.svg\",\"contentUrl\":\"https:\/\/fizzyvape.eu\/wp-content\/uploads\/2019\/06\/print-1.svg\",\"width\":124,\"height\":37,\"caption\":\"fizzyvape.eu\"},\"image\":{\"@id\":\"https:\/\/www.fizzyvape.eu\/fr\/#\/schema\/logo\/image\/\"}}]}<\/script>\n<meta property=\"og:availability\" content=\"out of stock\" \/>\n<meta property=\"product:availability\" content=\"out of stock\" \/>\n<meta property=\"product:condition\" content=\"new\" \/>\n<!-- \/ Yoast SEO Premium plugin. -->","yoast_head_json":{"title":"Vape jetable avanc\u00e9e avec 60k 60000 bouff\u00e9es - Fizzy Vape","description":"D\u00e9couvrez le Fizzy Max III : une vape jetable avanc\u00e9e avec 60 000 bouff\u00e9es, 6 saveurs en 1, une batterie rechargeable et une grande capacit\u00e9 d'e-liquide.","robots":{"index":"index","follow":"follow","max-snippet":"max-snippet:-1","max-image-preview":"max-image-preview:large","max-video-preview":"max-video-preview:-1"},"canonical":"https:\/\/fizzyvape.eu\/fr\/produit\/fizzy-max-iii-6in1-60k-60000-puffs-rechargeable-disposable-vape-fraise-fruit-du-dragon-red-bull-framboise-pasteque-10pcs\/","og_locale":"fr_FR","og_type":"article","og_title":"Fizzy Max III 6in1 60K 60000 Puffs Rechargeable Disposable Vape - Fraise Fruit du Dragon &amp; Red Bull &amp; Framboise Past\u00e8que - 10pcs","og_description":"D\u00e9couvrez le Fizzy Max III : une vape jetable avanc\u00e9e avec 60 000 bouff\u00e9es, 6 saveurs en 1, une batterie rechargeable et une grande capacit\u00e9 d'e-liquide.","og_url":"https:\/\/fizzyvape.eu\/fr\/produit\/fizzy-max-iii-6in1-60k-60000-puffs-rechargeable-disposable-vape-fraise-fruit-du-dragon-red-bull-framboise-pasteque-10pcs\/","og_site_name":"fizzyvape.eu","og_image":[{"width":800,"height":800,"url":"https:\/\/fizzyvape.eu\/wp-content\/uploads\/2025\/06\/Fizzy-Max-60000-Puffs-04.webp","type":"image\/webp"}],"twitter_card":"summary_large_image","twitter_misc":{"Disponibilit\u00e9":"Rupture de stock"},"schema":{"@context":"https:\/\/schema.org","@graph":[{"@type":"WebPage","@id":"https:\/\/fizzyvape.eu\/fr\/produit\/fizzy-max-iii-6in1-60k-60000-puffs-rechargeable-disposable-vape-fraise-fruit-du-dragon-red-bull-framboise-pasteque-10pcs\/","url":"https:\/\/fizzyvape.eu\/fr\/produit\/fizzy-max-iii-6in1-60k-60000-puffs-rechargeable-disposable-vape-fraise-fruit-du-dragon-red-bull-framboise-pasteque-10pcs\/","name":"Vape jetable avanc\u00e9e avec 60k 60000 bouff\u00e9es - Fizzy Vape","isPartOf":{"@id":"https:\/\/www.fizzyvape.eu\/fr\/#website"},"primaryImageOfPage":{"@id":"https:\/\/fizzyvape.eu\/fr\/produit\/fizzy-max-iii-6in1-60k-60000-puffs-rechargeable-disposable-vape-fraise-fruit-du-dragon-red-bull-framboise-pasteque-10pcs\/#primaryimage"},"image":{"@id":"https:\/\/fizzyvape.eu\/fr\/produit\/fizzy-max-iii-6in1-60k-60000-puffs-rechargeable-disposable-vape-fraise-fruit-du-dragon-red-bull-framboise-pasteque-10pcs\/#primaryimage"},"thumbnailUrl":"https:\/\/fizzyvape.eu\/wp-content\/uploads\/2025\/06\/Fizzy-Max-60000-Puffs-04.webp","datePublished":"2025-06-11T02:33:33+00:00","description":"D\u00e9couvrez le Fizzy Max III : une vape jetable avanc\u00e9e avec 60 000 bouff\u00e9es, 6 saveurs en 1, une batterie rechargeable et une grande capacit\u00e9 d'e-liquide.","breadcrumb":{"@id":"https:\/\/fizzyvape.eu\/fr\/produit\/fizzy-max-iii-6in1-60k-60000-puffs-rechargeable-disposable-vape-fraise-fruit-du-dragon-red-bull-framboise-pasteque-10pcs\/#breadcrumb"},"inLanguage":"fr-FR","potentialAction":[{"@type":"ReadAction","target":["https:\/\/fizzyvape.eu\/fr\/produit\/fizzy-max-iii-6in1-60k-60000-puffs-rechargeable-disposable-vape-fraise-fruit-du-dragon-red-bull-framboise-pasteque-10pcs\/"]}]},{"@type":"ImageObject","inLanguage":"fr-FR","@id":"https:\/\/fizzyvape.eu\/fr\/produit\/fizzy-max-iii-6in1-60k-60000-puffs-rechargeable-disposable-vape-fraise-fruit-du-dragon-red-bull-framboise-pasteque-10pcs\/#primaryimage","url":"https:\/\/fizzyvape.eu\/wp-content\/uploads\/2025\/06\/Fizzy-Max-60000-Puffs-04.webp","contentUrl":"https:\/\/fizzyvape.eu\/wp-content\/uploads\/2025\/06\/Fizzy-Max-60000-Puffs-04.webp","width":800,"height":800},{"@type":"BreadcrumbList","@id":"https:\/\/fizzyvape.eu\/fr\/produit\/fizzy-max-iii-6in1-60k-60000-puffs-rechargeable-disposable-vape-fraise-fruit-du-dragon-red-bull-framboise-pasteque-10pcs\/#breadcrumb","itemListElement":[{"@type":"ListItem","position":1,"name":"Home","item":"https:\/\/fizzyvape.eu\/fr\/"},{"@type":"ListItem","position":2,"name":"Boutique","item":"https:\/\/www.fizzyvape.eu\/fr\/boutique\/"},{"@type":"ListItem","position":3,"name":"Fizzy Max III 6in1 60K 60000 Puffs Rechargeable Disposable Vape &#8211; Fraise Fruit du Dragon &amp; Red Bull &amp; Framboise Past\u00e8que &#8211; 10pcs"}]},{"@type":"WebSite","@id":"https:\/\/www.fizzyvape.eu\/fr\/#website","url":"https:\/\/www.fizzyvape.eu\/fr\/","name":"fizzyvape.eu","description":"Refreshing Vapes. Unforgettable Taste.","publisher":{"@id":"https:\/\/www.fizzyvape.eu\/fr\/#organization"},"potentialAction":[{"@type":"SearchAction","target":{"@type":"EntryPoint","urlTemplate":"https:\/\/www.fizzyvape.eu\/fr\/?s={search_term_string}"},"query-input":{"@type":"PropertyValueSpecification","valueRequired":true,"valueName":"search_term_string"}}],"inLanguage":"fr-FR"},{"@type":"Organization","@id":"https:\/\/www.fizzyvape.eu\/fr\/#organization","name":"fizzyvape.eu","url":"https:\/\/www.fizzyvape.eu\/fr\/","logo":{"@type":"ImageObject","inLanguage":"fr-FR","@id":"https:\/\/www.fizzyvape.eu\/fr\/#\/schema\/logo\/image\/","url":"https:\/\/fizzyvape.eu\/wp-content\/uploads\/2019\/06\/print-1.svg","contentUrl":"https:\/\/fizzyvape.eu\/wp-content\/uploads\/2019\/06\/print-1.svg","width":124,"height":37,"caption":"fizzyvape.eu"},"image":{"@id":"https:\/\/www.fizzyvape.eu\/fr\/#\/schema\/logo\/image\/"}}]},"og_availability":"out of stock","product_availability":"out of stock","product_condition":"new"},"tiered_pricing_type":"fixed","tiered_pricing_fixed_rules":[],"tiered_pricing_product_settings":{"layout":"default","base_unit_name":{"singular":null,"plural":null},"default_variation":null},"tiered_pricing_minimum_quantity":null,"tiered_pricing_roles_data":[],"tiered_pricing_percentage_rules":[],"tiered_pricing_maximum_quantity":null,"tiered_pricing_quantity_step":null,"_links":{"self":[{"href":"https:\/\/fizzyvape.eu\/fr\/wp-json\/wp\/v2\/product\/32974","targetHints":{"allow":["GET"]}}],"collection":[{"href":"https:\/\/fizzyvape.eu\/fr\/wp-json\/wp\/v2\/product"}],"about":[{"href":"https:\/\/fizzyvape.eu\/fr\/wp-json\/wp\/v2\/types\/product"}],"replies":[{"embeddable":true,"href":"https:\/\/fizzyvape.eu\/fr\/wp-json\/wp\/v2\/comments?post=32974"}],"version-history":[{"count":0,"href":"https:\/\/fizzyvape.eu\/fr\/wp-json\/wp\/v2\/product\/32974\/revisions"}],"wp:featuredmedia":[{"embeddable":true,"href":"https:\/\/fizzyvape.eu\/fr\/wp-json\/wp\/v2\/media\/32434"}],"wp:attachment":[{"href":"https:\/\/fizzyvape.eu\/fr\/wp-json\/wp\/v2\/media?parent=32974"}],"wp:term":[{"taxonomy":"product_brand","embeddable":true,"href":"https:\/\/fizzyvape.eu\/fr\/wp-json\/wp\/v2\/product_brand?post=32974"},{"taxonomy":"product_cat","embeddable":true,"href":"https:\/\/fizzyvape.eu\/fr\/wp-json\/wp\/v2\/product_cat?post=32974"},{"taxonomy":"product_tag","embeddable":true,"href":"https:\/\/fizzyvape.eu\/fr\/wp-json\/wp\/v2\/product_tag?post=32974"}],"curies":[{"name":"wp","href":"https:\/\/api.w.org\/{rel}","templated":true}]}}