{"id":33034,"date":"2025-06-11T10:33:21","date_gmt":"2025-06-11T02:33:21","guid":{"rendered":"https:\/\/fizzyvape.eu\/product\/fizzy-max-iii-6in1-60k-60000-puffs-rechargeable-disposable-vape-mixed-berry-kiwi-passion-fruit-guava-strawberry-watermelon-10pcs\/"},"modified":"2025-06-11T10:33:21","modified_gmt":"2025-06-11T02:33:21","slug":"fizzy-max-iii-6in1-60k-60000-puffs-rechargeable-disposable-vape-mixed-berry-kiwi-passion-fruit-guava-strawberry-watermelon-10pcs","status":"publish","type":"product","link":"https:\/\/fizzyvape.eu\/fr\/produit\/fizzy-max-iii-6in1-60k-60000-puffs-rechargeable-disposable-vape-mixed-berry-kiwi-passion-fruit-guava-strawberry-watermelon-10pcs\/","title":{"rendered":"Fizzy Max III 6in1 60K 60000 Puffs Rechargeable Disposable Vape &#8211; Mixed Berry &amp; Kiwi Passion Fruit Guava &amp; Strawberry Watermelon &#8211; 10pcs"},"content":{"rendered":"<p><img decoding=\"async\" class=\"aligncenter\" src=\"https:\/\/fizzyvape.eu\/wp-content\/uploads\/2025\/06\/Fizzy-Max-III-6in1-60K-60000-Puffs-9-1.webp\" alt=\"Fizzy Max III 60000 Puffs 6in1 Vape jetable (9)\"><\/p>\n<h2>Fizzy Max III 6-en-1 60 000 bouff\u00e9es Vapeur jetable rechargeable &#8211; Baies mixtes &amp; Kiwi Fruit de la passion Goyave &amp; Fraise Past\u00e8que (10-Pcs)<\/h2>\n<p>D\u00e9couvrez un monde de saveurs vibrantes avec le <strong>Fizzy Max III 6-en-1<\/strong>, une vape jetable vraiment innovante. Ce pack de 10 appareils comprend chacun trois g\u00e9n\u00e9reuses dosettes pr\u00e9-remplies de 20 ml : <strong>Mixed Berry<\/strong>, <strong>Kiwi Passion Fruit Guava<\/strong>, et <strong>Strawberry Watermelon<\/strong>. Gr\u00e2ce \u00e0 son embout rotatif intelligent, vous pouvez changer sans effort entre <strong>six combinaisons de saveurs uniques<\/strong>, offrant une polyvalence in\u00e9gal\u00e9e et une exp\u00e9rience de vapotage personnalis\u00e9e, le tout \u00e0 partir d&#8217;un seul appareil.  <\/p>\n<h3><strong>D\u00e9cha\u00eenez 6 ar\u00f4mes dans un seul vaporisateur jetable innovant<\/strong><\/h3>\n<p>Pr\u00e9parez-vous \u00e0 un d\u00e9licieux voyage \u00e0 travers ces profils de saveurs \u00e9labor\u00e9s par des experts :<\/p>\n<ul>\n<li><strong>Baies m\u00e9lang\u00e9es (A) : <\/strong>M\u00e9lange de baies juteuses, sucr\u00e9es et acidul\u00e9es.<\/li>\n<li><strong>Kiwi Fruit de la Passion Goyave (B) :<\/strong> Fusion rafra\u00eechissante de fruits tropicaux.<\/li>\n<li><strong>Fraise-melon d&#8217;eau (C) :<\/strong> Fraises sucr\u00e9es et melon d&#8217;eau frais.<\/li>\n<\/ul>\n<p><strong>D\u00e9couvrez la magie des m\u00e9langes d&#8217;ar\u00f4mes :<\/strong><\/p>\n<ul>\n<li><strong>Mix AB (saveur m\u00e9lang\u00e9e) : <\/strong>La douceur des baies rencontre le zeste tropical.<\/li>\n<li><strong>Mix BC (Blended Flavor) :<\/strong> Fruits tropicaux \u00e9quilibr\u00e9s avec de la fraise et de la past\u00e8que.<\/li>\n<li><strong>Mix CA (saveur m\u00e9lang\u00e9e) :<\/strong> Fraise-melon d&#8217;eau juteuse avec des baies acidul\u00e9es.<\/li>\n<\/ul>\n<h3><strong>Changement d&#8217;ar\u00f4me sans effort : tournez simplement pour explorer !<\/strong><\/h3>\n<p>La conception innovante du Fizzy Max III vous permet de passer d&#8217;un mode de saveur \u00e0 l&#8217;autre avec une facilit\u00e9 in\u00e9gal\u00e9e. Il vous suffit de soulever et de tourner l&#8217;embout pour passer d&#8217;un mode \u00e0 l&#8217;autre sans effort : <\/p>\n<p><strong>A \u2192 Mix AB \u2192 B \u2192 Mix BC \u2192 C \u2192 Mix CA<\/strong><\/p>\n<p>Faites d\u00e9filer les six saveurs possibles en toute transparence gr\u00e2ce \u00e0 une conception rotative intelligente qui permet de passer d&#8217;un go\u00fbt \u00e0 l&#8217;autre en douceur et de mani\u00e8re intuitive. Curieux de le voir en action ? Regardez notre <a href=\"https:\/\/www.youtube.com\/watch?v=CoxB_HvaU3k\">vid\u00e9o de<\/a> d\u00e9monstration !  <\/p>\n<h3><strong>Points forts du produit : Con\u00e7u pour l&#8217;excellence<\/strong><\/h3>\n<ul>\n<li><strong>60 000 bouff\u00e9es massives :<\/strong> Profitez d&#8217;une long\u00e9vit\u00e9 exceptionnelle avec <strong>60 000 bouff\u00e9es<\/strong> par appareil, ce qui est id\u00e9al pour un vapotage \u00e0 long terme et sans souci.<\/li>\n<li><strong>Syst\u00e8me d&#8217;ar\u00f4mes 6 en 1 r\u00e9volutionnaire :<\/strong> D\u00e9couvrez <strong>six saveurs<\/strong> incroyables \u00e0 partir de seulement trois dosettes pr\u00e9-remplies (3 saveurs uniques + 3 combinaisons uniques). <strong>Un seul appareil, six saveurs distinctes !<\/strong><\/li>\n<li><strong>Capacit\u00e9 g\u00e9n\u00e9reuse de 60 ml d&#8217;e-liquide :<\/strong> Chaque appareil contient <strong>60 ml d&#8217;e-liquide de qualit\u00e9 sup\u00e9rieure<\/strong> (via trois dosettes de 20 ml), ce qui vous garantit des semaines de plaisir gustatif sans recharge fastidieuse.<\/li>\n<li><strong>Puissante batterie rechargeable de 850mAh (Type-C) :<\/strong> Fournit une puissance constante et se recharge rapidement gr\u00e2ce au <strong>chargement rapide Type-C<\/strong> pratique, maximisant ainsi votre temps d&#8217;utilisation.<\/li>\n<li><strong>Technologie avanc\u00e9e de bobine en maille :<\/strong> D\u00e9couvrez une <strong>vapeur<\/strong> toujours <strong>plus douce, des ar\u00f4mes plus riches<\/strong> et des nuages d&#8217;une densit\u00e9 impressionnante \u00e0 chaque bouff\u00e9e.<\/li>\n<li><strong>Affichage LED intelligent :<\/strong> Contr\u00f4lez facilement le <strong>niveau de votre batterie et le mode de vapotage en cours<\/strong> en temps r\u00e9el, ce qui vous donne un contr\u00f4le total.<\/li>\n<li><strong>Teneur en nicotine optimis\u00e9e :<\/strong> disponible \u00e0 la fois en <strong>2% (20mg\/mL)<\/strong> pour une exp\u00e9rience plus douce et satisfaisante et en <strong>5% (50mg\/mL<\/strong> ) pour un effet en gorge plus fort et plus robuste.<\/li>\n<li><strong>Dur\u00e9e de conservation prolong\u00e9e :<\/strong> B\u00e9n\u00e9ficiez d&#8217;une dur\u00e9e de conservation g\u00e9n\u00e9reuse de 2 ans, garantissant fra\u00eecheur et qualit\u00e9.<\/li>\n<\/ul>\n<h3><strong>Fizzy Max III 6in1 60000 Puffs Disposable Vape Flavors List :<\/strong><\/h3>\n<ol>\n<li><a href=\"https:\/\/fizzyvape.eu\/fr\/produit\/fizzy-max-iii-6in1-60k-60000-puffs-rechargeable-disposable-vape-fraise-framboise-mangue-peche-myrtille-pasteque-10pcs\/\">Fraise Framboise &amp; Mangue P\u00eache &amp; Myrtille Past\u00e8que<\/a><\/li>\n<li><a href=\"https:\/\/fizzyvape.eu\/fr\/produit\/fizzy-max-iii-6in1-60k-60000-puffs-rechargeable-disposable-vape-mixed-berry-kiwi-passion-fruit-guava-strawberry-watermelon-10pcs\/\">Baies m\u00e9lang\u00e9es et kiwi Fruit de la passion Goyave et fraise Past\u00e8que<\/a><\/li>\n<li><a href=\"https:\/\/fizzyvape.eu\/fr\/produit\/fizzy-max-iii-6in1-60k-60000-puffs-rechargeable-disposable-vape-blueberry-raspberry-triple-melon-strawberry-ice-10pcs\/\">Glace myrtille framboise &amp; triple melon &amp; fraise<\/a><\/li>\n<li><a href=\"https:\/\/fizzyvape.eu\/fr\/produit\/fizzy-max-iii-6in1-60k-60000-puffs-rechargeable-disposable-vape-fraise-fruit-du-dragon-red-bull-framboise-pasteque-10pcs\/\">Fraise fruit du dragon &amp; Red Bull &amp; past\u00e8que framboise<\/a><\/li>\n<li><a href=\"https:\/\/fizzyvape.eu\/fr\/produit\/fizzy-max-iii-6in1-60k-60000-puffs-rechargeable-disposable-vape-fraise-kiwi-myrtille-glace-pasteque-glace-10pcs\/\">Glace fraise kiwi, glace myrtille et glace past\u00e8que<\/a><\/li>\n<li><a href=\"https:\/\/fizzyvape.eu\/fr\/produit\/fizzy-max-iii-6in1-60k-60000-bouffees-vape-jetable-rechargeable-blueberry-ice-fizzy-cherry-raspberry-lemon-10pcs\/\">Glace aux myrtilles, cerise p\u00e9tillante, framboise et citron<\/a><\/li>\n<li><a href=\"https:\/\/fizzyvape.eu\/fr\/produit\/fizzy-max-iii-6in1-60k-60000-puffs-rechargeable-disposable-vape-watermelon-ice-strawberry-vanilla-coke-mixed-berry-10pcs\/\">Glace \u00e0 la past\u00e8que et fraise Coca-Cola \u00e0 la vanille et m\u00e9langes<\/a><\/li>\n<li><a href=\"https:\/\/fizzyvape.eu\/fr\/produit\/fizzy-max-iii-6in1-60k-60000-puffs-rechargeable-disposable-vape-fraise-raisin-myrtille-noix-de-coco-peche-citron-10pcs\/\">Fraise Raisin &amp; Myrtille Noix de coco &amp; P\u00eache Citron<\/a><\/li>\n<li><a href=\"https:\/\/fizzyvape.eu\/fr\/produit\/fizzy-max-iii-6in1-60k-60000-puffs-rechargeable-disposable-vape-blue-razz-ice-strawberry-kiwi-sour-pineapple-orange-10pcs\/\">Blue Razz Ice &amp; Strawberry Kiwi &amp; Sour Pineapple Orange<\/a><\/li>\n<li><a href=\"https:\/\/fizzyvape.eu\/fr\/produit\/fizzy-max-iii-6in1-60k-60000-puffs-rechargeable-disposable-vape-fraise-pasteque-citron-vert-myrtille-noix-de-coco-10pcs\/\">Fraise-melon d&#8217;eau, citron-citron vert et myrtille-coco<\/a><\/li>\n<\/ol>\n<h3><strong>Des styles de vapotage pour toutes les pr\u00e9f\u00e9rences : Vapez \u00e0 votre fa\u00e7on !<\/strong><\/h3>\n<ul>\n<li><strong>Mode mono-ar\u00f4me (MTL &#8211; Mouth-to-Lung) :<\/strong> Profitez de tirages doux et contr\u00f4l\u00e9s qui imitent parfaitement une cigarette traditionnelle, id\u00e9al pour savourer la puret\u00e9 de chaque ar\u00f4me individuel avec un tirage serr\u00e9.<\/li>\n<li><strong>Mode m\u00e9lange double saveur (DL &#8211; Direct-Lung) :<\/strong> Faites l&#8217;exp\u00e9rience d&#8217;un d\u00e9bit d&#8217;air accru qui permet des inhalations directes et audacieuses avec une vapeur riche et des m\u00e9langes d&#8217;ar\u00f4mes complexes, parfaits pour les chasseurs de nuages et ceux qui recherchent un hit plus intense.<\/li>\n<\/ul>\n<h3><strong>Pourquoi choisir Fizzy Max III 6-en-1 ?<\/strong><\/h3>\n<ul>\n<li><strong>Rotation des ar\u00f4mes sans effort :<\/strong> Passez instantan\u00e9ment d&#8217;un ar\u00f4me \u00e0 l&#8217;autre d&#8217;une simple rotation, sans avoir \u00e0 transporter plusieurs vapes ou dosettes.<\/li>\n<li><strong>Long\u00e9vit\u00e9 in\u00e9gal\u00e9e :<\/strong> B\u00e9n\u00e9ficiez d&#8217;une valeur et d&#8217;une commodit\u00e9 incroyables gr\u00e2ce \u00e0 un <strong>nombre de bouff\u00e9es tr\u00e8s \u00e9lev\u00e9<\/strong> et \u00e0 une <strong>batterie rechargeable longue dur\u00e9e<\/strong>.<\/li>\n<li><strong>Polyvalence tout-en-un :<\/strong> Six ar\u00f4mes uniques r\u00e9unis dans un seul appareil compact et rechargeable, offrant une flexibilit\u00e9 totale en mati\u00e8re d&#8217;ar\u00f4mes lors de vos d\u00e9placements.<\/li>\n<li><strong>Exp\u00e9dition rapide en Europe :<\/strong> Recevez rapidement votre commande de notre entrep\u00f4t europ\u00e9en, garantissant une livraison rapide sans d\u00e9lai de douane.<\/li>\n<\/ul>\n<h3><strong>FAQs &#8211; Fizzy Max III 6-en-1 60 000 bouff\u00e9es Vape jetable<\/strong><\/h3>\n<p><strong>1. Combien de bouff\u00e9es le Fizzy Max III 6-en-1 offre-t-il ?<\/strong> Le Fizzy Max III offre un nombre impressionnant de <strong>bouff\u00e9es, jusqu&#8217;\u00e0 60 000,<\/strong> gr\u00e2ce \u00e0 sa capacit\u00e9 substantielle de 60 ml d&#8217;e-liquide, \u00e0 son syst\u00e8me avanc\u00e9 de bobines en maille et \u00e0 sa puissante batterie rechargeable de 850 mAh, ce qui en fait un produit id\u00e9al pour une utilisation \u00e0 long terme.<\/p>\n<p><strong>2. Puis-je passer d&#8217;un ar\u00f4me \u00e0 l&#8217;autre sur cette vape jetable ?<\/strong>  Oui, absolument ! Il vous suffit de <strong>soulever et de faire pivoter l&#8217;embout<\/strong> pour faire d\u00e9filer sans effort six combinaisons d&#8217;ar\u00f4mes diff\u00e9rentes &#8211; 3 ar\u00f4mes individuels et 3 m\u00e9langes uniques &#8211; le tout sans changer de dosette. <\/p>\n<p><strong>3. Le Fizzy Max III est-il rechargeable ?<\/strong>  Oui, c&#8217;est le cas ! L&#8217;appareil comprend une batterie rechargeable de 850mAh avec <strong>charge rapide Type-C<\/strong> pratique pour une utilisation prolong\u00e9e et pour vous assurer de profiter de chaque bouff\u00e9e. <\/p>\n<p><strong>4. Le Fizzy Max III convient-il aux styles de vapotage MTL et DL ?<\/strong>  Absolument ! Il supporte \u00e0 la fois le mode <strong>bouche \u00e0 poumon (MTL)<\/strong> pour des aspirations douces et contr\u00f4l\u00e9es en mode mono-ar\u00f4me, et le mode <strong>direct \u00e0 poumon (DL)<\/strong>, qui s&#8217;active avec les ar\u00f4mes m\u00e9lang\u00e9s, pour de plus gros nuages et des go\u00fbts plus audacieux et plus complexes. <\/p>\n","protected":false},"excerpt":{"rendered":"<p>D\u00e9couvrez la polyvalence des saveurs 6-en-1 et jusqu&#8217;\u00e0 60 000 bouff\u00e9es avec le Fizzy Max III &#8211; une vape rechargeable jetable avec un e-liquide massif de 60mL, une bobine \u00e0 mailles douces et une rotation facile des saveurs.<\/p>\n","protected":false},"featured_media":32416,"comment_status":"open","ping_status":"closed","template":"","meta":{"iawp_total_views":0},"product_brand":[],"product_cat":[593],"product_tag":[597,594,596,595],"class_list":{"0":"post-33034","1":"product","2":"type-product","3":"status-publish","4":"has-post-thumbnail","6":"product_cat-max-iii-6in1-60k-60000-puffs-rechargeable-disposable-vape-fr","7":"product_tag-6-aromes-en-1-appareil","8":"product_tag-60000-bouffees","9":"product_tag-rechargeable-fr","10":"product_tag-vape-a-usage-unique","12":"first","13":"outofstock","14":"sale","15":"shipping-taxable","16":"purchasable","17":"product-type-variable"},"yoast_head":"<!-- This site is optimized with the Yoast SEO Premium plugin v24.8 (Yoast SEO v24.8) - https:\/\/yoast.com\/wordpress\/plugins\/seo\/ -->\n<title>Vapeur rechargeable jetable - Fizzy 6in1 60000 Puffs Device<\/title>\n<meta name=\"description\" content=\"D\u00e9couvrez la Fizzy Max III Rechargeable Disposable Vape avec 6 saveurs, 60000 bouff\u00e9es, 60mL d&#039;e-liquide, mesh coil, et une batterie Type-C de 850mAh.\" \/>\n<meta name=\"robots\" content=\"index, follow, max-snippet:-1, max-image-preview:large, max-video-preview:-1\" \/>\n<link rel=\"canonical\" href=\"https:\/\/fizzyvape.eu\/fr\/produit\/fizzy-max-iii-6in1-60k-60000-puffs-rechargeable-disposable-vape-mixed-berry-kiwi-passion-fruit-guava-strawberry-watermelon-10pcs\/\" \/>\n<meta property=\"og:locale\" content=\"fr_FR\" \/>\n<meta property=\"og:type\" content=\"article\" \/>\n<meta property=\"og:title\" content=\"Fizzy Max III 6in1 60K 60000 Puffs Rechargeable Disposable Vape - Mixed Berry &amp; Kiwi Passion Fruit Guava &amp; Strawberry Watermelon - 10pcs\" \/>\n<meta property=\"og:description\" content=\"D\u00e9couvrez la Fizzy Max III Rechargeable Disposable Vape avec 6 saveurs, 60000 bouff\u00e9es, 60mL d&#039;e-liquide, mesh coil, et une batterie Type-C de 850mAh.\" \/>\n<meta property=\"og:url\" content=\"https:\/\/fizzyvape.eu\/fr\/produit\/fizzy-max-iii-6in1-60k-60000-puffs-rechargeable-disposable-vape-mixed-berry-kiwi-passion-fruit-guava-strawberry-watermelon-10pcs\/\" \/>\n<meta property=\"og:site_name\" content=\"fizzyvape.eu\" \/>\n<meta property=\"og:image\" content=\"https:\/\/fizzyvape.eu\/wp-content\/uploads\/2025\/06\/Fizzy-Max-60000-Puffs-02.webp\" \/>\n\t<meta property=\"og:image:width\" content=\"800\" \/>\n\t<meta property=\"og:image:height\" content=\"800\" \/>\n\t<meta property=\"og:image:type\" content=\"image\/webp\" \/>\n<meta name=\"twitter:card\" content=\"summary_large_image\" \/>\n<meta name=\"twitter:label1\" content=\"Disponibilit\u00e9\" \/>\n\t<meta name=\"twitter:data1\" content=\"Rupture de stock\" \/>\n<script type=\"application\/ld+json\" class=\"yoast-schema-graph\">{\"@context\":\"https:\/\/schema.org\",\"@graph\":[{\"@type\":\"WebPage\",\"@id\":\"https:\/\/fizzyvape.eu\/fr\/produit\/fizzy-max-iii-6in1-60k-60000-puffs-rechargeable-disposable-vape-mixed-berry-kiwi-passion-fruit-guava-strawberry-watermelon-10pcs\/\",\"url\":\"https:\/\/fizzyvape.eu\/fr\/produit\/fizzy-max-iii-6in1-60k-60000-puffs-rechargeable-disposable-vape-mixed-berry-kiwi-passion-fruit-guava-strawberry-watermelon-10pcs\/\",\"name\":\"Vapeur rechargeable jetable - Fizzy 6in1 60000 Puffs Device\",\"isPartOf\":{\"@id\":\"https:\/\/www.fizzyvape.eu\/fr\/#website\"},\"primaryImageOfPage\":{\"@id\":\"https:\/\/fizzyvape.eu\/fr\/produit\/fizzy-max-iii-6in1-60k-60000-puffs-rechargeable-disposable-vape-mixed-berry-kiwi-passion-fruit-guava-strawberry-watermelon-10pcs\/#primaryimage\"},\"image\":{\"@id\":\"https:\/\/fizzyvape.eu\/fr\/produit\/fizzy-max-iii-6in1-60k-60000-puffs-rechargeable-disposable-vape-mixed-berry-kiwi-passion-fruit-guava-strawberry-watermelon-10pcs\/#primaryimage\"},\"thumbnailUrl\":\"https:\/\/fizzyvape.eu\/wp-content\/uploads\/2025\/06\/Fizzy-Max-60000-Puffs-02.webp\",\"datePublished\":\"2025-06-11T02:33:21+00:00\",\"description\":\"D\u00e9couvrez la Fizzy Max III Rechargeable Disposable Vape avec 6 saveurs, 60000 bouff\u00e9es, 60mL d'e-liquide, mesh coil, et une batterie Type-C de 850mAh.\",\"breadcrumb\":{\"@id\":\"https:\/\/fizzyvape.eu\/fr\/produit\/fizzy-max-iii-6in1-60k-60000-puffs-rechargeable-disposable-vape-mixed-berry-kiwi-passion-fruit-guava-strawberry-watermelon-10pcs\/#breadcrumb\"},\"inLanguage\":\"fr-FR\",\"potentialAction\":[{\"@type\":\"ReadAction\",\"target\":[\"https:\/\/fizzyvape.eu\/fr\/produit\/fizzy-max-iii-6in1-60k-60000-puffs-rechargeable-disposable-vape-mixed-berry-kiwi-passion-fruit-guava-strawberry-watermelon-10pcs\/\"]}]},{\"@type\":\"ImageObject\",\"inLanguage\":\"fr-FR\",\"@id\":\"https:\/\/fizzyvape.eu\/fr\/produit\/fizzy-max-iii-6in1-60k-60000-puffs-rechargeable-disposable-vape-mixed-berry-kiwi-passion-fruit-guava-strawberry-watermelon-10pcs\/#primaryimage\",\"url\":\"https:\/\/fizzyvape.eu\/wp-content\/uploads\/2025\/06\/Fizzy-Max-60000-Puffs-02.webp\",\"contentUrl\":\"https:\/\/fizzyvape.eu\/wp-content\/uploads\/2025\/06\/Fizzy-Max-60000-Puffs-02.webp\",\"width\":800,\"height\":800},{\"@type\":\"BreadcrumbList\",\"@id\":\"https:\/\/fizzyvape.eu\/fr\/produit\/fizzy-max-iii-6in1-60k-60000-puffs-rechargeable-disposable-vape-mixed-berry-kiwi-passion-fruit-guava-strawberry-watermelon-10pcs\/#breadcrumb\",\"itemListElement\":[{\"@type\":\"ListItem\",\"position\":1,\"name\":\"Home\",\"item\":\"https:\/\/fizzyvape.eu\/fr\/\"},{\"@type\":\"ListItem\",\"position\":2,\"name\":\"Boutique\",\"item\":\"https:\/\/www.fizzyvape.eu\/fr\/boutique\/\"},{\"@type\":\"ListItem\",\"position\":3,\"name\":\"Fizzy Max III 6in1 60K 60000 Puffs Rechargeable Disposable Vape &#8211; Mixed Berry &amp; Kiwi Passion Fruit Guava &amp; Strawberry Watermelon &#8211; 10pcs\"}]},{\"@type\":\"WebSite\",\"@id\":\"https:\/\/www.fizzyvape.eu\/fr\/#website\",\"url\":\"https:\/\/www.fizzyvape.eu\/fr\/\",\"name\":\"fizzyvape.eu\",\"description\":\"Refreshing Vapes. Unforgettable Taste.\",\"publisher\":{\"@id\":\"https:\/\/www.fizzyvape.eu\/fr\/#organization\"},\"potentialAction\":[{\"@type\":\"SearchAction\",\"target\":{\"@type\":\"EntryPoint\",\"urlTemplate\":\"https:\/\/www.fizzyvape.eu\/fr\/?s={search_term_string}\"},\"query-input\":{\"@type\":\"PropertyValueSpecification\",\"valueRequired\":true,\"valueName\":\"search_term_string\"}}],\"inLanguage\":\"fr-FR\"},{\"@type\":\"Organization\",\"@id\":\"https:\/\/www.fizzyvape.eu\/fr\/#organization\",\"name\":\"fizzyvape.eu\",\"url\":\"https:\/\/www.fizzyvape.eu\/fr\/\",\"logo\":{\"@type\":\"ImageObject\",\"inLanguage\":\"fr-FR\",\"@id\":\"https:\/\/www.fizzyvape.eu\/fr\/#\/schema\/logo\/image\/\",\"url\":\"https:\/\/fizzyvape.eu\/wp-content\/uploads\/2019\/06\/print-1.svg\",\"contentUrl\":\"https:\/\/fizzyvape.eu\/wp-content\/uploads\/2019\/06\/print-1.svg\",\"width\":124,\"height\":37,\"caption\":\"fizzyvape.eu\"},\"image\":{\"@id\":\"https:\/\/www.fizzyvape.eu\/fr\/#\/schema\/logo\/image\/\"}}]}<\/script>\n<meta property=\"og:availability\" content=\"out of stock\" \/>\n<meta property=\"product:availability\" content=\"out of stock\" \/>\n<meta property=\"product:condition\" content=\"new\" \/>\n<!-- \/ Yoast SEO Premium plugin. -->","yoast_head_json":{"title":"Vapeur rechargeable jetable - Fizzy 6in1 60000 Puffs Device","description":"D\u00e9couvrez la Fizzy Max III Rechargeable Disposable Vape avec 6 saveurs, 60000 bouff\u00e9es, 60mL d'e-liquide, mesh coil, et une batterie Type-C de 850mAh.","robots":{"index":"index","follow":"follow","max-snippet":"max-snippet:-1","max-image-preview":"max-image-preview:large","max-video-preview":"max-video-preview:-1"},"canonical":"https:\/\/fizzyvape.eu\/fr\/produit\/fizzy-max-iii-6in1-60k-60000-puffs-rechargeable-disposable-vape-mixed-berry-kiwi-passion-fruit-guava-strawberry-watermelon-10pcs\/","og_locale":"fr_FR","og_type":"article","og_title":"Fizzy Max III 6in1 60K 60000 Puffs Rechargeable Disposable Vape - Mixed Berry &amp; Kiwi Passion Fruit Guava &amp; Strawberry Watermelon - 10pcs","og_description":"D\u00e9couvrez la Fizzy Max III Rechargeable Disposable Vape avec 6 saveurs, 60000 bouff\u00e9es, 60mL d'e-liquide, mesh coil, et une batterie Type-C de 850mAh.","og_url":"https:\/\/fizzyvape.eu\/fr\/produit\/fizzy-max-iii-6in1-60k-60000-puffs-rechargeable-disposable-vape-mixed-berry-kiwi-passion-fruit-guava-strawberry-watermelon-10pcs\/","og_site_name":"fizzyvape.eu","og_image":[{"width":800,"height":800,"url":"https:\/\/fizzyvape.eu\/wp-content\/uploads\/2025\/06\/Fizzy-Max-60000-Puffs-02.webp","type":"image\/webp"}],"twitter_card":"summary_large_image","twitter_misc":{"Disponibilit\u00e9":"Rupture de stock"},"schema":{"@context":"https:\/\/schema.org","@graph":[{"@type":"WebPage","@id":"https:\/\/fizzyvape.eu\/fr\/produit\/fizzy-max-iii-6in1-60k-60000-puffs-rechargeable-disposable-vape-mixed-berry-kiwi-passion-fruit-guava-strawberry-watermelon-10pcs\/","url":"https:\/\/fizzyvape.eu\/fr\/produit\/fizzy-max-iii-6in1-60k-60000-puffs-rechargeable-disposable-vape-mixed-berry-kiwi-passion-fruit-guava-strawberry-watermelon-10pcs\/","name":"Vapeur rechargeable jetable - Fizzy 6in1 60000 Puffs Device","isPartOf":{"@id":"https:\/\/www.fizzyvape.eu\/fr\/#website"},"primaryImageOfPage":{"@id":"https:\/\/fizzyvape.eu\/fr\/produit\/fizzy-max-iii-6in1-60k-60000-puffs-rechargeable-disposable-vape-mixed-berry-kiwi-passion-fruit-guava-strawberry-watermelon-10pcs\/#primaryimage"},"image":{"@id":"https:\/\/fizzyvape.eu\/fr\/produit\/fizzy-max-iii-6in1-60k-60000-puffs-rechargeable-disposable-vape-mixed-berry-kiwi-passion-fruit-guava-strawberry-watermelon-10pcs\/#primaryimage"},"thumbnailUrl":"https:\/\/fizzyvape.eu\/wp-content\/uploads\/2025\/06\/Fizzy-Max-60000-Puffs-02.webp","datePublished":"2025-06-11T02:33:21+00:00","description":"D\u00e9couvrez la Fizzy Max III Rechargeable Disposable Vape avec 6 saveurs, 60000 bouff\u00e9es, 60mL d'e-liquide, mesh coil, et une batterie Type-C de 850mAh.","breadcrumb":{"@id":"https:\/\/fizzyvape.eu\/fr\/produit\/fizzy-max-iii-6in1-60k-60000-puffs-rechargeable-disposable-vape-mixed-berry-kiwi-passion-fruit-guava-strawberry-watermelon-10pcs\/#breadcrumb"},"inLanguage":"fr-FR","potentialAction":[{"@type":"ReadAction","target":["https:\/\/fizzyvape.eu\/fr\/produit\/fizzy-max-iii-6in1-60k-60000-puffs-rechargeable-disposable-vape-mixed-berry-kiwi-passion-fruit-guava-strawberry-watermelon-10pcs\/"]}]},{"@type":"ImageObject","inLanguage":"fr-FR","@id":"https:\/\/fizzyvape.eu\/fr\/produit\/fizzy-max-iii-6in1-60k-60000-puffs-rechargeable-disposable-vape-mixed-berry-kiwi-passion-fruit-guava-strawberry-watermelon-10pcs\/#primaryimage","url":"https:\/\/fizzyvape.eu\/wp-content\/uploads\/2025\/06\/Fizzy-Max-60000-Puffs-02.webp","contentUrl":"https:\/\/fizzyvape.eu\/wp-content\/uploads\/2025\/06\/Fizzy-Max-60000-Puffs-02.webp","width":800,"height":800},{"@type":"BreadcrumbList","@id":"https:\/\/fizzyvape.eu\/fr\/produit\/fizzy-max-iii-6in1-60k-60000-puffs-rechargeable-disposable-vape-mixed-berry-kiwi-passion-fruit-guava-strawberry-watermelon-10pcs\/#breadcrumb","itemListElement":[{"@type":"ListItem","position":1,"name":"Home","item":"https:\/\/fizzyvape.eu\/fr\/"},{"@type":"ListItem","position":2,"name":"Boutique","item":"https:\/\/www.fizzyvape.eu\/fr\/boutique\/"},{"@type":"ListItem","position":3,"name":"Fizzy Max III 6in1 60K 60000 Puffs Rechargeable Disposable Vape &#8211; Mixed Berry &amp; Kiwi Passion Fruit Guava &amp; Strawberry Watermelon &#8211; 10pcs"}]},{"@type":"WebSite","@id":"https:\/\/www.fizzyvape.eu\/fr\/#website","url":"https:\/\/www.fizzyvape.eu\/fr\/","name":"fizzyvape.eu","description":"Refreshing Vapes. Unforgettable Taste.","publisher":{"@id":"https:\/\/www.fizzyvape.eu\/fr\/#organization"},"potentialAction":[{"@type":"SearchAction","target":{"@type":"EntryPoint","urlTemplate":"https:\/\/www.fizzyvape.eu\/fr\/?s={search_term_string}"},"query-input":{"@type":"PropertyValueSpecification","valueRequired":true,"valueName":"search_term_string"}}],"inLanguage":"fr-FR"},{"@type":"Organization","@id":"https:\/\/www.fizzyvape.eu\/fr\/#organization","name":"fizzyvape.eu","url":"https:\/\/www.fizzyvape.eu\/fr\/","logo":{"@type":"ImageObject","inLanguage":"fr-FR","@id":"https:\/\/www.fizzyvape.eu\/fr\/#\/schema\/logo\/image\/","url":"https:\/\/fizzyvape.eu\/wp-content\/uploads\/2019\/06\/print-1.svg","contentUrl":"https:\/\/fizzyvape.eu\/wp-content\/uploads\/2019\/06\/print-1.svg","width":124,"height":37,"caption":"fizzyvape.eu"},"image":{"@id":"https:\/\/www.fizzyvape.eu\/fr\/#\/schema\/logo\/image\/"}}]},"og_availability":"out of stock","product_availability":"out of stock","product_condition":"new"},"tiered_pricing_type":"fixed","tiered_pricing_fixed_rules":[],"tiered_pricing_product_settings":{"layout":"default","base_unit_name":{"singular":null,"plural":null},"default_variation":null},"tiered_pricing_minimum_quantity":null,"tiered_pricing_roles_data":[],"tiered_pricing_percentage_rules":[],"tiered_pricing_maximum_quantity":null,"tiered_pricing_quantity_step":null,"_links":{"self":[{"href":"https:\/\/fizzyvape.eu\/fr\/wp-json\/wp\/v2\/product\/33034","targetHints":{"allow":["GET"]}}],"collection":[{"href":"https:\/\/fizzyvape.eu\/fr\/wp-json\/wp\/v2\/product"}],"about":[{"href":"https:\/\/fizzyvape.eu\/fr\/wp-json\/wp\/v2\/types\/product"}],"replies":[{"embeddable":true,"href":"https:\/\/fizzyvape.eu\/fr\/wp-json\/wp\/v2\/comments?post=33034"}],"version-history":[{"count":0,"href":"https:\/\/fizzyvape.eu\/fr\/wp-json\/wp\/v2\/product\/33034\/revisions"}],"wp:featuredmedia":[{"embeddable":true,"href":"https:\/\/fizzyvape.eu\/fr\/wp-json\/wp\/v2\/media\/32416"}],"wp:attachment":[{"href":"https:\/\/fizzyvape.eu\/fr\/wp-json\/wp\/v2\/media?parent=33034"}],"wp:term":[{"taxonomy":"product_brand","embeddable":true,"href":"https:\/\/fizzyvape.eu\/fr\/wp-json\/wp\/v2\/product_brand?post=33034"},{"taxonomy":"product_cat","embeddable":true,"href":"https:\/\/fizzyvape.eu\/fr\/wp-json\/wp\/v2\/product_cat?post=33034"},{"taxonomy":"product_tag","embeddable":true,"href":"https:\/\/fizzyvape.eu\/fr\/wp-json\/wp\/v2\/product_tag?post=33034"}],"curies":[{"name":"wp","href":"https:\/\/api.w.org\/{rel}","templated":true}]}}