{"id":33100,"date":"2025-06-09T13:55:05","date_gmt":"2025-06-09T05:55:05","guid":{"rendered":"https:\/\/fizzyvape.eu\/product\/fizzy-max-iii-6in1-60k-60000-bouffees-vape-jetable-rechargeable-60pcs\/"},"modified":"2025-06-09T13:55:05","modified_gmt":"2025-06-09T05:55:05","slug":"fizzy-max-iii-6in1-60k-60000-bouffees-vape-jetable-rechargeable-60pcs","status":"publish","type":"product","link":"https:\/\/fizzyvape.eu\/fr\/produit\/fizzy-max-iii-6in1-60k-60000-bouffees-vape-jetable-rechargeable-60pcs\/","title":{"rendered":"Fizzy Max III 6in1 60K 60000 bouff\u00e9es Vape jetable rechargeable &#8211; 60pcs"},"content":{"rendered":"<h2>Fizzy Max III 6in1 60K 60000 Puffs Rechargeable Disposable Vape <strong>Wholesale <\/strong>&#8211; 60pcs<\/h2>\n<h3><strong>Un seul appareil. Six ar\u00f4mes. 60 000 bouff\u00e9es d&#8217;innovation pure.  <\/strong><\/h3>\n<p>Voici le Fizzy Max III 6in1 &#8211; une vape jetable r\u00e9volutionnaire con\u00e7ue pour les explorateurs de saveurs. Dot\u00e9 d&#8217;une puissante batterie rechargeable, d&#8217;un \u00e9cran LED et d&#8217;un syst\u00e8me unique d&#8217;embout rotatif, cet appareil r\u00e9unit six saveurs en une seule unit\u00e9 \u00e9l\u00e9gante et de grande capacit\u00e9. Que vous pr\u00e9f\u00e9riez les saveurs uniques ou les m\u00e9langes dynamiques, profitez de transitions transparentes et d&#8217;une satisfaction durable.  <\/p>\n<p>Regardez notre <a href=\"https:\/\/www.youtube.com\/watch?v=CoxB_HvaU3k\">vid\u00e9o de<\/a> d\u00e9monstration.<\/p>\n<h3><strong>  Points forts du produit<\/strong><\/h3>\n<ul>\n<li><strong>Jusqu&#8217;\u00e0 60 000 bouff\u00e9es<\/strong><br \/>\nProfitez d&#8217;un usage prolong\u00e9 gr\u00e2ce aux trois dosettes pr\u00e9-remplies de 20 ml qui d\u00e9livrent un total de 60 ml d&#8217;e-liquide de qualit\u00e9 sup\u00e9rieure.<\/li>\n<li><strong>6 ar\u00f4mes dans 1 appareil3<\/strong><strong>ar\u00f4mes uniques<\/strong> et <strong>3<\/strong> modes d&#8217;<strong>ar\u00f4mes m\u00e9lang\u00e9s<\/strong> <\/li>\n<li><strong>Rechargeable et efficace<\/strong><br \/>\n\u00c9quip\u00e9 d&#8217;une batterie de 850mAh et d&#8217;un syst\u00e8me de charge rapide Type-C. Pas besoin de gaspiller &#8211; rechargez et continuez \u00e0 avancer. <\/li>\n<li><strong>Technologie avanc\u00e9e de bobine en maille<\/strong><br \/>\nAssure une vapeur douce, riche et constante \u00e0 chaque bouff\u00e9e.<\/li>\n<li><strong>\u00c9cran LED<\/strong><br \/>\nL&#8217;\u00e9cran int\u00e9gr\u00e9 permet de v\u00e9rifier instantan\u00e9ment l&#8217;autonomie de la batterie et l&#8217;\u00e9tat du mode, pour un contr\u00f4le total en un coup d&#8217;\u0153il.<\/li>\n<li><strong>Options de nicotine<\/strong><br \/>\nDisponible avec des taux de nicotine de 2 % et 5 % pour r\u00e9pondre aux diff\u00e9rentes pr\u00e9f\u00e9rences.<\/li>\n<li><strong>Modes bouche \u00e0 poumon et poumon direct<\/strong><br \/>\nLe mode MTL offre un tirage plus serr\u00e9, de type cigarette ; le mode DL offre des bouff\u00e9es pleines et a\u00e9r\u00e9es avec des saveurs m\u00e9lang\u00e9es audacieuses.<\/li>\n<li><strong>Compact mais puissant<\/strong><br \/>\nLes six options d&#8217;ar\u00f4mes sont r\u00e9unies dans un seul appareil jetable facile \u00e0 transporter &#8211; parfait pour les d\u00e9placements sans sacrifier la vari\u00e9t\u00e9.<\/li>\n<\/ul>\n<h3><strong>Fizzy Max III 6in1 60000 Puffs Disposable Vape Flavors List :<\/strong><\/h3>\n<ol>\n<li><a href=\"https:\/\/fizzyvape.eu\/fr\/produit\/fizzy-max-iii-6in1-60k-60000-puffs-rechargeable-disposable-vape-fraise-framboise-mangue-peche-myrtille-pasteque-10pcs\/\">Fraise Framboise &amp; Mangue P\u00eache &amp; Myrtille Past\u00e8que<\/a><\/li>\n<li><a href=\"https:\/\/fizzyvape.eu\/fr\/produit\/fizzy-max-iii-6in1-60k-60000-puffs-rechargeable-disposable-vape-mixed-berry-kiwi-passion-fruit-guava-strawberry-watermelon-10pcs\/\">Baies m\u00e9lang\u00e9es et kiwi Fruit de la passion Goyave et fraise Past\u00e8que<\/a><\/li>\n<li><a href=\"https:\/\/fizzyvape.eu\/fr\/produit\/fizzy-max-iii-6in1-60k-60000-puffs-rechargeable-disposable-vape-blueberry-raspberry-triple-melon-strawberry-ice-10pcs\/\">Glace myrtille framboise &amp; triple melon &amp; fraise<\/a><\/li>\n<li><a href=\"https:\/\/fizzyvape.eu\/fr\/produit\/fizzy-max-iii-6in1-60k-60000-puffs-rechargeable-disposable-vape-fraise-fruit-du-dragon-red-bull-framboise-pasteque-10pcs\/\">Fraise fruit du dragon &amp; Red Bull &amp; past\u00e8que framboise<\/a><\/li>\n<li><a href=\"https:\/\/fizzyvape.eu\/fr\/produit\/fizzy-max-iii-6in1-60k-60000-puffs-rechargeable-disposable-vape-fraise-kiwi-myrtille-glace-pasteque-glace-10pcs\/\">Glace fraise kiwi, glace myrtille et glace past\u00e8que<\/a><\/li>\n<li><a href=\"https:\/\/fizzyvape.eu\/fr\/produit\/fizzy-max-iii-6in1-60k-60000-bouffees-vape-jetable-rechargeable-blueberry-ice-fizzy-cherry-raspberry-lemon-10pcs\/\">Glace aux myrtilles, cerise p\u00e9tillante, framboise et citron<\/a><\/li>\n<li><a href=\"https:\/\/fizzyvape.eu\/fr\/produit\/fizzy-max-iii-6in1-60k-60000-puffs-rechargeable-disposable-vape-watermelon-ice-strawberry-vanilla-coke-mixed-berry-10pcs\/\">Glace \u00e0 la past\u00e8que et fraise Coca-Cola \u00e0 la vanille et m\u00e9langes<\/a><\/li>\n<li><a href=\"https:\/\/fizzyvape.eu\/fr\/produit\/fizzy-max-iii-6in1-60k-60000-puffs-rechargeable-disposable-vape-fraise-raisin-myrtille-noix-de-coco-peche-citron-10pcs\/\">Fraise Raisin &amp; Myrtille Noix de coco &amp; P\u00eache Citron<\/a><\/li>\n<li><a href=\"https:\/\/fizzyvape.eu\/fr\/produit\/fizzy-max-iii-6in1-60k-60000-puffs-rechargeable-disposable-vape-blue-razz-ice-strawberry-kiwi-sour-pineapple-orange-10pcs\/\">Blue Razz Ice &amp; Strawberry Kiwi &amp; Sour Pineapple Orange<\/a><\/li>\n<li><a href=\"https:\/\/fizzyvape.eu\/fr\/produit\/fizzy-max-iii-6in1-60k-60000-puffs-rechargeable-disposable-vape-fraise-pasteque-citron-vert-myrtille-noix-de-coco-10pcs\/\">Fraise-melon d&#8217;eau, citron-citron vert et myrtille-coco<\/a><\/li>\n<\/ol>\n<h3><strong>  Des modes de vapotage pour toutes les pr\u00e9f\u00e9rences<\/strong><\/h3>\n<p><strong>Single-Flavor (MTL) :<\/strong><br \/>\nUn tirage serr\u00e9 pour une inhalation douce, semblable \u00e0 celle d&#8217;une cigarette &#8211; id\u00e9al pour profiter d&#8217;un ar\u00f4me pur.<\/p>\n<p data-is-last-node=\"\" data-is-only-node=\"\"><strong>Dual-Flavor Mix (DL) :<\/strong><br \/>\nUn flux d&#8217;air ouvert pour des effets audacieux et plus complets, parfaits pour les m\u00e9langes de saveurs riches.<\/p>\n<h3><strong>  Pourquoi choisir Fizzy Max III 6in1 ?<\/strong><\/h3>\n<ul>\n<li>Syst\u00e8me innovant de saveurs multiples pour une vari\u00e9t\u00e9 infinie<\/li>\n<li>Un nombre massif de 60 000 bouff\u00e9es pour un plaisir prolong\u00e9<\/li>\n<li>Rechargeable avec Type-C pour plus de durabilit\u00e9 et de facilit\u00e9<\/li>\n<li>\u00c9cran LED pour le suivi de l&#8217;utilisation en temps r\u00e9el<\/li>\n<li>Grande capacit\u00e9 d&#8217;e-liquide (60mL au total)<\/li>\n<li>Exp\u00e9dition rapide depuis l&#8217;Europe &#8211; pas de d\u00e9lais de douane<\/li>\n<\/ul>\n<h3><strong>  FAQ &#8211; Fizzy Max III 6in1 60K 60000 Vape jetable<\/strong><\/h3>\n<ul>\n<li><strong>Comment passer d&#8217;un ar\u00f4me \u00e0 l&#8217;autre ?<\/strong><br \/>\nSoulevez et tournez l&#8217;embout pour faire d\u00e9filer six modes d&#8217;ar\u00f4mes : trois combinaisons simples et trois combinaisons mixtes.<\/li>\n<li><strong>Combien de bouff\u00e9es l&#8217;appareil offre-t-il ?<\/strong><br \/>\nJusqu&#8217;\u00e0 60 000 bouff\u00e9es, gr\u00e2ce \u00e0 la grande capacit\u00e9 d&#8217;e-liquide de 60 ml et au syst\u00e8me efficace de bobines en maille.<\/li>\n<li><strong>L&#8217;appareil est-il rechargeable ?<\/strong><br \/>\nOui, il est dot\u00e9 d&#8217;une batterie rechargeable de 850mAh et d&#8217;un port Type-C pour une recharge rapide et pratique.<\/li>\n<li><strong>Quels sont les taux de nicotine disponibles ?<\/strong><br \/>\nVous pouvez choisir entre 2% et 5% de nicotine selon vos pr\u00e9f\u00e9rences.<\/li>\n<\/ul>\n","protected":false},"excerpt":{"rendered":"<p><strong>Fizzy Max III 6in1 &#8211; 60 000 bouff\u00e9es, 6 saveurs, un seul appareil<\/strong><br \/>\nD\u00e9bloquez la puissance de 60 000 bouff\u00e9es avec six saveurs rotatives dans une vape \u00e9l\u00e9gante et rechargeable. Pr\u00e9-rempli avec 60mL d&#8217;e-liquide de qualit\u00e9 sup\u00e9rieure, dot\u00e9 d&#8217;une bobine en maille, d&#8217;un \u00e9cran LED et d&#8217;un chargement Type-C.<br \/>\nDisponible en 2% et 5% de nicotine. <\/p>\n<p><strong>Parfait pour la vente en gros<\/strong> &#8211; Forte demande, longue dur\u00e9e de conservation et fortes ventes r\u00e9p\u00e9t\u00e9es. Id\u00e9al pour les revendeurs et les acheteurs en gros. <\/p>\n","protected":false},"featured_media":32506,"comment_status":"open","ping_status":"closed","template":"","meta":{"iawp_total_views":0},"product_brand":[],"product_cat":[670],"product_tag":[],"class_list":{"0":"post-33100","1":"product","2":"type-product","3":"status-publish","4":"has-post-thumbnail","6":"product_cat-bulk-deals-2-fr","8":"first","9":"outofstock","10":"sale","11":"shipping-taxable","12":"purchasable","13":"product-type-variable"},"yoast_head":"<!-- This site is optimized with the Yoast SEO Premium plugin v24.8 (Yoast SEO v24.8) - https:\/\/yoast.com\/wordpress\/plugins\/seo\/ -->\n<title>Wholesale Vape EU : 60K Puffs 6in1 Disposable | Bulk Discount<\/title>\n<meta name=\"description\" content=\"Wholesale Vape EU - Fizzy Max III 6in1 : 60000 bouff\u00e9es, 6 saveurs, vapes rechargeables jetables. Economies en gros sur les appareils 60mL et Type-C. Stock de l&#039;UE. Commandez maintenant !\" \/>\n<meta name=\"robots\" content=\"index, follow, max-snippet:-1, max-image-preview:large, max-video-preview:-1\" \/>\n<link rel=\"canonical\" href=\"https:\/\/fizzyvape.eu\/fr\/produit\/fizzy-max-iii-6in1-60k-60000-bouffees-vape-jetable-rechargeable-60pcs\/\" \/>\n<meta property=\"og:locale\" content=\"fr_FR\" \/>\n<meta property=\"og:type\" content=\"article\" \/>\n<meta property=\"og:title\" content=\"Fizzy Max III 6in1 60K 60000 bouff\u00e9es Vape jetable rechargeable - 60pcs\" \/>\n<meta property=\"og:description\" content=\"Wholesale Vape EU - Fizzy Max III 6in1 : 60000 bouff\u00e9es, 6 saveurs, vapes rechargeables jetables. Economies en gros sur les appareils 60mL et Type-C. Stock de l&#039;UE. Commandez maintenant !\" \/>\n<meta property=\"og:url\" content=\"https:\/\/fizzyvape.eu\/fr\/produit\/fizzy-max-iii-6in1-60k-60000-bouffees-vape-jetable-rechargeable-60pcs\/\" \/>\n<meta property=\"og:site_name\" content=\"fizzyvape.eu\" \/>\n<meta property=\"og:image\" content=\"https:\/\/fizzyvape.eu\/wp-content\/uploads\/2025\/06\/Fizzy-Max-60000-Puffs-60pcs.webp\" \/>\n\t<meta property=\"og:image:width\" content=\"800\" \/>\n\t<meta property=\"og:image:height\" content=\"800\" \/>\n\t<meta property=\"og:image:type\" content=\"image\/webp\" \/>\n<meta name=\"twitter:card\" content=\"summary_large_image\" \/>\n<meta name=\"twitter:label1\" content=\"Disponibilit\u00e9\" \/>\n\t<meta name=\"twitter:data1\" content=\"Rupture de stock\" \/>\n<script type=\"application\/ld+json\" class=\"yoast-schema-graph\">{\"@context\":\"https:\/\/schema.org\",\"@graph\":[{\"@type\":\"WebPage\",\"@id\":\"https:\/\/fizzyvape.eu\/fr\/produit\/fizzy-max-iii-6in1-60k-60000-bouffees-vape-jetable-rechargeable-60pcs\/\",\"url\":\"https:\/\/fizzyvape.eu\/fr\/produit\/fizzy-max-iii-6in1-60k-60000-bouffees-vape-jetable-rechargeable-60pcs\/\",\"name\":\"Wholesale Vape EU : 60K Puffs 6in1 Disposable | Bulk Discount\",\"isPartOf\":{\"@id\":\"https:\/\/www.fizzyvape.eu\/fr\/#website\"},\"primaryImageOfPage\":{\"@id\":\"https:\/\/fizzyvape.eu\/fr\/produit\/fizzy-max-iii-6in1-60k-60000-bouffees-vape-jetable-rechargeable-60pcs\/#primaryimage\"},\"image\":{\"@id\":\"https:\/\/fizzyvape.eu\/fr\/produit\/fizzy-max-iii-6in1-60k-60000-bouffees-vape-jetable-rechargeable-60pcs\/#primaryimage\"},\"thumbnailUrl\":\"https:\/\/fizzyvape.eu\/wp-content\/uploads\/2025\/06\/Fizzy-Max-60000-Puffs-60pcs.webp\",\"datePublished\":\"2025-06-09T05:55:05+00:00\",\"description\":\"Wholesale Vape EU - Fizzy Max III 6in1 : 60000 bouff\u00e9es, 6 saveurs, vapes rechargeables jetables. Economies en gros sur les appareils 60mL et Type-C. Stock de l'UE. Commandez maintenant !\",\"breadcrumb\":{\"@id\":\"https:\/\/fizzyvape.eu\/fr\/produit\/fizzy-max-iii-6in1-60k-60000-bouffees-vape-jetable-rechargeable-60pcs\/#breadcrumb\"},\"inLanguage\":\"fr-FR\",\"potentialAction\":[{\"@type\":\"ReadAction\",\"target\":[\"https:\/\/fizzyvape.eu\/fr\/produit\/fizzy-max-iii-6in1-60k-60000-bouffees-vape-jetable-rechargeable-60pcs\/\"]}]},{\"@type\":\"ImageObject\",\"inLanguage\":\"fr-FR\",\"@id\":\"https:\/\/fizzyvape.eu\/fr\/produit\/fizzy-max-iii-6in1-60k-60000-bouffees-vape-jetable-rechargeable-60pcs\/#primaryimage\",\"url\":\"https:\/\/fizzyvape.eu\/wp-content\/uploads\/2025\/06\/Fizzy-Max-60000-Puffs-60pcs.webp\",\"contentUrl\":\"https:\/\/fizzyvape.eu\/wp-content\/uploads\/2025\/06\/Fizzy-Max-60000-Puffs-60pcs.webp\",\"width\":800,\"height\":800},{\"@type\":\"BreadcrumbList\",\"@id\":\"https:\/\/fizzyvape.eu\/fr\/produit\/fizzy-max-iii-6in1-60k-60000-bouffees-vape-jetable-rechargeable-60pcs\/#breadcrumb\",\"itemListElement\":[{\"@type\":\"ListItem\",\"position\":1,\"name\":\"Home\",\"item\":\"https:\/\/fizzyvape.eu\/fr\/\"},{\"@type\":\"ListItem\",\"position\":2,\"name\":\"Boutique\",\"item\":\"https:\/\/www.fizzyvape.eu\/fr\/boutique\/\"},{\"@type\":\"ListItem\",\"position\":3,\"name\":\"Fizzy Max III 6in1 60K 60000 bouff\u00e9es Vape jetable rechargeable &#8211; 60pcs\"}]},{\"@type\":\"WebSite\",\"@id\":\"https:\/\/www.fizzyvape.eu\/fr\/#website\",\"url\":\"https:\/\/www.fizzyvape.eu\/fr\/\",\"name\":\"fizzyvape.eu\",\"description\":\"Refreshing Vapes. Unforgettable Taste.\",\"publisher\":{\"@id\":\"https:\/\/www.fizzyvape.eu\/fr\/#organization\"},\"potentialAction\":[{\"@type\":\"SearchAction\",\"target\":{\"@type\":\"EntryPoint\",\"urlTemplate\":\"https:\/\/www.fizzyvape.eu\/fr\/?s={search_term_string}\"},\"query-input\":{\"@type\":\"PropertyValueSpecification\",\"valueRequired\":true,\"valueName\":\"search_term_string\"}}],\"inLanguage\":\"fr-FR\"},{\"@type\":\"Organization\",\"@id\":\"https:\/\/www.fizzyvape.eu\/fr\/#organization\",\"name\":\"fizzyvape.eu\",\"url\":\"https:\/\/www.fizzyvape.eu\/fr\/\",\"logo\":{\"@type\":\"ImageObject\",\"inLanguage\":\"fr-FR\",\"@id\":\"https:\/\/www.fizzyvape.eu\/fr\/#\/schema\/logo\/image\/\",\"url\":\"https:\/\/fizzyvape.eu\/wp-content\/uploads\/2019\/06\/print-1.svg\",\"contentUrl\":\"https:\/\/fizzyvape.eu\/wp-content\/uploads\/2019\/06\/print-1.svg\",\"width\":124,\"height\":37,\"caption\":\"fizzyvape.eu\"},\"image\":{\"@id\":\"https:\/\/www.fizzyvape.eu\/fr\/#\/schema\/logo\/image\/\"}}]}<\/script>\n<meta property=\"og:availability\" content=\"out of stock\" \/>\n<meta property=\"product:availability\" content=\"out of stock\" \/>\n<meta property=\"product:condition\" content=\"new\" \/>\n<!-- \/ Yoast SEO Premium plugin. -->","yoast_head_json":{"title":"Wholesale Vape EU : 60K Puffs 6in1 Disposable | Bulk Discount","description":"Wholesale Vape EU - Fizzy Max III 6in1 : 60000 bouff\u00e9es, 6 saveurs, vapes rechargeables jetables. Economies en gros sur les appareils 60mL et Type-C. Stock de l'UE. Commandez maintenant !","robots":{"index":"index","follow":"follow","max-snippet":"max-snippet:-1","max-image-preview":"max-image-preview:large","max-video-preview":"max-video-preview:-1"},"canonical":"https:\/\/fizzyvape.eu\/fr\/produit\/fizzy-max-iii-6in1-60k-60000-bouffees-vape-jetable-rechargeable-60pcs\/","og_locale":"fr_FR","og_type":"article","og_title":"Fizzy Max III 6in1 60K 60000 bouff\u00e9es Vape jetable rechargeable - 60pcs","og_description":"Wholesale Vape EU - Fizzy Max III 6in1 : 60000 bouff\u00e9es, 6 saveurs, vapes rechargeables jetables. Economies en gros sur les appareils 60mL et Type-C. Stock de l'UE. Commandez maintenant !","og_url":"https:\/\/fizzyvape.eu\/fr\/produit\/fizzy-max-iii-6in1-60k-60000-bouffees-vape-jetable-rechargeable-60pcs\/","og_site_name":"fizzyvape.eu","og_image":[{"width":800,"height":800,"url":"https:\/\/fizzyvape.eu\/wp-content\/uploads\/2025\/06\/Fizzy-Max-60000-Puffs-60pcs.webp","type":"image\/webp"}],"twitter_card":"summary_large_image","twitter_misc":{"Disponibilit\u00e9":"Rupture de stock"},"schema":{"@context":"https:\/\/schema.org","@graph":[{"@type":"WebPage","@id":"https:\/\/fizzyvape.eu\/fr\/produit\/fizzy-max-iii-6in1-60k-60000-bouffees-vape-jetable-rechargeable-60pcs\/","url":"https:\/\/fizzyvape.eu\/fr\/produit\/fizzy-max-iii-6in1-60k-60000-bouffees-vape-jetable-rechargeable-60pcs\/","name":"Wholesale Vape EU : 60K Puffs 6in1 Disposable | Bulk Discount","isPartOf":{"@id":"https:\/\/www.fizzyvape.eu\/fr\/#website"},"primaryImageOfPage":{"@id":"https:\/\/fizzyvape.eu\/fr\/produit\/fizzy-max-iii-6in1-60k-60000-bouffees-vape-jetable-rechargeable-60pcs\/#primaryimage"},"image":{"@id":"https:\/\/fizzyvape.eu\/fr\/produit\/fizzy-max-iii-6in1-60k-60000-bouffees-vape-jetable-rechargeable-60pcs\/#primaryimage"},"thumbnailUrl":"https:\/\/fizzyvape.eu\/wp-content\/uploads\/2025\/06\/Fizzy-Max-60000-Puffs-60pcs.webp","datePublished":"2025-06-09T05:55:05+00:00","description":"Wholesale Vape EU - Fizzy Max III 6in1 : 60000 bouff\u00e9es, 6 saveurs, vapes rechargeables jetables. Economies en gros sur les appareils 60mL et Type-C. Stock de l'UE. Commandez maintenant !","breadcrumb":{"@id":"https:\/\/fizzyvape.eu\/fr\/produit\/fizzy-max-iii-6in1-60k-60000-bouffees-vape-jetable-rechargeable-60pcs\/#breadcrumb"},"inLanguage":"fr-FR","potentialAction":[{"@type":"ReadAction","target":["https:\/\/fizzyvape.eu\/fr\/produit\/fizzy-max-iii-6in1-60k-60000-bouffees-vape-jetable-rechargeable-60pcs\/"]}]},{"@type":"ImageObject","inLanguage":"fr-FR","@id":"https:\/\/fizzyvape.eu\/fr\/produit\/fizzy-max-iii-6in1-60k-60000-bouffees-vape-jetable-rechargeable-60pcs\/#primaryimage","url":"https:\/\/fizzyvape.eu\/wp-content\/uploads\/2025\/06\/Fizzy-Max-60000-Puffs-60pcs.webp","contentUrl":"https:\/\/fizzyvape.eu\/wp-content\/uploads\/2025\/06\/Fizzy-Max-60000-Puffs-60pcs.webp","width":800,"height":800},{"@type":"BreadcrumbList","@id":"https:\/\/fizzyvape.eu\/fr\/produit\/fizzy-max-iii-6in1-60k-60000-bouffees-vape-jetable-rechargeable-60pcs\/#breadcrumb","itemListElement":[{"@type":"ListItem","position":1,"name":"Home","item":"https:\/\/fizzyvape.eu\/fr\/"},{"@type":"ListItem","position":2,"name":"Boutique","item":"https:\/\/www.fizzyvape.eu\/fr\/boutique\/"},{"@type":"ListItem","position":3,"name":"Fizzy Max III 6in1 60K 60000 bouff\u00e9es Vape jetable rechargeable &#8211; 60pcs"}]},{"@type":"WebSite","@id":"https:\/\/www.fizzyvape.eu\/fr\/#website","url":"https:\/\/www.fizzyvape.eu\/fr\/","name":"fizzyvape.eu","description":"Refreshing Vapes. Unforgettable Taste.","publisher":{"@id":"https:\/\/www.fizzyvape.eu\/fr\/#organization"},"potentialAction":[{"@type":"SearchAction","target":{"@type":"EntryPoint","urlTemplate":"https:\/\/www.fizzyvape.eu\/fr\/?s={search_term_string}"},"query-input":{"@type":"PropertyValueSpecification","valueRequired":true,"valueName":"search_term_string"}}],"inLanguage":"fr-FR"},{"@type":"Organization","@id":"https:\/\/www.fizzyvape.eu\/fr\/#organization","name":"fizzyvape.eu","url":"https:\/\/www.fizzyvape.eu\/fr\/","logo":{"@type":"ImageObject","inLanguage":"fr-FR","@id":"https:\/\/www.fizzyvape.eu\/fr\/#\/schema\/logo\/image\/","url":"https:\/\/fizzyvape.eu\/wp-content\/uploads\/2019\/06\/print-1.svg","contentUrl":"https:\/\/fizzyvape.eu\/wp-content\/uploads\/2019\/06\/print-1.svg","width":124,"height":37,"caption":"fizzyvape.eu"},"image":{"@id":"https:\/\/www.fizzyvape.eu\/fr\/#\/schema\/logo\/image\/"}}]},"og_availability":"out of stock","product_availability":"out of stock","product_condition":"new"},"tiered_pricing_type":"fixed","tiered_pricing_fixed_rules":[],"tiered_pricing_product_settings":{"layout":"default","base_unit_name":{"singular":null,"plural":null},"default_variation":null},"tiered_pricing_minimum_quantity":null,"tiered_pricing_roles_data":[],"tiered_pricing_percentage_rules":[],"tiered_pricing_maximum_quantity":null,"tiered_pricing_quantity_step":null,"_links":{"self":[{"href":"https:\/\/fizzyvape.eu\/fr\/wp-json\/wp\/v2\/product\/33100","targetHints":{"allow":["GET"]}}],"collection":[{"href":"https:\/\/fizzyvape.eu\/fr\/wp-json\/wp\/v2\/product"}],"about":[{"href":"https:\/\/fizzyvape.eu\/fr\/wp-json\/wp\/v2\/types\/product"}],"replies":[{"embeddable":true,"href":"https:\/\/fizzyvape.eu\/fr\/wp-json\/wp\/v2\/comments?post=33100"}],"version-history":[{"count":0,"href":"https:\/\/fizzyvape.eu\/fr\/wp-json\/wp\/v2\/product\/33100\/revisions"}],"wp:featuredmedia":[{"embeddable":true,"href":"https:\/\/fizzyvape.eu\/fr\/wp-json\/wp\/v2\/media\/32506"}],"wp:attachment":[{"href":"https:\/\/fizzyvape.eu\/fr\/wp-json\/wp\/v2\/media?parent=33100"}],"wp:term":[{"taxonomy":"product_brand","embeddable":true,"href":"https:\/\/fizzyvape.eu\/fr\/wp-json\/wp\/v2\/product_brand?post=33100"},{"taxonomy":"product_cat","embeddable":true,"href":"https:\/\/fizzyvape.eu\/fr\/wp-json\/wp\/v2\/product_cat?post=33100"},{"taxonomy":"product_tag","embeddable":true,"href":"https:\/\/fizzyvape.eu\/fr\/wp-json\/wp\/v2\/product_tag?post=33100"}],"curies":[{"name":"wp","href":"https:\/\/api.w.org\/{rel}","templated":true}]}}