{"id":33106,"date":"2025-06-11T10:34:16","date_gmt":"2025-06-11T02:34:16","guid":{"rendered":"https:\/\/fizzyvape.eu\/product\/fizzy-max-iii-6in1-60k-60000-puffs-rechargeable-disposable-vape-fraise-pasteque-citron-vert-myrtille-noix-de-coco-10pcs\/"},"modified":"2025-06-11T10:34:16","modified_gmt":"2025-06-11T02:34:16","slug":"fizzy-max-iii-6in1-60k-60000-puffs-rechargeable-disposable-vape-fraise-pasteque-citron-vert-myrtille-noix-de-coco-10pcs","status":"publish","type":"product","link":"https:\/\/fizzyvape.eu\/fr\/produit\/fizzy-max-iii-6in1-60k-60000-puffs-rechargeable-disposable-vape-fraise-pasteque-citron-vert-myrtille-noix-de-coco-10pcs\/","title":{"rendered":"Fizzy Max III 6in1 60K 60000 Puffs Rechargeable Disposable Vape &#8211; Fraise Past\u00e8que &amp; Citron Vert &amp; Myrtille Noix de Coco &#8211; 10pcs"},"content":{"rendered":"<h1><img decoding=\"async\" class=\"aligncenter\" src=\"https:\/\/fizzyvape.eu\/wp-content\/uploads\/2025\/06\/Fizzy-Max-III-6in1-60K-60000-Puffs-1-1.webp\" alt=\"Fizzy Max III 60000 Puffs 6in1 Vape jetable (1)\"><\/h1>\n<h2>Fizzy Max III 6in1 60000 Puffs Rechargeable Disposable Vape &#8211; Fraise Past\u00e8que &amp; Citron Vert &amp; Myrtille Noix de Coco (10pcs)<\/h2>\n<h3><strong>Jusqu&#8217;\u00e0 60 000 bouff\u00e9es &#8211; Rechargeable et jetable &#8211; 6 ar\u00f4mes en 1<\/strong><\/h3>\n<p>Le <strong>Fizzy Max III 6in1<\/strong> est un <strong>vaporisateur jetable rechargeable<\/strong> r\u00e9volutionnaire qui permet de <strong>tirer jusqu&#8217;\u00e0 60 000 bouff\u00e9es<\/strong> dans un seul appareil. Avec <strong>trois dosettes pr\u00e9-remplies de 20 ml<\/strong> et <strong>six modes d&#8217;ar\u00f4mes distincts<\/strong>, il allie une commodit\u00e9 ultime \u00e0 une polyvalence in\u00e9gal\u00e9e. <\/p>\n<h3><strong>Fizzy Max III<\/strong><strong> Caract\u00e9ristiques principales<\/strong><\/h3>\n<ul>\n<li><strong>Nombre de bouff\u00e9es<\/strong>: Jusqu&#8217;\u00e0 60 000<\/li>\n<li><strong>Design<\/strong>: Rechargeable + jetable (pas de recharge n\u00e9cessaire)<\/li>\n<li><strong>Batterie<\/strong>: 850mAh int\u00e9gr\u00e9e (chargement par USB Type-C)<\/li>\n<li><strong>Capacit\u00e9 en e-liquide<\/strong>: 60mL au total (3 x 20mL)<\/li>\n<li><strong>Intensit\u00e9 de la nicotine<\/strong>: Disponible en 2% ou 5% de nicotine<\/li>\n<li><strong>Ar\u00f4mes<\/strong>: 6 modes d&#8217;ar\u00f4mes dans 1 appareil (3 simples + 3 mixtes)<\/li>\n<li><strong>Affichage LED<\/strong>: Indique l&#8217;\u00e9tat de la batterie et le mode d&#8217;ar\u00f4me<\/li>\n<li><strong>Embout<\/strong>: Conception rotative pour changer facilement d&#8217;ar\u00f4me<\/li>\n<li><strong>Type de bobine<\/strong>: Bobine \u00e0 maille avanc\u00e9e pour une vapeur riche et douce<\/li>\n<li><strong>Style d&#8217;utilisation<\/strong>: Supporte le vapotage MTL et DL<\/li>\n<\/ul>\n<h3><strong>6 ar\u00f4mes en 1 appareil<\/strong><\/h3>\n<p>Pr\u00e9-rempli de trois dosettes de 20 ml :<\/p>\n<ul>\n<li>Past\u00e8que \u00e0 la fraise<\/li>\n<li>Citron vert<\/li>\n<li>Bleuet et noix de coco<\/li>\n<\/ul>\n<p>Tournez l&#8217;embout pour passer de l&#8217;un \u00e0 l&#8217;autre :<\/p>\n<ul>\n<li>Saveurs uniques : A, B, C<\/li>\n<li>M\u00e9lange de deux saveurs : AB, BC, CA<\/li>\n<\/ul>\n<p>S\u00e9quence d&#8217;ar\u00f4mes :<br \/>\nA \u2192 M\u00e9lange AB \u2192 B \u2192 M\u00e9lange BC \u2192 C \u2192 M\u00e9lange CA<\/p>\n<p>Pas de boutons, pas de r\u00e9glages. Il suffit de tourner et d&#8217;appr\u00e9cier. Voyez comment il fonctionne dans notre <a href=\"https:\/\/www.youtube.com\/watch?v=CoxB_HvaU3k\">vid\u00e9o de d\u00e9monstration<\/a>.  <\/p>\n<h3><strong>Fizzy Max III 6in1 60000 Puffs Disposable Vape Flavors List :<\/strong><\/h3>\n<ol>\n<li><a href=\"https:\/\/fizzyvape.eu\/fr\/produit\/fizzy-max-iii-6in1-60k-60000-puffs-rechargeable-disposable-vape-fraise-framboise-mangue-peche-myrtille-pasteque-10pcs\/\">Fraise Framboise &amp; Mangue P\u00eache &amp; Myrtille Past\u00e8que<\/a><\/li>\n<li><a href=\"https:\/\/fizzyvape.eu\/fr\/produit\/fizzy-max-iii-6in1-60k-60000-puffs-rechargeable-disposable-vape-mixed-berry-kiwi-passion-fruit-guava-strawberry-watermelon-10pcs\/\">Baies m\u00e9lang\u00e9es et kiwi Fruit de la passion Goyave et fraise Past\u00e8que<\/a><\/li>\n<li><a href=\"https:\/\/fizzyvape.eu\/fr\/produit\/fizzy-max-iii-6in1-60k-60000-puffs-rechargeable-disposable-vape-blueberry-raspberry-triple-melon-strawberry-ice-10pcs\/\">Glace myrtille framboise &amp; triple melon &amp; fraise<\/a><\/li>\n<li><a href=\"https:\/\/fizzyvape.eu\/fr\/produit\/fizzy-max-iii-6in1-60k-60000-puffs-rechargeable-disposable-vape-fraise-fruit-du-dragon-red-bull-framboise-pasteque-10pcs\/\">Fraise fruit du dragon &amp; Red Bull &amp; past\u00e8que framboise<\/a><\/li>\n<li><a href=\"https:\/\/fizzyvape.eu\/fr\/produit\/fizzy-max-iii-6in1-60k-60000-puffs-rechargeable-disposable-vape-fraise-kiwi-myrtille-glace-pasteque-glace-10pcs\/\">Glace fraise kiwi, glace myrtille et glace past\u00e8que<\/a><\/li>\n<li><a href=\"https:\/\/fizzyvape.eu\/fr\/produit\/fizzy-max-iii-6in1-60k-60000-bouffees-vape-jetable-rechargeable-blueberry-ice-fizzy-cherry-raspberry-lemon-10pcs\/\">Glace aux myrtilles, cerise p\u00e9tillante, framboise et citron<\/a><\/li>\n<li><a href=\"https:\/\/fizzyvape.eu\/fr\/produit\/fizzy-max-iii-6in1-60k-60000-puffs-rechargeable-disposable-vape-watermelon-ice-strawberry-vanilla-coke-mixed-berry-10pcs\/\">Glace \u00e0 la past\u00e8que et fraise Coca-Cola \u00e0 la vanille et m\u00e9langes<\/a><\/li>\n<li><a href=\"https:\/\/fizzyvape.eu\/fr\/produit\/fizzy-max-iii-6in1-60k-60000-puffs-rechargeable-disposable-vape-fraise-raisin-myrtille-noix-de-coco-peche-citron-10pcs\/\">Fraise Raisin &amp; Myrtille Noix de coco &amp; P\u00eache Citron<\/a><\/li>\n<li><a href=\"https:\/\/fizzyvape.eu\/fr\/produit\/fizzy-max-iii-6in1-60k-60000-puffs-rechargeable-disposable-vape-blue-razz-ice-strawberry-kiwi-sour-pineapple-orange-10pcs\/\">Blue Razz Ice &amp; Strawberry Kiwi &amp; Sour Pineapple Orange<\/a><\/li>\n<li><a href=\"https:\/\/fizzyvape.eu\/fr\/produit\/fizzy-max-iii-6in1-60k-60000-puffs-rechargeable-disposable-vape-fraise-pasteque-citron-vert-myrtille-noix-de-coco-10pcs\/\">Fraise-melon d&#8217;eau, citron-citron vert et myrtille-coco<\/a><\/li>\n<\/ol>\n<h2>Des modes de vapotage pour tous les styles<\/h2>\n<ul>\n<li><strong>Mode MTL (Single Flavor<\/strong> ) &#8211; Un tirage serr\u00e9 et doux pour une exp\u00e9rience de type cigarette<\/li>\n<li><strong>Mode DL (Mix Flavor<\/strong> ) &#8211; Aspiration a\u00e9r\u00e9e, vapeur plus ample, saveur plus intense.<\/li>\n<\/ul>\n<h2>Pourquoi choisir Fizzy Max III 6in1 ?<\/h2>\n<ul>\n<li><strong>Nombre de bouff\u00e9es tr\u00e8s \u00e9lev\u00e9<\/strong>: L&#8217;une des vapes les plus durables du march\u00e9<\/li>\n<li><strong>V\u00e9ritablement jetable + rechargeable<\/strong>: Utilisez-le jusqu&#8217;\u00e0 ce qu&#8217;il soit vide, rechargez-le au besoin<\/li>\n<li><strong>Plusieurs ar\u00f4mes dans un seul appareil<\/strong>: Passez d&#8217;un mode \u00e0 l&#8217;autre \u00e0 tout moment<\/li>\n<li><strong>\u00c9cran LED intelligent<\/strong>: Connaissez votre niveau de batterie et le mode actuel en un coup d&#8217;\u0153il<\/li>\n<li><strong>Options de nicotine de qualit\u00e9 sup\u00e9rieure<\/strong>: Choisissez entre 2% et 5% pour r\u00e9pondre \u00e0 vos pr\u00e9f\u00e9rences<\/li>\n<li><strong>60 ml d&#8217;e-liquide<\/strong>: Une capacit\u00e9 massive pour un plaisir \u00e0 long terme<\/li>\n<li><strong>Exp\u00e9dition rapide dans l&#8217;UE<\/strong>: Pas de d\u00e9lais de douane, traitement rapide \u00e0 partir de notre entrep\u00f4t europ\u00e9en.<\/li>\n<\/ul>\n<h3><strong>FAQ &#8211; Fizzy Max III 6in1 60K Vape jetable<\/strong><\/h3>\n<p><strong>1. Est-il vraiment jetable m\u00eame s&#8217;il est rechargeable ?<\/strong><br \/>\nOui. L&#8217;appareil est rechargeable pour maximiser l&#8217;utilisation de tout le liquide pr\u00e9-rempli, mais il est jetable et doit \u00eatre jet\u00e9 une fois vide. <\/p>\n<p><strong>2. Comment changer d&#8217;ar\u00f4me ?<\/strong><br \/>\nIl suffit de tourner l&#8217;embout. L&#8217;\u00e9cran LED affiche le mode actuel pendant que vous passez d&#8217;un ar\u00f4me \u00e0 l&#8217;autre. <\/p>\n<p><strong>3. Ce produit convient-il pour le vapotage MTL ou DL ?<\/strong><br \/>\nLes deux. Utilisez les modes mono-ar\u00f4me pour la MTL et les modes m\u00e9lange d&#8217;ar\u00f4mes pour la DL. Le flux d&#8217;air et la r\u00e9sistance \u00e0 l&#8217;aspiration s&#8217;adaptent en cons\u00e9quence.  <\/p>\n<p>&nbsp;<\/p>\n","protected":false},"excerpt":{"rendered":"<p>Exp\u00e9rimentez jusqu&#8217;\u00e0 60 000 bouff\u00e9es avec cette vape rechargeable jetable qui comprend 60 ml d&#8217;e-liquide, une batterie de 850 mAh, un \u00e9cran LED et six modes d&#8217;ar\u00f4mes dans un seul appareil. Pr\u00e9-rempli de trois dosettes et disponible en 2% ou 5% de nicotine. Le design Twist-to-switch permet de changer d&#8217;ar\u00f4me sans effort.  <\/p>\n","protected":false},"featured_media":32479,"comment_status":"open","ping_status":"closed","template":"","meta":{"iawp_total_views":0},"product_brand":[],"product_cat":[593],"product_tag":[597,594,596,595],"class_list":{"0":"post-33106","1":"product","2":"type-product","3":"status-publish","4":"has-post-thumbnail","6":"product_cat-max-iii-6in1-60k-60000-puffs-rechargeable-disposable-vape-fr","7":"product_tag-6-aromes-en-1-appareil","8":"product_tag-60000-bouffees","9":"product_tag-rechargeable-fr","10":"product_tag-vape-a-usage-unique","12":"first","13":"outofstock","14":"sale","15":"shipping-taxable","16":"purchasable","17":"product-type-variable"},"yoast_head":"<!-- This site is optimized with the Yoast SEO Premium plugin v24.8 (Yoast SEO v24.8) - https:\/\/yoast.com\/wordpress\/plugins\/seo\/ -->\n<title>Fizzy Max 60000 Puffs Vape jetable rechargeable - 6 saveurs<\/title>\n<meta name=\"description\" content=\"Fizzy Max III 6in1 : 60 000 bouff\u00e9es, rechargeable, 60mL d&#039;e-liquide, affichage LED, 6 saveurs, 2% ou 5% de nicotine. Le nec plus ultra de la vape jetable.\" \/>\n<meta name=\"robots\" content=\"index, follow, max-snippet:-1, max-image-preview:large, max-video-preview:-1\" \/>\n<link rel=\"canonical\" href=\"https:\/\/fizzyvape.eu\/fr\/produit\/fizzy-max-iii-6in1-60k-60000-puffs-rechargeable-disposable-vape-fraise-pasteque-citron-vert-myrtille-noix-de-coco-10pcs\/\" \/>\n<meta property=\"og:locale\" content=\"fr_FR\" \/>\n<meta property=\"og:type\" content=\"article\" \/>\n<meta property=\"og:title\" content=\"Fizzy Max III 6in1 60K 60000 Puffs Rechargeable Disposable Vape - Fraise Past\u00e8que &amp; Citron Vert &amp; Myrtille Noix de Coco - 10pcs\" \/>\n<meta property=\"og:description\" content=\"Fizzy Max III 6in1 : 60 000 bouff\u00e9es, rechargeable, 60mL d&#039;e-liquide, affichage LED, 6 saveurs, 2% ou 5% de nicotine. Le nec plus ultra de la vape jetable.\" \/>\n<meta property=\"og:url\" content=\"https:\/\/fizzyvape.eu\/fr\/produit\/fizzy-max-iii-6in1-60k-60000-puffs-rechargeable-disposable-vape-fraise-pasteque-citron-vert-myrtille-noix-de-coco-10pcs\/\" \/>\n<meta property=\"og:site_name\" content=\"fizzyvape.eu\" \/>\n<meta property=\"og:image\" content=\"https:\/\/fizzyvape.eu\/wp-content\/uploads\/2025\/06\/Fizzy-Max-60000-Puffs-09.webp\" \/>\n\t<meta property=\"og:image:width\" content=\"800\" \/>\n\t<meta property=\"og:image:height\" content=\"800\" \/>\n\t<meta property=\"og:image:type\" content=\"image\/webp\" \/>\n<meta name=\"twitter:card\" content=\"summary_large_image\" \/>\n<meta name=\"twitter:label1\" content=\"Disponibilit\u00e9\" \/>\n\t<meta name=\"twitter:data1\" content=\"Rupture de stock\" \/>\n<script type=\"application\/ld+json\" class=\"yoast-schema-graph\">{\"@context\":\"https:\/\/schema.org\",\"@graph\":[{\"@type\":\"WebPage\",\"@id\":\"https:\/\/fizzyvape.eu\/fr\/produit\/fizzy-max-iii-6in1-60k-60000-puffs-rechargeable-disposable-vape-fraise-pasteque-citron-vert-myrtille-noix-de-coco-10pcs\/\",\"url\":\"https:\/\/fizzyvape.eu\/fr\/produit\/fizzy-max-iii-6in1-60k-60000-puffs-rechargeable-disposable-vape-fraise-pasteque-citron-vert-myrtille-noix-de-coco-10pcs\/\",\"name\":\"Fizzy Max 60000 Puffs Vape jetable rechargeable - 6 saveurs\",\"isPartOf\":{\"@id\":\"https:\/\/www.fizzyvape.eu\/fr\/#website\"},\"primaryImageOfPage\":{\"@id\":\"https:\/\/fizzyvape.eu\/fr\/produit\/fizzy-max-iii-6in1-60k-60000-puffs-rechargeable-disposable-vape-fraise-pasteque-citron-vert-myrtille-noix-de-coco-10pcs\/#primaryimage\"},\"image\":{\"@id\":\"https:\/\/fizzyvape.eu\/fr\/produit\/fizzy-max-iii-6in1-60k-60000-puffs-rechargeable-disposable-vape-fraise-pasteque-citron-vert-myrtille-noix-de-coco-10pcs\/#primaryimage\"},\"thumbnailUrl\":\"https:\/\/fizzyvape.eu\/wp-content\/uploads\/2025\/06\/Fizzy-Max-60000-Puffs-09.webp\",\"datePublished\":\"2025-06-11T02:34:16+00:00\",\"description\":\"Fizzy Max III 6in1 : 60 000 bouff\u00e9es, rechargeable, 60mL d'e-liquide, affichage LED, 6 saveurs, 2% ou 5% de nicotine. Le nec plus ultra de la vape jetable.\",\"breadcrumb\":{\"@id\":\"https:\/\/fizzyvape.eu\/fr\/produit\/fizzy-max-iii-6in1-60k-60000-puffs-rechargeable-disposable-vape-fraise-pasteque-citron-vert-myrtille-noix-de-coco-10pcs\/#breadcrumb\"},\"inLanguage\":\"fr-FR\",\"potentialAction\":[{\"@type\":\"ReadAction\",\"target\":[\"https:\/\/fizzyvape.eu\/fr\/produit\/fizzy-max-iii-6in1-60k-60000-puffs-rechargeable-disposable-vape-fraise-pasteque-citron-vert-myrtille-noix-de-coco-10pcs\/\"]}]},{\"@type\":\"ImageObject\",\"inLanguage\":\"fr-FR\",\"@id\":\"https:\/\/fizzyvape.eu\/fr\/produit\/fizzy-max-iii-6in1-60k-60000-puffs-rechargeable-disposable-vape-fraise-pasteque-citron-vert-myrtille-noix-de-coco-10pcs\/#primaryimage\",\"url\":\"https:\/\/fizzyvape.eu\/wp-content\/uploads\/2025\/06\/Fizzy-Max-60000-Puffs-09.webp\",\"contentUrl\":\"https:\/\/fizzyvape.eu\/wp-content\/uploads\/2025\/06\/Fizzy-Max-60000-Puffs-09.webp\",\"width\":800,\"height\":800},{\"@type\":\"BreadcrumbList\",\"@id\":\"https:\/\/fizzyvape.eu\/fr\/produit\/fizzy-max-iii-6in1-60k-60000-puffs-rechargeable-disposable-vape-fraise-pasteque-citron-vert-myrtille-noix-de-coco-10pcs\/#breadcrumb\",\"itemListElement\":[{\"@type\":\"ListItem\",\"position\":1,\"name\":\"Home\",\"item\":\"https:\/\/fizzyvape.eu\/fr\/\"},{\"@type\":\"ListItem\",\"position\":2,\"name\":\"Boutique\",\"item\":\"https:\/\/www.fizzyvape.eu\/fr\/boutique\/\"},{\"@type\":\"ListItem\",\"position\":3,\"name\":\"Fizzy Max III 6in1 60K 60000 Puffs Rechargeable Disposable Vape &#8211; Fraise Past\u00e8que &amp; Citron Vert &amp; Myrtille Noix de Coco &#8211; 10pcs\"}]},{\"@type\":\"WebSite\",\"@id\":\"https:\/\/www.fizzyvape.eu\/fr\/#website\",\"url\":\"https:\/\/www.fizzyvape.eu\/fr\/\",\"name\":\"fizzyvape.eu\",\"description\":\"Refreshing Vapes. Unforgettable Taste.\",\"publisher\":{\"@id\":\"https:\/\/www.fizzyvape.eu\/fr\/#organization\"},\"potentialAction\":[{\"@type\":\"SearchAction\",\"target\":{\"@type\":\"EntryPoint\",\"urlTemplate\":\"https:\/\/www.fizzyvape.eu\/fr\/?s={search_term_string}\"},\"query-input\":{\"@type\":\"PropertyValueSpecification\",\"valueRequired\":true,\"valueName\":\"search_term_string\"}}],\"inLanguage\":\"fr-FR\"},{\"@type\":\"Organization\",\"@id\":\"https:\/\/www.fizzyvape.eu\/fr\/#organization\",\"name\":\"fizzyvape.eu\",\"url\":\"https:\/\/www.fizzyvape.eu\/fr\/\",\"logo\":{\"@type\":\"ImageObject\",\"inLanguage\":\"fr-FR\",\"@id\":\"https:\/\/www.fizzyvape.eu\/fr\/#\/schema\/logo\/image\/\",\"url\":\"https:\/\/fizzyvape.eu\/wp-content\/uploads\/2019\/06\/print-1.svg\",\"contentUrl\":\"https:\/\/fizzyvape.eu\/wp-content\/uploads\/2019\/06\/print-1.svg\",\"width\":124,\"height\":37,\"caption\":\"fizzyvape.eu\"},\"image\":{\"@id\":\"https:\/\/www.fizzyvape.eu\/fr\/#\/schema\/logo\/image\/\"}}]}<\/script>\n<meta property=\"og:availability\" content=\"out of stock\" \/>\n<meta property=\"product:availability\" content=\"out of stock\" \/>\n<meta property=\"product:condition\" content=\"new\" \/>\n<!-- \/ Yoast SEO Premium plugin. -->","yoast_head_json":{"title":"Fizzy Max 60000 Puffs Vape jetable rechargeable - 6 saveurs","description":"Fizzy Max III 6in1 : 60 000 bouff\u00e9es, rechargeable, 60mL d'e-liquide, affichage LED, 6 saveurs, 2% ou 5% de nicotine. Le nec plus ultra de la vape jetable.","robots":{"index":"index","follow":"follow","max-snippet":"max-snippet:-1","max-image-preview":"max-image-preview:large","max-video-preview":"max-video-preview:-1"},"canonical":"https:\/\/fizzyvape.eu\/fr\/produit\/fizzy-max-iii-6in1-60k-60000-puffs-rechargeable-disposable-vape-fraise-pasteque-citron-vert-myrtille-noix-de-coco-10pcs\/","og_locale":"fr_FR","og_type":"article","og_title":"Fizzy Max III 6in1 60K 60000 Puffs Rechargeable Disposable Vape - Fraise Past\u00e8que &amp; Citron Vert &amp; Myrtille Noix de Coco - 10pcs","og_description":"Fizzy Max III 6in1 : 60 000 bouff\u00e9es, rechargeable, 60mL d'e-liquide, affichage LED, 6 saveurs, 2% ou 5% de nicotine. Le nec plus ultra de la vape jetable.","og_url":"https:\/\/fizzyvape.eu\/fr\/produit\/fizzy-max-iii-6in1-60k-60000-puffs-rechargeable-disposable-vape-fraise-pasteque-citron-vert-myrtille-noix-de-coco-10pcs\/","og_site_name":"fizzyvape.eu","og_image":[{"width":800,"height":800,"url":"https:\/\/fizzyvape.eu\/wp-content\/uploads\/2025\/06\/Fizzy-Max-60000-Puffs-09.webp","type":"image\/webp"}],"twitter_card":"summary_large_image","twitter_misc":{"Disponibilit\u00e9":"Rupture de stock"},"schema":{"@context":"https:\/\/schema.org","@graph":[{"@type":"WebPage","@id":"https:\/\/fizzyvape.eu\/fr\/produit\/fizzy-max-iii-6in1-60k-60000-puffs-rechargeable-disposable-vape-fraise-pasteque-citron-vert-myrtille-noix-de-coco-10pcs\/","url":"https:\/\/fizzyvape.eu\/fr\/produit\/fizzy-max-iii-6in1-60k-60000-puffs-rechargeable-disposable-vape-fraise-pasteque-citron-vert-myrtille-noix-de-coco-10pcs\/","name":"Fizzy Max 60000 Puffs Vape jetable rechargeable - 6 saveurs","isPartOf":{"@id":"https:\/\/www.fizzyvape.eu\/fr\/#website"},"primaryImageOfPage":{"@id":"https:\/\/fizzyvape.eu\/fr\/produit\/fizzy-max-iii-6in1-60k-60000-puffs-rechargeable-disposable-vape-fraise-pasteque-citron-vert-myrtille-noix-de-coco-10pcs\/#primaryimage"},"image":{"@id":"https:\/\/fizzyvape.eu\/fr\/produit\/fizzy-max-iii-6in1-60k-60000-puffs-rechargeable-disposable-vape-fraise-pasteque-citron-vert-myrtille-noix-de-coco-10pcs\/#primaryimage"},"thumbnailUrl":"https:\/\/fizzyvape.eu\/wp-content\/uploads\/2025\/06\/Fizzy-Max-60000-Puffs-09.webp","datePublished":"2025-06-11T02:34:16+00:00","description":"Fizzy Max III 6in1 : 60 000 bouff\u00e9es, rechargeable, 60mL d'e-liquide, affichage LED, 6 saveurs, 2% ou 5% de nicotine. Le nec plus ultra de la vape jetable.","breadcrumb":{"@id":"https:\/\/fizzyvape.eu\/fr\/produit\/fizzy-max-iii-6in1-60k-60000-puffs-rechargeable-disposable-vape-fraise-pasteque-citron-vert-myrtille-noix-de-coco-10pcs\/#breadcrumb"},"inLanguage":"fr-FR","potentialAction":[{"@type":"ReadAction","target":["https:\/\/fizzyvape.eu\/fr\/produit\/fizzy-max-iii-6in1-60k-60000-puffs-rechargeable-disposable-vape-fraise-pasteque-citron-vert-myrtille-noix-de-coco-10pcs\/"]}]},{"@type":"ImageObject","inLanguage":"fr-FR","@id":"https:\/\/fizzyvape.eu\/fr\/produit\/fizzy-max-iii-6in1-60k-60000-puffs-rechargeable-disposable-vape-fraise-pasteque-citron-vert-myrtille-noix-de-coco-10pcs\/#primaryimage","url":"https:\/\/fizzyvape.eu\/wp-content\/uploads\/2025\/06\/Fizzy-Max-60000-Puffs-09.webp","contentUrl":"https:\/\/fizzyvape.eu\/wp-content\/uploads\/2025\/06\/Fizzy-Max-60000-Puffs-09.webp","width":800,"height":800},{"@type":"BreadcrumbList","@id":"https:\/\/fizzyvape.eu\/fr\/produit\/fizzy-max-iii-6in1-60k-60000-puffs-rechargeable-disposable-vape-fraise-pasteque-citron-vert-myrtille-noix-de-coco-10pcs\/#breadcrumb","itemListElement":[{"@type":"ListItem","position":1,"name":"Home","item":"https:\/\/fizzyvape.eu\/fr\/"},{"@type":"ListItem","position":2,"name":"Boutique","item":"https:\/\/www.fizzyvape.eu\/fr\/boutique\/"},{"@type":"ListItem","position":3,"name":"Fizzy Max III 6in1 60K 60000 Puffs Rechargeable Disposable Vape &#8211; Fraise Past\u00e8que &amp; Citron Vert &amp; Myrtille Noix de Coco &#8211; 10pcs"}]},{"@type":"WebSite","@id":"https:\/\/www.fizzyvape.eu\/fr\/#website","url":"https:\/\/www.fizzyvape.eu\/fr\/","name":"fizzyvape.eu","description":"Refreshing Vapes. Unforgettable Taste.","publisher":{"@id":"https:\/\/www.fizzyvape.eu\/fr\/#organization"},"potentialAction":[{"@type":"SearchAction","target":{"@type":"EntryPoint","urlTemplate":"https:\/\/www.fizzyvape.eu\/fr\/?s={search_term_string}"},"query-input":{"@type":"PropertyValueSpecification","valueRequired":true,"valueName":"search_term_string"}}],"inLanguage":"fr-FR"},{"@type":"Organization","@id":"https:\/\/www.fizzyvape.eu\/fr\/#organization","name":"fizzyvape.eu","url":"https:\/\/www.fizzyvape.eu\/fr\/","logo":{"@type":"ImageObject","inLanguage":"fr-FR","@id":"https:\/\/www.fizzyvape.eu\/fr\/#\/schema\/logo\/image\/","url":"https:\/\/fizzyvape.eu\/wp-content\/uploads\/2019\/06\/print-1.svg","contentUrl":"https:\/\/fizzyvape.eu\/wp-content\/uploads\/2019\/06\/print-1.svg","width":124,"height":37,"caption":"fizzyvape.eu"},"image":{"@id":"https:\/\/www.fizzyvape.eu\/fr\/#\/schema\/logo\/image\/"}}]},"og_availability":"out of stock","product_availability":"out of stock","product_condition":"new"},"tiered_pricing_type":"fixed","tiered_pricing_fixed_rules":[],"tiered_pricing_product_settings":{"layout":"default","base_unit_name":{"singular":null,"plural":null},"default_variation":null},"tiered_pricing_minimum_quantity":null,"tiered_pricing_roles_data":[],"tiered_pricing_percentage_rules":[],"tiered_pricing_maximum_quantity":null,"tiered_pricing_quantity_step":null,"_links":{"self":[{"href":"https:\/\/fizzyvape.eu\/fr\/wp-json\/wp\/v2\/product\/33106","targetHints":{"allow":["GET"]}}],"collection":[{"href":"https:\/\/fizzyvape.eu\/fr\/wp-json\/wp\/v2\/product"}],"about":[{"href":"https:\/\/fizzyvape.eu\/fr\/wp-json\/wp\/v2\/types\/product"}],"replies":[{"embeddable":true,"href":"https:\/\/fizzyvape.eu\/fr\/wp-json\/wp\/v2\/comments?post=33106"}],"version-history":[{"count":0,"href":"https:\/\/fizzyvape.eu\/fr\/wp-json\/wp\/v2\/product\/33106\/revisions"}],"wp:featuredmedia":[{"embeddable":true,"href":"https:\/\/fizzyvape.eu\/fr\/wp-json\/wp\/v2\/media\/32479"}],"wp:attachment":[{"href":"https:\/\/fizzyvape.eu\/fr\/wp-json\/wp\/v2\/media?parent=33106"}],"wp:term":[{"taxonomy":"product_brand","embeddable":true,"href":"https:\/\/fizzyvape.eu\/fr\/wp-json\/wp\/v2\/product_brand?post=33106"},{"taxonomy":"product_cat","embeddable":true,"href":"https:\/\/fizzyvape.eu\/fr\/wp-json\/wp\/v2\/product_cat?post=33106"},{"taxonomy":"product_tag","embeddable":true,"href":"https:\/\/fizzyvape.eu\/fr\/wp-json\/wp\/v2\/product_tag?post=33106"}],"curies":[{"name":"wp","href":"https:\/\/api.w.org\/{rel}","templated":true}]}}