{"id":33170,"date":"2025-06-11T10:33:48","date_gmt":"2025-06-11T02:33:48","guid":{"rendered":"https:\/\/fizzyvape.eu\/product\/fizzy-max-iii-6in1-60k-60000-puffs-rechargeable-disposable-vape-fraise-kiwi-myrtille-glace-pasteque-glace-10pcs\/"},"modified":"2025-06-11T10:33:48","modified_gmt":"2025-06-11T02:33:48","slug":"fizzy-max-iii-6in1-60k-60000-puffs-rechargeable-disposable-vape-fraise-kiwi-myrtille-glace-pasteque-glace-10pcs","status":"publish","type":"product","link":"https:\/\/fizzyvape.eu\/fr\/produit\/fizzy-max-iii-6in1-60k-60000-puffs-rechargeable-disposable-vape-fraise-kiwi-myrtille-glace-pasteque-glace-10pcs\/","title":{"rendered":"Fizzy Max III 6in1 60K 60000 Puffs Rechargeable Disposable Vape &#8211; Fraise Kiwi &amp; Myrtille Glace &amp; Past\u00e8que Glace &#8211; 10pcs"},"content":{"rendered":"<h1><img decoding=\"async\" class=\"aligncenter\" src=\"https:\/\/fizzyvape.eu\/wp-content\/uploads\/2025\/06\/Fizzy-Max-III-6in1-60K-60000-Puffs-6-1.webp\" alt=\"Fizzy Max III 60000 Puffs 6in1 Vape jetable en gros (5)\"><\/h1>\n<h1><strong>Fizzy Max III 6in1 60K 60000 Puffs Rechargeable Disposable Vape<\/strong><\/h1>\n<p><strong>Glace fraise, kiwi, myrtille et past\u00e8que &#8211; paquet de 10 pi\u00e8ces<\/strong><\/p>\n<h2><strong>Un seul appareil. Six ar\u00f4mes. 60 000 bouff\u00e9es de vapeur de qualit\u00e9 sup\u00e9rieure.  <\/strong><\/h2>\n<p>D\u00e9couvrez le futur de la vape jetable avec le Fizzy Max III 6in1 &#8211; un appareil puissant et tout-en-un qui offre 60 000 bouff\u00e9es et 6 saveurs uniques \u00e0 partir de seulement 3 dosettes. Pas de recharge, pas d&#8217;\u00e9change, pas de compromis. <\/p>\n<p>Combinant une ing\u00e9nierie de pointe avec une satisfaction de vapotage pure, cet appareil rechargeable est con\u00e7u pour les utilisateurs qui recherchent la vari\u00e9t\u00e9, la commodit\u00e9 et la performance dans un ensemble \u00e9l\u00e9gant.<\/p>\n<p>D\u00e9couvrez un monde de m\u00e9langes fruit\u00e9s rafra\u00eechissants avec le <strong>Fizzy Max III 6in1<\/strong>, une vape jetable de nouvelle g\u00e9n\u00e9ration offrant <strong>six exp\u00e9riences gustatives uniques<\/strong> \u00e0 partir de seulement <strong>trois dosettes<\/strong>: <strong>Fraise Kiwi<\/strong>, <strong>Myrtille Glac\u00e9e<\/strong> et <strong>Past\u00e8que Glac\u00e9e<\/strong>. Gr\u00e2ce \u00e0 son syst\u00e8me de rotation intelligent, cet appareil offre une vari\u00e9t\u00e9, une puissance et une saveur imbattables sans qu&#8217;il soit n\u00e9cessaire de changer de cartouche. <\/p>\n<h4><strong>Modes d&#8217;ar\u00f4mes :<\/strong><\/h4>\n<ul>\n<li><strong>Fraise Kiwi (A)<\/strong> &#8211; Un m\u00e9lange sucr\u00e9 et acidul\u00e9 de fraises m\u00fbres et de kiwis tropicaux.<\/li>\n<li><strong>Blueberry Ice (B<\/strong> ) &#8211; Une touche glac\u00e9e de myrtilles juteuses avec un final frais.<\/li>\n<li><strong>Watermelon Ice (C)<\/strong> &#8211; Une past\u00e8que rafra\u00eechissante associ\u00e9e \u00e0 une fra\u00eecheur glac\u00e9e<\/li>\n<li><strong>Mix AB<\/strong> &#8211; Une fusion de baies et de kiwis bien fra\u00eeche avec une touche de vitalit\u00e9<\/li>\n<li><strong>Mix BC<\/strong> &#8211; Un m\u00e9lange de baies et de melons frais, \u00e0 la saveur glac\u00e9e.<\/li>\n<li><strong>Mix CA<\/strong> &#8211; Fraise-melon d&#8217;eau glac\u00e9e avec des notes tropicales<\/li>\n<\/ul>\n<p>En <strong>soulevant et en tournant l&#8217;embout<\/strong>, vous pouvez passer d&#8217;un ar\u00f4me \u00e0 l&#8217;autre sans effort et dans cet ordre :<br \/>\n<strong>A \u2192 Mix AB \u2192 B \u2192 Mix BC \u2192 C \u2192 Mix CA<\/strong><\/p>\n<p>Passez d&#8217;un ar\u00f4me \u00e0 l&#8217;autre en toute transparence par une simple rotation de l&#8217;embout buccal. Profitez de la commodit\u00e9 ultime du syst\u00e8me 6 en 1. Vous \u00eates curieux ? Regardez notre <a href=\"https:\/\/www.youtube.com\/watch?v=CoxB_HvaU3k\">vid\u00e9o de<\/a> d\u00e9monstration.   <\/p>\n<h3>Caract\u00e9ristiques principales<\/h3>\n<ul>\n<li><strong>60 000 bouff\u00e9es<\/strong><br \/>\nCapacit\u00e9 massive avec 60 ml d&#8217;e-liquide et bobine en maille pour des performances constantes et durables.<\/li>\n<li><strong>6 saveurs dans 1 appareil<\/strong><br \/>\nTrois dosettes \u00e0 saveur unique (fraise kiwi, myrtille glac\u00e9e, past\u00e8que glac\u00e9e) + trois modes de m\u00e9lange = six exp\u00e9riences gustatives.<\/li>\n<li><strong>Smart Rotation System<\/strong><br \/>\nChangez facilement d&#8217;ar\u00f4me en soulevant et en tournant l&#8217;embout. S\u00e9quence : A \u2192 M\u00e9lange AB \u2192 B \u2192 M\u00e9lange BC \u2192 C \u2192 M\u00e9lange CA. <\/li>\n<li><strong>Rechargeable via USB-C<\/strong><br \/>\nBatterie int\u00e9gr\u00e9e de 850mAh avec charge rapide Type-C. Plus durable que les produits jetables traditionnels. <\/li>\n<li><strong>Affichage LED<\/strong><br \/>\nAffiche le niveau de la batterie et le mode d&#8217;ar\u00f4me actuel pour un contr\u00f4le facile.<\/li>\n<li><strong>Grande capacit\u00e9 d&#8217;e-liquide<\/strong><br \/>\n60mL au total (3 \u00d7 20mL pods) assure des bouff\u00e9es riches et savoureuses jusqu&#8217;\u00e0 la derni\u00e8re bouff\u00e9e.<\/li>\n<li><strong>Options de taux de nicotine<\/strong><br \/>\nDisponible en 2% ou 5% de nicotine pour r\u00e9pondre \u00e0 vos pr\u00e9f\u00e9rences.<\/li>\n<\/ul>\n<h3><strong>Fizzy Max III 6in1 60000 Puffs Disposable Vape Flavors List :<\/strong><\/h3>\n<ol>\n<li><a href=\"https:\/\/fizzyvape.eu\/fr\/produit\/fizzy-max-iii-6in1-60k-60000-puffs-rechargeable-disposable-vape-fraise-framboise-mangue-peche-myrtille-pasteque-10pcs\/\">Fraise Framboise &amp; Mangue P\u00eache &amp; Myrtille Past\u00e8que<\/a><\/li>\n<li><a href=\"https:\/\/fizzyvape.eu\/fr\/produit\/fizzy-max-iii-6in1-60k-60000-puffs-rechargeable-disposable-vape-mixed-berry-kiwi-passion-fruit-guava-strawberry-watermelon-10pcs\/\">Baies m\u00e9lang\u00e9es et kiwi Fruit de la passion Goyave et fraise Past\u00e8que<\/a><\/li>\n<li><a href=\"https:\/\/fizzyvape.eu\/fr\/produit\/fizzy-max-iii-6in1-60k-60000-puffs-rechargeable-disposable-vape-blueberry-raspberry-triple-melon-strawberry-ice-10pcs\/\">Glace myrtille framboise &amp; triple melon &amp; fraise<\/a><\/li>\n<li><a href=\"https:\/\/fizzyvape.eu\/fr\/produit\/fizzy-max-iii-6in1-60k-60000-puffs-rechargeable-disposable-vape-fraise-fruit-du-dragon-red-bull-framboise-pasteque-10pcs\/\">Fraise fruit du dragon &amp; Red Bull &amp; past\u00e8que framboise<\/a><\/li>\n<li><a href=\"https:\/\/fizzyvape.eu\/fr\/produit\/fizzy-max-iii-6in1-60k-60000-puffs-rechargeable-disposable-vape-fraise-kiwi-myrtille-glace-pasteque-glace-10pcs\/\">Glace fraise kiwi, glace myrtille et glace past\u00e8que<\/a><\/li>\n<li><a href=\"https:\/\/fizzyvape.eu\/fr\/produit\/fizzy-max-iii-6in1-60k-60000-bouffees-vape-jetable-rechargeable-blueberry-ice-fizzy-cherry-raspberry-lemon-10pcs\/\">Glace aux myrtilles, cerise p\u00e9tillante, framboise et citron<\/a><\/li>\n<li><a href=\"https:\/\/fizzyvape.eu\/fr\/produit\/fizzy-max-iii-6in1-60k-60000-puffs-rechargeable-disposable-vape-watermelon-ice-strawberry-vanilla-coke-mixed-berry-10pcs\/\">Glace \u00e0 la past\u00e8que et fraise Coca-Cola \u00e0 la vanille et m\u00e9langes<\/a><\/li>\n<li><a href=\"https:\/\/fizzyvape.eu\/fr\/produit\/fizzy-max-iii-6in1-60k-60000-puffs-rechargeable-disposable-vape-fraise-raisin-myrtille-noix-de-coco-peche-citron-10pcs\/\">Fraise Raisin &amp; Myrtille Noix de coco &amp; P\u00eache Citron<\/a><\/li>\n<li><a href=\"https:\/\/fizzyvape.eu\/fr\/produit\/fizzy-max-iii-6in1-60k-60000-puffs-rechargeable-disposable-vape-blue-razz-ice-strawberry-kiwi-sour-pineapple-orange-10pcs\/\">Blue Razz Ice &amp; Strawberry Kiwi &amp; Sour Pineapple Orange<\/a><\/li>\n<li><a href=\"https:\/\/fizzyvape.eu\/fr\/produit\/fizzy-max-iii-6in1-60k-60000-puffs-rechargeable-disposable-vape-fraise-pasteque-citron-vert-myrtille-noix-de-coco-10pcs\/\">Fraise-melon d&#8217;eau, citron-citron vert et myrtille-coco<\/a><\/li>\n<\/ol>\n<h2><strong>Vapez \u00e0 votre fa\u00e7on : Compatible MTL ou DL<\/strong><\/h2>\n<ul>\n<li><strong>Ar\u00f4me unique (mode MTL) :<\/strong> Tirage serr\u00e9 pour les inhalateurs bouche-\u00e0-poumon qui pr\u00e9f\u00e8rent un style de vapotage plus doux et classique.<\/li>\n<li><strong>Mode Mix (Mode DL) :<\/strong> Un flux d&#8217;air plus important et des saveurs plus vari\u00e9es pour les utilisateurs de poumons directs qui recherchent des nuages plus volumineux et des effets plus profonds.<\/li>\n<\/ul>\n<h3><strong>Pourquoi choisir Fizzy Max III 6in1 ?<\/strong><\/h3>\n<ul>\n<li>Nombre massif de bouff\u00e9es et longue dur\u00e9e de vie &#8211; jusqu&#8217;\u00e0 60 000 bouff\u00e9es par appareil<\/li>\n<li>Syst\u00e8me intelligent de 6 ar\u00f4mes avec rotation instantan\u00e9e &#8211; pas de d\u00e9sordre, pas de tracas<\/li>\n<li>Rechargeable via USB Type-C &#8211; efficace et \u00e9co-conscient<\/li>\n<li>Affichage LED de l&#8217;\u00e9tat de la batterie et du mode &#8211; vous gardez toujours le contr\u00f4le<\/li>\n<li>Compact et \u00e9tanche &#8211; con\u00e7u pour la portabilit\u00e9 et la commodit\u00e9<\/li>\n<li>Exp\u00e9dition rapide depuis notre entrep\u00f4t europ\u00e9en &#8211; pas de d\u00e9lais de douane<\/li>\n<\/ul>\n<h3><strong>FAQ &#8211; Fizzy Max III 6in1 60K Vape jetable<\/strong><\/h3>\n<p><strong>1. Combien de bouff\u00e9es offre-t-il ?<\/strong><br \/>\nJusqu&#8217;\u00e0 60 000 bouff\u00e9es, aliment\u00e9es par un e-liquide de 60mL, un mesh coil et une batterie rechargeable de 850mAh.<\/p>\n<p><strong>2. Les MTL et DL sont-elles compatibles ?<\/strong><br \/>\nOui &#8211; utilisez le mode Single-Flavor pour des frappes MTL fluides, ou le mode Mix pour un vapotage DL audacieux et rempli de nuages.<\/p>\n<p><strong>3. Est-il rechargeable ?<\/strong><br \/>\nOui, il est dot\u00e9 d&#8217;une batterie int\u00e9gr\u00e9e de 850mAh et prend en charge la charge rapide Type-C pour un temps d&#8217;arr\u00eat minimal.<\/p>\n","protected":false},"excerpt":{"rendered":"<p>Faites l&#8217;exp\u00e9rience de 6 saveurs dans un dispositif de vapotage \u00e9l\u00e9gant. Le Fizzy Max III d\u00e9livre jusqu&#8217;\u00e0 60 000 bouff\u00e9es, dispose d&#8217;une batterie rechargeable de 850mAh, de 60mL d&#8217;e-liquide de premi\u00e8re qualit\u00e9, d&#8217;un \u00e9cran LED, et d&#8217;un changement rapide de saveur gr\u00e2ce \u00e0 la rotation intelligente. Disponible en 2% ou 5% de nicotine.  <\/p>\n","protected":false},"featured_media":32443,"comment_status":"open","ping_status":"closed","template":"","meta":{"iawp_total_views":0},"product_brand":[],"product_cat":[593],"product_tag":[597,594,596,595],"class_list":{"0":"post-33170","1":"product","2":"type-product","3":"status-publish","4":"has-post-thumbnail","6":"product_cat-max-iii-6in1-60k-60000-puffs-rechargeable-disposable-vape-fr","7":"product_tag-6-aromes-en-1-appareil","8":"product_tag-60000-bouffees","9":"product_tag-rechargeable-fr","10":"product_tag-vape-a-usage-unique","12":"first","13":"outofstock","14":"sale","15":"shipping-taxable","16":"purchasable","17":"product-type-variable"},"yoast_head":"<!-- This site is optimized with the Yoast SEO Premium plugin v24.8 (Yoast SEO v24.8) - https:\/\/yoast.com\/wordpress\/plugins\/seo\/ -->\n<title>850mAh Battery Vape - Fizzy Max III 6in1 60K 60000 Puffs<\/title>\n<meta name=\"description\" content=\"Vape rechargeable avec batterie 850mAh, 60K 60000 bouff\u00e9es, 6 saveurs en 1 Vape jetable, et charge USB-C - Fizzy Max III 6in1\" \/>\n<meta name=\"robots\" content=\"index, follow, max-snippet:-1, max-image-preview:large, max-video-preview:-1\" \/>\n<link rel=\"canonical\" href=\"https:\/\/fizzyvape.eu\/fr\/produit\/fizzy-max-iii-6in1-60k-60000-puffs-rechargeable-disposable-vape-fraise-kiwi-myrtille-glace-pasteque-glace-10pcs\/\" \/>\n<meta property=\"og:locale\" content=\"fr_FR\" \/>\n<meta property=\"og:type\" content=\"article\" \/>\n<meta property=\"og:title\" content=\"Fizzy Max III 6in1 60K 60000 Puffs Rechargeable Disposable Vape - Fraise Kiwi &amp; Myrtille Glace &amp; Past\u00e8que Glace - 10pcs\" \/>\n<meta property=\"og:description\" content=\"Vape rechargeable avec batterie 850mAh, 60K 60000 bouff\u00e9es, 6 saveurs en 1 Vape jetable, et charge USB-C - Fizzy Max III 6in1\" \/>\n<meta property=\"og:url\" content=\"https:\/\/fizzyvape.eu\/fr\/produit\/fizzy-max-iii-6in1-60k-60000-puffs-rechargeable-disposable-vape-fraise-kiwi-myrtille-glace-pasteque-glace-10pcs\/\" \/>\n<meta property=\"og:site_name\" content=\"fizzyvape.eu\" \/>\n<meta property=\"og:image\" content=\"https:\/\/fizzyvape.eu\/wp-content\/uploads\/2025\/06\/Fizzy-Max-60000-Puffs-05.webp\" \/>\n\t<meta property=\"og:image:width\" content=\"800\" \/>\n\t<meta property=\"og:image:height\" content=\"800\" \/>\n\t<meta property=\"og:image:type\" content=\"image\/webp\" \/>\n<meta name=\"twitter:card\" content=\"summary_large_image\" \/>\n<meta name=\"twitter:label1\" content=\"Disponibilit\u00e9\" \/>\n\t<meta name=\"twitter:data1\" content=\"Rupture de stock\" \/>\n<script type=\"application\/ld+json\" class=\"yoast-schema-graph\">{\"@context\":\"https:\/\/schema.org\",\"@graph\":[{\"@type\":\"WebPage\",\"@id\":\"https:\/\/fizzyvape.eu\/fr\/produit\/fizzy-max-iii-6in1-60k-60000-puffs-rechargeable-disposable-vape-fraise-kiwi-myrtille-glace-pasteque-glace-10pcs\/\",\"url\":\"https:\/\/fizzyvape.eu\/fr\/produit\/fizzy-max-iii-6in1-60k-60000-puffs-rechargeable-disposable-vape-fraise-kiwi-myrtille-glace-pasteque-glace-10pcs\/\",\"name\":\"850mAh Battery Vape - Fizzy Max III 6in1 60K 60000 Puffs\",\"isPartOf\":{\"@id\":\"https:\/\/www.fizzyvape.eu\/fr\/#website\"},\"primaryImageOfPage\":{\"@id\":\"https:\/\/fizzyvape.eu\/fr\/produit\/fizzy-max-iii-6in1-60k-60000-puffs-rechargeable-disposable-vape-fraise-kiwi-myrtille-glace-pasteque-glace-10pcs\/#primaryimage\"},\"image\":{\"@id\":\"https:\/\/fizzyvape.eu\/fr\/produit\/fizzy-max-iii-6in1-60k-60000-puffs-rechargeable-disposable-vape-fraise-kiwi-myrtille-glace-pasteque-glace-10pcs\/#primaryimage\"},\"thumbnailUrl\":\"https:\/\/fizzyvape.eu\/wp-content\/uploads\/2025\/06\/Fizzy-Max-60000-Puffs-05.webp\",\"datePublished\":\"2025-06-11T02:33:48+00:00\",\"description\":\"Vape rechargeable avec batterie 850mAh, 60K 60000 bouff\u00e9es, 6 saveurs en 1 Vape jetable, et charge USB-C - Fizzy Max III 6in1\",\"breadcrumb\":{\"@id\":\"https:\/\/fizzyvape.eu\/fr\/produit\/fizzy-max-iii-6in1-60k-60000-puffs-rechargeable-disposable-vape-fraise-kiwi-myrtille-glace-pasteque-glace-10pcs\/#breadcrumb\"},\"inLanguage\":\"fr-FR\",\"potentialAction\":[{\"@type\":\"ReadAction\",\"target\":[\"https:\/\/fizzyvape.eu\/fr\/produit\/fizzy-max-iii-6in1-60k-60000-puffs-rechargeable-disposable-vape-fraise-kiwi-myrtille-glace-pasteque-glace-10pcs\/\"]}]},{\"@type\":\"ImageObject\",\"inLanguage\":\"fr-FR\",\"@id\":\"https:\/\/fizzyvape.eu\/fr\/produit\/fizzy-max-iii-6in1-60k-60000-puffs-rechargeable-disposable-vape-fraise-kiwi-myrtille-glace-pasteque-glace-10pcs\/#primaryimage\",\"url\":\"https:\/\/fizzyvape.eu\/wp-content\/uploads\/2025\/06\/Fizzy-Max-60000-Puffs-05.webp\",\"contentUrl\":\"https:\/\/fizzyvape.eu\/wp-content\/uploads\/2025\/06\/Fizzy-Max-60000-Puffs-05.webp\",\"width\":800,\"height\":800},{\"@type\":\"BreadcrumbList\",\"@id\":\"https:\/\/fizzyvape.eu\/fr\/produit\/fizzy-max-iii-6in1-60k-60000-puffs-rechargeable-disposable-vape-fraise-kiwi-myrtille-glace-pasteque-glace-10pcs\/#breadcrumb\",\"itemListElement\":[{\"@type\":\"ListItem\",\"position\":1,\"name\":\"Home\",\"item\":\"https:\/\/fizzyvape.eu\/fr\/\"},{\"@type\":\"ListItem\",\"position\":2,\"name\":\"Boutique\",\"item\":\"https:\/\/www.fizzyvape.eu\/fr\/boutique\/\"},{\"@type\":\"ListItem\",\"position\":3,\"name\":\"Fizzy Max III 6in1 60K 60000 Puffs Rechargeable Disposable Vape &#8211; Fraise Kiwi &amp; Myrtille Glace &amp; Past\u00e8que Glace &#8211; 10pcs\"}]},{\"@type\":\"WebSite\",\"@id\":\"https:\/\/www.fizzyvape.eu\/fr\/#website\",\"url\":\"https:\/\/www.fizzyvape.eu\/fr\/\",\"name\":\"fizzyvape.eu\",\"description\":\"Refreshing Vapes. Unforgettable Taste.\",\"publisher\":{\"@id\":\"https:\/\/www.fizzyvape.eu\/fr\/#organization\"},\"potentialAction\":[{\"@type\":\"SearchAction\",\"target\":{\"@type\":\"EntryPoint\",\"urlTemplate\":\"https:\/\/www.fizzyvape.eu\/fr\/?s={search_term_string}\"},\"query-input\":{\"@type\":\"PropertyValueSpecification\",\"valueRequired\":true,\"valueName\":\"search_term_string\"}}],\"inLanguage\":\"fr-FR\"},{\"@type\":\"Organization\",\"@id\":\"https:\/\/www.fizzyvape.eu\/fr\/#organization\",\"name\":\"fizzyvape.eu\",\"url\":\"https:\/\/www.fizzyvape.eu\/fr\/\",\"logo\":{\"@type\":\"ImageObject\",\"inLanguage\":\"fr-FR\",\"@id\":\"https:\/\/www.fizzyvape.eu\/fr\/#\/schema\/logo\/image\/\",\"url\":\"https:\/\/fizzyvape.eu\/wp-content\/uploads\/2019\/06\/print-1.svg\",\"contentUrl\":\"https:\/\/fizzyvape.eu\/wp-content\/uploads\/2019\/06\/print-1.svg\",\"width\":124,\"height\":37,\"caption\":\"fizzyvape.eu\"},\"image\":{\"@id\":\"https:\/\/www.fizzyvape.eu\/fr\/#\/schema\/logo\/image\/\"}}]}<\/script>\n<meta property=\"og:availability\" content=\"out of stock\" \/>\n<meta property=\"product:availability\" content=\"out of stock\" \/>\n<meta property=\"product:condition\" content=\"new\" \/>\n<!-- \/ Yoast SEO Premium plugin. -->","yoast_head_json":{"title":"850mAh Battery Vape - Fizzy Max III 6in1 60K 60000 Puffs","description":"Vape rechargeable avec batterie 850mAh, 60K 60000 bouff\u00e9es, 6 saveurs en 1 Vape jetable, et charge USB-C - Fizzy Max III 6in1","robots":{"index":"index","follow":"follow","max-snippet":"max-snippet:-1","max-image-preview":"max-image-preview:large","max-video-preview":"max-video-preview:-1"},"canonical":"https:\/\/fizzyvape.eu\/fr\/produit\/fizzy-max-iii-6in1-60k-60000-puffs-rechargeable-disposable-vape-fraise-kiwi-myrtille-glace-pasteque-glace-10pcs\/","og_locale":"fr_FR","og_type":"article","og_title":"Fizzy Max III 6in1 60K 60000 Puffs Rechargeable Disposable Vape - Fraise Kiwi &amp; Myrtille Glace &amp; Past\u00e8que Glace - 10pcs","og_description":"Vape rechargeable avec batterie 850mAh, 60K 60000 bouff\u00e9es, 6 saveurs en 1 Vape jetable, et charge USB-C - Fizzy Max III 6in1","og_url":"https:\/\/fizzyvape.eu\/fr\/produit\/fizzy-max-iii-6in1-60k-60000-puffs-rechargeable-disposable-vape-fraise-kiwi-myrtille-glace-pasteque-glace-10pcs\/","og_site_name":"fizzyvape.eu","og_image":[{"width":800,"height":800,"url":"https:\/\/fizzyvape.eu\/wp-content\/uploads\/2025\/06\/Fizzy-Max-60000-Puffs-05.webp","type":"image\/webp"}],"twitter_card":"summary_large_image","twitter_misc":{"Disponibilit\u00e9":"Rupture de stock"},"schema":{"@context":"https:\/\/schema.org","@graph":[{"@type":"WebPage","@id":"https:\/\/fizzyvape.eu\/fr\/produit\/fizzy-max-iii-6in1-60k-60000-puffs-rechargeable-disposable-vape-fraise-kiwi-myrtille-glace-pasteque-glace-10pcs\/","url":"https:\/\/fizzyvape.eu\/fr\/produit\/fizzy-max-iii-6in1-60k-60000-puffs-rechargeable-disposable-vape-fraise-kiwi-myrtille-glace-pasteque-glace-10pcs\/","name":"850mAh Battery Vape - Fizzy Max III 6in1 60K 60000 Puffs","isPartOf":{"@id":"https:\/\/www.fizzyvape.eu\/fr\/#website"},"primaryImageOfPage":{"@id":"https:\/\/fizzyvape.eu\/fr\/produit\/fizzy-max-iii-6in1-60k-60000-puffs-rechargeable-disposable-vape-fraise-kiwi-myrtille-glace-pasteque-glace-10pcs\/#primaryimage"},"image":{"@id":"https:\/\/fizzyvape.eu\/fr\/produit\/fizzy-max-iii-6in1-60k-60000-puffs-rechargeable-disposable-vape-fraise-kiwi-myrtille-glace-pasteque-glace-10pcs\/#primaryimage"},"thumbnailUrl":"https:\/\/fizzyvape.eu\/wp-content\/uploads\/2025\/06\/Fizzy-Max-60000-Puffs-05.webp","datePublished":"2025-06-11T02:33:48+00:00","description":"Vape rechargeable avec batterie 850mAh, 60K 60000 bouff\u00e9es, 6 saveurs en 1 Vape jetable, et charge USB-C - Fizzy Max III 6in1","breadcrumb":{"@id":"https:\/\/fizzyvape.eu\/fr\/produit\/fizzy-max-iii-6in1-60k-60000-puffs-rechargeable-disposable-vape-fraise-kiwi-myrtille-glace-pasteque-glace-10pcs\/#breadcrumb"},"inLanguage":"fr-FR","potentialAction":[{"@type":"ReadAction","target":["https:\/\/fizzyvape.eu\/fr\/produit\/fizzy-max-iii-6in1-60k-60000-puffs-rechargeable-disposable-vape-fraise-kiwi-myrtille-glace-pasteque-glace-10pcs\/"]}]},{"@type":"ImageObject","inLanguage":"fr-FR","@id":"https:\/\/fizzyvape.eu\/fr\/produit\/fizzy-max-iii-6in1-60k-60000-puffs-rechargeable-disposable-vape-fraise-kiwi-myrtille-glace-pasteque-glace-10pcs\/#primaryimage","url":"https:\/\/fizzyvape.eu\/wp-content\/uploads\/2025\/06\/Fizzy-Max-60000-Puffs-05.webp","contentUrl":"https:\/\/fizzyvape.eu\/wp-content\/uploads\/2025\/06\/Fizzy-Max-60000-Puffs-05.webp","width":800,"height":800},{"@type":"BreadcrumbList","@id":"https:\/\/fizzyvape.eu\/fr\/produit\/fizzy-max-iii-6in1-60k-60000-puffs-rechargeable-disposable-vape-fraise-kiwi-myrtille-glace-pasteque-glace-10pcs\/#breadcrumb","itemListElement":[{"@type":"ListItem","position":1,"name":"Home","item":"https:\/\/fizzyvape.eu\/fr\/"},{"@type":"ListItem","position":2,"name":"Boutique","item":"https:\/\/www.fizzyvape.eu\/fr\/boutique\/"},{"@type":"ListItem","position":3,"name":"Fizzy Max III 6in1 60K 60000 Puffs Rechargeable Disposable Vape &#8211; Fraise Kiwi &amp; Myrtille Glace &amp; Past\u00e8que Glace &#8211; 10pcs"}]},{"@type":"WebSite","@id":"https:\/\/www.fizzyvape.eu\/fr\/#website","url":"https:\/\/www.fizzyvape.eu\/fr\/","name":"fizzyvape.eu","description":"Refreshing Vapes. Unforgettable Taste.","publisher":{"@id":"https:\/\/www.fizzyvape.eu\/fr\/#organization"},"potentialAction":[{"@type":"SearchAction","target":{"@type":"EntryPoint","urlTemplate":"https:\/\/www.fizzyvape.eu\/fr\/?s={search_term_string}"},"query-input":{"@type":"PropertyValueSpecification","valueRequired":true,"valueName":"search_term_string"}}],"inLanguage":"fr-FR"},{"@type":"Organization","@id":"https:\/\/www.fizzyvape.eu\/fr\/#organization","name":"fizzyvape.eu","url":"https:\/\/www.fizzyvape.eu\/fr\/","logo":{"@type":"ImageObject","inLanguage":"fr-FR","@id":"https:\/\/www.fizzyvape.eu\/fr\/#\/schema\/logo\/image\/","url":"https:\/\/fizzyvape.eu\/wp-content\/uploads\/2019\/06\/print-1.svg","contentUrl":"https:\/\/fizzyvape.eu\/wp-content\/uploads\/2019\/06\/print-1.svg","width":124,"height":37,"caption":"fizzyvape.eu"},"image":{"@id":"https:\/\/www.fizzyvape.eu\/fr\/#\/schema\/logo\/image\/"}}]},"og_availability":"out of stock","product_availability":"out of stock","product_condition":"new"},"tiered_pricing_type":"fixed","tiered_pricing_fixed_rules":[],"tiered_pricing_product_settings":{"layout":"default","base_unit_name":{"singular":null,"plural":null},"default_variation":null},"tiered_pricing_minimum_quantity":null,"tiered_pricing_roles_data":[],"tiered_pricing_percentage_rules":[],"tiered_pricing_maximum_quantity":null,"tiered_pricing_quantity_step":null,"_links":{"self":[{"href":"https:\/\/fizzyvape.eu\/fr\/wp-json\/wp\/v2\/product\/33170","targetHints":{"allow":["GET"]}}],"collection":[{"href":"https:\/\/fizzyvape.eu\/fr\/wp-json\/wp\/v2\/product"}],"about":[{"href":"https:\/\/fizzyvape.eu\/fr\/wp-json\/wp\/v2\/types\/product"}],"replies":[{"embeddable":true,"href":"https:\/\/fizzyvape.eu\/fr\/wp-json\/wp\/v2\/comments?post=33170"}],"version-history":[{"count":0,"href":"https:\/\/fizzyvape.eu\/fr\/wp-json\/wp\/v2\/product\/33170\/revisions"}],"wp:featuredmedia":[{"embeddable":true,"href":"https:\/\/fizzyvape.eu\/fr\/wp-json\/wp\/v2\/media\/32443"}],"wp:attachment":[{"href":"https:\/\/fizzyvape.eu\/fr\/wp-json\/wp\/v2\/media?parent=33170"}],"wp:term":[{"taxonomy":"product_brand","embeddable":true,"href":"https:\/\/fizzyvape.eu\/fr\/wp-json\/wp\/v2\/product_brand?post=33170"},{"taxonomy":"product_cat","embeddable":true,"href":"https:\/\/fizzyvape.eu\/fr\/wp-json\/wp\/v2\/product_cat?post=33170"},{"taxonomy":"product_tag","embeddable":true,"href":"https:\/\/fizzyvape.eu\/fr\/wp-json\/wp\/v2\/product_tag?post=33170"}],"curies":[{"name":"wp","href":"https:\/\/api.w.org\/{rel}","templated":true}]}}