{"id":33208,"date":"2025-06-11T10:33:42","date_gmt":"2025-06-11T02:33:42","guid":{"rendered":"https:\/\/fizzyvape.eu\/product\/fizzy-max-iii-6in1-60k-60000-puffs-rechargeable-disposable-vape-blueberry-raspberry-triple-melon-strawberry-ice-10pcs\/"},"modified":"2025-06-11T10:33:42","modified_gmt":"2025-06-11T02:33:42","slug":"fizzy-max-iii-6in1-60k-60000-puffs-rechargeable-disposable-vape-blueberry-raspberry-triple-melon-strawberry-ice-10pcs","status":"publish","type":"product","link":"https:\/\/fizzyvape.eu\/fr\/produit\/fizzy-max-iii-6in1-60k-60000-puffs-rechargeable-disposable-vape-blueberry-raspberry-triple-melon-strawberry-ice-10pcs\/","title":{"rendered":"Fizzy Max III 6in1 60K 60000 Puffs Rechargeable Disposable Vape &#8211; Blueberry Raspberry &amp; Triple Melon &amp; Strawberry Ice &#8211; 10pcs"},"content":{"rendered":"<p><img decoding=\"async\" class=\"aligncenter\" src=\"https:\/\/fizzyvape.eu\/wp-content\/uploads\/2025\/06\/Fizzy-Max-III-6in1-60K-60000-Puffs-8-1.webp\" alt=\"Fizzy Max III 60000 Puffs 6in1 Vape jetable (8)\"><\/p>\n<h1>Fizzy Max III 6in1 60K 60000 Puffs Rechargeable Disposable Vape &#8211; Blueberry Raspberry &amp; Triple Melon &amp; Strawberry Ice &#8211; 10pcs<\/h1>\n<h3><strong>6 ar\u00f4mes en 1 Vape jetable innovante<\/strong><\/h3>\n<p>Faites l&#8217;exp\u00e9rience d&#8217;une polyvalence de saveurs exceptionnelle avec le <strong>Fizzy Max III 6in1<\/strong>, une <strong>vape jetable<\/strong> d&#8217;avant-garde comprenant <strong>trois dosettes pr\u00e9-remplies de 20 ml :<\/strong> <strong>Blueberry Raspberry<\/strong>, <strong>Triple Melon<\/strong> <strong>et Strawberry Ice<\/strong>. Gr\u00e2ce \u00e0 son embout rotatif intelligent, vous pouvez changer sans effort entre six combinaisons de saveurs uniques pour une exp\u00e9rience de vapotage tout-en-un.   <\/p>\n<p><strong>Modes d&#8217;ar\u00f4mes :<\/strong><\/p>\n<ul>\n<li><strong>Myrtille Framboise (A) :<\/strong> M\u00e9lange juteux de myrtilles m\u00fbres et de framboises acidul\u00e9es.<\/li>\n<li><strong>Triple Melon (B) :<\/strong> M\u00e9lange rafra\u00eechissant de melon d&#8217;eau, de melon de miel et de cantaloup.<\/li>\n<li><strong>Strawberry Ice (C) :<\/strong> fraises sucr\u00e9es avec un final glac\u00e9 et frais.<\/li>\n<\/ul>\n<p><strong>Saveurs m\u00e9lang\u00e9es :<\/strong><\/p>\n<ul>\n<li><strong>Mix AB :<\/strong> Fusion de myrtille, de framboise et de triple melon<\/li>\n<li><strong>M\u00e9lange BC :<\/strong> M\u00e9lange frais de triple melon et de glace \u00e0 la fraise<\/li>\n<li><strong>M\u00e9lange CA :<\/strong> M\u00e9lange rafra\u00eechissant de glace \u00e0 la fraise et de framboise \u00e0 la myrtille<\/li>\n<\/ul>\n<p>Changez facilement d&#8217;ar\u00f4me en soulevant et en tournant l&#8217;embout dans cet ordre :<br \/>\n<strong>A \u2192 Mix AB \u2192 B \u2192 Mix BC \u2192 C \u2192 Mix CA<\/strong><\/p>\n<h3><strong>Points forts du produit<\/strong><\/h3>\n<ul>\n<li><strong>Jusqu&#8217;\u00e0 60 000 bouff\u00e9es<\/strong> pour une utilisation prolong\u00e9e<\/li>\n<li><strong>Syst\u00e8me d&#8217;ar\u00f4mes 6 en 1<\/strong> combinant 3 ar\u00f4mes simples et 3 ar\u00f4mes m\u00e9lang\u00e9s<\/li>\n<li><strong>Capacit\u00e9 en e-liquide :<\/strong> 60mL au total (3 x 20mL)<\/li>\n<li><strong>Options d&#8217;intensit\u00e9 de la nicotine :<\/strong> 2% \/ 5%<\/li>\n<li><strong>Batterie :<\/strong> Puissante batterie de 850mAh rechargeable via Type-C<\/li>\n<li><strong>Bobine :<\/strong> Bobine \u00e0 maille avanc\u00e9e pour une saveur riche et une vapeur douce<\/li>\n<li><strong>Affichage LED :<\/strong> Indique le niveau de la batterie et l&#8217;\u00e9tat du mode<\/li>\n<li><strong>Dur\u00e9e de conservation :<\/strong> 2 ans<\/li>\n<\/ul>\n<h3><strong>Fizzy Max III 6in1 60000 Puffs Disposable Vape Flavors List :<\/strong><\/h3>\n<ol>\n<li><a href=\"https:\/\/fizzyvape.eu\/fr\/produit\/fizzy-max-iii-6in1-60k-60000-puffs-rechargeable-disposable-vape-fraise-framboise-mangue-peche-myrtille-pasteque-10pcs\/\">Fraise Framboise &amp; Mangue P\u00eache &amp; Myrtille Past\u00e8que<\/a><\/li>\n<li><a href=\"https:\/\/fizzyvape.eu\/fr\/produit\/fizzy-max-iii-6in1-60k-60000-puffs-rechargeable-disposable-vape-mixed-berry-kiwi-passion-fruit-guava-strawberry-watermelon-10pcs\/\">Baies m\u00e9lang\u00e9es et kiwi Fruit de la passion Goyave et fraise Past\u00e8que<\/a><\/li>\n<li><a href=\"https:\/\/fizzyvape.eu\/fr\/produit\/fizzy-max-iii-6in1-60k-60000-puffs-rechargeable-disposable-vape-blueberry-raspberry-triple-melon-strawberry-ice-10pcs\/\">Glace myrtille framboise &amp; triple melon &amp; fraise<\/a><\/li>\n<li><a href=\"https:\/\/fizzyvape.eu\/fr\/produit\/fizzy-max-iii-6in1-60k-60000-puffs-rechargeable-disposable-vape-fraise-fruit-du-dragon-red-bull-framboise-pasteque-10pcs\/\">Fraise fruit du dragon &amp; Red Bull &amp; past\u00e8que framboise<\/a><\/li>\n<li><a href=\"https:\/\/fizzyvape.eu\/fr\/produit\/fizzy-max-iii-6in1-60k-60000-puffs-rechargeable-disposable-vape-fraise-kiwi-myrtille-glace-pasteque-glace-10pcs\/\">Glace fraise kiwi, glace myrtille et glace past\u00e8que<\/a><\/li>\n<li><a href=\"https:\/\/fizzyvape.eu\/fr\/produit\/fizzy-max-iii-6in1-60k-60000-bouffees-vape-jetable-rechargeable-blueberry-ice-fizzy-cherry-raspberry-lemon-10pcs\/\">Glace aux myrtilles, cerise p\u00e9tillante, framboise et citron<\/a><\/li>\n<li><a href=\"https:\/\/fizzyvape.eu\/fr\/produit\/fizzy-max-iii-6in1-60k-60000-puffs-rechargeable-disposable-vape-watermelon-ice-strawberry-vanilla-coke-mixed-berry-10pcs\/\">Glace \u00e0 la past\u00e8que et fraise Coca-Cola \u00e0 la vanille et m\u00e9langes<\/a><\/li>\n<li><a href=\"https:\/\/fizzyvape.eu\/fr\/produit\/fizzy-max-iii-6in1-60k-60000-puffs-rechargeable-disposable-vape-fraise-raisin-myrtille-noix-de-coco-peche-citron-10pcs\/\">Fraise Raisin &amp; Myrtille Noix de coco &amp; P\u00eache Citron<\/a><\/li>\n<li><a href=\"https:\/\/fizzyvape.eu\/fr\/produit\/fizzy-max-iii-6in1-60k-60000-puffs-rechargeable-disposable-vape-blue-razz-ice-strawberry-kiwi-sour-pineapple-orange-10pcs\/\">Blue Razz Ice &amp; Strawberry Kiwi &amp; Sour Pineapple Orange<\/a><\/li>\n<li><a href=\"https:\/\/fizzyvape.eu\/fr\/produit\/fizzy-max-iii-6in1-60k-60000-puffs-rechargeable-disposable-vape-fraise-pasteque-citron-vert-myrtille-noix-de-coco-10pcs\/\">Fraise-melon d&#8217;eau, citron-citron vert et myrtille-coco<\/a><\/li>\n<\/ol>\n<h3><strong>Des styles de vapotage qui vous conviennent<\/strong><\/h3>\n<ul>\n<li><strong>Mode mono-ar\u00f4me (MTL) :<\/strong> des aspirations bouche-poumon douces et satisfaisantes, parfaites pour une exp\u00e9rience de vapotage classique.<\/li>\n<li><strong>Mode m\u00e9lange double saveur (DL) :<\/strong> Augmentation du flux d&#8217;air pour des hits directs audacieux avec des nuages plus riches et des couches d&#8217;ar\u00f4mes complexes.<\/li>\n<\/ul>\n<h3><strong>Pourquoi choisir Fizzy Max III 6in1 ?<\/strong><\/h3>\n<ul>\n<li>Changement d&#8217;ar\u00f4me en douceur par simple rotation de l&#8217;embout buccal<\/li>\n<li>Batterie et e-liquide longue dur\u00e9e pour une utilisation tout au long de la journ\u00e9e<\/li>\n<li>Appareil compact et rechargeable avec six ar\u00f4mes distincts<\/li>\n<li>Exp\u00e9dition rapide depuis l&#8217;<strong>entrep\u00f4t de l&#8217;UE<\/strong>, sans d\u00e9lai de douane<\/li>\n<\/ul>\n<h3><strong>FAQ &#8211; Fizzy Max III 6in1 60000 bouff\u00e9es Vape jetable<\/strong><\/h3>\n<ul>\n<li><strong>Combien de bouff\u00e9es le Fizzy Max III fournit-il ?<\/strong><br \/>\nJusqu&#8217;\u00e0 60 000 bouff\u00e9es, gr\u00e2ce \u00e0 sa grande capacit\u00e9 d&#8217;e-liquide et \u00e0 sa puissante batterie rechargeable.<\/li>\n<li><strong>Comment changer d&#8217;ar\u00f4me ?<\/strong><br \/>\nSoulevez et tournez l&#8217;embout pour passer d&#8217;un mode \u00e0 l&#8217;autre.<\/li>\n<li><strong>Est-il rechargeable ?<\/strong><br \/>\nOui, il dispose d&#8217;une batterie int\u00e9gr\u00e9e de 850mAh rechargeable via Type-C.<\/li>\n<li><strong>Quels sont les taux de nicotine disponibles ?<\/strong><br \/>\nOptions 2% (20mg) et 5% (50mg) de nicotine.<\/li>\n<li><strong>Prend-il en charge le vapotage MTL et DL ?<\/strong><br \/>\nOui, utilisez le mode mono-ar\u00f4me pour la MTL ou le mode m\u00e9lange d&#8217;ar\u00f4mes avec un flux d&#8217;air ouvert pour le vaping DL.<\/li>\n<\/ul>\n","protected":false},"excerpt":{"rendered":"<p><strong>Fizzy Max III 6in1 60000 Puffs Rechargeable Disposable Vape<\/strong> offre six saveurs dans un seul appareil avec une rotation facile. Aliment\u00e9 par une batterie rechargeable de 850mAh et 60mL d&#8217;e-liquide, il offre jusqu&#8217;\u00e0 60 000 bouff\u00e9es. Disponible en 2% et 5% de nicotine, avec un affichage LED de la batterie pour plus de commodit\u00e9.  <\/p>\n","protected":false},"featured_media":32425,"comment_status":"open","ping_status":"closed","template":"","meta":{"iawp_total_views":0},"product_brand":[],"product_cat":[593],"product_tag":[597,594,596,595],"class_list":{"0":"post-33208","1":"product","2":"type-product","3":"status-publish","4":"has-post-thumbnail","6":"product_cat-max-iii-6in1-60k-60000-puffs-rechargeable-disposable-vape-fr","7":"product_tag-6-aromes-en-1-appareil","8":"product_tag-60000-bouffees","9":"product_tag-rechargeable-fr","10":"product_tag-vape-a-usage-unique","12":"first","13":"outofstock","14":"sale","15":"shipping-taxable","16":"purchasable","17":"product-type-variable"},"yoast_head":"<!-- This site is optimized with the Yoast SEO Premium plugin v24.8 (Yoast SEO v24.8) - https:\/\/yoast.com\/wordpress\/plugins\/seo\/ -->\n<title>Fizzy Max III 6in1 60000 Puffs Vape jetable - 6 saveurs en 1<\/title>\n<meta name=\"description\" content=\"Exp\u00e9rimentez jusqu&#039;\u00e0 60 000 bouff\u00e9es avec la vape jetable Fizzy Max III 6in1. Rechargeable, 6 saveurs, batterie 850mAh, et options de nicotine pour une vape ultime.\" \/>\n<meta name=\"robots\" content=\"index, follow, max-snippet:-1, max-image-preview:large, max-video-preview:-1\" \/>\n<link rel=\"canonical\" href=\"https:\/\/fizzyvape.eu\/fr\/produit\/fizzy-max-iii-6in1-60k-60000-puffs-rechargeable-disposable-vape-blueberry-raspberry-triple-melon-strawberry-ice-10pcs\/\" \/>\n<meta property=\"og:locale\" content=\"fr_FR\" \/>\n<meta property=\"og:type\" content=\"article\" \/>\n<meta property=\"og:title\" content=\"Fizzy Max III 6in1 60K 60000 Puffs Rechargeable Disposable Vape - Blueberry Raspberry &amp; Triple Melon &amp; Strawberry Ice - 10pcs\" \/>\n<meta property=\"og:description\" content=\"Exp\u00e9rimentez jusqu&#039;\u00e0 60 000 bouff\u00e9es avec la vape jetable Fizzy Max III 6in1. Rechargeable, 6 saveurs, batterie 850mAh, et options de nicotine pour une vape ultime.\" \/>\n<meta property=\"og:url\" content=\"https:\/\/fizzyvape.eu\/fr\/produit\/fizzy-max-iii-6in1-60k-60000-puffs-rechargeable-disposable-vape-blueberry-raspberry-triple-melon-strawberry-ice-10pcs\/\" \/>\n<meta property=\"og:site_name\" content=\"fizzyvape.eu\" \/>\n<meta property=\"og:image\" content=\"https:\/\/fizzyvape.eu\/wp-content\/uploads\/2025\/06\/Fizzy-Max-60000-Puffs-03.webp\" \/>\n\t<meta property=\"og:image:width\" content=\"800\" \/>\n\t<meta property=\"og:image:height\" content=\"800\" \/>\n\t<meta property=\"og:image:type\" content=\"image\/webp\" \/>\n<meta name=\"twitter:card\" content=\"summary_large_image\" \/>\n<meta name=\"twitter:label1\" content=\"Disponibilit\u00e9\" \/>\n\t<meta name=\"twitter:data1\" content=\"Rupture de stock\" \/>\n<script type=\"application\/ld+json\" class=\"yoast-schema-graph\">{\"@context\":\"https:\/\/schema.org\",\"@graph\":[{\"@type\":\"WebPage\",\"@id\":\"https:\/\/fizzyvape.eu\/fr\/produit\/fizzy-max-iii-6in1-60k-60000-puffs-rechargeable-disposable-vape-blueberry-raspberry-triple-melon-strawberry-ice-10pcs\/\",\"url\":\"https:\/\/fizzyvape.eu\/fr\/produit\/fizzy-max-iii-6in1-60k-60000-puffs-rechargeable-disposable-vape-blueberry-raspberry-triple-melon-strawberry-ice-10pcs\/\",\"name\":\"Fizzy Max III 6in1 60000 Puffs Vape jetable - 6 saveurs en 1\",\"isPartOf\":{\"@id\":\"https:\/\/www.fizzyvape.eu\/fr\/#website\"},\"primaryImageOfPage\":{\"@id\":\"https:\/\/fizzyvape.eu\/fr\/produit\/fizzy-max-iii-6in1-60k-60000-puffs-rechargeable-disposable-vape-blueberry-raspberry-triple-melon-strawberry-ice-10pcs\/#primaryimage\"},\"image\":{\"@id\":\"https:\/\/fizzyvape.eu\/fr\/produit\/fizzy-max-iii-6in1-60k-60000-puffs-rechargeable-disposable-vape-blueberry-raspberry-triple-melon-strawberry-ice-10pcs\/#primaryimage\"},\"thumbnailUrl\":\"https:\/\/fizzyvape.eu\/wp-content\/uploads\/2025\/06\/Fizzy-Max-60000-Puffs-03.webp\",\"datePublished\":\"2025-06-11T02:33:42+00:00\",\"description\":\"Exp\u00e9rimentez jusqu'\u00e0 60 000 bouff\u00e9es avec la vape jetable Fizzy Max III 6in1. Rechargeable, 6 saveurs, batterie 850mAh, et options de nicotine pour une vape ultime.\",\"breadcrumb\":{\"@id\":\"https:\/\/fizzyvape.eu\/fr\/produit\/fizzy-max-iii-6in1-60k-60000-puffs-rechargeable-disposable-vape-blueberry-raspberry-triple-melon-strawberry-ice-10pcs\/#breadcrumb\"},\"inLanguage\":\"fr-FR\",\"potentialAction\":[{\"@type\":\"ReadAction\",\"target\":[\"https:\/\/fizzyvape.eu\/fr\/produit\/fizzy-max-iii-6in1-60k-60000-puffs-rechargeable-disposable-vape-blueberry-raspberry-triple-melon-strawberry-ice-10pcs\/\"]}]},{\"@type\":\"ImageObject\",\"inLanguage\":\"fr-FR\",\"@id\":\"https:\/\/fizzyvape.eu\/fr\/produit\/fizzy-max-iii-6in1-60k-60000-puffs-rechargeable-disposable-vape-blueberry-raspberry-triple-melon-strawberry-ice-10pcs\/#primaryimage\",\"url\":\"https:\/\/fizzyvape.eu\/wp-content\/uploads\/2025\/06\/Fizzy-Max-60000-Puffs-03.webp\",\"contentUrl\":\"https:\/\/fizzyvape.eu\/wp-content\/uploads\/2025\/06\/Fizzy-Max-60000-Puffs-03.webp\",\"width\":800,\"height\":800},{\"@type\":\"BreadcrumbList\",\"@id\":\"https:\/\/fizzyvape.eu\/fr\/produit\/fizzy-max-iii-6in1-60k-60000-puffs-rechargeable-disposable-vape-blueberry-raspberry-triple-melon-strawberry-ice-10pcs\/#breadcrumb\",\"itemListElement\":[{\"@type\":\"ListItem\",\"position\":1,\"name\":\"Home\",\"item\":\"https:\/\/fizzyvape.eu\/fr\/\"},{\"@type\":\"ListItem\",\"position\":2,\"name\":\"Boutique\",\"item\":\"https:\/\/www.fizzyvape.eu\/fr\/boutique\/\"},{\"@type\":\"ListItem\",\"position\":3,\"name\":\"Fizzy Max III 6in1 60K 60000 Puffs Rechargeable Disposable Vape &#8211; Blueberry Raspberry &amp; Triple Melon &amp; Strawberry Ice &#8211; 10pcs\"}]},{\"@type\":\"WebSite\",\"@id\":\"https:\/\/www.fizzyvape.eu\/fr\/#website\",\"url\":\"https:\/\/www.fizzyvape.eu\/fr\/\",\"name\":\"fizzyvape.eu\",\"description\":\"Refreshing Vapes. Unforgettable Taste.\",\"publisher\":{\"@id\":\"https:\/\/www.fizzyvape.eu\/fr\/#organization\"},\"potentialAction\":[{\"@type\":\"SearchAction\",\"target\":{\"@type\":\"EntryPoint\",\"urlTemplate\":\"https:\/\/www.fizzyvape.eu\/fr\/?s={search_term_string}\"},\"query-input\":{\"@type\":\"PropertyValueSpecification\",\"valueRequired\":true,\"valueName\":\"search_term_string\"}}],\"inLanguage\":\"fr-FR\"},{\"@type\":\"Organization\",\"@id\":\"https:\/\/www.fizzyvape.eu\/fr\/#organization\",\"name\":\"fizzyvape.eu\",\"url\":\"https:\/\/www.fizzyvape.eu\/fr\/\",\"logo\":{\"@type\":\"ImageObject\",\"inLanguage\":\"fr-FR\",\"@id\":\"https:\/\/www.fizzyvape.eu\/fr\/#\/schema\/logo\/image\/\",\"url\":\"https:\/\/fizzyvape.eu\/wp-content\/uploads\/2019\/06\/print-1.svg\",\"contentUrl\":\"https:\/\/fizzyvape.eu\/wp-content\/uploads\/2019\/06\/print-1.svg\",\"width\":124,\"height\":37,\"caption\":\"fizzyvape.eu\"},\"image\":{\"@id\":\"https:\/\/www.fizzyvape.eu\/fr\/#\/schema\/logo\/image\/\"}}]}<\/script>\n<meta property=\"og:availability\" content=\"out of stock\" \/>\n<meta property=\"product:availability\" content=\"out of stock\" \/>\n<meta property=\"product:condition\" content=\"new\" \/>\n<!-- \/ Yoast SEO Premium plugin. -->","yoast_head_json":{"title":"Fizzy Max III 6in1 60000 Puffs Vape jetable - 6 saveurs en 1","description":"Exp\u00e9rimentez jusqu'\u00e0 60 000 bouff\u00e9es avec la vape jetable Fizzy Max III 6in1. Rechargeable, 6 saveurs, batterie 850mAh, et options de nicotine pour une vape ultime.","robots":{"index":"index","follow":"follow","max-snippet":"max-snippet:-1","max-image-preview":"max-image-preview:large","max-video-preview":"max-video-preview:-1"},"canonical":"https:\/\/fizzyvape.eu\/fr\/produit\/fizzy-max-iii-6in1-60k-60000-puffs-rechargeable-disposable-vape-blueberry-raspberry-triple-melon-strawberry-ice-10pcs\/","og_locale":"fr_FR","og_type":"article","og_title":"Fizzy Max III 6in1 60K 60000 Puffs Rechargeable Disposable Vape - Blueberry Raspberry &amp; Triple Melon &amp; Strawberry Ice - 10pcs","og_description":"Exp\u00e9rimentez jusqu'\u00e0 60 000 bouff\u00e9es avec la vape jetable Fizzy Max III 6in1. Rechargeable, 6 saveurs, batterie 850mAh, et options de nicotine pour une vape ultime.","og_url":"https:\/\/fizzyvape.eu\/fr\/produit\/fizzy-max-iii-6in1-60k-60000-puffs-rechargeable-disposable-vape-blueberry-raspberry-triple-melon-strawberry-ice-10pcs\/","og_site_name":"fizzyvape.eu","og_image":[{"width":800,"height":800,"url":"https:\/\/fizzyvape.eu\/wp-content\/uploads\/2025\/06\/Fizzy-Max-60000-Puffs-03.webp","type":"image\/webp"}],"twitter_card":"summary_large_image","twitter_misc":{"Disponibilit\u00e9":"Rupture de stock"},"schema":{"@context":"https:\/\/schema.org","@graph":[{"@type":"WebPage","@id":"https:\/\/fizzyvape.eu\/fr\/produit\/fizzy-max-iii-6in1-60k-60000-puffs-rechargeable-disposable-vape-blueberry-raspberry-triple-melon-strawberry-ice-10pcs\/","url":"https:\/\/fizzyvape.eu\/fr\/produit\/fizzy-max-iii-6in1-60k-60000-puffs-rechargeable-disposable-vape-blueberry-raspberry-triple-melon-strawberry-ice-10pcs\/","name":"Fizzy Max III 6in1 60000 Puffs Vape jetable - 6 saveurs en 1","isPartOf":{"@id":"https:\/\/www.fizzyvape.eu\/fr\/#website"},"primaryImageOfPage":{"@id":"https:\/\/fizzyvape.eu\/fr\/produit\/fizzy-max-iii-6in1-60k-60000-puffs-rechargeable-disposable-vape-blueberry-raspberry-triple-melon-strawberry-ice-10pcs\/#primaryimage"},"image":{"@id":"https:\/\/fizzyvape.eu\/fr\/produit\/fizzy-max-iii-6in1-60k-60000-puffs-rechargeable-disposable-vape-blueberry-raspberry-triple-melon-strawberry-ice-10pcs\/#primaryimage"},"thumbnailUrl":"https:\/\/fizzyvape.eu\/wp-content\/uploads\/2025\/06\/Fizzy-Max-60000-Puffs-03.webp","datePublished":"2025-06-11T02:33:42+00:00","description":"Exp\u00e9rimentez jusqu'\u00e0 60 000 bouff\u00e9es avec la vape jetable Fizzy Max III 6in1. Rechargeable, 6 saveurs, batterie 850mAh, et options de nicotine pour une vape ultime.","breadcrumb":{"@id":"https:\/\/fizzyvape.eu\/fr\/produit\/fizzy-max-iii-6in1-60k-60000-puffs-rechargeable-disposable-vape-blueberry-raspberry-triple-melon-strawberry-ice-10pcs\/#breadcrumb"},"inLanguage":"fr-FR","potentialAction":[{"@type":"ReadAction","target":["https:\/\/fizzyvape.eu\/fr\/produit\/fizzy-max-iii-6in1-60k-60000-puffs-rechargeable-disposable-vape-blueberry-raspberry-triple-melon-strawberry-ice-10pcs\/"]}]},{"@type":"ImageObject","inLanguage":"fr-FR","@id":"https:\/\/fizzyvape.eu\/fr\/produit\/fizzy-max-iii-6in1-60k-60000-puffs-rechargeable-disposable-vape-blueberry-raspberry-triple-melon-strawberry-ice-10pcs\/#primaryimage","url":"https:\/\/fizzyvape.eu\/wp-content\/uploads\/2025\/06\/Fizzy-Max-60000-Puffs-03.webp","contentUrl":"https:\/\/fizzyvape.eu\/wp-content\/uploads\/2025\/06\/Fizzy-Max-60000-Puffs-03.webp","width":800,"height":800},{"@type":"BreadcrumbList","@id":"https:\/\/fizzyvape.eu\/fr\/produit\/fizzy-max-iii-6in1-60k-60000-puffs-rechargeable-disposable-vape-blueberry-raspberry-triple-melon-strawberry-ice-10pcs\/#breadcrumb","itemListElement":[{"@type":"ListItem","position":1,"name":"Home","item":"https:\/\/fizzyvape.eu\/fr\/"},{"@type":"ListItem","position":2,"name":"Boutique","item":"https:\/\/www.fizzyvape.eu\/fr\/boutique\/"},{"@type":"ListItem","position":3,"name":"Fizzy Max III 6in1 60K 60000 Puffs Rechargeable Disposable Vape &#8211; Blueberry Raspberry &amp; Triple Melon &amp; Strawberry Ice &#8211; 10pcs"}]},{"@type":"WebSite","@id":"https:\/\/www.fizzyvape.eu\/fr\/#website","url":"https:\/\/www.fizzyvape.eu\/fr\/","name":"fizzyvape.eu","description":"Refreshing Vapes. Unforgettable Taste.","publisher":{"@id":"https:\/\/www.fizzyvape.eu\/fr\/#organization"},"potentialAction":[{"@type":"SearchAction","target":{"@type":"EntryPoint","urlTemplate":"https:\/\/www.fizzyvape.eu\/fr\/?s={search_term_string}"},"query-input":{"@type":"PropertyValueSpecification","valueRequired":true,"valueName":"search_term_string"}}],"inLanguage":"fr-FR"},{"@type":"Organization","@id":"https:\/\/www.fizzyvape.eu\/fr\/#organization","name":"fizzyvape.eu","url":"https:\/\/www.fizzyvape.eu\/fr\/","logo":{"@type":"ImageObject","inLanguage":"fr-FR","@id":"https:\/\/www.fizzyvape.eu\/fr\/#\/schema\/logo\/image\/","url":"https:\/\/fizzyvape.eu\/wp-content\/uploads\/2019\/06\/print-1.svg","contentUrl":"https:\/\/fizzyvape.eu\/wp-content\/uploads\/2019\/06\/print-1.svg","width":124,"height":37,"caption":"fizzyvape.eu"},"image":{"@id":"https:\/\/www.fizzyvape.eu\/fr\/#\/schema\/logo\/image\/"}}]},"og_availability":"out of stock","product_availability":"out of stock","product_condition":"new"},"tiered_pricing_type":"fixed","tiered_pricing_fixed_rules":[],"tiered_pricing_product_settings":{"layout":"default","base_unit_name":{"singular":null,"plural":null},"default_variation":null},"tiered_pricing_minimum_quantity":null,"tiered_pricing_roles_data":[],"tiered_pricing_percentage_rules":[],"tiered_pricing_maximum_quantity":null,"tiered_pricing_quantity_step":null,"_links":{"self":[{"href":"https:\/\/fizzyvape.eu\/fr\/wp-json\/wp\/v2\/product\/33208","targetHints":{"allow":["GET"]}}],"collection":[{"href":"https:\/\/fizzyvape.eu\/fr\/wp-json\/wp\/v2\/product"}],"about":[{"href":"https:\/\/fizzyvape.eu\/fr\/wp-json\/wp\/v2\/types\/product"}],"replies":[{"embeddable":true,"href":"https:\/\/fizzyvape.eu\/fr\/wp-json\/wp\/v2\/comments?post=33208"}],"version-history":[{"count":0,"href":"https:\/\/fizzyvape.eu\/fr\/wp-json\/wp\/v2\/product\/33208\/revisions"}],"wp:featuredmedia":[{"embeddable":true,"href":"https:\/\/fizzyvape.eu\/fr\/wp-json\/wp\/v2\/media\/32425"}],"wp:attachment":[{"href":"https:\/\/fizzyvape.eu\/fr\/wp-json\/wp\/v2\/media?parent=33208"}],"wp:term":[{"taxonomy":"product_brand","embeddable":true,"href":"https:\/\/fizzyvape.eu\/fr\/wp-json\/wp\/v2\/product_brand?post=33208"},{"taxonomy":"product_cat","embeddable":true,"href":"https:\/\/fizzyvape.eu\/fr\/wp-json\/wp\/v2\/product_cat?post=33208"},{"taxonomy":"product_tag","embeddable":true,"href":"https:\/\/fizzyvape.eu\/fr\/wp-json\/wp\/v2\/product_tag?post=33208"}],"curies":[{"name":"wp","href":"https:\/\/api.w.org\/{rel}","templated":true}]}}