{"id":34319,"date":"2025-08-20T10:55:59","date_gmt":"2025-08-20T02:55:59","guid":{"rendered":"https:\/\/fizzyvape.eu\/?post_type=product&#038;p=34319"},"modified":"2025-08-29T16:09:31","modified_gmt":"2025-08-29T08:09:31","slug":"fizzy-nova-plus-40k-40000-puffs-vape-jetable-10pcs-tous-les-parfums","status":"publish","type":"product","link":"https:\/\/fizzyvape.eu\/fr\/produit\/fizzy-nova-plus-40k-40000-puffs-vape-jetable-10pcs-tous-les-parfums\/","title":{"rendered":"Fizzy Nova Plus 40k 40000 Puffs Vape jetable &#8211; 10pcs (Tous les parfums)"},"content":{"rendered":"<div>\n<h1>Fizzy Nova Plus 40k 40000 Puffs &#8211; Premium Disposable Vape<\/h1>\n<p>D\u00e9couvrez le <strong>Fizzy Nova Plus 40,000 Puffs<\/strong>, une vape jetable de nouvelle g\u00e9n\u00e9ration con\u00e7ue pour des performances durables, des saveurs riches et une commodit\u00e9 ultime. Avec une <strong>capacit\u00e9 de 40 ml d&#8217;e-liquide<\/strong>, une <strong>technologie de bobine \u00e0 double maille<\/strong> et des <strong>modes Eco et Turbo intelligents<\/strong>, cet appareil red\u00e9finit ce qu&#8217;une vape jetable peut offrir. <\/p>\n<p>Et le meilleur ?<\/p>\n<p>\u2705 Toutes les commandes sont exp\u00e9di\u00e9es <strong>directement depuis notre entrep\u00f4t europ\u00e9en<\/strong>, ce qui garantit une <strong>livraison rapide en 2 \u00e0 7 jours dans<\/strong> toute l&#8217;Europe.<\/p>\n<h3>Caract\u00e9ristiques principales :<\/h3>\n<ul>\n<li><strong>40 000+ bouff\u00e9es in\u00e9gal\u00e9es<\/strong> &#8211; Profitez d&#8217;une satisfaction de vapotage prolong\u00e9e<\/li>\n<li><strong>Grande capacit\u00e9 de 40 ml d&#8217;e-liquide<\/strong> &#8211; Des semaines de vapotage ininterrompu<\/li>\n<li><strong>Bobines Dual Mesh de nouvelle g\u00e9n\u00e9ration<\/strong> &#8211; Saveur maximale et vapeur dense<\/li>\n<li><strong>Deux modes de vaporisation<\/strong> &#8211; Eco pour une plus grande autonomie de la batterie, Turbo pour une saveur plus prononc\u00e9e<\/li>\n<li><strong>Affichage LED intelligent<\/strong> &#8211; Contr\u00f4le en temps r\u00e9el de la batterie et de l&#8217;e-liquide<\/li>\n<li><strong>Chargement rapide USB-C<\/strong> &#8211; batterie rechargeable de 850mAh, enti\u00e8rement charg\u00e9e en ~2 heures.<\/li>\n<li><strong>Exp\u00e9dition rapide en Europe<\/strong> &#8211; 2-7 jours ouvrables depuis notre entrep\u00f4t de l&#8217;UE<\/li>\n<\/ul>\n<h3><strong>Pourquoi choisir Fizzy Nova Plus ?<\/strong><\/h3>\n<ul>\n<li><strong>Dur\u00e9e de vie 3X plus longue<\/strong> &#8211; Plus performante que les vapes jetables standard<\/li>\n<li><strong>Construction haut de gamme<\/strong> &#8211; Alliage de qualit\u00e9 a\u00e9rospatiale avec design ergonomique<\/li>\n<li><strong>D\u00e9veloppement d&#8217;ar\u00f4mes par<\/strong> des experts &#8211; \u00c9labor\u00e9s par des sp\u00e9cialistes des ar\u00f4mes de renomm\u00e9e mondiale<\/li>\n<li><strong>Trusted EU Logistics<\/strong> &#8211; Livraison rapide et fiable dans toute l&#8217;Europe<\/li>\n<\/ul>\n<\/div>\n<div>\n<h3><strong>Options de nicotine :<\/strong><\/h3>\n<ul>\n<li><strong>2% (20mg\/mL<\/strong> ) &#8211; Une exp\u00e9rience de vapotage douce et \u00e9quilibr\u00e9e<\/li>\n<li><strong>5% (50mg\/mL<\/strong> ) &#8211; Effet en gorge plus fort, con\u00e7u pour les gros consommateurs<\/li>\n<\/ul>\n<h3>Sp\u00e9cifications<\/h3>\n<table style=\"height: 449px;\" width=\"1340\">\n<tbody>\n<tr>\n<td>Bouff\u00e9es<\/td>\n<td><strong>40000+ Puffs<\/strong><\/td>\n<\/tr>\n<tr>\n<td>Capacit\u00e9 en e-liquide<\/td>\n<td><strong>40ml<\/strong><\/td>\n<\/tr>\n<tr>\n<td>Capacit\u00e9 de la batterie<\/td>\n<td><strong>850mAh<\/strong><\/td>\n<\/tr>\n<tr>\n<td>Taille<\/td>\n<td><strong>52,5*24,5*104,3mm<\/strong><\/td>\n<\/tr>\n<tr>\n<td>Jetable ou non<\/td>\n<td><strong>Jetable<\/strong><\/td>\n<\/tr>\n<tr>\n<td>M\u00e9thode de chargement<\/td>\n<td><strong>C\u00e2ble<\/strong><\/td>\n<\/tr>\n<tr>\n<td>M\u00e9thode d&#8217;activation<\/td>\n<td><strong>Capteur<\/strong><\/td>\n<\/tr>\n<tr>\n<td>Mat\u00e9riel<\/td>\n<td><strong>PCTG<\/strong><\/td>\n<\/tr>\n<tr>\n<td>Taux de nicotine<\/td>\n<td><strong>2% (20mg\/mL) &amp; 5% (50mg\/mL)<\/strong><\/td>\n<\/tr>\n<tr>\n<td>Saveurs<\/td>\n<td><strong>12<\/strong><\/td>\n<\/tr>\n<tr>\n<td>Emballage<\/td>\n<td><strong>1 paquet<\/strong><\/td>\n<\/tr>\n<tr>\n<td>Temps de charge<\/td>\n<td><strong>2 heures<\/strong><\/td>\n<\/tr>\n<tr>\n<td>Stockage<\/td>\n<td><strong>\u00c9vitez les environnements \u00e0 haute temp\u00e9rature et conservez le produit dans un endroit frais et sec.<\/strong><\/td>\n<\/tr>\n<tr>\n<td>Personnes interdites d&#8217;utilisation<\/td>\n<td><strong>Les mineurs, les femmes enceintes et les personnes allergiques aux ingr\u00e9dients du produit.<\/strong><\/td>\n<\/tr>\n<tr>\n<td>Attention<\/td>\n<td><strong>N&#8217;avalez pas cette substance. En cas d&#8217;ingestion, rincez-vous imm\u00e9diatement et abondamment la bouche. Si vous vous sentez mal, consultez un m\u00e9decin.  <\/strong><\/td>\n<\/tr>\n<\/tbody>\n<\/table>\n<h3>Liste des ar\u00f4mes de <strong>Fizzy Nova Plus <\/strong>40000 Puffs :<\/h3>\n<ol>\n<li><a href=\"https:\/\/fizzyvape.eu\/fr\/produit\/fizzy-nova-plus-fraise-kiwi-40000-boules-10pcs\/\">Fraise Kiwi<\/a><\/li>\n<li><a href=\"https:\/\/fizzyvape.eu\/fr\/produit\/fizzy-nova-plus-blueberry-ice-40000-boules-10pcs\/\">Glace aux myrtilles<\/a><\/li>\n<li><a href=\"https:\/\/fizzyvape.eu\/fr\/produit\/fizzy-nova-plus-watermelon-ice-40000-boules-10pcs\/\">Glace \u00e0 la past\u00e8que<\/a><\/li>\n<li><a href=\"https:\/\/fizzyvape.eu\/fr\/produit\/fizzy-nova-plus-peche-mangue-pasteque-40000-bouffees-10pcs\/\">P\u00eache Mangue Past\u00e8que<\/a><\/li>\n<li><a href=\"https:\/\/fizzyvape.eu\/fr\/produit\/fizzy-nova-plus-kiwi-fruit-de-la-passion-goyave-40000-boules-10pcs\/\">Kiwi Fruit de la passion Goyave<\/a><\/li>\n<li><a href=\"https:\/\/fizzyvape.eu\/fr\/produit\/fizzy-nova-plus-framboise-citron-40000-bouffees-10pcs\/\">Framboise Citron<\/a><\/li>\n<li><a href=\"https:\/\/fizzyvape.eu\/fr\/produit\/fizzy-nova-plus-triple-berry-40000-bouffees-10pcs\/\">Triple baie<\/a><\/li>\n<li><a href=\"https:\/\/fizzyvape.eu\/fr\/produit\/fizzy-nova-plus-peach-ice-40000-bouffees-10pcs\/\">Glace \u00e0 la p\u00eache<\/a><\/li>\n<li><a href=\"https:\/\/fizzyvape.eu\/fr\/produit\/fizzy-nova-plus-raisin-citron-vert-40000-bouffees-10pcs\/\">Raisin Citron Vert<\/a><\/li>\n<li><a href=\"https:\/\/fizzyvape.eu\/fr\/produit\/fizzy-nova-plus-blue-razz-lemonade-40000-bouffees-10pcs\/\">Limonade Blue Razz<\/a><\/li>\n<li><a href=\"https:\/\/fizzyvape.eu\/fr\/produit\/fizzy-nova-plus-strawberry-ice-40000-boules-10pcs\/\">Glace \u00e0 la fraise<\/a><\/li>\n<li><a href=\"https:\/\/fizzyvape.eu\/fr\/produit\/fizzy-nova-plus-blueberry-coconut-40000-boules-10pcs\/\">Bleuet et noix de coco<\/a><\/li>\n<\/ol>\n<h3>FAQ &#8211; A propos de Fizzy Nova Plus 40k 40000 Puffs Vape<\/h3>\n<p><strong>1. Quelle est la dur\u00e9e de vie de Fizzy Nova Plus ?<\/strong><br \/>\nAvec jusqu&#8217;\u00e0 <strong>40 000 bouff\u00e9es<\/strong>, il dure environ trois fois plus longtemps que les vapes jetables ordinaires, ce qui en fait l&#8217;une des options les plus durables du march\u00e9.<\/p>\n<p><strong>2. Quelle est la rapidit\u00e9 d&#8217;exp\u00e9dition ?<\/strong><br \/>\nTous les produits sont exp\u00e9di\u00e9s depuis notre <strong>entrep\u00f4t europ\u00e9en<\/strong> dans un <strong>d\u00e9lai de 2 \u00e0 7 jours<\/strong>, en fonction de votre lieu de r\u00e9sidence.<\/p>\n<p><strong>3. Qu&#8217;est-ce qui le diff\u00e9rencie des autres vapes jetables ?<\/strong><br \/>\nIl combine <strong>40mL d&#8217;e-liquide<\/strong>, des <strong>bobines \u00e0 double maille<\/strong>, des <strong>modes intelligents<\/strong> et un <strong>\u00e9cran LED<\/strong>, offrant \u00e0 la fois performance et commodit\u00e9.<\/p>\n<p><strong>4. Quels sont les taux de nicotine disponibles ?<\/strong><br \/>\nVous pouvez choisir entre <strong>2 % (exp\u00e9rience douce)<\/strong> et <strong>5 % (forte sensation en gorge)<\/strong> en fonction de vos pr\u00e9f\u00e9rences.<\/p>\n<\/div>\n","protected":false},"excerpt":{"rendered":"<p>Le <strong>Fizzy Nova Plus 40,000 Puffs<\/strong> est plus qu&#8217;une simple vape jetable &#8211; c&#8217;est un <strong>appareil de longue dur\u00e9e, plein de saveurs et de haute performance<\/strong> qui garantit la satisfaction de la premi\u00e8re \u00e0 la derni\u00e8re bouff\u00e9e. Avec une <strong>livraison rapide en 2 \u00e0 7 jours<\/strong>, vous b\u00e9n\u00e9ficiez d&#8217;une qualit\u00e9 et d&#8217;une commodit\u00e9 de premier ordre, directement sur le pas de votre porte. <\/p>\n","protected":false},"featured_media":34195,"comment_status":"open","ping_status":"closed","template":"","meta":{"iawp_total_views":3},"product_brand":[],"product_cat":[355],"product_tag":[343,636],"class_list":{"0":"post-34319","1":"product","2":"type-product","3":"status-publish","4":"has-post-thumbnail","6":"product_cat-nova-plus-vape-jetable-40000-bouffees-fr","7":"product_tag-40000-bouffees","8":"product_tag-tous-les-parfums","10":"first","11":"outofstock","12":"sale","13":"shipping-taxable","14":"purchasable","15":"product-type-variable"},"yoast_head":"<!-- This site is optimized with the Yoast SEO Premium plugin v24.8 (Yoast SEO v27.4) - https:\/\/yoast.com\/product\/yoast-seo-premium-wordpress\/ -->\n<title>Fizzy Nova Plus 40000 Puffs Jetable Vape | Fast EU Shipping<\/title>\n<meta name=\"description\" content=\"Magasinez Fizzy Nova Plus 40000 Puffs avec 12 saveurs premium, dual mesh coils, et smart LED display. Exp\u00e9di\u00e9 depuis notre entrep\u00f4t europ\u00e9en avec un d\u00e9lai de livraison de 2 \u00e0 7 jours.\" \/>\n<meta name=\"robots\" content=\"index, follow, max-snippet:-1, max-image-preview:large, max-video-preview:-1\" \/>\n<link rel=\"canonical\" href=\"https:\/\/fizzyvape.eu\/fr\/produit\/fizzy-nova-plus-40k-40000-puffs-vape-jetable-10pcs-tous-les-parfums\/\" \/>\n<meta property=\"og:locale\" content=\"fr_FR\" \/>\n<meta property=\"og:type\" content=\"article\" \/>\n<meta property=\"og:title\" content=\"Fizzy Nova Plus 40k 40000 Puffs Vape jetable - 10pcs (Tous les parfums)\" \/>\n<meta property=\"og:description\" content=\"Magasinez Fizzy Nova Plus 40000 Puffs avec 12 saveurs premium, dual mesh coils, et smart LED display. Exp\u00e9di\u00e9 depuis notre entrep\u00f4t europ\u00e9en avec un d\u00e9lai de livraison de 2 \u00e0 7 jours.\" \/>\n<meta property=\"og:url\" content=\"https:\/\/fizzyvape.eu\/fr\/produit\/fizzy-nova-plus-40k-40000-puffs-vape-jetable-10pcs-tous-les-parfums\/\" \/>\n<meta property=\"og:site_name\" content=\"fizzyvape.eu\" \/>\n<meta property=\"article:modified_time\" content=\"2025-08-29T08:09:31+00:00\" \/>\n<meta property=\"og:image\" content=\"https:\/\/fizzyvape.eu\/wp-content\/uploads\/2025\/08\/Fizzy-Nova-Plus-40000-Puffs-Dual-Mode-Dual-Mesh-40K-2-5-Low-Nicotine-22-1.webp\" \/>\n\t<meta property=\"og:image:width\" content=\"600\" \/>\n\t<meta property=\"og:image:height\" content=\"600\" \/>\n\t<meta property=\"og:image:type\" content=\"image\/webp\" \/>\n<meta name=\"twitter:card\" content=\"summary_large_image\" \/>\n<meta name=\"twitter:label1\" content=\"Disponibilit\u00e9\" \/>\n\t<meta name=\"twitter:data1\" content=\"Rupture de stock\" \/>\n<script type=\"application\/ld+json\" class=\"yoast-schema-graph\">{\"@context\":\"https:\\\/\\\/schema.org\",\"@graph\":[{\"@type\":\"WebPage\",\"@id\":\"https:\\\/\\\/fizzyvape.eu\\\/fr\\\/produit\\\/fizzy-nova-plus-40k-40000-puffs-vape-jetable-10pcs-tous-les-parfums\\\/\",\"url\":\"https:\\\/\\\/fizzyvape.eu\\\/fr\\\/produit\\\/fizzy-nova-plus-40k-40000-puffs-vape-jetable-10pcs-tous-les-parfums\\\/\",\"name\":\"Fizzy Nova Plus 40000 Puffs Jetable Vape | Fast EU Shipping\",\"isPartOf\":{\"@id\":\"https:\\\/\\\/www.fizzyvape.eu\\\/fr\\\/#website\"},\"primaryImageOfPage\":{\"@id\":\"https:\\\/\\\/fizzyvape.eu\\\/fr\\\/produit\\\/fizzy-nova-plus-40k-40000-puffs-vape-jetable-10pcs-tous-les-parfums\\\/#primaryimage\"},\"image\":{\"@id\":\"https:\\\/\\\/fizzyvape.eu\\\/fr\\\/produit\\\/fizzy-nova-plus-40k-40000-puffs-vape-jetable-10pcs-tous-les-parfums\\\/#primaryimage\"},\"thumbnailUrl\":\"https:\\\/\\\/fizzyvape.eu\\\/wp-content\\\/uploads\\\/2025\\\/03\\\/fizzy-nova-plus-40000-40k-puffs-main-picture.jpg.webp\",\"datePublished\":\"2025-08-20T02:55:59+00:00\",\"dateModified\":\"2025-08-29T08:09:31+00:00\",\"description\":\"Magasinez Fizzy Nova Plus 40000 Puffs avec 12 saveurs premium, dual mesh coils, et smart LED display. Exp\u00e9di\u00e9 depuis notre entrep\u00f4t europ\u00e9en avec un d\u00e9lai de livraison de 2 \u00e0 7 jours.\",\"breadcrumb\":{\"@id\":\"https:\\\/\\\/fizzyvape.eu\\\/fr\\\/produit\\\/fizzy-nova-plus-40k-40000-puffs-vape-jetable-10pcs-tous-les-parfums\\\/#breadcrumb\"},\"inLanguage\":\"fr-FR\",\"potentialAction\":[{\"@type\":\"ReadAction\",\"target\":[\"https:\\\/\\\/fizzyvape.eu\\\/fr\\\/produit\\\/fizzy-nova-plus-40k-40000-puffs-vape-jetable-10pcs-tous-les-parfums\\\/\"]}]},{\"@type\":\"ImageObject\",\"inLanguage\":\"fr-FR\",\"@id\":\"https:\\\/\\\/fizzyvape.eu\\\/fr\\\/produit\\\/fizzy-nova-plus-40k-40000-puffs-vape-jetable-10pcs-tous-les-parfums\\\/#primaryimage\",\"url\":\"https:\\\/\\\/fizzyvape.eu\\\/wp-content\\\/uploads\\\/2025\\\/03\\\/fizzy-nova-plus-40000-40k-puffs-main-picture.jpg.webp\",\"contentUrl\":\"https:\\\/\\\/fizzyvape.eu\\\/wp-content\\\/uploads\\\/2025\\\/03\\\/fizzy-nova-plus-40000-40k-puffs-main-picture.jpg.webp\",\"width\":1920,\"height\":1920,\"caption\":\"fizzy-nova-plus-40000-40k-puffs-main-picture.jpg\"},{\"@type\":\"BreadcrumbList\",\"@id\":\"https:\\\/\\\/fizzyvape.eu\\\/fr\\\/produit\\\/fizzy-nova-plus-40k-40000-puffs-vape-jetable-10pcs-tous-les-parfums\\\/#breadcrumb\",\"itemListElement\":[{\"@type\":\"ListItem\",\"position\":1,\"name\":\"Home\",\"item\":\"https:\\\/\\\/fizzyvape.eu\\\/fr\\\/\"},{\"@type\":\"ListItem\",\"position\":2,\"name\":\"Boutique\",\"item\":\"https:\\\/\\\/www.fizzyvape.eu\\\/fr\\\/boutique\\\/\"},{\"@type\":\"ListItem\",\"position\":3,\"name\":\"Fizzy Nova Plus 40k 40000 Puffs Vape jetable &#8211; 10pcs (Tous les parfums)\"}]},{\"@type\":\"WebSite\",\"@id\":\"https:\\\/\\\/www.fizzyvape.eu\\\/fr\\\/#website\",\"url\":\"https:\\\/\\\/www.fizzyvape.eu\\\/fr\\\/\",\"name\":\"fizzyvape.eu\",\"description\":\"Refreshing Vapes. Unforgettable Taste.\",\"publisher\":{\"@id\":\"https:\\\/\\\/www.fizzyvape.eu\\\/fr\\\/#organization\"},\"potentialAction\":[{\"@type\":\"SearchAction\",\"target\":{\"@type\":\"EntryPoint\",\"urlTemplate\":\"https:\\\/\\\/www.fizzyvape.eu\\\/fr\\\/?s={search_term_string}\"},\"query-input\":{\"@type\":\"PropertyValueSpecification\",\"valueRequired\":true,\"valueName\":\"search_term_string\"}}],\"inLanguage\":\"fr-FR\"},{\"@type\":\"Organization\",\"@id\":\"https:\\\/\\\/www.fizzyvape.eu\\\/fr\\\/#organization\",\"name\":\"fizzyvape.eu\",\"url\":\"https:\\\/\\\/www.fizzyvape.eu\\\/fr\\\/\",\"logo\":{\"@type\":\"ImageObject\",\"inLanguage\":\"fr-FR\",\"@id\":\"https:\\\/\\\/www.fizzyvape.eu\\\/fr\\\/#\\\/schema\\\/logo\\\/image\\\/\",\"url\":\"https:\\\/\\\/fizzyvape.eu\\\/wp-content\\\/uploads\\\/2019\\\/06\\\/print-1.svg\",\"contentUrl\":\"https:\\\/\\\/fizzyvape.eu\\\/wp-content\\\/uploads\\\/2019\\\/06\\\/print-1.svg\",\"width\":124,\"height\":37,\"caption\":\"fizzyvape.eu\"},\"image\":{\"@id\":\"https:\\\/\\\/www.fizzyvape.eu\\\/fr\\\/#\\\/schema\\\/logo\\\/image\\\/\"}}]}<\/script>\n<meta property=\"og:availability\" content=\"out of stock\" \/>\n<meta property=\"product:availability\" content=\"out of stock\" \/>\n<meta property=\"product:condition\" content=\"new\" \/>\n<!-- \/ Yoast SEO Premium plugin. -->","yoast_head_json":{"title":"Fizzy Nova Plus 40000 Puffs Jetable Vape | Fast EU Shipping","description":"Magasinez Fizzy Nova Plus 40000 Puffs avec 12 saveurs premium, dual mesh coils, et smart LED display. Exp\u00e9di\u00e9 depuis notre entrep\u00f4t europ\u00e9en avec un d\u00e9lai de livraison de 2 \u00e0 7 jours.","robots":{"index":"index","follow":"follow","max-snippet":"max-snippet:-1","max-image-preview":"max-image-preview:large","max-video-preview":"max-video-preview:-1"},"canonical":"https:\/\/fizzyvape.eu\/fr\/produit\/fizzy-nova-plus-40k-40000-puffs-vape-jetable-10pcs-tous-les-parfums\/","og_locale":"fr_FR","og_type":"article","og_title":"Fizzy Nova Plus 40k 40000 Puffs Vape jetable - 10pcs (Tous les parfums)","og_description":"Magasinez Fizzy Nova Plus 40000 Puffs avec 12 saveurs premium, dual mesh coils, et smart LED display. Exp\u00e9di\u00e9 depuis notre entrep\u00f4t europ\u00e9en avec un d\u00e9lai de livraison de 2 \u00e0 7 jours.","og_url":"https:\/\/fizzyvape.eu\/fr\/produit\/fizzy-nova-plus-40k-40000-puffs-vape-jetable-10pcs-tous-les-parfums\/","og_site_name":"fizzyvape.eu","article_modified_time":"2025-08-29T08:09:31+00:00","og_image":[{"width":600,"height":600,"url":"https:\/\/fizzyvape.eu\/wp-content\/uploads\/2025\/08\/Fizzy-Nova-Plus-40000-Puffs-Dual-Mode-Dual-Mesh-40K-2-5-Low-Nicotine-22-1.webp","type":"image\/webp"}],"twitter_card":"summary_large_image","twitter_misc":{"Disponibilit\u00e9":"Rupture de stock"},"schema":{"@context":"https:\/\/schema.org","@graph":[{"@type":"WebPage","@id":"https:\/\/fizzyvape.eu\/fr\/produit\/fizzy-nova-plus-40k-40000-puffs-vape-jetable-10pcs-tous-les-parfums\/","url":"https:\/\/fizzyvape.eu\/fr\/produit\/fizzy-nova-plus-40k-40000-puffs-vape-jetable-10pcs-tous-les-parfums\/","name":"Fizzy Nova Plus 40000 Puffs Jetable Vape | Fast EU Shipping","isPartOf":{"@id":"https:\/\/www.fizzyvape.eu\/fr\/#website"},"primaryImageOfPage":{"@id":"https:\/\/fizzyvape.eu\/fr\/produit\/fizzy-nova-plus-40k-40000-puffs-vape-jetable-10pcs-tous-les-parfums\/#primaryimage"},"image":{"@id":"https:\/\/fizzyvape.eu\/fr\/produit\/fizzy-nova-plus-40k-40000-puffs-vape-jetable-10pcs-tous-les-parfums\/#primaryimage"},"thumbnailUrl":"https:\/\/fizzyvape.eu\/wp-content\/uploads\/2025\/03\/fizzy-nova-plus-40000-40k-puffs-main-picture.jpg.webp","datePublished":"2025-08-20T02:55:59+00:00","dateModified":"2025-08-29T08:09:31+00:00","description":"Magasinez Fizzy Nova Plus 40000 Puffs avec 12 saveurs premium, dual mesh coils, et smart LED display. Exp\u00e9di\u00e9 depuis notre entrep\u00f4t europ\u00e9en avec un d\u00e9lai de livraison de 2 \u00e0 7 jours.","breadcrumb":{"@id":"https:\/\/fizzyvape.eu\/fr\/produit\/fizzy-nova-plus-40k-40000-puffs-vape-jetable-10pcs-tous-les-parfums\/#breadcrumb"},"inLanguage":"fr-FR","potentialAction":[{"@type":"ReadAction","target":["https:\/\/fizzyvape.eu\/fr\/produit\/fizzy-nova-plus-40k-40000-puffs-vape-jetable-10pcs-tous-les-parfums\/"]}]},{"@type":"ImageObject","inLanguage":"fr-FR","@id":"https:\/\/fizzyvape.eu\/fr\/produit\/fizzy-nova-plus-40k-40000-puffs-vape-jetable-10pcs-tous-les-parfums\/#primaryimage","url":"https:\/\/fizzyvape.eu\/wp-content\/uploads\/2025\/03\/fizzy-nova-plus-40000-40k-puffs-main-picture.jpg.webp","contentUrl":"https:\/\/fizzyvape.eu\/wp-content\/uploads\/2025\/03\/fizzy-nova-plus-40000-40k-puffs-main-picture.jpg.webp","width":1920,"height":1920,"caption":"fizzy-nova-plus-40000-40k-puffs-main-picture.jpg"},{"@type":"BreadcrumbList","@id":"https:\/\/fizzyvape.eu\/fr\/produit\/fizzy-nova-plus-40k-40000-puffs-vape-jetable-10pcs-tous-les-parfums\/#breadcrumb","itemListElement":[{"@type":"ListItem","position":1,"name":"Home","item":"https:\/\/fizzyvape.eu\/fr\/"},{"@type":"ListItem","position":2,"name":"Boutique","item":"https:\/\/www.fizzyvape.eu\/fr\/boutique\/"},{"@type":"ListItem","position":3,"name":"Fizzy Nova Plus 40k 40000 Puffs Vape jetable &#8211; 10pcs (Tous les parfums)"}]},{"@type":"WebSite","@id":"https:\/\/www.fizzyvape.eu\/fr\/#website","url":"https:\/\/www.fizzyvape.eu\/fr\/","name":"fizzyvape.eu","description":"Refreshing Vapes. Unforgettable Taste.","publisher":{"@id":"https:\/\/www.fizzyvape.eu\/fr\/#organization"},"potentialAction":[{"@type":"SearchAction","target":{"@type":"EntryPoint","urlTemplate":"https:\/\/www.fizzyvape.eu\/fr\/?s={search_term_string}"},"query-input":{"@type":"PropertyValueSpecification","valueRequired":true,"valueName":"search_term_string"}}],"inLanguage":"fr-FR"},{"@type":"Organization","@id":"https:\/\/www.fizzyvape.eu\/fr\/#organization","name":"fizzyvape.eu","url":"https:\/\/www.fizzyvape.eu\/fr\/","logo":{"@type":"ImageObject","inLanguage":"fr-FR","@id":"https:\/\/www.fizzyvape.eu\/fr\/#\/schema\/logo\/image\/","url":"https:\/\/fizzyvape.eu\/wp-content\/uploads\/2019\/06\/print-1.svg","contentUrl":"https:\/\/fizzyvape.eu\/wp-content\/uploads\/2019\/06\/print-1.svg","width":124,"height":37,"caption":"fizzyvape.eu"},"image":{"@id":"https:\/\/www.fizzyvape.eu\/fr\/#\/schema\/logo\/image\/"}}]},"og_availability":"out of stock","product_availability":"out of stock","product_condition":"new"},"tiered_pricing_type":"fixed","tiered_pricing_fixed_rules":[],"tiered_pricing_product_settings":{"layout":"default","base_unit_name":{"singular":null,"plural":null},"default_variation":null},"tiered_pricing_minimum_quantity":null,"tiered_pricing_roles_data":[],"tiered_pricing_percentage_rules":[],"tiered_pricing_maximum_quantity":null,"tiered_pricing_quantity_step":null,"_links":{"self":[{"href":"https:\/\/fizzyvape.eu\/fr\/wp-json\/wp\/v2\/product\/34319","targetHints":{"allow":["GET"]}}],"collection":[{"href":"https:\/\/fizzyvape.eu\/fr\/wp-json\/wp\/v2\/product"}],"about":[{"href":"https:\/\/fizzyvape.eu\/fr\/wp-json\/wp\/v2\/types\/product"}],"replies":[{"embeddable":true,"href":"https:\/\/fizzyvape.eu\/fr\/wp-json\/wp\/v2\/comments?post=34319"}],"version-history":[{"count":1,"href":"https:\/\/fizzyvape.eu\/fr\/wp-json\/wp\/v2\/product\/34319\/revisions"}],"predecessor-version":[{"id":35203,"href":"https:\/\/fizzyvape.eu\/fr\/wp-json\/wp\/v2\/product\/34319\/revisions\/35203"}],"wp:featuredmedia":[{"embeddable":true,"href":"https:\/\/fizzyvape.eu\/fr\/wp-json\/wp\/v2\/media\/34195"}],"wp:attachment":[{"href":"https:\/\/fizzyvape.eu\/fr\/wp-json\/wp\/v2\/media?parent=34319"}],"wp:term":[{"taxonomy":"product_brand","embeddable":true,"href":"https:\/\/fizzyvape.eu\/fr\/wp-json\/wp\/v2\/product_brand?post=34319"},{"taxonomy":"product_cat","embeddable":true,"href":"https:\/\/fizzyvape.eu\/fr\/wp-json\/wp\/v2\/product_cat?post=34319"},{"taxonomy":"product_tag","embeddable":true,"href":"https:\/\/fizzyvape.eu\/fr\/wp-json\/wp\/v2\/product_tag?post=34319"}],"curies":[{"name":"wp","href":"https:\/\/api.w.org\/{rel}","templated":true}]}}